{"id":318959,"date":"2021-02-15T22:28:55","date_gmt":"2021-02-15T21:28:55","guid":{"rendered":"https:\/\/www.justvape.nu\/produkt\/aspire-debardeur-odan-evo-2ml\/"},"modified":"2024-04-09T15:49:06","modified_gmt":"2024-04-09T13:49:06","slug":"aspire-odan-evo-2ml","status":"publish","type":"product","link":"https:\/\/justvape.nu\/fr\/produkt\/aspire-odan-evo-2ml\/","title":{"rendered":"Aspire &#8211; D\u00e9bardeur Odan Evo 2ml"},"content":{"rendered":"<h2>Aspire &#8211; D\u00e9bardeur Odan Evo 2ml<\/h2>\n<p>&nbsp;<\/p>\n<p>Le r\u00e9servoir Aspire Odan EVO est un r\u00e9servoir sub-ohm \u00e0 la pointe de la technologie compatible avec tous les mods. Le r\u00e9servoir a une capacit\u00e9 d&rsquo;e-liquide de 2 ml et il dispose d&rsquo;un syst\u00e8me de remplissage facile par le haut pour faciliter le processus de remplissage. Avec un flux d&rsquo;air r\u00e9glable par le bas, le r\u00e9servoir Odan evo vous permet de personnaliser votre exp\u00e9rience de vapotage. Vous pouvez choisir entre un tirage plus serr\u00e9 ou un tirage plus a\u00e9rien avec une simple torsion d&rsquo;anneau. Quoi qu&rsquo;il en soit, cela vous fournira une excellente production de nuages et d&rsquo;ar\u00f4mes. Le r\u00e9servoir Odan EVO est compatible avec les r\u00e9sistances Odan, qui sont parfaites pour le vapotage sub-ohm.<\/p>\n<p><img loading=\"lazy\" decoding=\"async\" class=\"alignnone size-full wp-image-19187\" src=\"https:\/\/www.justvape.nu\/wp-content\/uploads\/2018\/05\/Color-Schemes.png\" alt=\"\" width=\"950\" height=\"64\" title=\"\" srcset=\"https:\/\/justvape.nu\/wp-content\/uploads\/2018\/05\/Color-Schemes.png 950w, https:\/\/justvape.nu\/wp-content\/uploads\/2018\/05\/Color-Schemes-555x37.png 555w, https:\/\/justvape.nu\/wp-content\/uploads\/2018\/05\/Color-Schemes-64x4.png 64w, https:\/\/justvape.nu\/wp-content\/uploads\/2018\/05\/Color-Schemes-300x20.png 300w, https:\/\/justvape.nu\/wp-content\/uploads\/2018\/05\/Color-Schemes-768x52.png 768w\" sizes=\"auto, (max-width: 950px) 100vw, 950px\" \/><\/p>\n<p><img loading=\"lazy\" decoding=\"async\" class=\"alignnone size-full wp-image-317642\" src=\"https:\/\/www.justvape.nu\/wp-content\/uploads\/2021\/02\/aspire-odan-evo-color-justvape.jpg\" alt=\"\" width=\"950\" height=\"392\" title=\"\" srcset=\"https:\/\/justvape.nu\/wp-content\/uploads\/2021\/02\/aspire-odan-evo-color-justvape.jpg 950w, https:\/\/justvape.nu\/wp-content\/uploads\/2021\/02\/aspire-odan-evo-color-justvape-600x248.jpg 600w, https:\/\/justvape.nu\/wp-content\/uploads\/2021\/02\/aspire-odan-evo-color-justvape-64x26.jpg 64w, https:\/\/justvape.nu\/wp-content\/uploads\/2021\/02\/aspire-odan-evo-color-justvape-300x124.jpg 300w, https:\/\/justvape.nu\/wp-content\/uploads\/2021\/02\/aspire-odan-evo-color-justvape-768x317.jpg 768w\" sizes=\"auto, (max-width: 950px) 100vw, 950px\" \/><\/p>\n<p><img loading=\"lazy\" decoding=\"async\" class=\"alignnone size-full wp-image-18994\" src=\"https:\/\/www.justvape.nu\/wp-content\/uploads\/2018\/05\/Features.png\" alt=\"\" width=\"950\" height=\"64\" title=\"\" srcset=\"https:\/\/justvape.nu\/wp-content\/uploads\/2018\/05\/Features.png 950w, https:\/\/justvape.nu\/wp-content\/uploads\/2018\/05\/Features-555x37.png 555w, https:\/\/justvape.nu\/wp-content\/uploads\/2018\/05\/Features-64x4.png 64w, https:\/\/justvape.nu\/wp-content\/uploads\/2018\/05\/Features-300x20.png 300w, https:\/\/justvape.nu\/wp-content\/uploads\/2018\/05\/Features-768x52.png 768w\" sizes=\"auto, (max-width: 950px) 100vw, 950px\" \/><\/p>\n<p><strong>Caract\u00e9ristiques:<\/strong><br \/>\n26 mm de diam\u00e8tre<br \/>\nCapacit\u00e9 du r\u00e9servoir rechargeable de 2 ml<br \/>\nRenfort en verre Pyrex<br \/>\nConstruction sup\u00e9rieure en acier inoxydable 304<br \/>\nSyst\u00e8me de remplissage sup\u00e9rieur &#8211; quart de tour<br \/>\nS\u00e9rie de bobines Aspire ODAN<br \/>\nBobines de maille 0.3ohm<br \/>\nBobines de maille 0.18ohm<br \/>\nInstallation de la bobine press-fit<br \/>\nAnneau de contr\u00f4le du flux d&rsquo;air inf\u00e9rieur \u00e0 double fente<br \/>\nConnexion 510 filet\u00e9e<br \/>\nDisponible en acier inoxydable<\/p>\n<p><img loading=\"lazy\" decoding=\"async\" class=\"alignnone size-full wp-image-317651\" src=\"https:\/\/www.justvape.nu\/wp-content\/uploads\/2021\/02\/aspire-odan-evo-specification-justvape.png\" alt=\"\" width=\"950\" height=\"513\" title=\"\" srcset=\"https:\/\/justvape.nu\/wp-content\/uploads\/2021\/02\/aspire-odan-evo-specification-justvape.png 950w, https:\/\/justvape.nu\/wp-content\/uploads\/2021\/02\/aspire-odan-evo-specification-justvape-600x324.png 600w, https:\/\/justvape.nu\/wp-content\/uploads\/2021\/02\/aspire-odan-evo-specification-justvape-64x35.png 64w, https:\/\/justvape.nu\/wp-content\/uploads\/2021\/02\/aspire-odan-evo-specification-justvape-300x162.png 300w, https:\/\/justvape.nu\/wp-content\/uploads\/2021\/02\/aspire-odan-evo-specification-justvape-768x415.png 768w\" sizes=\"auto, (max-width: 950px) 100vw, 950px\" \/><\/p>\n<p><img loading=\"lazy\" decoding=\"async\" class=\"alignnone size-full wp-image-317660\" src=\"https:\/\/www.justvape.nu\/wp-content\/uploads\/2021\/02\/aspire-odan-evo-filling-justvape.jpg\" alt=\"\" width=\"950\" height=\"550\" title=\"\" srcset=\"https:\/\/justvape.nu\/wp-content\/uploads\/2021\/02\/aspire-odan-evo-filling-justvape.jpg 950w, https:\/\/justvape.nu\/wp-content\/uploads\/2021\/02\/aspire-odan-evo-filling-justvape-600x347.jpg 600w, https:\/\/justvape.nu\/wp-content\/uploads\/2021\/02\/aspire-odan-evo-filling-justvape-64x37.jpg 64w, https:\/\/justvape.nu\/wp-content\/uploads\/2021\/02\/aspire-odan-evo-filling-justvape-300x174.jpg 300w, https:\/\/justvape.nu\/wp-content\/uploads\/2021\/02\/aspire-odan-evo-filling-justvape-768x445.jpg 768w\" sizes=\"auto, (max-width: 950px) 100vw, 950px\" \/><\/p>\n<p><img loading=\"lazy\" decoding=\"async\" class=\"alignnone size-full wp-image-18999\" src=\"https:\/\/www.justvape.nu\/wp-content\/uploads\/2018\/04\/Packing-List.png\" alt=\"\" width=\"950\" height=\"64\" title=\"\" srcset=\"https:\/\/justvape.nu\/wp-content\/uploads\/2018\/04\/Packing-List.png 950w, https:\/\/justvape.nu\/wp-content\/uploads\/2018\/04\/Packing-List-555x37.png 555w, https:\/\/justvape.nu\/wp-content\/uploads\/2018\/04\/Packing-List-64x4.png 64w, https:\/\/justvape.nu\/wp-content\/uploads\/2018\/04\/Packing-List-300x20.png 300w, https:\/\/justvape.nu\/wp-content\/uploads\/2018\/04\/Packing-List-768x52.png 768w\" sizes=\"auto, (max-width: 950px) 100vw, 950px\" \/><\/p>\n<ul>\n<li>1 x r\u00e9servoir Odan EVO<\/li>\n<li>1 x Odan Mesh Coil 0.3 (pr\u00e9install\u00e9)<\/li>\n<li>1 x bobine de maille Odan 0.18\u03a9<\/li>\n<li>1 x manuel de l&rsquo;utilisateur<\/li>\n<li>1 x ensemble de joints toriques<\/li>\n<\/ul>\n","protected":false},"excerpt":{"rendered":"<p>Aspire &#8211; D\u00e9bardeur Odan Evo 2ml<\/p>\n","protected":false},"featured_media":317678,"comment_status":"open","ping_status":"closed","template":"","meta":{"_acf_changed":false,"_uag_custom_page_level_css":"","site-sidebar-layout":"default","site-content-layout":"default","ast-site-content-layout":"default","site-content-style":"default","site-sidebar-style":"default","ast-global-header-display":"","ast-banner-title-visibility":"","ast-main-header-display":"","ast-hfb-above-header-display":"","ast-hfb-below-header-display":"","ast-hfb-mobile-header-display":"","site-post-title":"","ast-breadcrumbs-content":"","ast-featured-img":"","footer-sml-layout":"","ast-disable-related-posts":"","theme-transparent-header-meta":"default","adv-header-id-meta":"","stick-header-meta":"default","header-above-stick-meta":"","header-main-stick-meta":"","header-below-stick-meta":"","astra-migrate-meta-layouts":"default","ast-page-background-enabled":"default","ast-page-background-meta":{"desktop":{"background-color":"","background-image":"","background-repeat":"repeat","background-position":"center center","background-size":"auto","background-attachment":"scroll","background-type":"","background-media":"","overlay-type":"","overlay-color":"","overlay-opacity":"","overlay-gradient":""},"tablet":{"background-color":"","background-image":"","background-repeat":"repeat","background-position":"center center","background-size":"auto","background-attachment":"scroll","background-type":"","background-media":"","overlay-type":"","overlay-color":"","overlay-opacity":"","overlay-gradient":""},"mobile":{"background-color":"","background-image":"","background-repeat":"repeat","background-position":"center center","background-size":"auto","background-attachment":"scroll","background-type":"","background-media":"","overlay-type":"","overlay-color":"","overlay-opacity":"","overlay-gradient":""}},"ast-content-background-meta":{"desktop":{"background-color":"var(--ast-global-color-5)","background-image":"","background-repeat":"repeat","background-position":"center center","background-size":"auto","background-attachment":"scroll","background-type":"","background-media":"","overlay-type":"","overlay-color":"","overlay-opacity":"","overlay-gradient":""},"tablet":{"background-color":"var(--ast-global-color-5)","background-image":"","background-repeat":"repeat","background-position":"center center","background-size":"auto","background-attachment":"scroll","background-type":"","background-media":"","overlay-type":"","overlay-color":"","overlay-opacity":"","overlay-gradient":""},"mobile":{"background-color":"var(--ast-global-color-5)","background-image":"","background-repeat":"repeat","background-position":"center center","background-size":"auto","background-attachment":"scroll","background-type":"","background-media":"","overlay-type":"","overlay-color":"","overlay-opacity":"","overlay-gradient":""}}},"product_brand":[],"product_cat":[3189,1966,2508,2036,1976,2509],"product_tag":[],"class_list":{"0":"post-318959","1":"product","2":"type-product","3":"status-publish","4":"has-post-thumbnail","6":"product_cat-aspirer","7":"product_cat-des-offres","8":"product_cat-hardware-fr","9":"product_cat-reservoirs","10":"product_cat-reservoirs-et-bobines","11":"product_cat-shop-by-brand-fr","12":"desktop-align-center","13":"tablet-align-center","14":"mobile-align-center","15":"ast-product-gallery-layout-horizontal-slider","16":"ast-product-gallery-with-no-image","17":"ast-product-single-variable","18":"ast-product-tabs-layout-horizontal","20":"first","21":"instock","22":"sale","23":"taxable","24":"shipping-taxable","25":"purchasable","26":"product-type-variable"},"acf":[],"uagb_featured_image_src":{"full":["https:\/\/justvape.nu\/wp-content\/uploads\/2021\/02\/OdenEvo5_justvape.jpg",800,800,false],"thumbnail":["https:\/\/justvape.nu\/wp-content\/uploads\/2021\/02\/OdenEvo5_justvape-150x150.jpg",150,150,true],"medium":["https:\/\/justvape.nu\/wp-content\/uploads\/2021\/02\/OdenEvo5_justvape-300x300.jpg",300,300,true],"medium_large":["https:\/\/justvape.nu\/wp-content\/uploads\/2021\/02\/OdenEvo5_justvape-768x768.jpg",768,768,true],"large":["https:\/\/justvape.nu\/wp-content\/uploads\/2021\/02\/OdenEvo5_justvape.jpg",800,800,false],"1536x1536":["https:\/\/justvape.nu\/wp-content\/uploads\/2021\/02\/OdenEvo5_justvape.jpg",800,800,false],"2048x2048":["https:\/\/justvape.nu\/wp-content\/uploads\/2021\/02\/OdenEvo5_justvape.jpg",800,800,false],"woocommerce_thumbnail":["https:\/\/justvape.nu\/wp-content\/uploads\/2021\/02\/OdenEvo5_justvape-300x300.jpg",300,300,true],"woocommerce_single":["https:\/\/justvape.nu\/wp-content\/uploads\/2021\/02\/OdenEvo5_justvape-600x600.jpg",600,600,true],"woocommerce_gallery_thumbnail":["https:\/\/justvape.nu\/wp-content\/uploads\/2021\/02\/OdenEvo5_justvape-100x100.jpg",100,100,true],"dgwt-wcas-product-suggestion":["https:\/\/justvape.nu\/wp-content\/uploads\/2021\/02\/OdenEvo5_justvape-64x64.jpg",64,64,true]},"uagb_author_info":{"display_name":"JustVape.nu","author_link":"https:\/\/justvape.nu\/fr\/author\/"},"uagb_comment_info":0,"uagb_excerpt":"Aspire - D\u00e9bardeur Odan Evo 2ml","_links":{"self":[{"href":"https:\/\/justvape.nu\/fr\/wp-json\/wp\/v2\/product\/318959","targetHints":{"allow":["GET"]}}],"collection":[{"href":"https:\/\/justvape.nu\/fr\/wp-json\/wp\/v2\/product"}],"about":[{"href":"https:\/\/justvape.nu\/fr\/wp-json\/wp\/v2\/types\/product"}],"replies":[{"embeddable":true,"href":"https:\/\/justvape.nu\/fr\/wp-json\/wp\/v2\/comments?post=318959"}],"wp:featuredmedia":[{"embeddable":true,"href":"https:\/\/justvape.nu\/fr\/wp-json\/wp\/v2\/media\/317678"}],"wp:attachment":[{"href":"https:\/\/justvape.nu\/fr\/wp-json\/wp\/v2\/media?parent=318959"}],"wp:term":[{"taxonomy":"product_brand","embeddable":true,"href":"https:\/\/justvape.nu\/fr\/wp-json\/wp\/v2\/product_brand?post=318959"},{"taxonomy":"product_cat","embeddable":true,"href":"https:\/\/justvape.nu\/fr\/wp-json\/wp\/v2\/product_cat?post=318959"},{"taxonomy":"product_tag","embeddable":true,"href":"https:\/\/justvape.nu\/fr\/wp-json\/wp\/v2\/product_tag?post=318959"}],"curies":[{"name":"wp","href":"https:\/\/api.w.org\/{rel}","templated":true}]}}