{"id":414330,"date":"2021-12-14T10:55:38","date_gmt":"2021-12-14T09:55:38","guid":{"rendered":"https:\/\/justvape.nu\/?page_id=414330"},"modified":"2021-12-29T13:54:38","modified_gmt":"2021-12-29T12:54:38","slug":"faq-sur-lexpedition","status":"publish","type":"page","link":"https:\/\/justvape.nu\/fr\/faq-sur-lexpedition\/","title":{"rendered":"FAQ sur l&rsquo;exp\u00e9dition"},"content":{"rendered":"<p><strong>Vous pouvez suivre votre commande en cliquant sur l&rsquo;option d&rsquo;exp\u00e9dition choisie. Il vous suffit de copier le code de suivi et de cliquer sur l&rsquo;option d&rsquo;exp\u00e9dition s\u00e9lectionn\u00e9e.<\/strong><\/p>\n<p><a href=\"https:\/\/www.dhl.com\/en\/express\/tracking.html\" target=\"_blank\" rel=\"nofollow noopener\"><strong>DHL<\/strong><\/a><\/p>\n<p><a href=\"https:\/\/tracking.packeta.com\/en\/tracking\/search\" target=\"_blank\" rel=\"nofollow noopener\"><strong>Packeta<\/strong><\/a><\/p>\n<p><a href=\"https:\/\/www.asendia.com\/\" target=\"_blank\" rel=\"nofollow noopener\"><strong>Asendia<\/strong><\/a><\/p>\n<p><a href=\"https:\/\/postnl.post\/\" target=\"_blank\" rel=\"nofollow noopener\"><strong>POST NL<\/strong><\/a><\/p>\n<p><strong><a href=\"https:\/\/www.theupsstore.com\/tools\/track-a-package\" target=\"_blank\" rel=\"nofollow noopener\">UPS<\/a><\/strong><\/p>\n<p><strong><a href=\"https:\/\/www.sps-sro.sk\/en\/Welcome-to-the-SPS.html\" target=\"_blank\" rel=\"noopener\">SPS<\/a><\/strong><\/p>\n<p><strong>DHL<\/strong>: Si vous avez choisi DHL \/ DHL Express, vous pouvez g\u00e9rer votre envoi avec l&rsquo;APP officiel de DHL \/ DHL Express. Vous pouvez y modifier l&rsquo;option de livraison vers l&rsquo;un des nombreux points de service de DHL si vous n&rsquo;\u00eates pas chez vous au moment o\u00f9 DHL vient livrer le colis.<\/p>\n<p><strong>Asendia : <\/strong>Avec Asendia, vous ne pourrez pas suivre le colis pendant les 2 ou 3 premiers jours ouvrables en raison du transport du colis de notre entrep\u00f4t au centre de tri d&rsquo;Asendia en Allemagne. Quand Asendia le recevra, vous pourrez voir les mises \u00e0 jour du colis \u00e0 partir de ce moment.<\/p>\n<p><strong>Tous les services postaux :<\/strong> Avec la poste, vous pouvez suivre votre colis avec Packeta jusqu&rsquo;\u00e0 ce que votre colis arrive dans votre pays. Le suivi donn\u00e9 par la poste ne fonctionnera pas avant que le colis n&rsquo;arrive au service postal s\u00e9lectionn\u00e9 dans votre pays. Une fois arriv\u00e9 au service postal s\u00e9lectionn\u00e9, vous pouvez le suivre via le service s\u00e9lectionn\u00e9. Veuillez noter qu&rsquo;il est normal que le colis ne soit pas mis \u00e0 jour par le centre de tri de Prague jusqu&rsquo;\u00e0 ce qu&rsquo;il arrive dans votre pays. Cela prend normalement 2 \u00e0 3 jours ouvrables avant que le colis transport\u00e9 par le centre de tri postal de Prague n&rsquo;arrive dans votre pays.<\/p>\n","protected":false},"excerpt":{"rendered":"<p>Vous pouvez suivre votre commande en cliquant sur l&rsquo;option d&rsquo;exp\u00e9dition choisie. Il vous suffit de copier le code de suivi et de cliquer sur l&rsquo;option d&rsquo;exp\u00e9dition s\u00e9lectionn\u00e9e. DHL Packeta Asendia POST NL UPS SPS DHL: Si vous avez choisi DHL \/ DHL Express, vous pouvez g\u00e9rer votre envoi avec l&rsquo;APP officiel de DHL \/ DHL [&hellip;]<\/p>\n","protected":false},"author":7016,"featured_media":0,"parent":0,"menu_order":0,"comment_status":"closed","ping_status":"closed","template":"","meta":{"_acf_changed":false,"_uag_custom_page_level_css":"","site-sidebar-layout":"default","site-content-layout":"default","ast-site-content-layout":"default","site-content-style":"default","site-sidebar-style":"default","ast-global-header-display":"","ast-banner-title-visibility":"","ast-main-header-display":"","ast-hfb-above-header-display":"","ast-hfb-below-header-display":"","ast-hfb-mobile-header-display":"","site-post-title":"","ast-breadcrumbs-content":"","ast-featured-img":"","footer-sml-layout":"","ast-disable-related-posts":"","theme-transparent-header-meta":"default","adv-header-id-meta":"","stick-header-meta":"default","header-above-stick-meta":"","header-main-stick-meta":"","header-below-stick-meta":"","astra-migrate-meta-layouts":"default","ast-page-background-enabled":"default","ast-page-background-meta":{"desktop":{"background-color":"","background-image":"","background-repeat":"repeat","background-position":"center center","background-size":"auto","background-attachment":"scroll","background-type":"","background-media":"","overlay-type":"","overlay-color":"","overlay-opacity":"","overlay-gradient":""},"tablet":{"background-color":"","background-image":"","background-repeat":"repeat","background-position":"center center","background-size":"auto","background-attachment":"scroll","background-type":"","background-media":"","overlay-type":"","overlay-color":"","overlay-opacity":"","overlay-gradient":""},"mobile":{"background-color":"","background-image":"","background-repeat":"repeat","background-position":"center center","background-size":"auto","background-attachment":"scroll","background-type":"","background-media":"","overlay-type":"","overlay-color":"","overlay-opacity":"","overlay-gradient":""}},"ast-content-background-meta":{"desktop":{"background-color":"var(--ast-global-color-5)","background-image":"","background-repeat":"repeat","background-position":"center center","background-size":"auto","background-attachment":"scroll","background-type":"","background-media":"","overlay-type":"","overlay-color":"","overlay-opacity":"","overlay-gradient":""},"tablet":{"background-color":"var(--ast-global-color-5)","background-image":"","background-repeat":"repeat","background-position":"center center","background-size":"auto","background-attachment":"scroll","background-type":"","background-media":"","overlay-type":"","overlay-color":"","overlay-opacity":"","overlay-gradient":""},"mobile":{"background-color":"var(--ast-global-color-5)","background-image":"","background-repeat":"repeat","background-position":"center center","background-size":"auto","background-attachment":"scroll","background-type":"","background-media":"","overlay-type":"","overlay-color":"","overlay-opacity":"","overlay-gradient":""}},"footnotes":""},"class_list":["post-414330","page","type-page","status-publish","hentry"],"acf":[],"uagb_featured_image_src":{"full":false,"thumbnail":false,"medium":false,"medium_large":false,"large":false,"1536x1536":false,"2048x2048":false,"woocommerce_thumbnail":false,"woocommerce_single":false,"woocommerce_gallery_thumbnail":false,"dgwt-wcas-product-suggestion":false},"uagb_author_info":{"display_name":"Fenilft","author_link":"https:\/\/justvape.nu\/fr\/author\/fenilft\/"},"uagb_comment_info":0,"uagb_excerpt":"Vous pouvez suivre votre commande en cliquant sur l&rsquo;option d&rsquo;exp\u00e9dition choisie. Il vous suffit de copier le code de suivi et de cliquer sur l&rsquo;option d&rsquo;exp\u00e9dition s\u00e9lectionn\u00e9e. DHL Packeta Asendia POST NL UPS SPS DHL: Si vous avez choisi DHL \/ DHL Express, vous pouvez g\u00e9rer votre envoi avec l&rsquo;APP officiel de DHL \/ DHL\u2026","_links":{"self":[{"href":"https:\/\/justvape.nu\/fr\/wp-json\/wp\/v2\/pages\/414330","targetHints":{"allow":["GET"]}}],"collection":[{"href":"https:\/\/justvape.nu\/fr\/wp-json\/wp\/v2\/pages"}],"about":[{"href":"https:\/\/justvape.nu\/fr\/wp-json\/wp\/v2\/types\/page"}],"author":[{"embeddable":true,"href":"https:\/\/justvape.nu\/fr\/wp-json\/wp\/v2\/users\/7016"}],"replies":[{"embeddable":true,"href":"https:\/\/justvape.nu\/fr\/wp-json\/wp\/v2\/comments?post=414330"}],"version-history":[{"count":0,"href":"https:\/\/justvape.nu\/fr\/wp-json\/wp\/v2\/pages\/414330\/revisions"}],"wp:attachment":[{"href":"https:\/\/justvape.nu\/fr\/wp-json\/wp\/v2\/media?parent=414330"}],"curies":[{"name":"wp","href":"https:\/\/api.w.org\/{rel}","templated":true}]}}