{"id":212059,"date":"2018-01-03T13:15:25","date_gmt":"2018-01-03T12:15:25","guid":{"rendered":"https:\/\/www.justvape.nu\/kurv\/"},"modified":"2021-11-08T13:37:17","modified_gmt":"2021-11-08T12:37:17","slug":"kurvs","status":"publish","type":"page","link":"https:\/\/justvape.nu\/fr\/kurvs\/","title":{"rendered":"Panier"},"content":{"rendered":"<p><strong>Votre panier<\/strong><\/p>\n<p>Ici, vous pouvez voir votre commande et choisir l\u2019exp\u00e9dition avant d\u2019aller \u00e0 la caisse.<\/p>\n<p><strong>UE :<\/strong><\/p>\n<div class=\"o9v6fnle cxmmr5t8 oygrvhab hcukyx3x c1et5uql ii04i59q\">\n<div dir=\"auto\"><strong>DHL EXPRESS<\/strong>: Livr\u00e9 apr\u00e8s 1-2 jours n&rsquo;importe o\u00f9 dans l&rsquo;UE (si la commande est plac\u00e9e avant 12:00) ! Cette option d&rsquo;exp\u00e9dition est fortement recommand\u00e9e et est sans doute la meilleure option d&rsquo;exp\u00e9dition que vous pouvez obtenir dans le monde entier, personne ne peut battre les solutions DHL Express en termes de rapidit\u00e9 et de qualit\u00e9 !<\/div>\n<\/div>\n<div class=\"o9v6fnle cxmmr5t8 oygrvhab hcukyx3x c1et5uql ii04i59q\">\n<div dir=\"auto\"><\/div>\n<div dir=\"auto\"><strong>UPS :<\/strong> D\u00e9lai de livraison de 3 \u00e0 6 jours en fonction de l&rsquo;endroit o\u00f9 se trouve l&rsquo;UE. Une solution solide pour obtenir un d\u00e9lai d&rsquo;exp\u00e9dition plus rapide que la poste, mais aussi \u00e0 un co\u00fbt plus \u00e9lev\u00e9.<\/div>\n<\/div>\n<div class=\"o9v6fnle cxmmr5t8 oygrvhab hcukyx3x c1et5uql ii04i59q\">\n<div dir=\"auto\"><\/div>\n<div dir=\"auto\"><strong>POST :<\/strong> Poste r\u00e9guli\u00e8re pour un prix plus bas mais un d\u00e9lai de livraison plus long 2 &#8211; ?? jours en fonction de la situation dans l&rsquo;UE et des conditions \u00e9pid\u00e9miques dans le pays r\u00e9cepteur. La poste est durement touch\u00e9e par la pand\u00e9mie de covidine et le temps d&rsquo;exp\u00e9dition suppl\u00e9mentaire doit \u00eatre calcul\u00e9 en fonction de cela. C&rsquo;est pourquoi nous ne pouvons pas donner le nombre exact de jours maximum que cela peut prendre dans le temps donn\u00e9 en raison de la covidine.<\/div>\n<div dir=\"auto\"><\/div>\n<\/div>\n<p><strong>NB:<\/strong> Les entreprises de transport ne r\u00e9cup\u00e8rent pas les colis le week-end, et les jours f\u00e9ri\u00e9s et les articles command\u00e9s pendant cette p\u00e9riode seront exp\u00e9di\u00e9s le premier jour de la semaine. Tous les jours de transport sont calcul\u00e9s comme des jours ouvrables et ne comprennent pas les jours f\u00e9ri\u00e9s et les week-ends.<\/p>\n\n","protected":false},"excerpt":{"rendered":"<p>Votre panier Ici, vous pouvez voir votre commande et choisir l\u2019exp\u00e9dition avant d\u2019aller \u00e0 la caisse. UE : DHL EXPRESS: Livr\u00e9 apr\u00e8s 1-2 jours n&rsquo;importe o\u00f9 dans l&rsquo;UE (si la commande est plac\u00e9e avant 12:00) ! Cette option d&rsquo;exp\u00e9dition est fortement recommand\u00e9e et est sans doute la meilleure option d&rsquo;exp\u00e9dition que vous pouvez obtenir dans [&hellip;]<\/p>\n","protected":false},"author":1,"featured_media":0,"parent":0,"menu_order":0,"comment_status":"closed","ping_status":"closed","template":"","meta":{"_acf_changed":false,"_uag_custom_page_level_css":"","site-sidebar-layout":"no-sidebar","site-content-layout":"default","ast-site-content-layout":"default","site-content-style":"default","site-sidebar-style":"default","ast-global-header-display":"","ast-banner-title-visibility":"","ast-main-header-display":"","ast-hfb-above-header-display":"","ast-hfb-below-header-display":"","ast-hfb-mobile-header-display":"","site-post-title":"","ast-breadcrumbs-content":"","ast-featured-img":"","footer-sml-layout":"","ast-disable-related-posts":"","theme-transparent-header-meta":"default","adv-header-id-meta":"","stick-header-meta":"default","header-above-stick-meta":"","header-main-stick-meta":"","header-below-stick-meta":"","astra-migrate-meta-layouts":"default","ast-page-background-enabled":"default","ast-page-background-meta":{"desktop":{"background-color":"","background-image":"","background-repeat":"repeat","background-position":"center center","background-size":"auto","background-attachment":"scroll","background-type":"","background-media":"","overlay-type":"","overlay-color":"","overlay-opacity":"","overlay-gradient":""},"tablet":{"background-color":"","background-image":"","background-repeat":"repeat","background-position":"center center","background-size":"auto","background-attachment":"scroll","background-type":"","background-media":"","overlay-type":"","overlay-color":"","overlay-opacity":"","overlay-gradient":""},"mobile":{"background-color":"","background-image":"","background-repeat":"repeat","background-position":"center center","background-size":"auto","background-attachment":"scroll","background-type":"","background-media":"","overlay-type":"","overlay-color":"","overlay-opacity":"","overlay-gradient":""}},"ast-content-background-meta":{"desktop":{"background-color":"var(--ast-global-color-5)","background-image":"","background-repeat":"repeat","background-position":"center center","background-size":"auto","background-attachment":"scroll","background-type":"","background-media":"","overlay-type":"","overlay-color":"","overlay-opacity":"","overlay-gradient":""},"tablet":{"background-color":"var(--ast-global-color-5)","background-image":"","background-repeat":"repeat","background-position":"center center","background-size":"auto","background-attachment":"scroll","background-type":"","background-media":"","overlay-type":"","overlay-color":"","overlay-opacity":"","overlay-gradient":""},"mobile":{"background-color":"var(--ast-global-color-5)","background-image":"","background-repeat":"repeat","background-position":"center center","background-size":"auto","background-attachment":"scroll","background-type":"","background-media":"","overlay-type":"","overlay-color":"","overlay-opacity":"","overlay-gradient":""}},"footnotes":""},"class_list":["post-212059","page","type-page","status-publish","hentry"],"acf":[],"uagb_featured_image_src":{"full":false,"thumbnail":false,"medium":false,"medium_large":false,"large":false,"1536x1536":false,"2048x2048":false,"woocommerce_thumbnail":false,"woocommerce_single":false,"woocommerce_gallery_thumbnail":false,"dgwt-wcas-product-suggestion":false},"uagb_author_info":{"display_name":"dsadmin","author_link":"https:\/\/justvape.nu\/fr\/author\/dsadmin\/"},"uagb_comment_info":0,"uagb_excerpt":"Votre panier Ici, vous pouvez voir votre commande et choisir l\u2019exp\u00e9dition avant d\u2019aller \u00e0 la caisse. UE : DHL EXPRESS: Livr\u00e9 apr\u00e8s 1-2 jours n&rsquo;importe o\u00f9 dans l&rsquo;UE (si la commande est plac\u00e9e avant 12:00) ! Cette option d&rsquo;exp\u00e9dition est fortement recommand\u00e9e et est sans doute la meilleure option d&rsquo;exp\u00e9dition que vous pouvez obtenir dans\u2026","_links":{"self":[{"href":"https:\/\/justvape.nu\/fr\/wp-json\/wp\/v2\/pages\/212059","targetHints":{"allow":["GET"]}}],"collection":[{"href":"https:\/\/justvape.nu\/fr\/wp-json\/wp\/v2\/pages"}],"about":[{"href":"https:\/\/justvape.nu\/fr\/wp-json\/wp\/v2\/types\/page"}],"author":[{"embeddable":true,"href":"https:\/\/justvape.nu\/fr\/wp-json\/wp\/v2\/users\/1"}],"replies":[{"embeddable":true,"href":"https:\/\/justvape.nu\/fr\/wp-json\/wp\/v2\/comments?post=212059"}],"version-history":[{"count":0,"href":"https:\/\/justvape.nu\/fr\/wp-json\/wp\/v2\/pages\/212059\/revisions"}],"wp:attachment":[{"href":"https:\/\/justvape.nu\/fr\/wp-json\/wp\/v2\/media?parent=212059"}],"curies":[{"name":"wp","href":"https:\/\/api.w.org\/{rel}","templated":true}]}}