{"id":211984,"date":"2018-01-21T22:11:20","date_gmt":"2018-01-21T21:11:20","guid":{"rendered":"https:\/\/www.justvape.nu\/om-just-vape\/"},"modified":"2021-05-16T19:31:39","modified_gmt":"2021-05-16T17:31:39","slug":"om-just-vape","status":"publish","type":"page","link":"https:\/\/justvape.nu\/fr\/om-just-vape\/","title":{"rendered":"\u00c0 propos de Just Vape"},"content":{"rendered":"<p>Just Vape a tout dans les e-cigarettes et les e-liquides.<br \/>\nNous avons l&rsquo;une des plus grandes s\u00e9lections europ\u00e9ennes d&rsquo;e-liquides et de mat\u00e9riel en provenance du pays et de l&rsquo;\u00e9tranger.<\/p>\n<p>Nous sommes \u00e0 l&rsquo;\u00e9coute de nos clients et on peut donc toujours souhaiter un produit pour la boutique.<br \/>\nDes commandes sp\u00e9ciales sont \u00e9galement re\u00e7ues si nous devons faire quelque chose de tr\u00e8s sp\u00e9cial pour vous!<\/p>\n<p>Nous avons toujours nos derni\u00e8res informations sur ce qui bouge sur le march\u00e9 et nous nous assurons que nous avons toujours les produits les plus r\u00e9cents et les meilleurs de la maison et de l&rsquo;\u00e9tranger \u00e0 nos clients.<\/p>\n<p>Nous nous effor\u00e7ons de fournir le meilleur service client \u00e0 nos clients, sans vous, nous ne serions pas l\u00e0!<\/p>\n<p>Justvape.nu s. ro<\/p>\n<p>N \u00b0 TVA: SK2121251869<\/p>\n<p>Rue: Star\u00e1 Vajnorsk\u00e1 3338\/17<\/p>\n<p>831 04<\/p>\n<p>Bratislava-Nov\u00e9 Mesto<\/p>\n<p>Slovaquie<\/p>\n","protected":false},"excerpt":{"rendered":"<p>Just Vape a tout dans les e-cigarettes et les e-liquides. Nous avons l&rsquo;une des plus grandes s\u00e9lections europ\u00e9ennes d&rsquo;e-liquides et de mat\u00e9riel en provenance du pays et de l&rsquo;\u00e9tranger. Nous sommes \u00e0 l&rsquo;\u00e9coute de nos clients et on peut donc toujours souhaiter un produit pour la boutique. Des commandes sp\u00e9ciales sont \u00e9galement re\u00e7ues si nous [&hellip;]<\/p>\n","protected":false},"author":1,"featured_media":0,"parent":0,"menu_order":0,"comment_status":"closed","ping_status":"closed","template":"","meta":{"_acf_changed":false,"_uag_custom_page_level_css":"","site-sidebar-layout":"default","site-content-layout":"default","ast-site-content-layout":"default","site-content-style":"default","site-sidebar-style":"default","ast-global-header-display":"","ast-banner-title-visibility":"","ast-main-header-display":"","ast-hfb-above-header-display":"","ast-hfb-below-header-display":"","ast-hfb-mobile-header-display":"","site-post-title":"","ast-breadcrumbs-content":"","ast-featured-img":"","footer-sml-layout":"","ast-disable-related-posts":"","theme-transparent-header-meta":"default","adv-header-id-meta":"","stick-header-meta":"default","header-above-stick-meta":"","header-main-stick-meta":"","header-below-stick-meta":"","astra-migrate-meta-layouts":"default","ast-page-background-enabled":"default","ast-page-background-meta":{"desktop":{"background-color":"","background-image":"","background-repeat":"repeat","background-position":"center center","background-size":"auto","background-attachment":"scroll","background-type":"","background-media":"","overlay-type":"","overlay-color":"","overlay-opacity":"","overlay-gradient":""},"tablet":{"background-color":"","background-image":"","background-repeat":"repeat","background-position":"center center","background-size":"auto","background-attachment":"scroll","background-type":"","background-media":"","overlay-type":"","overlay-color":"","overlay-opacity":"","overlay-gradient":""},"mobile":{"background-color":"","background-image":"","background-repeat":"repeat","background-position":"center center","background-size":"auto","background-attachment":"scroll","background-type":"","background-media":"","overlay-type":"","overlay-color":"","overlay-opacity":"","overlay-gradient":""}},"ast-content-background-meta":{"desktop":{"background-color":"var(--ast-global-color-5)","background-image":"","background-repeat":"repeat","background-position":"center center","background-size":"auto","background-attachment":"scroll","background-type":"","background-media":"","overlay-type":"","overlay-color":"","overlay-opacity":"","overlay-gradient":""},"tablet":{"background-color":"var(--ast-global-color-5)","background-image":"","background-repeat":"repeat","background-position":"center center","background-size":"auto","background-attachment":"scroll","background-type":"","background-media":"","overlay-type":"","overlay-color":"","overlay-opacity":"","overlay-gradient":""},"mobile":{"background-color":"var(--ast-global-color-5)","background-image":"","background-repeat":"repeat","background-position":"center center","background-size":"auto","background-attachment":"scroll","background-type":"","background-media":"","overlay-type":"","overlay-color":"","overlay-opacity":"","overlay-gradient":""}},"footnotes":""},"class_list":["post-211984","page","type-page","status-publish","hentry"],"acf":[],"uagb_featured_image_src":{"full":false,"thumbnail":false,"medium":false,"medium_large":false,"large":false,"1536x1536":false,"2048x2048":false,"woocommerce_thumbnail":false,"woocommerce_single":false,"woocommerce_gallery_thumbnail":false,"dgwt-wcas-product-suggestion":false},"uagb_author_info":{"display_name":"dsadmin","author_link":"https:\/\/justvape.nu\/fr\/author\/dsadmin\/"},"uagb_comment_info":0,"uagb_excerpt":"Just Vape a tout dans les e-cigarettes et les e-liquides. Nous avons l&rsquo;une des plus grandes s\u00e9lections europ\u00e9ennes d&rsquo;e-liquides et de mat\u00e9riel en provenance du pays et de l&rsquo;\u00e9tranger. Nous sommes \u00e0 l&rsquo;\u00e9coute de nos clients et on peut donc toujours souhaiter un produit pour la boutique. Des commandes sp\u00e9ciales sont \u00e9galement re\u00e7ues si nous\u2026","_links":{"self":[{"href":"https:\/\/justvape.nu\/fr\/wp-json\/wp\/v2\/pages\/211984","targetHints":{"allow":["GET"]}}],"collection":[{"href":"https:\/\/justvape.nu\/fr\/wp-json\/wp\/v2\/pages"}],"about":[{"href":"https:\/\/justvape.nu\/fr\/wp-json\/wp\/v2\/types\/page"}],"author":[{"embeddable":true,"href":"https:\/\/justvape.nu\/fr\/wp-json\/wp\/v2\/users\/1"}],"replies":[{"embeddable":true,"href":"https:\/\/justvape.nu\/fr\/wp-json\/wp\/v2\/comments?post=211984"}],"version-history":[{"count":0,"href":"https:\/\/justvape.nu\/fr\/wp-json\/wp\/v2\/pages\/211984\/revisions"}],"wp:attachment":[{"href":"https:\/\/justvape.nu\/fr\/wp-json\/wp\/v2\/media?parent=211984"}],"curies":[{"name":"wp","href":"https:\/\/api.w.org\/{rel}","templated":true}]}}