{"id":211954,"date":"2018-01-21T22:13:30","date_gmt":"2018-01-21T21:13:30","guid":{"rendered":"https:\/\/www.justvape.nu\/privatlivspolitik\/"},"modified":"2023-07-02T00:12:22","modified_gmt":"2023-07-01T22:12:22","slug":"privatlivspolitik","status":"publish","type":"page","link":"https:\/\/justvape.nu\/fr\/privatlivspolitik\/","title":{"rendered":"Politique de confidentialit\u00e9"},"content":{"rendered":"<h3>Politique de confidentialit\u00e9<\/h3>\n<p>Lorsque vous visitez notre site, nous recueillons des informations vous concernant qui sont utilis\u00e9es pour personnaliser et am\u00e9liorer notre contenu et pour augmenter la valeur des annonces qui apparaissent sur la page. Si vous ne voulez pas d\u2019informations collect\u00e9es, vous devez supprimer vos cookies (voir instructions) et vous abstenir d\u2019une utilisation ult\u00e9rieure du site Web. Ci-dessous, nous avons expliqu\u00e9 quels renseignements sont recueillis, leur but et sur les tiers qui y ont acc\u00e8s.<\/p>\n<p><strong>Cookies<\/strong><\/p>\n<p>Le site utilise des \u00ab\u00a0cookies\u00a0\u00bb, qui est un fichier texte qui est stock\u00e9 sur votre ordinateur, mobile ou autre. de m\u00eame dans le but de le reconna\u00eetre, de se souvenir des param\u00e8tres, d\u2019effectuer des statistiques et de cibler les annonces.<\/p>\n<p>Les cookies ne peuvent pas contenir de code malveillant tel que des cookies. Virus.<\/p>\n<p>Il est possible de supprimer ou de bloquer les cookies.<\/p>\n<p>Si vous supprimez ou bloquez des cookies, les annonces peuvent devenir moins pertinentes pour vous et appara\u00eetre plus fr\u00e9quemment. Vous risquez \u00e9galement que le site Ne fonctionne pas de mani\u00e8re optimale et qu\u2019il y ait du contenu \u00e0 laquelle vous ne pouvez pas acc\u00e9der.<\/p>\n<h3>Informations individuelles<\/h3>\n<h4>En g\u00e9n\u00e9ral,<\/h4>\n<p>Les renseignements personnels sont tout type d\u2019information qui peut vous \u00eatre attribu\u00e9e dans une certaine mesure. Lorsque vous utilisez notre site Web, nous recueillons et traitons un certain nombre de ces informations. Cela arrive, par exemple. par l\u2019aum\u00f4ne. l\u2019acc\u00e8s au contenu, si vous vous inscrivez \u00e0 notre newsletter, participez \u00e0 des concours ou des sondages, inscrivez-vous en tant qu\u2019utilisateur ou abonn\u00e9, utilisez d\u2019autres services ou effectuez des achats via le site Web.<\/p>\n<p>Nous recueillons et traitons g\u00e9n\u00e9ralement les types d\u2019informations suivants : un IDENTIFIANT unique et des informations techniques sur votre ordinateur, tablette ou t\u00e9l\u00e9phone mobile, votre num\u00e9ro IP, votre emplacement g\u00e9ographique et les pages sur lesquelles vous cliquez (int\u00e9r\u00eats). Dans la mesure o\u00f9 vous y consentez explicitement et entrez les informations vous-m\u00eame, vous serez \u00e9galement trait\u00e9 : nom, num\u00e9ro de t\u00e9l\u00e9phone, e-mail, adresse et informations de paiement. Ceci sera g\u00e9n\u00e9ralement associ\u00e9 \u00e0 la cr\u00e9ation ou \u00e0 l\u2019achat de connexion.<\/p>\n<h4>s\u00e9curit\u00e9<\/h4>\n<p>Nous avons pris des mesures techniques et organisationnelles pour emp\u00eacher que vos informations ne soient supprim\u00e9es accidentellement ou ill\u00e9galement, publi\u00e9es, perdues, affaiblies ou port\u00e9es \u00e0 l\u2019attention de personnes non autoris\u00e9es, utilis\u00e9es \u00e0 mauvais escient ou trait\u00e9es autrement en violation de la loi.<\/p>\n<h4>But<\/h4>\n<p>Les informations sont utilis\u00e9es pour vous identifier en tant qu\u2019utilisateur et vous montrer les annonces qui sont les plus susceptibles d\u2019\u00eatre pertinentes pour vous, d\u2019enregistrer vos achats et paiements, et de fournir les services que vous avez demand\u00e9s, tels que de soumettre un bulletin d\u2019information. De plus, nous utilisons ces informations pour optimiser nos services et notre contenu.<\/p>\n<h4>P\u00e9riode de stockage<\/h4>\n<p>Les informations sont stock\u00e9es pour la p\u00e9riode permise par la loi et nous les supprimons lorsqu\u2019elles ne sont plus n\u00e9cessaires. La p\u00e9riode d\u00e9pend de la nature de l\u2019information et de l\u2019arri\u00e8re-plan de l\u2019entreposage. Par cons\u00e9quent, il n\u2019est pas possible de sp\u00e9cifier un d\u00e9lai g\u00e9n\u00e9ral pour quand les informations sont supprim\u00e9es.<\/p>\n<h4>Divulgation de l\u2019information<\/h4>\n<p>Les donn\u00e9es sur votre utilisation du site Web, les annonces que vous recevez et, dans l\u2019affirmative, cliquent, l\u2019emplacement g\u00e9ographique, le sexe et le segment d\u2019\u00e2ge, etc. divulgu\u00e9es \u00e0 des tiers dans la mesure o\u00f9 ces informations sont connues. Vous pouvez voir quels tiers sont dans la section \u00ab\u00a0Cookies\u00a0\u00bb ci-dessus. L\u2019information est utilis\u00e9e pour cibler la publicit\u00e9.<br \/>\nNous utilisons \u00e9galement un certain nombre de tiers pour stocker et traiter les donn\u00e9es. Ces informations de processus uniquement en notre nom et peuvent ne pas les utiliser \u00e0 vos propres fins.<br \/>\nLa divulgation de renseignements personnels tels que le nom et le courriel, etc. n\u2019aura lieu que si vous y consentez. Nous n\u2019utilisons que des processeurs de donn\u00e9es dans l\u2019UE ou dans des pays qui peuvent fournir \u00e0 vos informations une protection ad\u00e9quate.<\/p>\n<p><strong>Aper\u00e7us et plaintes<\/strong><br \/>\nVous avez le droit de vous faire dire quels renseignements personnels nous traitons \u00e0 votre sujet. Vous pouvez \u00e9galement vous opposer \u00e0 tout moment \u00e0 l\u2019utilisation de l\u2019information. Vous pouvez \u00e9galement r\u00e9voquer votre consentement au traitement d\u2019informations vous concernant. Si les informations trait\u00e9es \u00e0 votre sujet sont incorrectes, vous avez le droit de les faire corriger ou de les supprimer. Des demandes de renseignements peuvent \u00eatre faites \u00e0 : contact@justvape.nu. Si vous souhaitez vous plaindre de notre traitement de vos donn\u00e9es personnelles, vous avez \u00e9galement la possibilit\u00e9 de contacter l\u2019Inspection des donn\u00e9es.<\/p>\n<h4>\u00c9diteur<\/h4>\n<p>Le site est d\u00e9tenu et publi\u00e9 par :<\/p>\n<p>Justvape.nu<\/p>\n","protected":false},"excerpt":{"rendered":"<p>Politique de confidentialit\u00e9 Lorsque vous visitez notre site, nous recueillons des informations vous concernant qui sont utilis\u00e9es pour personnaliser et am\u00e9liorer notre contenu et pour augmenter la valeur des annonces qui apparaissent sur la page. Si vous ne voulez pas d\u2019informations collect\u00e9es, vous devez supprimer vos cookies (voir instructions) et vous abstenir d\u2019une utilisation ult\u00e9rieure [&hellip;]<\/p>\n","protected":false},"author":1,"featured_media":0,"parent":0,"menu_order":0,"comment_status":"closed","ping_status":"closed","template":"","meta":{"_acf_changed":false,"_uag_custom_page_level_css":"","site-sidebar-layout":"default","site-content-layout":"default","ast-site-content-layout":"default","site-content-style":"default","site-sidebar-style":"default","ast-global-header-display":"","ast-banner-title-visibility":"","ast-main-header-display":"","ast-hfb-above-header-display":"","ast-hfb-below-header-display":"","ast-hfb-mobile-header-display":"","site-post-title":"","ast-breadcrumbs-content":"","ast-featured-img":"","footer-sml-layout":"","ast-disable-related-posts":"","theme-transparent-header-meta":"default","adv-header-id-meta":"","stick-header-meta":"default","header-above-stick-meta":"","header-main-stick-meta":"","header-below-stick-meta":"","astra-migrate-meta-layouts":"default","ast-page-background-enabled":"default","ast-page-background-meta":{"desktop":{"background-color":"","background-image":"","background-repeat":"repeat","background-position":"center center","background-size":"auto","background-attachment":"scroll","background-type":"","background-media":"","overlay-type":"","overlay-color":"","overlay-opacity":"","overlay-gradient":""},"tablet":{"background-color":"","background-image":"","background-repeat":"repeat","background-position":"center center","background-size":"auto","background-attachment":"scroll","background-type":"","background-media":"","overlay-type":"","overlay-color":"","overlay-opacity":"","overlay-gradient":""},"mobile":{"background-color":"","background-image":"","background-repeat":"repeat","background-position":"center center","background-size":"auto","background-attachment":"scroll","background-type":"","background-media":"","overlay-type":"","overlay-color":"","overlay-opacity":"","overlay-gradient":""}},"ast-content-background-meta":{"desktop":{"background-color":"var(--ast-global-color-5)","background-image":"","background-repeat":"repeat","background-position":"center center","background-size":"auto","background-attachment":"scroll","background-type":"","background-media":"","overlay-type":"","overlay-color":"","overlay-opacity":"","overlay-gradient":""},"tablet":{"background-color":"var(--ast-global-color-5)","background-image":"","background-repeat":"repeat","background-position":"center center","background-size":"auto","background-attachment":"scroll","background-type":"","background-media":"","overlay-type":"","overlay-color":"","overlay-opacity":"","overlay-gradient":""},"mobile":{"background-color":"var(--ast-global-color-5)","background-image":"","background-repeat":"repeat","background-position":"center center","background-size":"auto","background-attachment":"scroll","background-type":"","background-media":"","overlay-type":"","overlay-color":"","overlay-opacity":"","overlay-gradient":""}},"footnotes":""},"class_list":["post-211954","page","type-page","status-publish","hentry"],"acf":[],"uagb_featured_image_src":{"full":false,"thumbnail":false,"medium":false,"medium_large":false,"large":false,"1536x1536":false,"2048x2048":false,"woocommerce_thumbnail":false,"woocommerce_single":false,"woocommerce_gallery_thumbnail":false,"dgwt-wcas-product-suggestion":false},"uagb_author_info":{"display_name":"dsadmin","author_link":"https:\/\/justvape.nu\/fr\/author\/dsadmin\/"},"uagb_comment_info":0,"uagb_excerpt":"Politique de confidentialit\u00e9 Lorsque vous visitez notre site, nous recueillons des informations vous concernant qui sont utilis\u00e9es pour personnaliser et am\u00e9liorer notre contenu et pour augmenter la valeur des annonces qui apparaissent sur la page. Si vous ne voulez pas d\u2019informations collect\u00e9es, vous devez supprimer vos cookies (voir instructions) et vous abstenir d\u2019une utilisation ult\u00e9rieure\u2026","_links":{"self":[{"href":"https:\/\/justvape.nu\/fr\/wp-json\/wp\/v2\/pages\/211954","targetHints":{"allow":["GET"]}}],"collection":[{"href":"https:\/\/justvape.nu\/fr\/wp-json\/wp\/v2\/pages"}],"about":[{"href":"https:\/\/justvape.nu\/fr\/wp-json\/wp\/v2\/types\/page"}],"author":[{"embeddable":true,"href":"https:\/\/justvape.nu\/fr\/wp-json\/wp\/v2\/users\/1"}],"replies":[{"embeddable":true,"href":"https:\/\/justvape.nu\/fr\/wp-json\/wp\/v2\/comments?post=211954"}],"version-history":[{"count":0,"href":"https:\/\/justvape.nu\/fr\/wp-json\/wp\/v2\/pages\/211954\/revisions"}],"wp:attachment":[{"href":"https:\/\/justvape.nu\/fr\/wp-json\/wp\/v2\/media?parent=211954"}],"curies":[{"name":"wp","href":"https:\/\/api.w.org\/{rel}","templated":true}]}}