{"id":211909,"date":"2018-08-05T17:23:56","date_gmt":"2018-08-05T15:23:56","guid":{"rendered":"https:\/\/www.justvape.nu\/aabningstider\/"},"modified":"2023-01-05T13:00:20","modified_gmt":"2023-01-05T12:00:20","slug":"aabningstider","status":"publish","type":"page","link":"https:\/\/justvape.nu\/fr\/aabningstider\/","title":{"rendered":"Horaires d&rsquo;ouvertures"},"content":{"rendered":"<p>Nous ne sommes qu&rsquo;une boutique en ligne<\/p>\n<p><strong>Horaires d&rsquo;ouvertures:<\/strong><\/p>\n<p>Lundi &#8211; Vendredi &#8211; 10h00 &#8211; 18h00<\/p>\n<p>Samedi &#8211; dimanche et jours f\u00e9ri\u00e9s: ferm\u00e9<\/p>\n<p><strong>Vacances publiques:<\/strong><\/p>\n<table class=\"publicholidays phgtable \">\n<tbody>\n<tr class=\"even \">\n<td>1 janv.<\/td>\n<td>Soleil<\/td>\n<td><a class=\"summary url\" href=\"https:\/\/publicholidays.eu\/slovakia\/republic-day\/\" target=\"_blank\" rel=\"noopener\">Jour de la R\u00e9publique<\/a><\/td>\n<\/tr>\n<tr class=\"odd \">\n<td>6 janv.<\/td>\n<td>ven<\/td>\n<td><a class=\"summary url\" href=\"https:\/\/publicholidays.eu\/slovakia\/epiphany\/\" target=\"_blank\" rel=\"noopener\">\u00c9piphanie<\/a><\/td>\n<\/tr>\n<tr class=\"even \">\n<td>7 avril<\/td>\n<td>ven<\/td>\n<td><a class=\"summary url\" href=\"https:\/\/publicholidays.eu\/slovakia\/easter\/\" target=\"_blank\" rel=\"noopener\">Bon vendredi<\/a><\/td>\n<\/tr>\n<tr class=\"odd \">\n<td>10 avril<\/td>\n<td>lun<\/td>\n<td><a class=\"summary url\" href=\"https:\/\/publicholidays.eu\/slovakia\/easter\/\" target=\"_blank\" rel=\"noopener\">Le lundi de P\u00e2ques<\/a><\/td>\n<\/tr>\n<tr class=\"even \">\n<td>1er mai<\/td>\n<td>lun<\/td>\n<td><a class=\"summary url\" href=\"https:\/\/publicholidays.eu\/slovakia\/labour-day\/\" target=\"_blank\" rel=\"noopener\">F\u00eate du Travail<\/a><\/td>\n<\/tr>\n<tr class=\"odd \">\n<td>8 mai<\/td>\n<td>lun<\/td>\n<td><a class=\"summary url\" href=\"https:\/\/publicholidays.eu\/slovakia\/liberation-day\/\" target=\"_blank\" rel=\"noopener\">Le jour de la lib\u00e9ration<\/a><\/td>\n<\/tr>\n<tr class=\"even \">\n<td>5 juil<\/td>\n<td>mer<\/td>\n<td><a class=\"summary url\" href=\"https:\/\/publicholidays.eu\/slovakia\/st-cyril-and-st-methodius-day\/\" target=\"_blank\" rel=\"noopener\">F\u00eate de la Saint Cyrille et de la Saint M\u00e9thode<\/a><\/td>\n<\/tr>\n<tr class=\"odd \">\n<td>29 ao\u00fbt<\/td>\n<td>Mar<\/td>\n<td><a class=\"summary url\" href=\"https:\/\/publicholidays.eu\/slovakia\/slovak-uprising-day\/\" target=\"_blank\" rel=\"noopener\">Jour du soul\u00e8vement slovaque<\/a><\/td>\n<\/tr>\n<tr class=\"even \">\n<td>1 sept<\/td>\n<td>ven<\/td>\n<td><a class=\"summary url\" href=\"https:\/\/publicholidays.eu\/slovakia\/constitution-day\/\" target=\"_blank\" rel=\"noopener\">Jour de la Constitution<\/a><\/td>\n<\/tr>\n<tr class=\"odd \">\n<td>15 sept<\/td>\n<td>ven<\/td>\n<td><a class=\"summary url\" href=\"https:\/\/publicholidays.eu\/slovakia\/lady-of-sorrows-day\/\" target=\"_blank\" rel=\"noopener\">Jour de la Dame des Douleurs<\/a><\/td>\n<\/tr>\n<tr class=\"even \">\n<td>1 novembre<\/td>\n<td>mer<\/td>\n<td><a class=\"summary url\" href=\"https:\/\/publicholidays.eu\/slovakia\/all-saints-day\/\" target=\"_blank\" rel=\"noopener\">Toussaint<\/a><\/td>\n<\/tr>\n<tr class=\"odd \">\n<td>17 novembre<\/td>\n<td>ven<\/td>\n<td><a class=\"summary url\" href=\"https:\/\/publicholidays.eu\/slovakia\/freedom-and-democracy-day\/\" target=\"_blank\" rel=\"noopener\">Journ\u00e9e de la libert\u00e9 et de la d\u00e9mocratie<\/a><\/td>\n<\/tr>\n<tr class=\"even \">\n<td>24 d\u00e9c<\/td>\n<td>Soleil<\/td>\n<td><a class=\"summary url\" href=\"https:\/\/publicholidays.eu\/slovakia\/christmas\/\" target=\"_blank\" rel=\"noopener\">la veille de No\u00ebl<\/a><\/td>\n<\/tr>\n<tr class=\"odd \">\n<td>25 d\u00e9c<\/td>\n<td>lun<\/td>\n<td><a class=\"summary url\" href=\"https:\/\/publicholidays.eu\/slovakia\/christmas\/\" target=\"_blank\" rel=\"noopener\">le jour de No\u00ebl<\/a><\/td>\n<\/tr>\n<tr class=\"even \">\n<td>26 d\u00e9c<\/td>\n<td>Mar<\/td>\n<td><a class=\"summary url\" href=\"https:\/\/publicholidays.eu\/slovakia\/christmas\/\" target=\"_blank\" rel=\"noopener\">2\u00e8me jour de No\u00ebl<\/a><\/td>\n<\/tr>\n<\/tbody>\n<\/table>\n","protected":false},"excerpt":{"rendered":"<p>Nous ne sommes qu&rsquo;une boutique en ligne Horaires d&rsquo;ouvertures: Lundi &#8211; Vendredi &#8211; 10h00 &#8211; 18h00 Samedi &#8211; dimanche et jours f\u00e9ri\u00e9s: ferm\u00e9 Vacances publiques: 1 janv. Soleil Jour de la R\u00e9publique 6 janv. ven \u00c9piphanie 7 avril ven Bon vendredi 10 avril lun Le lundi de P\u00e2ques 1er mai lun F\u00eate du Travail 8 [&hellip;]<\/p>\n","protected":false},"author":2,"featured_media":0,"parent":0,"menu_order":0,"comment_status":"closed","ping_status":"closed","template":"","meta":{"_acf_changed":false,"_uag_custom_page_level_css":"","site-sidebar-layout":"default","site-content-layout":"default","ast-site-content-layout":"default","site-content-style":"default","site-sidebar-style":"default","ast-global-header-display":"","ast-banner-title-visibility":"","ast-main-header-display":"","ast-hfb-above-header-display":"","ast-hfb-below-header-display":"","ast-hfb-mobile-header-display":"","site-post-title":"","ast-breadcrumbs-content":"","ast-featured-img":"","footer-sml-layout":"","ast-disable-related-posts":"","theme-transparent-header-meta":"default","adv-header-id-meta":"","stick-header-meta":"default","header-above-stick-meta":"","header-main-stick-meta":"","header-below-stick-meta":"","astra-migrate-meta-layouts":"default","ast-page-background-enabled":"default","ast-page-background-meta":{"desktop":{"background-color":"","background-image":"","background-repeat":"repeat","background-position":"center center","background-size":"auto","background-attachment":"scroll","background-type":"","background-media":"","overlay-type":"","overlay-color":"","overlay-opacity":"","overlay-gradient":""},"tablet":{"background-color":"","background-image":"","background-repeat":"repeat","background-position":"center center","background-size":"auto","background-attachment":"scroll","background-type":"","background-media":"","overlay-type":"","overlay-color":"","overlay-opacity":"","overlay-gradient":""},"mobile":{"background-color":"","background-image":"","background-repeat":"repeat","background-position":"center center","background-size":"auto","background-attachment":"scroll","background-type":"","background-media":"","overlay-type":"","overlay-color":"","overlay-opacity":"","overlay-gradient":""}},"ast-content-background-meta":{"desktop":{"background-color":"var(--ast-global-color-5)","background-image":"","background-repeat":"repeat","background-position":"center center","background-size":"auto","background-attachment":"scroll","background-type":"","background-media":"","overlay-type":"","overlay-color":"","overlay-opacity":"","overlay-gradient":""},"tablet":{"background-color":"var(--ast-global-color-5)","background-image":"","background-repeat":"repeat","background-position":"center center","background-size":"auto","background-attachment":"scroll","background-type":"","background-media":"","overlay-type":"","overlay-color":"","overlay-opacity":"","overlay-gradient":""},"mobile":{"background-color":"var(--ast-global-color-5)","background-image":"","background-repeat":"repeat","background-position":"center center","background-size":"auto","background-attachment":"scroll","background-type":"","background-media":"","overlay-type":"","overlay-color":"","overlay-opacity":"","overlay-gradient":""}},"footnotes":""},"class_list":["post-211909","page","type-page","status-publish","hentry"],"acf":[],"uagb_featured_image_src":{"full":false,"thumbnail":false,"medium":false,"medium_large":false,"large":false,"1536x1536":false,"2048x2048":false,"woocommerce_thumbnail":false,"woocommerce_single":false,"woocommerce_gallery_thumbnail":false,"dgwt-wcas-product-suggestion":false},"uagb_author_info":{"display_name":"JustVape.nu","author_link":"https:\/\/justvape.nu\/fr\/author\/casper\/"},"uagb_comment_info":0,"uagb_excerpt":"Nous ne sommes qu&rsquo;une boutique en ligne Horaires d&rsquo;ouvertures: Lundi &#8211; Vendredi &#8211; 10h00 &#8211; 18h00 Samedi &#8211; dimanche et jours f\u00e9ri\u00e9s: ferm\u00e9 Vacances publiques: 1 janv. Soleil Jour de la R\u00e9publique 6 janv. ven \u00c9piphanie 7 avril ven Bon vendredi 10 avril lun Le lundi de P\u00e2ques 1er mai lun F\u00eate du Travail 8\u2026","_links":{"self":[{"href":"https:\/\/justvape.nu\/fr\/wp-json\/wp\/v2\/pages\/211909","targetHints":{"allow":["GET"]}}],"collection":[{"href":"https:\/\/justvape.nu\/fr\/wp-json\/wp\/v2\/pages"}],"about":[{"href":"https:\/\/justvape.nu\/fr\/wp-json\/wp\/v2\/types\/page"}],"author":[{"embeddable":true,"href":"https:\/\/justvape.nu\/fr\/wp-json\/wp\/v2\/users\/2"}],"replies":[{"embeddable":true,"href":"https:\/\/justvape.nu\/fr\/wp-json\/wp\/v2\/comments?post=211909"}],"version-history":[{"count":0,"href":"https:\/\/justvape.nu\/fr\/wp-json\/wp\/v2\/pages\/211909\/revisions"}],"wp:attachment":[{"href":"https:\/\/justvape.nu\/fr\/wp-json\/wp\/v2\/media?parent=211909"}],"curies":[{"name":"wp","href":"https:\/\/api.w.org\/{rel}","templated":true}]}}