{"id":688084,"date":"2024-04-10T18:56:46","date_gmt":"2024-04-10T16:56:46","guid":{"rendered":"https:\/\/justvape.nu\/produkt\/voopoo-argus-p2\/"},"modified":"2024-07-30T18:46:21","modified_gmt":"2024-07-30T16:46:21","slug":"voopoo-argus-p2","status":"publish","type":"product","link":"https:\/\/justvape.nu\/es\/produkt\/voopoo-argus-p2\/","title":{"rendered":"VOOPOO &#8211; ARGUS P2"},"content":{"rendered":"<h2>VOOPOO &#8211; ARGUS P2<\/h2>\n<p>Argus P2 Kit est\u00e1 alimentado por una bater\u00eda integrada de 1100mAh con 30W m\u00e1x. Admite un ajuste preciso de la potencia\/modo SPT\/NOR\/ECO. Tambi\u00e9n est\u00e1 dise\u00f1ado con una pantalla OLED de 0,54 para mostrarte la informaci\u00f3n de vapeo necesaria y luces LED RGB para personalizar tu vapeo. Adem\u00e1s, est\u00e1 equipado con Argus Top Fill Cartucho 0.4\u03a9\/0.7\u03a9(2ml) en el paquete para traerle RDL vaping.<\/p>\n<p><a href=\"https:\/\/justvape.nu\/wp-content\/uploads\/2018\/05\/Color-Schemes.png\"><img loading=\"lazy\" decoding=\"async\" class=\"alignnone size-full wp-image-19187\" src=\"https:\/\/justvape.nu\/wp-content\/uploads\/2018\/05\/Color-Schemes.png\" alt=\"\" width=\"950\" height=\"64\" title=\"\" srcset=\"https:\/\/justvape.nu\/wp-content\/uploads\/2018\/05\/Color-Schemes.png 950w, https:\/\/justvape.nu\/wp-content\/uploads\/2018\/05\/Color-Schemes-555x37.png 555w, https:\/\/justvape.nu\/wp-content\/uploads\/2018\/05\/Color-Schemes-64x4.png 64w, https:\/\/justvape.nu\/wp-content\/uploads\/2018\/05\/Color-Schemes-300x20.png 300w, https:\/\/justvape.nu\/wp-content\/uploads\/2018\/05\/Color-Schemes-768x52.png 768w\" sizes=\"auto, (max-width: 950px) 100vw, 950px\" \/><\/a><\/p>\n<p class=\"description-img-center\"><a href=\"https:\/\/justvape.nu\/wp-content\/uploads\/2024\/04\/VOOPOO_Argus_P2_Kit_Full_Color.jpg\"><img loading=\"lazy\" decoding=\"async\" class=\"alignnone wp-image-687844\" src=\"https:\/\/justvape.nu\/wp-content\/uploads\/2024\/04\/VOOPOO_Argus_P2_Kit_Full_Color.jpg\" alt=\"\" width=\"935\" height=\"713\" title=\"\" srcset=\"https:\/\/justvape.nu\/wp-content\/uploads\/2024\/04\/VOOPOO_Argus_P2_Kit_Full_Color.jpg 800w, https:\/\/justvape.nu\/wp-content\/uploads\/2024\/04\/VOOPOO_Argus_P2_Kit_Full_Color-600x458.jpg 600w, https:\/\/justvape.nu\/wp-content\/uploads\/2024\/04\/VOOPOO_Argus_P2_Kit_Full_Color-64x49.jpg 64w, https:\/\/justvape.nu\/wp-content\/uploads\/2024\/04\/VOOPOO_Argus_P2_Kit_Full_Color-300x229.jpg 300w, https:\/\/justvape.nu\/wp-content\/uploads\/2024\/04\/VOOPOO_Argus_P2_Kit_Full_Color-768x586.jpg 768w\" sizes=\"auto, (max-width: 935px) 100vw, 935px\" \/><\/a><\/p>\n<div class=\"shop-features \">\n<h2 class=\"shop-features-title \"><a href=\"https:\/\/justvape.nu\/wp-content\/uploads\/2021\/06\/Specifications1.png\"><img loading=\"lazy\" decoding=\"async\" class=\"alignnone size-full wp-image-390997\" src=\"https:\/\/justvape.nu\/wp-content\/uploads\/2021\/06\/Specifications1.png\" alt=\"\" width=\"950\" height=\"64\" title=\"\" srcset=\"https:\/\/justvape.nu\/wp-content\/uploads\/2021\/06\/Specifications1.png 950w, https:\/\/justvape.nu\/wp-content\/uploads\/2021\/06\/Specifications1-600x40.png 600w, https:\/\/justvape.nu\/wp-content\/uploads\/2021\/06\/Specifications1-64x4.png 64w, https:\/\/justvape.nu\/wp-content\/uploads\/2021\/06\/Specifications1-300x20.png 300w, https:\/\/justvape.nu\/wp-content\/uploads\/2021\/06\/Specifications1-768x52.png 768w\" sizes=\"auto, (max-width: 950px) 100vw, 950px\" \/><\/a><\/h2>\n<\/div>\n<table class=\"description-table\">\n<tbody>\n<tr>\n<td class=\"strong-title \">Marca<\/td>\n<td class=\"inline\">VOOPOO<\/td>\n<\/tr>\n<tr>\n<td class=\"strong-title \">Nombre del producto<\/td>\n<td class=\"inline\">Kit Argus P2<\/td>\n<\/tr>\n<tr>\n<td class=\"strong-title \">Capacidad de la bater\u00eda<\/td>\n<td class=\"inline\">Bater\u00eda integrada de 1100 mAh<\/td>\n<\/tr>\n<tr>\n<td class=\"strong-title \">Rango de potencia<\/td>\n<td class=\"inline\">\u226430 W<\/td>\n<\/tr>\n<tr>\n<td class=\"strong-title \">Tensi\u00f3n de salida<\/td>\n<td class=\"inline\">3.2-4.2 V<\/td>\n<\/tr>\n<tr>\n<td class=\"strong-title \">Resistencia<\/td>\n<td class=\"inline\">0.4-3.0 \u03a9<\/td>\n<\/tr>\n<tr>\n<td class=\"strong-title \">Modo Power Shift<\/td>\n<td class=\"inline\">SPT\/NOR\/ECO<\/td>\n<\/tr>\n<tr>\n<td class=\"strong-title \">Capacidad de la c\u00e1psula<\/td>\n<td class=\"inline\">2ml<\/td>\n<\/tr>\n<tr>\n<td class=\"strong-title \">Llenando<\/td>\n<td class=\"inline\">Relleno superior<\/td>\n<\/tr>\n<tr>\n<td class=\"strong-title \">En forma de<\/td>\n<td class=\"inline\">Cartucho VOOPOO Argus Pod<\/td>\n<\/tr>\n<tr>\n<td class=\"strong-title \">Material<\/td>\n<td class=\"inline\">Aleaci\u00f3n de zinc+PC<\/td>\n<\/tr>\n<tr>\n<td class=\"strong-title \">Tama\u00f1o del producto<\/td>\n<td class=\"inline\">78*48,5*17,5 mm<\/td>\n<\/tr>\n<tr>\n<td class=\"strong-title \">Tama\u00f1o del embalaje<\/td>\n<td class=\"inline\">123,8*63,8*44,5 mm<\/td>\n<\/tr>\n<tr>\n<td class=\"strong-title \">Tama\u00f1o de la caja<\/td>\n<td class=\"inline\"><\/td>\n<\/tr>\n<tr>\n<td class=\"strong-title \">Color<\/td>\n<td class=\"inline\">Negro mate, gris titanio, rojo rub\u00ed, verde esmeralda, morado violeta, azul ne\u00f3n, rosa cristal, blanco perla<\/td>\n<\/tr>\n<\/tbody>\n<\/table>\n<div class=\"shop-features \">\n<h2 class=\"shop-features-title \"><a href=\"https:\/\/justvape.nu\/wp-content\/uploads\/2018\/05\/Features.png\"><img loading=\"lazy\" decoding=\"async\" class=\"alignnone size-full wp-image-248459\" src=\"https:\/\/justvape.nu\/wp-content\/uploads\/2018\/05\/Features.png\" alt=\"\" width=\"950\" height=\"64\" title=\"\" srcset=\"https:\/\/justvape.nu\/wp-content\/uploads\/2018\/05\/Features.png 950w, https:\/\/justvape.nu\/wp-content\/uploads\/2018\/05\/Features-600x40.png 600w, https:\/\/justvape.nu\/wp-content\/uploads\/2018\/05\/Features-64x4.png 64w, https:\/\/justvape.nu\/wp-content\/uploads\/2018\/05\/Features-300x20.png 300w, https:\/\/justvape.nu\/wp-content\/uploads\/2018\/05\/Features-768x52.png 768w\" sizes=\"auto, (max-width: 950px) 100vw, 950px\" \/><\/a><\/h2>\n<\/div>\n<ul>\n<li style=\"list-style-type: none;\">\n<ul>\n<li>1. Estilo futurista y mec\u00e1nico<\/li>\n<li>2. Bater\u00eda incorporada de 1100mAh con 30W m\u00e1x.<\/li>\n<li>3. Modo Power\/SPT\/NOR\/ECO<\/li>\n<li>4. Equipado con pantalla OLED de 0,54 pulgadas<\/li>\n<li>5. Dise\u00f1ado con 5 luces LED RGB<\/li>\n<li>6. Adopta cartucho de llenado superior Argus 0.4\u03a9\/0.7\u03a9(2ml)<\/li>\n<\/ul>\n<\/li>\n<\/ul>\n<p class=\"description-img-center \"><a href=\"https:\/\/justvape.nu\/wp-content\/uploads\/2024\/04\/VOOPOO_Argus_P2_Kit.jpg\"><img loading=\"lazy\" decoding=\"async\" class=\"alignnone size-full wp-image-687853\" src=\"https:\/\/justvape.nu\/wp-content\/uploads\/2024\/04\/VOOPOO_Argus_P2_Kit.jpg\" alt=\"\" width=\"831\" height=\"434\" title=\"\" srcset=\"https:\/\/justvape.nu\/wp-content\/uploads\/2024\/04\/VOOPOO_Argus_P2_Kit.jpg 831w, https:\/\/justvape.nu\/wp-content\/uploads\/2024\/04\/VOOPOO_Argus_P2_Kit-600x313.jpg 600w, https:\/\/justvape.nu\/wp-content\/uploads\/2024\/04\/VOOPOO_Argus_P2_Kit-64x33.jpg 64w, https:\/\/justvape.nu\/wp-content\/uploads\/2024\/04\/VOOPOO_Argus_P2_Kit-300x157.jpg 300w, https:\/\/justvape.nu\/wp-content\/uploads\/2024\/04\/VOOPOO_Argus_P2_Kit-768x401.jpg 768w\" sizes=\"auto, (max-width: 831px) 100vw, 831px\" \/><\/a> <a href=\"https:\/\/justvape.nu\/wp-content\/uploads\/2024\/04\/VOOPOO_Argus_P2_Kit_Features.jpg\"><img loading=\"lazy\" decoding=\"async\" class=\"alignnone size-full wp-image-687861\" src=\"https:\/\/justvape.nu\/wp-content\/uploads\/2024\/04\/VOOPOO_Argus_P2_Kit_Features.jpg\" alt=\"\" width=\"831\" height=\"580\" title=\"\" srcset=\"https:\/\/justvape.nu\/wp-content\/uploads\/2024\/04\/VOOPOO_Argus_P2_Kit_Features.jpg 831w, https:\/\/justvape.nu\/wp-content\/uploads\/2024\/04\/VOOPOO_Argus_P2_Kit_Features-600x419.jpg 600w, https:\/\/justvape.nu\/wp-content\/uploads\/2024\/04\/VOOPOO_Argus_P2_Kit_Features-64x45.jpg 64w, https:\/\/justvape.nu\/wp-content\/uploads\/2024\/04\/VOOPOO_Argus_P2_Kit_Features-300x209.jpg 300w, https:\/\/justvape.nu\/wp-content\/uploads\/2024\/04\/VOOPOO_Argus_P2_Kit_Features-768x536.jpg 768w\" sizes=\"auto, (max-width: 831px) 100vw, 831px\" \/><\/a> <a href=\"https:\/\/justvape.nu\/wp-content\/uploads\/2024\/04\/VOOPOO_Argus_P2_Kit_Specification.jpg\"><img loading=\"lazy\" decoding=\"async\" class=\"alignnone size-full wp-image-687869\" src=\"https:\/\/justvape.nu\/wp-content\/uploads\/2024\/04\/VOOPOO_Argus_P2_Kit_Specification.jpg\" alt=\"\" width=\"831\" height=\"510\" title=\"\" srcset=\"https:\/\/justvape.nu\/wp-content\/uploads\/2024\/04\/VOOPOO_Argus_P2_Kit_Specification.jpg 831w, https:\/\/justvape.nu\/wp-content\/uploads\/2024\/04\/VOOPOO_Argus_P2_Kit_Specification-600x368.jpg 600w, https:\/\/justvape.nu\/wp-content\/uploads\/2024\/04\/VOOPOO_Argus_P2_Kit_Specification-64x39.jpg 64w, https:\/\/justvape.nu\/wp-content\/uploads\/2024\/04\/VOOPOO_Argus_P2_Kit_Specification-300x184.jpg 300w, https:\/\/justvape.nu\/wp-content\/uploads\/2024\/04\/VOOPOO_Argus_P2_Kit_Specification-768x471.jpg 768w\" sizes=\"auto, (max-width: 831px) 100vw, 831px\" \/><\/a><\/p>\n<p class=\"description-img-center \"><a href=\"https:\/\/justvape.nu\/wp-content\/uploads\/2018\/05\/Packing-List.png\"><img loading=\"lazy\" decoding=\"async\" class=\"alignnone size-full wp-image-248469\" src=\"https:\/\/justvape.nu\/wp-content\/uploads\/2018\/05\/Packing-List.png\" alt=\"\" width=\"950\" height=\"64\" title=\"\" srcset=\"https:\/\/justvape.nu\/wp-content\/uploads\/2018\/05\/Packing-List.png 950w, https:\/\/justvape.nu\/wp-content\/uploads\/2018\/05\/Packing-List-600x40.png 600w, https:\/\/justvape.nu\/wp-content\/uploads\/2018\/05\/Packing-List-64x4.png 64w, https:\/\/justvape.nu\/wp-content\/uploads\/2018\/05\/Packing-List-300x20.png 300w, https:\/\/justvape.nu\/wp-content\/uploads\/2018\/05\/Packing-List-768x52.png 768w\" sizes=\"auto, (max-width: 950px) 100vw, 950px\" \/><\/a><\/p>\n<p>1* Dispositivo Argus P2<br \/>\n1* Cartucho Argus Top Fill 0.4\u03a9(2ml)<br \/>\n1* Cartucho Argus Top Fill 0.7\u03a9(2ml)<br \/>\n1* Cable tipo C<br \/>\n1 * manual de usuario<br \/>\n1* Cord\u00f3n de seguridad<\/p>\n<p class=\"description-img-center \"><a href=\"https:\/\/justvape.nu\/wp-content\/uploads\/2024\/04\/VOOPOO_Argus_P2_Kit_Package.jpg\"><img loading=\"lazy\" decoding=\"async\" class=\"alignnone size-full wp-image-687877\" src=\"https:\/\/justvape.nu\/wp-content\/uploads\/2024\/04\/VOOPOO_Argus_P2_Kit_Package.jpg\" alt=\"\" width=\"831\" height=\"315\" title=\"\" srcset=\"https:\/\/justvape.nu\/wp-content\/uploads\/2024\/04\/VOOPOO_Argus_P2_Kit_Package.jpg 831w, https:\/\/justvape.nu\/wp-content\/uploads\/2024\/04\/VOOPOO_Argus_P2_Kit_Package-600x227.jpg 600w, https:\/\/justvape.nu\/wp-content\/uploads\/2024\/04\/VOOPOO_Argus_P2_Kit_Package-64x24.jpg 64w, https:\/\/justvape.nu\/wp-content\/uploads\/2024\/04\/VOOPOO_Argus_P2_Kit_Package-300x114.jpg 300w, https:\/\/justvape.nu\/wp-content\/uploads\/2024\/04\/VOOPOO_Argus_P2_Kit_Package-768x291.jpg 768w\" sizes=\"auto, (max-width: 831px) 100vw, 831px\" \/><\/a><\/p>\n","protected":false},"excerpt":{"rendered":"<p>VOOPOO &#8211; ARGUS P2<\/p>\n","protected":false},"featured_media":687896,"comment_status":"open","ping_status":"closed","template":"","meta":{"_acf_changed":false,"_uag_custom_page_level_css":"","site-sidebar-layout":"default","site-content-layout":"","ast-site-content-layout":"default","site-content-style":"default","site-sidebar-style":"default","ast-global-header-display":"","ast-banner-title-visibility":"","ast-main-header-display":"","ast-hfb-above-header-display":"","ast-hfb-below-header-display":"","ast-hfb-mobile-header-display":"","site-post-title":"","ast-breadcrumbs-content":"","ast-featured-img":"","footer-sml-layout":"","ast-disable-related-posts":"","theme-transparent-header-meta":"default","adv-header-id-meta":"","stick-header-meta":"default","header-above-stick-meta":"","header-main-stick-meta":"","header-below-stick-meta":"","astra-migrate-meta-layouts":"default","ast-page-background-enabled":"default","ast-page-background-meta":{"desktop":{"background-color":"","background-image":"","background-repeat":"repeat","background-position":"center center","background-size":"auto","background-attachment":"scroll","background-type":"","background-media":"","overlay-type":"","overlay-color":"","overlay-opacity":"","overlay-gradient":""},"tablet":{"background-color":"","background-image":"","background-repeat":"repeat","background-position":"center center","background-size":"auto","background-attachment":"scroll","background-type":"","background-media":"","overlay-type":"","overlay-color":"","overlay-opacity":"","overlay-gradient":""},"mobile":{"background-color":"","background-image":"","background-repeat":"repeat","background-position":"center center","background-size":"auto","background-attachment":"scroll","background-type":"","background-media":"","overlay-type":"","overlay-color":"","overlay-opacity":"","overlay-gradient":""}},"ast-content-background-meta":{"desktop":{"background-color":"var(--ast-global-color-5)","background-image":"","background-repeat":"repeat","background-position":"center center","background-size":"auto","background-attachment":"scroll","background-type":"","background-media":"","overlay-type":"","overlay-color":"","overlay-opacity":"","overlay-gradient":""},"tablet":{"background-color":"var(--ast-global-color-5)","background-image":"","background-repeat":"repeat","background-position":"center center","background-size":"auto","background-attachment":"scroll","background-type":"","background-media":"","overlay-type":"","overlay-color":"","overlay-opacity":"","overlay-gradient":""},"mobile":{"background-color":"var(--ast-global-color-5)","background-image":"","background-repeat":"repeat","background-position":"center center","background-size":"auto","background-attachment":"scroll","background-type":"","background-media":"","overlay-type":"","overlay-color":"","overlay-opacity":"","overlay-gradient":""}}},"product_brand":[],"product_cat":[2073,2529,2083,1898,2530,2531],"product_tag":[],"class_list":{"0":"post-688084","1":"product","2":"type-product","3":"status-publish","4":"has-post-thumbnail","6":"product_cat-cigarrillos-electronicos","7":"product_cat-hardware-es","8":"product_cat-kits-para-principiantes-y-pods","9":"product_cat-new-products-es","10":"product_cat-shop-by-brand-es","11":"product_cat-voopoo-es","12":"desktop-align-center","13":"tablet-align-center","14":"mobile-align-center","15":"ast-product-gallery-layout-horizontal-slider","16":"ast-product-single-variable","17":"ast-product-tabs-layout-horizontal","19":"first","20":"instock","21":"sale","22":"taxable","23":"shipping-taxable","24":"purchasable","25":"product-type-variable"},"acf":[],"uagb_featured_image_src":{"full":["https:\/\/justvape.nu\/wp-content\/uploads\/2024\/04\/5IvyrxUH.jpeg",600,600,false],"thumbnail":["https:\/\/justvape.nu\/wp-content\/uploads\/2024\/04\/5IvyrxUH-150x150.jpeg",150,150,true],"medium":["https:\/\/justvape.nu\/wp-content\/uploads\/2024\/04\/5IvyrxUH-300x300.jpeg",300,300,true],"medium_large":["https:\/\/justvape.nu\/wp-content\/uploads\/2024\/04\/5IvyrxUH.jpeg",600,600,false],"large":["https:\/\/justvape.nu\/wp-content\/uploads\/2024\/04\/5IvyrxUH.jpeg",600,600,false],"1536x1536":["https:\/\/justvape.nu\/wp-content\/uploads\/2024\/04\/5IvyrxUH.jpeg",600,600,false],"2048x2048":["https:\/\/justvape.nu\/wp-content\/uploads\/2024\/04\/5IvyrxUH.jpeg",600,600,false],"woocommerce_thumbnail":["https:\/\/justvape.nu\/wp-content\/uploads\/2024\/04\/5IvyrxUH-300x300.jpeg",300,300,true],"woocommerce_single":["https:\/\/justvape.nu\/wp-content\/uploads\/2024\/04\/5IvyrxUH.jpeg",600,600,false],"woocommerce_gallery_thumbnail":["https:\/\/justvape.nu\/wp-content\/uploads\/2024\/04\/5IvyrxUH-100x100.jpeg",100,100,true],"dgwt-wcas-product-suggestion":["https:\/\/justvape.nu\/wp-content\/uploads\/2024\/04\/5IvyrxUH-64x64.jpeg",64,64,true]},"uagb_author_info":{"display_name":"Kenneth Merkur","author_link":"https:\/\/justvape.nu\/es\/author\/"},"uagb_comment_info":0,"uagb_excerpt":"VOOPOO - ARGUS P2","_links":{"self":[{"href":"https:\/\/justvape.nu\/es\/wp-json\/wp\/v2\/product\/688084","targetHints":{"allow":["GET"]}}],"collection":[{"href":"https:\/\/justvape.nu\/es\/wp-json\/wp\/v2\/product"}],"about":[{"href":"https:\/\/justvape.nu\/es\/wp-json\/wp\/v2\/types\/product"}],"replies":[{"embeddable":true,"href":"https:\/\/justvape.nu\/es\/wp-json\/wp\/v2\/comments?post=688084"}],"wp:featuredmedia":[{"embeddable":true,"href":"https:\/\/justvape.nu\/es\/wp-json\/wp\/v2\/media\/687896"}],"wp:attachment":[{"href":"https:\/\/justvape.nu\/es\/wp-json\/wp\/v2\/media?parent=688084"}],"wp:term":[{"taxonomy":"product_brand","embeddable":true,"href":"https:\/\/justvape.nu\/es\/wp-json\/wp\/v2\/product_brand?post=688084"},{"taxonomy":"product_cat","embeddable":true,"href":"https:\/\/justvape.nu\/es\/wp-json\/wp\/v2\/product_cat?post=688084"},{"taxonomy":"product_tag","embeddable":true,"href":"https:\/\/justvape.nu\/es\/wp-json\/wp\/v2\/product_tag?post=688084"}],"curies":[{"name":"wp","href":"https:\/\/api.w.org\/{rel}","templated":true}]}}