{"id":673406,"date":"2024-02-16T11:09:04","date_gmt":"2024-02-16T10:09:04","guid":{"rendered":"https:\/\/justvape.nu\/produkt\/innokin-kroma-nova-replacement-pod\/"},"modified":"2024-02-16T11:09:04","modified_gmt":"2024-02-16T10:09:04","slug":"innokin-kroma-nova-replacement-pod","status":"publish","type":"product","link":"https:\/\/justvape.nu\/es\/produkt\/innokin-kroma-nova-replacement-pod\/","title":{"rendered":"INNOKIN &#8211; KROMA NOVA REPLACEMENT POD"},"content":{"rendered":"<h2>INNOKIN &#8211; KROMA NOVA REPLACEMENT POD<\/h2>\n<p>Dise\u00f1ado para su uso con el Kit Kroma-Nova, el Innokin Kroma Nova Empty Replacement Pod tiene una capacidad de 2 ml de e-l\u00edquido. El llenado es muy sencillo gracias al orificio de llenado superior deslizante, dise\u00f1ado para minimizar los problemas de fugas. Estas vainas presentan una c\u00f3moda conexi\u00f3n magn\u00e9tica que garantiza una extracci\u00f3n e instalaci\u00f3n sin esfuerzo. Junto con la compatibilidad para las bobinas PZP, estas c\u00e1psulas se adaptan a los estilos de vapeo Boca a Pulm\u00f3n (MTL), Directo a Pulm\u00f3n Restringido (RDL) y Directo a Pulm\u00f3n (DTL). Disfruta de una experiencia de vapeo fluida y vers\u00e1til con estas c\u00e1psulas de recambio especialmente dise\u00f1adas.<\/p>\n<ul>\n<li>2 ml de capacidad de l\u00edquido electr\u00f3nico<\/li>\n<li>Dise\u00f1o de relleno superior deslizante<\/li>\n<li>Conexi\u00f3n magn\u00e9tica<\/li>\n<li>MTL, RDL y DTL<\/li>\n<li>Envase de 1 unidad<\/li>\n<li><strong>Bobinas no incluidas<\/strong><\/li>\n<\/ul>\n","protected":false},"excerpt":{"rendered":"<p>INNOKIN &#8211; KROMA NOVA REPLACEMENT POD<\/p>\n","protected":false},"featured_media":673207,"comment_status":"open","ping_status":"closed","template":"","meta":{"_acf_changed":false,"_uag_custom_page_level_css":"","site-sidebar-layout":"default","site-content-layout":"","ast-site-content-layout":"default","site-content-style":"default","site-sidebar-style":"default","ast-global-header-display":"","ast-banner-title-visibility":"","ast-main-header-display":"","ast-hfb-above-header-display":"","ast-hfb-below-header-display":"","ast-hfb-mobile-header-display":"","site-post-title":"","ast-breadcrumbs-content":"","ast-featured-img":"","footer-sml-layout":"","ast-disable-related-posts":"","theme-transparent-header-meta":"default","adv-header-id-meta":"","stick-header-meta":"","header-above-stick-meta":"","header-main-stick-meta":"","header-below-stick-meta":"","astra-migrate-meta-layouts":"default","ast-page-background-enabled":"default","ast-page-background-meta":{"desktop":{"background-color":"","background-image":"","background-repeat":"repeat","background-position":"center center","background-size":"auto","background-attachment":"scroll","background-type":"","background-media":"","overlay-type":"","overlay-color":"","overlay-opacity":"","overlay-gradient":""},"tablet":{"background-color":"","background-image":"","background-repeat":"repeat","background-position":"center center","background-size":"auto","background-attachment":"scroll","background-type":"","background-media":"","overlay-type":"","overlay-color":"","overlay-opacity":"","overlay-gradient":""},"mobile":{"background-color":"","background-image":"","background-repeat":"repeat","background-position":"center center","background-size":"auto","background-attachment":"scroll","background-type":"","background-media":"","overlay-type":"","overlay-color":"","overlay-opacity":"","overlay-gradient":""}},"ast-content-background-meta":{"desktop":{"background-color":"var(--ast-global-color-5)","background-image":"","background-repeat":"repeat","background-position":"center center","background-size":"auto","background-attachment":"scroll","background-type":"","background-media":"","overlay-type":"","overlay-color":"","overlay-opacity":"","overlay-gradient":""},"tablet":{"background-color":"var(--ast-global-color-5)","background-image":"","background-repeat":"repeat","background-position":"center center","background-size":"auto","background-attachment":"scroll","background-type":"","background-media":"","overlay-type":"","overlay-color":"","overlay-opacity":"","overlay-gradient":""},"mobile":{"background-color":"var(--ast-global-color-5)","background-image":"","background-repeat":"repeat","background-position":"center center","background-size":"auto","background-attachment":"scroll","background-type":"","background-media":"","overlay-type":"","overlay-color":"","overlay-opacity":"","overlay-gradient":""}}},"product_brand":[],"product_cat":[2063,1898,1983],"product_tag":[],"class_list":{"0":"post-673406","1":"product","2":"type-product","3":"status-publish","4":"has-post-thumbnail","6":"product_cat-bobinas-vainas","7":"product_cat-new-products-es","8":"product_cat-tanques-y-bobinas","9":"desktop-align-center","10":"tablet-align-center","11":"mobile-align-center","12":"ast-product-gallery-layout-horizontal-slider","13":"ast-product-gallery-with-no-image","14":"ast-product-tabs-layout-horizontal","16":"first","17":"instock","18":"sale","19":"taxable","20":"shipping-taxable","21":"purchasable","22":"product-type-simple"},"acf":[],"uagb_featured_image_src":{"full":["https:\/\/justvape.nu\/wp-content\/uploads\/2024\/02\/3214718816.webp",1000,1000,false],"thumbnail":["https:\/\/justvape.nu\/wp-content\/uploads\/2024\/02\/3214718816-150x150.webp",150,150,true],"medium":["https:\/\/justvape.nu\/wp-content\/uploads\/2024\/02\/3214718816-300x300.webp",300,300,true],"medium_large":["https:\/\/justvape.nu\/wp-content\/uploads\/2024\/02\/3214718816-768x768.webp",768,768,true],"large":["https:\/\/justvape.nu\/wp-content\/uploads\/2024\/02\/3214718816.webp",1000,1000,false],"1536x1536":["https:\/\/justvape.nu\/wp-content\/uploads\/2024\/02\/3214718816.webp",1000,1000,false],"2048x2048":["https:\/\/justvape.nu\/wp-content\/uploads\/2024\/02\/3214718816.webp",1000,1000,false],"woocommerce_thumbnail":["https:\/\/justvape.nu\/wp-content\/uploads\/2024\/02\/3214718816-300x300.webp",300,300,true],"woocommerce_single":["https:\/\/justvape.nu\/wp-content\/uploads\/2024\/02\/3214718816-600x600.webp",600,600,true],"woocommerce_gallery_thumbnail":["https:\/\/justvape.nu\/wp-content\/uploads\/2024\/02\/3214718816-100x100.webp",100,100,true],"dgwt-wcas-product-suggestion":["https:\/\/justvape.nu\/wp-content\/uploads\/2024\/02\/3214718816-64x64.webp",64,64,true]},"uagb_author_info":{"display_name":"Kenneth Merkur","author_link":"https:\/\/justvape.nu\/es\/author\/"},"uagb_comment_info":0,"uagb_excerpt":"INNOKIN - KROMA NOVA REPLACEMENT POD","_links":{"self":[{"href":"https:\/\/justvape.nu\/es\/wp-json\/wp\/v2\/product\/673406","targetHints":{"allow":["GET"]}}],"collection":[{"href":"https:\/\/justvape.nu\/es\/wp-json\/wp\/v2\/product"}],"about":[{"href":"https:\/\/justvape.nu\/es\/wp-json\/wp\/v2\/types\/product"}],"replies":[{"embeddable":true,"href":"https:\/\/justvape.nu\/es\/wp-json\/wp\/v2\/comments?post=673406"}],"wp:featuredmedia":[{"embeddable":true,"href":"https:\/\/justvape.nu\/es\/wp-json\/wp\/v2\/media\/673207"}],"wp:attachment":[{"href":"https:\/\/justvape.nu\/es\/wp-json\/wp\/v2\/media?parent=673406"}],"wp:term":[{"taxonomy":"product_brand","embeddable":true,"href":"https:\/\/justvape.nu\/es\/wp-json\/wp\/v2\/product_brand?post=673406"},{"taxonomy":"product_cat","embeddable":true,"href":"https:\/\/justvape.nu\/es\/wp-json\/wp\/v2\/product_cat?post=673406"},{"taxonomy":"product_tag","embeddable":true,"href":"https:\/\/justvape.nu\/es\/wp-json\/wp\/v2\/product_tag?post=673406"}],"curies":[{"name":"wp","href":"https:\/\/api.w.org\/{rel}","templated":true}]}}