{"id":672082,"date":"2024-02-08T10:26:21","date_gmt":"2024-02-08T09:26:21","guid":{"rendered":"https:\/\/justvape.nu\/produkt\/freemax-maxus-3-mod\/"},"modified":"2025-12-27T18:36:22","modified_gmt":"2025-12-27T17:36:22","slug":"freemax-maxus-3-mod","status":"publish","type":"product","link":"https:\/\/justvape.nu\/es\/produkt\/freemax-maxus-3-mod\/","title":{"rendered":"FREEMAX &#8211; MAXUS 3 MOD"},"content":{"rendered":"<h2>FREEMAX &#8211; MAXUS 3 MOD<\/h2>\n<p>Freemax Maxus 3 Mod 200W es una potencia en el mundo del vapeo. Este dispositivo est\u00e1 dise\u00f1ado para vapers que anhelan potencia y rendimiento. Con una potencia m\u00e1xima de 200 vatios, promete una experiencia de vapeo intensa y satisfactoria.<\/p>\n<p>Disfrute de largas sesiones de vapeo con el rendimiento superior de la bater\u00eda del Freemax Maxus 3 utilizando 2 x 18650 bater\u00edas (no incluidas). Su eficaz sistema de gesti\u00f3n de la energ\u00eda garantiza una larga duraci\u00f3n de la bater\u00eda, para que puedas vapear durante m\u00e1s tiempo sin necesidad de recargarla con frecuencia.<\/p>\n<p><a href=\"https:\/\/justvape.nu\/wp-content\/uploads\/2021\/06\/Specifications1.png\"><img loading=\"lazy\" decoding=\"async\" class=\"alignnone size-full wp-image-390997\" src=\"https:\/\/justvape.nu\/wp-content\/uploads\/2021\/06\/Specifications1.png\" alt=\"\" width=\"950\" height=\"64\" title=\"\" srcset=\"https:\/\/justvape.nu\/wp-content\/uploads\/2021\/06\/Specifications1.png 950w, https:\/\/justvape.nu\/wp-content\/uploads\/2021\/06\/Specifications1-600x40.png 600w, https:\/\/justvape.nu\/wp-content\/uploads\/2021\/06\/Specifications1-64x4.png 64w, https:\/\/justvape.nu\/wp-content\/uploads\/2021\/06\/Specifications1-300x20.png 300w, https:\/\/justvape.nu\/wp-content\/uploads\/2021\/06\/Specifications1-768x52.png 768w\" sizes=\"auto, (max-width: 950px) 100vw, 950px\" \/><\/a><\/p>\n<ul>\n<li>Bater\u00edas dobles 18650 (se venden por separado)<\/li>\n<li>Salida m\u00e1xima de 200 W<\/li>\n<li>Pantalla TFT de 1,06<\/li>\n<li>M\u00faltiples modos de salida<\/li>\n<\/ul>\n<p><a href=\"https:\/\/justvape.nu\/wp-content\/uploads\/2024\/02\/Maxus_3_200W_Kit_22__jpg.webp\"><img loading=\"lazy\" decoding=\"async\" class=\"alignnone size-full wp-image-671826\" src=\"https:\/\/justvape.nu\/wp-content\/uploads\/2024\/02\/Maxus_3_200W_Kit_22__jpg.webp\" alt=\"\" width=\"1920\" height=\"900\" title=\"\" srcset=\"https:\/\/justvape.nu\/wp-content\/uploads\/2024\/02\/Maxus_3_200W_Kit_22__jpg.webp 1920w, https:\/\/justvape.nu\/wp-content\/uploads\/2024\/02\/Maxus_3_200W_Kit_22__jpg-600x281.webp 600w, https:\/\/justvape.nu\/wp-content\/uploads\/2024\/02\/Maxus_3_200W_Kit_22__jpg-64x30.webp 64w, https:\/\/justvape.nu\/wp-content\/uploads\/2024\/02\/Maxus_3_200W_Kit_22__jpg-300x141.webp 300w, https:\/\/justvape.nu\/wp-content\/uploads\/2024\/02\/Maxus_3_200W_Kit_22__jpg-1024x480.webp 1024w, https:\/\/justvape.nu\/wp-content\/uploads\/2024\/02\/Maxus_3_200W_Kit_22__jpg-768x360.webp 768w, https:\/\/justvape.nu\/wp-content\/uploads\/2024\/02\/Maxus_3_200W_Kit_22__jpg-1536x720.webp 1536w\" sizes=\"auto, (max-width: 1920px) 100vw, 1920px\" \/><\/a> <a href=\"https:\/\/justvape.nu\/wp-content\/uploads\/2024\/02\/Maxus_3_200W_Kit_17__jpg.webp\"><img loading=\"lazy\" decoding=\"async\" class=\"alignnone size-full wp-image-671834\" src=\"https:\/\/justvape.nu\/wp-content\/uploads\/2024\/02\/Maxus_3_200W_Kit_17__jpg.webp\" alt=\"\" width=\"1920\" height=\"900\" title=\"\" srcset=\"https:\/\/justvape.nu\/wp-content\/uploads\/2024\/02\/Maxus_3_200W_Kit_17__jpg.webp 1920w, https:\/\/justvape.nu\/wp-content\/uploads\/2024\/02\/Maxus_3_200W_Kit_17__jpg-600x281.webp 600w, https:\/\/justvape.nu\/wp-content\/uploads\/2024\/02\/Maxus_3_200W_Kit_17__jpg-64x30.webp 64w, https:\/\/justvape.nu\/wp-content\/uploads\/2024\/02\/Maxus_3_200W_Kit_17__jpg-300x141.webp 300w, https:\/\/justvape.nu\/wp-content\/uploads\/2024\/02\/Maxus_3_200W_Kit_17__jpg-1024x480.webp 1024w, https:\/\/justvape.nu\/wp-content\/uploads\/2024\/02\/Maxus_3_200W_Kit_17__jpg-768x360.webp 768w, https:\/\/justvape.nu\/wp-content\/uploads\/2024\/02\/Maxus_3_200W_Kit_17__jpg-1536x720.webp 1536w\" sizes=\"auto, (max-width: 1920px) 100vw, 1920px\" \/><\/a><\/p>\n<p>&nbsp;<\/p>\n<p><a href=\"https:\/\/justvape.nu\/wp-content\/uploads\/2018\/05\/Features.png\"><img loading=\"lazy\" decoding=\"async\" class=\"alignnone size-full wp-image-248458\" src=\"https:\/\/justvape.nu\/wp-content\/uploads\/2018\/05\/Features.png\" alt=\"\" width=\"950\" height=\"64\" title=\"\" srcset=\"https:\/\/justvape.nu\/wp-content\/uploads\/2018\/05\/Features.png 950w, https:\/\/justvape.nu\/wp-content\/uploads\/2018\/05\/Features-600x40.png 600w, https:\/\/justvape.nu\/wp-content\/uploads\/2018\/05\/Features-64x4.png 64w, https:\/\/justvape.nu\/wp-content\/uploads\/2018\/05\/Features-300x20.png 300w, https:\/\/justvape.nu\/wp-content\/uploads\/2018\/05\/Features-768x52.png 768w\" sizes=\"auto, (max-width: 950px) 100vw, 950px\" \/><\/a><\/p>\n<p>Tama\u00f1o: 43*33.8*87.4mm<br \/>\nPotencia de salida: 5-200 W<br \/>\nTensi\u00f3n de entrada: 6,6-8,4 V<br \/>\nRango de resistencia: 0.1-3\u03a9<br \/>\nModo de salida: Alimentaci\u00f3n\/VPC\/Bypass\/TC-SS316<br \/>\n\/TC-NI\/TC-TI\/TCR 1 2 3<br \/>\nBater\u00eda: Externa 18650*2 (No incluida)<br \/>\nEspecificaciones del cargador: 5V\/2A<\/p>\n<p><a href=\"https:\/\/justvape.nu\/wp-content\/uploads\/2018\/05\/Packing-List.png\"><img loading=\"lazy\" decoding=\"async\" class=\"alignnone size-full wp-image-248469\" src=\"https:\/\/justvape.nu\/wp-content\/uploads\/2018\/05\/Packing-List.png\" alt=\"\" width=\"950\" height=\"64\" title=\"\" srcset=\"https:\/\/justvape.nu\/wp-content\/uploads\/2018\/05\/Packing-List.png 950w, https:\/\/justvape.nu\/wp-content\/uploads\/2018\/05\/Packing-List-600x40.png 600w, https:\/\/justvape.nu\/wp-content\/uploads\/2018\/05\/Packing-List-64x4.png 64w, https:\/\/justvape.nu\/wp-content\/uploads\/2018\/05\/Packing-List-300x20.png 300w, https:\/\/justvape.nu\/wp-content\/uploads\/2018\/05\/Packing-List-768x52.png 768w\" sizes=\"auto, (max-width: 950px) 100vw, 950px\" \/><\/a><\/p>\n<p>1 x FreeMax Maxus 3 200W Mod<\/p>\n<p>1 x cable tipo C<\/p>\n<p>1 x manual de usuario<\/p>\n<p>1 x Tarjeta de garant\u00eda \/ tarjeta de advertencia<\/p>\n","protected":false},"excerpt":{"rendered":"<p>FREEMAX &#8211; MAXUS 3 MOD<\/p>\n","protected":false},"featured_media":671853,"comment_status":"open","ping_status":"closed","template":"","meta":{"_acf_changed":false,"_uag_custom_page_level_css":"","site-sidebar-layout":"default","site-content-layout":"","ast-site-content-layout":"default","site-content-style":"default","site-sidebar-style":"default","ast-global-header-display":"","ast-banner-title-visibility":"","ast-main-header-display":"","ast-hfb-above-header-display":"","ast-hfb-below-header-display":"","ast-hfb-mobile-header-display":"","site-post-title":"","ast-breadcrumbs-content":"","ast-featured-img":"","footer-sml-layout":"","ast-disable-related-posts":"","theme-transparent-header-meta":"default","adv-header-id-meta":"","stick-header-meta":"","header-above-stick-meta":"","header-main-stick-meta":"","header-below-stick-meta":"","astra-migrate-meta-layouts":"default","ast-page-background-enabled":"default","ast-page-background-meta":{"desktop":{"background-color":"","background-image":"","background-repeat":"repeat","background-position":"center center","background-size":"auto","background-attachment":"scroll","background-type":"","background-media":"","overlay-type":"","overlay-color":"","overlay-opacity":"","overlay-gradient":""},"tablet":{"background-color":"","background-image":"","background-repeat":"repeat","background-position":"center center","background-size":"auto","background-attachment":"scroll","background-type":"","background-media":"","overlay-type":"","overlay-color":"","overlay-opacity":"","overlay-gradient":""},"mobile":{"background-color":"","background-image":"","background-repeat":"repeat","background-position":"center center","background-size":"auto","background-attachment":"scroll","background-type":"","background-media":"","overlay-type":"","overlay-color":"","overlay-opacity":"","overlay-gradient":""}},"ast-content-background-meta":{"desktop":{"background-color":"var(--ast-global-color-5)","background-image":"","background-repeat":"repeat","background-position":"center center","background-size":"auto","background-attachment":"scroll","background-type":"","background-media":"","overlay-type":"","overlay-color":"","overlay-opacity":"","overlay-gradient":""},"tablet":{"background-color":"var(--ast-global-color-5)","background-image":"","background-repeat":"repeat","background-position":"center center","background-size":"auto","background-attachment":"scroll","background-type":"","background-media":"","overlay-type":"","overlay-color":"","overlay-opacity":"","overlay-gradient":""},"mobile":{"background-color":"var(--ast-global-color-5)","background-image":"","background-repeat":"repeat","background-position":"center center","background-size":"auto","background-attachment":"scroll","background-type":"","background-media":"","overlay-type":"","overlay-color":"","overlay-opacity":"","overlay-gradient":""}}},"product_brand":[],"product_cat":[2073,5243,2529,2125,1898,2530],"product_tag":[],"class_list":{"0":"post-672082","1":"product","2":"type-product","3":"status-publish","4":"has-post-thumbnail","6":"product_cat-cigarrillos-electronicos","7":"product_cat-freemax-es","8":"product_cat-hardware-es","9":"product_cat-mods-es","10":"product_cat-new-products-es","11":"product_cat-shop-by-brand-es","12":"desktop-align-center","13":"tablet-align-center","14":"mobile-align-center","15":"ast-product-gallery-layout-horizontal-slider","16":"ast-product-single-variable","17":"ast-product-tabs-layout-horizontal","19":"first","20":"instock","21":"sale","22":"taxable","23":"shipping-taxable","24":"purchasable","25":"product-type-variable"},"acf":[],"uagb_featured_image_src":{"full":["https:\/\/justvape.nu\/wp-content\/uploads\/2024\/02\/LnRc9cFj.jpeg",600,600,false],"thumbnail":["https:\/\/justvape.nu\/wp-content\/uploads\/2024\/02\/LnRc9cFj-150x150.jpeg",150,150,true],"medium":["https:\/\/justvape.nu\/wp-content\/uploads\/2024\/02\/LnRc9cFj-300x300.jpeg",300,300,true],"medium_large":["https:\/\/justvape.nu\/wp-content\/uploads\/2024\/02\/LnRc9cFj.jpeg",600,600,false],"large":["https:\/\/justvape.nu\/wp-content\/uploads\/2024\/02\/LnRc9cFj.jpeg",600,600,false],"1536x1536":["https:\/\/justvape.nu\/wp-content\/uploads\/2024\/02\/LnRc9cFj.jpeg",600,600,false],"2048x2048":["https:\/\/justvape.nu\/wp-content\/uploads\/2024\/02\/LnRc9cFj.jpeg",600,600,false],"woocommerce_thumbnail":["https:\/\/justvape.nu\/wp-content\/uploads\/2024\/02\/LnRc9cFj-300x300.jpeg",300,300,true],"woocommerce_single":["https:\/\/justvape.nu\/wp-content\/uploads\/2024\/02\/LnRc9cFj.jpeg",600,600,false],"woocommerce_gallery_thumbnail":["https:\/\/justvape.nu\/wp-content\/uploads\/2024\/02\/LnRc9cFj-100x100.jpeg",100,100,true],"dgwt-wcas-product-suggestion":["https:\/\/justvape.nu\/wp-content\/uploads\/2024\/02\/LnRc9cFj-64x64.jpeg",64,64,true]},"uagb_author_info":{"display_name":"Kenneth Merkur","author_link":"https:\/\/justvape.nu\/es\/author\/"},"uagb_comment_info":0,"uagb_excerpt":"FREEMAX - MAXUS 3 MOD","_links":{"self":[{"href":"https:\/\/justvape.nu\/es\/wp-json\/wp\/v2\/product\/672082","targetHints":{"allow":["GET"]}}],"collection":[{"href":"https:\/\/justvape.nu\/es\/wp-json\/wp\/v2\/product"}],"about":[{"href":"https:\/\/justvape.nu\/es\/wp-json\/wp\/v2\/types\/product"}],"replies":[{"embeddable":true,"href":"https:\/\/justvape.nu\/es\/wp-json\/wp\/v2\/comments?post=672082"}],"wp:featuredmedia":[{"embeddable":true,"href":"https:\/\/justvape.nu\/es\/wp-json\/wp\/v2\/media\/671853"}],"wp:attachment":[{"href":"https:\/\/justvape.nu\/es\/wp-json\/wp\/v2\/media?parent=672082"}],"wp:term":[{"taxonomy":"product_brand","embeddable":true,"href":"https:\/\/justvape.nu\/es\/wp-json\/wp\/v2\/product_brand?post=672082"},{"taxonomy":"product_cat","embeddable":true,"href":"https:\/\/justvape.nu\/es\/wp-json\/wp\/v2\/product_cat?post=672082"},{"taxonomy":"product_tag","embeddable":true,"href":"https:\/\/justvape.nu\/es\/wp-json\/wp\/v2\/product_tag?post=672082"}],"curies":[{"name":"wp","href":"https:\/\/api.w.org\/{rel}","templated":true}]}}