{"id":672040,"date":"2024-02-08T10:16:58","date_gmt":"2024-02-08T09:16:58","guid":{"rendered":"https:\/\/justvape.nu\/produkt\/uwell-crown-x-pod\/"},"modified":"2024-02-08T10:16:58","modified_gmt":"2024-02-08T09:16:58","slug":"uwell-crown-x-pod","status":"publish","type":"product","link":"https:\/\/justvape.nu\/es\/produkt\/uwell-crown-x-pod\/","title":{"rendered":"UWELL &#8211; CROWN X POD"},"content":{"rendered":"<h2>UWELL &#8211; CROWN X POD<\/h2>\n<p>Eleva tu experiencia de vapeo con el kit de vapeo Uwell Crown X Pod, un dispositivo de vanguardia dise\u00f1ado para los vapeadores que exigen calidad, rendimiento y estilo. Este kit es la \u00faltima incorporaci\u00f3n a la renombrada serie Crown, conocida por su excepcional calidad de fabricaci\u00f3n y sus caracter\u00edsticas innovadoras.<\/p>\n<p>El kit de vapeo Uwell Crown X Pod destaca por su elegante dise\u00f1o, que encarna la sofisticaci\u00f3n y la durabilidad. El dispositivo cuenta con una pantalla de gran nitidez, que ofrece una navegaci\u00f3n sencilla a trav\u00e9s de su interfaz de f\u00e1cil manejo. Con su vataje ajustable y ajustes de flujo de aire, el Crown X abastece tanto a los vapers directo-a-pulm\u00f3n (DTL) y boca-a-pulm\u00f3n (MTL), proporcionando una experiencia de vapeo vers\u00e1til.<\/p>\n<p>El Crown X Pod viene con un mecanismo de llenado superior, lo que hace que las recargas sean pan comido y elimina la molestia de las fugas. El kit incluye dos bobinas, dise\u00f1adas para ofrecer un sabor inigualable de su jugo de vapor y una excelente producci\u00f3n de vapor, asegurando que cada calada sea una experiencia deliciosa.<\/p>\n<p><a href=\"https:\/\/justvape.nu\/wp-content\/uploads\/2021\/06\/Specifications1.png\"><img loading=\"lazy\" decoding=\"async\" class=\"alignnone size-full wp-image-390997\" src=\"https:\/\/justvape.nu\/wp-content\/uploads\/2021\/06\/Specifications1.png\" alt=\"\" width=\"950\" height=\"64\" title=\"\" srcset=\"https:\/\/justvape.nu\/wp-content\/uploads\/2021\/06\/Specifications1.png 950w, https:\/\/justvape.nu\/wp-content\/uploads\/2021\/06\/Specifications1-600x40.png 600w, https:\/\/justvape.nu\/wp-content\/uploads\/2021\/06\/Specifications1-64x4.png 64w, https:\/\/justvape.nu\/wp-content\/uploads\/2021\/06\/Specifications1-300x20.png 300w, https:\/\/justvape.nu\/wp-content\/uploads\/2021\/06\/Specifications1-768x52.png 768w\" sizes=\"auto, (max-width: 950px) 100vw, 950px\" \/><\/a><\/p>\n<ul>\n<li><strong>Dimensiones:<\/strong> Dise\u00f1o compacto y ergon\u00f3mico para un manejo c\u00f3modo.<\/li>\n<li><strong>Bater\u00eda:<\/strong> Bater\u00eda integrada de 1500mAh de alta capacidad para sesiones de vapeo prolongadas.<\/li>\n<li><strong>Capacidad de c\u00e1psulas:<\/strong> Generosa capacidad de c\u00e1psulas, lo que permite menos recargas y m\u00e1s comodidad.<\/li>\n<li><strong>Compatibilidad de la bobina:<\/strong> Utiliza las bobinas Crown X patentadas por Uwell, asegurando un rico sabor y una densa producci\u00f3n de vapor.<\/li>\n<li><strong>Rango de vatios:<\/strong> Vataje ajustable para adaptarse a sus preferencias vaping.<\/li>\n<li><strong>Mecanismo de llenado:<\/strong> C\u00f3modo sistema de llenado superior para rellenar f\u00e1cilmente y sin ensuciar.<\/li>\n<li><strong>Flujo de aire:<\/strong> Sistema de flujo de aire ajustable para ajustar con precisi\u00f3n su experiencia vaping.<\/li>\n<\/ul>\n<p><a href=\"https:\/\/justvape.nu\/wp-content\/uploads\/2018\/05\/Packing-List.png\"><img loading=\"lazy\" decoding=\"async\" class=\"alignnone size-full wp-image-248468\" src=\"https:\/\/justvape.nu\/wp-content\/uploads\/2018\/05\/Packing-List.png\" alt=\"\" width=\"950\" height=\"64\" title=\"\" srcset=\"https:\/\/justvape.nu\/wp-content\/uploads\/2018\/05\/Packing-List.png 950w, https:\/\/justvape.nu\/wp-content\/uploads\/2018\/05\/Packing-List-600x40.png 600w, https:\/\/justvape.nu\/wp-content\/uploads\/2018\/05\/Packing-List-64x4.png 64w, https:\/\/justvape.nu\/wp-content\/uploads\/2018\/05\/Packing-List-300x20.png 300w, https:\/\/justvape.nu\/wp-content\/uploads\/2018\/05\/Packing-List-768x52.png 768w\" sizes=\"auto, (max-width: 950px) 100vw, 950px\" \/><\/a><\/p>\n<ul>\n<li>Dispositivo Uwell Crown X<\/li>\n<li>Corona X Pod<\/li>\n<li>Bobina de repuesto Uwell Crown X Meshed 0.6ohm<\/li>\n<li>Cable de carga USB<\/li>\n<li>Manual de usuario<\/li>\n<\/ul>\n","protected":false},"excerpt":{"rendered":"<p>UWELL &#8211; CROWN X POD<\/p>\n","protected":false},"featured_media":671775,"comment_status":"open","ping_status":"closed","template":"","meta":{"_acf_changed":false,"_uag_custom_page_level_css":"","site-sidebar-layout":"default","site-content-layout":"","ast-site-content-layout":"default","site-content-style":"default","site-sidebar-style":"default","ast-global-header-display":"","ast-banner-title-visibility":"","ast-main-header-display":"","ast-hfb-above-header-display":"","ast-hfb-below-header-display":"","ast-hfb-mobile-header-display":"","site-post-title":"","ast-breadcrumbs-content":"","ast-featured-img":"","footer-sml-layout":"","ast-disable-related-posts":"","theme-transparent-header-meta":"default","adv-header-id-meta":"","stick-header-meta":"default","header-above-stick-meta":"","header-main-stick-meta":"","header-below-stick-meta":"","astra-migrate-meta-layouts":"default","ast-page-background-enabled":"default","ast-page-background-meta":{"desktop":{"background-color":"","background-image":"","background-repeat":"repeat","background-position":"center center","background-size":"auto","background-attachment":"scroll","background-type":"","background-media":"","overlay-type":"","overlay-color":"","overlay-opacity":"","overlay-gradient":""},"tablet":{"background-color":"","background-image":"","background-repeat":"repeat","background-position":"center center","background-size":"auto","background-attachment":"scroll","background-type":"","background-media":"","overlay-type":"","overlay-color":"","overlay-opacity":"","overlay-gradient":""},"mobile":{"background-color":"","background-image":"","background-repeat":"repeat","background-position":"center center","background-size":"auto","background-attachment":"scroll","background-type":"","background-media":"","overlay-type":"","overlay-color":"","overlay-opacity":"","overlay-gradient":""}},"ast-content-background-meta":{"desktop":{"background-color":"var(--ast-global-color-5)","background-image":"","background-repeat":"repeat","background-position":"center center","background-size":"auto","background-attachment":"scroll","background-type":"","background-media":"","overlay-type":"","overlay-color":"","overlay-opacity":"","overlay-gradient":""},"tablet":{"background-color":"var(--ast-global-color-5)","background-image":"","background-repeat":"repeat","background-position":"center center","background-size":"auto","background-attachment":"scroll","background-type":"","background-media":"","overlay-type":"","overlay-color":"","overlay-opacity":"","overlay-gradient":""},"mobile":{"background-color":"var(--ast-global-color-5)","background-image":"","background-repeat":"repeat","background-position":"center center","background-size":"auto","background-attachment":"scroll","background-type":"","background-media":"","overlay-type":"","overlay-color":"","overlay-opacity":"","overlay-gradient":""}}},"product_brand":[],"product_cat":[2073,2529,2083,1898,2530,3431],"product_tag":[],"class_list":{"0":"post-672040","1":"product","2":"type-product","3":"status-publish","4":"has-post-thumbnail","6":"product_cat-cigarrillos-electronicos","7":"product_cat-hardware-es","8":"product_cat-kits-para-principiantes-y-pods","9":"product_cat-new-products-es","10":"product_cat-shop-by-brand-es","11":"product_cat-uwell-es","12":"desktop-align-center","13":"tablet-align-center","14":"mobile-align-center","15":"ast-product-gallery-layout-horizontal-slider","16":"ast-product-single-variable","17":"ast-product-tabs-layout-horizontal","19":"first","20":"instock","21":"sale","22":"taxable","23":"shipping-taxable","24":"purchasable","25":"product-type-variable"},"acf":[],"uagb_featured_image_src":{"full":["https:\/\/justvape.nu\/wp-content\/uploads\/2024\/02\/MCeENGh4.jpeg",600,600,false],"thumbnail":["https:\/\/justvape.nu\/wp-content\/uploads\/2024\/02\/MCeENGh4-150x150.jpeg",150,150,true],"medium":["https:\/\/justvape.nu\/wp-content\/uploads\/2024\/02\/MCeENGh4-300x300.jpeg",300,300,true],"medium_large":["https:\/\/justvape.nu\/wp-content\/uploads\/2024\/02\/MCeENGh4.jpeg",600,600,false],"large":["https:\/\/justvape.nu\/wp-content\/uploads\/2024\/02\/MCeENGh4.jpeg",600,600,false],"1536x1536":["https:\/\/justvape.nu\/wp-content\/uploads\/2024\/02\/MCeENGh4.jpeg",600,600,false],"2048x2048":["https:\/\/justvape.nu\/wp-content\/uploads\/2024\/02\/MCeENGh4.jpeg",600,600,false],"woocommerce_thumbnail":["https:\/\/justvape.nu\/wp-content\/uploads\/2024\/02\/MCeENGh4-300x300.jpeg",300,300,true],"woocommerce_single":["https:\/\/justvape.nu\/wp-content\/uploads\/2024\/02\/MCeENGh4.jpeg",600,600,false],"woocommerce_gallery_thumbnail":["https:\/\/justvape.nu\/wp-content\/uploads\/2024\/02\/MCeENGh4-100x100.jpeg",100,100,true],"dgwt-wcas-product-suggestion":["https:\/\/justvape.nu\/wp-content\/uploads\/2024\/02\/MCeENGh4-64x64.jpeg",64,64,true]},"uagb_author_info":{"display_name":"Kenneth Merkur","author_link":"https:\/\/justvape.nu\/es\/author\/"},"uagb_comment_info":0,"uagb_excerpt":"UWELL - CROWN X POD","_links":{"self":[{"href":"https:\/\/justvape.nu\/es\/wp-json\/wp\/v2\/product\/672040","targetHints":{"allow":["GET"]}}],"collection":[{"href":"https:\/\/justvape.nu\/es\/wp-json\/wp\/v2\/product"}],"about":[{"href":"https:\/\/justvape.nu\/es\/wp-json\/wp\/v2\/types\/product"}],"replies":[{"embeddable":true,"href":"https:\/\/justvape.nu\/es\/wp-json\/wp\/v2\/comments?post=672040"}],"wp:featuredmedia":[{"embeddable":true,"href":"https:\/\/justvape.nu\/es\/wp-json\/wp\/v2\/media\/671775"}],"wp:attachment":[{"href":"https:\/\/justvape.nu\/es\/wp-json\/wp\/v2\/media?parent=672040"}],"wp:term":[{"taxonomy":"product_brand","embeddable":true,"href":"https:\/\/justvape.nu\/es\/wp-json\/wp\/v2\/product_brand?post=672040"},{"taxonomy":"product_cat","embeddable":true,"href":"https:\/\/justvape.nu\/es\/wp-json\/wp\/v2\/product_cat?post=672040"},{"taxonomy":"product_tag","embeddable":true,"href":"https:\/\/justvape.nu\/es\/wp-json\/wp\/v2\/product_tag?post=672040"}],"curies":[{"name":"wp","href":"https:\/\/api.w.org\/{rel}","templated":true}]}}