{"id":670559,"date":"2024-02-04T11:36:59","date_gmt":"2024-02-04T10:36:59","guid":{"rendered":"https:\/\/justvape.nu\/produkt\/aspire-veynom-ex-kit\/"},"modified":"2024-02-05T12:17:53","modified_gmt":"2024-02-05T11:17:53","slug":"aspire-veynom-ex-kit","status":"publish","type":"product","link":"https:\/\/justvape.nu\/es\/produkt\/aspire-veynom-ex-kit\/","title":{"rendered":"ASPIRE &#8211; VEYNOM EX KIT"},"content":{"rendered":"<h2>ASPIRE &#8211; VEYNOM EX KIT<\/h2>\n<p>Experimenta lo \u00faltimo en perfecci\u00f3n de vapeo con el Veynom EX. Este dispositivo, fabricado por expertos, combina a la perfecci\u00f3n el dise\u00f1o cl\u00e1sico con la tecnolog\u00eda m\u00e1s avanzada, y cuenta con iluminaci\u00f3n personalizable, modos de vapeo vers\u00e1tiles, funciones de seguridad de primera l\u00ednea y materiales de lujo. Elija entre tres opciones de fuente de alimentaci\u00f3n (bater\u00edas externas 18650, 20700 o 21700) para adaptarla a su estilo. Adem\u00e1s, con la carga r\u00e1pida Type-C 2A, tu Veynom volver\u00e1 a estar a plena potencia en un abrir y cerrar de ojos.<\/p>\n<p><a href=\"https:\/\/justvape.nu\/wp-content\/uploads\/2018\/05\/Color-Schemes.png\"><img loading=\"lazy\" decoding=\"async\" class=\"alignnone size-full wp-image-19187\" src=\"https:\/\/justvape.nu\/wp-content\/uploads\/2018\/05\/Color-Schemes.png\" alt=\"\" width=\"950\" height=\"64\" title=\"\" srcset=\"https:\/\/justvape.nu\/wp-content\/uploads\/2018\/05\/Color-Schemes.png 950w, https:\/\/justvape.nu\/wp-content\/uploads\/2018\/05\/Color-Schemes-555x37.png 555w, https:\/\/justvape.nu\/wp-content\/uploads\/2018\/05\/Color-Schemes-64x4.png 64w, https:\/\/justvape.nu\/wp-content\/uploads\/2018\/05\/Color-Schemes-300x20.png 300w, https:\/\/justvape.nu\/wp-content\/uploads\/2018\/05\/Color-Schemes-768x52.png 768w\" sizes=\"auto, (max-width: 950px) 100vw, 950px\" \/><\/a><\/p>\n<p><a href=\"https:\/\/justvape.nu\/wp-content\/uploads\/2024\/02\/kit-pod-veynom-ex-100w-aspire-1-e1707042689622.jpg\"><img loading=\"lazy\" decoding=\"async\" class=\"alignnone wp-image-670432\" src=\"https:\/\/justvape.nu\/wp-content\/uploads\/2024\/02\/kit-pod-veynom-ex-100w-aspire-1-e1707042689622.jpg\" alt=\"\" width=\"939\" height=\"509\" title=\"\" srcset=\"https:\/\/justvape.nu\/wp-content\/uploads\/2024\/02\/kit-pod-veynom-ex-100w-aspire-1-e1707042689622.jpg 646w, https:\/\/justvape.nu\/wp-content\/uploads\/2024\/02\/kit-pod-veynom-ex-100w-aspire-1-e1707042689622-600x325.jpg 600w, https:\/\/justvape.nu\/wp-content\/uploads\/2024\/02\/kit-pod-veynom-ex-100w-aspire-1-e1707042689622-64x35.jpg 64w, https:\/\/justvape.nu\/wp-content\/uploads\/2024\/02\/kit-pod-veynom-ex-100w-aspire-1-e1707042689622-300x163.jpg 300w\" sizes=\"auto, (max-width: 939px) 100vw, 939px\" \/><\/a><\/p>\n<h3 class=\"fusion-responsive-typography-calculated\" data-fontsize=\"18\" data-lineheight=\"21.6px\"><a href=\"https:\/\/justvape.nu\/wp-content\/uploads\/2021\/06\/Specifications1.png\"><img loading=\"lazy\" decoding=\"async\" class=\"alignnone size-full wp-image-390997\" src=\"https:\/\/justvape.nu\/wp-content\/uploads\/2021\/06\/Specifications1.png\" alt=\"\" width=\"950\" height=\"64\" title=\"\" srcset=\"https:\/\/justvape.nu\/wp-content\/uploads\/2021\/06\/Specifications1.png 950w, https:\/\/justvape.nu\/wp-content\/uploads\/2021\/06\/Specifications1-600x40.png 600w, https:\/\/justvape.nu\/wp-content\/uploads\/2021\/06\/Specifications1-64x4.png 64w, https:\/\/justvape.nu\/wp-content\/uploads\/2021\/06\/Specifications1-300x20.png 300w, https:\/\/justvape.nu\/wp-content\/uploads\/2021\/06\/Specifications1-768x52.png 768w\" sizes=\"auto, (max-width: 950px) 100vw, 950px\" \/><\/a><\/h3>\n<ul>\n<li>Compatibilidad con pilas: 18650\/20700\/21700 (no incluidas)<\/li>\n<li>Modos de salida: Auto, Tensi\u00f3n\/Vataje variable, Bypass, Control de temperatura, Curva de potencia<\/li>\n<li>Potencia de salida: 1 &#8211; 100W<\/li>\n<li>Pantalla: 0,96\u2033 TFT Color<\/li>\n<li>Carga: Tipo-C integrado, 2A (las bater\u00edas externas pueden cargarse con un cargador externo).<\/li>\n<li>Dimensiones: 138,5 * 29 * 35,5 mm<\/li>\n<li>Peso: 172 g<\/li>\n<li>Capacidad del pod: 2ml<\/li>\n<li>Llenado de e-l\u00edquido: Relleno superior a rosca<\/li>\n<li>Flujo de aire: Gire la vaina para ajustar<\/li>\n<li>Compatibilidad con bobinas: Aspire BP Series<\/li>\n<\/ul>\n<h2 class=\"fusion-responsive-typography-calculated\" data-fontsize=\"35\" data-lineheight=\"42px\"><a href=\"https:\/\/justvape.nu\/wp-content\/uploads\/2018\/05\/Features.png\"><img loading=\"lazy\" decoding=\"async\" class=\"alignnone size-full wp-image-248458\" src=\"https:\/\/justvape.nu\/wp-content\/uploads\/2018\/05\/Features.png\" alt=\"\" width=\"950\" height=\"64\" title=\"\" srcset=\"https:\/\/justvape.nu\/wp-content\/uploads\/2018\/05\/Features.png 950w, https:\/\/justvape.nu\/wp-content\/uploads\/2018\/05\/Features-600x40.png 600w, https:\/\/justvape.nu\/wp-content\/uploads\/2018\/05\/Features-64x4.png 64w, https:\/\/justvape.nu\/wp-content\/uploads\/2018\/05\/Features-300x20.png 300w, https:\/\/justvape.nu\/wp-content\/uploads\/2018\/05\/Features-768x52.png 768w\" sizes=\"auto, (max-width: 950px) 100vw, 950px\" \/><\/a><\/h2>\n<ul>\n<li>8 colores a elegir<\/li>\n<li>Flujo de aire ajustable<\/li>\n<li>Dise\u00f1o de c\u00e1psula antifugas de llenado superior<\/li>\n<li>Materiales de alta calidad<\/li>\n<li>6 efectos de iluminaci\u00f3n<\/li>\n<li>Compatible con 3 tama\u00f1os de pilas<\/li>\n<li>Modos MTL\/DTL\/RDL disponibles<\/li>\n<\/ul>\n<p><a href=\"https:\/\/justvape.nu\/wp-content\/uploads\/2018\/05\/Packing-List.png\"><img loading=\"lazy\" decoding=\"async\" class=\"alignnone size-full wp-image-248468\" src=\"https:\/\/justvape.nu\/wp-content\/uploads\/2018\/05\/Packing-List.png\" alt=\"\" width=\"950\" height=\"64\" title=\"\" srcset=\"https:\/\/justvape.nu\/wp-content\/uploads\/2018\/05\/Packing-List.png 950w, https:\/\/justvape.nu\/wp-content\/uploads\/2018\/05\/Packing-List-600x40.png 600w, https:\/\/justvape.nu\/wp-content\/uploads\/2018\/05\/Packing-List-64x4.png 64w, https:\/\/justvape.nu\/wp-content\/uploads\/2018\/05\/Packing-List-300x20.png 300w, https:\/\/justvape.nu\/wp-content\/uploads\/2018\/05\/Packing-List-768x52.png 768w\" sizes=\"auto, (max-width: 950px) 100vw, 950px\" \/><\/a><\/p>\n<ul>\n<li>1 x Dispositivo Aspire Veynom EX<\/li>\n<li>1 x Aaspire Veynom Pod 2ml<\/li>\n<li>1 x Aspire BP 0.15\u03a9 Bobina<\/li>\n<li>1 x Aspire BP 0.3\u03a9 Bobina<\/li>\n<li>1 x Funda adaptadora de pilas<\/li>\n<li>1 x manual de usuario<\/li>\n<li>1 x Cable de carga USBC-C<\/li>\n<\/ul>\n","protected":false},"excerpt":{"rendered":"<p>ASPIRE &#8211; VEYNOM EX KIT<\/p>\n","protected":false},"featured_media":670446,"comment_status":"open","ping_status":"closed","template":"","meta":{"_acf_changed":false,"_uag_custom_page_level_css":"","site-sidebar-layout":"default","site-content-layout":"","ast-site-content-layout":"default","site-content-style":"default","site-sidebar-style":"default","ast-global-header-display":"","ast-banner-title-visibility":"","ast-main-header-display":"","ast-hfb-above-header-display":"","ast-hfb-below-header-display":"","ast-hfb-mobile-header-display":"","site-post-title":"","ast-breadcrumbs-content":"","ast-featured-img":"","footer-sml-layout":"","ast-disable-related-posts":"","theme-transparent-header-meta":"default","adv-header-id-meta":"","stick-header-meta":"default","header-above-stick-meta":"","header-main-stick-meta":"","header-below-stick-meta":"","astra-migrate-meta-layouts":"default","ast-page-background-enabled":"default","ast-page-background-meta":{"desktop":{"background-color":"","background-image":"","background-repeat":"repeat","background-position":"center center","background-size":"auto","background-attachment":"scroll","background-type":"","background-media":"","overlay-type":"","overlay-color":"","overlay-opacity":"","overlay-gradient":""},"tablet":{"background-color":"","background-image":"","background-repeat":"repeat","background-position":"center center","background-size":"auto","background-attachment":"scroll","background-type":"","background-media":"","overlay-type":"","overlay-color":"","overlay-opacity":"","overlay-gradient":""},"mobile":{"background-color":"","background-image":"","background-repeat":"repeat","background-position":"center center","background-size":"auto","background-attachment":"scroll","background-type":"","background-media":"","overlay-type":"","overlay-color":"","overlay-opacity":"","overlay-gradient":""}},"ast-content-background-meta":{"desktop":{"background-color":"var(--ast-global-color-5)","background-image":"","background-repeat":"repeat","background-position":"center center","background-size":"auto","background-attachment":"scroll","background-type":"","background-media":"","overlay-type":"","overlay-color":"","overlay-opacity":"","overlay-gradient":""},"tablet":{"background-color":"var(--ast-global-color-5)","background-image":"","background-repeat":"repeat","background-position":"center center","background-size":"auto","background-attachment":"scroll","background-type":"","background-media":"","overlay-type":"","overlay-color":"","overlay-opacity":"","overlay-gradient":""},"mobile":{"background-color":"var(--ast-global-color-5)","background-image":"","background-repeat":"repeat","background-position":"center center","background-size":"auto","background-attachment":"scroll","background-type":"","background-media":"","overlay-type":"","overlay-color":"","overlay-opacity":"","overlay-gradient":""}}},"product_brand":[],"product_cat":[3194,2073,2529,2146,1898,2530],"product_tag":[],"class_list":{"0":"post-670559","1":"product","2":"type-product","3":"status-publish","4":"has-post-thumbnail","6":"product_cat-aspirar","7":"product_cat-cigarrillos-electronicos","8":"product_cat-hardware-es","9":"product_cat-kits-de-subohmios","10":"product_cat-new-products-es","11":"product_cat-shop-by-brand-es","12":"desktop-align-center","13":"tablet-align-center","14":"mobile-align-center","15":"ast-product-gallery-layout-horizontal-slider","16":"ast-product-gallery-with-no-image","17":"ast-product-single-variable","18":"ast-product-tabs-layout-horizontal","20":"first","21":"instock","22":"sale","23":"featured","24":"taxable","25":"shipping-taxable","26":"purchasable","27":"product-type-variable"},"acf":[],"uagb_featured_image_src":{"full":["https:\/\/justvape.nu\/wp-content\/uploads\/2024\/02\/VEYNOM-EX-KIT-COMPLETO-ASPIRE.jpg",800,800,false],"thumbnail":["https:\/\/justvape.nu\/wp-content\/uploads\/2024\/02\/VEYNOM-EX-KIT-COMPLETO-ASPIRE-150x150.jpg",150,150,true],"medium":["https:\/\/justvape.nu\/wp-content\/uploads\/2024\/02\/VEYNOM-EX-KIT-COMPLETO-ASPIRE-300x300.jpg",300,300,true],"medium_large":["https:\/\/justvape.nu\/wp-content\/uploads\/2024\/02\/VEYNOM-EX-KIT-COMPLETO-ASPIRE-768x768.jpg",768,768,true],"large":["https:\/\/justvape.nu\/wp-content\/uploads\/2024\/02\/VEYNOM-EX-KIT-COMPLETO-ASPIRE.jpg",800,800,false],"1536x1536":["https:\/\/justvape.nu\/wp-content\/uploads\/2024\/02\/VEYNOM-EX-KIT-COMPLETO-ASPIRE.jpg",800,800,false],"2048x2048":["https:\/\/justvape.nu\/wp-content\/uploads\/2024\/02\/VEYNOM-EX-KIT-COMPLETO-ASPIRE.jpg",800,800,false],"woocommerce_thumbnail":["https:\/\/justvape.nu\/wp-content\/uploads\/2024\/02\/VEYNOM-EX-KIT-COMPLETO-ASPIRE-300x300.jpg",300,300,true],"woocommerce_single":["https:\/\/justvape.nu\/wp-content\/uploads\/2024\/02\/VEYNOM-EX-KIT-COMPLETO-ASPIRE-600x600.jpg",600,600,true],"woocommerce_gallery_thumbnail":["https:\/\/justvape.nu\/wp-content\/uploads\/2024\/02\/VEYNOM-EX-KIT-COMPLETO-ASPIRE-100x100.jpg",100,100,true],"dgwt-wcas-product-suggestion":["https:\/\/justvape.nu\/wp-content\/uploads\/2024\/02\/VEYNOM-EX-KIT-COMPLETO-ASPIRE-64x64.jpg",64,64,true]},"uagb_author_info":{"display_name":"Kenneth Merkur","author_link":"https:\/\/justvape.nu\/es\/author\/"},"uagb_comment_info":0,"uagb_excerpt":"ASPIRE - VEYNOM EX KIT","_links":{"self":[{"href":"https:\/\/justvape.nu\/es\/wp-json\/wp\/v2\/product\/670559","targetHints":{"allow":["GET"]}}],"collection":[{"href":"https:\/\/justvape.nu\/es\/wp-json\/wp\/v2\/product"}],"about":[{"href":"https:\/\/justvape.nu\/es\/wp-json\/wp\/v2\/types\/product"}],"replies":[{"embeddable":true,"href":"https:\/\/justvape.nu\/es\/wp-json\/wp\/v2\/comments?post=670559"}],"wp:featuredmedia":[{"embeddable":true,"href":"https:\/\/justvape.nu\/es\/wp-json\/wp\/v2\/media\/670446"}],"wp:attachment":[{"href":"https:\/\/justvape.nu\/es\/wp-json\/wp\/v2\/media?parent=670559"}],"wp:term":[{"taxonomy":"product_brand","embeddable":true,"href":"https:\/\/justvape.nu\/es\/wp-json\/wp\/v2\/product_brand?post=670559"},{"taxonomy":"product_cat","embeddable":true,"href":"https:\/\/justvape.nu\/es\/wp-json\/wp\/v2\/product_cat?post=670559"},{"taxonomy":"product_tag","embeddable":true,"href":"https:\/\/justvape.nu\/es\/wp-json\/wp\/v2\/product_tag?post=670559"}],"curies":[{"name":"wp","href":"https:\/\/api.w.org\/{rel}","templated":true}]}}