{"id":655280,"date":"2023-11-30T21:11:46","date_gmt":"2023-11-30T20:11:46","guid":{"rendered":"https:\/\/justvape.nu\/produkt\/innokin-zenith-minimal-tank\/"},"modified":"2023-11-30T21:11:46","modified_gmt":"2023-11-30T20:11:46","slug":"innokin-zenith-minimal-tank","status":"publish","type":"product","link":"https:\/\/justvape.nu\/es\/produkt\/innokin-zenith-minimal-tank\/","title":{"rendered":"INNOKIN &#8211; ZENITH MINIMAL TANK"},"content":{"rendered":"<div class=\" product-block product-block--title product-block--first \">\n<h2 class=\"product-title\">INNOKIN &#8211; ZENITH MINIMAL TANK<\/h2>\n<\/div>\n<div class=\" product-block product-block--vendor \">El Innokin Zenith Minimal Tank es un c\u00f3modo tanque con conexi\u00f3n 510 dise\u00f1ado para ser f\u00e1cil de usar y es espec\u00edficamente compatible con el Innokin EZ Tube Zenith Minimal Kit. Este tanque est\u00e1 dise\u00f1ado para funcionar a la perfecci\u00f3n con las bobinas Z de Innokin, atendiendo a una amplia gama de preferencias de vapeo, incluyendo los estilos MTL (boca a pulm\u00f3n) y RDL (directo a pulm\u00f3n restringido). Con su anillo de flujo de aire ajustable, tienes la flexibilidad de personalizar tu inhalaci\u00f3n, logrando una experiencia de vapeo m\u00e1s aireada o restringida. El tanque cuenta con un dise\u00f1o sin complicaciones, lo que facilita las recargas a trav\u00e9s de su dise\u00f1o de llenado superior, y la instalaci\u00f3n push-fit asegura que la sustituci\u00f3n de la bobina es un proceso r\u00e1pido y sin esfuerzo.<\/div>\n<div>\n<p><a href=\"https:\/\/justvape.nu\/wp-content\/uploads\/2018\/05\/Specifications.png\"><img loading=\"lazy\" decoding=\"async\" class=\"alignnone size-full wp-image-248448\" src=\"https:\/\/justvape.nu\/wp-content\/uploads\/2018\/05\/Specifications.png\" alt=\"\" width=\"950\" height=\"64\" title=\"\" srcset=\"https:\/\/justvape.nu\/wp-content\/uploads\/2018\/05\/Specifications.png 950w, https:\/\/justvape.nu\/wp-content\/uploads\/2018\/05\/Specifications-600x40.png 600w, https:\/\/justvape.nu\/wp-content\/uploads\/2018\/05\/Specifications-64x4.png 64w, https:\/\/justvape.nu\/wp-content\/uploads\/2018\/05\/Specifications-300x20.png 300w, https:\/\/justvape.nu\/wp-content\/uploads\/2018\/05\/Specifications-768x52.png 768w\" sizes=\"auto, (max-width: 950px) 100vw, 950px\" \/><\/a><\/p>\n<div class=\"collapsible-tab__text\">\n<p>1. La forma se une a la funci\u00f3n.<br \/>\n2. Compatible con todas las bobinas Z.<br \/>\n3. El nuevo tap\u00f3n superior con cierre de 1\/4 de vuelta permite recargas r\u00e1pidas y seguras.<br \/>\n4. Cambios de bobina Plug-pull.<br \/>\n5. El Zenith Minimal cuenta con un control del flujo de aire suave y preciso.<br \/>\n6. Limpieza sin complicaciones.<\/p>\n<p><a href=\"https:\/\/justvape.nu\/wp-content\/uploads\/2018\/05\/Packing-List.png\"><img loading=\"lazy\" decoding=\"async\" class=\"alignnone size-full wp-image-18995\" src=\"https:\/\/justvape.nu\/wp-content\/uploads\/2018\/05\/Packing-List.png\" alt=\"\" width=\"950\" height=\"64\" title=\"\" srcset=\"https:\/\/justvape.nu\/wp-content\/uploads\/2018\/05\/Packing-List.png 950w, https:\/\/justvape.nu\/wp-content\/uploads\/2018\/05\/Packing-List-555x37.png 555w, https:\/\/justvape.nu\/wp-content\/uploads\/2018\/05\/Packing-List-64x4.png 64w, https:\/\/justvape.nu\/wp-content\/uploads\/2018\/05\/Packing-List-300x20.png 300w, https:\/\/justvape.nu\/wp-content\/uploads\/2018\/05\/Packing-List-768x52.png 768w\" sizes=\"auto, (max-width: 950px) 100vw, 950px\" \/><\/a><\/p>\n<p>1x Tanque Zenith Minimal 2ml TPD (0.8\u03a9 MTL Z-Coil y MTL Yellow Drip Tip instalados)<br \/>\n1x Bobina Z RDL de repuesto de 0,3\u03a9<br \/>\n1x Repuesto MTL Negro Drip Tip<br \/>\n1x Repuesto RDL Negro Drip Tip<br \/>\n1x juntas t\u00f3ricas de repuesto<br \/>\n1x gu\u00eda de inicio r\u00e1pido<\/p>\n<\/div>\n<\/div>\n","protected":false},"excerpt":{"rendered":"<p>INNOKIN &#8211; ZENITH MINIMAL TANK<\/p>\n","protected":false},"featured_media":655159,"comment_status":"open","ping_status":"closed","template":"","meta":{"_acf_changed":false,"_uag_custom_page_level_css":"","site-sidebar-layout":"default","site-content-layout":"","ast-site-content-layout":"default","site-content-style":"default","site-sidebar-style":"default","ast-global-header-display":"","ast-banner-title-visibility":"","ast-main-header-display":"","ast-hfb-above-header-display":"","ast-hfb-below-header-display":"","ast-hfb-mobile-header-display":"","site-post-title":"","ast-breadcrumbs-content":"","ast-featured-img":"","footer-sml-layout":"","ast-disable-related-posts":"","theme-transparent-header-meta":"default","adv-header-id-meta":"","stick-header-meta":"default","header-above-stick-meta":"","header-main-stick-meta":"","header-below-stick-meta":"","astra-migrate-meta-layouts":"default","ast-page-background-enabled":"default","ast-page-background-meta":{"desktop":{"background-color":"","background-image":"","background-repeat":"repeat","background-position":"center center","background-size":"auto","background-attachment":"scroll","background-type":"","background-media":"","overlay-type":"","overlay-color":"","overlay-opacity":"","overlay-gradient":""},"tablet":{"background-color":"","background-image":"","background-repeat":"repeat","background-position":"center center","background-size":"auto","background-attachment":"scroll","background-type":"","background-media":"","overlay-type":"","overlay-color":"","overlay-opacity":"","overlay-gradient":""},"mobile":{"background-color":"","background-image":"","background-repeat":"repeat","background-position":"center center","background-size":"auto","background-attachment":"scroll","background-type":"","background-media":"","overlay-type":"","overlay-color":"","overlay-opacity":"","overlay-gradient":""}},"ast-content-background-meta":{"desktop":{"background-color":"var(--ast-global-color-5)","background-image":"","background-repeat":"repeat","background-position":"center center","background-size":"auto","background-attachment":"scroll","background-type":"","background-media":"","overlay-type":"","overlay-color":"","overlay-opacity":"","overlay-gradient":""},"tablet":{"background-color":"var(--ast-global-color-5)","background-image":"","background-repeat":"repeat","background-position":"center center","background-size":"auto","background-attachment":"scroll","background-type":"","background-media":"","overlay-type":"","overlay-color":"","overlay-opacity":"","overlay-gradient":""},"mobile":{"background-color":"var(--ast-global-color-5)","background-image":"","background-repeat":"repeat","background-position":"center center","background-size":"auto","background-attachment":"scroll","background-type":"","background-media":"","overlay-type":"","overlay-color":"","overlay-opacity":"","overlay-gradient":""}}},"product_brand":[],"product_cat":[2529,2543,1898,2530,2043,1983],"product_tag":[],"class_list":{"0":"post-655280","1":"product","2":"type-product","3":"status-publish","4":"has-post-thumbnail","6":"product_cat-hardware-es","7":"product_cat-innokin-es","8":"product_cat-new-products-es","9":"product_cat-shop-by-brand-es","10":"product_cat-tanques","11":"product_cat-tanques-y-bobinas","12":"desktop-align-center","13":"tablet-align-center","14":"mobile-align-center","15":"ast-product-gallery-layout-horizontal-slider","16":"ast-product-single-variable","17":"ast-product-tabs-layout-horizontal","19":"first","20":"instock","21":"sale","22":"taxable","23":"shipping-taxable","24":"purchasable","25":"product-type-variable"},"acf":[],"uagb_featured_image_src":{"full":["https:\/\/justvape.nu\/wp-content\/uploads\/2023\/11\/I2Uuo8p.jpeg",600,600,false],"thumbnail":["https:\/\/justvape.nu\/wp-content\/uploads\/2023\/11\/I2Uuo8p-150x150.jpeg",150,150,true],"medium":["https:\/\/justvape.nu\/wp-content\/uploads\/2023\/11\/I2Uuo8p-300x300.jpeg",300,300,true],"medium_large":["https:\/\/justvape.nu\/wp-content\/uploads\/2023\/11\/I2Uuo8p.jpeg",600,600,false],"large":["https:\/\/justvape.nu\/wp-content\/uploads\/2023\/11\/I2Uuo8p.jpeg",600,600,false],"1536x1536":["https:\/\/justvape.nu\/wp-content\/uploads\/2023\/11\/I2Uuo8p.jpeg",600,600,false],"2048x2048":["https:\/\/justvape.nu\/wp-content\/uploads\/2023\/11\/I2Uuo8p.jpeg",600,600,false],"woocommerce_thumbnail":["https:\/\/justvape.nu\/wp-content\/uploads\/2023\/11\/I2Uuo8p-300x300.jpeg",300,300,true],"woocommerce_single":["https:\/\/justvape.nu\/wp-content\/uploads\/2023\/11\/I2Uuo8p.jpeg",600,600,false],"woocommerce_gallery_thumbnail":["https:\/\/justvape.nu\/wp-content\/uploads\/2023\/11\/I2Uuo8p-100x100.jpeg",100,100,true],"dgwt-wcas-product-suggestion":["https:\/\/justvape.nu\/wp-content\/uploads\/2023\/11\/I2Uuo8p-64x64.jpeg",64,64,true]},"uagb_author_info":{"display_name":"Kenneth Merkur","author_link":"https:\/\/justvape.nu\/es\/author\/"},"uagb_comment_info":0,"uagb_excerpt":"INNOKIN - ZENITH MINIMAL TANK","_links":{"self":[{"href":"https:\/\/justvape.nu\/es\/wp-json\/wp\/v2\/product\/655280","targetHints":{"allow":["GET"]}}],"collection":[{"href":"https:\/\/justvape.nu\/es\/wp-json\/wp\/v2\/product"}],"about":[{"href":"https:\/\/justvape.nu\/es\/wp-json\/wp\/v2\/types\/product"}],"replies":[{"embeddable":true,"href":"https:\/\/justvape.nu\/es\/wp-json\/wp\/v2\/comments?post=655280"}],"wp:featuredmedia":[{"embeddable":true,"href":"https:\/\/justvape.nu\/es\/wp-json\/wp\/v2\/media\/655159"}],"wp:attachment":[{"href":"https:\/\/justvape.nu\/es\/wp-json\/wp\/v2\/media?parent=655280"}],"wp:term":[{"taxonomy":"product_brand","embeddable":true,"href":"https:\/\/justvape.nu\/es\/wp-json\/wp\/v2\/product_brand?post=655280"},{"taxonomy":"product_cat","embeddable":true,"href":"https:\/\/justvape.nu\/es\/wp-json\/wp\/v2\/product_cat?post=655280"},{"taxonomy":"product_tag","embeddable":true,"href":"https:\/\/justvape.nu\/es\/wp-json\/wp\/v2\/product_tag?post=655280"}],"curies":[{"name":"wp","href":"https:\/\/api.w.org\/{rel}","templated":true}]}}