{"id":653817,"date":"2023-11-23T17:54:23","date_gmt":"2023-11-23T16:54:23","guid":{"rendered":"https:\/\/justvape.nu\/?post_type=product&#038;p=653817"},"modified":"2023-11-23T18:25:35","modified_gmt":"2023-11-23T17:25:35","slug":"cthulhu-mod-520-tank-copy","status":"publish","type":"product","link":"https:\/\/justvape.nu\/es\/produkt\/cthulhu-mod-520-tank-copy\/","title":{"rendered":"CTHULHU MOD &#8211; 850 BORO RBA"},"content":{"rendered":"<h2>CTHULHU MOD &#8211; 850 BORO RBA<\/h2>\n<p>&nbsp;<\/p>\n<p>El 850 RBA Boro Tank de Cthulhu Mods es el accesorio perfecto para cualquier entusiasta del vapeo. Este tanque es compatible con todos los mods estilo Billet Box y el Cthulhu AIO Mod. Su dise\u00f1o elegante y compacto est\u00e1 optimizado para la construcci\u00f3n de bobinas individuales DIY, lo que facilita la construcci\u00f3n de bobinas y la personalizaci\u00f3n de su experiencia de vapeo.<\/p>\n<p dir=\"ltr\">El Boro 850 RBA de Cthulhu es compatible con todos los formatos Boro Box y Billet Box.<\/p>\n<p>Viene con el famoso tanque Kraken Boro 5mL, que se puede llenar a trav\u00e9s de la pesta\u00f1a de pl\u00e1stico en la parte frontal del tanque.<\/p>\n<p dir=\"ltr\">El Boro 850 RBA tiene 3 partes. Una placa de montaje de bobina \u00fanica, una c\u00e1mara de atomizaci\u00f3n y una chimenea. S\u00f3lo tienes que encajarlos (como se muestra en la foto).<\/p>\n<p dir=\"ltr\">Por supuesto, el flujo de aire puede ajustarse utilizando 4 Airpins (suministrados en el kit), que deben atornillarse a la placa de montaje (hardware no suministrado).<\/p>\n<p><a href=\"https:\/\/justvape.nu\/wp-content\/uploads\/2018\/05\/Specifications.png\"><img loading=\"lazy\" decoding=\"async\" class=\"alignnone size-full wp-image-248449\" src=\"https:\/\/justvape.nu\/wp-content\/uploads\/2018\/05\/Specifications.png\" alt=\"\" width=\"950\" height=\"64\" title=\"\" srcset=\"https:\/\/justvape.nu\/wp-content\/uploads\/2018\/05\/Specifications.png 950w, https:\/\/justvape.nu\/wp-content\/uploads\/2018\/05\/Specifications-600x40.png 600w, https:\/\/justvape.nu\/wp-content\/uploads\/2018\/05\/Specifications-64x4.png 64w, https:\/\/justvape.nu\/wp-content\/uploads\/2018\/05\/Specifications-300x20.png 300w, https:\/\/justvape.nu\/wp-content\/uploads\/2018\/05\/Specifications-768x52.png 768w\" sizes=\"auto, (max-width: 950px) 100vw, 950px\" \/><\/a><\/p>\n<p>&nbsp;<\/p>\n<ul>\n<li>850 RBA Dise\u00f1ado Para Verdadero RDL y DL Vaping<\/li>\n<li>Tiene una chimenea de c\u00fapula m\u00e1s peque\u00f1a para mejorar el sabor y el golpe en la garganta<\/li>\n<li>Tama\u00f1o del pasador de flujo de aire: 1,5 mm, 2,0 mm, 2,6 mm, 3,2 mm, 3,8 mm<\/li>\n<li>F\u00e1cil construcci\u00f3n de bobinas y cubierta de mecha<\/li>\n<li>Dise\u00f1o de flujo de aire silencioso y suave<\/li>\n<li>Rosca 510 para facilitar el bobinado<\/li>\n<li>Viene con Kraken Tank (Kraken Tank es totalmente compatible con otros Boro Bridge)<\/li>\n<\/ul>\n<p><a style=\"font-size: 16px; background-color: #ffffff;\" href=\"https:\/\/justvape.nu\/wp-content\/uploads\/2018\/04\/Packing-List.png\"><br \/>\n<img loading=\"lazy\" decoding=\"async\" class=\"alignnone size-full wp-image-18999\" src=\"https:\/\/justvape.nu\/wp-content\/uploads\/2018\/04\/Packing-List.png\" alt=\"\" width=\"950\" height=\"64\" title=\"\" srcset=\"https:\/\/justvape.nu\/wp-content\/uploads\/2018\/04\/Packing-List.png 950w, https:\/\/justvape.nu\/wp-content\/uploads\/2018\/04\/Packing-List-555x37.png 555w, https:\/\/justvape.nu\/wp-content\/uploads\/2018\/04\/Packing-List-64x4.png 64w, https:\/\/justvape.nu\/wp-content\/uploads\/2018\/04\/Packing-List-300x20.png 300w, https:\/\/justvape.nu\/wp-content\/uploads\/2018\/04\/Packing-List-768x52.png 768w\" sizes=\"auto, (max-width: 950px) 100vw, 950px\" \/><\/a><\/p>\n<ul>\n<li>1 x 850 tanque kraken<\/li>\n<li>4 x clavijas de flujo de aire<\/li>\n<\/ul>\n","protected":false},"excerpt":{"rendered":"<p>CTHULHU MOD &#8211; 850 BORO RBA<\/p>\n","protected":false},"featured_media":653841,"comment_status":"open","ping_status":"closed","template":"","meta":{"_acf_changed":false,"_uag_custom_page_level_css":"","site-sidebar-layout":"default","site-content-layout":"","ast-site-content-layout":"default","site-content-style":"default","site-sidebar-style":"default","ast-global-header-display":"","ast-banner-title-visibility":"","ast-main-header-display":"","ast-hfb-above-header-display":"","ast-hfb-below-header-display":"","ast-hfb-mobile-header-display":"","site-post-title":"","ast-breadcrumbs-content":"","ast-featured-img":"","footer-sml-layout":"","ast-disable-related-posts":"","theme-transparent-header-meta":"default","adv-header-id-meta":"","stick-header-meta":"default","header-above-stick-meta":"","header-main-stick-meta":"","header-below-stick-meta":"","astra-migrate-meta-layouts":"default","ast-page-background-enabled":"default","ast-page-background-meta":{"desktop":{"background-color":"","background-image":"","background-repeat":"repeat","background-position":"center center","background-size":"auto","background-attachment":"scroll","background-type":"","background-media":"","overlay-type":"","overlay-color":"","overlay-opacity":"","overlay-gradient":""},"tablet":{"background-color":"","background-image":"","background-repeat":"repeat","background-position":"center center","background-size":"auto","background-attachment":"scroll","background-type":"","background-media":"","overlay-type":"","overlay-color":"","overlay-opacity":"","overlay-gradient":""},"mobile":{"background-color":"","background-image":"","background-repeat":"repeat","background-position":"center center","background-size":"auto","background-attachment":"scroll","background-type":"","background-media":"","overlay-type":"","overlay-color":"","overlay-opacity":"","overlay-gradient":""}},"ast-content-background-meta":{"desktop":{"background-color":"var(--ast-global-color-5)","background-image":"","background-repeat":"repeat","background-position":"center center","background-size":"auto","background-attachment":"scroll","background-type":"","background-media":"","overlay-type":"","overlay-color":"","overlay-opacity":"","overlay-gradient":""},"tablet":{"background-color":"var(--ast-global-color-5)","background-image":"","background-repeat":"repeat","background-position":"center center","background-size":"auto","background-attachment":"scroll","background-type":"","background-media":"","overlay-type":"","overlay-color":"","overlay-opacity":"","overlay-gradient":""},"mobile":{"background-color":"var(--ast-global-color-5)","background-image":"","background-repeat":"repeat","background-position":"center center","background-size":"auto","background-attachment":"scroll","background-type":"","background-media":"","overlay-type":"","overlay-color":"","overlay-opacity":"","overlay-gradient":""}}},"product_brand":[],"product_cat":[6209,2529,1898,2530,2043,1983],"product_tag":[],"class_list":{"0":"post-653817","1":"product","2":"type-product","3":"status-publish","4":"has-post-thumbnail","6":"product_cat-cthulhu-mod-es","7":"product_cat-hardware-es","8":"product_cat-new-products-es","9":"product_cat-shop-by-brand-es","10":"product_cat-tanques","11":"product_cat-tanques-y-bobinas","12":"desktop-align-center","13":"tablet-align-center","14":"mobile-align-center","15":"ast-product-gallery-layout-horizontal-slider","16":"ast-product-gallery-with-no-image","17":"ast-product-tabs-layout-horizontal","19":"first","20":"instock","21":"sale","22":"taxable","23":"shipping-taxable","24":"purchasable","25":"product-type-simple"},"acf":[],"uagb_featured_image_src":{"full":["https:\/\/justvape.nu\/wp-content\/uploads\/2023\/11\/cthulhu-mods-850-boro-rba-35447255564443.webp",480,480,false],"thumbnail":["https:\/\/justvape.nu\/wp-content\/uploads\/2023\/11\/cthulhu-mods-850-boro-rba-35447255564443-150x150.webp",150,150,true],"medium":["https:\/\/justvape.nu\/wp-content\/uploads\/2023\/11\/cthulhu-mods-850-boro-rba-35447255564443-300x300.webp",300,300,true],"medium_large":["https:\/\/justvape.nu\/wp-content\/uploads\/2023\/11\/cthulhu-mods-850-boro-rba-35447255564443.webp",480,480,false],"large":["https:\/\/justvape.nu\/wp-content\/uploads\/2023\/11\/cthulhu-mods-850-boro-rba-35447255564443.webp",480,480,false],"1536x1536":["https:\/\/justvape.nu\/wp-content\/uploads\/2023\/11\/cthulhu-mods-850-boro-rba-35447255564443.webp",480,480,false],"2048x2048":["https:\/\/justvape.nu\/wp-content\/uploads\/2023\/11\/cthulhu-mods-850-boro-rba-35447255564443.webp",480,480,false],"woocommerce_thumbnail":["https:\/\/justvape.nu\/wp-content\/uploads\/2023\/11\/cthulhu-mods-850-boro-rba-35447255564443-300x300.webp",300,300,true],"woocommerce_single":["https:\/\/justvape.nu\/wp-content\/uploads\/2023\/11\/cthulhu-mods-850-boro-rba-35447255564443.webp",480,480,false],"woocommerce_gallery_thumbnail":["https:\/\/justvape.nu\/wp-content\/uploads\/2023\/11\/cthulhu-mods-850-boro-rba-35447255564443-100x100.webp",100,100,true],"dgwt-wcas-product-suggestion":["https:\/\/justvape.nu\/wp-content\/uploads\/2023\/11\/cthulhu-mods-850-boro-rba-35447255564443-64x64.webp",64,64,true]},"uagb_author_info":{"display_name":"JustVape.nu","author_link":"https:\/\/justvape.nu\/es\/author\/"},"uagb_comment_info":0,"uagb_excerpt":"CTHULHU MOD - 850 BORO RBA","_links":{"self":[{"href":"https:\/\/justvape.nu\/es\/wp-json\/wp\/v2\/product\/653817","targetHints":{"allow":["GET"]}}],"collection":[{"href":"https:\/\/justvape.nu\/es\/wp-json\/wp\/v2\/product"}],"about":[{"href":"https:\/\/justvape.nu\/es\/wp-json\/wp\/v2\/types\/product"}],"replies":[{"embeddable":true,"href":"https:\/\/justvape.nu\/es\/wp-json\/wp\/v2\/comments?post=653817"}],"wp:featuredmedia":[{"embeddable":true,"href":"https:\/\/justvape.nu\/es\/wp-json\/wp\/v2\/media\/653841"}],"wp:attachment":[{"href":"https:\/\/justvape.nu\/es\/wp-json\/wp\/v2\/media?parent=653817"}],"wp:term":[{"taxonomy":"product_brand","embeddable":true,"href":"https:\/\/justvape.nu\/es\/wp-json\/wp\/v2\/product_brand?post=653817"},{"taxonomy":"product_cat","embeddable":true,"href":"https:\/\/justvape.nu\/es\/wp-json\/wp\/v2\/product_cat?post=653817"},{"taxonomy":"product_tag","embeddable":true,"href":"https:\/\/justvape.nu\/es\/wp-json\/wp\/v2\/product_tag?post=653817"}],"curies":[{"name":"wp","href":"https:\/\/api.w.org\/{rel}","templated":true}]}}