{"id":651023,"date":"2023-11-12T16:52:48","date_gmt":"2023-11-12T15:52:48","guid":{"rendered":"https:\/\/justvape.nu\/produkt\/innokin-endura-t18-x-kit\/"},"modified":"2023-11-12T19:08:47","modified_gmt":"2023-11-12T18:08:47","slug":"innokin-endura-t18-x-kit","status":"publish","type":"product","link":"https:\/\/justvape.nu\/es\/produkt\/innokin-endura-t18-x-kit\/","title":{"rendered":"INNOKIN &#8211; ENDURA T18-X KIT"},"content":{"rendered":"<h2>INNOKIN &#8211; ENDURA T18-X KIT<\/h2>\n<p>El sencillo dise\u00f1o de un solo bot\u00f3n facilita el vapeo. Es el kit de iniciaci\u00f3n ideal para principiantes. La bater\u00eda de 1000mAh es la cantidad correcta de energ\u00eda para este kit. Las bobinas que vienen con \u00e9l funcionan a 12-13W. Eso es potencia suficiente para que la mayor\u00eda de los vapeadores puedan vapear durante todo el d\u00eda. Carga la bater\u00eda a trav\u00e9s del puerto USB-C de la base del kit. El sistema de llenado superior tambi\u00e9n aumenta la comodidad de este dispositivo. A\u00f1ada e-l\u00edquido al dispositivo sin necesidad de retirar el dep\u00f3sito. El flujo de aire preciso proporciona un tiro apretado que los vapers MTL adoran.<\/p>\n<p>Durante la carga, la luz LED indicar\u00e1 el progreso. El rojo est\u00e1 por debajo del 20%, el amarillo por debajo del 60% y el verde tiene m\u00e1s del 60% de carga. Una vez cargada por completo, la luz se apagar\u00e1.<\/p>\n<p><a href=\"https:\/\/justvape.nu\/wp-content\/uploads\/2018\/05\/Color-Schemes.png\"><img loading=\"lazy\" decoding=\"async\" class=\"alignnone size-full wp-image-19187\" src=\"https:\/\/justvape.nu\/wp-content\/uploads\/2018\/05\/Color-Schemes.png\" alt=\"\" width=\"950\" height=\"64\" title=\"\" srcset=\"https:\/\/justvape.nu\/wp-content\/uploads\/2018\/05\/Color-Schemes.png 950w, https:\/\/justvape.nu\/wp-content\/uploads\/2018\/05\/Color-Schemes-555x37.png 555w, https:\/\/justvape.nu\/wp-content\/uploads\/2018\/05\/Color-Schemes-64x4.png 64w, https:\/\/justvape.nu\/wp-content\/uploads\/2018\/05\/Color-Schemes-300x20.png 300w, https:\/\/justvape.nu\/wp-content\/uploads\/2018\/05\/Color-Schemes-768x52.png 768w\" sizes=\"auto, (max-width: 950px) 100vw, 950px\" \/><\/a><\/p>\n<p class=\"description-img-center\"><a href=\"https:\/\/justvape.nu\/wp-content\/uploads\/2023\/11\/Innokin_Endura_T18X_Kit_Colors.jpg\"><img loading=\"lazy\" decoding=\"async\" class=\"alignnone wp-image-650560\" src=\"https:\/\/justvape.nu\/wp-content\/uploads\/2023\/11\/Innokin_Endura_T18X_Kit_Colors.jpg\" alt=\"\" width=\"938\" height=\"590\" title=\"\" srcset=\"https:\/\/justvape.nu\/wp-content\/uploads\/2023\/11\/Innokin_Endura_T18X_Kit_Colors.jpg 800w, https:\/\/justvape.nu\/wp-content\/uploads\/2023\/11\/Innokin_Endura_T18X_Kit_Colors-600x377.jpg 600w, https:\/\/justvape.nu\/wp-content\/uploads\/2023\/11\/Innokin_Endura_T18X_Kit_Colors-64x40.jpg 64w, https:\/\/justvape.nu\/wp-content\/uploads\/2023\/11\/Innokin_Endura_T18X_Kit_Colors-300x189.jpg 300w, https:\/\/justvape.nu\/wp-content\/uploads\/2023\/11\/Innokin_Endura_T18X_Kit_Colors-768x483.jpg 768w\" sizes=\"auto, (max-width: 938px) 100vw, 938px\" \/><\/a><\/p>\n<div class=\"shop-features \">\n<h2 class=\"shop-features-title \"><a href=\"https:\/\/justvape.nu\/wp-content\/uploads\/2018\/05\/Specifications.png\"><img loading=\"lazy\" decoding=\"async\" class=\"alignnone size-full wp-image-248449\" src=\"https:\/\/justvape.nu\/wp-content\/uploads\/2018\/05\/Specifications.png\" alt=\"\" width=\"950\" height=\"64\" title=\"\" srcset=\"https:\/\/justvape.nu\/wp-content\/uploads\/2018\/05\/Specifications.png 950w, https:\/\/justvape.nu\/wp-content\/uploads\/2018\/05\/Specifications-600x40.png 600w, https:\/\/justvape.nu\/wp-content\/uploads\/2018\/05\/Specifications-64x4.png 64w, https:\/\/justvape.nu\/wp-content\/uploads\/2018\/05\/Specifications-300x20.png 300w, https:\/\/justvape.nu\/wp-content\/uploads\/2018\/05\/Specifications-768x52.png 768w\" sizes=\"auto, (max-width: 950px) 100vw, 950px\" \/><\/a><\/h2>\n<div class=\"shop-features \">\n<p>&nbsp;<\/p>\n<table class=\"description-table\">\n<tbody>\n<tr>\n<td class=\"strong-title \">Marca<\/td>\n<td class=\"inline\">Innokin<\/td>\n<\/tr>\n<tr>\n<td class=\"strong-title \">Nombre del producto<\/td>\n<td class=\"inline\">Kit Endura T18X<\/td>\n<\/tr>\n<tr>\n<td class=\"strong-title \"><\/td>\n<td class=\"inline\"><\/td>\n<\/tr>\n<tr>\n<td class=\"strong-title \">Bater\u00eda interna\/externa<\/td>\n<td class=\"inline\">Bater\u00eda interna 16450<\/td>\n<\/tr>\n<tr>\n<td class=\"strong-title \">Capacidad de la bater\u00eda<\/td>\n<td class=\"inline\">1000mAh\/3,7V\/3,70Wh<\/td>\n<\/tr>\n<tr>\n<td class=\"strong-title \">Tensi\u00f3n m\u00ednima\/m\u00e1xima<\/td>\n<td class=\"inline\">4.55V<\/td>\n<\/tr>\n<tr>\n<td class=\"strong-title \">Gama TC<\/td>\n<td class=\"inline\">NO TC<\/td>\n<\/tr>\n<tr>\n<td class=\"strong-title \">Hora l\u00edmite<\/td>\n<td class=\"inline\">15s<\/td>\n<\/tr>\n<tr>\n<td class=\"strong-title \">Potencia m\u00ednima\/m\u00e1xima<\/td>\n<td class=\"inline\">Bobina de 13,5W(1,5ohm), 12W(1,7ohm), 1,7ohm disponible en la versi\u00f3n TPD<\/td>\n<\/tr>\n<tr>\n<td class=\"strong-title \">Compatible con dep\u00f3sitos<\/td>\n<td class=\"inline\">Emparejado con el dep\u00f3sito T18\/T18E, puede utilizarse con otros dep\u00f3sitos 510<\/td>\n<\/tr>\n<tr>\n<td class=\"strong-title \">Max. Moneda de salida<\/td>\n<td class=\"inline\">3.5A<\/td>\n<\/tr>\n<tr>\n<td class=\"strong-title \">Rango de resistencia<\/td>\n<td class=\"inline\">1,3ohm-3,5ohm<\/td>\n<\/tr>\n<tr>\n<td class=\"strong-title \">Dimensiones de la bater\u00eda<\/td>\n<td class=\"inline\">\u03c618*83.1mm<\/td>\n<\/tr>\n<tr>\n<td class=\"strong-title \">Dimensiones con dep\u00f3sito de 2 ml<\/td>\n<td class=\"inline\">\u03c618*135mm<\/td>\n<\/tr>\n<tr>\n<td class=\"strong-title \"><\/td>\n<td class=\"inline\"><\/td>\n<\/tr>\n<tr>\n<td class=\"strong-title \">Material del cuerpo<\/td>\n<td class=\"inline\">Aluminio<\/td>\n<\/tr>\n<tr>\n<td class=\"strong-title \">Tipo de conexi\u00f3n<\/td>\n<td class=\"inline\">Accionado por resorte<\/td>\n<\/tr>\n<tr>\n<td class=\"strong-title \">Corriente de carga<\/td>\n<td class=\"inline\">500 mA\/CC5,0 V<\/td>\n<\/tr>\n<tr>\n<td class=\"strong-title \">Puerto de carga<\/td>\n<td class=\"inline\">Puerto tipo C<\/td>\n<\/tr>\n<tr>\n<td class=\"strong-title \">Capacidad<\/td>\n<td class=\"inline\">2 ml (versi\u00f3n TPD)<\/td>\n<\/tr>\n<tr>\n<td class=\"strong-title \">Color<\/td>\n<td class=\"inline\">Amarillo, verde azulado, negro, acero inoxidable, azul marino, carmes\u00ed, violeta<\/td>\n<\/tr>\n<\/tbody>\n<\/table>\n<div class=\"shop-features \">\n<h2 class=\"shop-features-title \"><a href=\"https:\/\/justvape.nu\/wp-content\/uploads\/2018\/05\/Features.png\"><img loading=\"lazy\" decoding=\"async\" class=\"alignnone size-full wp-image-248459\" src=\"https:\/\/justvape.nu\/wp-content\/uploads\/2018\/05\/Features.png\" alt=\"\" width=\"950\" height=\"64\" title=\"\" srcset=\"https:\/\/justvape.nu\/wp-content\/uploads\/2018\/05\/Features.png 950w, https:\/\/justvape.nu\/wp-content\/uploads\/2018\/05\/Features-600x40.png 600w, https:\/\/justvape.nu\/wp-content\/uploads\/2018\/05\/Features-64x4.png 64w, https:\/\/justvape.nu\/wp-content\/uploads\/2018\/05\/Features-300x20.png 300w, https:\/\/justvape.nu\/wp-content\/uploads\/2018\/05\/Features-768x52.png 768w\" sizes=\"auto, (max-width: 950px) 100vw, 950px\" \/><\/a><\/h2>\n<\/div>\n<\/div>\n<\/div>\n<ul>\n<li style=\"list-style-type: none;\">\n<ul>\n<li>1. Compatible con bobinas de 1.5ohm y 1.7ohm<\/li>\n<li>2. Dise\u00f1o de f\u00e1cil llenado<\/li>\n<li>3. El flujo de aire preciso se combina con una v\u00edvida producci\u00f3n de vapeo<\/li>\n<li>4. Bater\u00eda interna de 1000mAh de alta calidad<\/li>\n<li>5. Tecnolog\u00eda de paso<\/li>\n<li>6. Dise\u00f1o de carga USB-C<\/li>\n<li>7. Protecciones integradas avanzadas<\/li>\n<li>8. Compacto, duradero y asequible<\/li>\n<li>9. Dise\u00f1o de un solo bot\u00f3n, f\u00e1cil de usar<\/li>\n<\/ul>\n<\/li>\n<\/ul>\n<p class=\"description-img-center \"><a href=\"https:\/\/justvape.nu\/wp-content\/uploads\/2023\/11\/Innokin_Endura_T18_X_Kit_Charging.jpg\"><img loading=\"lazy\" decoding=\"async\" class=\"alignnone size-full wp-image-650570\" src=\"https:\/\/justvape.nu\/wp-content\/uploads\/2023\/11\/Innokin_Endura_T18_X_Kit_Charging.jpg\" alt=\"\" width=\"831\" height=\"406\" title=\"\" srcset=\"https:\/\/justvape.nu\/wp-content\/uploads\/2023\/11\/Innokin_Endura_T18_X_Kit_Charging.jpg 831w, https:\/\/justvape.nu\/wp-content\/uploads\/2023\/11\/Innokin_Endura_T18_X_Kit_Charging-600x293.jpg 600w, https:\/\/justvape.nu\/wp-content\/uploads\/2023\/11\/Innokin_Endura_T18_X_Kit_Charging-64x31.jpg 64w, https:\/\/justvape.nu\/wp-content\/uploads\/2023\/11\/Innokin_Endura_T18_X_Kit_Charging-300x147.jpg 300w, https:\/\/justvape.nu\/wp-content\/uploads\/2023\/11\/Innokin_Endura_T18_X_Kit_Charging-768x375.jpg 768w\" sizes=\"auto, (max-width: 831px) 100vw, 831px\" \/><\/a> <a href=\"https:\/\/justvape.nu\/wp-content\/uploads\/2023\/11\/Innokin_Endura_T18_X_Kit_Airflow.jpg\"><img loading=\"lazy\" decoding=\"async\" class=\"alignnone size-full wp-image-650578\" src=\"https:\/\/justvape.nu\/wp-content\/uploads\/2023\/11\/Innokin_Endura_T18_X_Kit_Airflow.jpg\" alt=\"\" width=\"831\" height=\"600\" title=\"\" srcset=\"https:\/\/justvape.nu\/wp-content\/uploads\/2023\/11\/Innokin_Endura_T18_X_Kit_Airflow.jpg 831w, https:\/\/justvape.nu\/wp-content\/uploads\/2023\/11\/Innokin_Endura_T18_X_Kit_Airflow-600x433.jpg 600w, https:\/\/justvape.nu\/wp-content\/uploads\/2023\/11\/Innokin_Endura_T18_X_Kit_Airflow-64x46.jpg 64w, https:\/\/justvape.nu\/wp-content\/uploads\/2023\/11\/Innokin_Endura_T18_X_Kit_Airflow-300x217.jpg 300w, https:\/\/justvape.nu\/wp-content\/uploads\/2023\/11\/Innokin_Endura_T18_X_Kit_Airflow-768x555.jpg 768w\" sizes=\"auto, (max-width: 831px) 100vw, 831px\" \/><\/a> <a href=\"https:\/\/justvape.nu\/wp-content\/uploads\/2023\/11\/Innokin_Endura_T18_X_Kit_1000mAh.jpg\"><img loading=\"lazy\" decoding=\"async\" class=\"alignnone size-full wp-image-650586\" src=\"https:\/\/justvape.nu\/wp-content\/uploads\/2023\/11\/Innokin_Endura_T18_X_Kit_1000mAh.jpg\" alt=\"\" width=\"831\" height=\"425\" title=\"\" srcset=\"https:\/\/justvape.nu\/wp-content\/uploads\/2023\/11\/Innokin_Endura_T18_X_Kit_1000mAh.jpg 831w, https:\/\/justvape.nu\/wp-content\/uploads\/2023\/11\/Innokin_Endura_T18_X_Kit_1000mAh-600x307.jpg 600w, https:\/\/justvape.nu\/wp-content\/uploads\/2023\/11\/Innokin_Endura_T18_X_Kit_1000mAh-64x33.jpg 64w, https:\/\/justvape.nu\/wp-content\/uploads\/2023\/11\/Innokin_Endura_T18_X_Kit_1000mAh-300x153.jpg 300w, https:\/\/justvape.nu\/wp-content\/uploads\/2023\/11\/Innokin_Endura_T18_X_Kit_1000mAh-768x393.jpg 768w\" sizes=\"auto, (max-width: 831px) 100vw, 831px\" \/><\/a> <a href=\"https:\/\/justvape.nu\/wp-content\/uploads\/2023\/11\/Innokin_Endura_T18_X_Kit_Top_Filling.jpg\"><img loading=\"lazy\" decoding=\"async\" class=\"alignnone size-full wp-image-650594\" src=\"https:\/\/justvape.nu\/wp-content\/uploads\/2023\/11\/Innokin_Endura_T18_X_Kit_Top_Filling.jpg\" alt=\"\" width=\"831\" height=\"305\" title=\"\" srcset=\"https:\/\/justvape.nu\/wp-content\/uploads\/2023\/11\/Innokin_Endura_T18_X_Kit_Top_Filling.jpg 831w, https:\/\/justvape.nu\/wp-content\/uploads\/2023\/11\/Innokin_Endura_T18_X_Kit_Top_Filling-600x220.jpg 600w, https:\/\/justvape.nu\/wp-content\/uploads\/2023\/11\/Innokin_Endura_T18_X_Kit_Top_Filling-64x23.jpg 64w, https:\/\/justvape.nu\/wp-content\/uploads\/2023\/11\/Innokin_Endura_T18_X_Kit_Top_Filling-300x110.jpg 300w, https:\/\/justvape.nu\/wp-content\/uploads\/2023\/11\/Innokin_Endura_T18_X_Kit_Top_Filling-768x282.jpg 768w\" sizes=\"auto, (max-width: 831px) 100vw, 831px\" \/><\/a> <a href=\"https:\/\/justvape.nu\/wp-content\/uploads\/2023\/11\/Innokin_Endura_T18_X_Kit_Safety.jpg\"><img loading=\"lazy\" decoding=\"async\" class=\"alignnone size-full wp-image-650602\" src=\"https:\/\/justvape.nu\/wp-content\/uploads\/2023\/11\/Innokin_Endura_T18_X_Kit_Safety.jpg\" alt=\"\" width=\"831\" height=\"423\" title=\"\" srcset=\"https:\/\/justvape.nu\/wp-content\/uploads\/2023\/11\/Innokin_Endura_T18_X_Kit_Safety.jpg 831w, https:\/\/justvape.nu\/wp-content\/uploads\/2023\/11\/Innokin_Endura_T18_X_Kit_Safety-600x305.jpg 600w, https:\/\/justvape.nu\/wp-content\/uploads\/2023\/11\/Innokin_Endura_T18_X_Kit_Safety-64x33.jpg 64w, https:\/\/justvape.nu\/wp-content\/uploads\/2023\/11\/Innokin_Endura_T18_X_Kit_Safety-300x153.jpg 300w, https:\/\/justvape.nu\/wp-content\/uploads\/2023\/11\/Innokin_Endura_T18_X_Kit_Safety-768x391.jpg 768w\" sizes=\"auto, (max-width: 831px) 100vw, 831px\" \/><\/a> <a href=\"https:\/\/justvape.nu\/wp-content\/uploads\/2023\/11\/hgfhg.jpg\"><img loading=\"lazy\" decoding=\"async\" class=\"alignnone size-full wp-image-650610\" src=\"https:\/\/justvape.nu\/wp-content\/uploads\/2023\/11\/hgfhg.jpg\" alt=\"\" width=\"831\" height=\"650\" title=\"\" srcset=\"https:\/\/justvape.nu\/wp-content\/uploads\/2023\/11\/hgfhg.jpg 831w, https:\/\/justvape.nu\/wp-content\/uploads\/2023\/11\/hgfhg-600x469.jpg 600w, https:\/\/justvape.nu\/wp-content\/uploads\/2023\/11\/hgfhg-64x50.jpg 64w, https:\/\/justvape.nu\/wp-content\/uploads\/2023\/11\/hgfhg-300x235.jpg 300w, https:\/\/justvape.nu\/wp-content\/uploads\/2023\/11\/hgfhg-768x601.jpg 768w\" sizes=\"auto, (max-width: 831px) 100vw, 831px\" \/><\/a> <a href=\"https:\/\/justvape.nu\/wp-content\/uploads\/2023\/11\/Innokin_Endura_T18_X_Kit_Compact.jpg\"><img loading=\"lazy\" decoding=\"async\" class=\"alignnone size-full wp-image-650618\" src=\"https:\/\/justvape.nu\/wp-content\/uploads\/2023\/11\/Innokin_Endura_T18_X_Kit_Compact.jpg\" alt=\"\" width=\"831\" height=\"582\" title=\"\" srcset=\"https:\/\/justvape.nu\/wp-content\/uploads\/2023\/11\/Innokin_Endura_T18_X_Kit_Compact.jpg 831w, https:\/\/justvape.nu\/wp-content\/uploads\/2023\/11\/Innokin_Endura_T18_X_Kit_Compact-600x420.jpg 600w, https:\/\/justvape.nu\/wp-content\/uploads\/2023\/11\/Innokin_Endura_T18_X_Kit_Compact-64x45.jpg 64w, https:\/\/justvape.nu\/wp-content\/uploads\/2023\/11\/Innokin_Endura_T18_X_Kit_Compact-300x210.jpg 300w, https:\/\/justvape.nu\/wp-content\/uploads\/2023\/11\/Innokin_Endura_T18_X_Kit_Compact-768x538.jpg 768w\" sizes=\"auto, (max-width: 831px) 100vw, 831px\" \/><\/a> <a href=\"https:\/\/justvape.nu\/wp-content\/uploads\/2023\/11\/Innokin_Endura_T18_X_Kit_Coming.jpg\"><img loading=\"lazy\" decoding=\"async\" class=\"alignnone size-full wp-image-650626\" src=\"https:\/\/justvape.nu\/wp-content\/uploads\/2023\/11\/Innokin_Endura_T18_X_Kit_Coming.jpg\" alt=\"\" width=\"831\" height=\"491\" title=\"\" srcset=\"https:\/\/justvape.nu\/wp-content\/uploads\/2023\/11\/Innokin_Endura_T18_X_Kit_Coming.jpg 831w, https:\/\/justvape.nu\/wp-content\/uploads\/2023\/11\/Innokin_Endura_T18_X_Kit_Coming-600x355.jpg 600w, https:\/\/justvape.nu\/wp-content\/uploads\/2023\/11\/Innokin_Endura_T18_X_Kit_Coming-64x38.jpg 64w, https:\/\/justvape.nu\/wp-content\/uploads\/2023\/11\/Innokin_Endura_T18_X_Kit_Coming-300x177.jpg 300w, https:\/\/justvape.nu\/wp-content\/uploads\/2023\/11\/Innokin_Endura_T18_X_Kit_Coming-768x454.jpg 768w\" sizes=\"auto, (max-width: 831px) 100vw, 831px\" \/><\/a> <a href=\"https:\/\/justvape.nu\/wp-content\/uploads\/2023\/11\/Innokin_Endura_T18_X_Kit_Coil.jpg\"><img loading=\"lazy\" decoding=\"async\" class=\"alignnone size-full wp-image-650634\" src=\"https:\/\/justvape.nu\/wp-content\/uploads\/2023\/11\/Innokin_Endura_T18_X_Kit_Coil.jpg\" alt=\"\" width=\"831\" height=\"406\" title=\"\" srcset=\"https:\/\/justvape.nu\/wp-content\/uploads\/2023\/11\/Innokin_Endura_T18_X_Kit_Coil.jpg 831w, https:\/\/justvape.nu\/wp-content\/uploads\/2023\/11\/Innokin_Endura_T18_X_Kit_Coil-600x293.jpg 600w, https:\/\/justvape.nu\/wp-content\/uploads\/2023\/11\/Innokin_Endura_T18_X_Kit_Coil-64x31.jpg 64w, https:\/\/justvape.nu\/wp-content\/uploads\/2023\/11\/Innokin_Endura_T18_X_Kit_Coil-300x147.jpg 300w, https:\/\/justvape.nu\/wp-content\/uploads\/2023\/11\/Innokin_Endura_T18_X_Kit_Coil-768x375.jpg 768w\" sizes=\"auto, (max-width: 831px) 100vw, 831px\" \/><\/a><\/p>\n<p class=\"description-img-center \"><a href=\"https:\/\/justvape.nu\/wp-content\/uploads\/2018\/05\/Packing-List.png\"><img loading=\"lazy\" decoding=\"async\" class=\"alignnone size-full wp-image-18995\" src=\"https:\/\/justvape.nu\/wp-content\/uploads\/2018\/05\/Packing-List.png\" alt=\"\" width=\"950\" height=\"64\" title=\"\" srcset=\"https:\/\/justvape.nu\/wp-content\/uploads\/2018\/05\/Packing-List.png 950w, https:\/\/justvape.nu\/wp-content\/uploads\/2018\/05\/Packing-List-555x37.png 555w, https:\/\/justvape.nu\/wp-content\/uploads\/2018\/05\/Packing-List-64x4.png 64w, https:\/\/justvape.nu\/wp-content\/uploads\/2018\/05\/Packing-List-300x20.png 300w, https:\/\/justvape.nu\/wp-content\/uploads\/2018\/05\/Packing-List-768x52.png 768w\" sizes=\"auto, (max-width: 950px) 100vw, 950px\" \/><\/a><\/p>\n<p>1* <span style=\"font-size: 16px;\">Bater\u00eda Endura T18-X<br \/>\n<\/span>1* <span style=\"font-size: 16px;\">Tanque Prism T18<br \/>\n<\/span>1* Bobina Prism T18 1.5ohm<br \/>\n1* Punta de goteo de repuesto Prism T18<br \/>\n1* Juntas t\u00f3ricas<br \/>\n1* Cable de carga USB de tipo C<br \/>\n1 * manual de usuario<\/p>\n","protected":false},"excerpt":{"rendered":"<p>INNOKIN &#8211; ENDURA T18-X KIT<\/p>\n","protected":false},"featured_media":650655,"comment_status":"open","ping_status":"closed","template":"","meta":{"_acf_changed":false,"_uag_custom_page_level_css":"","site-sidebar-layout":"default","site-content-layout":"","ast-site-content-layout":"default","site-content-style":"default","site-sidebar-style":"default","ast-global-header-display":"","ast-banner-title-visibility":"","ast-main-header-display":"","ast-hfb-above-header-display":"","ast-hfb-below-header-display":"","ast-hfb-mobile-header-display":"","site-post-title":"","ast-breadcrumbs-content":"","ast-featured-img":"","footer-sml-layout":"","ast-disable-related-posts":"","theme-transparent-header-meta":"default","adv-header-id-meta":"","stick-header-meta":"default","header-above-stick-meta":"","header-main-stick-meta":"","header-below-stick-meta":"","astra-migrate-meta-layouts":"default","ast-page-background-enabled":"default","ast-page-background-meta":{"desktop":{"background-color":"","background-image":"","background-repeat":"repeat","background-position":"center center","background-size":"auto","background-attachment":"scroll","background-type":"","background-media":"","overlay-type":"","overlay-color":"","overlay-opacity":"","overlay-gradient":""},"tablet":{"background-color":"","background-image":"","background-repeat":"repeat","background-position":"center center","background-size":"auto","background-attachment":"scroll","background-type":"","background-media":"","overlay-type":"","overlay-color":"","overlay-opacity":"","overlay-gradient":""},"mobile":{"background-color":"","background-image":"","background-repeat":"repeat","background-position":"center center","background-size":"auto","background-attachment":"scroll","background-type":"","background-media":"","overlay-type":"","overlay-color":"","overlay-opacity":"","overlay-gradient":""}},"ast-content-background-meta":{"desktop":{"background-color":"var(--ast-global-color-5)","background-image":"","background-repeat":"repeat","background-position":"center center","background-size":"auto","background-attachment":"scroll","background-type":"","background-media":"","overlay-type":"","overlay-color":"","overlay-opacity":"","overlay-gradient":""},"tablet":{"background-color":"var(--ast-global-color-5)","background-image":"","background-repeat":"repeat","background-position":"center center","background-size":"auto","background-attachment":"scroll","background-type":"","background-media":"","overlay-type":"","overlay-color":"","overlay-opacity":"","overlay-gradient":""},"mobile":{"background-color":"var(--ast-global-color-5)","background-image":"","background-repeat":"repeat","background-position":"center center","background-size":"auto","background-attachment":"scroll","background-type":"","background-media":"","overlay-type":"","overlay-color":"","overlay-opacity":"","overlay-gradient":""}}},"product_brand":[],"product_cat":[2073,2529,2543,2083,1898,2530],"product_tag":[],"class_list":{"0":"post-651023","1":"product","2":"type-product","3":"status-publish","4":"has-post-thumbnail","6":"product_cat-cigarrillos-electronicos","7":"product_cat-hardware-es","8":"product_cat-innokin-es","9":"product_cat-kits-para-principiantes-y-pods","10":"product_cat-new-products-es","11":"product_cat-shop-by-brand-es","12":"desktop-align-center","13":"tablet-align-center","14":"mobile-align-center","15":"ast-product-gallery-layout-horizontal-slider","16":"ast-product-single-variable","17":"ast-product-tabs-layout-horizontal","19":"first","20":"instock","21":"sale","22":"taxable","23":"shipping-taxable","24":"purchasable","25":"product-type-variable"},"acf":[],"uagb_featured_image_src":{"full":["https:\/\/justvape.nu\/wp-content\/uploads\/2023\/11\/ZnA6wcoi.jpeg",600,600,false],"thumbnail":["https:\/\/justvape.nu\/wp-content\/uploads\/2023\/11\/ZnA6wcoi-150x150.jpeg",150,150,true],"medium":["https:\/\/justvape.nu\/wp-content\/uploads\/2023\/11\/ZnA6wcoi-300x300.jpeg",300,300,true],"medium_large":["https:\/\/justvape.nu\/wp-content\/uploads\/2023\/11\/ZnA6wcoi.jpeg",600,600,false],"large":["https:\/\/justvape.nu\/wp-content\/uploads\/2023\/11\/ZnA6wcoi.jpeg",600,600,false],"1536x1536":["https:\/\/justvape.nu\/wp-content\/uploads\/2023\/11\/ZnA6wcoi.jpeg",600,600,false],"2048x2048":["https:\/\/justvape.nu\/wp-content\/uploads\/2023\/11\/ZnA6wcoi.jpeg",600,600,false],"woocommerce_thumbnail":["https:\/\/justvape.nu\/wp-content\/uploads\/2023\/11\/ZnA6wcoi-300x300.jpeg",300,300,true],"woocommerce_single":["https:\/\/justvape.nu\/wp-content\/uploads\/2023\/11\/ZnA6wcoi.jpeg",600,600,false],"woocommerce_gallery_thumbnail":["https:\/\/justvape.nu\/wp-content\/uploads\/2023\/11\/ZnA6wcoi-100x100.jpeg",100,100,true],"dgwt-wcas-product-suggestion":["https:\/\/justvape.nu\/wp-content\/uploads\/2023\/11\/ZnA6wcoi-64x64.jpeg",64,64,true]},"uagb_author_info":{"display_name":"Kenneth Merkur","author_link":"https:\/\/justvape.nu\/es\/author\/"},"uagb_comment_info":0,"uagb_excerpt":"INNOKIN - ENDURA T18-X KIT","_links":{"self":[{"href":"https:\/\/justvape.nu\/es\/wp-json\/wp\/v2\/product\/651023","targetHints":{"allow":["GET"]}}],"collection":[{"href":"https:\/\/justvape.nu\/es\/wp-json\/wp\/v2\/product"}],"about":[{"href":"https:\/\/justvape.nu\/es\/wp-json\/wp\/v2\/types\/product"}],"replies":[{"embeddable":true,"href":"https:\/\/justvape.nu\/es\/wp-json\/wp\/v2\/comments?post=651023"}],"wp:featuredmedia":[{"embeddable":true,"href":"https:\/\/justvape.nu\/es\/wp-json\/wp\/v2\/media\/650655"}],"wp:attachment":[{"href":"https:\/\/justvape.nu\/es\/wp-json\/wp\/v2\/media?parent=651023"}],"wp:term":[{"taxonomy":"product_brand","embeddable":true,"href":"https:\/\/justvape.nu\/es\/wp-json\/wp\/v2\/product_brand?post=651023"},{"taxonomy":"product_cat","embeddable":true,"href":"https:\/\/justvape.nu\/es\/wp-json\/wp\/v2\/product_cat?post=651023"},{"taxonomy":"product_tag","embeddable":true,"href":"https:\/\/justvape.nu\/es\/wp-json\/wp\/v2\/product_tag?post=651023"}],"curies":[{"name":"wp","href":"https:\/\/api.w.org\/{rel}","templated":true}]}}