{"id":650898,"date":"2023-11-12T17:03:13","date_gmt":"2023-11-12T16:03:13","guid":{"rendered":"https:\/\/justvape.nu\/produkt\/oxva-xlim-sq-pro-pod\/"},"modified":"2023-11-12T17:03:13","modified_gmt":"2023-11-12T16:03:13","slug":"oxva-xlim-sq-pro-pod","status":"publish","type":"product","link":"https:\/\/justvape.nu\/es\/produkt\/oxva-xlim-sq-pro-pod\/","title":{"rendered":"OXVA &#8211; XLIM SQ PRO POD"},"content":{"rendered":"<h2>OXVA &#8211; XLIM SQ PRO POD<\/h2>\n<p>Presentamos el Oxva Xlim SQ Pro Pod Vape, una iteraci\u00f3n avanzada del OXVA SQ con caracter\u00edsticas mejoradas de calidad de vida. Este elegante dispositivo cuenta con una bater\u00eda de 1200mAh, lo que garantiza un amplio tiempo de vapeo, y su r\u00e1pida carga USB-C de 2AMP permite recargar la bater\u00eda r\u00e1pidamente. El Xlim SQ Pro ofrece un sabor excepcional y la producci\u00f3n de vapor con sus vainas OXVA Xlim V2 y vainas de repuesto Xlim Top fill.<\/p>\n<p>Disfruta de una experiencia de vapeo personalizable con la funci\u00f3n de flujo de aire ajustable. Equipado con un chipset inteligente, el Xlim SQ Pro ajusta autom\u00e1ticamente la potencia de salida para adaptarse a la c\u00e1psula instalada, optimizando el rendimiento. Alternativamente, puede pulsar el bot\u00f3n tres veces y luego ajustar pulsando el bot\u00f3n. Esto a\u00f1ade 1 vatio por clic y ser\u00e1 de ida y vuelta. El dispositivo tiene hasta 30 W de potencia.<\/p>\n<p>Mantente informado con la pantalla inteligente de 0,96 pulgadas que muestra informaci\u00f3n vital como el n\u00famero de caladas, la potencia y el tiempo de vapeo. Experimenta el ep\u00edtome de la comodidad y el rendimiento con el Oxva Xlim SQ Pro Pod Vape. Si pulsas dos veces el bot\u00f3n de disparo, podr\u00e1s elegir un tema y cambiar entre el modo de encendido o el modo inteligente.<\/p>\n<p><a href=\"https:\/\/justvape.nu\/wp-content\/uploads\/2018\/05\/Color-Schemes.png\"><img loading=\"lazy\" decoding=\"async\" class=\"alignnone size-full wp-image-19187\" src=\"https:\/\/justvape.nu\/wp-content\/uploads\/2018\/05\/Color-Schemes.png\" alt=\"\" width=\"950\" height=\"64\" title=\"\" srcset=\"https:\/\/justvape.nu\/wp-content\/uploads\/2018\/05\/Color-Schemes.png 950w, https:\/\/justvape.nu\/wp-content\/uploads\/2018\/05\/Color-Schemes-555x37.png 555w, https:\/\/justvape.nu\/wp-content\/uploads\/2018\/05\/Color-Schemes-64x4.png 64w, https:\/\/justvape.nu\/wp-content\/uploads\/2018\/05\/Color-Schemes-300x20.png 300w, https:\/\/justvape.nu\/wp-content\/uploads\/2018\/05\/Color-Schemes-768x52.png 768w\" sizes=\"auto, (max-width: 950px) 100vw, 950px\" \/><\/a><\/p>\n<p class=\"description-img-center\"><a href=\"https:\/\/justvape.nu\/wp-content\/uploads\/2023\/11\/OXVA_Xlim_SQ_Pro_Kit_Colors.jpg\"><img loading=\"lazy\" decoding=\"async\" class=\"alignnone wp-image-650715\" src=\"https:\/\/justvape.nu\/wp-content\/uploads\/2023\/11\/OXVA_Xlim_SQ_Pro_Kit_Colors.jpg\" alt=\"\" width=\"937\" height=\"782\" title=\"\" srcset=\"https:\/\/justvape.nu\/wp-content\/uploads\/2023\/11\/OXVA_Xlim_SQ_Pro_Kit_Colors.jpg 800w, https:\/\/justvape.nu\/wp-content\/uploads\/2023\/11\/OXVA_Xlim_SQ_Pro_Kit_Colors-600x501.jpg 600w, https:\/\/justvape.nu\/wp-content\/uploads\/2023\/11\/OXVA_Xlim_SQ_Pro_Kit_Colors-64x53.jpg 64w, https:\/\/justvape.nu\/wp-content\/uploads\/2023\/11\/OXVA_Xlim_SQ_Pro_Kit_Colors-300x251.jpg 300w, https:\/\/justvape.nu\/wp-content\/uploads\/2023\/11\/OXVA_Xlim_SQ_Pro_Kit_Colors-768x641.jpg 768w\" sizes=\"auto, (max-width: 937px) 100vw, 937px\" \/><\/a><\/p>\n<div class=\"shop-features \">\n<h2 class=\"shop-features-title \"><a href=\"https:\/\/justvape.nu\/wp-content\/uploads\/2018\/05\/Specifications.png\"><img loading=\"lazy\" decoding=\"async\" class=\"alignnone size-full wp-image-18993\" src=\"https:\/\/justvape.nu\/wp-content\/uploads\/2018\/05\/Specifications.png\" alt=\"\" width=\"950\" height=\"64\" title=\"\" srcset=\"https:\/\/justvape.nu\/wp-content\/uploads\/2018\/05\/Specifications.png 950w, https:\/\/justvape.nu\/wp-content\/uploads\/2018\/05\/Specifications-555x37.png 555w, https:\/\/justvape.nu\/wp-content\/uploads\/2018\/05\/Specifications-64x4.png 64w, https:\/\/justvape.nu\/wp-content\/uploads\/2018\/05\/Specifications-300x20.png 300w, https:\/\/justvape.nu\/wp-content\/uploads\/2018\/05\/Specifications-768x52.png 768w\" sizes=\"auto, (max-width: 950px) 100vw, 950px\" \/><\/a><\/h2>\n<\/div>\n<table class=\"description-table\">\n<tbody>\n<tr>\n<td class=\"strong-title \">Marca<\/td>\n<td class=\"inline\">OXVA<\/td>\n<\/tr>\n<tr>\n<td class=\"strong-title \">Nombre del producto<\/td>\n<td class=\"inline\">Kit Xlim SQ Pro<\/td>\n<\/tr>\n<tr>\n<td class=\"strong-title \">Potencia de salida<\/td>\n<td class=\"inline\">5-30W<\/td>\n<\/tr>\n<tr>\n<td class=\"strong-title \">Capacidad del cartucho<\/td>\n<td class=\"inline\">2ml<\/td>\n<\/tr>\n<tr>\n<td class=\"strong-title \">Rango de resistencia<\/td>\n<td class=\"inline\">0,33-3,0ohmios<\/td>\n<\/tr>\n<tr>\n<td class=\"strong-title \">Pods compatibles<\/td>\n<td class=\"inline\">Cartucho de llenado superior XLIM (0,4\u03a9\/0,6\u03a9\/0,8\u03a9\/1,2\u03a9)<br \/>\nCartucho XLIM V2 (0,6\u03a9\/0,8\u03a9\/1,2\u03a9)<br \/>\nCartucho precargado XLIM<\/td>\n<\/tr>\n<tr>\n<td class=\"strong-title \">Sistema de recarga<\/td>\n<td class=\"inline\">Relleno superior<\/td>\n<\/tr>\n<tr>\n<td class=\"strong-title \">Control del flujo de aire<\/td>\n<td class=\"inline\">Lado AFC<\/td>\n<\/tr>\n<tr>\n<td class=\"strong-title \">Pantalla de visualizaci\u00f3n<\/td>\n<td class=\"inline\">Pantalla a color TFT de 0,96 pulgadas<\/td>\n<\/tr>\n<tr>\n<td class=\"strong-title \">Bater\u00eda<\/td>\n<td class=\"inline\">1200mAh<\/td>\n<\/tr>\n<tr>\n<td class=\"strong-title \">Cargando<\/td>\n<td class=\"inline\">5V\/2A, Tipo-C<\/td>\n<\/tr>\n<tr>\n<td class=\"strong-title \">Material<\/td>\n<td class=\"inline\">Aleaci\u00f3n de zinc+IML+PCTG<\/td>\n<\/tr>\n<tr>\n<td class=\"strong-title \">Tama\u00f1o<\/td>\n<td class=\"inline\">54,4*20,4*77,0 mm<\/td>\n<\/tr>\n<tr>\n<td class=\"strong-title \">Color<\/td>\n<td class=\"inline\">Madera Bronce, Madera Gunmetal, Carbono Negro, Carbono Oro, Azul Suave, Blanco Malva, Rosa Pastel, Blanco Primavera<\/td>\n<\/tr>\n<\/tbody>\n<\/table>\n<div class=\"shop-features \">\n<h2 class=\"shop-features-title \"><a href=\"https:\/\/justvape.nu\/wp-content\/uploads\/2018\/05\/Features.png\"><img loading=\"lazy\" decoding=\"async\" class=\"alignnone size-full wp-image-248458\" src=\"https:\/\/justvape.nu\/wp-content\/uploads\/2018\/05\/Features.png\" alt=\"\" width=\"950\" height=\"64\" title=\"\" srcset=\"https:\/\/justvape.nu\/wp-content\/uploads\/2018\/05\/Features.png 950w, https:\/\/justvape.nu\/wp-content\/uploads\/2018\/05\/Features-600x40.png 600w, https:\/\/justvape.nu\/wp-content\/uploads\/2018\/05\/Features-64x4.png 64w, https:\/\/justvape.nu\/wp-content\/uploads\/2018\/05\/Features-300x20.png 300w, https:\/\/justvape.nu\/wp-content\/uploads\/2018\/05\/Features-768x52.png 768w\" sizes=\"auto, (max-width: 950px) 100vw, 950px\" \/><\/a><\/h2>\n<\/div>\n<ul>\n<li style=\"list-style-type: none;\">\n<ul>\n<li>1. Potencia de salida m\u00e1xima de 30 W<\/li>\n<li>2. Pantalla TFT en color de 0,96 pulgadas<\/li>\n<li>3. Temas din\u00e1micos opcionales<\/li>\n<li>4. Bater\u00eda incorporada de 1200mAh<\/li>\n<li>5. Compatible con cartuchos de la serie XLIM<\/li>\n<li>6. Alta resistencia a las fugas<\/li>\n<li>7. Modo Smart &amp; Power<\/li>\n<\/ul>\n<\/li>\n<\/ul>\n<div class=\"img-show-more\">\n<div id=\"img_content_less\" class=\"img-content add-more\">\n<p class=\"description-img-center\"><a href=\"https:\/\/justvape.nu\/wp-content\/uploads\/2023\/11\/OXVA_Xlim_SQ_Pro_Kit_Battery_Capacity.jpg\"><img loading=\"lazy\" decoding=\"async\" class=\"alignnone size-full wp-image-650724\" src=\"https:\/\/justvape.nu\/wp-content\/uploads\/2023\/11\/OXVA_Xlim_SQ_Pro_Kit_Battery_Capacity.jpg\" alt=\"\" width=\"831\" height=\"487\" title=\"\" srcset=\"https:\/\/justvape.nu\/wp-content\/uploads\/2023\/11\/OXVA_Xlim_SQ_Pro_Kit_Battery_Capacity.jpg 831w, https:\/\/justvape.nu\/wp-content\/uploads\/2023\/11\/OXVA_Xlim_SQ_Pro_Kit_Battery_Capacity-600x352.jpg 600w, https:\/\/justvape.nu\/wp-content\/uploads\/2023\/11\/OXVA_Xlim_SQ_Pro_Kit_Battery_Capacity-64x38.jpg 64w, https:\/\/justvape.nu\/wp-content\/uploads\/2023\/11\/OXVA_Xlim_SQ_Pro_Kit_Battery_Capacity-300x176.jpg 300w, https:\/\/justvape.nu\/wp-content\/uploads\/2023\/11\/OXVA_Xlim_SQ_Pro_Kit_Battery_Capacity-768x450.jpg 768w\" sizes=\"auto, (max-width: 831px) 100vw, 831px\" \/><\/a> <a href=\"https:\/\/justvape.nu\/wp-content\/uploads\/2023\/11\/OXVA_Xlim_SQ_Pro_Kit_Features.jpg\"><img loading=\"lazy\" decoding=\"async\" class=\"alignnone size-full wp-image-650732\" src=\"https:\/\/justvape.nu\/wp-content\/uploads\/2023\/11\/OXVA_Xlim_SQ_Pro_Kit_Features.jpg\" alt=\"\" width=\"831\" height=\"390\" title=\"\" srcset=\"https:\/\/justvape.nu\/wp-content\/uploads\/2023\/11\/OXVA_Xlim_SQ_Pro_Kit_Features.jpg 831w, https:\/\/justvape.nu\/wp-content\/uploads\/2023\/11\/OXVA_Xlim_SQ_Pro_Kit_Features-600x282.jpg 600w, https:\/\/justvape.nu\/wp-content\/uploads\/2023\/11\/OXVA_Xlim_SQ_Pro_Kit_Features-64x30.jpg 64w, https:\/\/justvape.nu\/wp-content\/uploads\/2023\/11\/OXVA_Xlim_SQ_Pro_Kit_Features-300x141.jpg 300w, https:\/\/justvape.nu\/wp-content\/uploads\/2023\/11\/OXVA_Xlim_SQ_Pro_Kit_Features-768x360.jpg 768w\" sizes=\"auto, (max-width: 831px) 100vw, 831px\" \/><\/a> <a href=\"https:\/\/justvape.nu\/wp-content\/uploads\/2023\/11\/OXVA_Xlim_SQ_Pro_Kit_Main_Features.jpg\"><img loading=\"lazy\" decoding=\"async\" class=\"alignnone size-full wp-image-650740\" src=\"https:\/\/justvape.nu\/wp-content\/uploads\/2023\/11\/OXVA_Xlim_SQ_Pro_Kit_Main_Features.jpg\" alt=\"\" width=\"831\" height=\"439\" title=\"\" srcset=\"https:\/\/justvape.nu\/wp-content\/uploads\/2023\/11\/OXVA_Xlim_SQ_Pro_Kit_Main_Features.jpg 831w, https:\/\/justvape.nu\/wp-content\/uploads\/2023\/11\/OXVA_Xlim_SQ_Pro_Kit_Main_Features-600x317.jpg 600w, https:\/\/justvape.nu\/wp-content\/uploads\/2023\/11\/OXVA_Xlim_SQ_Pro_Kit_Main_Features-64x34.jpg 64w, https:\/\/justvape.nu\/wp-content\/uploads\/2023\/11\/OXVA_Xlim_SQ_Pro_Kit_Main_Features-300x158.jpg 300w, https:\/\/justvape.nu\/wp-content\/uploads\/2023\/11\/OXVA_Xlim_SQ_Pro_Kit_Main_Features-768x406.jpg 768w\" sizes=\"auto, (max-width: 831px) 100vw, 831px\" \/><\/a><\/p>\n<p class=\"description-img-center\"><a href=\"https:\/\/justvape.nu\/wp-content\/uploads\/2018\/05\/Packing-List.png\"><img loading=\"lazy\" decoding=\"async\" class=\"alignnone size-full wp-image-18995\" src=\"https:\/\/justvape.nu\/wp-content\/uploads\/2018\/05\/Packing-List.png\" alt=\"\" width=\"950\" height=\"64\" title=\"\" srcset=\"https:\/\/justvape.nu\/wp-content\/uploads\/2018\/05\/Packing-List.png 950w, https:\/\/justvape.nu\/wp-content\/uploads\/2018\/05\/Packing-List-555x37.png 555w, https:\/\/justvape.nu\/wp-content\/uploads\/2018\/05\/Packing-List-64x4.png 64w, https:\/\/justvape.nu\/wp-content\/uploads\/2018\/05\/Packing-List-300x20.png 300w, https:\/\/justvape.nu\/wp-content\/uploads\/2018\/05\/Packing-List-768x52.png 768w\" sizes=\"auto, (max-width: 950px) 100vw, 950px\" \/><\/a><\/p>\n<\/div>\n<\/div>\n<p>1* Dispositivo Xlim SQ Pro<br \/>\n1* Cartucho Top Fill 0.6ohm (Pre-instalado)<br \/>\n1* Cartucho Top Fill 0.8ohm<br \/>\n1* Cable tipo C<br \/>\n1* Cord\u00f3n de seguridad<br \/>\n1 * manual de usuario<\/p>\n<p class=\"description-img-center \"><a href=\"https:\/\/justvape.nu\/wp-content\/uploads\/2023\/11\/OXVA_Xlim_SQ_Pro_Kit_Package_List.jpg\"><img loading=\"lazy\" decoding=\"async\" class=\"alignnone size-full wp-image-650748\" src=\"https:\/\/justvape.nu\/wp-content\/uploads\/2023\/11\/OXVA_Xlim_SQ_Pro_Kit_Package_List.jpg\" alt=\"\" width=\"831\" height=\"340\" title=\"\" srcset=\"https:\/\/justvape.nu\/wp-content\/uploads\/2023\/11\/OXVA_Xlim_SQ_Pro_Kit_Package_List.jpg 831w, https:\/\/justvape.nu\/wp-content\/uploads\/2023\/11\/OXVA_Xlim_SQ_Pro_Kit_Package_List-600x245.jpg 600w, https:\/\/justvape.nu\/wp-content\/uploads\/2023\/11\/OXVA_Xlim_SQ_Pro_Kit_Package_List-64x26.jpg 64w, https:\/\/justvape.nu\/wp-content\/uploads\/2023\/11\/OXVA_Xlim_SQ_Pro_Kit_Package_List-300x123.jpg 300w, https:\/\/justvape.nu\/wp-content\/uploads\/2023\/11\/OXVA_Xlim_SQ_Pro_Kit_Package_List-768x314.jpg 768w\" sizes=\"auto, (max-width: 831px) 100vw, 831px\" \/><\/a><\/p>\n","protected":false},"excerpt":{"rendered":"<p>OXVA &#8211; XLIM SQ PRO POD<\/p>\n","protected":false},"featured_media":650771,"comment_status":"open","ping_status":"closed","template":"","meta":{"_acf_changed":false,"_uag_custom_page_level_css":"","site-sidebar-layout":"default","site-content-layout":"","ast-site-content-layout":"default","site-content-style":"default","site-sidebar-style":"default","ast-global-header-display":"","ast-banner-title-visibility":"","ast-main-header-display":"","ast-hfb-above-header-display":"","ast-hfb-below-header-display":"","ast-hfb-mobile-header-display":"","site-post-title":"","ast-breadcrumbs-content":"","ast-featured-img":"","footer-sml-layout":"","ast-disable-related-posts":"","theme-transparent-header-meta":"default","adv-header-id-meta":"","stick-header-meta":"default","header-above-stick-meta":"","header-main-stick-meta":"","header-below-stick-meta":"","astra-migrate-meta-layouts":"default","ast-page-background-enabled":"default","ast-page-background-meta":{"desktop":{"background-color":"","background-image":"","background-repeat":"repeat","background-position":"center center","background-size":"auto","background-attachment":"scroll","background-type":"","background-media":"","overlay-type":"","overlay-color":"","overlay-opacity":"","overlay-gradient":""},"tablet":{"background-color":"","background-image":"","background-repeat":"repeat","background-position":"center center","background-size":"auto","background-attachment":"scroll","background-type":"","background-media":"","overlay-type":"","overlay-color":"","overlay-opacity":"","overlay-gradient":""},"mobile":{"background-color":"","background-image":"","background-repeat":"repeat","background-position":"center center","background-size":"auto","background-attachment":"scroll","background-type":"","background-media":"","overlay-type":"","overlay-color":"","overlay-opacity":"","overlay-gradient":""}},"ast-content-background-meta":{"desktop":{"background-color":"var(--ast-global-color-5)","background-image":"","background-repeat":"repeat","background-position":"center center","background-size":"auto","background-attachment":"scroll","background-type":"","background-media":"","overlay-type":"","overlay-color":"","overlay-opacity":"","overlay-gradient":""},"tablet":{"background-color":"var(--ast-global-color-5)","background-image":"","background-repeat":"repeat","background-position":"center center","background-size":"auto","background-attachment":"scroll","background-type":"","background-media":"","overlay-type":"","overlay-color":"","overlay-opacity":"","overlay-gradient":""},"mobile":{"background-color":"var(--ast-global-color-5)","background-image":"","background-repeat":"repeat","background-position":"center center","background-size":"auto","background-attachment":"scroll","background-type":"","background-media":"","overlay-type":"","overlay-color":"","overlay-opacity":"","overlay-gradient":""}}},"product_brand":[],"product_cat":[2073,2529,2083,1898,6193,2530],"product_tag":[],"class_list":{"0":"post-650898","1":"product","2":"type-product","3":"status-publish","4":"has-post-thumbnail","6":"product_cat-cigarrillos-electronicos","7":"product_cat-hardware-es","8":"product_cat-kits-para-principiantes-y-pods","9":"product_cat-new-products-es","10":"product_cat-oxva-es","11":"product_cat-shop-by-brand-es","12":"desktop-align-center","13":"tablet-align-center","14":"mobile-align-center","15":"ast-product-gallery-layout-horizontal-slider","16":"ast-product-single-variable","17":"ast-product-tabs-layout-horizontal","19":"first","20":"instock","21":"sale","22":"taxable","23":"shipping-taxable","24":"purchasable","25":"product-type-variable"},"acf":[],"uagb_featured_image_src":{"full":["https:\/\/justvape.nu\/wp-content\/uploads\/2023\/11\/iUbGrQJu.jpeg",600,600,false],"thumbnail":["https:\/\/justvape.nu\/wp-content\/uploads\/2023\/11\/iUbGrQJu-150x150.jpeg",150,150,true],"medium":["https:\/\/justvape.nu\/wp-content\/uploads\/2023\/11\/iUbGrQJu-300x300.jpeg",300,300,true],"medium_large":["https:\/\/justvape.nu\/wp-content\/uploads\/2023\/11\/iUbGrQJu.jpeg",600,600,false],"large":["https:\/\/justvape.nu\/wp-content\/uploads\/2023\/11\/iUbGrQJu.jpeg",600,600,false],"1536x1536":["https:\/\/justvape.nu\/wp-content\/uploads\/2023\/11\/iUbGrQJu.jpeg",600,600,false],"2048x2048":["https:\/\/justvape.nu\/wp-content\/uploads\/2023\/11\/iUbGrQJu.jpeg",600,600,false],"woocommerce_thumbnail":["https:\/\/justvape.nu\/wp-content\/uploads\/2023\/11\/iUbGrQJu-300x300.jpeg",300,300,true],"woocommerce_single":["https:\/\/justvape.nu\/wp-content\/uploads\/2023\/11\/iUbGrQJu.jpeg",600,600,false],"woocommerce_gallery_thumbnail":["https:\/\/justvape.nu\/wp-content\/uploads\/2023\/11\/iUbGrQJu-100x100.jpeg",100,100,true],"dgwt-wcas-product-suggestion":["https:\/\/justvape.nu\/wp-content\/uploads\/2023\/11\/iUbGrQJu-64x64.jpeg",64,64,true]},"uagb_author_info":{"display_name":"Kenneth Merkur","author_link":"https:\/\/justvape.nu\/es\/author\/"},"uagb_comment_info":0,"uagb_excerpt":"OXVA - XLIM SQ PRO POD","_links":{"self":[{"href":"https:\/\/justvape.nu\/es\/wp-json\/wp\/v2\/product\/650898","targetHints":{"allow":["GET"]}}],"collection":[{"href":"https:\/\/justvape.nu\/es\/wp-json\/wp\/v2\/product"}],"about":[{"href":"https:\/\/justvape.nu\/es\/wp-json\/wp\/v2\/types\/product"}],"replies":[{"embeddable":true,"href":"https:\/\/justvape.nu\/es\/wp-json\/wp\/v2\/comments?post=650898"}],"wp:featuredmedia":[{"embeddable":true,"href":"https:\/\/justvape.nu\/es\/wp-json\/wp\/v2\/media\/650771"}],"wp:attachment":[{"href":"https:\/\/justvape.nu\/es\/wp-json\/wp\/v2\/media?parent=650898"}],"wp:term":[{"taxonomy":"product_brand","embeddable":true,"href":"https:\/\/justvape.nu\/es\/wp-json\/wp\/v2\/product_brand?post=650898"},{"taxonomy":"product_cat","embeddable":true,"href":"https:\/\/justvape.nu\/es\/wp-json\/wp\/v2\/product_cat?post=650898"},{"taxonomy":"product_tag","embeddable":true,"href":"https:\/\/justvape.nu\/es\/wp-json\/wp\/v2\/product_tag?post=650898"}],"curies":[{"name":"wp","href":"https:\/\/api.w.org\/{rel}","templated":true}]}}