{"id":647019,"date":"2023-10-28T13:50:25","date_gmt":"2023-10-28T11:50:25","guid":{"rendered":"https:\/\/justvape.nu\/produkt\/joyetech-ego-aio-2-sp-kit\/"},"modified":"2023-10-28T13:50:25","modified_gmt":"2023-10-28T11:50:25","slug":"joyetech-ego-aio-2-kit","status":"publish","type":"product","link":"https:\/\/justvape.nu\/es\/produkt\/joyetech-ego-aio-2-kit\/","title":{"rendered":"JOYETECH &#8211; EGO AIO 2 SP KIT"},"content":{"rendered":"<h2>JOYETECH &#8211; EGO AIO 2 SP KIT<\/h2>\n<p>eGO AIO 2 Kit es una continuaci\u00f3n de la serie eGo AIO que viene con una nueva e innovadora bobina de malla BFC y carga USB-C mejorada. La bobina BFC cuenta con entradas de alimentaci\u00f3n laterales e inferiores, lo que garantiza una entrada suave y proporciona una experiencia de vapeo consistente y duradera. Adem\u00e1s, el dise\u00f1o de la entrada de flujo de aire superior de la bater\u00eda BFC ayuda a evitar problemas de fugas debido a los huecos del dep\u00f3sito. Joyetech eGO AIO 2 Kit es compatible con todas las bobinas de la serie BF de Joyetech y la nueva bobina BFC tambi\u00e9n es compatible con la antigua bater\u00eda de la serie eGo. eGO AIO 2 est\u00e1 dise\u00f1ado con una bater\u00eda incorporada de 1700mAh, un tanque TPD de 2ml con bloqueo para ni\u00f1os. Puede ajustar el flujo de aire con la funci\u00f3n de ajuste del flujo de aire superior.<\/p>\n<p><a href=\"https:\/\/justvape.nu\/wp-content\/uploads\/2018\/05\/Color-Schemes.png\"><img loading=\"lazy\" decoding=\"async\" class=\"alignnone size-full wp-image-19187\" src=\"https:\/\/justvape.nu\/wp-content\/uploads\/2018\/05\/Color-Schemes.png\" alt=\"\" width=\"950\" height=\"64\" title=\"\" srcset=\"https:\/\/justvape.nu\/wp-content\/uploads\/2018\/05\/Color-Schemes.png 950w, https:\/\/justvape.nu\/wp-content\/uploads\/2018\/05\/Color-Schemes-555x37.png 555w, https:\/\/justvape.nu\/wp-content\/uploads\/2018\/05\/Color-Schemes-64x4.png 64w, https:\/\/justvape.nu\/wp-content\/uploads\/2018\/05\/Color-Schemes-300x20.png 300w, https:\/\/justvape.nu\/wp-content\/uploads\/2018\/05\/Color-Schemes-768x52.png 768w\" sizes=\"auto, (max-width: 950px) 100vw, 950px\" \/><\/a><\/p>\n<p><a href=\"https:\/\/justvape.nu\/wp-content\/uploads\/2023\/10\/Joyetech_eGO_AIO_2_Kit_Colors.jpg\"><img loading=\"lazy\" decoding=\"async\" class=\"alignnone wp-image-646186\" src=\"https:\/\/justvape.nu\/wp-content\/uploads\/2023\/10\/Joyetech_eGO_AIO_2_Kit_Colors.jpg\" alt=\"\" width=\"829\" height=\"677\" title=\"\" srcset=\"https:\/\/justvape.nu\/wp-content\/uploads\/2023\/10\/Joyetech_eGO_AIO_2_Kit_Colors.jpg 700w, https:\/\/justvape.nu\/wp-content\/uploads\/2023\/10\/Joyetech_eGO_AIO_2_Kit_Colors-600x489.jpg 600w, https:\/\/justvape.nu\/wp-content\/uploads\/2023\/10\/Joyetech_eGO_AIO_2_Kit_Colors-64x52.jpg 64w, https:\/\/justvape.nu\/wp-content\/uploads\/2023\/10\/Joyetech_eGO_AIO_2_Kit_Colors-300x245.jpg 300w\" sizes=\"auto, (max-width: 829px) 100vw, 829px\" \/><\/a><\/p>\n<div class=\"shop-features \">\n<h2 class=\"shop-features-title \"><a href=\"https:\/\/justvape.nu\/wp-content\/uploads\/2018\/05\/Specifications.png\"><img loading=\"lazy\" decoding=\"async\" class=\"alignnone size-full wp-image-18993\" src=\"https:\/\/justvape.nu\/wp-content\/uploads\/2018\/05\/Specifications.png\" alt=\"\" width=\"950\" height=\"64\" title=\"\" srcset=\"https:\/\/justvape.nu\/wp-content\/uploads\/2018\/05\/Specifications.png 950w, https:\/\/justvape.nu\/wp-content\/uploads\/2018\/05\/Specifications-555x37.png 555w, https:\/\/justvape.nu\/wp-content\/uploads\/2018\/05\/Specifications-64x4.png 64w, https:\/\/justvape.nu\/wp-content\/uploads\/2018\/05\/Specifications-300x20.png 300w, https:\/\/justvape.nu\/wp-content\/uploads\/2018\/05\/Specifications-768x52.png 768w\" sizes=\"auto, (max-width: 950px) 100vw, 950px\" \/><\/a><\/h2>\n<\/div>\n<table class=\"description-table\">\n<tbody>\n<tr>\n<td class=\"strong-title \">Marca<\/td>\n<td class=\"inline\">Joyetech<\/td>\n<\/tr>\n<tr>\n<td class=\"strong-title \">Nombre del producto<\/td>\n<td class=\"inline\">Kit eGO AIO 2<\/td>\n<\/tr>\n<tr>\n<td class=\"strong-title \">Tama\u00f1o<\/td>\n<td class=\"inline\">\u03a619*123mm<\/td>\n<\/tr>\n<tr>\n<td class=\"strong-title \">Capacidad de la bater\u00eda<\/td>\n<td class=\"inline\">1700mAh<\/td>\n<\/tr>\n<tr>\n<td class=\"strong-title \">Capacidad de la c\u00e1psula<\/td>\n<td class=\"inline\">2ml<\/td>\n<\/tr>\n<tr>\n<td class=\"strong-title \">Potencia de salida<\/td>\n<td class=\"inline\">20 W m\u00e1x.<\/td>\n<\/tr>\n<tr>\n<td class=\"strong-title \">Corriente de carga<\/td>\n<td class=\"inline\">5 V\/1 A (USB-C)<\/td>\n<\/tr>\n<tr>\n<td class=\"strong-title \">Resistencia<\/td>\n<td class=\"inline\">0.8ohm<\/td>\n<\/tr>\n<tr>\n<td class=\"strong-title \">Modo de alimentaci\u00f3n<\/td>\n<td class=\"inline\">Salida de tensi\u00f3n constante<\/td>\n<\/tr>\n<tr>\n<td class=\"strong-title \">Color<\/td>\n<td class=\"inline\">Plata brillante, negro misterioso, azul intenso, oro rosa<\/td>\n<\/tr>\n<\/tbody>\n<\/table>\n<div class=\"shop-features \">\n<h2 class=\"shop-features-title \"><a href=\"https:\/\/justvape.nu\/wp-content\/uploads\/2018\/05\/Features.png\"><img loading=\"lazy\" decoding=\"async\" class=\"alignnone size-full wp-image-248459\" src=\"https:\/\/justvape.nu\/wp-content\/uploads\/2018\/05\/Features.png\" alt=\"\" width=\"950\" height=\"64\" title=\"\" srcset=\"https:\/\/justvape.nu\/wp-content\/uploads\/2018\/05\/Features.png 950w, https:\/\/justvape.nu\/wp-content\/uploads\/2018\/05\/Features-600x40.png 600w, https:\/\/justvape.nu\/wp-content\/uploads\/2018\/05\/Features-64x4.png 64w, https:\/\/justvape.nu\/wp-content\/uploads\/2018\/05\/Features-300x20.png 300w, https:\/\/justvape.nu\/wp-content\/uploads\/2018\/05\/Features-768x52.png 768w\" sizes=\"auto, (max-width: 950px) 100vw, 950px\" \/><\/a><\/h2>\n<\/div>\n<ul>\n<li style=\"list-style-type: none;\">\n<ul>\n<li>1. Nueva e innovadora bobina de malla BFC<\/li>\n<li>2. Carga USB-C mejorada<\/li>\n<li>3. Bater\u00eda de 1700 mAh<\/li>\n<li>4. Tecnolog\u00eda de calefacci\u00f3n innovadora<\/li>\n<li>5. Dise\u00f1o de flujo de aire superior a prueba de fugas<\/li>\n<li>6. Rendimiento duradero<\/li>\n<li>7. Compatible con todas las bobinas de la serie BF<\/li>\n<li>8. Indicador LED de siete colores<\/li>\n<li>9. Relleno c\u00f3modo y sin esfuerzo<\/li>\n<li>10. Dep\u00f3sito de 2 ml con seguro para ni\u00f1os<\/li>\n<li>11. Ajuste del flujo de aire superior<\/li>\n<\/ul>\n<\/li>\n<\/ul>\n<div class=\"img-show-more\">\n<div id=\"img_content_less\" class=\"img-content add-more\">\n<p class=\"description-img-center\"><a href=\"https:\/\/justvape.nu\/wp-content\/uploads\/2023\/10\/Joyetech_eGO_AIO_2_Kit_Specifications.jpg\"><img loading=\"lazy\" decoding=\"async\" class=\"alignnone size-full wp-image-646194\" src=\"https:\/\/justvape.nu\/wp-content\/uploads\/2023\/10\/Joyetech_eGO_AIO_2_Kit_Specifications.jpg\" alt=\"\" width=\"831\" height=\"383\" title=\"\" srcset=\"https:\/\/justvape.nu\/wp-content\/uploads\/2023\/10\/Joyetech_eGO_AIO_2_Kit_Specifications.jpg 831w, https:\/\/justvape.nu\/wp-content\/uploads\/2023\/10\/Joyetech_eGO_AIO_2_Kit_Specifications-600x277.jpg 600w, https:\/\/justvape.nu\/wp-content\/uploads\/2023\/10\/Joyetech_eGO_AIO_2_Kit_Specifications-64x29.jpg 64w, https:\/\/justvape.nu\/wp-content\/uploads\/2023\/10\/Joyetech_eGO_AIO_2_Kit_Specifications-300x138.jpg 300w, https:\/\/justvape.nu\/wp-content\/uploads\/2023\/10\/Joyetech_eGO_AIO_2_Kit_Specifications-768x354.jpg 768w\" sizes=\"auto, (max-width: 831px) 100vw, 831px\" \/><\/a> <a href=\"https:\/\/justvape.nu\/wp-content\/uploads\/2023\/10\/Joyetech_eGO_AIO_2_Kit_Battery_Capacity.jpg\"><img loading=\"lazy\" decoding=\"async\" class=\"alignnone size-full wp-image-646202\" src=\"https:\/\/justvape.nu\/wp-content\/uploads\/2023\/10\/Joyetech_eGO_AIO_2_Kit_Battery_Capacity.jpg\" alt=\"\" width=\"831\" height=\"297\" title=\"\" srcset=\"https:\/\/justvape.nu\/wp-content\/uploads\/2023\/10\/Joyetech_eGO_AIO_2_Kit_Battery_Capacity.jpg 831w, https:\/\/justvape.nu\/wp-content\/uploads\/2023\/10\/Joyetech_eGO_AIO_2_Kit_Battery_Capacity-600x214.jpg 600w, https:\/\/justvape.nu\/wp-content\/uploads\/2023\/10\/Joyetech_eGO_AIO_2_Kit_Battery_Capacity-64x23.jpg 64w, https:\/\/justvape.nu\/wp-content\/uploads\/2023\/10\/Joyetech_eGO_AIO_2_Kit_Battery_Capacity-300x107.jpg 300w, https:\/\/justvape.nu\/wp-content\/uploads\/2023\/10\/Joyetech_eGO_AIO_2_Kit_Battery_Capacity-768x274.jpg 768w\" sizes=\"auto, (max-width: 831px) 100vw, 831px\" \/><\/a> <a href=\"https:\/\/justvape.nu\/wp-content\/uploads\/2023\/10\/Joyetech_eGO_AIO_2_Kit_Coil_Compatible.jpg\"><img loading=\"lazy\" decoding=\"async\" class=\"alignnone size-full wp-image-646210\" src=\"https:\/\/justvape.nu\/wp-content\/uploads\/2023\/10\/Joyetech_eGO_AIO_2_Kit_Coil_Compatible.jpg\" alt=\"\" width=\"831\" height=\"353\" title=\"\" srcset=\"https:\/\/justvape.nu\/wp-content\/uploads\/2023\/10\/Joyetech_eGO_AIO_2_Kit_Coil_Compatible.jpg 831w, https:\/\/justvape.nu\/wp-content\/uploads\/2023\/10\/Joyetech_eGO_AIO_2_Kit_Coil_Compatible-600x255.jpg 600w, https:\/\/justvape.nu\/wp-content\/uploads\/2023\/10\/Joyetech_eGO_AIO_2_Kit_Coil_Compatible-64x27.jpg 64w, https:\/\/justvape.nu\/wp-content\/uploads\/2023\/10\/Joyetech_eGO_AIO_2_Kit_Coil_Compatible-300x127.jpg 300w, https:\/\/justvape.nu\/wp-content\/uploads\/2023\/10\/Joyetech_eGO_AIO_2_Kit_Coil_Compatible-768x326.jpg 768w\" sizes=\"auto, (max-width: 831px) 100vw, 831px\" \/><\/a><\/p>\n<\/div>\n<p><a href=\"https:\/\/justvape.nu\/wp-content\/uploads\/2018\/05\/Packing-List.png\"><img loading=\"lazy\" decoding=\"async\" class=\"alignnone size-full wp-image-18995\" src=\"https:\/\/justvape.nu\/wp-content\/uploads\/2018\/05\/Packing-List.png\" alt=\"\" width=\"950\" height=\"64\" title=\"\" srcset=\"https:\/\/justvape.nu\/wp-content\/uploads\/2018\/05\/Packing-List.png 950w, https:\/\/justvape.nu\/wp-content\/uploads\/2018\/05\/Packing-List-555x37.png 555w, https:\/\/justvape.nu\/wp-content\/uploads\/2018\/05\/Packing-List-64x4.png 64w, https:\/\/justvape.nu\/wp-content\/uploads\/2018\/05\/Packing-List-300x20.png 300w, https:\/\/justvape.nu\/wp-content\/uploads\/2018\/05\/Packing-List-768x52.png 768w\" sizes=\"auto, (max-width: 950px) 100vw, 950px\" \/><\/a><\/p>\n<\/div>\n<p>1* Bater\u00eda eGo AIO 2<br \/>\n2* Bobina BFC 0,8ohm<br \/>\n1* Cable USB-C<br \/>\n1 * manual de usuario<br \/>\n1* Tarjeta de garant\u00eda<\/p>\n","protected":false},"excerpt":{"rendered":"<p>JOYETECH &#8211; EGO AIO 2 SP KIT<\/p>\n","protected":false},"featured_media":646229,"comment_status":"open","ping_status":"closed","template":"","meta":{"_acf_changed":false,"_uag_custom_page_level_css":"","site-sidebar-layout":"default","site-content-layout":"","ast-site-content-layout":"default","site-content-style":"default","site-sidebar-style":"default","ast-global-header-display":"","ast-banner-title-visibility":"","ast-main-header-display":"","ast-hfb-above-header-display":"","ast-hfb-below-header-display":"","ast-hfb-mobile-header-display":"","site-post-title":"","ast-breadcrumbs-content":"","ast-featured-img":"","footer-sml-layout":"","ast-disable-related-posts":"","theme-transparent-header-meta":"default","adv-header-id-meta":"","stick-header-meta":"default","header-above-stick-meta":"","header-main-stick-meta":"","header-below-stick-meta":"","astra-migrate-meta-layouts":"default","ast-page-background-enabled":"default","ast-page-background-meta":{"desktop":{"background-color":"","background-image":"","background-repeat":"repeat","background-position":"center center","background-size":"auto","background-attachment":"scroll","background-type":"","background-media":"","overlay-type":"","overlay-color":"","overlay-opacity":"","overlay-gradient":""},"tablet":{"background-color":"","background-image":"","background-repeat":"repeat","background-position":"center center","background-size":"auto","background-attachment":"scroll","background-type":"","background-media":"","overlay-type":"","overlay-color":"","overlay-opacity":"","overlay-gradient":""},"mobile":{"background-color":"","background-image":"","background-repeat":"repeat","background-position":"center center","background-size":"auto","background-attachment":"scroll","background-type":"","background-media":"","overlay-type":"","overlay-color":"","overlay-opacity":"","overlay-gradient":""}},"ast-content-background-meta":{"desktop":{"background-color":"var(--ast-global-color-5)","background-image":"","background-repeat":"repeat","background-position":"center center","background-size":"auto","background-attachment":"scroll","background-type":"","background-media":"","overlay-type":"","overlay-color":"","overlay-opacity":"","overlay-gradient":""},"tablet":{"background-color":"var(--ast-global-color-5)","background-image":"","background-repeat":"repeat","background-position":"center center","background-size":"auto","background-attachment":"scroll","background-type":"","background-media":"","overlay-type":"","overlay-color":"","overlay-opacity":"","overlay-gradient":""},"mobile":{"background-color":"var(--ast-global-color-5)","background-image":"","background-repeat":"repeat","background-position":"center center","background-size":"auto","background-attachment":"scroll","background-type":"","background-media":"","overlay-type":"","overlay-color":"","overlay-opacity":"","overlay-gradient":""}}},"product_brand":[],"product_cat":[2073,2529,3285,2083,2530],"product_tag":[],"class_list":{"0":"post-647019","1":"product","2":"type-product","3":"status-publish","4":"has-post-thumbnail","6":"product_cat-cigarrillos-electronicos","7":"product_cat-hardware-es","8":"product_cat-joyetech-es-2","9":"product_cat-kits-para-principiantes-y-pods","10":"product_cat-shop-by-brand-es","11":"desktop-align-center","12":"tablet-align-center","13":"mobile-align-center","14":"ast-product-gallery-layout-horizontal-slider","15":"ast-product-gallery-with-no-image","16":"ast-product-single-variable","17":"ast-product-tabs-layout-horizontal","19":"first","20":"instock","21":"sale","22":"taxable","23":"shipping-taxable","24":"purchasable","25":"product-type-variable"},"acf":[],"uagb_featured_image_src":{"full":["https:\/\/justvape.nu\/wp-content\/uploads\/2023\/10\/joyetech-ego-aio-2-kit-2ml-600x600-1.jpg",600,600,false],"thumbnail":["https:\/\/justvape.nu\/wp-content\/uploads\/2023\/10\/joyetech-ego-aio-2-kit-2ml-600x600-1-150x150.jpg",150,150,true],"medium":["https:\/\/justvape.nu\/wp-content\/uploads\/2023\/10\/joyetech-ego-aio-2-kit-2ml-600x600-1-300x300.jpg",300,300,true],"medium_large":["https:\/\/justvape.nu\/wp-content\/uploads\/2023\/10\/joyetech-ego-aio-2-kit-2ml-600x600-1.jpg",600,600,false],"large":["https:\/\/justvape.nu\/wp-content\/uploads\/2023\/10\/joyetech-ego-aio-2-kit-2ml-600x600-1.jpg",600,600,false],"1536x1536":["https:\/\/justvape.nu\/wp-content\/uploads\/2023\/10\/joyetech-ego-aio-2-kit-2ml-600x600-1.jpg",600,600,false],"2048x2048":["https:\/\/justvape.nu\/wp-content\/uploads\/2023\/10\/joyetech-ego-aio-2-kit-2ml-600x600-1.jpg",600,600,false],"woocommerce_thumbnail":["https:\/\/justvape.nu\/wp-content\/uploads\/2023\/10\/joyetech-ego-aio-2-kit-2ml-600x600-1-300x300.jpg",300,300,true],"woocommerce_single":["https:\/\/justvape.nu\/wp-content\/uploads\/2023\/10\/joyetech-ego-aio-2-kit-2ml-600x600-1.jpg",600,600,false],"woocommerce_gallery_thumbnail":["https:\/\/justvape.nu\/wp-content\/uploads\/2023\/10\/joyetech-ego-aio-2-kit-2ml-600x600-1-100x100.jpg",100,100,true],"dgwt-wcas-product-suggestion":["https:\/\/justvape.nu\/wp-content\/uploads\/2023\/10\/joyetech-ego-aio-2-kit-2ml-600x600-1-64x64.jpg",64,64,true]},"uagb_author_info":{"display_name":"Kenneth Merkur","author_link":"https:\/\/justvape.nu\/es\/author\/"},"uagb_comment_info":0,"uagb_excerpt":"JOYETECH - EGO AIO 2 SP KIT","_links":{"self":[{"href":"https:\/\/justvape.nu\/es\/wp-json\/wp\/v2\/product\/647019","targetHints":{"allow":["GET"]}}],"collection":[{"href":"https:\/\/justvape.nu\/es\/wp-json\/wp\/v2\/product"}],"about":[{"href":"https:\/\/justvape.nu\/es\/wp-json\/wp\/v2\/types\/product"}],"replies":[{"embeddable":true,"href":"https:\/\/justvape.nu\/es\/wp-json\/wp\/v2\/comments?post=647019"}],"wp:featuredmedia":[{"embeddable":true,"href":"https:\/\/justvape.nu\/es\/wp-json\/wp\/v2\/media\/646229"}],"wp:attachment":[{"href":"https:\/\/justvape.nu\/es\/wp-json\/wp\/v2\/media?parent=647019"}],"wp:term":[{"taxonomy":"product_brand","embeddable":true,"href":"https:\/\/justvape.nu\/es\/wp-json\/wp\/v2\/product_brand?post=647019"},{"taxonomy":"product_cat","embeddable":true,"href":"https:\/\/justvape.nu\/es\/wp-json\/wp\/v2\/product_cat?post=647019"},{"taxonomy":"product_tag","embeddable":true,"href":"https:\/\/justvape.nu\/es\/wp-json\/wp\/v2\/product_tag?post=647019"}],"curies":[{"name":"wp","href":"https:\/\/api.w.org\/{rel}","templated":true}]}}