{"id":646805,"date":"2023-10-28T11:51:19","date_gmt":"2023-10-28T09:51:19","guid":{"rendered":"https:\/\/justvape.nu\/produkt\/vaporesso-armour-s-mod\/"},"modified":"2023-10-28T11:51:19","modified_gmt":"2023-10-28T09:51:19","slug":"vaporesso-armour-s-mod","status":"publish","type":"product","link":"https:\/\/justvape.nu\/es\/produkt\/vaporesso-armour-s-mod\/","title":{"rendered":"VAPORESSO &#8211; ARMOUR S MOD"},"content":{"rendered":"<h2>VAPORESSO &#8211; ARMOUR S MOD<\/h2>\n<p>&nbsp;<\/p>\n<p>Armour S Mod admite una sola bater\u00eda 18650 o 21700, y tiene un rango de potencia de 5-100W. Fabricado \u00edntegramente con material TPU, es de gran durabilidad. Equipado con el chip AXON, ofrece una amplia gama de modos para una experiencia de vapeo verdaderamente profesional, como los modos PULSE, ECO y TC-TI. Un bot\u00f3n uni est\u00e1 dise\u00f1ado para compartir tanto la funci\u00f3n de encendido como la de bloqueo, lo que liberar\u00e1 y asegurar\u00e1 la potencia de forma inteligente. Adem\u00e1s, Vaporesso Armour S Mod est\u00e1 dise\u00f1ado con un innovador mecanismo de puerta de la bater\u00eda, y se puede desbloquear la puerta de la bater\u00eda con gran simplicidad y estabilidad.<\/p>\n<p><a href=\"https:\/\/justvape.nu\/wp-content\/uploads\/2018\/05\/Color-Schemes.png\"><img loading=\"lazy\" decoding=\"async\" class=\"alignnone size-full wp-image-249099\" src=\"https:\/\/justvape.nu\/wp-content\/uploads\/2018\/05\/Color-Schemes.png\" alt=\"\" width=\"950\" height=\"64\" title=\"\" srcset=\"https:\/\/justvape.nu\/wp-content\/uploads\/2018\/05\/Color-Schemes.png 950w, https:\/\/justvape.nu\/wp-content\/uploads\/2018\/05\/Color-Schemes-600x40.png 600w, https:\/\/justvape.nu\/wp-content\/uploads\/2018\/05\/Color-Schemes-64x4.png 64w, https:\/\/justvape.nu\/wp-content\/uploads\/2018\/05\/Color-Schemes-300x20.png 300w, https:\/\/justvape.nu\/wp-content\/uploads\/2018\/05\/Color-Schemes-768x52.png 768w\" sizes=\"auto, (max-width: 950px) 100vw, 950px\" \/><\/a><\/p>\n<p class=\"description-img-center\"><a href=\"https:\/\/justvape.nu\/wp-content\/uploads\/2023\/10\/hggh.jpg\"><img loading=\"lazy\" decoding=\"async\" class=\"alignnone wp-image-645965\" src=\"https:\/\/justvape.nu\/wp-content\/uploads\/2023\/10\/hggh.jpg\" alt=\"\" width=\"939\" height=\"399\" title=\"\" srcset=\"https:\/\/justvape.nu\/wp-content\/uploads\/2023\/10\/hggh.jpg 800w, https:\/\/justvape.nu\/wp-content\/uploads\/2023\/10\/hggh-600x255.jpg 600w, https:\/\/justvape.nu\/wp-content\/uploads\/2023\/10\/hggh-64x27.jpg 64w, https:\/\/justvape.nu\/wp-content\/uploads\/2023\/10\/hggh-300x128.jpg 300w, https:\/\/justvape.nu\/wp-content\/uploads\/2023\/10\/hggh-768x326.jpg 768w\" sizes=\"auto, (max-width: 939px) 100vw, 939px\" \/><\/a><\/p>\n<div class=\"shop-features \">\n<h2 class=\"shop-features-title \"><a href=\"https:\/\/justvape.nu\/wp-content\/uploads\/2018\/05\/Specifications.png\"><img loading=\"lazy\" decoding=\"async\" class=\"alignnone size-full wp-image-248449\" src=\"https:\/\/justvape.nu\/wp-content\/uploads\/2018\/05\/Specifications.png\" alt=\"\" width=\"950\" height=\"64\" title=\"\" srcset=\"https:\/\/justvape.nu\/wp-content\/uploads\/2018\/05\/Specifications.png 950w, https:\/\/justvape.nu\/wp-content\/uploads\/2018\/05\/Specifications-600x40.png 600w, https:\/\/justvape.nu\/wp-content\/uploads\/2018\/05\/Specifications-64x4.png 64w, https:\/\/justvape.nu\/wp-content\/uploads\/2018\/05\/Specifications-300x20.png 300w, https:\/\/justvape.nu\/wp-content\/uploads\/2018\/05\/Specifications-768x52.png 768w\" sizes=\"auto, (max-width: 950px) 100vw, 950px\" \/><\/a><\/h2>\n<\/div>\n<table class=\"description-table\">\n<tbody>\n<tr>\n<td class=\"strong-title \">Marca<\/td>\n<td class=\"inline\">Vaporesso<\/td>\n<\/tr>\n<tr>\n<td class=\"strong-title \">Nombre del producto<\/td>\n<td class=\"inline\">Armadura S Mod<\/td>\n<\/tr>\n<tr>\n<td class=\"strong-title \">Dimensiones<\/td>\n<td class=\"inline\">95*41,9*36mm<\/td>\n<\/tr>\n<tr>\n<td class=\"strong-title \">Tipo de bater\u00eda<\/td>\n<td class=\"inline\">Una sola pila 21700 o 18650 (no incluida)<\/td>\n<\/tr>\n<tr>\n<td class=\"strong-title \">Potencia de salida<\/td>\n<td class=\"inline\">5-100W<\/td>\n<\/tr>\n<tr>\n<td class=\"strong-title \">Corriente de carga<\/td>\n<td class=\"inline\">DC 5V\/2A, Tipo-C<\/td>\n<\/tr>\n<tr>\n<td class=\"strong-title \">Mostrar<\/td>\n<td class=\"inline\">Pantalla TFT de 0,96 pulgadas<\/td>\n<\/tr>\n<tr>\n<td class=\"strong-title \">Compatible con<\/td>\n<td class=\"inline\">Kit Vaporesso Armour S, Vaporesso iTank 2<\/td>\n<\/tr>\n<tr>\n<td class=\"strong-title \">Color<\/td>\n<td class=\"inline\">Negro, Verde, Plata, Amarillo, Naranja<\/td>\n<\/tr>\n<\/tbody>\n<\/table>\n<div class=\"shop-features \">\n<h2 class=\"shop-features-title \"><a href=\"https:\/\/justvape.nu\/wp-content\/uploads\/2018\/05\/Features.png\"><img loading=\"lazy\" decoding=\"async\" class=\"alignnone size-full wp-image-18994\" src=\"https:\/\/justvape.nu\/wp-content\/uploads\/2018\/05\/Features.png\" alt=\"\" width=\"950\" height=\"64\" title=\"\" srcset=\"https:\/\/justvape.nu\/wp-content\/uploads\/2018\/05\/Features.png 950w, https:\/\/justvape.nu\/wp-content\/uploads\/2018\/05\/Features-555x37.png 555w, https:\/\/justvape.nu\/wp-content\/uploads\/2018\/05\/Features-64x4.png 64w, https:\/\/justvape.nu\/wp-content\/uploads\/2018\/05\/Features-300x20.png 300w, https:\/\/justvape.nu\/wp-content\/uploads\/2018\/05\/Features-768x52.png 768w\" sizes=\"auto, (max-width: 950px) 100vw, 950px\" \/><\/a><\/h2>\n<\/div>\n<ul>\n<li style=\"list-style-type: none;\">\n<ul>\n<li>1. Uni-lock, asegura tu energ\u00eda<\/li>\n<li>2. El chip AXON ofrece una amplia gama de modos<\/li>\n<li>3. Admite bater\u00edas 18650\/21700<\/li>\n<li>4. Fabricado \u00edntegramente con material TPU<\/li>\n<\/ul>\n<\/li>\n<\/ul>\n<p><a href=\"https:\/\/justvape.nu\/wp-content\/uploads\/2023\/10\/Vaporesso_Armour_S_Kit_Modes.jpg\"><img loading=\"lazy\" decoding=\"async\" class=\"alignnone size-full wp-image-645973\" src=\"https:\/\/justvape.nu\/wp-content\/uploads\/2023\/10\/Vaporesso_Armour_S_Kit_Modes.jpg\" alt=\"\" width=\"831\" height=\"479\" title=\"\" srcset=\"https:\/\/justvape.nu\/wp-content\/uploads\/2023\/10\/Vaporesso_Armour_S_Kit_Modes.jpg 831w, https:\/\/justvape.nu\/wp-content\/uploads\/2023\/10\/Vaporesso_Armour_S_Kit_Modes-600x346.jpg 600w, https:\/\/justvape.nu\/wp-content\/uploads\/2023\/10\/Vaporesso_Armour_S_Kit_Modes-64x37.jpg 64w, https:\/\/justvape.nu\/wp-content\/uploads\/2023\/10\/Vaporesso_Armour_S_Kit_Modes-300x173.jpg 300w, https:\/\/justvape.nu\/wp-content\/uploads\/2023\/10\/Vaporesso_Armour_S_Kit_Modes-768x443.jpg 768w\" sizes=\"auto, (max-width: 831px) 100vw, 831px\" \/><\/a> <a href=\"https:\/\/justvape.nu\/wp-content\/uploads\/2023\/10\/Vaporesso_Armour_S_Kit_One_Key_Unlock.jpg\"><img loading=\"lazy\" decoding=\"async\" class=\"alignnone size-full wp-image-645981\" src=\"https:\/\/justvape.nu\/wp-content\/uploads\/2023\/10\/Vaporesso_Armour_S_Kit_One_Key_Unlock.jpg\" alt=\"\" width=\"831\" height=\"465\" title=\"\" srcset=\"https:\/\/justvape.nu\/wp-content\/uploads\/2023\/10\/Vaporesso_Armour_S_Kit_One_Key_Unlock.jpg 831w, https:\/\/justvape.nu\/wp-content\/uploads\/2023\/10\/Vaporesso_Armour_S_Kit_One_Key_Unlock-600x336.jpg 600w, https:\/\/justvape.nu\/wp-content\/uploads\/2023\/10\/Vaporesso_Armour_S_Kit_One_Key_Unlock-64x36.jpg 64w, https:\/\/justvape.nu\/wp-content\/uploads\/2023\/10\/Vaporesso_Armour_S_Kit_One_Key_Unlock-300x168.jpg 300w, https:\/\/justvape.nu\/wp-content\/uploads\/2023\/10\/Vaporesso_Armour_S_Kit_One_Key_Unlock-768x430.jpg 768w\" sizes=\"auto, (max-width: 831px) 100vw, 831px\" \/><\/a><\/p>\n<div class=\"img-show-more\">\n<div id=\"img_content_less\" class=\"img-content add-more\">\n<p class=\"description-img-center\"><a href=\"https:\/\/justvape.nu\/wp-content\/uploads\/2018\/04\/Packing-List.png\"><img loading=\"lazy\" decoding=\"async\" class=\"alignnone size-full wp-image-18999\" src=\"https:\/\/justvape.nu\/wp-content\/uploads\/2018\/04\/Packing-List.png\" alt=\"\" width=\"950\" height=\"64\" title=\"\" srcset=\"https:\/\/justvape.nu\/wp-content\/uploads\/2018\/04\/Packing-List.png 950w, https:\/\/justvape.nu\/wp-content\/uploads\/2018\/04\/Packing-List-555x37.png 555w, https:\/\/justvape.nu\/wp-content\/uploads\/2018\/04\/Packing-List-64x4.png 64w, https:\/\/justvape.nu\/wp-content\/uploads\/2018\/04\/Packing-List-300x20.png 300w, https:\/\/justvape.nu\/wp-content\/uploads\/2018\/04\/Packing-List-768x52.png 768w\" sizes=\"auto, (max-width: 950px) 100vw, 950px\" \/><\/a><\/p>\n<\/div>\n<\/div>\n<p>1* Vaporesso Armour S Mod<br \/>\n1* Funda 18650 (Dentro del Mod)<br \/>\n1* Cable tipo C<br \/>\n1* Manual de usuario y tarjeta de garant\u00eda<br \/>\n1* Manual de seguridad<br \/>\n1* Tarjeta recordatoria<\/p>\n","protected":false},"excerpt":{"rendered":"<p>VAPORESSO &#8211; ARMOUR S MOD<\/p>\n","protected":false},"featured_media":645682,"comment_status":"open","ping_status":"closed","template":"","meta":{"_acf_changed":false,"_uag_custom_page_level_css":"","site-sidebar-layout":"default","site-content-layout":"","ast-site-content-layout":"default","site-content-style":"default","site-sidebar-style":"default","ast-global-header-display":"","ast-banner-title-visibility":"","ast-main-header-display":"","ast-hfb-above-header-display":"","ast-hfb-below-header-display":"","ast-hfb-mobile-header-display":"","site-post-title":"","ast-breadcrumbs-content":"","ast-featured-img":"","footer-sml-layout":"","ast-disable-related-posts":"","theme-transparent-header-meta":"default","adv-header-id-meta":"","stick-header-meta":"default","header-above-stick-meta":"","header-main-stick-meta":"","header-below-stick-meta":"","astra-migrate-meta-layouts":"default","ast-page-background-enabled":"default","ast-page-background-meta":{"desktop":{"background-color":"","background-image":"","background-repeat":"repeat","background-position":"center center","background-size":"auto","background-attachment":"scroll","background-type":"","background-media":"","overlay-type":"","overlay-color":"","overlay-opacity":"","overlay-gradient":""},"tablet":{"background-color":"","background-image":"","background-repeat":"repeat","background-position":"center center","background-size":"auto","background-attachment":"scroll","background-type":"","background-media":"","overlay-type":"","overlay-color":"","overlay-opacity":"","overlay-gradient":""},"mobile":{"background-color":"","background-image":"","background-repeat":"repeat","background-position":"center center","background-size":"auto","background-attachment":"scroll","background-type":"","background-media":"","overlay-type":"","overlay-color":"","overlay-opacity":"","overlay-gradient":""}},"ast-content-background-meta":{"desktop":{"background-color":"var(--ast-global-color-5)","background-image":"","background-repeat":"repeat","background-position":"center center","background-size":"auto","background-attachment":"scroll","background-type":"","background-media":"","overlay-type":"","overlay-color":"","overlay-opacity":"","overlay-gradient":""},"tablet":{"background-color":"var(--ast-global-color-5)","background-image":"","background-repeat":"repeat","background-position":"center center","background-size":"auto","background-attachment":"scroll","background-type":"","background-media":"","overlay-type":"","overlay-color":"","overlay-opacity":"","overlay-gradient":""},"mobile":{"background-color":"var(--ast-global-color-5)","background-image":"","background-repeat":"repeat","background-position":"center center","background-size":"auto","background-attachment":"scroll","background-type":"","background-media":"","overlay-type":"","overlay-color":"","overlay-opacity":"","overlay-gradient":""}}},"product_brand":[],"product_cat":[2073,2529,2125,2530,4267],"product_tag":[],"class_list":{"0":"post-646805","1":"product","2":"type-product","3":"status-publish","4":"has-post-thumbnail","6":"product_cat-cigarrillos-electronicos","7":"product_cat-hardware-es","8":"product_cat-mods-es","9":"product_cat-shop-by-brand-es","10":"product_cat-vaporesso-es","11":"desktop-align-center","12":"tablet-align-center","13":"mobile-align-center","14":"ast-product-gallery-layout-horizontal-slider","15":"ast-product-single-variable","16":"ast-product-tabs-layout-horizontal","18":"first","19":"instock","20":"sale","21":"taxable","22":"shipping-taxable","23":"purchasable","24":"product-type-variable"},"acf":[],"uagb_featured_image_src":{"full":["https:\/\/justvape.nu\/wp-content\/uploads\/2023\/10\/7fIKxOZ8.jpeg",600,600,false],"thumbnail":["https:\/\/justvape.nu\/wp-content\/uploads\/2023\/10\/7fIKxOZ8-150x150.jpeg",150,150,true],"medium":["https:\/\/justvape.nu\/wp-content\/uploads\/2023\/10\/7fIKxOZ8-300x300.jpeg",300,300,true],"medium_large":["https:\/\/justvape.nu\/wp-content\/uploads\/2023\/10\/7fIKxOZ8.jpeg",600,600,false],"large":["https:\/\/justvape.nu\/wp-content\/uploads\/2023\/10\/7fIKxOZ8.jpeg",600,600,false],"1536x1536":["https:\/\/justvape.nu\/wp-content\/uploads\/2023\/10\/7fIKxOZ8.jpeg",600,600,false],"2048x2048":["https:\/\/justvape.nu\/wp-content\/uploads\/2023\/10\/7fIKxOZ8.jpeg",600,600,false],"woocommerce_thumbnail":["https:\/\/justvape.nu\/wp-content\/uploads\/2023\/10\/7fIKxOZ8-300x300.jpeg",300,300,true],"woocommerce_single":["https:\/\/justvape.nu\/wp-content\/uploads\/2023\/10\/7fIKxOZ8.jpeg",600,600,false],"woocommerce_gallery_thumbnail":["https:\/\/justvape.nu\/wp-content\/uploads\/2023\/10\/7fIKxOZ8-100x100.jpeg",100,100,true],"dgwt-wcas-product-suggestion":["https:\/\/justvape.nu\/wp-content\/uploads\/2023\/10\/7fIKxOZ8-64x64.jpeg",64,64,true]},"uagb_author_info":{"display_name":"Kenneth Merkur","author_link":"https:\/\/justvape.nu\/es\/author\/"},"uagb_comment_info":0,"uagb_excerpt":"VAPORESSO - ARMOUR S MOD","_links":{"self":[{"href":"https:\/\/justvape.nu\/es\/wp-json\/wp\/v2\/product\/646805","targetHints":{"allow":["GET"]}}],"collection":[{"href":"https:\/\/justvape.nu\/es\/wp-json\/wp\/v2\/product"}],"about":[{"href":"https:\/\/justvape.nu\/es\/wp-json\/wp\/v2\/types\/product"}],"replies":[{"embeddable":true,"href":"https:\/\/justvape.nu\/es\/wp-json\/wp\/v2\/comments?post=646805"}],"wp:featuredmedia":[{"embeddable":true,"href":"https:\/\/justvape.nu\/es\/wp-json\/wp\/v2\/media\/645682"}],"wp:attachment":[{"href":"https:\/\/justvape.nu\/es\/wp-json\/wp\/v2\/media?parent=646805"}],"wp:term":[{"taxonomy":"product_brand","embeddable":true,"href":"https:\/\/justvape.nu\/es\/wp-json\/wp\/v2\/product_brand?post=646805"},{"taxonomy":"product_cat","embeddable":true,"href":"https:\/\/justvape.nu\/es\/wp-json\/wp\/v2\/product_cat?post=646805"},{"taxonomy":"product_tag","embeddable":true,"href":"https:\/\/justvape.nu\/es\/wp-json\/wp\/v2\/product_tag?post=646805"}],"curies":[{"name":"wp","href":"https:\/\/api.w.org\/{rel}","templated":true}]}}