{"id":646748,"date":"2023-10-28T11:41:39","date_gmt":"2023-10-28T09:41:39","guid":{"rendered":"https:\/\/justvape.nu\/produkt\/lost-vape-ursa-nano-2-pod-kit\/"},"modified":"2023-10-28T11:41:39","modified_gmt":"2023-10-28T09:41:39","slug":"lost-vape-ursa-nano-2-pod-kit","status":"publish","type":"product","link":"https:\/\/justvape.nu\/es\/produkt\/lost-vape-ursa-nano-2-pod-kit\/","title":{"rendered":"LOST VAPE &#8211; URSA NANO 2 POD KIT"},"content":{"rendered":"<h2>LOST VAPE &#8211; URSA NANO 2 POD KIT<\/h2>\n<p><span style=\"font-size: 16px;\">Presentaci\u00f3n de la Ursa Nano 2<\/span><span style=\"font-size: 16px;\"> <\/span><span style=\"font-size: 16px;\">Kit de vainas<\/span><span style=\"font-size: 16px;\">  de Lost Vape &#8211; un dispositivo de vapeo elegante y con estilo que ofrece una experiencia excepcional. El Ursa Nano 2 es un elegante y sencillo kit de vaina que utiliza las vainas Ursa Nano con una capacidad de 2 ml, por lo que es perfecto para e-l\u00edquidos de sal de nicotina. Cuenta con un sistema de activaci\u00f3n por inhalaci\u00f3n, lo que significa que basta con dar una calada para empezar a vapear. Esto, junto con su dise\u00f1o compacto y ligero, facilita su transporte durante todo el d\u00eda.<\/span><\/p>\n<div class=\"collapsible-tab__text\">\n<p>La bater\u00eda integrada de 900 mAh garantiza sesiones de vapeo de larga duraci\u00f3n y se puede recargar r\u00e1pidamente mediante la carga USB Type-C de 1 amperio. Con una potencia m\u00e1xima de 22 vatios, puede disfrutar de un golpe satisfactorio mientras preserva los sabores de sus e-l\u00edquidos. La funci\u00f3n de flujo de aire ajustable te permite controlar la restricci\u00f3n de inhalaci\u00f3n, proporcion\u00e1ndote una experiencia de vapeo personalizada. La Ursa Nano 2 tambi\u00e9n incluye retroiluminaci\u00f3n LED, que a\u00f1ade llamativos efectos visuales a los ya de por s\u00ed atrevidos dise\u00f1os del cuerpo del dispositivo.<\/p>\n<p>El Ursa Nano 2 Pod Kit de Lost Vape es un dispositivo de vapeo compacto y potente. Utiliza vainas Ursa Nano con una capacidad de 2 ml para e-l\u00edquidos de sales de nicotina. Con activaci\u00f3n de inhalaci\u00f3n y un dise\u00f1o ligero, es perfecto para vapear sobre la marcha. La bater\u00eda integrada de 900 mAh se puede cargar r\u00e1pidamente a trav\u00e9s de USB Type-C. Con una potencia m\u00e1xima de 22 vatios, flujo de aire ajustable y retroiluminaci\u00f3n LED, este kit pod combina estilo y funcionalidad para una experiencia de vapeo excepcional.<\/p>\n<p><a href=\"https:\/\/justvape.nu\/wp-content\/uploads\/2018\/05\/Color-Schemes.png\"><img loading=\"lazy\" decoding=\"async\" class=\"alignnone size-full wp-image-19187\" src=\"https:\/\/justvape.nu\/wp-content\/uploads\/2018\/05\/Color-Schemes.png\" alt=\"\" width=\"950\" height=\"64\" title=\"\" srcset=\"https:\/\/justvape.nu\/wp-content\/uploads\/2018\/05\/Color-Schemes.png 950w, https:\/\/justvape.nu\/wp-content\/uploads\/2018\/05\/Color-Schemes-555x37.png 555w, https:\/\/justvape.nu\/wp-content\/uploads\/2018\/05\/Color-Schemes-64x4.png 64w, https:\/\/justvape.nu\/wp-content\/uploads\/2018\/05\/Color-Schemes-300x20.png 300w, https:\/\/justvape.nu\/wp-content\/uploads\/2018\/05\/Color-Schemes-768x52.png 768w\" sizes=\"auto, (max-width: 950px) 100vw, 950px\" \/><\/a><\/p>\n<p class=\"description-img-center\"><a href=\"https:\/\/justvape.nu\/wp-content\/uploads\/2023\/10\/Lost_Vape_Ursa_Nano_2_Kit_Colors.jpg\"><img loading=\"lazy\" decoding=\"async\" class=\"alignnone wp-image-646022\" src=\"https:\/\/justvape.nu\/wp-content\/uploads\/2023\/10\/Lost_Vape_Ursa_Nano_2_Kit_Colors.jpg\" alt=\"\" width=\"937\" height=\"830\" title=\"\" srcset=\"https:\/\/justvape.nu\/wp-content\/uploads\/2023\/10\/Lost_Vape_Ursa_Nano_2_Kit_Colors.jpg 700w, https:\/\/justvape.nu\/wp-content\/uploads\/2023\/10\/Lost_Vape_Ursa_Nano_2_Kit_Colors-600x531.jpg 600w, https:\/\/justvape.nu\/wp-content\/uploads\/2023\/10\/Lost_Vape_Ursa_Nano_2_Kit_Colors-64x57.jpg 64w, https:\/\/justvape.nu\/wp-content\/uploads\/2023\/10\/Lost_Vape_Ursa_Nano_2_Kit_Colors-300x266.jpg 300w\" sizes=\"auto, (max-width: 937px) 100vw, 937px\" \/><\/a><\/p>\n<div class=\"shop-features \">\n<h2 class=\"shop-features-title \"><a href=\"https:\/\/justvape.nu\/wp-content\/uploads\/2018\/05\/Specifications.png\"><img loading=\"lazy\" decoding=\"async\" class=\"alignnone size-full wp-image-248449\" src=\"https:\/\/justvape.nu\/wp-content\/uploads\/2018\/05\/Specifications.png\" alt=\"\" width=\"950\" height=\"64\" title=\"\" srcset=\"https:\/\/justvape.nu\/wp-content\/uploads\/2018\/05\/Specifications.png 950w, https:\/\/justvape.nu\/wp-content\/uploads\/2018\/05\/Specifications-600x40.png 600w, https:\/\/justvape.nu\/wp-content\/uploads\/2018\/05\/Specifications-64x4.png 64w, https:\/\/justvape.nu\/wp-content\/uploads\/2018\/05\/Specifications-300x20.png 300w, https:\/\/justvape.nu\/wp-content\/uploads\/2018\/05\/Specifications-768x52.png 768w\" sizes=\"auto, (max-width: 950px) 100vw, 950px\" \/><\/a><\/h2>\n<\/div>\n<table class=\"description-table\">\n<tbody>\n<tr>\n<td class=\"strong-title \">Marca<\/td>\n<td class=\"inline\">Lost Vape<\/td>\n<\/tr>\n<tr>\n<td class=\"strong-title \">Nombre del producto<\/td>\n<td class=\"inline\">Kit Ursa Nano 2<\/td>\n<\/tr>\n<tr>\n<td class=\"strong-title \">Dimensi\u00f3n<\/td>\n<td class=\"inline\">83,7*25,5*16,05 mm<\/td>\n<\/tr>\n<tr>\n<td class=\"strong-title \">Tama\u00f1o del paquete<\/td>\n<td class=\"inline\">56*42*128mm(1pc)<\/td>\n<\/tr>\n<tr>\n<td class=\"strong-title \"><\/td>\n<td class=\"inline\"><\/td>\n<\/tr>\n<tr>\n<td class=\"strong-title \">Capacidad de la c\u00e1psula<\/td>\n<td class=\"inline\">2ml TPD<\/td>\n<\/tr>\n<tr>\n<td class=\"strong-title \">Capacidad de la bater\u00eda<\/td>\n<td class=\"inline\">900 mAh incorporados<\/td>\n<\/tr>\n<tr>\n<td class=\"strong-title \">Tensi\u00f3n de la bater\u00eda<\/td>\n<td class=\"inline\">3,0V-4,2V<\/td>\n<\/tr>\n<tr>\n<td class=\"strong-title \">Rango de potencia<\/td>\n<td class=\"inline\">9W-22W<\/td>\n<\/tr>\n<tr>\n<td class=\"strong-title \">Tensi\u00f3n de carga<\/td>\n<td class=\"inline\">5V\/1A<\/td>\n<\/tr>\n<tr>\n<td class=\"strong-title \">Cable tipo C<\/td>\n<td class=\"inline\">Soporta cargador de 5V\/1,5A<\/td>\n<\/tr>\n<tr>\n<td class=\"strong-title \">Material del cuerpo<\/td>\n<td class=\"inline\">Aleaci\u00f3n de zinc + pl\u00e1stico<\/td>\n<\/tr>\n<tr>\n<td class=\"strong-title \">Color<\/td>\n<td class=\"inline\">Espacio Din\u00e1mico, Espacio Transfo, Espacio Motor, Espacio Astro, Espacio Helado, Alma Cromada, Alma Real, Superviviente Rosa, Alma Salvaje, Alma Venganza<\/td>\n<\/tr>\n<\/tbody>\n<\/table>\n<div class=\"shop-features \">\n<h2 class=\"shop-features-title \"><a href=\"https:\/\/justvape.nu\/wp-content\/uploads\/2018\/05\/Features.png\"><img loading=\"lazy\" decoding=\"async\" class=\"alignnone size-full wp-image-248458\" src=\"https:\/\/justvape.nu\/wp-content\/uploads\/2018\/05\/Features.png\" alt=\"\" width=\"950\" height=\"64\" title=\"\" srcset=\"https:\/\/justvape.nu\/wp-content\/uploads\/2018\/05\/Features.png 950w, https:\/\/justvape.nu\/wp-content\/uploads\/2018\/05\/Features-600x40.png 600w, https:\/\/justvape.nu\/wp-content\/uploads\/2018\/05\/Features-64x4.png 64w, https:\/\/justvape.nu\/wp-content\/uploads\/2018\/05\/Features-300x20.png 300w, https:\/\/justvape.nu\/wp-content\/uploads\/2018\/05\/Features-768x52.png 768w\" sizes=\"auto, (max-width: 950px) 100vw, 950px\" \/><\/a><\/h2>\n<\/div>\n<ul>\n<li style=\"list-style-type: none;\">\n<ul>\n<li>1. Activaci\u00f3n autom\u00e1tica del sorteo<\/li>\n<li>2. Detecci\u00f3n inteligente de vainas<\/li>\n<li>3. Control suave del flujo de aire<\/li>\n<li>4. Vaping de larga duraci\u00f3n de 900mAh<\/li>\n<li>5. Indicaci\u00f3n de carga, cord\u00f3n gratuito<\/li>\n<li>6. Chip Quest 2.0 de \u00faltima generaci\u00f3n<\/li>\n<li>7. Potencia de salida m\u00e1xima de 22 W<\/li>\n<li>8. Compatible con el cartucho Ursa<\/li>\n<li>9. Panel retroiluminado din\u00e1mico<\/li>\n<li>10. La empu\u00f1adura Bio-fit ofrece un confort excepcional<\/li>\n<li>11. Relleno lateral, dise\u00f1o a prueba de fugas<\/li>\n<li>12. Caracter\u00edsticas de seguridad: Protecci\u00f3n contra cortocircuitos\/bater\u00eda d\u00e9bil\/sobrecalentamiento<\/li>\n<\/ul>\n<\/li>\n<\/ul>\n<div class=\"img-show-more\">\n<div id=\"img_content_less\" class=\"img-content add-more\">\n<p class=\"description-img-center\"><a href=\"https:\/\/justvape.nu\/wp-content\/uploads\/2023\/10\/Lost_Vape_Ursa_Nano_2_Kit_Banner.jpg\"><img loading=\"lazy\" decoding=\"async\" class=\"alignnone size-full wp-image-646032\" src=\"https:\/\/justvape.nu\/wp-content\/uploads\/2023\/10\/Lost_Vape_Ursa_Nano_2_Kit_Banner.jpg\" alt=\"\" width=\"831\" height=\"416\" title=\"\" srcset=\"https:\/\/justvape.nu\/wp-content\/uploads\/2023\/10\/Lost_Vape_Ursa_Nano_2_Kit_Banner.jpg 831w, https:\/\/justvape.nu\/wp-content\/uploads\/2023\/10\/Lost_Vape_Ursa_Nano_2_Kit_Banner-600x300.jpg 600w, https:\/\/justvape.nu\/wp-content\/uploads\/2023\/10\/Lost_Vape_Ursa_Nano_2_Kit_Banner-64x32.jpg 64w, https:\/\/justvape.nu\/wp-content\/uploads\/2023\/10\/Lost_Vape_Ursa_Nano_2_Kit_Banner-300x150.jpg 300w, https:\/\/justvape.nu\/wp-content\/uploads\/2023\/10\/Lost_Vape_Ursa_Nano_2_Kit_Banner-768x384.jpg 768w\" sizes=\"auto, (max-width: 831px) 100vw, 831px\" \/><\/a> <a href=\"https:\/\/justvape.nu\/wp-content\/uploads\/2023\/10\/Lost_Vape_Ursa_Nano_2_Kit_Leakproof_Design.jpg\"><img loading=\"lazy\" decoding=\"async\" class=\"alignnone size-full wp-image-646040\" src=\"https:\/\/justvape.nu\/wp-content\/uploads\/2023\/10\/Lost_Vape_Ursa_Nano_2_Kit_Leakproof_Design.jpg\" alt=\"\" width=\"831\" height=\"449\" title=\"\" srcset=\"https:\/\/justvape.nu\/wp-content\/uploads\/2023\/10\/Lost_Vape_Ursa_Nano_2_Kit_Leakproof_Design.jpg 831w, https:\/\/justvape.nu\/wp-content\/uploads\/2023\/10\/Lost_Vape_Ursa_Nano_2_Kit_Leakproof_Design-600x324.jpg 600w, https:\/\/justvape.nu\/wp-content\/uploads\/2023\/10\/Lost_Vape_Ursa_Nano_2_Kit_Leakproof_Design-64x35.jpg 64w, https:\/\/justvape.nu\/wp-content\/uploads\/2023\/10\/Lost_Vape_Ursa_Nano_2_Kit_Leakproof_Design-300x162.jpg 300w, https:\/\/justvape.nu\/wp-content\/uploads\/2023\/10\/Lost_Vape_Ursa_Nano_2_Kit_Leakproof_Design-768x415.jpg 768w\" sizes=\"auto, (max-width: 831px) 100vw, 831px\" \/><\/a> <a href=\"https:\/\/justvape.nu\/wp-content\/uploads\/2023\/10\/Lost_Vape_Ursa_Nano_2_Kit_Main_Features.jpg\"><img loading=\"lazy\" decoding=\"async\" class=\"alignnone size-full wp-image-646048\" src=\"https:\/\/justvape.nu\/wp-content\/uploads\/2023\/10\/Lost_Vape_Ursa_Nano_2_Kit_Main_Features.jpg\" alt=\"\" width=\"831\" height=\"414\" title=\"\" srcset=\"https:\/\/justvape.nu\/wp-content\/uploads\/2023\/10\/Lost_Vape_Ursa_Nano_2_Kit_Main_Features.jpg 831w, https:\/\/justvape.nu\/wp-content\/uploads\/2023\/10\/Lost_Vape_Ursa_Nano_2_Kit_Main_Features-600x299.jpg 600w, https:\/\/justvape.nu\/wp-content\/uploads\/2023\/10\/Lost_Vape_Ursa_Nano_2_Kit_Main_Features-64x32.jpg 64w, https:\/\/justvape.nu\/wp-content\/uploads\/2023\/10\/Lost_Vape_Ursa_Nano_2_Kit_Main_Features-300x149.jpg 300w, https:\/\/justvape.nu\/wp-content\/uploads\/2023\/10\/Lost_Vape_Ursa_Nano_2_Kit_Main_Features-768x383.jpg 768w\" sizes=\"auto, (max-width: 831px) 100vw, 831px\" \/><\/a><\/p>\n<\/div>\n<p><a href=\"https:\/\/justvape.nu\/wp-content\/uploads\/2018\/05\/Packing-List.png\"><img loading=\"lazy\" decoding=\"async\" class=\"alignnone size-full wp-image-18995\" src=\"https:\/\/justvape.nu\/wp-content\/uploads\/2018\/05\/Packing-List.png\" alt=\"\" width=\"950\" height=\"64\" title=\"\" srcset=\"https:\/\/justvape.nu\/wp-content\/uploads\/2018\/05\/Packing-List.png 950w, https:\/\/justvape.nu\/wp-content\/uploads\/2018\/05\/Packing-List-555x37.png 555w, https:\/\/justvape.nu\/wp-content\/uploads\/2018\/05\/Packing-List-64x4.png 64w, https:\/\/justvape.nu\/wp-content\/uploads\/2018\/05\/Packing-List-300x20.png 300w, https:\/\/justvape.nu\/wp-content\/uploads\/2018\/05\/Packing-List-768x52.png 768w\" sizes=\"auto, (max-width: 950px) 100vw, 950px\" \/><\/a><\/p>\n<\/div>\n<p>1* Dispositivo Ursa Nano 2<br \/>\n1* Cartucho Ursa 0.6ohm (2ml)<br \/>\n1* Cartucho Ursa de 0,8ohm (2ml)<br \/>\n1* Cable tipo C<br \/>\n1* Tarjeta de garant\u00eda<br \/>\n1* Cord\u00f3n de seguridad<br \/>\n1* Manual<br \/>\n1* Junta t\u00f3rica<\/p>\n<\/div>\n","protected":false},"excerpt":{"rendered":"<p>LOST VAPE &#8211; URSA NANO 2 POD KIT<\/p>\n","protected":false},"featured_media":645575,"comment_status":"open","ping_status":"closed","template":"","meta":{"_acf_changed":false,"_uag_custom_page_level_css":"","site-sidebar-layout":"default","site-content-layout":"","ast-site-content-layout":"default","site-content-style":"default","site-sidebar-style":"default","ast-global-header-display":"","ast-banner-title-visibility":"","ast-main-header-display":"","ast-hfb-above-header-display":"","ast-hfb-below-header-display":"","ast-hfb-mobile-header-display":"","site-post-title":"","ast-breadcrumbs-content":"","ast-featured-img":"","footer-sml-layout":"","ast-disable-related-posts":"","theme-transparent-header-meta":"default","adv-header-id-meta":"","stick-header-meta":"default","header-above-stick-meta":"","header-main-stick-meta":"","header-below-stick-meta":"","astra-migrate-meta-layouts":"default","ast-page-background-enabled":"default","ast-page-background-meta":{"desktop":{"background-color":"","background-image":"","background-repeat":"repeat","background-position":"center center","background-size":"auto","background-attachment":"scroll","background-type":"","background-media":"","overlay-type":"","overlay-color":"","overlay-opacity":"","overlay-gradient":""},"tablet":{"background-color":"","background-image":"","background-repeat":"repeat","background-position":"center center","background-size":"auto","background-attachment":"scroll","background-type":"","background-media":"","overlay-type":"","overlay-color":"","overlay-opacity":"","overlay-gradient":""},"mobile":{"background-color":"","background-image":"","background-repeat":"repeat","background-position":"center center","background-size":"auto","background-attachment":"scroll","background-type":"","background-media":"","overlay-type":"","overlay-color":"","overlay-opacity":"","overlay-gradient":""}},"ast-content-background-meta":{"desktop":{"background-color":"var(--ast-global-color-5)","background-image":"","background-repeat":"repeat","background-position":"center center","background-size":"auto","background-attachment":"scroll","background-type":"","background-media":"","overlay-type":"","overlay-color":"","overlay-opacity":"","overlay-gradient":""},"tablet":{"background-color":"var(--ast-global-color-5)","background-image":"","background-repeat":"repeat","background-position":"center center","background-size":"auto","background-attachment":"scroll","background-type":"","background-media":"","overlay-type":"","overlay-color":"","overlay-opacity":"","overlay-gradient":""},"mobile":{"background-color":"var(--ast-global-color-5)","background-image":"","background-repeat":"repeat","background-position":"center center","background-size":"auto","background-attachment":"scroll","background-type":"","background-media":"","overlay-type":"","overlay-color":"","overlay-opacity":"","overlay-gradient":""}}},"product_brand":[],"product_cat":[2073,2529,2083,4808,2530],"product_tag":[],"class_list":{"0":"post-646748","1":"product","2":"type-product","3":"status-publish","4":"has-post-thumbnail","6":"product_cat-cigarrillos-electronicos","7":"product_cat-hardware-es","8":"product_cat-kits-para-principiantes-y-pods","9":"product_cat-lost-vape-es","10":"product_cat-shop-by-brand-es","11":"desktop-align-center","12":"tablet-align-center","13":"mobile-align-center","14":"ast-product-gallery-layout-horizontal-slider","15":"ast-product-single-variable","16":"ast-product-tabs-layout-horizontal","18":"first","19":"instock","20":"sale","21":"taxable","22":"shipping-taxable","23":"purchasable","24":"product-type-variable"},"acf":[],"uagb_featured_image_src":{"full":["https:\/\/justvape.nu\/wp-content\/uploads\/2023\/10\/fO93Px3r.jpeg",600,600,false],"thumbnail":["https:\/\/justvape.nu\/wp-content\/uploads\/2023\/10\/fO93Px3r-150x150.jpeg",150,150,true],"medium":["https:\/\/justvape.nu\/wp-content\/uploads\/2023\/10\/fO93Px3r-300x300.jpeg",300,300,true],"medium_large":["https:\/\/justvape.nu\/wp-content\/uploads\/2023\/10\/fO93Px3r.jpeg",600,600,false],"large":["https:\/\/justvape.nu\/wp-content\/uploads\/2023\/10\/fO93Px3r.jpeg",600,600,false],"1536x1536":["https:\/\/justvape.nu\/wp-content\/uploads\/2023\/10\/fO93Px3r.jpeg",600,600,false],"2048x2048":["https:\/\/justvape.nu\/wp-content\/uploads\/2023\/10\/fO93Px3r.jpeg",600,600,false],"woocommerce_thumbnail":["https:\/\/justvape.nu\/wp-content\/uploads\/2023\/10\/fO93Px3r-300x300.jpeg",300,300,true],"woocommerce_single":["https:\/\/justvape.nu\/wp-content\/uploads\/2023\/10\/fO93Px3r.jpeg",600,600,false],"woocommerce_gallery_thumbnail":["https:\/\/justvape.nu\/wp-content\/uploads\/2023\/10\/fO93Px3r-100x100.jpeg",100,100,true],"dgwt-wcas-product-suggestion":["https:\/\/justvape.nu\/wp-content\/uploads\/2023\/10\/fO93Px3r-64x64.jpeg",64,64,true]},"uagb_author_info":{"display_name":"Kenneth Merkur","author_link":"https:\/\/justvape.nu\/es\/author\/"},"uagb_comment_info":0,"uagb_excerpt":"LOST VAPE - URSA NANO 2 POD KIT","_links":{"self":[{"href":"https:\/\/justvape.nu\/es\/wp-json\/wp\/v2\/product\/646748","targetHints":{"allow":["GET"]}}],"collection":[{"href":"https:\/\/justvape.nu\/es\/wp-json\/wp\/v2\/product"}],"about":[{"href":"https:\/\/justvape.nu\/es\/wp-json\/wp\/v2\/types\/product"}],"replies":[{"embeddable":true,"href":"https:\/\/justvape.nu\/es\/wp-json\/wp\/v2\/comments?post=646748"}],"wp:featuredmedia":[{"embeddable":true,"href":"https:\/\/justvape.nu\/es\/wp-json\/wp\/v2\/media\/645575"}],"wp:attachment":[{"href":"https:\/\/justvape.nu\/es\/wp-json\/wp\/v2\/media?parent=646748"}],"wp:term":[{"taxonomy":"product_brand","embeddable":true,"href":"https:\/\/justvape.nu\/es\/wp-json\/wp\/v2\/product_brand?post=646748"},{"taxonomy":"product_cat","embeddable":true,"href":"https:\/\/justvape.nu\/es\/wp-json\/wp\/v2\/product_cat?post=646748"},{"taxonomy":"product_tag","embeddable":true,"href":"https:\/\/justvape.nu\/es\/wp-json\/wp\/v2\/product_tag?post=646748"}],"curies":[{"name":"wp","href":"https:\/\/api.w.org\/{rel}","templated":true}]}}