{"id":630694,"date":"2023-07-29T20:43:44","date_gmt":"2023-07-29T18:43:44","guid":{"rendered":"https:\/\/justvape.nu\/produkt\/uwell-caliburn-az3-pod-system\/"},"modified":"2023-07-29T20:43:44","modified_gmt":"2023-07-29T18:43:44","slug":"uwell-caliburn-az3-pod-system","status":"publish","type":"product","link":"https:\/\/justvape.nu\/es\/produkt\/uwell-caliburn-az3-pod-system\/","title":{"rendered":"UWELL &#8211; CALIBURN AZ3 POD SYSTEM"},"content":{"rendered":"<h2>UWELL &#8211; CALIBURN AZ3 POD SYSTEM<\/h2>\n<p>Uwell Caliburn AZ3 Pod System, cuenta con un peque\u00f1o factor de forma de palma de la mano, una bater\u00eda de 750mAh, y ofrece un sabor inigualable de la Caliburn A3 Pods. Fabricada en aleaci\u00f3n de aluminio resistente, la peque\u00f1a Caliburn AZ3 cabe perfectamente en la palma de la mano. Encapsulando una bater\u00eda de 750mAh en su interior, el Caliburn AZ3 Pod System permite su uso durante todo el d\u00eda, proporcionando un delicioso vapor en cualquier momento. El sistema de vaina Caliburn AZ3, que funciona con un sistema de encendido por extracci\u00f3n, es f\u00e1cil de usar y utiliza una vaina Caliburn A3 de 0,8ohm o 1,0ohm. Adem\u00e1s, la recarga se realiza a trav\u00e9s de un puerto Type-C, lo que significa menos tiempo de inactividad para vapear.<\/p>\n<p><a href=\"https:\/\/justvape.nu\/wp-content\/uploads\/2018\/05\/Color-Schemes.png\"><img loading=\"lazy\" decoding=\"async\" class=\"alignnone size-full wp-image-249098\" src=\"https:\/\/justvape.nu\/wp-content\/uploads\/2018\/05\/Color-Schemes.png\" alt=\"\" width=\"950\" height=\"64\" title=\"\" srcset=\"https:\/\/justvape.nu\/wp-content\/uploads\/2018\/05\/Color-Schemes.png 950w, https:\/\/justvape.nu\/wp-content\/uploads\/2018\/05\/Color-Schemes-600x40.png 600w, https:\/\/justvape.nu\/wp-content\/uploads\/2018\/05\/Color-Schemes-64x4.png 64w, https:\/\/justvape.nu\/wp-content\/uploads\/2018\/05\/Color-Schemes-300x20.png 300w, https:\/\/justvape.nu\/wp-content\/uploads\/2018\/05\/Color-Schemes-768x52.png 768w\" sizes=\"auto, (max-width: 950px) 100vw, 950px\" \/><\/a><\/p>\n<p class=\"description-img-center\"><a href=\"https:\/\/justvape.nu\/wp-content\/uploads\/2023\/07\/Uwell_Caliburn_AZ3_Kit_Colors.jpg\"><img loading=\"lazy\" decoding=\"async\" class=\"alignnone wp-image-630537\" src=\"https:\/\/justvape.nu\/wp-content\/uploads\/2023\/07\/Uwell_Caliburn_AZ3_Kit_Colors.jpg\" alt=\"\" width=\"937\" height=\"384\" title=\"\" srcset=\"https:\/\/justvape.nu\/wp-content\/uploads\/2023\/07\/Uwell_Caliburn_AZ3_Kit_Colors.jpg 800w, https:\/\/justvape.nu\/wp-content\/uploads\/2023\/07\/Uwell_Caliburn_AZ3_Kit_Colors-600x246.jpg 600w, https:\/\/justvape.nu\/wp-content\/uploads\/2023\/07\/Uwell_Caliburn_AZ3_Kit_Colors-64x26.jpg 64w, https:\/\/justvape.nu\/wp-content\/uploads\/2023\/07\/Uwell_Caliburn_AZ3_Kit_Colors-300x123.jpg 300w, https:\/\/justvape.nu\/wp-content\/uploads\/2023\/07\/Uwell_Caliburn_AZ3_Kit_Colors-768x315.jpg 768w\" sizes=\"auto, (max-width: 937px) 100vw, 937px\" \/><\/a><\/p>\n<div class=\"shop-features \">\n<h2 class=\"shop-features-title \"><a href=\"https:\/\/justvape.nu\/wp-content\/uploads\/2018\/05\/Specifications.png\"><img loading=\"lazy\" decoding=\"async\" class=\"alignnone size-full wp-image-18993\" src=\"https:\/\/justvape.nu\/wp-content\/uploads\/2018\/05\/Specifications.png\" alt=\"\" width=\"950\" height=\"64\" title=\"\" srcset=\"https:\/\/justvape.nu\/wp-content\/uploads\/2018\/05\/Specifications.png 950w, https:\/\/justvape.nu\/wp-content\/uploads\/2018\/05\/Specifications-555x37.png 555w, https:\/\/justvape.nu\/wp-content\/uploads\/2018\/05\/Specifications-64x4.png 64w, https:\/\/justvape.nu\/wp-content\/uploads\/2018\/05\/Specifications-300x20.png 300w, https:\/\/justvape.nu\/wp-content\/uploads\/2018\/05\/Specifications-768x52.png 768w\" sizes=\"auto, (max-width: 950px) 100vw, 950px\" \/><\/a><\/h2>\n<\/div>\n<table class=\"description-table\">\n<tbody>\n<tr>\n<td class=\"strong-title \">Marca<\/td>\n<td class=\"inline\">Uwell<\/td>\n<\/tr>\n<tr>\n<td class=\"strong-title \">Nombre del producto<\/td>\n<td class=\"inline\">Caliburn AZ3 Pod Kit<\/td>\n<\/tr>\n<tr>\n<td class=\"strong-title \">Material<\/td>\n<td class=\"inline\">Dispositivo: Aleaci\u00f3n de aluminio, Cartucho: PCTG<\/td>\n<\/tr>\n<tr>\n<td class=\"strong-title \">Dimensiones<\/td>\n<td class=\"inline\">68,9*23,8*23,6 mm<\/td>\n<\/tr>\n<tr>\n<td class=\"strong-title \">Capacidad de la c\u00e1psula<\/td>\n<td class=\"inline\">2ml TPD<\/td>\n<\/tr>\n<tr>\n<td class=\"strong-title \">Potencia de salida<\/td>\n<td class=\"inline\">M\u00e1ximo 17 W<\/td>\n<\/tr>\n<tr>\n<td class=\"strong-title \">Capacidad de la bater\u00eda<\/td>\n<td class=\"inline\">750mAh<\/td>\n<\/tr>\n<tr>\n<td class=\"strong-title \">Tipo de relleno<\/td>\n<td class=\"inline\">Relleno superior<\/td>\n<\/tr>\n<tr>\n<td class=\"strong-title \">Especificaciones de la bobina<\/td>\n<td class=\"inline\">FeCrAI Meshed 0.8ohm Caliburn A3 Pod Recargable(pre-instalado)<br \/>\nFeCrAI Meshed 1.0ohm Caliburn A3 Pod Recargable(repuesto)<\/td>\n<\/tr>\n<tr>\n<td class=\"strong-title \">Compatible con Pod<\/td>\n<td class=\"inline\">C\u00e1psula rellenable Caliburn A3\/A3S 0.8\u03a9\/1.0\u03a9<\/td>\n<\/tr>\n<tr>\n<td class=\"strong-title \">Color<\/td>\n<td class=\"inline\">Plata, gris, negro, azul, rojo, rosa<\/td>\n<\/tr>\n<\/tbody>\n<\/table>\n<div class=\"shop-features \">\n<h2 class=\"shop-features-title \"><a href=\"https:\/\/justvape.nu\/wp-content\/uploads\/2018\/05\/Features.png\"><img loading=\"lazy\" decoding=\"async\" class=\"alignnone size-full wp-image-248458\" src=\"https:\/\/justvape.nu\/wp-content\/uploads\/2018\/05\/Features.png\" alt=\"\" width=\"950\" height=\"64\" title=\"\" srcset=\"https:\/\/justvape.nu\/wp-content\/uploads\/2018\/05\/Features.png 950w, https:\/\/justvape.nu\/wp-content\/uploads\/2018\/05\/Features-600x40.png 600w, https:\/\/justvape.nu\/wp-content\/uploads\/2018\/05\/Features-64x4.png 64w, https:\/\/justvape.nu\/wp-content\/uploads\/2018\/05\/Features-300x20.png 300w, https:\/\/justvape.nu\/wp-content\/uploads\/2018\/05\/Features-768x52.png 768w\" sizes=\"auto, (max-width: 950px) 100vw, 950px\" \/><\/a><\/h2>\n<\/div>\n<ul>\n<li>1. Con un factor de forma totalmente nuevo ZEGA para un sistema pod<\/li>\n<li>2. Indicador LED de pulso lento similar a la respiraci\u00f3n<\/li>\n<li>3. Mecanismo de rellenado de 3 pasos (U-Valve) y vaina transparente<\/li>\n<li>4. Extracci\u00f3n autom\u00e1tica, bucle para cord\u00f3n<\/li>\n<li>5. Carga r\u00e1pida de 2 A<\/li>\n<li>6. Tecnolog\u00eda de ajuste<\/li>\n<li>7. F\u00e1cil llenado superior<\/li>\n<\/ul>\n<div class=\"shop-features \">\n<h2 class=\"shop-features-title \"><a href=\"https:\/\/justvape.nu\/wp-content\/uploads\/2018\/05\/Packing-List.png\"><img loading=\"lazy\" decoding=\"async\" class=\"alignnone size-full wp-image-18995\" src=\"https:\/\/justvape.nu\/wp-content\/uploads\/2018\/05\/Packing-List.png\" alt=\"\" width=\"950\" height=\"64\" title=\"\" srcset=\"https:\/\/justvape.nu\/wp-content\/uploads\/2018\/05\/Packing-List.png 950w, https:\/\/justvape.nu\/wp-content\/uploads\/2018\/05\/Packing-List-555x37.png 555w, https:\/\/justvape.nu\/wp-content\/uploads\/2018\/05\/Packing-List-64x4.png 64w, https:\/\/justvape.nu\/wp-content\/uploads\/2018\/05\/Packing-List-300x20.png 300w, https:\/\/justvape.nu\/wp-content\/uploads\/2018\/05\/Packing-List-768x52.png 768w\" sizes=\"auto, (max-width: 950px) 100vw, 950px\" \/><\/a><\/h2>\n<\/div>\n<p>1* Dispositivo Caliburn AZ3<br \/>\n1* C\u00e1psula recargable Caliburn A3 de 0,8ohm (preinstalada)<br \/>\n1* 1.0ohm Caliburn A3 Pod Recargable(Repuesto)<br \/>\n1* Cable de carga tipo C<br \/>\n1 * manual de usuario<\/p>\n","protected":false},"excerpt":{"rendered":"<p>UWELL &#8211; CALIBURN AZ3 POD SYSTEM<\/p>\n","protected":false},"featured_media":630558,"comment_status":"open","ping_status":"closed","template":"","meta":{"_acf_changed":false,"_uag_custom_page_level_css":"","site-sidebar-layout":"default","site-content-layout":"default","ast-site-content-layout":"default","site-content-style":"default","site-sidebar-style":"default","ast-global-header-display":"","ast-banner-title-visibility":"","ast-main-header-display":"","ast-hfb-above-header-display":"","ast-hfb-below-header-display":"","ast-hfb-mobile-header-display":"","site-post-title":"","ast-breadcrumbs-content":"","ast-featured-img":"","footer-sml-layout":"","ast-disable-related-posts":"","theme-transparent-header-meta":"default","adv-header-id-meta":"","stick-header-meta":"default","header-above-stick-meta":"","header-main-stick-meta":"","header-below-stick-meta":"","astra-migrate-meta-layouts":"default","ast-page-background-enabled":"default","ast-page-background-meta":{"desktop":{"background-color":"","background-image":"","background-repeat":"repeat","background-position":"center center","background-size":"auto","background-attachment":"scroll","background-type":"","background-media":"","overlay-type":"","overlay-color":"","overlay-opacity":"","overlay-gradient":""},"tablet":{"background-color":"","background-image":"","background-repeat":"repeat","background-position":"center center","background-size":"auto","background-attachment":"scroll","background-type":"","background-media":"","overlay-type":"","overlay-color":"","overlay-opacity":"","overlay-gradient":""},"mobile":{"background-color":"","background-image":"","background-repeat":"repeat","background-position":"center center","background-size":"auto","background-attachment":"scroll","background-type":"","background-media":"","overlay-type":"","overlay-color":"","overlay-opacity":"","overlay-gradient":""}},"ast-content-background-meta":{"desktop":{"background-color":"var(--ast-global-color-5)","background-image":"","background-repeat":"repeat","background-position":"center center","background-size":"auto","background-attachment":"scroll","background-type":"","background-media":"","overlay-type":"","overlay-color":"","overlay-opacity":"","overlay-gradient":""},"tablet":{"background-color":"var(--ast-global-color-5)","background-image":"","background-repeat":"repeat","background-position":"center center","background-size":"auto","background-attachment":"scroll","background-type":"","background-media":"","overlay-type":"","overlay-color":"","overlay-opacity":"","overlay-gradient":""},"mobile":{"background-color":"var(--ast-global-color-5)","background-image":"","background-repeat":"repeat","background-position":"center center","background-size":"auto","background-attachment":"scroll","background-type":"","background-media":"","overlay-type":"","overlay-color":"","overlay-opacity":"","overlay-gradient":""}}},"product_brand":[],"product_cat":[2073,2529,2083,2530,3431],"product_tag":[],"class_list":{"0":"post-630694","1":"product","2":"type-product","3":"status-publish","4":"has-post-thumbnail","6":"product_cat-cigarrillos-electronicos","7":"product_cat-hardware-es","8":"product_cat-kits-para-principiantes-y-pods","9":"product_cat-shop-by-brand-es","10":"product_cat-uwell-es","11":"desktop-align-center","12":"tablet-align-center","13":"mobile-align-center","14":"ast-product-gallery-layout-horizontal-slider","15":"ast-product-single-variable","16":"ast-product-tabs-layout-horizontal","18":"first","19":"instock","20":"sale","21":"taxable","22":"shipping-taxable","23":"purchasable","24":"product-type-variable"},"acf":[],"uagb_featured_image_src":{"full":["https:\/\/justvape.nu\/wp-content\/uploads\/2023\/07\/CLIaxqr.jpeg",600,600,false],"thumbnail":["https:\/\/justvape.nu\/wp-content\/uploads\/2023\/07\/CLIaxqr-150x150.jpeg",150,150,true],"medium":["https:\/\/justvape.nu\/wp-content\/uploads\/2023\/07\/CLIaxqr-300x300.jpeg",300,300,true],"medium_large":["https:\/\/justvape.nu\/wp-content\/uploads\/2023\/07\/CLIaxqr.jpeg",600,600,false],"large":["https:\/\/justvape.nu\/wp-content\/uploads\/2023\/07\/CLIaxqr.jpeg",600,600,false],"1536x1536":["https:\/\/justvape.nu\/wp-content\/uploads\/2023\/07\/CLIaxqr.jpeg",600,600,false],"2048x2048":["https:\/\/justvape.nu\/wp-content\/uploads\/2023\/07\/CLIaxqr.jpeg",600,600,false],"woocommerce_thumbnail":["https:\/\/justvape.nu\/wp-content\/uploads\/2023\/07\/CLIaxqr-300x300.jpeg",300,300,true],"woocommerce_single":["https:\/\/justvape.nu\/wp-content\/uploads\/2023\/07\/CLIaxqr.jpeg",600,600,false],"woocommerce_gallery_thumbnail":["https:\/\/justvape.nu\/wp-content\/uploads\/2023\/07\/CLIaxqr-100x100.jpeg",100,100,true],"dgwt-wcas-product-suggestion":["https:\/\/justvape.nu\/wp-content\/uploads\/2023\/07\/CLIaxqr-64x64.jpeg",64,64,true]},"uagb_author_info":{"display_name":"Kenneth Merkur","author_link":"https:\/\/justvape.nu\/es\/author\/"},"uagb_comment_info":0,"uagb_excerpt":"UWELL - CALIBURN AZ3 POD SYSTEM","_links":{"self":[{"href":"https:\/\/justvape.nu\/es\/wp-json\/wp\/v2\/product\/630694","targetHints":{"allow":["GET"]}}],"collection":[{"href":"https:\/\/justvape.nu\/es\/wp-json\/wp\/v2\/product"}],"about":[{"href":"https:\/\/justvape.nu\/es\/wp-json\/wp\/v2\/types\/product"}],"replies":[{"embeddable":true,"href":"https:\/\/justvape.nu\/es\/wp-json\/wp\/v2\/comments?post=630694"}],"wp:featuredmedia":[{"embeddable":true,"href":"https:\/\/justvape.nu\/es\/wp-json\/wp\/v2\/media\/630558"}],"wp:attachment":[{"href":"https:\/\/justvape.nu\/es\/wp-json\/wp\/v2\/media?parent=630694"}],"wp:term":[{"taxonomy":"product_brand","embeddable":true,"href":"https:\/\/justvape.nu\/es\/wp-json\/wp\/v2\/product_brand?post=630694"},{"taxonomy":"product_cat","embeddable":true,"href":"https:\/\/justvape.nu\/es\/wp-json\/wp\/v2\/product_cat?post=630694"},{"taxonomy":"product_tag","embeddable":true,"href":"https:\/\/justvape.nu\/es\/wp-json\/wp\/v2\/product_tag?post=630694"}],"curies":[{"name":"wp","href":"https:\/\/api.w.org\/{rel}","templated":true}]}}