{"id":630645,"date":"2023-07-29T20:32:00","date_gmt":"2023-07-29T18:32:00","guid":{"rendered":"https:\/\/justvape.nu\/produkt\/uwell-caliburn-gz2-pod-system\/"},"modified":"2023-07-29T20:32:00","modified_gmt":"2023-07-29T18:32:00","slug":"uwell-caliburn-gz2-pod-system","status":"publish","type":"product","link":"https:\/\/justvape.nu\/es\/produkt\/uwell-caliburn-gz2-pod-system\/","title":{"rendered":"UWELL &#8211; CALIBURN GZ2 POD SYSTEM"},"content":{"rendered":"<h2>UWELL &#8211; CALIBURN GZ2 POD SYSTEM<\/h2>\n<p>Uwell Caliburn GZ2 17W Pod System, ofrece una bater\u00eda de 850mAh, 17W de salida m\u00e1xima, y utiliza el Caliburn G2 Pods con Caliburn G Coils. Con una capacidad de hasta 2mL dentro de las C\u00e1psulas Caliburn G2, el Sistema de C\u00e1psulas Caliburn GZ2 puede crear deliciosos sabores a partir de tu eJuice favorito, gracias a las Bobinas Caliburn G. Utilizando una bater\u00eda de 850mAh, el Caliburn GZ2 dura todo el d\u00eda, creando densas nubes de sabor agradable a la lengua. Fabricado con una aleaci\u00f3n de aluminio duradera y ligera, el chasis del Uwell Caliburn GZ2 es ligero e incre\u00edblemente port\u00e1til, perfecto para aquellos que est\u00e1n siempre en movimiento.<\/p>\n<p><a href=\"https:\/\/justvape.nu\/wp-content\/uploads\/2018\/05\/Color-Schemes.png\"><img loading=\"lazy\" decoding=\"async\" class=\"alignnone size-full wp-image-19187\" src=\"https:\/\/justvape.nu\/wp-content\/uploads\/2018\/05\/Color-Schemes.png\" alt=\"\" width=\"950\" height=\"64\" title=\"\" srcset=\"https:\/\/justvape.nu\/wp-content\/uploads\/2018\/05\/Color-Schemes.png 950w, https:\/\/justvape.nu\/wp-content\/uploads\/2018\/05\/Color-Schemes-555x37.png 555w, https:\/\/justvape.nu\/wp-content\/uploads\/2018\/05\/Color-Schemes-64x4.png 64w, https:\/\/justvape.nu\/wp-content\/uploads\/2018\/05\/Color-Schemes-300x20.png 300w, https:\/\/justvape.nu\/wp-content\/uploads\/2018\/05\/Color-Schemes-768x52.png 768w\" sizes=\"auto, (max-width: 950px) 100vw, 950px\" \/><\/a><\/p>\n<p class=\"description-img-center\"><a href=\"https:\/\/justvape.nu\/wp-content\/uploads\/2023\/07\/Uwell_Caliburn_GZ2_Pod_System_Kit_Colors.jpg\"><img loading=\"lazy\" decoding=\"async\" class=\"alignnone wp-image-630465\" src=\"https:\/\/justvape.nu\/wp-content\/uploads\/2023\/07\/Uwell_Caliburn_GZ2_Pod_System_Kit_Colors.jpg\" alt=\"\" width=\"939\" height=\"371\" title=\"\" srcset=\"https:\/\/justvape.nu\/wp-content\/uploads\/2023\/07\/Uwell_Caliburn_GZ2_Pod_System_Kit_Colors.jpg 800w, https:\/\/justvape.nu\/wp-content\/uploads\/2023\/07\/Uwell_Caliburn_GZ2_Pod_System_Kit_Colors-600x237.jpg 600w, https:\/\/justvape.nu\/wp-content\/uploads\/2023\/07\/Uwell_Caliburn_GZ2_Pod_System_Kit_Colors-64x25.jpg 64w, https:\/\/justvape.nu\/wp-content\/uploads\/2023\/07\/Uwell_Caliburn_GZ2_Pod_System_Kit_Colors-300x119.jpg 300w, https:\/\/justvape.nu\/wp-content\/uploads\/2023\/07\/Uwell_Caliburn_GZ2_Pod_System_Kit_Colors-768x303.jpg 768w\" sizes=\"auto, (max-width: 939px) 100vw, 939px\" \/><\/a><\/p>\n<div class=\"shop-features \">\n<h2 class=\"shop-features-title \"><a href=\"https:\/\/justvape.nu\/wp-content\/uploads\/2018\/05\/Specifications.png\"><img loading=\"lazy\" decoding=\"async\" class=\"alignnone size-full wp-image-18993\" src=\"https:\/\/justvape.nu\/wp-content\/uploads\/2018\/05\/Specifications.png\" alt=\"\" width=\"950\" height=\"64\" title=\"\" srcset=\"https:\/\/justvape.nu\/wp-content\/uploads\/2018\/05\/Specifications.png 950w, https:\/\/justvape.nu\/wp-content\/uploads\/2018\/05\/Specifications-555x37.png 555w, https:\/\/justvape.nu\/wp-content\/uploads\/2018\/05\/Specifications-64x4.png 64w, https:\/\/justvape.nu\/wp-content\/uploads\/2018\/05\/Specifications-300x20.png 300w, https:\/\/justvape.nu\/wp-content\/uploads\/2018\/05\/Specifications-768x52.png 768w\" sizes=\"auto, (max-width: 950px) 100vw, 950px\" \/><\/a><\/h2>\n<\/div>\n<table class=\"description-table\">\n<tbody>\n<tr>\n<td class=\"strong-title \">Marca<\/td>\n<td class=\"inline\">Uwell<\/td>\n<\/tr>\n<tr>\n<td class=\"strong-title \">Nombre del producto<\/td>\n<td class=\"inline\">Caliburn GZ2 Pod System Kit<\/td>\n<\/tr>\n<tr>\n<td class=\"strong-title \">Tama\u00f1o del producto<\/td>\n<td class=\"inline\">28,9*22,9*72,5 mm<\/td>\n<\/tr>\n<tr>\n<td class=\"strong-title \">Capacidad de la bater\u00eda<\/td>\n<td class=\"inline\">Bater\u00eda integrada de 850mAh<\/td>\n<\/tr>\n<tr>\n<td class=\"strong-title \">Potencia de salida<\/td>\n<td class=\"inline\">M\u00e1x. 17 W<\/td>\n<\/tr>\n<tr>\n<td class=\"strong-title \">Cargando<\/td>\n<td class=\"inline\">Carga tipo C<\/td>\n<\/tr>\n<tr>\n<td class=\"strong-title \">Efectos de luz<\/td>\n<td class=\"inline\">RGB estilo Tron<\/td>\n<\/tr>\n<tr>\n<td class=\"strong-title \">Flujo de aire<\/td>\n<td class=\"inline\">Control preciso del flujo de aire (iAFC)<\/td>\n<\/tr>\n<tr>\n<td class=\"strong-title \">Capacidad<\/td>\n<td class=\"inline\">2ml TPD<\/td>\n<\/tr>\n<tr>\n<td class=\"strong-title \">Llenando<\/td>\n<td class=\"inline\">Relleno superior<\/td>\n<\/tr>\n<tr>\n<td class=\"strong-title \">En forma de<\/td>\n<td class=\"inline\">Cartucho Uwell Caliburn G2, Bobina Uwell Caliburn G 0.8\u03a9\/1.0\u03a9, Bobina Uwell Caliburn G2 1.2\u03a9<\/td>\n<\/tr>\n<tr>\n<td class=\"strong-title \">Color<\/td>\n<td class=\"inline\">Negro, Plata, Rojo, Morado, Azul Negro, Naranja Negro<\/td>\n<\/tr>\n<\/tbody>\n<\/table>\n<div class=\"shop-features \">\n<h2 class=\"shop-features-title \"><a href=\"https:\/\/justvape.nu\/wp-content\/uploads\/2018\/05\/Features.png\"><img loading=\"lazy\" decoding=\"async\" class=\"alignnone size-full wp-image-18994\" src=\"https:\/\/justvape.nu\/wp-content\/uploads\/2018\/05\/Features.png\" alt=\"\" width=\"950\" height=\"64\" title=\"\" srcset=\"https:\/\/justvape.nu\/wp-content\/uploads\/2018\/05\/Features.png 950w, https:\/\/justvape.nu\/wp-content\/uploads\/2018\/05\/Features-555x37.png 555w, https:\/\/justvape.nu\/wp-content\/uploads\/2018\/05\/Features-64x4.png 64w, https:\/\/justvape.nu\/wp-content\/uploads\/2018\/05\/Features-300x20.png 300w, https:\/\/justvape.nu\/wp-content\/uploads\/2018\/05\/Features-768x52.png 768w\" sizes=\"auto, (max-width: 950px) 100vw, 950px\" \/><\/a><\/h2>\n<\/div>\n<ul>\n<li>1. Peque\u00f1o y ligero, compacto y potente<\/li>\n<li>2. Bater\u00eda incorporada de 850mAh con 17W m\u00e1x.<\/li>\n<li>3. Efecto de luz RGB estilo Tron<\/li>\n<li>4. Control preciso del flujo de aire integrado en la c\u00e1psula (iAFC)<\/li>\n<li>5. TPD de 2 ml de capacidad, ventana de zumo de visi\u00f3n clara<\/li>\n<li>6. Mecanismo de rellenado de 3 pasos (v\u00e1lvula en U)<\/li>\n<li>7. Apto para cartucho Caliburn G2<\/li>\n<li>8. Apto para bobina Caliburn G 0.8\u03a9\/1.0\u03a9 y bobina Caliburn G2 1.2\u03a9.<\/li>\n<\/ul>\n<div class=\"shop-features \">\n<h2 class=\"shop-features-title \"><a href=\"https:\/\/justvape.nu\/wp-content\/uploads\/2018\/05\/Packing-List.png\"><img loading=\"lazy\" decoding=\"async\" class=\"alignnone size-full wp-image-18995\" src=\"https:\/\/justvape.nu\/wp-content\/uploads\/2018\/05\/Packing-List.png\" alt=\"\" width=\"950\" height=\"64\" title=\"\" srcset=\"https:\/\/justvape.nu\/wp-content\/uploads\/2018\/05\/Packing-List.png 950w, https:\/\/justvape.nu\/wp-content\/uploads\/2018\/05\/Packing-List-555x37.png 555w, https:\/\/justvape.nu\/wp-content\/uploads\/2018\/05\/Packing-List-64x4.png 64w, https:\/\/justvape.nu\/wp-content\/uploads\/2018\/05\/Packing-List-300x20.png 300w, https:\/\/justvape.nu\/wp-content\/uploads\/2018\/05\/Packing-List-768x52.png 768w\" sizes=\"auto, (max-width: 950px) 100vw, 950px\" \/><\/a><\/h2>\n<\/div>\n<p>1* Dispositivo Caliburn GZ2<br \/>\n1* Cartucho vac\u00edo Caliburn G2<br \/>\n1* UN2 Meshed 0.8\u03a9 Caliburn G Coil (Preinstalado)<br \/>\n1* UN2 Meshed 1.2\u03a9 Caliburn G2 Coil (Repuesto)<br \/>\n1 * manual de usuario<br \/>\n1* Cable de carga tipo C<\/p>\n","protected":false},"excerpt":{"rendered":"<p>UWELL &#8211; CALIBURN GZ2 POD SYSTEM<\/p>\n","protected":false},"featured_media":630486,"comment_status":"open","ping_status":"closed","template":"","meta":{"_acf_changed":false,"_uag_custom_page_level_css":"","site-sidebar-layout":"default","site-content-layout":"default","ast-site-content-layout":"default","site-content-style":"default","site-sidebar-style":"default","ast-global-header-display":"","ast-banner-title-visibility":"","ast-main-header-display":"","ast-hfb-above-header-display":"","ast-hfb-below-header-display":"","ast-hfb-mobile-header-display":"","site-post-title":"","ast-breadcrumbs-content":"","ast-featured-img":"","footer-sml-layout":"","ast-disable-related-posts":"","theme-transparent-header-meta":"default","adv-header-id-meta":"","stick-header-meta":"default","header-above-stick-meta":"","header-main-stick-meta":"","header-below-stick-meta":"","astra-migrate-meta-layouts":"default","ast-page-background-enabled":"default","ast-page-background-meta":{"desktop":{"background-color":"","background-image":"","background-repeat":"repeat","background-position":"center center","background-size":"auto","background-attachment":"scroll","background-type":"","background-media":"","overlay-type":"","overlay-color":"","overlay-opacity":"","overlay-gradient":""},"tablet":{"background-color":"","background-image":"","background-repeat":"repeat","background-position":"center center","background-size":"auto","background-attachment":"scroll","background-type":"","background-media":"","overlay-type":"","overlay-color":"","overlay-opacity":"","overlay-gradient":""},"mobile":{"background-color":"","background-image":"","background-repeat":"repeat","background-position":"center center","background-size":"auto","background-attachment":"scroll","background-type":"","background-media":"","overlay-type":"","overlay-color":"","overlay-opacity":"","overlay-gradient":""}},"ast-content-background-meta":{"desktop":{"background-color":"var(--ast-global-color-5)","background-image":"","background-repeat":"repeat","background-position":"center center","background-size":"auto","background-attachment":"scroll","background-type":"","background-media":"","overlay-type":"","overlay-color":"","overlay-opacity":"","overlay-gradient":""},"tablet":{"background-color":"var(--ast-global-color-5)","background-image":"","background-repeat":"repeat","background-position":"center center","background-size":"auto","background-attachment":"scroll","background-type":"","background-media":"","overlay-type":"","overlay-color":"","overlay-opacity":"","overlay-gradient":""},"mobile":{"background-color":"var(--ast-global-color-5)","background-image":"","background-repeat":"repeat","background-position":"center center","background-size":"auto","background-attachment":"scroll","background-type":"","background-media":"","overlay-type":"","overlay-color":"","overlay-opacity":"","overlay-gradient":""}}},"product_brand":[],"product_cat":[2073,2529,2083,2530,3431],"product_tag":[],"class_list":{"0":"post-630645","1":"product","2":"type-product","3":"status-publish","4":"has-post-thumbnail","6":"product_cat-cigarrillos-electronicos","7":"product_cat-hardware-es","8":"product_cat-kits-para-principiantes-y-pods","9":"product_cat-shop-by-brand-es","10":"product_cat-uwell-es","11":"desktop-align-center","12":"tablet-align-center","13":"mobile-align-center","14":"ast-product-gallery-layout-horizontal-slider","15":"ast-product-single-variable","16":"ast-product-tabs-layout-horizontal","18":"first","19":"instock","20":"sale","21":"taxable","22":"shipping-taxable","23":"purchasable","24":"product-type-variable"},"acf":[],"uagb_featured_image_src":{"full":["https:\/\/justvape.nu\/wp-content\/uploads\/2023\/07\/Ao9ccflU.jpeg",600,600,false],"thumbnail":["https:\/\/justvape.nu\/wp-content\/uploads\/2023\/07\/Ao9ccflU-150x150.jpeg",150,150,true],"medium":["https:\/\/justvape.nu\/wp-content\/uploads\/2023\/07\/Ao9ccflU-300x300.jpeg",300,300,true],"medium_large":["https:\/\/justvape.nu\/wp-content\/uploads\/2023\/07\/Ao9ccflU.jpeg",600,600,false],"large":["https:\/\/justvape.nu\/wp-content\/uploads\/2023\/07\/Ao9ccflU.jpeg",600,600,false],"1536x1536":["https:\/\/justvape.nu\/wp-content\/uploads\/2023\/07\/Ao9ccflU.jpeg",600,600,false],"2048x2048":["https:\/\/justvape.nu\/wp-content\/uploads\/2023\/07\/Ao9ccflU.jpeg",600,600,false],"woocommerce_thumbnail":["https:\/\/justvape.nu\/wp-content\/uploads\/2023\/07\/Ao9ccflU-300x300.jpeg",300,300,true],"woocommerce_single":["https:\/\/justvape.nu\/wp-content\/uploads\/2023\/07\/Ao9ccflU.jpeg",600,600,false],"woocommerce_gallery_thumbnail":["https:\/\/justvape.nu\/wp-content\/uploads\/2023\/07\/Ao9ccflU-100x100.jpeg",100,100,true],"dgwt-wcas-product-suggestion":["https:\/\/justvape.nu\/wp-content\/uploads\/2023\/07\/Ao9ccflU-64x64.jpeg",64,64,true]},"uagb_author_info":{"display_name":"Kenneth Merkur","author_link":"https:\/\/justvape.nu\/es\/author\/"},"uagb_comment_info":0,"uagb_excerpt":"UWELL - CALIBURN GZ2 POD SYSTEM","_links":{"self":[{"href":"https:\/\/justvape.nu\/es\/wp-json\/wp\/v2\/product\/630645","targetHints":{"allow":["GET"]}}],"collection":[{"href":"https:\/\/justvape.nu\/es\/wp-json\/wp\/v2\/product"}],"about":[{"href":"https:\/\/justvape.nu\/es\/wp-json\/wp\/v2\/types\/product"}],"replies":[{"embeddable":true,"href":"https:\/\/justvape.nu\/es\/wp-json\/wp\/v2\/comments?post=630645"}],"wp:featuredmedia":[{"embeddable":true,"href":"https:\/\/justvape.nu\/es\/wp-json\/wp\/v2\/media\/630486"}],"wp:attachment":[{"href":"https:\/\/justvape.nu\/es\/wp-json\/wp\/v2\/media?parent=630645"}],"wp:term":[{"taxonomy":"product_brand","embeddable":true,"href":"https:\/\/justvape.nu\/es\/wp-json\/wp\/v2\/product_brand?post=630645"},{"taxonomy":"product_cat","embeddable":true,"href":"https:\/\/justvape.nu\/es\/wp-json\/wp\/v2\/product_cat?post=630645"},{"taxonomy":"product_tag","embeddable":true,"href":"https:\/\/justvape.nu\/es\/wp-json\/wp\/v2\/product_tag?post=630645"}],"curies":[{"name":"wp","href":"https:\/\/api.w.org\/{rel}","templated":true}]}}