{"id":594012,"date":"2023-05-22T20:42:40","date_gmt":"2023-05-22T18:42:40","guid":{"rendered":"https:\/\/justvape.nu\/produkt\/uwell-caliburn-a3s-pod-system\/"},"modified":"2026-02-13T10:19:52","modified_gmt":"2026-02-13T09:19:52","slug":"uwell-caliburn-a3s-pod-system","status":"publish","type":"product","link":"https:\/\/justvape.nu\/es\/produkt\/uwell-caliburn-a3s-pod-system\/","title":{"rendered":"UWELL &#8211; CALIBURN A3S POD SYSTEM"},"content":{"rendered":"<h2>UWELL &#8211; CALIBURN A3S POD SYSTEM<\/h2>\n<p>Descubre Uwell Caliburn A3S Pod System, que ofrece una bater\u00eda de 520mAh, 16W de potencia m\u00e1xima, y utiliza las vainas A3S patentadas que contienen 2mL de tu eJuice favorito. Fabricado con una duradera aleaci\u00f3n de aluminio, el chasis del Caliburn A3S es ligero pero resistente a ca\u00eddas ligeras. Adoptando una bater\u00eda de 520mAh, el dise\u00f1o delgado encierra una bater\u00eda de gran alcance para entregar hasta 16W a las vainas de bobina integradas. Con una capacidad de hasta 2mL de eJuice, las vainas albergan una bobina integrada de 0.8ohm o 1.0ohm para producir el mejor sabor posible con cualquier eJuice cargado. Adem\u00e1s, la Caliburn A3S funciona con un mecanismo de disparo activado por extracci\u00f3n que ayuda a eliminar cualquier bot\u00f3n para conseguir un dise\u00f1o visual elegante e ininterrumpido.<\/p>\n<p><a href=\"https:\/\/justvape.nu\/wp-content\/uploads\/2018\/05\/Color-Schemes.png\"><img loading=\"lazy\" decoding=\"async\" class=\"alignnone size-full wp-image-249098\" src=\"https:\/\/justvape.nu\/wp-content\/uploads\/2018\/05\/Color-Schemes.png\" alt=\"\" width=\"950\" height=\"64\" title=\"\" srcset=\"https:\/\/justvape.nu\/wp-content\/uploads\/2018\/05\/Color-Schemes.png 950w, https:\/\/justvape.nu\/wp-content\/uploads\/2018\/05\/Color-Schemes-600x40.png 600w, https:\/\/justvape.nu\/wp-content\/uploads\/2018\/05\/Color-Schemes-64x4.png 64w, https:\/\/justvape.nu\/wp-content\/uploads\/2018\/05\/Color-Schemes-300x20.png 300w, https:\/\/justvape.nu\/wp-content\/uploads\/2018\/05\/Color-Schemes-768x52.png 768w\" sizes=\"auto, (max-width: 950px) 100vw, 950px\" \/><\/a><\/p>\n<p class=\"description-img-center\"><a href=\"https:\/\/justvape.nu\/wp-content\/uploads\/2023\/05\/Uwell_Caliburn_A3S_Kit_Colors.jpg\"><img loading=\"lazy\" decoding=\"async\" class=\"alignnone wp-image-593846\" src=\"https:\/\/justvape.nu\/wp-content\/uploads\/2023\/05\/Uwell_Caliburn_A3S_Kit_Colors.jpg\" alt=\"\" width=\"939\" height=\"507\" title=\"\" srcset=\"https:\/\/justvape.nu\/wp-content\/uploads\/2023\/05\/Uwell_Caliburn_A3S_Kit_Colors.jpg 800w, https:\/\/justvape.nu\/wp-content\/uploads\/2023\/05\/Uwell_Caliburn_A3S_Kit_Colors-600x324.jpg 600w, https:\/\/justvape.nu\/wp-content\/uploads\/2023\/05\/Uwell_Caliburn_A3S_Kit_Colors-64x35.jpg 64w, https:\/\/justvape.nu\/wp-content\/uploads\/2023\/05\/Uwell_Caliburn_A3S_Kit_Colors-300x162.jpg 300w, https:\/\/justvape.nu\/wp-content\/uploads\/2023\/05\/Uwell_Caliburn_A3S_Kit_Colors-768x415.jpg 768w\" sizes=\"auto, (max-width: 939px) 100vw, 939px\" \/><\/a><\/p>\n<div class=\"shop-features \">\n<h2 class=\"shop-features-title \"><a href=\"https:\/\/justvape.nu\/wp-content\/uploads\/2018\/05\/Specifications.png\"><img loading=\"lazy\" decoding=\"async\" class=\"alignnone size-full wp-image-248449\" src=\"https:\/\/justvape.nu\/wp-content\/uploads\/2018\/05\/Specifications.png\" alt=\"\" width=\"950\" height=\"64\" title=\"\" srcset=\"https:\/\/justvape.nu\/wp-content\/uploads\/2018\/05\/Specifications.png 950w, https:\/\/justvape.nu\/wp-content\/uploads\/2018\/05\/Specifications-600x40.png 600w, https:\/\/justvape.nu\/wp-content\/uploads\/2018\/05\/Specifications-64x4.png 64w, https:\/\/justvape.nu\/wp-content\/uploads\/2018\/05\/Specifications-300x20.png 300w, https:\/\/justvape.nu\/wp-content\/uploads\/2018\/05\/Specifications-768x52.png 768w\" sizes=\"auto, (max-width: 950px) 100vw, 950px\" \/><\/a><\/h2>\n<\/div>\n<table class=\"description-table\">\n<tbody>\n<tr>\n<td class=\"strong-title \">Marca<\/td>\n<td class=\"inline\">Uwell<\/td>\n<\/tr>\n<tr>\n<td class=\"strong-title \">Nombre del producto<\/td>\n<td class=\"inline\">Caliburn A3S Pod Kit<\/td>\n<\/tr>\n<tr>\n<td class=\"strong-title \">Material<\/td>\n<td class=\"inline\">PCTG, aleaci\u00f3n de aluminio<\/td>\n<\/tr>\n<tr>\n<td class=\"strong-title \">Dimensiones<\/td>\n<td class=\"inline\">109,8*21,3*11,7mm<\/td>\n<\/tr>\n<tr>\n<td class=\"strong-title \">Capacidad de e-l\u00edquido<\/td>\n<td class=\"inline\">2ml<\/td>\n<\/tr>\n<tr>\n<td class=\"strong-title \">Potencia de salida<\/td>\n<td class=\"inline\">M\u00e1ximo 16 W<\/td>\n<\/tr>\n<tr>\n<td class=\"strong-title \">Especificaciones<\/td>\n<td class=\"inline\">FeCrAI Meshed 0.8ohm Caliburn A3S Pod Recargable(pre-instalado)<br \/>\nFeCrAI Meshed 1.0ohm Caliburn A3S Pod Recargable(repuesto)<\/td>\n<\/tr>\n<tr>\n<td class=\"strong-title \">Capacidad de la bater\u00eda<\/td>\n<td class=\"inline\">520mAh<\/td>\n<\/tr>\n<tr>\n<td class=\"strong-title \">Tipo de relleno<\/td>\n<td class=\"inline\">Relleno lateral<\/td>\n<\/tr>\n<tr>\n<td class=\"strong-title \">Color<\/td>\n<td class=\"inline\">Plata claro de luna, Gris espacial, Negro medianoche, Verde lago, P\u00farpura iris, Llama oc\u00e9ano<\/td>\n<\/tr>\n<\/tbody>\n<\/table>\n<div class=\"shop-features \">\n<h2 class=\"shop-features-title \"><a href=\"https:\/\/justvape.nu\/wp-content\/uploads\/2018\/05\/Features.png\"><img loading=\"lazy\" decoding=\"async\" class=\"alignnone size-full wp-image-18994\" src=\"https:\/\/justvape.nu\/wp-content\/uploads\/2018\/05\/Features.png\" alt=\"\" width=\"950\" height=\"64\" title=\"\" srcset=\"https:\/\/justvape.nu\/wp-content\/uploads\/2018\/05\/Features.png 950w, https:\/\/justvape.nu\/wp-content\/uploads\/2018\/05\/Features-555x37.png 555w, https:\/\/justvape.nu\/wp-content\/uploads\/2018\/05\/Features-64x4.png 64w, https:\/\/justvape.nu\/wp-content\/uploads\/2018\/05\/Features-300x20.png 300w, https:\/\/justvape.nu\/wp-content\/uploads\/2018\/05\/Features-768x52.png 768w\" sizes=\"auto, (max-width: 950px) 100vw, 950px\" \/><\/a><\/h2>\n<\/div>\n<ul>\n<li style=\"list-style-type: none;\">\n<ul>\n<li>1. Aspecto elegante con fino patr\u00f3n l\u00e1ser<\/li>\n<li>2. Animaci\u00f3n luminosa del logotipo<\/li>\n<li>3. Dise\u00f1o activado por dibujo<\/li>\n<li>4. Compatible con Caliburn A3 Pod<\/li>\n<li>5. Conexi\u00f3n de vaina magn\u00e9tica s\u00f3lida<\/li>\n<li>6. Vaina transparente, gran ventana de e-jugo<\/li>\n<li>7. Carga r\u00e1pida de 2 A<\/li>\n<li>8. Tecnolog\u00eda de ajuste del sabor Pro-FOCS<\/li>\n<li>9. Sistema de llenado lateral<\/li>\n<\/ul>\n<\/li>\n<\/ul>\n<div class=\"img-show-more\">\n<div id=\"img_content_less\" class=\"img-content add-more\">\n<p class=\"description-img-center\"><a href=\"https:\/\/justvape.nu\/wp-content\/uploads\/2023\/05\/Uwell_Caliburn_A3S_Kit_Fast_Charging.jpg\"><img loading=\"lazy\" decoding=\"async\" class=\"alignnone size-full wp-image-593854\" src=\"https:\/\/justvape.nu\/wp-content\/uploads\/2023\/05\/Uwell_Caliburn_A3S_Kit_Fast_Charging.jpg\" alt=\"\" width=\"831\" height=\"475\" title=\"\" srcset=\"https:\/\/justvape.nu\/wp-content\/uploads\/2023\/05\/Uwell_Caliburn_A3S_Kit_Fast_Charging.jpg 831w, https:\/\/justvape.nu\/wp-content\/uploads\/2023\/05\/Uwell_Caliburn_A3S_Kit_Fast_Charging-600x343.jpg 600w, https:\/\/justvape.nu\/wp-content\/uploads\/2023\/05\/Uwell_Caliburn_A3S_Kit_Fast_Charging-64x37.jpg 64w, https:\/\/justvape.nu\/wp-content\/uploads\/2023\/05\/Uwell_Caliburn_A3S_Kit_Fast_Charging-300x171.jpg 300w, https:\/\/justvape.nu\/wp-content\/uploads\/2023\/05\/Uwell_Caliburn_A3S_Kit_Fast_Charging-768x439.jpg 768w\" sizes=\"auto, (max-width: 831px) 100vw, 831px\" \/><\/a> <a href=\"https:\/\/justvape.nu\/wp-content\/uploads\/2023\/05\/Uwell_Caliburn_A3S_Kit_Draw_to_Vape.jpg\"><img loading=\"lazy\" decoding=\"async\" class=\"alignnone size-full wp-image-593862\" src=\"https:\/\/justvape.nu\/wp-content\/uploads\/2023\/05\/Uwell_Caliburn_A3S_Kit_Draw_to_Vape.jpg\" alt=\"\" width=\"831\" height=\"545\" title=\"\" srcset=\"https:\/\/justvape.nu\/wp-content\/uploads\/2023\/05\/Uwell_Caliburn_A3S_Kit_Draw_to_Vape.jpg 831w, https:\/\/justvape.nu\/wp-content\/uploads\/2023\/05\/Uwell_Caliburn_A3S_Kit_Draw_to_Vape-600x394.jpg 600w, https:\/\/justvape.nu\/wp-content\/uploads\/2023\/05\/Uwell_Caliburn_A3S_Kit_Draw_to_Vape-64x42.jpg 64w, https:\/\/justvape.nu\/wp-content\/uploads\/2023\/05\/Uwell_Caliburn_A3S_Kit_Draw_to_Vape-300x197.jpg 300w, https:\/\/justvape.nu\/wp-content\/uploads\/2023\/05\/Uwell_Caliburn_A3S_Kit_Draw_to_Vape-768x504.jpg 768w\" sizes=\"auto, (max-width: 831px) 100vw, 831px\" \/><\/a> <a href=\"https:\/\/justvape.nu\/wp-content\/uploads\/2023\/05\/Uwell_Caliburn_A3S_Kit_Compatible_with_A3_Pod.jpg\"><img loading=\"lazy\" decoding=\"async\" class=\"alignnone size-full wp-image-593870\" src=\"https:\/\/justvape.nu\/wp-content\/uploads\/2023\/05\/Uwell_Caliburn_A3S_Kit_Compatible_with_A3_Pod.jpg\" alt=\"\" width=\"831\" height=\"549\" title=\"\" srcset=\"https:\/\/justvape.nu\/wp-content\/uploads\/2023\/05\/Uwell_Caliburn_A3S_Kit_Compatible_with_A3_Pod.jpg 831w, https:\/\/justvape.nu\/wp-content\/uploads\/2023\/05\/Uwell_Caliburn_A3S_Kit_Compatible_with_A3_Pod-600x396.jpg 600w, https:\/\/justvape.nu\/wp-content\/uploads\/2023\/05\/Uwell_Caliburn_A3S_Kit_Compatible_with_A3_Pod-64x42.jpg 64w, https:\/\/justvape.nu\/wp-content\/uploads\/2023\/05\/Uwell_Caliburn_A3S_Kit_Compatible_with_A3_Pod-300x198.jpg 300w, https:\/\/justvape.nu\/wp-content\/uploads\/2023\/05\/Uwell_Caliburn_A3S_Kit_Compatible_with_A3_Pod-768x507.jpg 768w\" sizes=\"auto, (max-width: 831px) 100vw, 831px\" \/><\/a><\/p>\n<p class=\"description-img-center\">\n<\/div>\n<\/div>\n<div class=\"shop-features \">\n<h2 class=\"shop-features-title \"><a href=\"https:\/\/justvape.nu\/wp-content\/uploads\/2018\/04\/Packing-List.png\"><img loading=\"lazy\" decoding=\"async\" class=\"alignnone size-full wp-image-18999\" src=\"https:\/\/justvape.nu\/wp-content\/uploads\/2018\/04\/Packing-List.png\" alt=\"\" width=\"950\" height=\"64\" title=\"\" srcset=\"https:\/\/justvape.nu\/wp-content\/uploads\/2018\/04\/Packing-List.png 950w, https:\/\/justvape.nu\/wp-content\/uploads\/2018\/04\/Packing-List-555x37.png 555w, https:\/\/justvape.nu\/wp-content\/uploads\/2018\/04\/Packing-List-64x4.png 64w, https:\/\/justvape.nu\/wp-content\/uploads\/2018\/04\/Packing-List-300x20.png 300w, https:\/\/justvape.nu\/wp-content\/uploads\/2018\/04\/Packing-List-768x52.png 768w\" sizes=\"auto, (max-width: 950px) 100vw, 950px\" \/><\/a><\/h2>\n<\/div>\n<p>1* Dispositivo Caliburn A3S<br \/>\n1* C\u00e1psula recargable Caliburn A3S de 0,8ohm (preinstalada)<br \/>\n1* C\u00e1psula recargable Caliburn A3S de 1,0ohm (repuesto)<br \/>\n1 * manual de usuario<\/p>\n<p class=\"description-img-center \"><a href=\"https:\/\/justvape.nu\/wp-content\/uploads\/2023\/05\/Uwell_Caliburn_A3S_Kit_Packing_List.jpg\"><img loading=\"lazy\" decoding=\"async\" class=\"alignnone size-full wp-image-593878\" src=\"https:\/\/justvape.nu\/wp-content\/uploads\/2023\/05\/Uwell_Caliburn_A3S_Kit_Packing_List.jpg\" alt=\"\" width=\"831\" height=\"434\" title=\"\" srcset=\"https:\/\/justvape.nu\/wp-content\/uploads\/2023\/05\/Uwell_Caliburn_A3S_Kit_Packing_List.jpg 831w, https:\/\/justvape.nu\/wp-content\/uploads\/2023\/05\/Uwell_Caliburn_A3S_Kit_Packing_List-600x313.jpg 600w, https:\/\/justvape.nu\/wp-content\/uploads\/2023\/05\/Uwell_Caliburn_A3S_Kit_Packing_List-64x33.jpg 64w, https:\/\/justvape.nu\/wp-content\/uploads\/2023\/05\/Uwell_Caliburn_A3S_Kit_Packing_List-300x157.jpg 300w, https:\/\/justvape.nu\/wp-content\/uploads\/2023\/05\/Uwell_Caliburn_A3S_Kit_Packing_List-768x401.jpg 768w\" sizes=\"auto, (max-width: 831px) 100vw, 831px\" \/><\/a><\/p>\n","protected":false},"excerpt":{"rendered":"<p>UWELL &#8211; CALIBURN A3S POD SYSTEM<\/p>\n","protected":false},"featured_media":593900,"comment_status":"open","ping_status":"closed","template":"","meta":{"_acf_changed":false,"_uag_custom_page_level_css":"","site-sidebar-layout":"default","site-content-layout":"default","ast-site-content-layout":"default","site-content-style":"default","site-sidebar-style":"default","ast-global-header-display":"","ast-banner-title-visibility":"","ast-main-header-display":"","ast-hfb-above-header-display":"","ast-hfb-below-header-display":"","ast-hfb-mobile-header-display":"","site-post-title":"","ast-breadcrumbs-content":"","ast-featured-img":"","footer-sml-layout":"","ast-disable-related-posts":"","theme-transparent-header-meta":"default","adv-header-id-meta":"","stick-header-meta":"default","header-above-stick-meta":"","header-main-stick-meta":"","header-below-stick-meta":"","astra-migrate-meta-layouts":"default","ast-page-background-enabled":"default","ast-page-background-meta":{"desktop":{"background-color":"","background-image":"","background-repeat":"repeat","background-position":"center center","background-size":"auto","background-attachment":"scroll","background-type":"","background-media":"","overlay-type":"","overlay-color":"","overlay-opacity":"","overlay-gradient":""},"tablet":{"background-color":"","background-image":"","background-repeat":"repeat","background-position":"center center","background-size":"auto","background-attachment":"scroll","background-type":"","background-media":"","overlay-type":"","overlay-color":"","overlay-opacity":"","overlay-gradient":""},"mobile":{"background-color":"","background-image":"","background-repeat":"repeat","background-position":"center center","background-size":"auto","background-attachment":"scroll","background-type":"","background-media":"","overlay-type":"","overlay-color":"","overlay-opacity":"","overlay-gradient":""}},"ast-content-background-meta":{"desktop":{"background-color":"var(--ast-global-color-5)","background-image":"","background-repeat":"repeat","background-position":"center center","background-size":"auto","background-attachment":"scroll","background-type":"","background-media":"","overlay-type":"","overlay-color":"","overlay-opacity":"","overlay-gradient":""},"tablet":{"background-color":"var(--ast-global-color-5)","background-image":"","background-repeat":"repeat","background-position":"center center","background-size":"auto","background-attachment":"scroll","background-type":"","background-media":"","overlay-type":"","overlay-color":"","overlay-opacity":"","overlay-gradient":""},"mobile":{"background-color":"var(--ast-global-color-5)","background-image":"","background-repeat":"repeat","background-position":"center center","background-size":"auto","background-attachment":"scroll","background-type":"","background-media":"","overlay-type":"","overlay-color":"","overlay-opacity":"","overlay-gradient":""}}},"product_brand":[],"product_cat":[2073,2529,2083,2530,3431],"product_tag":[],"class_list":{"0":"post-594012","1":"product","2":"type-product","3":"status-publish","4":"has-post-thumbnail","6":"product_cat-cigarrillos-electronicos","7":"product_cat-hardware-es","8":"product_cat-kits-para-principiantes-y-pods","9":"product_cat-shop-by-brand-es","10":"product_cat-uwell-es","11":"desktop-align-center","12":"tablet-align-center","13":"mobile-align-center","14":"ast-product-gallery-layout-horizontal-slider","15":"ast-product-single-variable","16":"ast-product-tabs-layout-horizontal","18":"first","19":"instock","20":"sale","21":"taxable","22":"shipping-taxable","23":"purchasable","24":"product-type-variable"},"acf":[],"uagb_featured_image_src":{"full":["https:\/\/justvape.nu\/wp-content\/uploads\/2023\/05\/r4oSyaxo.jpeg",600,600,false],"thumbnail":["https:\/\/justvape.nu\/wp-content\/uploads\/2023\/05\/r4oSyaxo-150x150.jpeg",150,150,true],"medium":["https:\/\/justvape.nu\/wp-content\/uploads\/2023\/05\/r4oSyaxo-300x300.jpeg",300,300,true],"medium_large":["https:\/\/justvape.nu\/wp-content\/uploads\/2023\/05\/r4oSyaxo.jpeg",600,600,false],"large":["https:\/\/justvape.nu\/wp-content\/uploads\/2023\/05\/r4oSyaxo.jpeg",600,600,false],"1536x1536":["https:\/\/justvape.nu\/wp-content\/uploads\/2023\/05\/r4oSyaxo.jpeg",600,600,false],"2048x2048":["https:\/\/justvape.nu\/wp-content\/uploads\/2023\/05\/r4oSyaxo.jpeg",600,600,false],"woocommerce_thumbnail":["https:\/\/justvape.nu\/wp-content\/uploads\/2023\/05\/r4oSyaxo-300x300.jpeg",300,300,true],"woocommerce_single":["https:\/\/justvape.nu\/wp-content\/uploads\/2023\/05\/r4oSyaxo.jpeg",600,600,false],"woocommerce_gallery_thumbnail":["https:\/\/justvape.nu\/wp-content\/uploads\/2023\/05\/r4oSyaxo-100x100.jpeg",100,100,true],"dgwt-wcas-product-suggestion":["https:\/\/justvape.nu\/wp-content\/uploads\/2023\/05\/r4oSyaxo-64x64.jpeg",64,64,true]},"uagb_author_info":{"display_name":"Kenneth Merkur","author_link":"https:\/\/justvape.nu\/es\/author\/"},"uagb_comment_info":0,"uagb_excerpt":"UWELL - CALIBURN A3S POD SYSTEM","_links":{"self":[{"href":"https:\/\/justvape.nu\/es\/wp-json\/wp\/v2\/product\/594012","targetHints":{"allow":["GET"]}}],"collection":[{"href":"https:\/\/justvape.nu\/es\/wp-json\/wp\/v2\/product"}],"about":[{"href":"https:\/\/justvape.nu\/es\/wp-json\/wp\/v2\/types\/product"}],"replies":[{"embeddable":true,"href":"https:\/\/justvape.nu\/es\/wp-json\/wp\/v2\/comments?post=594012"}],"wp:featuredmedia":[{"embeddable":true,"href":"https:\/\/justvape.nu\/es\/wp-json\/wp\/v2\/media\/593900"}],"wp:attachment":[{"href":"https:\/\/justvape.nu\/es\/wp-json\/wp\/v2\/media?parent=594012"}],"wp:term":[{"taxonomy":"product_brand","embeddable":true,"href":"https:\/\/justvape.nu\/es\/wp-json\/wp\/v2\/product_brand?post=594012"},{"taxonomy":"product_cat","embeddable":true,"href":"https:\/\/justvape.nu\/es\/wp-json\/wp\/v2\/product_cat?post=594012"},{"taxonomy":"product_tag","embeddable":true,"href":"https:\/\/justvape.nu\/es\/wp-json\/wp\/v2\/product_tag?post=594012"}],"curies":[{"name":"wp","href":"https:\/\/api.w.org\/{rel}","templated":true}]}}