{"id":588735,"date":"2023-05-03T12:48:09","date_gmt":"2023-05-03T10:48:09","guid":{"rendered":"https:\/\/justvape.nu\/produkt\/voopoo-argus-g-kit\/"},"modified":"2024-04-09T13:00:58","modified_gmt":"2024-04-09T11:00:58","slug":"voopoo-argus-g-kit","status":"publish","type":"product","link":"https:\/\/justvape.nu\/es\/produkt\/voopoo-argus-g-kit\/","title":{"rendered":"VOOPOO &#8211; ARGUS G KIT"},"content":{"rendered":"<h2>VOOPOO &#8211; ARGUS G KIT<\/h2>\n<p>VOOPOO Argus G Pod System, con bater\u00eda de 1000mAh, compatible con Argus Pod, y equipado con un interruptor de flujo de aire para vaping MTL o RDL. Fabricado con una aleaci\u00f3n de zinc duradera, el Argus G adopta un dise\u00f1o tipo bol\u00edgrafo, perfecto para los vaperos m\u00e1s ocupados. Compatible con los cartuchos Argus POD, el VOOPOO Argus G puede utilizar un cartucho pod de 0,7ohm o 1,2ohm para ofrecer un sabor y un vapor excepcionales cuando se utiliza junto con el interruptor de control del flujo de aire. Adem\u00e1s, el Argus G tiene vataje ajustable y funciona con una pantalla para transmitir informaci\u00f3n importante de vapeo, navegable con el \u00fanico bot\u00f3n de disparo.<\/p>\n<p><a href=\"https:\/\/justvape.nu\/wp-content\/uploads\/2018\/05\/Color-Schemes.png\"><img loading=\"lazy\" decoding=\"async\" class=\"alignnone size-full wp-image-19187\" src=\"https:\/\/justvape.nu\/wp-content\/uploads\/2018\/05\/Color-Schemes.png\" alt=\"\" width=\"950\" height=\"64\" title=\"\" srcset=\"https:\/\/justvape.nu\/wp-content\/uploads\/2018\/05\/Color-Schemes.png 950w, https:\/\/justvape.nu\/wp-content\/uploads\/2018\/05\/Color-Schemes-555x37.png 555w, https:\/\/justvape.nu\/wp-content\/uploads\/2018\/05\/Color-Schemes-64x4.png 64w, https:\/\/justvape.nu\/wp-content\/uploads\/2018\/05\/Color-Schemes-300x20.png 300w, https:\/\/justvape.nu\/wp-content\/uploads\/2018\/05\/Color-Schemes-768x52.png 768w\" sizes=\"auto, (max-width: 950px) 100vw, 950px\" \/><\/a><\/p>\n<p class=\"description-img-center\"><a href=\"https:\/\/justvape.nu\/wp-content\/uploads\/2023\/05\/VOOPOO_Argus_G_Pod_Kit_Colors.jpg\"><img loading=\"lazy\" decoding=\"async\" class=\"alignnone wp-image-588408\" src=\"https:\/\/justvape.nu\/wp-content\/uploads\/2023\/05\/VOOPOO_Argus_G_Pod_Kit_Colors.jpg\" alt=\"\" width=\"940\" height=\"424\" title=\"\" srcset=\"https:\/\/justvape.nu\/wp-content\/uploads\/2023\/05\/VOOPOO_Argus_G_Pod_Kit_Colors.jpg 831w, https:\/\/justvape.nu\/wp-content\/uploads\/2023\/05\/VOOPOO_Argus_G_Pod_Kit_Colors-600x271.jpg 600w, https:\/\/justvape.nu\/wp-content\/uploads\/2023\/05\/VOOPOO_Argus_G_Pod_Kit_Colors-64x29.jpg 64w, https:\/\/justvape.nu\/wp-content\/uploads\/2023\/05\/VOOPOO_Argus_G_Pod_Kit_Colors-300x135.jpg 300w, https:\/\/justvape.nu\/wp-content\/uploads\/2023\/05\/VOOPOO_Argus_G_Pod_Kit_Colors-768x347.jpg 768w\" sizes=\"auto, (max-width: 940px) 100vw, 940px\" \/><\/a><\/p>\n<div class=\"shop-features \">\n<h2 class=\"shop-features-title \"><a href=\"https:\/\/justvape.nu\/wp-content\/uploads\/2018\/05\/Specifications.png\"><img loading=\"lazy\" decoding=\"async\" class=\"alignnone size-full wp-image-248449\" src=\"https:\/\/justvape.nu\/wp-content\/uploads\/2018\/05\/Specifications.png\" alt=\"\" width=\"950\" height=\"64\" title=\"\" srcset=\"https:\/\/justvape.nu\/wp-content\/uploads\/2018\/05\/Specifications.png 950w, https:\/\/justvape.nu\/wp-content\/uploads\/2018\/05\/Specifications-600x40.png 600w, https:\/\/justvape.nu\/wp-content\/uploads\/2018\/05\/Specifications-64x4.png 64w, https:\/\/justvape.nu\/wp-content\/uploads\/2018\/05\/Specifications-300x20.png 300w, https:\/\/justvape.nu\/wp-content\/uploads\/2018\/05\/Specifications-768x52.png 768w\" sizes=\"auto, (max-width: 950px) 100vw, 950px\" \/><\/a><\/h2>\n<\/div>\n<table class=\"description-table\">\n<tbody>\n<tr>\n<td class=\"strong-title \">Marca<\/td>\n<td class=\"inline\">VOOPOO<\/td>\n<\/tr>\n<tr>\n<td class=\"strong-title \">Nombre del producto<\/td>\n<td class=\"inline\">Kit Argus G<\/td>\n<\/tr>\n<tr>\n<td class=\"strong-title \">Rango de potencia<\/td>\n<td class=\"inline\">5-25W<\/td>\n<\/tr>\n<tr>\n<td class=\"strong-title \">Bater\u00eda<\/td>\n<td class=\"inline\">Bater\u00eda integrada de 1000 mAh<\/td>\n<\/tr>\n<tr>\n<td class=\"strong-title \">Tensi\u00f3n de entrada<\/td>\n<td class=\"inline\">3,2V-4,2V<\/td>\n<\/tr>\n<tr>\n<td class=\"strong-title \">Tensi\u00f3n de carga<\/td>\n<td class=\"inline\">5V\/1A<\/td>\n<\/tr>\n<tr>\n<td class=\"strong-title \">Rango de resistencia<\/td>\n<td class=\"inline\">0,5-3,0ohm<\/td>\n<\/tr>\n<tr>\n<td class=\"strong-title \">Capacidad<\/td>\n<td class=\"inline\">2ml<\/td>\n<\/tr>\n<tr>\n<td class=\"strong-title \">Valor de resistencia<\/td>\n<td class=\"inline\">0,7ohm\/1,2ohm<\/td>\n<\/tr>\n<tr>\n<td class=\"strong-title \">Tipo de relleno<\/td>\n<td class=\"inline\">Relleno lateral<\/td>\n<\/tr>\n<tr>\n<td class=\"strong-title \">Compatible con<\/td>\n<td class=\"inline\">Cartucho Argus Pod 0,7\u03a9\/1,2\u03a9,<\/td>\n<\/tr>\n<tr>\n<td class=\"strong-title \">Color<\/td>\n<td class=\"inline\">Sand Drift Gold, Glow Pink, Satin Blue, Space Grey, Racing Green, Aurora Blue, Gloss Black<\/td>\n<\/tr>\n<tr>\n<td class=\"strong-title \">Tama\u00f1o del producto<\/td>\n<td class=\"inline\">110,9*25,7*13,5 mm<\/td>\n<\/tr>\n<tr>\n<td class=\"strong-title \">Tama\u00f1o del embalaje<\/td>\n<td class=\"inline\">58*37*127mm<\/td>\n<\/tr>\n<tr>\n<td class=\"strong-title \"><\/td>\n<td class=\"inline\"><\/td>\n<\/tr>\n<\/tbody>\n<\/table>\n<div class=\"shop-features \">\n<h2 class=\"shop-features-title \"><a href=\"https:\/\/justvape.nu\/wp-content\/uploads\/2018\/05\/Features.png\"><img loading=\"lazy\" decoding=\"async\" class=\"alignnone size-full wp-image-18994\" src=\"https:\/\/justvape.nu\/wp-content\/uploads\/2018\/05\/Features.png\" alt=\"\" width=\"950\" height=\"64\" title=\"\" srcset=\"https:\/\/justvape.nu\/wp-content\/uploads\/2018\/05\/Features.png 950w, https:\/\/justvape.nu\/wp-content\/uploads\/2018\/05\/Features-555x37.png 555w, https:\/\/justvape.nu\/wp-content\/uploads\/2018\/05\/Features-64x4.png 64w, https:\/\/justvape.nu\/wp-content\/uploads\/2018\/05\/Features-300x20.png 300w, https:\/\/justvape.nu\/wp-content\/uploads\/2018\/05\/Features-768x52.png 768w\" sizes=\"auto, (max-width: 950px) 100vw, 950px\" \/><\/a><\/h2>\n<\/div>\n<ul>\n<li style=\"list-style-type: none;\">\n<ul>\n<li>1. Bater\u00eda incorporada de 1000mAh con 25W m\u00e1x.<\/li>\n<li>2. Soporta carga Tipo-C 5V\/1A<\/li>\n<li>3. Pantalla OLED mejorada para mostrar los datos de vaping<\/li>\n<li>4. Bot\u00f3n multifunci\u00f3n para un manejo sencillo<\/li>\n<li>5. Encendido por bot\u00f3n y extracci\u00f3n autom\u00e1tica<\/li>\n<li>6. Dise\u00f1o \u00fanico de las v\u00edas respiratorias corporales<\/li>\n<li>7. Entradas de aire de 4 orificios para un sabor suave<\/li>\n<li>8. Estructura de 4 orificios a prueba de fugas para bloquear el concentrado<\/li>\n<li>9. Apto para cartucho Argus Pod (0.7\u03a9\/1.2\u03a9)<\/li>\n<li>10. Apto para cartucho vac\u00edo Argus \/ bobina ITO<\/li>\n<li>11. Flujo de aire y potencia ajustables<\/li>\n<li>12. Capacidad de 2 ml, f\u00e1cil llenado lateral<\/li>\n<li>13. Protecci\u00f3n de seguridad: 5s Protecci\u00f3n contra sobretiempo\/cortocircuito\/sobrecarga\/baja bater\u00eda\/sobrecorriente de salida\/sobretemperatura.<\/li>\n<\/ul>\n<\/li>\n<\/ul>\n<div class=\"img-show-more\">\n<div id=\"img_content_less\" class=\"img-content add-more\">\n<p class=\"description-img-center\"><a href=\"https:\/\/justvape.nu\/wp-content\/uploads\/2023\/05\/VOOPOO_Argus_G_Kit.jpg\"><img loading=\"lazy\" decoding=\"async\" class=\"alignnone size-full wp-image-588416\" src=\"https:\/\/justvape.nu\/wp-content\/uploads\/2023\/05\/VOOPOO_Argus_G_Kit.jpg\" alt=\"\" width=\"831\" height=\"487\" title=\"\" srcset=\"https:\/\/justvape.nu\/wp-content\/uploads\/2023\/05\/VOOPOO_Argus_G_Kit.jpg 831w, https:\/\/justvape.nu\/wp-content\/uploads\/2023\/05\/VOOPOO_Argus_G_Kit-600x352.jpg 600w, https:\/\/justvape.nu\/wp-content\/uploads\/2023\/05\/VOOPOO_Argus_G_Kit-64x38.jpg 64w, https:\/\/justvape.nu\/wp-content\/uploads\/2023\/05\/VOOPOO_Argus_G_Kit-300x176.jpg 300w, https:\/\/justvape.nu\/wp-content\/uploads\/2023\/05\/VOOPOO_Argus_G_Kit-768x450.jpg 768w\" sizes=\"auto, (max-width: 831px) 100vw, 831px\" \/><\/a><\/p>\n<\/div>\n<\/div>\n<div class=\"shop-features \">\n<h2 class=\"shop-features-title \"><a href=\"https:\/\/justvape.nu\/wp-content\/uploads\/2018\/04\/Packing-List.png\"><img loading=\"lazy\" decoding=\"async\" class=\"alignnone size-full wp-image-18999\" src=\"https:\/\/justvape.nu\/wp-content\/uploads\/2018\/04\/Packing-List.png\" alt=\"\" width=\"950\" height=\"64\" title=\"\" srcset=\"https:\/\/justvape.nu\/wp-content\/uploads\/2018\/04\/Packing-List.png 950w, https:\/\/justvape.nu\/wp-content\/uploads\/2018\/04\/Packing-List-555x37.png 555w, https:\/\/justvape.nu\/wp-content\/uploads\/2018\/04\/Packing-List-64x4.png 64w, https:\/\/justvape.nu\/wp-content\/uploads\/2018\/04\/Packing-List-300x20.png 300w, https:\/\/justvape.nu\/wp-content\/uploads\/2018\/04\/Packing-List-768x52.png 768w\" sizes=\"auto, (max-width: 950px) 100vw, 950px\" \/><\/a><\/h2>\n<\/div>\n<p>1* Dispositivo Argus G<br \/>\n1* Cartucho Argus Pod 0.7ohm<br \/>\n1* Cartucho Argus Pod 1.2ohm<br \/>\n1* Tarjeta de plataforma Argus Pod<br \/>\n1* Cable tipo C<br \/>\n1 * manual de usuario<br \/>\n1* Cord\u00f3n de seguridad<\/p>\n<p class=\"description-img-center \"><a href=\"https:\/\/justvape.nu\/wp-content\/uploads\/2023\/05\/VOOPOO_Argus_G_Kit_Package.jpg\"><img loading=\"lazy\" decoding=\"async\" class=\"alignnone size-full wp-image-588424\" src=\"https:\/\/justvape.nu\/wp-content\/uploads\/2023\/05\/VOOPOO_Argus_G_Kit_Package.jpg\" alt=\"\" width=\"831\" height=\"369\" title=\"\" srcset=\"https:\/\/justvape.nu\/wp-content\/uploads\/2023\/05\/VOOPOO_Argus_G_Kit_Package.jpg 831w, https:\/\/justvape.nu\/wp-content\/uploads\/2023\/05\/VOOPOO_Argus_G_Kit_Package-600x266.jpg 600w, https:\/\/justvape.nu\/wp-content\/uploads\/2023\/05\/VOOPOO_Argus_G_Kit_Package-64x28.jpg 64w, https:\/\/justvape.nu\/wp-content\/uploads\/2023\/05\/VOOPOO_Argus_G_Kit_Package-300x133.jpg 300w, https:\/\/justvape.nu\/wp-content\/uploads\/2023\/05\/VOOPOO_Argus_G_Kit_Package-768x341.jpg 768w\" sizes=\"auto, (max-width: 831px) 100vw, 831px\" \/><\/a><\/p>\n","protected":false},"excerpt":{"rendered":"<p>VOOPOO &#8211; ARGUS G KIT<\/p>\n","protected":false},"featured_media":588509,"comment_status":"open","ping_status":"closed","template":"","meta":{"_acf_changed":false,"_uag_custom_page_level_css":"","site-sidebar-layout":"default","site-content-layout":"default","ast-site-content-layout":"default","site-content-style":"default","site-sidebar-style":"default","ast-global-header-display":"","ast-banner-title-visibility":"","ast-main-header-display":"","ast-hfb-above-header-display":"","ast-hfb-below-header-display":"","ast-hfb-mobile-header-display":"","site-post-title":"","ast-breadcrumbs-content":"","ast-featured-img":"","footer-sml-layout":"","ast-disable-related-posts":"","theme-transparent-header-meta":"default","adv-header-id-meta":"","stick-header-meta":"default","header-above-stick-meta":"","header-main-stick-meta":"","header-below-stick-meta":"","astra-migrate-meta-layouts":"default","ast-page-background-enabled":"default","ast-page-background-meta":{"desktop":{"background-color":"","background-image":"","background-repeat":"repeat","background-position":"center center","background-size":"auto","background-attachment":"scroll","background-type":"","background-media":"","overlay-type":"","overlay-color":"","overlay-opacity":"","overlay-gradient":""},"tablet":{"background-color":"","background-image":"","background-repeat":"repeat","background-position":"center center","background-size":"auto","background-attachment":"scroll","background-type":"","background-media":"","overlay-type":"","overlay-color":"","overlay-opacity":"","overlay-gradient":""},"mobile":{"background-color":"","background-image":"","background-repeat":"repeat","background-position":"center center","background-size":"auto","background-attachment":"scroll","background-type":"","background-media":"","overlay-type":"","overlay-color":"","overlay-opacity":"","overlay-gradient":""}},"ast-content-background-meta":{"desktop":{"background-color":"var(--ast-global-color-5)","background-image":"","background-repeat":"repeat","background-position":"center center","background-size":"auto","background-attachment":"scroll","background-type":"","background-media":"","overlay-type":"","overlay-color":"","overlay-opacity":"","overlay-gradient":""},"tablet":{"background-color":"var(--ast-global-color-5)","background-image":"","background-repeat":"repeat","background-position":"center center","background-size":"auto","background-attachment":"scroll","background-type":"","background-media":"","overlay-type":"","overlay-color":"","overlay-opacity":"","overlay-gradient":""},"mobile":{"background-color":"var(--ast-global-color-5)","background-image":"","background-repeat":"repeat","background-position":"center center","background-size":"auto","background-attachment":"scroll","background-type":"","background-media":"","overlay-type":"","overlay-color":"","overlay-opacity":"","overlay-gradient":""}}},"product_brand":[],"product_cat":[2073,2529,2083,2530,2531],"product_tag":[],"class_list":{"0":"post-588735","1":"product","2":"type-product","3":"status-publish","4":"has-post-thumbnail","6":"product_cat-cigarrillos-electronicos","7":"product_cat-hardware-es","8":"product_cat-kits-para-principiantes-y-pods","9":"product_cat-shop-by-brand-es","10":"product_cat-voopoo-es","11":"desktop-align-center","12":"tablet-align-center","13":"mobile-align-center","14":"ast-product-gallery-layout-horizontal-slider","15":"ast-product-single-variable","16":"ast-product-tabs-layout-horizontal","18":"first","19":"instock","20":"sale","21":"taxable","22":"shipping-taxable","23":"purchasable","24":"product-type-variable"},"acf":[],"uagb_featured_image_src":{"full":["https:\/\/justvape.nu\/wp-content\/uploads\/2023\/05\/zj27P7Ow.jpeg",600,600,false],"thumbnail":["https:\/\/justvape.nu\/wp-content\/uploads\/2023\/05\/zj27P7Ow-150x150.jpeg",150,150,true],"medium":["https:\/\/justvape.nu\/wp-content\/uploads\/2023\/05\/zj27P7Ow-300x300.jpeg",300,300,true],"medium_large":["https:\/\/justvape.nu\/wp-content\/uploads\/2023\/05\/zj27P7Ow.jpeg",600,600,false],"large":["https:\/\/justvape.nu\/wp-content\/uploads\/2023\/05\/zj27P7Ow.jpeg",600,600,false],"1536x1536":["https:\/\/justvape.nu\/wp-content\/uploads\/2023\/05\/zj27P7Ow.jpeg",600,600,false],"2048x2048":["https:\/\/justvape.nu\/wp-content\/uploads\/2023\/05\/zj27P7Ow.jpeg",600,600,false],"woocommerce_thumbnail":["https:\/\/justvape.nu\/wp-content\/uploads\/2023\/05\/zj27P7Ow-300x300.jpeg",300,300,true],"woocommerce_single":["https:\/\/justvape.nu\/wp-content\/uploads\/2023\/05\/zj27P7Ow.jpeg",600,600,false],"woocommerce_gallery_thumbnail":["https:\/\/justvape.nu\/wp-content\/uploads\/2023\/05\/zj27P7Ow-100x100.jpeg",100,100,true],"dgwt-wcas-product-suggestion":["https:\/\/justvape.nu\/wp-content\/uploads\/2023\/05\/zj27P7Ow-64x64.jpeg",64,64,true]},"uagb_author_info":{"display_name":"Kenneth Merkur","author_link":"https:\/\/justvape.nu\/es\/author\/"},"uagb_comment_info":0,"uagb_excerpt":"VOOPOO - ARGUS G KIT","_links":{"self":[{"href":"https:\/\/justvape.nu\/es\/wp-json\/wp\/v2\/product\/588735","targetHints":{"allow":["GET"]}}],"collection":[{"href":"https:\/\/justvape.nu\/es\/wp-json\/wp\/v2\/product"}],"about":[{"href":"https:\/\/justvape.nu\/es\/wp-json\/wp\/v2\/types\/product"}],"replies":[{"embeddable":true,"href":"https:\/\/justvape.nu\/es\/wp-json\/wp\/v2\/comments?post=588735"}],"wp:featuredmedia":[{"embeddable":true,"href":"https:\/\/justvape.nu\/es\/wp-json\/wp\/v2\/media\/588509"}],"wp:attachment":[{"href":"https:\/\/justvape.nu\/es\/wp-json\/wp\/v2\/media?parent=588735"}],"wp:term":[{"taxonomy":"product_brand","embeddable":true,"href":"https:\/\/justvape.nu\/es\/wp-json\/wp\/v2\/product_brand?post=588735"},{"taxonomy":"product_cat","embeddable":true,"href":"https:\/\/justvape.nu\/es\/wp-json\/wp\/v2\/product_cat?post=588735"},{"taxonomy":"product_tag","embeddable":true,"href":"https:\/\/justvape.nu\/es\/wp-json\/wp\/v2\/product_tag?post=588735"}],"curies":[{"name":"wp","href":"https:\/\/api.w.org\/{rel}","templated":true}]}}