{"id":586120,"date":"2023-04-24T20:15:19","date_gmt":"2023-04-24T18:15:19","guid":{"rendered":"https:\/\/justvape.nu\/produkt\/uwell-caliburn-ironfist-l-pod-kit\/"},"modified":"2026-03-16T00:01:16","modified_gmt":"2026-03-15T23:01:16","slug":"uwell-caliburn-ironfist-l-pod-system","status":"publish","type":"product","link":"https:\/\/justvape.nu\/es\/produkt\/uwell-caliburn-ironfist-l-pod-system\/","title":{"rendered":"UWELL &#8211; CALIBURN &amp; IRONFIST L POD KIT"},"content":{"rendered":"<h2>UWELL &#8211; CALIBURN &amp; IRONFIST L POD KIT<\/h2>\n<p>&nbsp;<\/p>\n<p>El kit de vapeo Uwell Caliburn &amp; Iron Fist L pod es un dispositivo compacto estilo caja de cerillas. F\u00e1cil de usar, crea una peque\u00f1a cantidad de vapor para que lo inhale un MTL (Mouth To Lung). Gracias a su bater\u00eda integrada de 690mAh, podr\u00e1s vapear durante m\u00e1s tiempo entre cargas y el kit alcanzar\u00e1 la carga completa r\u00e1pidamente, gracias a la carga r\u00e1pida USB-C. Es una gran elecci\u00f3n tanto para vapeadores nuevos como experimentados, ya que cada kit incluye una vaina Caliburn &amp; Ironfist L recargable y dos bobinas para ayudarte a empezar.<\/p>\n<p>Como este kit se activa con la inhalaci\u00f3n, no hay men\u00fas por los que tengas que navegar y tampoco tienes que pasar demasiado tiempo pulsando botones. Todo lo que tienes que hacer para empezar a vapear es pulsar el bot\u00f3n de encendido cinco veces para encender el dispositivo, s\u00f3lo tienes que dar una calada en la boquilla para que empiece a producir vapor. Dise\u00f1ado para ofrecer una sensaci\u00f3n m\u00e1s cercana a la de un cigarrillo, este kit crea una discreta cantidad de vapor para una inhalaci\u00f3n MTL. Adem\u00e1s, ofrece una serie de funciones de seguridad, como protecciones contra cortocircuitos, baja tensi\u00f3n, horas extra, etc.<\/p>\n<p>La vaina recargable Caliburn &amp; Ironfist L tiene una capacidad de 2 ml de e-l\u00edquido y su dise\u00f1o de llenado lateral hace que rellenarla sea m\u00e1s f\u00e1cil que nunca. Las bobinas de malla incorporadas calentar\u00e1n su e-l\u00edquido a un ritmo m\u00e1s r\u00e1pido para un mejor sabor. Tampoco tendr\u00e1s que preocuparte por los engorrosos cambios de bobina, ya que puedes sustituir toda la vaina. Para igualar la resistencia de cualquiera de las bobinas incluidas, recomendamos emparejarlas con e-liquid 50% VG u opciones PG superiores para obtener mejores resultados.<\/p>\n<p><a href=\"https:\/\/justvape.nu\/wp-content\/uploads\/2018\/05\/Color-Schemes.png\"><img loading=\"lazy\" decoding=\"async\" class=\"alignnone size-full wp-image-19187\" src=\"https:\/\/justvape.nu\/wp-content\/uploads\/2018\/05\/Color-Schemes.png\" alt=\"\" width=\"950\" height=\"64\" title=\"\" srcset=\"https:\/\/justvape.nu\/wp-content\/uploads\/2018\/05\/Color-Schemes.png 950w, https:\/\/justvape.nu\/wp-content\/uploads\/2018\/05\/Color-Schemes-555x37.png 555w, https:\/\/justvape.nu\/wp-content\/uploads\/2018\/05\/Color-Schemes-64x4.png 64w, https:\/\/justvape.nu\/wp-content\/uploads\/2018\/05\/Color-Schemes-300x20.png 300w, https:\/\/justvape.nu\/wp-content\/uploads\/2018\/05\/Color-Schemes-768x52.png 768w\" sizes=\"auto, (max-width: 950px) 100vw, 950px\" \/><\/a><\/p>\n<p class=\"description-img-center\"><a href=\"https:\/\/justvape.nu\/wp-content\/uploads\/2023\/04\/Uwell_Caliburn_Ironfist_L_Kit_Colors.jpg\"><img loading=\"lazy\" decoding=\"async\" class=\"alignnone wp-image-586007\" src=\"https:\/\/justvape.nu\/wp-content\/uploads\/2023\/04\/Uwell_Caliburn_Ironfist_L_Kit_Colors.jpg\" alt=\"\" width=\"937\" height=\"417\" title=\"\" srcset=\"https:\/\/justvape.nu\/wp-content\/uploads\/2023\/04\/Uwell_Caliburn_Ironfist_L_Kit_Colors.jpg 800w, https:\/\/justvape.nu\/wp-content\/uploads\/2023\/04\/Uwell_Caliburn_Ironfist_L_Kit_Colors-600x267.jpg 600w, https:\/\/justvape.nu\/wp-content\/uploads\/2023\/04\/Uwell_Caliburn_Ironfist_L_Kit_Colors-64x28.jpg 64w, https:\/\/justvape.nu\/wp-content\/uploads\/2023\/04\/Uwell_Caliburn_Ironfist_L_Kit_Colors-300x134.jpg 300w, https:\/\/justvape.nu\/wp-content\/uploads\/2023\/04\/Uwell_Caliburn_Ironfist_L_Kit_Colors-768x342.jpg 768w\" sizes=\"auto, (max-width: 937px) 100vw, 937px\" \/><\/a><\/p>\n<div class=\"shop-features \">\n<h2 class=\"shop-features-title \"><a href=\"https:\/\/justvape.nu\/wp-content\/uploads\/2018\/05\/Specifications.png\"><img loading=\"lazy\" decoding=\"async\" class=\"alignnone size-full wp-image-18993\" src=\"https:\/\/justvape.nu\/wp-content\/uploads\/2018\/05\/Specifications.png\" alt=\"\" width=\"950\" height=\"64\" title=\"\" srcset=\"https:\/\/justvape.nu\/wp-content\/uploads\/2018\/05\/Specifications.png 950w, https:\/\/justvape.nu\/wp-content\/uploads\/2018\/05\/Specifications-555x37.png 555w, https:\/\/justvape.nu\/wp-content\/uploads\/2018\/05\/Specifications-64x4.png 64w, https:\/\/justvape.nu\/wp-content\/uploads\/2018\/05\/Specifications-300x20.png 300w, https:\/\/justvape.nu\/wp-content\/uploads\/2018\/05\/Specifications-768x52.png 768w\" sizes=\"auto, (max-width: 950px) 100vw, 950px\" \/><\/a><\/h2>\n<\/div>\n<table class=\"description-table\">\n<tbody>\n<tr>\n<td class=\"strong-title \">Marca<\/td>\n<td class=\"inline\">Uwell<\/td>\n<\/tr>\n<tr>\n<td class=\"strong-title \">Nombre del producto<\/td>\n<td class=\"inline\">Caliburn &amp; Ironfist L Pod Kit<\/td>\n<\/tr>\n<tr>\n<td class=\"strong-title \">Material<\/td>\n<td class=\"inline\">PCTG, PC, aleaci\u00f3n de zinc<\/td>\n<\/tr>\n<tr>\n<td class=\"strong-title \">Dimensiones<\/td>\n<td class=\"inline\">46,5*17,6*69,75 mm<\/td>\n<\/tr>\n<tr>\n<td class=\"strong-title \">Capacidad de e-l\u00edquido<\/td>\n<td class=\"inline\">2ml<\/td>\n<\/tr>\n<tr>\n<td class=\"strong-title \">Potencia de salida<\/td>\n<td class=\"inline\">M\u00e1ximo 16 W<\/td>\n<\/tr>\n<tr>\n<td class=\"strong-title \">Capacidad de la bater\u00eda<\/td>\n<td class=\"inline\">690 mAh<\/td>\n<\/tr>\n<tr>\n<td class=\"strong-title \">Especificaciones de la bobina<\/td>\n<td class=\"inline\">Bobina Caliburn G FeCrAI UN2 Meshed-H 0,8ohm<br \/>\nBobina FeCrAI UN2 Meshed-H 1.2ohm Caliburn G2<br \/>\nFeCrAI 1.0ohm Caliburn G Coil(se vende por separado)<\/td>\n<\/tr>\n<tr>\n<td class=\"strong-title \">Cargando<\/td>\n<td class=\"inline\">Carga r\u00e1pida 2A, Tipo-C<\/td>\n<\/tr>\n<tr>\n<td class=\"strong-title \">Color<\/td>\n<td class=\"inline\">Plata metalizado, Negro mate, Rojo coral<\/td>\n<\/tr>\n<\/tbody>\n<\/table>\n<div class=\"shop-features \">\n<h2 class=\"shop-features-title \"><a href=\"https:\/\/justvape.nu\/wp-content\/uploads\/2018\/05\/Features.png\"><img loading=\"lazy\" decoding=\"async\" class=\"alignnone size-full wp-image-18994\" src=\"https:\/\/justvape.nu\/wp-content\/uploads\/2018\/05\/Features.png\" alt=\"\" width=\"950\" height=\"64\" title=\"\" srcset=\"https:\/\/justvape.nu\/wp-content\/uploads\/2018\/05\/Features.png 950w, https:\/\/justvape.nu\/wp-content\/uploads\/2018\/05\/Features-555x37.png 555w, https:\/\/justvape.nu\/wp-content\/uploads\/2018\/05\/Features-64x4.png 64w, https:\/\/justvape.nu\/wp-content\/uploads\/2018\/05\/Features-300x20.png 300w, https:\/\/justvape.nu\/wp-content\/uploads\/2018\/05\/Features-768x52.png 768w\" sizes=\"auto, (max-width: 950px) 100vw, 950px\" \/><\/a><\/h2>\n<\/div>\n<ul>\n<li style=\"list-style-type: none;\">\n<ul>\n<li>1. Dise\u00f1o compacto side-by-side modificado<\/li>\n<li>2. Potencia y flujo de aire ajustables<\/li>\n<li>3. Carga r\u00e1pida de 2 A, f\u00e1cil extracci\u00f3n autom\u00e1tica<\/li>\n<li>4. Indicador LED interactivo<\/li>\n<li>5. Tecnolog\u00eda de ajuste del sabor Pro-FOCS<\/li>\n<li>6. Luz lateral luminosa y decorativa<\/li>\n<li>7. Combinaci\u00f3n de calidad superior y aspecto futurista<\/li>\n<li>8. C\u00e1psula rellenable de 2 ml<\/li>\n<li>9. Mecanismo de protecci\u00f3n de seguridad incorporado<\/li>\n<\/ul>\n<\/li>\n<\/ul>\n<div class=\"img-show-more\">\n<div id=\"img_content_less\" class=\"img-content add-more\">\n<p class=\"description-img-center\"><a href=\"https:\/\/justvape.nu\/wp-content\/uploads\/2023\/04\/Uwell_Caliburn_Ironfist_L_Kit_Coil_Options.jpg\"><img loading=\"lazy\" decoding=\"async\" class=\"alignnone size-full wp-image-586016\" src=\"https:\/\/justvape.nu\/wp-content\/uploads\/2023\/04\/Uwell_Caliburn_Ironfist_L_Kit_Coil_Options.jpg\" alt=\"\" width=\"831\" height=\"448\" title=\"\" srcset=\"https:\/\/justvape.nu\/wp-content\/uploads\/2023\/04\/Uwell_Caliburn_Ironfist_L_Kit_Coil_Options.jpg 831w, https:\/\/justvape.nu\/wp-content\/uploads\/2023\/04\/Uwell_Caliburn_Ironfist_L_Kit_Coil_Options-600x323.jpg 600w, https:\/\/justvape.nu\/wp-content\/uploads\/2023\/04\/Uwell_Caliburn_Ironfist_L_Kit_Coil_Options-64x35.jpg 64w, https:\/\/justvape.nu\/wp-content\/uploads\/2023\/04\/Uwell_Caliburn_Ironfist_L_Kit_Coil_Options-300x162.jpg 300w, https:\/\/justvape.nu\/wp-content\/uploads\/2023\/04\/Uwell_Caliburn_Ironfist_L_Kit_Coil_Options-768x414.jpg 768w\" sizes=\"auto, (max-width: 831px) 100vw, 831px\" \/><\/a> <a href=\"https:\/\/justvape.nu\/wp-content\/uploads\/2023\/04\/Uwell_Caliburn_Ironfist_L_Kit_Airflow_Adjustment.jpg\"><img loading=\"lazy\" decoding=\"async\" class=\"alignnone size-full wp-image-586024\" src=\"https:\/\/justvape.nu\/wp-content\/uploads\/2023\/04\/Uwell_Caliburn_Ironfist_L_Kit_Airflow_Adjustment.jpg\" alt=\"\" width=\"831\" height=\"523\" title=\"\" srcset=\"https:\/\/justvape.nu\/wp-content\/uploads\/2023\/04\/Uwell_Caliburn_Ironfist_L_Kit_Airflow_Adjustment.jpg 831w, https:\/\/justvape.nu\/wp-content\/uploads\/2023\/04\/Uwell_Caliburn_Ironfist_L_Kit_Airflow_Adjustment-600x378.jpg 600w, https:\/\/justvape.nu\/wp-content\/uploads\/2023\/04\/Uwell_Caliburn_Ironfist_L_Kit_Airflow_Adjustment-64x40.jpg 64w, https:\/\/justvape.nu\/wp-content\/uploads\/2023\/04\/Uwell_Caliburn_Ironfist_L_Kit_Airflow_Adjustment-300x189.jpg 300w, https:\/\/justvape.nu\/wp-content\/uploads\/2023\/04\/Uwell_Caliburn_Ironfist_L_Kit_Airflow_Adjustment-768x483.jpg 768w\" sizes=\"auto, (max-width: 831px) 100vw, 831px\" \/><\/a> <a href=\"https:\/\/justvape.nu\/wp-content\/uploads\/2023\/04\/Uwell_Caliburn_Ironfist_L_Kit_Adjustable_Power.jpg\"><img loading=\"lazy\" decoding=\"async\" class=\"alignnone size-full wp-image-586032\" src=\"https:\/\/justvape.nu\/wp-content\/uploads\/2023\/04\/Uwell_Caliburn_Ironfist_L_Kit_Adjustable_Power.jpg\" alt=\"\" width=\"831\" height=\"462\" title=\"\" srcset=\"https:\/\/justvape.nu\/wp-content\/uploads\/2023\/04\/Uwell_Caliburn_Ironfist_L_Kit_Adjustable_Power.jpg 831w, https:\/\/justvape.nu\/wp-content\/uploads\/2023\/04\/Uwell_Caliburn_Ironfist_L_Kit_Adjustable_Power-600x334.jpg 600w, https:\/\/justvape.nu\/wp-content\/uploads\/2023\/04\/Uwell_Caliburn_Ironfist_L_Kit_Adjustable_Power-64x36.jpg 64w, https:\/\/justvape.nu\/wp-content\/uploads\/2023\/04\/Uwell_Caliburn_Ironfist_L_Kit_Adjustable_Power-300x167.jpg 300w, https:\/\/justvape.nu\/wp-content\/uploads\/2023\/04\/Uwell_Caliburn_Ironfist_L_Kit_Adjustable_Power-768x427.jpg 768w\" sizes=\"auto, (max-width: 831px) 100vw, 831px\" \/><\/a><\/p>\n<\/div>\n<\/div>\n<div class=\"shop-features \">\n<h2 class=\"shop-features-title \"><a href=\"https:\/\/justvape.nu\/wp-content\/uploads\/2018\/04\/Packing-List.png\"><img loading=\"lazy\" decoding=\"async\" class=\"alignnone size-full wp-image-18999\" src=\"https:\/\/justvape.nu\/wp-content\/uploads\/2018\/04\/Packing-List.png\" alt=\"\" width=\"950\" height=\"64\" title=\"\" srcset=\"https:\/\/justvape.nu\/wp-content\/uploads\/2018\/04\/Packing-List.png 950w, https:\/\/justvape.nu\/wp-content\/uploads\/2018\/04\/Packing-List-555x37.png 555w, https:\/\/justvape.nu\/wp-content\/uploads\/2018\/04\/Packing-List-64x4.png 64w, https:\/\/justvape.nu\/wp-content\/uploads\/2018\/04\/Packing-List-300x20.png 300w, https:\/\/justvape.nu\/wp-content\/uploads\/2018\/04\/Packing-List-768x52.png 768w\" sizes=\"auto, (max-width: 950px) 100vw, 950px\" \/><\/a><\/h2>\n<\/div>\n<p>1* Dispositivo Caliburn &amp; Ironfist L<br \/>\n1* Cartucho vac\u00edo Caliburn &amp; Ironfist L<br \/>\n1* UN2 Meshed-H 0.8ohm Caliburn G Coil(pre-instalado)<br \/>\n1* UN2 Meshed-H 1.2ohm Caliburn G2 Coil(Repuesto)<br \/>\n1 * manual de usuario<br \/>\n1* Cable de carga tipo C<\/p>\n<p class=\"description-img-center \"><a href=\"https:\/\/justvape.nu\/wp-content\/uploads\/2023\/04\/Uwell_Caliburn_Ironfist_L_Kit_Packing_List.jpg\"><img loading=\"lazy\" decoding=\"async\" class=\"alignnone size-full wp-image-586040\" src=\"https:\/\/justvape.nu\/wp-content\/uploads\/2023\/04\/Uwell_Caliburn_Ironfist_L_Kit_Packing_List.jpg\" alt=\"\" width=\"831\" height=\"369\" title=\"\" srcset=\"https:\/\/justvape.nu\/wp-content\/uploads\/2023\/04\/Uwell_Caliburn_Ironfist_L_Kit_Packing_List.jpg 831w, https:\/\/justvape.nu\/wp-content\/uploads\/2023\/04\/Uwell_Caliburn_Ironfist_L_Kit_Packing_List-600x266.jpg 600w, https:\/\/justvape.nu\/wp-content\/uploads\/2023\/04\/Uwell_Caliburn_Ironfist_L_Kit_Packing_List-64x28.jpg 64w, https:\/\/justvape.nu\/wp-content\/uploads\/2023\/04\/Uwell_Caliburn_Ironfist_L_Kit_Packing_List-300x133.jpg 300w, https:\/\/justvape.nu\/wp-content\/uploads\/2023\/04\/Uwell_Caliburn_Ironfist_L_Kit_Packing_List-768x341.jpg 768w\" sizes=\"auto, (max-width: 831px) 100vw, 831px\" \/><\/a><\/p>\n","protected":false},"excerpt":{"rendered":"<p>UWELL &#8211; CALIBURN &amp; IRONFIST L POD KIT<\/p>\n","protected":false},"featured_media":586064,"comment_status":"open","ping_status":"closed","template":"","meta":{"_acf_changed":false,"_uag_custom_page_level_css":"","site-sidebar-layout":"default","site-content-layout":"default","ast-site-content-layout":"default","site-content-style":"default","site-sidebar-style":"default","ast-global-header-display":"","ast-banner-title-visibility":"","ast-main-header-display":"","ast-hfb-above-header-display":"","ast-hfb-below-header-display":"","ast-hfb-mobile-header-display":"","site-post-title":"","ast-breadcrumbs-content":"","ast-featured-img":"","footer-sml-layout":"","ast-disable-related-posts":"","theme-transparent-header-meta":"default","adv-header-id-meta":"","stick-header-meta":"default","header-above-stick-meta":"","header-main-stick-meta":"","header-below-stick-meta":"","astra-migrate-meta-layouts":"default","ast-page-background-enabled":"default","ast-page-background-meta":{"desktop":{"background-color":"","background-image":"","background-repeat":"repeat","background-position":"center center","background-size":"auto","background-attachment":"scroll","background-type":"","background-media":"","overlay-type":"","overlay-color":"","overlay-opacity":"","overlay-gradient":""},"tablet":{"background-color":"","background-image":"","background-repeat":"repeat","background-position":"center center","background-size":"auto","background-attachment":"scroll","background-type":"","background-media":"","overlay-type":"","overlay-color":"","overlay-opacity":"","overlay-gradient":""},"mobile":{"background-color":"","background-image":"","background-repeat":"repeat","background-position":"center center","background-size":"auto","background-attachment":"scroll","background-type":"","background-media":"","overlay-type":"","overlay-color":"","overlay-opacity":"","overlay-gradient":""}},"ast-content-background-meta":{"desktop":{"background-color":"var(--ast-global-color-5)","background-image":"","background-repeat":"repeat","background-position":"center center","background-size":"auto","background-attachment":"scroll","background-type":"","background-media":"","overlay-type":"","overlay-color":"","overlay-opacity":"","overlay-gradient":""},"tablet":{"background-color":"var(--ast-global-color-5)","background-image":"","background-repeat":"repeat","background-position":"center center","background-size":"auto","background-attachment":"scroll","background-type":"","background-media":"","overlay-type":"","overlay-color":"","overlay-opacity":"","overlay-gradient":""},"mobile":{"background-color":"var(--ast-global-color-5)","background-image":"","background-repeat":"repeat","background-position":"center center","background-size":"auto","background-attachment":"scroll","background-type":"","background-media":"","overlay-type":"","overlay-color":"","overlay-opacity":"","overlay-gradient":""}}},"product_brand":[],"product_cat":[2073,2529,2083,2530,3431],"product_tag":[],"class_list":{"0":"post-586120","1":"product","2":"type-product","3":"status-publish","4":"has-post-thumbnail","6":"product_cat-cigarrillos-electronicos","7":"product_cat-hardware-es","8":"product_cat-kits-para-principiantes-y-pods","9":"product_cat-shop-by-brand-es","10":"product_cat-uwell-es","11":"desktop-align-center","12":"tablet-align-center","13":"mobile-align-center","14":"ast-product-gallery-layout-horizontal-slider","15":"ast-product-single-variable","16":"ast-product-tabs-layout-horizontal","18":"first","19":"instock","20":"sale","21":"taxable","22":"shipping-taxable","23":"purchasable","24":"product-type-variable"},"acf":[],"uagb_featured_image_src":{"full":["https:\/\/justvape.nu\/wp-content\/uploads\/2023\/04\/n7NriETk.jpeg",600,600,false],"thumbnail":["https:\/\/justvape.nu\/wp-content\/uploads\/2023\/04\/n7NriETk-150x150.jpeg",150,150,true],"medium":["https:\/\/justvape.nu\/wp-content\/uploads\/2023\/04\/n7NriETk-300x300.jpeg",300,300,true],"medium_large":["https:\/\/justvape.nu\/wp-content\/uploads\/2023\/04\/n7NriETk.jpeg",600,600,false],"large":["https:\/\/justvape.nu\/wp-content\/uploads\/2023\/04\/n7NriETk.jpeg",600,600,false],"1536x1536":["https:\/\/justvape.nu\/wp-content\/uploads\/2023\/04\/n7NriETk.jpeg",600,600,false],"2048x2048":["https:\/\/justvape.nu\/wp-content\/uploads\/2023\/04\/n7NriETk.jpeg",600,600,false],"woocommerce_thumbnail":["https:\/\/justvape.nu\/wp-content\/uploads\/2023\/04\/n7NriETk-300x300.jpeg",300,300,true],"woocommerce_single":["https:\/\/justvape.nu\/wp-content\/uploads\/2023\/04\/n7NriETk.jpeg",600,600,false],"woocommerce_gallery_thumbnail":["https:\/\/justvape.nu\/wp-content\/uploads\/2023\/04\/n7NriETk-100x100.jpeg",100,100,true],"dgwt-wcas-product-suggestion":["https:\/\/justvape.nu\/wp-content\/uploads\/2023\/04\/n7NriETk-64x64.jpeg",64,64,true]},"uagb_author_info":{"display_name":"Kenneth Merkur","author_link":"https:\/\/justvape.nu\/es\/author\/"},"uagb_comment_info":0,"uagb_excerpt":"UWELL - CALIBURN &amp; IRONFIST L POD KIT","_links":{"self":[{"href":"https:\/\/justvape.nu\/es\/wp-json\/wp\/v2\/product\/586120","targetHints":{"allow":["GET"]}}],"collection":[{"href":"https:\/\/justvape.nu\/es\/wp-json\/wp\/v2\/product"}],"about":[{"href":"https:\/\/justvape.nu\/es\/wp-json\/wp\/v2\/types\/product"}],"replies":[{"embeddable":true,"href":"https:\/\/justvape.nu\/es\/wp-json\/wp\/v2\/comments?post=586120"}],"wp:featuredmedia":[{"embeddable":true,"href":"https:\/\/justvape.nu\/es\/wp-json\/wp\/v2\/media\/586064"}],"wp:attachment":[{"href":"https:\/\/justvape.nu\/es\/wp-json\/wp\/v2\/media?parent=586120"}],"wp:term":[{"taxonomy":"product_brand","embeddable":true,"href":"https:\/\/justvape.nu\/es\/wp-json\/wp\/v2\/product_brand?post=586120"},{"taxonomy":"product_cat","embeddable":true,"href":"https:\/\/justvape.nu\/es\/wp-json\/wp\/v2\/product_cat?post=586120"},{"taxonomy":"product_tag","embeddable":true,"href":"https:\/\/justvape.nu\/es\/wp-json\/wp\/v2\/product_tag?post=586120"}],"curies":[{"name":"wp","href":"https:\/\/api.w.org\/{rel}","templated":true}]}}