{"id":584394,"date":"2023-04-15T21:56:14","date_gmt":"2023-04-15T19:56:14","guid":{"rendered":"https:\/\/justvape.nu\/produkt\/oxva-xlim-pro-pod-kit\/"},"modified":"2024-04-09T13:00:50","modified_gmt":"2024-04-09T11:00:50","slug":"oxva-xlim-pro-pod-kit","status":"publish","type":"product","link":"https:\/\/justvape.nu\/es\/produkt\/oxva-xlim-pro-pod-kit\/","title":{"rendered":"OXVA &#8211; XLIM PRO POD KIT"},"content":{"rendered":"<h2>OXVA &#8211; XLIM PRO POD KIT<\/h2>\n<div class=\"description\">\n<p>El Xlim Pro pod kit de OXVA es la secuela del muy popular Xlim v2, Este compacto y elegante pod kit es un compa\u00f1ero perfecto para los vapers que les gusta viajar con estilo. Con la fiabilidad de las vainas Oxva Xlim v2 y las nuevas vainas Xlim v2 de llenado superior junto con una bater\u00eda incorporada de 1000mah podr\u00e1s disfrutar de tu zumo de nic sal favorito o freebase 50\/50 sin interrupci\u00f3n. El control del flujo de aire y los 30 vatios de potencia permiten a los vapeadores ajustar la calada y disfrutar de una calada tras otra sin interrupciones y con el m\u00e1ximo sabor.<\/p>\n<p>El Oxva Xlim Pro pod kit cuenta con 5 vatios &#8211; 30 vatios de potencia y tiene una bater\u00eda incorporada 1000mah. Tiene un puerto de carga USB C y puede cargar a 2Amps, lo que significa muy poco tiempo de inactividad. La vaina de llenado superior Xlim incluida tiene como objetivo mantenerte libre de fugas para salvar tu l\u00edquido de las molestas fugas y el kit es compatible con las vainas est\u00e1ndar Xlim V2. Tambi\u00e9n cuenta con activaci\u00f3n de inhalaci\u00f3n junto con activaci\u00f3n de bot\u00f3n para una experiencia sencilla. La pantalla transparente muestra la potencia seleccionada y la luz RGB a\u00f1ade estilo.<\/p>\n<p>Compatible con las c\u00e1psulas Xlim V2 y la nueva versi\u00f3n de relleno superior de estas c\u00e1psulas, el Xlim pro proporciona un vapeo redondo y sabroso que se ha convertido en el favorito de los vapeadores de todo el mundo. Disponibles en 0,6ohm, 0,8ohm y 1,2ohm, las c\u00e1psulas Xlim rinden al m\u00e1s alto nivel. Con un peso de s\u00f3lo 66 gramos, este ligero vaporizador en vaina tiene todo lo que necesitas para mantener a raya las ansias de fumar y pretende proporcionarte el vapor boca a pulm\u00f3n m\u00e1s satisfactorio.<\/p>\n<p><a href=\"https:\/\/justvape.nu\/wp-content\/uploads\/2018\/05\/Color-Schemes.png\"><img loading=\"lazy\" decoding=\"async\" class=\"alignnone size-full wp-image-19187\" src=\"https:\/\/justvape.nu\/wp-content\/uploads\/2018\/05\/Color-Schemes.png\" alt=\"\" width=\"950\" height=\"64\" title=\"\" srcset=\"https:\/\/justvape.nu\/wp-content\/uploads\/2018\/05\/Color-Schemes.png 950w, https:\/\/justvape.nu\/wp-content\/uploads\/2018\/05\/Color-Schemes-555x37.png 555w, https:\/\/justvape.nu\/wp-content\/uploads\/2018\/05\/Color-Schemes-64x4.png 64w, https:\/\/justvape.nu\/wp-content\/uploads\/2018\/05\/Color-Schemes-300x20.png 300w, https:\/\/justvape.nu\/wp-content\/uploads\/2018\/05\/Color-Schemes-768x52.png 768w\" sizes=\"auto, (max-width: 950px) 100vw, 950px\" \/><\/a><\/p>\n<\/div>\n<div data-id=\"6858063380582\">\n<p class=\"description-img-center\"><a href=\"https:\/\/justvape.nu\/wp-content\/uploads\/2023\/04\/OXVA_Xlim_Pro_Kit_Colors.jpg\"><img loading=\"lazy\" decoding=\"async\" class=\"alignnone wp-image-584066\" src=\"https:\/\/justvape.nu\/wp-content\/uploads\/2023\/04\/OXVA_Xlim_Pro_Kit_Colors.jpg\" alt=\"\" width=\"937\" height=\"473\" title=\"\" srcset=\"https:\/\/justvape.nu\/wp-content\/uploads\/2023\/04\/OXVA_Xlim_Pro_Kit_Colors.jpg 800w, https:\/\/justvape.nu\/wp-content\/uploads\/2023\/04\/OXVA_Xlim_Pro_Kit_Colors-600x303.jpg 600w, https:\/\/justvape.nu\/wp-content\/uploads\/2023\/04\/OXVA_Xlim_Pro_Kit_Colors-64x32.jpg 64w, https:\/\/justvape.nu\/wp-content\/uploads\/2023\/04\/OXVA_Xlim_Pro_Kit_Colors-300x152.jpg 300w, https:\/\/justvape.nu\/wp-content\/uploads\/2023\/04\/OXVA_Xlim_Pro_Kit_Colors-768x388.jpg 768w\" sizes=\"auto, (max-width: 937px) 100vw, 937px\" \/><\/a><\/p>\n<div class=\"shop-features \">\n<h2 class=\"shop-features-title \"><a href=\"https:\/\/justvape.nu\/wp-content\/uploads\/2018\/05\/Specifications.png\"><img loading=\"lazy\" decoding=\"async\" class=\"alignnone size-full wp-image-248449\" src=\"https:\/\/justvape.nu\/wp-content\/uploads\/2018\/05\/Specifications.png\" alt=\"\" width=\"950\" height=\"64\" title=\"\" srcset=\"https:\/\/justvape.nu\/wp-content\/uploads\/2018\/05\/Specifications.png 950w, https:\/\/justvape.nu\/wp-content\/uploads\/2018\/05\/Specifications-600x40.png 600w, https:\/\/justvape.nu\/wp-content\/uploads\/2018\/05\/Specifications-64x4.png 64w, https:\/\/justvape.nu\/wp-content\/uploads\/2018\/05\/Specifications-300x20.png 300w, https:\/\/justvape.nu\/wp-content\/uploads\/2018\/05\/Specifications-768x52.png 768w\" sizes=\"auto, (max-width: 950px) 100vw, 950px\" \/><\/a><\/h2>\n<\/div>\n<table class=\"description-table\">\n<tbody>\n<tr>\n<td class=\"strong-title \">Marca<\/td>\n<td class=\"inline\">OXVA<\/td>\n<\/tr>\n<tr>\n<td class=\"strong-title \">Nombre del producto<\/td>\n<td class=\"inline\">Kit Xlim Pro<\/td>\n<\/tr>\n<tr>\n<td class=\"strong-title \">Potencia de salida<\/td>\n<td class=\"inline\">5-30W<\/td>\n<\/tr>\n<tr>\n<td class=\"strong-title \">Capacidad del cartucho<\/td>\n<td class=\"inline\">2ml<\/td>\n<\/tr>\n<tr>\n<td class=\"strong-title \">Rango de resistencia<\/td>\n<td class=\"inline\">0,33-3,0ohmios<\/td>\n<\/tr>\n<tr>\n<td class=\"strong-title \">Cartucho de llenado superior<\/td>\n<td class=\"inline\">0,6ohm\/0,8ohm\/1,2ohm<\/td>\n<\/tr>\n<tr>\n<td class=\"strong-title \">Recarga<\/td>\n<td class=\"inline\">Relleno superior<\/td>\n<\/tr>\n<tr>\n<td class=\"strong-title \">Control del flujo de aire<\/td>\n<td class=\"inline\">Lado AFC<\/td>\n<\/tr>\n<tr>\n<td class=\"strong-title \">Capacidad de la bater\u00eda<\/td>\n<td class=\"inline\">1000mAh<\/td>\n<\/tr>\n<tr>\n<td class=\"strong-title \">Cargando<\/td>\n<td class=\"inline\">5V\/2A, Tipo-C<\/td>\n<\/tr>\n<tr>\n<td class=\"strong-title \">Material<\/td>\n<td class=\"inline\">Aleaci\u00f3n de zinc + IML + PCTG<\/td>\n<\/tr>\n<tr>\n<td class=\"strong-title \">Tama\u00f1o<\/td>\n<td class=\"inline\">111,0*25,0*14,3 mm<\/td>\n<\/tr>\n<tr>\n<td class=\"strong-title \">Color<\/td>\n<td class=\"inline\">Carbono negro, Oro negro, Azul brillante, Cian brillante, Gris brillante, Verde brillante, Rosa brillante, Rojo brillante<\/td>\n<\/tr>\n<\/tbody>\n<\/table>\n<div class=\"shop-features \">\n<h2 class=\"shop-features-title \"><a href=\"https:\/\/justvape.nu\/wp-content\/uploads\/2018\/05\/Features.png\"><img loading=\"lazy\" decoding=\"async\" class=\"alignnone size-full wp-image-18994\" src=\"https:\/\/justvape.nu\/wp-content\/uploads\/2018\/05\/Features.png\" alt=\"\" width=\"950\" height=\"64\" title=\"\" srcset=\"https:\/\/justvape.nu\/wp-content\/uploads\/2018\/05\/Features.png 950w, https:\/\/justvape.nu\/wp-content\/uploads\/2018\/05\/Features-555x37.png 555w, https:\/\/justvape.nu\/wp-content\/uploads\/2018\/05\/Features-64x4.png 64w, https:\/\/justvape.nu\/wp-content\/uploads\/2018\/05\/Features-300x20.png 300w, https:\/\/justvape.nu\/wp-content\/uploads\/2018\/05\/Features-768x52.png 768w\" sizes=\"auto, (max-width: 950px) 100vw, 950px\" \/><\/a><\/h2>\n<\/div>\n<ul>\n<li style=\"list-style-type: none;\">\n<ul>\n<li>1. Luz RGB brillante<\/li>\n<li>2. Cartucho de llenado superior antifugas<\/li>\n<li>3. Dise\u00f1o ergon\u00f3mico AFC<\/li>\n<li>4. Autodibujo y activaci\u00f3n de botones<\/li>\n<li>5. Potencia de salida m\u00e1xima de 30 W<\/li>\n<li>6. Bater\u00eda m\u00e1s grande de 1000mAh<\/li>\n<li>7. Alta resistencia a las fugas<\/li>\n<li>8. Carga r\u00e1pida Tipo-C<\/li>\n<li>9. Compatible con el nuevo cartucho de relleno superior (Xlim V3) y Xlim V2<\/li>\n<\/ul>\n<\/li>\n<\/ul>\n<div class=\"img-show-more\">\n<div id=\"img_content_less\" class=\"img-content add-more\">\n<p class=\"description-img-center\"><a href=\"https:\/\/justvape.nu\/wp-content\/uploads\/2023\/04\/OXVA_Xlim_Pro_Kit_30W_Wattage.jpg\"><img loading=\"lazy\" decoding=\"async\" class=\"alignnone size-full wp-image-584074\" src=\"https:\/\/justvape.nu\/wp-content\/uploads\/2023\/04\/OXVA_Xlim_Pro_Kit_30W_Wattage.jpg\" alt=\"\" width=\"831\" height=\"568\" title=\"\" srcset=\"https:\/\/justvape.nu\/wp-content\/uploads\/2023\/04\/OXVA_Xlim_Pro_Kit_30W_Wattage.jpg 831w, https:\/\/justvape.nu\/wp-content\/uploads\/2023\/04\/OXVA_Xlim_Pro_Kit_30W_Wattage-600x410.jpg 600w, https:\/\/justvape.nu\/wp-content\/uploads\/2023\/04\/OXVA_Xlim_Pro_Kit_30W_Wattage-64x44.jpg 64w, https:\/\/justvape.nu\/wp-content\/uploads\/2023\/04\/OXVA_Xlim_Pro_Kit_30W_Wattage-300x205.jpg 300w, https:\/\/justvape.nu\/wp-content\/uploads\/2023\/04\/OXVA_Xlim_Pro_Kit_30W_Wattage-768x525.jpg 768w\" sizes=\"auto, (max-width: 831px) 100vw, 831px\" \/><\/a> <a href=\"https:\/\/justvape.nu\/wp-content\/uploads\/2023\/04\/OXVA_Xlim_Pro_Kit_Battery_Capacity.jpg\"><img loading=\"lazy\" decoding=\"async\" class=\"alignnone size-full wp-image-584082\" src=\"https:\/\/justvape.nu\/wp-content\/uploads\/2023\/04\/OXVA_Xlim_Pro_Kit_Battery_Capacity.jpg\" alt=\"\" width=\"831\" height=\"438\" title=\"\" srcset=\"https:\/\/justvape.nu\/wp-content\/uploads\/2023\/04\/OXVA_Xlim_Pro_Kit_Battery_Capacity.jpg 831w, https:\/\/justvape.nu\/wp-content\/uploads\/2023\/04\/OXVA_Xlim_Pro_Kit_Battery_Capacity-600x316.jpg 600w, https:\/\/justvape.nu\/wp-content\/uploads\/2023\/04\/OXVA_Xlim_Pro_Kit_Battery_Capacity-64x34.jpg 64w, https:\/\/justvape.nu\/wp-content\/uploads\/2023\/04\/OXVA_Xlim_Pro_Kit_Battery_Capacity-300x158.jpg 300w, https:\/\/justvape.nu\/wp-content\/uploads\/2023\/04\/OXVA_Xlim_Pro_Kit_Battery_Capacity-768x405.jpg 768w\" sizes=\"auto, (max-width: 831px) 100vw, 831px\" \/><\/a> <a href=\"https:\/\/justvape.nu\/wp-content\/uploads\/2023\/04\/OXVA_Xlim_Pro_Kit_Coil_Resistance.jpg\"><img loading=\"lazy\" decoding=\"async\" class=\"alignnone size-full wp-image-584090\" src=\"https:\/\/justvape.nu\/wp-content\/uploads\/2023\/04\/OXVA_Xlim_Pro_Kit_Coil_Resistance.jpg\" alt=\"\" width=\"831\" height=\"277\" title=\"\" srcset=\"https:\/\/justvape.nu\/wp-content\/uploads\/2023\/04\/OXVA_Xlim_Pro_Kit_Coil_Resistance.jpg 831w, https:\/\/justvape.nu\/wp-content\/uploads\/2023\/04\/OXVA_Xlim_Pro_Kit_Coil_Resistance-600x200.jpg 600w, https:\/\/justvape.nu\/wp-content\/uploads\/2023\/04\/OXVA_Xlim_Pro_Kit_Coil_Resistance-64x21.jpg 64w, https:\/\/justvape.nu\/wp-content\/uploads\/2023\/04\/OXVA_Xlim_Pro_Kit_Coil_Resistance-300x100.jpg 300w, https:\/\/justvape.nu\/wp-content\/uploads\/2023\/04\/OXVA_Xlim_Pro_Kit_Coil_Resistance-768x256.jpg 768w\" sizes=\"auto, (max-width: 831px) 100vw, 831px\" \/><\/a><\/p>\n<\/div>\n<\/div>\n<div class=\"shop-features \">\n<h2 class=\"shop-features-title \"><a href=\"https:\/\/justvape.nu\/wp-content\/uploads\/2018\/04\/Packing-List.png\"><img loading=\"lazy\" decoding=\"async\" class=\"alignnone size-full wp-image-18999\" src=\"https:\/\/justvape.nu\/wp-content\/uploads\/2018\/04\/Packing-List.png\" alt=\"\" width=\"950\" height=\"64\" title=\"\" srcset=\"https:\/\/justvape.nu\/wp-content\/uploads\/2018\/04\/Packing-List.png 950w, https:\/\/justvape.nu\/wp-content\/uploads\/2018\/04\/Packing-List-555x37.png 555w, https:\/\/justvape.nu\/wp-content\/uploads\/2018\/04\/Packing-List-64x4.png 64w, https:\/\/justvape.nu\/wp-content\/uploads\/2018\/04\/Packing-List-300x20.png 300w, https:\/\/justvape.nu\/wp-content\/uploads\/2018\/04\/Packing-List-768x52.png 768w\" sizes=\"auto, (max-width: 950px) 100vw, 950px\" \/><\/a><\/h2>\n<\/div>\n<p>1* Dispositivo Xlim Pro<br \/>\n1* Cartucho Top Fill (Xlim V3) 0.6ohm(pre-instalado)<br \/>\n1* Cartucho Top Fill (Xlim V3) 0.8ohm<br \/>\n1* Cable tipo C<br \/>\n1* Cord\u00f3n de seguridad<br \/>\n1 * manual de usuario<\/p>\n<p class=\"description-img-center \"><a href=\"https:\/\/justvape.nu\/wp-content\/uploads\/2023\/04\/OXVA_Xlim_Pro_Kit_Packing_List.jpg\"><img loading=\"lazy\" decoding=\"async\" class=\"alignnone size-full wp-image-584098\" src=\"https:\/\/justvape.nu\/wp-content\/uploads\/2023\/04\/OXVA_Xlim_Pro_Kit_Packing_List.jpg\" alt=\"\" width=\"831\" height=\"413\" title=\"\" srcset=\"https:\/\/justvape.nu\/wp-content\/uploads\/2023\/04\/OXVA_Xlim_Pro_Kit_Packing_List.jpg 831w, https:\/\/justvape.nu\/wp-content\/uploads\/2023\/04\/OXVA_Xlim_Pro_Kit_Packing_List-600x298.jpg 600w, https:\/\/justvape.nu\/wp-content\/uploads\/2023\/04\/OXVA_Xlim_Pro_Kit_Packing_List-64x32.jpg 64w, https:\/\/justvape.nu\/wp-content\/uploads\/2023\/04\/OXVA_Xlim_Pro_Kit_Packing_List-300x149.jpg 300w, https:\/\/justvape.nu\/wp-content\/uploads\/2023\/04\/OXVA_Xlim_Pro_Kit_Packing_List-768x382.jpg 768w\" sizes=\"auto, (max-width: 831px) 100vw, 831px\" \/><\/a><\/p>\n<\/div>\n","protected":false},"excerpt":{"rendered":"<p>OXVA &#8211; XLIM PRO POD KIT<\/p>\n","protected":false},"featured_media":584173,"comment_status":"open","ping_status":"closed","template":"","meta":{"_acf_changed":false,"_uag_custom_page_level_css":"","site-sidebar-layout":"default","site-content-layout":"default","ast-site-content-layout":"default","site-content-style":"default","site-sidebar-style":"default","ast-global-header-display":"","ast-banner-title-visibility":"","ast-main-header-display":"","ast-hfb-above-header-display":"","ast-hfb-below-header-display":"","ast-hfb-mobile-header-display":"","site-post-title":"","ast-breadcrumbs-content":"","ast-featured-img":"","footer-sml-layout":"","ast-disable-related-posts":"","theme-transparent-header-meta":"default","adv-header-id-meta":"","stick-header-meta":"default","header-above-stick-meta":"","header-main-stick-meta":"","header-below-stick-meta":"","astra-migrate-meta-layouts":"default","ast-page-background-enabled":"default","ast-page-background-meta":{"desktop":{"background-color":"","background-image":"","background-repeat":"repeat","background-position":"center center","background-size":"auto","background-attachment":"scroll","background-type":"","background-media":"","overlay-type":"","overlay-color":"","overlay-opacity":"","overlay-gradient":""},"tablet":{"background-color":"","background-image":"","background-repeat":"repeat","background-position":"center center","background-size":"auto","background-attachment":"scroll","background-type":"","background-media":"","overlay-type":"","overlay-color":"","overlay-opacity":"","overlay-gradient":""},"mobile":{"background-color":"","background-image":"","background-repeat":"repeat","background-position":"center center","background-size":"auto","background-attachment":"scroll","background-type":"","background-media":"","overlay-type":"","overlay-color":"","overlay-opacity":"","overlay-gradient":""}},"ast-content-background-meta":{"desktop":{"background-color":"var(--ast-global-color-5)","background-image":"","background-repeat":"repeat","background-position":"center center","background-size":"auto","background-attachment":"scroll","background-type":"","background-media":"","overlay-type":"","overlay-color":"","overlay-opacity":"","overlay-gradient":""},"tablet":{"background-color":"var(--ast-global-color-5)","background-image":"","background-repeat":"repeat","background-position":"center center","background-size":"auto","background-attachment":"scroll","background-type":"","background-media":"","overlay-type":"","overlay-color":"","overlay-opacity":"","overlay-gradient":""},"mobile":{"background-color":"var(--ast-global-color-5)","background-image":"","background-repeat":"repeat","background-position":"center center","background-size":"auto","background-attachment":"scroll","background-type":"","background-media":"","overlay-type":"","overlay-color":"","overlay-opacity":"","overlay-gradient":""}}},"product_brand":[],"product_cat":[2073,2529,2083,6193,2530],"product_tag":[],"class_list":{"0":"post-584394","1":"product","2":"type-product","3":"status-publish","4":"has-post-thumbnail","6":"product_cat-cigarrillos-electronicos","7":"product_cat-hardware-es","8":"product_cat-kits-para-principiantes-y-pods","9":"product_cat-oxva-es","10":"product_cat-shop-by-brand-es","11":"desktop-align-center","12":"tablet-align-center","13":"mobile-align-center","14":"ast-product-gallery-layout-horizontal-slider","15":"ast-product-gallery-with-no-image","16":"ast-product-single-variable","17":"ast-product-tabs-layout-horizontal","19":"first","20":"instock","21":"sale","22":"taxable","23":"shipping-taxable","24":"purchasable","25":"product-type-variable"},"acf":[],"uagb_featured_image_src":{"full":["https:\/\/justvape.nu\/wp-content\/uploads\/2023\/04\/oxva-xlim-pro-pod-1.jpg",800,800,false],"thumbnail":["https:\/\/justvape.nu\/wp-content\/uploads\/2023\/04\/oxva-xlim-pro-pod-1-150x150.jpg",150,150,true],"medium":["https:\/\/justvape.nu\/wp-content\/uploads\/2023\/04\/oxva-xlim-pro-pod-1-300x300.jpg",300,300,true],"medium_large":["https:\/\/justvape.nu\/wp-content\/uploads\/2023\/04\/oxva-xlim-pro-pod-1-768x768.jpg",768,768,true],"large":["https:\/\/justvape.nu\/wp-content\/uploads\/2023\/04\/oxva-xlim-pro-pod-1.jpg",800,800,false],"1536x1536":["https:\/\/justvape.nu\/wp-content\/uploads\/2023\/04\/oxva-xlim-pro-pod-1.jpg",800,800,false],"2048x2048":["https:\/\/justvape.nu\/wp-content\/uploads\/2023\/04\/oxva-xlim-pro-pod-1.jpg",800,800,false],"woocommerce_thumbnail":["https:\/\/justvape.nu\/wp-content\/uploads\/2023\/04\/oxva-xlim-pro-pod-1-300x300.jpg",300,300,true],"woocommerce_single":["https:\/\/justvape.nu\/wp-content\/uploads\/2023\/04\/oxva-xlim-pro-pod-1-600x600.jpg",600,600,true],"woocommerce_gallery_thumbnail":["https:\/\/justvape.nu\/wp-content\/uploads\/2023\/04\/oxva-xlim-pro-pod-1-100x100.jpg",100,100,true],"dgwt-wcas-product-suggestion":["https:\/\/justvape.nu\/wp-content\/uploads\/2023\/04\/oxva-xlim-pro-pod-1-64x64.jpg",64,64,true]},"uagb_author_info":{"display_name":"Kenneth Merkur","author_link":"https:\/\/justvape.nu\/es\/author\/"},"uagb_comment_info":0,"uagb_excerpt":"OXVA - XLIM PRO POD KIT","_links":{"self":[{"href":"https:\/\/justvape.nu\/es\/wp-json\/wp\/v2\/product\/584394","targetHints":{"allow":["GET"]}}],"collection":[{"href":"https:\/\/justvape.nu\/es\/wp-json\/wp\/v2\/product"}],"about":[{"href":"https:\/\/justvape.nu\/es\/wp-json\/wp\/v2\/types\/product"}],"replies":[{"embeddable":true,"href":"https:\/\/justvape.nu\/es\/wp-json\/wp\/v2\/comments?post=584394"}],"wp:featuredmedia":[{"embeddable":true,"href":"https:\/\/justvape.nu\/es\/wp-json\/wp\/v2\/media\/584173"}],"wp:attachment":[{"href":"https:\/\/justvape.nu\/es\/wp-json\/wp\/v2\/media?parent=584394"}],"wp:term":[{"taxonomy":"product_brand","embeddable":true,"href":"https:\/\/justvape.nu\/es\/wp-json\/wp\/v2\/product_brand?post=584394"},{"taxonomy":"product_cat","embeddable":true,"href":"https:\/\/justvape.nu\/es\/wp-json\/wp\/v2\/product_cat?post=584394"},{"taxonomy":"product_tag","embeddable":true,"href":"https:\/\/justvape.nu\/es\/wp-json\/wp\/v2\/product_tag?post=584394"}],"curies":[{"name":"wp","href":"https:\/\/api.w.org\/{rel}","templated":true}]}}