{"id":584236,"date":"2023-04-15T15:28:31","date_gmt":"2023-04-15T13:28:31","guid":{"rendered":"https:\/\/justvape.nu\/produkt\/voopoo-argus-xt-kit\/"},"modified":"2024-10-11T14:30:52","modified_gmt":"2024-10-11T12:30:52","slug":"voopoo-argus-xt-kit","status":"publish","type":"product","link":"https:\/\/justvape.nu\/es\/produkt\/voopoo-argus-xt-kit\/","title":{"rendered":"VOOPOO &#8211; ARGUS XT KIT"},"content":{"rendered":"<h2>VOOPOO &#8211; ARGUS XT KIT<\/h2>\n<p>El kit de vapeo VooPoo Argus XT es una opci\u00f3n elegante que ha sido construida para resistir el desgaste de la vida cotidiana. Este kit, que s\u00f3lo necesita una bater\u00eda 18650 o 21700 (se vende por separado), ofrece una potencia de salida de 5 a 100 W, equilibrando la duraci\u00f3n de la bater\u00eda y la potencia. Es ideal para las personas que buscan un vaporizador resistente cuando est\u00e1n fuera de casa. El kit Argus XT tiene una clasificaci\u00f3n IP68, lo que significa que es resistente al agua, al polvo y a los golpes. El Argus MT viene con dos bobinas VooPoo TPP, que crean un vape DTL (Directo al Pulm\u00f3n).<\/p>\n<p>La sencilla interfaz de este kit hace que sea f\u00e1cil de usar, lo que significa que es f\u00e1cil seleccionar el modo que mejor se adapte a su estilo de vapeo. Si quieres empezar a vapear lo antes posible, utiliza el modo Smart y el vataje se seleccionar\u00e1 autom\u00e1ticamente para la bobina elegida. Si quieres tener m\u00e1s control de tu vapeo, cambia entre los modos de Vataje Variable y Control de Temperatura. El Argus XT tambi\u00e9n cuenta con un pr\u00e1ctico modo Boost que aumentar\u00e1 significativamente la cantidad de vapor producido para un vapeo m\u00e1s potente.<\/p>\n<p>Cada kit incluye el tanque VooPoo MAAT que contiene hasta 2 ml de e-l\u00edquido y se puede rellenar f\u00e1cilmente, gracias a la tapa de rosca. Este tanque tambi\u00e9n reduce el escupitajo y la acumulaci\u00f3n de e-l\u00edquido gracias a su dise\u00f1o de flujo de aire en forma de volc\u00e1n. En la caja encontrar\u00e1s una bobina TPP de repuesto de 0,2 Ohm y otra de 0,15 Ohm. Ambos tienen una estructura de malla que mejora la producci\u00f3n de vapor y el sabor porque calientan m\u00e1s e-l\u00edquido a mayor velocidad. Recomendamos combinar estas bobinas con 70% VG y otros e-l\u00edquidos VG m\u00e1s altos.<\/p>\n<p><a href=\"https:\/\/justvape.nu\/wp-content\/uploads\/2018\/05\/Color-Schemes.png\"><img loading=\"lazy\" decoding=\"async\" class=\"alignnone size-full wp-image-19187\" src=\"https:\/\/justvape.nu\/wp-content\/uploads\/2018\/05\/Color-Schemes.png\" alt=\"\" width=\"950\" height=\"64\" title=\"\" srcset=\"https:\/\/justvape.nu\/wp-content\/uploads\/2018\/05\/Color-Schemes.png 950w, https:\/\/justvape.nu\/wp-content\/uploads\/2018\/05\/Color-Schemes-555x37.png 555w, https:\/\/justvape.nu\/wp-content\/uploads\/2018\/05\/Color-Schemes-64x4.png 64w, https:\/\/justvape.nu\/wp-content\/uploads\/2018\/05\/Color-Schemes-300x20.png 300w, https:\/\/justvape.nu\/wp-content\/uploads\/2018\/05\/Color-Schemes-768x52.png 768w\" sizes=\"auto, (max-width: 950px) 100vw, 950px\" \/><\/a><\/p>\n<p class=\"description-img-center\"><a href=\"https:\/\/justvape.nu\/wp-content\/uploads\/2023\/04\/VOOPOO_Argus_XT_Kit_with_UFORCE_L_Tank_Full_Color.jpg\"><img loading=\"lazy\" decoding=\"async\" class=\"alignnone wp-image-583766\" src=\"https:\/\/justvape.nu\/wp-content\/uploads\/2023\/04\/VOOPOO_Argus_XT_Kit_with_UFORCE_L_Tank_Full_Color.jpg\" alt=\"\" width=\"932\" height=\"282\" title=\"\" srcset=\"https:\/\/justvape.nu\/wp-content\/uploads\/2023\/04\/VOOPOO_Argus_XT_Kit_with_UFORCE_L_Tank_Full_Color.jpg 800w, https:\/\/justvape.nu\/wp-content\/uploads\/2023\/04\/VOOPOO_Argus_XT_Kit_with_UFORCE_L_Tank_Full_Color-600x182.jpg 600w, https:\/\/justvape.nu\/wp-content\/uploads\/2023\/04\/VOOPOO_Argus_XT_Kit_with_UFORCE_L_Tank_Full_Color-64x19.jpg 64w, https:\/\/justvape.nu\/wp-content\/uploads\/2023\/04\/VOOPOO_Argus_XT_Kit_with_UFORCE_L_Tank_Full_Color-300x91.jpg 300w, https:\/\/justvape.nu\/wp-content\/uploads\/2023\/04\/VOOPOO_Argus_XT_Kit_with_UFORCE_L_Tank_Full_Color-768x232.jpg 768w\" sizes=\"auto, (max-width: 932px) 100vw, 932px\" \/><\/a><\/p>\n<div class=\"shop-features \">\n<h2 class=\"shop-features-title \"><a href=\"https:\/\/justvape.nu\/wp-content\/uploads\/2018\/05\/Specifications.png\"><img loading=\"lazy\" decoding=\"async\" class=\"alignnone size-full wp-image-18993\" src=\"https:\/\/justvape.nu\/wp-content\/uploads\/2018\/05\/Specifications.png\" alt=\"\" width=\"950\" height=\"64\" title=\"\" srcset=\"https:\/\/justvape.nu\/wp-content\/uploads\/2018\/05\/Specifications.png 950w, https:\/\/justvape.nu\/wp-content\/uploads\/2018\/05\/Specifications-555x37.png 555w, https:\/\/justvape.nu\/wp-content\/uploads\/2018\/05\/Specifications-64x4.png 64w, https:\/\/justvape.nu\/wp-content\/uploads\/2018\/05\/Specifications-300x20.png 300w, https:\/\/justvape.nu\/wp-content\/uploads\/2018\/05\/Specifications-768x52.png 768w\" sizes=\"auto, (max-width: 950px) 100vw, 950px\" \/><\/a><\/h2>\n<\/div>\n<table class=\"description-table\">\n<tbody>\n<tr>\n<td class=\"strong-title \">Marca<\/td>\n<td class=\"inline\">VOOPOO<\/td>\n<\/tr>\n<tr>\n<td class=\"strong-title \">Nombre del producto<\/td>\n<td class=\"inline\">Argus XT Kit with VooPoo MAAT Tank<\/td>\n<\/tr>\n<tr>\n<td class=\"strong-title \">Tipo de bater\u00eda<\/td>\n<td class=\"inline\">Una sola bater\u00eda externa 18650\/21700 (no incluida)<\/td>\n<\/tr>\n<tr>\n<td class=\"strong-title \">Potencia de salida<\/td>\n<td class=\"inline\">5-100W<\/td>\n<\/tr>\n<tr>\n<td class=\"strong-title \">Tensi\u00f3n de salida<\/td>\n<td class=\"inline\">0-8.5V<\/td>\n<\/tr>\n<tr>\n<td class=\"strong-title \">Rango de resistencia<\/td>\n<td class=\"inline\">0.05-3.0\u03a9<\/td>\n<\/tr>\n<tr>\n<td class=\"strong-title \">Tensi\u00f3n de carga<\/td>\n<td class=\"inline\">Tipo-C 5V\/3A<\/td>\n<\/tr>\n<tr>\n<td class=\"strong-title \">Capacidad<\/td>\n<td class=\"inline\">2ml<\/td>\n<\/tr>\n<tr>\n<td class=\"strong-title \">Llenando<\/td>\n<td class=\"inline\">Relleno superior<\/td>\n<\/tr>\n<tr>\n<td class=\"strong-title \">Flujo de aire<\/td>\n<td class=\"inline\">Flujo de aire superior ajustable<\/td>\n<\/tr>\n<tr>\n<td class=\"strong-title \">Bobinas est\u00e1ndar<\/td>\n<td class=\"inline\">TPP<\/td>\n<\/tr>\n<tr>\n<td class=\"strong-title \">Bobina compatible<\/td>\n<td class=\"inline\">TPP Coils<\/td>\n<\/tr>\n<tr>\n<td class=\"strong-title \">Tama\u00f1o de la caja<\/td>\n<td class=\"inline\">151*95*43mm<\/td>\n<\/tr>\n<tr>\n<td class=\"strong-title \"><\/td>\n<td class=\"inline\"><\/td>\n<\/tr>\n<tr>\n<td class=\"strong-title \">Color<\/td>\n<td class=\"inline\">Gris plata, grafito, fibra de carbono, verde lima, azul oscuro<\/td>\n<\/tr>\n<\/tbody>\n<\/table>\n<div class=\"shop-features \">\n<h2 class=\"shop-features-title \"><a href=\"https:\/\/justvape.nu\/wp-content\/uploads\/2018\/05\/Features.png\"><img loading=\"lazy\" decoding=\"async\" class=\"alignnone size-full wp-image-248459\" src=\"https:\/\/justvape.nu\/wp-content\/uploads\/2018\/05\/Features.png\" alt=\"\" width=\"950\" height=\"64\" title=\"\" srcset=\"https:\/\/justvape.nu\/wp-content\/uploads\/2018\/05\/Features.png 950w, https:\/\/justvape.nu\/wp-content\/uploads\/2018\/05\/Features-600x40.png 600w, https:\/\/justvape.nu\/wp-content\/uploads\/2018\/05\/Features-64x4.png 64w, https:\/\/justvape.nu\/wp-content\/uploads\/2018\/05\/Features-300x20.png 300w, https:\/\/justvape.nu\/wp-content\/uploads\/2018\/05\/Features-768x52.png 768w\" sizes=\"auto, (max-width: 950px) 100vw, 950px\" \/><\/a><\/h2>\n<\/div>\n<ul>\n<li style=\"list-style-type: none;\">\n<ul>\n<li>1. Aspecto sin agujeros y material mixto cuero-metal<\/li>\n<li>2. Dise\u00f1ado con anillos de cord\u00f3n, conveniente para llevar<\/li>\n<li>3. Turbo mod para una experiencia de vapor extrema<\/li>\n<li>4. Una sola bater\u00eda externa 18650\/21700 con carga Type-C.<\/li>\n<li>5. Chip GENE TT 2.0 con modo Smart, RBA, Turbo y TC<\/li>\n<li>6. Clasificaci\u00f3n IP68 funci\u00f3n tri-prueba, durable en uso<\/li>\n<li>7. Bloqueo QS humanizado para evitar encendidos o conmutaciones accidentales<\/li>\n<li>8. Siete protecciones de seguridad para garantizar un uso seguro<\/li>\n<li>9. Entradas de aire triples para equilibrar el flujo de aire y el sabor<\/li>\n<li>10. Conducto de aire de arriba abajo para aislar el condensado y evitar fugas.<\/li>\n<li>11. Ajuste de flujo de aire de 360\u00b0 para personalizar tu sabor favorito<\/li>\n<li>12. Innovadora base 510 con dise\u00f1o de disipador de calor<\/li>\n<li>13. Capacidad de 2 ml, f\u00e1cil llenado superior<\/li>\n<li>14. Adopta la tecnolog\u00eda PnP dual in one<\/li>\n<li>15. Compatible con todas las bobinas PnP<\/li>\n<\/ul>\n<\/li>\n<\/ul>\n<div class=\"img-show-more\">\n<div id=\"img_content_less\" class=\"img-content add-more\">\n<p class=\"description-img-center\"><a href=\"https:\/\/justvape.nu\/wp-content\/uploads\/2023\/04\/VOOPOO_Argus_XT_Mod_Kit_Features.jpg\"><img loading=\"lazy\" decoding=\"async\" class=\"alignnone wp-image-583775\" src=\"https:\/\/justvape.nu\/wp-content\/uploads\/2023\/04\/VOOPOO_Argus_XT_Mod_Kit_Features.jpg\" alt=\"\" width=\"830\" height=\"990\" title=\"\" srcset=\"https:\/\/justvape.nu\/wp-content\/uploads\/2023\/04\/VOOPOO_Argus_XT_Mod_Kit_Features.jpg 718w, https:\/\/justvape.nu\/wp-content\/uploads\/2023\/04\/VOOPOO_Argus_XT_Mod_Kit_Features-600x715.jpg 600w, https:\/\/justvape.nu\/wp-content\/uploads\/2023\/04\/VOOPOO_Argus_XT_Mod_Kit_Features-64x76.jpg 64w, https:\/\/justvape.nu\/wp-content\/uploads\/2023\/04\/VOOPOO_Argus_XT_Mod_Kit_Features-252x300.jpg 252w\" sizes=\"auto, (max-width: 830px) 100vw, 830px\" \/><\/a> <a href=\"https:\/\/justvape.nu\/wp-content\/uploads\/2023\/04\/VOOPOO_Argus_XT_Mod_Kit_100W.jpg\"><img loading=\"lazy\" decoding=\"async\" class=\"alignnone size-full wp-image-583783\" src=\"https:\/\/justvape.nu\/wp-content\/uploads\/2023\/04\/VOOPOO_Argus_XT_Mod_Kit_100W.jpg\" alt=\"\" width=\"831\" height=\"403\" title=\"\" srcset=\"https:\/\/justvape.nu\/wp-content\/uploads\/2023\/04\/VOOPOO_Argus_XT_Mod_Kit_100W.jpg 831w, https:\/\/justvape.nu\/wp-content\/uploads\/2023\/04\/VOOPOO_Argus_XT_Mod_Kit_100W-600x291.jpg 600w, https:\/\/justvape.nu\/wp-content\/uploads\/2023\/04\/VOOPOO_Argus_XT_Mod_Kit_100W-64x31.jpg 64w, https:\/\/justvape.nu\/wp-content\/uploads\/2023\/04\/VOOPOO_Argus_XT_Mod_Kit_100W-300x145.jpg 300w, https:\/\/justvape.nu\/wp-content\/uploads\/2023\/04\/VOOPOO_Argus_XT_Mod_Kit_100W-768x372.jpg 768w\" sizes=\"auto, (max-width: 831px) 100vw, 831px\" \/><\/a> <a href=\"https:\/\/justvape.nu\/wp-content\/uploads\/2023\/04\/VOOPOO_Argus_XT_Mod_Kit_18650_and_21700.jpg\"><img loading=\"lazy\" decoding=\"async\" class=\"alignnone size-full wp-image-583791\" src=\"https:\/\/justvape.nu\/wp-content\/uploads\/2023\/04\/VOOPOO_Argus_XT_Mod_Kit_18650_and_21700.jpg\" alt=\"\" width=\"831\" height=\"518\" title=\"\" srcset=\"https:\/\/justvape.nu\/wp-content\/uploads\/2023\/04\/VOOPOO_Argus_XT_Mod_Kit_18650_and_21700.jpg 831w, https:\/\/justvape.nu\/wp-content\/uploads\/2023\/04\/VOOPOO_Argus_XT_Mod_Kit_18650_and_21700-600x374.jpg 600w, https:\/\/justvape.nu\/wp-content\/uploads\/2023\/04\/VOOPOO_Argus_XT_Mod_Kit_18650_and_21700-64x40.jpg 64w, https:\/\/justvape.nu\/wp-content\/uploads\/2023\/04\/VOOPOO_Argus_XT_Mod_Kit_18650_and_21700-300x187.jpg 300w, https:\/\/justvape.nu\/wp-content\/uploads\/2023\/04\/VOOPOO_Argus_XT_Mod_Kit_18650_and_21700-768x479.jpg 768w\" sizes=\"auto, (max-width: 831px) 100vw, 831px\" \/><\/a><\/p>\n<p class=\"description-img-center\">\n<\/div>\n<\/div>\n<div class=\"shop-features \">\n<h2 class=\"shop-features-title \"><a href=\"https:\/\/justvape.nu\/wp-content\/uploads\/2018\/04\/Packing-List.png\"><img loading=\"lazy\" decoding=\"async\" class=\"alignnone size-full wp-image-18999\" src=\"https:\/\/justvape.nu\/wp-content\/uploads\/2018\/04\/Packing-List.png\" alt=\"\" width=\"950\" height=\"64\" title=\"\" srcset=\"https:\/\/justvape.nu\/wp-content\/uploads\/2018\/04\/Packing-List.png 950w, https:\/\/justvape.nu\/wp-content\/uploads\/2018\/04\/Packing-List-555x37.png 555w, https:\/\/justvape.nu\/wp-content\/uploads\/2018\/04\/Packing-List-64x4.png 64w, https:\/\/justvape.nu\/wp-content\/uploads\/2018\/04\/Packing-List-300x20.png 300w, https:\/\/justvape.nu\/wp-content\/uploads\/2018\/04\/Packing-List-768x52.png 768w\" sizes=\"auto, (max-width: 950px) 100vw, 950px\" \/><\/a><\/h2>\n<\/div>\n<p>1* Dispositivo VOOPOO Argus XT<br \/>\n1* VooPoo MAAT Tank<br \/>\n1* Bobina TPP-DM1 0.15\u03a9<br \/>\n1* Bobina TPP-DM2 0.2\u03a9<br \/>\n1* Paquete de caucho de silicona<br \/>\n1* Adaptador de bater\u00eda 18650<br \/>\n1* Cable tipo C<br \/>\n1* Usuario<\/p>\n","protected":false},"excerpt":{"rendered":"<p>VOOPOO &#8211; ARGUS XT KIT<\/p>\n","protected":false},"featured_media":583810,"comment_status":"open","ping_status":"closed","template":"","meta":{"_acf_changed":false,"_uag_custom_page_level_css":"","site-sidebar-layout":"default","site-content-layout":"default","ast-site-content-layout":"default","site-content-style":"default","site-sidebar-style":"default","ast-global-header-display":"","ast-banner-title-visibility":"","ast-main-header-display":"","ast-hfb-above-header-display":"","ast-hfb-below-header-display":"","ast-hfb-mobile-header-display":"","site-post-title":"","ast-breadcrumbs-content":"","ast-featured-img":"","footer-sml-layout":"","ast-disable-related-posts":"","theme-transparent-header-meta":"default","adv-header-id-meta":"","stick-header-meta":"default","header-above-stick-meta":"","header-main-stick-meta":"","header-below-stick-meta":"","astra-migrate-meta-layouts":"default","ast-page-background-enabled":"default","ast-page-background-meta":{"desktop":{"background-color":"","background-image":"","background-repeat":"repeat","background-position":"center center","background-size":"auto","background-attachment":"scroll","background-type":"","background-media":"","overlay-type":"","overlay-color":"","overlay-opacity":"","overlay-gradient":""},"tablet":{"background-color":"","background-image":"","background-repeat":"repeat","background-position":"center center","background-size":"auto","background-attachment":"scroll","background-type":"","background-media":"","overlay-type":"","overlay-color":"","overlay-opacity":"","overlay-gradient":""},"mobile":{"background-color":"","background-image":"","background-repeat":"repeat","background-position":"center center","background-size":"auto","background-attachment":"scroll","background-type":"","background-media":"","overlay-type":"","overlay-color":"","overlay-opacity":"","overlay-gradient":""}},"ast-content-background-meta":{"desktop":{"background-color":"var(--ast-global-color-5)","background-image":"","background-repeat":"repeat","background-position":"center center","background-size":"auto","background-attachment":"scroll","background-type":"","background-media":"","overlay-type":"","overlay-color":"","overlay-opacity":"","overlay-gradient":""},"tablet":{"background-color":"var(--ast-global-color-5)","background-image":"","background-repeat":"repeat","background-position":"center center","background-size":"auto","background-attachment":"scroll","background-type":"","background-media":"","overlay-type":"","overlay-color":"","overlay-opacity":"","overlay-gradient":""},"mobile":{"background-color":"var(--ast-global-color-5)","background-image":"","background-repeat":"repeat","background-position":"center center","background-size":"auto","background-attachment":"scroll","background-type":"","background-media":"","overlay-type":"","overlay-color":"","overlay-opacity":"","overlay-gradient":""}}},"product_brand":[],"product_cat":[2073,2529,2146,2530,2531],"product_tag":[],"class_list":{"0":"post-584236","1":"product","2":"type-product","3":"status-publish","4":"has-post-thumbnail","6":"product_cat-cigarrillos-electronicos","7":"product_cat-hardware-es","8":"product_cat-kits-de-subohmios","9":"product_cat-shop-by-brand-es","10":"product_cat-voopoo-es","11":"desktop-align-center","12":"tablet-align-center","13":"mobile-align-center","14":"ast-product-gallery-layout-horizontal-slider","15":"ast-product-single-variable","16":"ast-product-tabs-layout-horizontal","18":"first","19":"instock","20":"sale","21":"taxable","22":"shipping-taxable","23":"purchasable","24":"product-type-variable"},"acf":[],"uagb_featured_image_src":{"full":["https:\/\/justvape.nu\/wp-content\/uploads\/2023\/04\/3cEBXSJ4.jpeg",600,600,false],"thumbnail":["https:\/\/justvape.nu\/wp-content\/uploads\/2023\/04\/3cEBXSJ4-150x150.jpeg",150,150,true],"medium":["https:\/\/justvape.nu\/wp-content\/uploads\/2023\/04\/3cEBXSJ4-300x300.jpeg",300,300,true],"medium_large":["https:\/\/justvape.nu\/wp-content\/uploads\/2023\/04\/3cEBXSJ4.jpeg",600,600,false],"large":["https:\/\/justvape.nu\/wp-content\/uploads\/2023\/04\/3cEBXSJ4.jpeg",600,600,false],"1536x1536":["https:\/\/justvape.nu\/wp-content\/uploads\/2023\/04\/3cEBXSJ4.jpeg",600,600,false],"2048x2048":["https:\/\/justvape.nu\/wp-content\/uploads\/2023\/04\/3cEBXSJ4.jpeg",600,600,false],"woocommerce_thumbnail":["https:\/\/justvape.nu\/wp-content\/uploads\/2023\/04\/3cEBXSJ4-300x300.jpeg",300,300,true],"woocommerce_single":["https:\/\/justvape.nu\/wp-content\/uploads\/2023\/04\/3cEBXSJ4.jpeg",600,600,false],"woocommerce_gallery_thumbnail":["https:\/\/justvape.nu\/wp-content\/uploads\/2023\/04\/3cEBXSJ4-100x100.jpeg",100,100,true],"dgwt-wcas-product-suggestion":["https:\/\/justvape.nu\/wp-content\/uploads\/2023\/04\/3cEBXSJ4-64x64.jpeg",64,64,true]},"uagb_author_info":{"display_name":"Kenneth Merkur","author_link":"https:\/\/justvape.nu\/es\/author\/"},"uagb_comment_info":0,"uagb_excerpt":"VOOPOO - ARGUS XT KIT","_links":{"self":[{"href":"https:\/\/justvape.nu\/es\/wp-json\/wp\/v2\/product\/584236","targetHints":{"allow":["GET"]}}],"collection":[{"href":"https:\/\/justvape.nu\/es\/wp-json\/wp\/v2\/product"}],"about":[{"href":"https:\/\/justvape.nu\/es\/wp-json\/wp\/v2\/types\/product"}],"replies":[{"embeddable":true,"href":"https:\/\/justvape.nu\/es\/wp-json\/wp\/v2\/comments?post=584236"}],"wp:featuredmedia":[{"embeddable":true,"href":"https:\/\/justvape.nu\/es\/wp-json\/wp\/v2\/media\/583810"}],"wp:attachment":[{"href":"https:\/\/justvape.nu\/es\/wp-json\/wp\/v2\/media?parent=584236"}],"wp:term":[{"taxonomy":"product_brand","embeddable":true,"href":"https:\/\/justvape.nu\/es\/wp-json\/wp\/v2\/product_brand?post=584236"},{"taxonomy":"product_cat","embeddable":true,"href":"https:\/\/justvape.nu\/es\/wp-json\/wp\/v2\/product_cat?post=584236"},{"taxonomy":"product_tag","embeddable":true,"href":"https:\/\/justvape.nu\/es\/wp-json\/wp\/v2\/product_tag?post=584236"}],"curies":[{"name":"wp","href":"https:\/\/api.w.org\/{rel}","templated":true}]}}