{"id":582057,"date":"2023-04-05T22:06:02","date_gmt":"2023-04-05T20:06:02","guid":{"rendered":"https:\/\/justvape.nu\/produkt\/smok-solus-g-box-kit\/"},"modified":"2023-04-05T22:06:02","modified_gmt":"2023-04-05T20:06:02","slug":"smok-solus-g-box-kit","status":"publish","type":"product","link":"https:\/\/justvape.nu\/es\/produkt\/smok-solus-g-box-kit\/","title":{"rendered":"SMOK &#8211; SOLUS G-BOX KIT"},"content":{"rendered":"<h2>SMOK &#8211; SOLUS G-BOX KIT<\/h2>\n<p>El kit de vapeo Smok Solus G Box es ideal para vapeadores novatos y experimentados. Hay una bater\u00eda de 700mAh incorporada a este kit que ofrece una potencia m\u00e1xima de salida de 18W. Este kit incluye una vaina con una bobina de malla incorporada dise\u00f1ada para permitir un vapeo MTL (Mouth To Lung). Adem\u00e1s, incluye un cable USB-C de carga r\u00e1pida y un pr\u00e1ctico cord\u00f3n para cuando est\u00e9s vapeando fuera de casa.<\/p>\n<p>Este kit de vapeo cuenta con activaci\u00f3n de inhalaci\u00f3n, por lo que s\u00f3lo tendr\u00e1s que soplar en la boquilla para vapear. Adem\u00e1s, no hay botones ni pantallas en este kit, lo que significa que tampoco hay men\u00fas complicados por los que navegar ni ajustes que cambiar, simplemente conecta tu pod y el kit estar\u00e1 listo para usar. La vaina incluida con este kit ha sido dise\u00f1ada para un vapeo que se asemeja mucho a un cigarrillo y crea una peque\u00f1a cantidad de vapor.<\/p>\n<p>El Solus G Box viene completo con una vaina Smok Solus 2 que cuenta con una bobina de malla incorporada, que se calienta m\u00e1s r\u00e1pido mejorando la producci\u00f3n de sabor. Este dispositivo tambi\u00e9n es compatible con las c\u00e1psulas de recambio Smok Solus. Ambos tipos de c\u00e1psulas tienen un tap\u00f3n de goma en el lateral que se puede retirar para dejar a la vista un puerto de e-l\u00edquido para rellenarlo f\u00e1cilmente. Recomendamos combinar este kit con e-l\u00edquidos que tengan una concentraci\u00f3n 50\/50 o alta de PG.<\/p>\n<p><a href=\"https:\/\/justvape.nu\/wp-content\/uploads\/2018\/05\/Color-Schemes.png\"><img loading=\"lazy\" decoding=\"async\" class=\"alignnone size-full wp-image-19187\" src=\"https:\/\/justvape.nu\/wp-content\/uploads\/2018\/05\/Color-Schemes.png\" alt=\"\" width=\"950\" height=\"64\" title=\"\" srcset=\"https:\/\/justvape.nu\/wp-content\/uploads\/2018\/05\/Color-Schemes.png 950w, https:\/\/justvape.nu\/wp-content\/uploads\/2018\/05\/Color-Schemes-555x37.png 555w, https:\/\/justvape.nu\/wp-content\/uploads\/2018\/05\/Color-Schemes-64x4.png 64w, https:\/\/justvape.nu\/wp-content\/uploads\/2018\/05\/Color-Schemes-300x20.png 300w, https:\/\/justvape.nu\/wp-content\/uploads\/2018\/05\/Color-Schemes-768x52.png 768w\" sizes=\"auto, (max-width: 950px) 100vw, 950px\" \/><\/a><\/p>\n<p><a href=\"https:\/\/justvape.nu\/wp-content\/uploads\/2023\/04\/solus_g_box_kit_colourways.png\"><img loading=\"lazy\" decoding=\"async\" class=\"alignnone wp-image-581809\" src=\"https:\/\/justvape.nu\/wp-content\/uploads\/2023\/04\/solus_g_box_kit_colourways.png\" alt=\"\" width=\"801\" height=\"434\" title=\"\" srcset=\"https:\/\/justvape.nu\/wp-content\/uploads\/2023\/04\/solus_g_box_kit_colourways.png 685w, https:\/\/justvape.nu\/wp-content\/uploads\/2023\/04\/solus_g_box_kit_colourways-600x325.png 600w, https:\/\/justvape.nu\/wp-content\/uploads\/2023\/04\/solus_g_box_kit_colourways-64x35.png 64w, https:\/\/justvape.nu\/wp-content\/uploads\/2023\/04\/solus_g_box_kit_colourways-300x162.png 300w\" sizes=\"auto, (max-width: 801px) 100vw, 801px\" \/><\/a><\/p>\n<p><a href=\"https:\/\/justvape.nu\/wp-content\/uploads\/2018\/05\/Features.png\"><img loading=\"lazy\" decoding=\"async\" class=\"alignnone size-full wp-image-248459\" src=\"https:\/\/justvape.nu\/wp-content\/uploads\/2018\/05\/Features.png\" alt=\"\" width=\"950\" height=\"64\" title=\"\" srcset=\"https:\/\/justvape.nu\/wp-content\/uploads\/2018\/05\/Features.png 950w, https:\/\/justvape.nu\/wp-content\/uploads\/2018\/05\/Features-600x40.png 600w, https:\/\/justvape.nu\/wp-content\/uploads\/2018\/05\/Features-64x4.png 64w, https:\/\/justvape.nu\/wp-content\/uploads\/2018\/05\/Features-300x20.png 300w, https:\/\/justvape.nu\/wp-content\/uploads\/2018\/05\/Features-768x52.png 768w\" sizes=\"auto, (max-width: 950px) 100vw, 950px\" \/><\/a><\/p>\n<ul>\n<li>MTL Pod Kit<\/li>\n<li>Para principiantes<\/li>\n<li>Vainas recargables de 2ml<\/li>\n<li>Inhalar Activado<\/li>\n<li>Bater\u00eda integrada de 700 mAh<\/li>\n<li>Construcci\u00f3n compacta<\/li>\n<\/ul>\n<p><a href=\"https:\/\/justvape.nu\/wp-content\/uploads\/2023\/04\/SOLUS-G-BOX-1.jpg\"><img loading=\"lazy\" decoding=\"async\" class=\"alignnone wp-image-581817\" src=\"https:\/\/justvape.nu\/wp-content\/uploads\/2023\/04\/SOLUS-G-BOX-1.jpg\" alt=\"\" width=\"802\" height=\"450\" title=\"\" srcset=\"https:\/\/justvape.nu\/wp-content\/uploads\/2023\/04\/SOLUS-G-BOX-1.jpg 1200w, https:\/\/justvape.nu\/wp-content\/uploads\/2023\/04\/SOLUS-G-BOX-1-600x337.jpg 600w, https:\/\/justvape.nu\/wp-content\/uploads\/2023\/04\/SOLUS-G-BOX-1-64x36.jpg 64w, https:\/\/justvape.nu\/wp-content\/uploads\/2023\/04\/SOLUS-G-BOX-1-300x168.jpg 300w, https:\/\/justvape.nu\/wp-content\/uploads\/2023\/04\/SOLUS-G-BOX-1-1024x574.jpg 1024w, https:\/\/justvape.nu\/wp-content\/uploads\/2023\/04\/SOLUS-G-BOX-1-768x431.jpg 768w\" sizes=\"auto, (max-width: 802px) 100vw, 802px\" \/><\/a><\/p>\n<p><a href=\"https:\/\/justvape.nu\/wp-content\/uploads\/2018\/05\/Packing-List.png\"><img loading=\"lazy\" decoding=\"async\" class=\"alignnone size-full wp-image-248468\" src=\"https:\/\/justvape.nu\/wp-content\/uploads\/2018\/05\/Packing-List.png\" alt=\"\" width=\"950\" height=\"64\" title=\"\" srcset=\"https:\/\/justvape.nu\/wp-content\/uploads\/2018\/05\/Packing-List.png 950w, https:\/\/justvape.nu\/wp-content\/uploads\/2018\/05\/Packing-List-600x40.png 600w, https:\/\/justvape.nu\/wp-content\/uploads\/2018\/05\/Packing-List-64x4.png 64w, https:\/\/justvape.nu\/wp-content\/uploads\/2018\/05\/Packing-List-300x20.png 300w, https:\/\/justvape.nu\/wp-content\/uploads\/2018\/05\/Packing-List-768x52.png 768w\" sizes=\"auto, (max-width: 950px) 100vw, 950px\" \/><\/a><\/p>\n<ul>\n<li>Smok Solus G Box Vapeador<\/li>\n<li>0.9 Ohm Smok Solus 2 Pod<\/li>\n<li>Cable de carga USB-C<\/li>\n<li>Cord\u00f3n<\/li>\n<li>Manual de usuario<\/li>\n<\/ul>\n","protected":false},"excerpt":{"rendered":"<p>SMOK &#8211; SOLUS G-BOX KIT<\/p>\n","protected":false},"featured_media":581838,"comment_status":"open","ping_status":"closed","template":"","meta":{"_acf_changed":false,"_uag_custom_page_level_css":"","site-sidebar-layout":"default","site-content-layout":"default","ast-site-content-layout":"default","site-content-style":"default","site-sidebar-style":"default","ast-global-header-display":"","ast-banner-title-visibility":"","ast-main-header-display":"","ast-hfb-above-header-display":"","ast-hfb-below-header-display":"","ast-hfb-mobile-header-display":"","site-post-title":"","ast-breadcrumbs-content":"","ast-featured-img":"","footer-sml-layout":"","ast-disable-related-posts":"","theme-transparent-header-meta":"default","adv-header-id-meta":"","stick-header-meta":"default","header-above-stick-meta":"","header-main-stick-meta":"","header-below-stick-meta":"","astra-migrate-meta-layouts":"default","ast-page-background-enabled":"default","ast-page-background-meta":{"desktop":{"background-color":"","background-image":"","background-repeat":"repeat","background-position":"center center","background-size":"auto","background-attachment":"scroll","background-type":"","background-media":"","overlay-type":"","overlay-color":"","overlay-opacity":"","overlay-gradient":""},"tablet":{"background-color":"","background-image":"","background-repeat":"repeat","background-position":"center center","background-size":"auto","background-attachment":"scroll","background-type":"","background-media":"","overlay-type":"","overlay-color":"","overlay-opacity":"","overlay-gradient":""},"mobile":{"background-color":"","background-image":"","background-repeat":"repeat","background-position":"center center","background-size":"auto","background-attachment":"scroll","background-type":"","background-media":"","overlay-type":"","overlay-color":"","overlay-opacity":"","overlay-gradient":""}},"ast-content-background-meta":{"desktop":{"background-color":"var(--ast-global-color-5)","background-image":"","background-repeat":"repeat","background-position":"center center","background-size":"auto","background-attachment":"scroll","background-type":"","background-media":"","overlay-type":"","overlay-color":"","overlay-opacity":"","overlay-gradient":""},"tablet":{"background-color":"var(--ast-global-color-5)","background-image":"","background-repeat":"repeat","background-position":"center center","background-size":"auto","background-attachment":"scroll","background-type":"","background-media":"","overlay-type":"","overlay-color":"","overlay-opacity":"","overlay-gradient":""},"mobile":{"background-color":"var(--ast-global-color-5)","background-image":"","background-repeat":"repeat","background-position":"center center","background-size":"auto","background-attachment":"scroll","background-type":"","background-media":"","overlay-type":"","overlay-color":"","overlay-opacity":"","overlay-gradient":""}}},"product_brand":[],"product_cat":[2073,2529,2083,2530,3384],"product_tag":[],"class_list":{"0":"post-582057","1":"product","2":"type-product","3":"status-publish","4":"has-post-thumbnail","6":"product_cat-cigarrillos-electronicos","7":"product_cat-hardware-es","8":"product_cat-kits-para-principiantes-y-pods","9":"product_cat-shop-by-brand-es","10":"product_cat-smok-es","11":"desktop-align-center","12":"tablet-align-center","13":"mobile-align-center","14":"ast-product-gallery-layout-horizontal-slider","15":"ast-product-single-variable","16":"ast-product-tabs-layout-horizontal","18":"first","19":"instock","20":"sale","21":"taxable","22":"shipping-taxable","23":"purchasable","24":"product-type-variable"},"acf":[],"uagb_featured_image_src":{"full":["https:\/\/justvape.nu\/wp-content\/uploads\/2023\/04\/Mv-GYcwI.jpeg",600,600,false],"thumbnail":["https:\/\/justvape.nu\/wp-content\/uploads\/2023\/04\/Mv-GYcwI-150x150.jpeg",150,150,true],"medium":["https:\/\/justvape.nu\/wp-content\/uploads\/2023\/04\/Mv-GYcwI-300x300.jpeg",300,300,true],"medium_large":["https:\/\/justvape.nu\/wp-content\/uploads\/2023\/04\/Mv-GYcwI.jpeg",600,600,false],"large":["https:\/\/justvape.nu\/wp-content\/uploads\/2023\/04\/Mv-GYcwI.jpeg",600,600,false],"1536x1536":["https:\/\/justvape.nu\/wp-content\/uploads\/2023\/04\/Mv-GYcwI.jpeg",600,600,false],"2048x2048":["https:\/\/justvape.nu\/wp-content\/uploads\/2023\/04\/Mv-GYcwI.jpeg",600,600,false],"woocommerce_thumbnail":["https:\/\/justvape.nu\/wp-content\/uploads\/2023\/04\/Mv-GYcwI-300x300.jpeg",300,300,true],"woocommerce_single":["https:\/\/justvape.nu\/wp-content\/uploads\/2023\/04\/Mv-GYcwI.jpeg",600,600,false],"woocommerce_gallery_thumbnail":["https:\/\/justvape.nu\/wp-content\/uploads\/2023\/04\/Mv-GYcwI-100x100.jpeg",100,100,true],"dgwt-wcas-product-suggestion":["https:\/\/justvape.nu\/wp-content\/uploads\/2023\/04\/Mv-GYcwI-64x64.jpeg",64,64,true]},"uagb_author_info":{"display_name":"Kenneth Merkur","author_link":"https:\/\/justvape.nu\/es\/author\/"},"uagb_comment_info":0,"uagb_excerpt":"SMOK - SOLUS G-BOX KIT","_links":{"self":[{"href":"https:\/\/justvape.nu\/es\/wp-json\/wp\/v2\/product\/582057","targetHints":{"allow":["GET"]}}],"collection":[{"href":"https:\/\/justvape.nu\/es\/wp-json\/wp\/v2\/product"}],"about":[{"href":"https:\/\/justvape.nu\/es\/wp-json\/wp\/v2\/types\/product"}],"replies":[{"embeddable":true,"href":"https:\/\/justvape.nu\/es\/wp-json\/wp\/v2\/comments?post=582057"}],"wp:featuredmedia":[{"embeddable":true,"href":"https:\/\/justvape.nu\/es\/wp-json\/wp\/v2\/media\/581838"}],"wp:attachment":[{"href":"https:\/\/justvape.nu\/es\/wp-json\/wp\/v2\/media?parent=582057"}],"wp:term":[{"taxonomy":"product_brand","embeddable":true,"href":"https:\/\/justvape.nu\/es\/wp-json\/wp\/v2\/product_brand?post=582057"},{"taxonomy":"product_cat","embeddable":true,"href":"https:\/\/justvape.nu\/es\/wp-json\/wp\/v2\/product_cat?post=582057"},{"taxonomy":"product_tag","embeddable":true,"href":"https:\/\/justvape.nu\/es\/wp-json\/wp\/v2\/product_tag?post=582057"}],"curies":[{"name":"wp","href":"https:\/\/api.w.org\/{rel}","templated":true}]}}