{"id":577341,"date":"2023-03-22T10:19:57","date_gmt":"2023-03-22T09:19:57","guid":{"rendered":"https:\/\/justvape.nu\/produkt\/lost-vape-ursa-baby-pro-pod-kit\/"},"modified":"2023-03-22T11:31:39","modified_gmt":"2023-03-22T10:31:39","slug":"lost-vape-ursa-baby-pro-pod-kit","status":"publish","type":"product","link":"https:\/\/justvape.nu\/es\/produkt\/lost-vape-ursa-baby-pro-pod-kit\/","title":{"rendered":"LOST VAPE &#8211; URSA BABY PRO POD KIT"},"content":{"rendered":"<h2>LOST VAPE &#8211; URSA BABY PRO POD KIT<\/h2>\n<p>El kit de vapeo Lost Vape Ursa Baby Pro es un dispositivo compacto y conveniente que es perfecto para los vapers que buscan un dispositivo que sea f\u00e1cil de llevar a todas partes. Cuenta con una bater\u00eda integrada con una capacidad de 900mAh, proporcionando largas sesiones de vapeo. Tambi\u00e9n tiene una potencia m\u00e1xima de 25W, por lo que es ideal para vapear MTL (boca a pulm\u00f3n) o RDTL (vapeo directo a pulm\u00f3n restringido).<\/p>\n<p>Encontrar\u00e1s dos vainas incluidas en la caja, una vaina Ursa 0.6ohm y una vaina vac\u00eda que se puede utilizar con las bobinas UB Mini. Tambi\u00e9n viene con una bobina UB Mini S1. Con el bot\u00f3n situado encima de la pantalla, puedes aumentar el vataje para obtener nubes m\u00e1s grandes o reducirlo para una menor producci\u00f3n de vapor.<\/p>\n<p>Recargar su kit Ursa Baby Pro es muy f\u00e1cil gracias a la c\u00e1psula Ursa Nano de llenado lateral. Todo lo que necesitas hacer es quitar el tap\u00f3n de silicona para revelar el puerto de llenado y rellenar con tu e-l\u00edquido elegido. Para obtener los mejores resultados, le sugerimos que utilice un e-l\u00edquido con una concentraci\u00f3n de 50\/50 o PG alta para sacar el m\u00e1ximo provecho de su kit. Adem\u00e1s, puedes ajustar la inhalaci\u00f3n para que se sienta m\u00e1s apretada o m\u00e1s floja con la funci\u00f3n de flujo de aire ajustable. Esta caracter\u00edstica le permite personalizar su experiencia de vapeo a su gusto, ya sea que prefiera una extracci\u00f3n m\u00e1s apretada o m\u00e1s floja. En general, el kit de vapeo Lost Vape Ursa Baby Pro es una gran opci\u00f3n para los vapeadores que buscan un dispositivo compacto, c\u00f3modo y personalizable.<\/p>\n<p><a href=\"https:\/\/justvape.nu\/wp-content\/uploads\/2018\/05\/Color-Schemes.png\"><img loading=\"lazy\" decoding=\"async\" class=\"alignnone size-full wp-image-19187\" src=\"https:\/\/justvape.nu\/wp-content\/uploads\/2018\/05\/Color-Schemes.png\" alt=\"\" width=\"950\" height=\"64\" title=\"\" srcset=\"https:\/\/justvape.nu\/wp-content\/uploads\/2018\/05\/Color-Schemes.png 950w, https:\/\/justvape.nu\/wp-content\/uploads\/2018\/05\/Color-Schemes-555x37.png 555w, https:\/\/justvape.nu\/wp-content\/uploads\/2018\/05\/Color-Schemes-64x4.png 64w, https:\/\/justvape.nu\/wp-content\/uploads\/2018\/05\/Color-Schemes-300x20.png 300w, https:\/\/justvape.nu\/wp-content\/uploads\/2018\/05\/Color-Schemes-768x52.png 768w\" sizes=\"auto, (max-width: 950px) 100vw, 950px\" \/><\/a><\/p>\n<p class=\"description-img-center\"><a href=\"https:\/\/justvape.nu\/wp-content\/uploads\/2023\/03\/Lost_Vape_Ursa_Baby_Pro_Kit_Colors.jpg\"><img loading=\"lazy\" decoding=\"async\" class=\"alignnone wp-image-577105\" src=\"https:\/\/justvape.nu\/wp-content\/uploads\/2023\/03\/Lost_Vape_Ursa_Baby_Pro_Kit_Colors.jpg\" alt=\"\" width=\"929\" height=\"611\" title=\"\" srcset=\"https:\/\/justvape.nu\/wp-content\/uploads\/2023\/03\/Lost_Vape_Ursa_Baby_Pro_Kit_Colors.jpg 800w, https:\/\/justvape.nu\/wp-content\/uploads\/2023\/03\/Lost_Vape_Ursa_Baby_Pro_Kit_Colors-600x395.jpg 600w, https:\/\/justvape.nu\/wp-content\/uploads\/2023\/03\/Lost_Vape_Ursa_Baby_Pro_Kit_Colors-64x42.jpg 64w, https:\/\/justvape.nu\/wp-content\/uploads\/2023\/03\/Lost_Vape_Ursa_Baby_Pro_Kit_Colors-300x197.jpg 300w, https:\/\/justvape.nu\/wp-content\/uploads\/2023\/03\/Lost_Vape_Ursa_Baby_Pro_Kit_Colors-768x505.jpg 768w\" sizes=\"auto, (max-width: 929px) 100vw, 929px\" \/><\/a><\/p>\n<div class=\"shop-features \">\n<h2 class=\"shop-features-title \"><a href=\"https:\/\/justvape.nu\/wp-content\/uploads\/2018\/05\/Specifications.png\"><img loading=\"lazy\" decoding=\"async\" class=\"alignnone size-full wp-image-248449\" src=\"https:\/\/justvape.nu\/wp-content\/uploads\/2018\/05\/Specifications.png\" alt=\"\" width=\"950\" height=\"64\" title=\"\" srcset=\"https:\/\/justvape.nu\/wp-content\/uploads\/2018\/05\/Specifications.png 950w, https:\/\/justvape.nu\/wp-content\/uploads\/2018\/05\/Specifications-600x40.png 600w, https:\/\/justvape.nu\/wp-content\/uploads\/2018\/05\/Specifications-64x4.png 64w, https:\/\/justvape.nu\/wp-content\/uploads\/2018\/05\/Specifications-300x20.png 300w, https:\/\/justvape.nu\/wp-content\/uploads\/2018\/05\/Specifications-768x52.png 768w\" sizes=\"auto, (max-width: 950px) 100vw, 950px\" \/><\/a><\/h2>\n<p>&nbsp;<\/p>\n<\/div>\n<p><strong class=\"description-little-title\">Par\u00e1metros de la Ursa Baby Pro:<\/strong><\/p>\n<table class=\"description-table\">\n<tbody>\n<tr>\n<td class=\"strong-title \">Marca<\/td>\n<td class=\"inline\">Lost Vape<\/td>\n<\/tr>\n<tr>\n<td class=\"strong-title \">Nombre del producto<\/td>\n<td class=\"inline\">Kit Ursa Baby Pro<\/td>\n<\/tr>\n<tr>\n<td class=\"strong-title \">Dimensi\u00f3n<\/td>\n<td class=\"inline\">46,5*15,2*71,6 mm<\/td>\n<\/tr>\n<tr>\n<td class=\"strong-title \">Capacidad del dep\u00f3sito<\/td>\n<td class=\"inline\">2ml<\/td>\n<\/tr>\n<tr>\n<td class=\"strong-title \">Bater\u00eda<\/td>\n<td class=\"inline\">900 mAh<\/td>\n<\/tr>\n<tr>\n<td class=\"strong-title \">Tensi\u00f3n de la bater\u00eda<\/td>\n<td class=\"inline\">3,2V-4,2V<\/td>\n<\/tr>\n<tr>\n<td class=\"strong-title \">Rango de potencia<\/td>\n<td class=\"inline\">5-25W<\/td>\n<\/tr>\n<tr>\n<td class=\"strong-title \">Material del cuerpo<\/td>\n<td class=\"inline\">Aleaci\u00f3n de zinc<\/td>\n<\/tr>\n<tr>\n<td class=\"strong-title \">Chip<\/td>\n<td class=\"inline\">Chip de b\u00fasqueda<\/td>\n<\/tr>\n<tr>\n<td class=\"strong-title \">Tensi\u00f3n de salida<\/td>\n<td class=\"inline\">1,7V-3,9V<\/td>\n<\/tr>\n<tr>\n<td class=\"strong-title \">Mostrar<\/td>\n<td class=\"inline\">Pantalla OLED de 0,42 pulgadas<\/td>\n<\/tr>\n<tr>\n<td class=\"strong-title \">Cargando<\/td>\n<td class=\"inline\">Tipo C, 5V\/2A<\/td>\n<\/tr>\n<tr>\n<td class=\"strong-title \">Flujo de aire<\/td>\n<td class=\"inline\">V\u00e1lvula de flujo de aire de f\u00e1cil acceso<\/td>\n<\/tr>\n<tr>\n<td class=\"strong-title \">Color<\/td>\n<td class=\"inline\">Gunmetal Espresso, Classic Black, Navy Blue, Pearl White, Golden Knight, Silver Lust, Emerald Green, Frost Blue, Sakuka Pink<\/td>\n<\/tr>\n<\/tbody>\n<\/table>\n<div class=\"shop-features \">\n<h2 class=\"shop-features-title \"><a href=\"https:\/\/justvape.nu\/wp-content\/uploads\/2018\/05\/Features.png\"><img loading=\"lazy\" decoding=\"async\" class=\"alignnone size-full wp-image-248459\" src=\"https:\/\/justvape.nu\/wp-content\/uploads\/2018\/05\/Features.png\" alt=\"\" width=\"950\" height=\"64\" title=\"\" srcset=\"https:\/\/justvape.nu\/wp-content\/uploads\/2018\/05\/Features.png 950w, https:\/\/justvape.nu\/wp-content\/uploads\/2018\/05\/Features-600x40.png 600w, https:\/\/justvape.nu\/wp-content\/uploads\/2018\/05\/Features-64x4.png 64w, https:\/\/justvape.nu\/wp-content\/uploads\/2018\/05\/Features-300x20.png 300w, https:\/\/justvape.nu\/wp-content\/uploads\/2018\/05\/Features-768x52.png 768w\" sizes=\"auto, (max-width: 950px) 100vw, 950px\" \/><\/a><\/h2>\n<p>&nbsp;<\/p>\n<\/div>\n<p><strong class=\"description-little-title\">Detalles de Lost Vape Ursa Baby Pro:<\/strong><\/p>\n<ul>\n<li style=\"list-style-type: none;\">\n<ul>\n<li>1. Aleaci\u00f3n de zinc s\u00f3lida como una roca, m\u00e1x. 25 W<\/li>\n<li>2. Con un cartucho Ursa mejorado<\/li>\n<li>3. Compatible con sal\/freebase<\/li>\n<li>4. Admite todos los MTL a MTL sueltos y RL<\/li>\n<li>5. Protecciones de seguridad: Cortocircuito\/Bater\u00eda d\u00e9bil\/Protecci\u00f3n de la cabeza<\/li>\n<\/ul>\n<\/li>\n<\/ul>\n<div class=\"img-show-more\">\n<div id=\"img_content_less\" class=\"img-content add-more\">\n<p class=\"description-img-center\"><a href=\"https:\/\/justvape.nu\/wp-content\/uploads\/2023\/03\/Lost_Vape_Ursa_Baby_Pro_Kit_25W.jpg\"><img loading=\"lazy\" decoding=\"async\" class=\"alignnone size-full wp-image-577114\" src=\"https:\/\/justvape.nu\/wp-content\/uploads\/2023\/03\/Lost_Vape_Ursa_Baby_Pro_Kit_25W.jpg\" alt=\"\" width=\"831\" height=\"374\" title=\"\" srcset=\"https:\/\/justvape.nu\/wp-content\/uploads\/2023\/03\/Lost_Vape_Ursa_Baby_Pro_Kit_25W.jpg 831w, https:\/\/justvape.nu\/wp-content\/uploads\/2023\/03\/Lost_Vape_Ursa_Baby_Pro_Kit_25W-600x270.jpg 600w, https:\/\/justvape.nu\/wp-content\/uploads\/2023\/03\/Lost_Vape_Ursa_Baby_Pro_Kit_25W-64x29.jpg 64w, https:\/\/justvape.nu\/wp-content\/uploads\/2023\/03\/Lost_Vape_Ursa_Baby_Pro_Kit_25W-300x135.jpg 300w, https:\/\/justvape.nu\/wp-content\/uploads\/2023\/03\/Lost_Vape_Ursa_Baby_Pro_Kit_25W-768x346.jpg 768w\" sizes=\"auto, (max-width: 831px) 100vw, 831px\" \/><\/a> <a href=\"https:\/\/justvape.nu\/wp-content\/uploads\/2023\/03\/Lost_Vape_Ursa_Baby_Pro_Kit_Airflow_Range.jpg\"><img loading=\"lazy\" decoding=\"async\" class=\"alignnone size-full wp-image-577123\" src=\"https:\/\/justvape.nu\/wp-content\/uploads\/2023\/03\/Lost_Vape_Ursa_Baby_Pro_Kit_Airflow_Range.jpg\" alt=\"\" width=\"831\" height=\"436\" title=\"\" srcset=\"https:\/\/justvape.nu\/wp-content\/uploads\/2023\/03\/Lost_Vape_Ursa_Baby_Pro_Kit_Airflow_Range.jpg 831w, https:\/\/justvape.nu\/wp-content\/uploads\/2023\/03\/Lost_Vape_Ursa_Baby_Pro_Kit_Airflow_Range-600x315.jpg 600w, https:\/\/justvape.nu\/wp-content\/uploads\/2023\/03\/Lost_Vape_Ursa_Baby_Pro_Kit_Airflow_Range-64x34.jpg 64w, https:\/\/justvape.nu\/wp-content\/uploads\/2023\/03\/Lost_Vape_Ursa_Baby_Pro_Kit_Airflow_Range-300x157.jpg 300w, https:\/\/justvape.nu\/wp-content\/uploads\/2023\/03\/Lost_Vape_Ursa_Baby_Pro_Kit_Airflow_Range-768x403.jpg 768w\" sizes=\"auto, (max-width: 831px) 100vw, 831px\" \/><\/a> <a href=\"https:\/\/justvape.nu\/wp-content\/uploads\/2023\/03\/Lost_Vape_Ursa_Baby_Pro_Kit_Cartridge.jpg\"><img loading=\"lazy\" decoding=\"async\" class=\"alignnone size-full wp-image-577132\" src=\"https:\/\/justvape.nu\/wp-content\/uploads\/2023\/03\/Lost_Vape_Ursa_Baby_Pro_Kit_Cartridge.jpg\" alt=\"\" width=\"831\" height=\"441\" title=\"\" srcset=\"https:\/\/justvape.nu\/wp-content\/uploads\/2023\/03\/Lost_Vape_Ursa_Baby_Pro_Kit_Cartridge.jpg 831w, https:\/\/justvape.nu\/wp-content\/uploads\/2023\/03\/Lost_Vape_Ursa_Baby_Pro_Kit_Cartridge-600x318.jpg 600w, https:\/\/justvape.nu\/wp-content\/uploads\/2023\/03\/Lost_Vape_Ursa_Baby_Pro_Kit_Cartridge-64x34.jpg 64w, https:\/\/justvape.nu\/wp-content\/uploads\/2023\/03\/Lost_Vape_Ursa_Baby_Pro_Kit_Cartridge-300x159.jpg 300w, https:\/\/justvape.nu\/wp-content\/uploads\/2023\/03\/Lost_Vape_Ursa_Baby_Pro_Kit_Cartridge-768x408.jpg 768w\" sizes=\"auto, (max-width: 831px) 100vw, 831px\" \/><\/a><\/p>\n<\/div>\n<\/div>\n<div class=\"shop-features \">\n<h2 class=\"shop-features-title \"><a href=\"https:\/\/justvape.nu\/wp-content\/uploads\/2018\/04\/Packing-List.png\"><img loading=\"lazy\" decoding=\"async\" class=\"alignnone size-full wp-image-18999\" src=\"https:\/\/justvape.nu\/wp-content\/uploads\/2018\/04\/Packing-List.png\" alt=\"\" width=\"950\" height=\"64\" title=\"\" srcset=\"https:\/\/justvape.nu\/wp-content\/uploads\/2018\/04\/Packing-List.png 950w, https:\/\/justvape.nu\/wp-content\/uploads\/2018\/04\/Packing-List-555x37.png 555w, https:\/\/justvape.nu\/wp-content\/uploads\/2018\/04\/Packing-List-64x4.png 64w, https:\/\/justvape.nu\/wp-content\/uploads\/2018\/04\/Packing-List-300x20.png 300w, https:\/\/justvape.nu\/wp-content\/uploads\/2018\/04\/Packing-List-768x52.png 768w\" sizes=\"auto, (max-width: 950px) 100vw, 950px\" \/><\/a><\/h2>\n<p>&nbsp;<\/p>\n<\/div>\n<p><strong class=\"description-little-title \">El paquete de Lost Vape Ursa Baby Pro Pod Kit viene con:<\/strong><\/p>\n<p>1* Dispositivo Ursa Baby Pro Pod<br \/>\n1* Cartucho vac\u00edo Ursa<br \/>\n1* Cartucho Ursa de 0,6ohm<br \/>\n1* UB Mini S1 Bobina 0.8ohm<br \/>\n1* Cable de carga tipo C<br \/>\n1* Cord\u00f3n de seguridad<br \/>\n1 * manual de usuario<br \/>\n1* Tarjeta de garant\u00eda<\/p>\n<p class=\"description-img-center \"><a href=\"https:\/\/justvape.nu\/wp-content\/uploads\/2023\/03\/Lost_Vape_Ursa_Baby_Pro_Kit_Package_List.jpg\"><img loading=\"lazy\" decoding=\"async\" class=\"alignnone size-full wp-image-577141\" src=\"https:\/\/justvape.nu\/wp-content\/uploads\/2023\/03\/Lost_Vape_Ursa_Baby_Pro_Kit_Package_List.jpg\" alt=\"\" width=\"831\" height=\"310\" title=\"\" srcset=\"https:\/\/justvape.nu\/wp-content\/uploads\/2023\/03\/Lost_Vape_Ursa_Baby_Pro_Kit_Package_List.jpg 831w, https:\/\/justvape.nu\/wp-content\/uploads\/2023\/03\/Lost_Vape_Ursa_Baby_Pro_Kit_Package_List-600x224.jpg 600w, https:\/\/justvape.nu\/wp-content\/uploads\/2023\/03\/Lost_Vape_Ursa_Baby_Pro_Kit_Package_List-64x24.jpg 64w, https:\/\/justvape.nu\/wp-content\/uploads\/2023\/03\/Lost_Vape_Ursa_Baby_Pro_Kit_Package_List-300x112.jpg 300w, https:\/\/justvape.nu\/wp-content\/uploads\/2023\/03\/Lost_Vape_Ursa_Baby_Pro_Kit_Package_List-768x286.jpg 768w\" sizes=\"auto, (max-width: 831px) 100vw, 831px\" \/><\/a><\/p>\n","protected":false},"excerpt":{"rendered":"<p>LOST VAPE &#8211; URSA BABY PRO POD KIT<\/p>\n","protected":false},"featured_media":577167,"comment_status":"open","ping_status":"closed","template":"","meta":{"_acf_changed":false,"_uag_custom_page_level_css":"","site-sidebar-layout":"default","site-content-layout":"default","ast-site-content-layout":"default","site-content-style":"default","site-sidebar-style":"default","ast-global-header-display":"","ast-banner-title-visibility":"","ast-main-header-display":"","ast-hfb-above-header-display":"","ast-hfb-below-header-display":"","ast-hfb-mobile-header-display":"","site-post-title":"","ast-breadcrumbs-content":"","ast-featured-img":"","footer-sml-layout":"","ast-disable-related-posts":"","theme-transparent-header-meta":"default","adv-header-id-meta":"","stick-header-meta":"default","header-above-stick-meta":"","header-main-stick-meta":"","header-below-stick-meta":"","astra-migrate-meta-layouts":"default","ast-page-background-enabled":"default","ast-page-background-meta":{"desktop":{"background-color":"","background-image":"","background-repeat":"repeat","background-position":"center center","background-size":"auto","background-attachment":"scroll","background-type":"","background-media":"","overlay-type":"","overlay-color":"","overlay-opacity":"","overlay-gradient":""},"tablet":{"background-color":"","background-image":"","background-repeat":"repeat","background-position":"center center","background-size":"auto","background-attachment":"scroll","background-type":"","background-media":"","overlay-type":"","overlay-color":"","overlay-opacity":"","overlay-gradient":""},"mobile":{"background-color":"","background-image":"","background-repeat":"repeat","background-position":"center center","background-size":"auto","background-attachment":"scroll","background-type":"","background-media":"","overlay-type":"","overlay-color":"","overlay-opacity":"","overlay-gradient":""}},"ast-content-background-meta":{"desktop":{"background-color":"var(--ast-global-color-5)","background-image":"","background-repeat":"repeat","background-position":"center center","background-size":"auto","background-attachment":"scroll","background-type":"","background-media":"","overlay-type":"","overlay-color":"","overlay-opacity":"","overlay-gradient":""},"tablet":{"background-color":"var(--ast-global-color-5)","background-image":"","background-repeat":"repeat","background-position":"center center","background-size":"auto","background-attachment":"scroll","background-type":"","background-media":"","overlay-type":"","overlay-color":"","overlay-opacity":"","overlay-gradient":""},"mobile":{"background-color":"var(--ast-global-color-5)","background-image":"","background-repeat":"repeat","background-position":"center center","background-size":"auto","background-attachment":"scroll","background-type":"","background-media":"","overlay-type":"","overlay-color":"","overlay-opacity":"","overlay-gradient":""}}},"product_brand":[],"product_cat":[2073,2529,2083,4808,2530],"product_tag":[],"class_list":{"0":"post-577341","1":"product","2":"type-product","3":"status-publish","4":"has-post-thumbnail","6":"product_cat-cigarrillos-electronicos","7":"product_cat-hardware-es","8":"product_cat-kits-para-principiantes-y-pods","9":"product_cat-lost-vape-es","10":"product_cat-shop-by-brand-es","11":"desktop-align-center","12":"tablet-align-center","13":"mobile-align-center","14":"ast-product-gallery-layout-horizontal-slider","15":"ast-product-gallery-with-no-image","16":"ast-product-single-variable","17":"ast-product-tabs-layout-horizontal","19":"first","20":"instock","21":"sale","22":"taxable","23":"shipping-taxable","24":"purchasable","25":"product-type-variable"},"acf":[],"uagb_featured_image_src":{"full":["https:\/\/justvape.nu\/wp-content\/uploads\/2023\/03\/Lost-Vape-Ursa-Baby-Pro-Pod-Kit.jpg",840,840,false],"thumbnail":["https:\/\/justvape.nu\/wp-content\/uploads\/2023\/03\/Lost-Vape-Ursa-Baby-Pro-Pod-Kit-150x150.jpg",150,150,true],"medium":["https:\/\/justvape.nu\/wp-content\/uploads\/2023\/03\/Lost-Vape-Ursa-Baby-Pro-Pod-Kit-300x300.jpg",300,300,true],"medium_large":["https:\/\/justvape.nu\/wp-content\/uploads\/2023\/03\/Lost-Vape-Ursa-Baby-Pro-Pod-Kit-768x768.jpg",768,768,true],"large":["https:\/\/justvape.nu\/wp-content\/uploads\/2023\/03\/Lost-Vape-Ursa-Baby-Pro-Pod-Kit.jpg",840,840,false],"1536x1536":["https:\/\/justvape.nu\/wp-content\/uploads\/2023\/03\/Lost-Vape-Ursa-Baby-Pro-Pod-Kit.jpg",840,840,false],"2048x2048":["https:\/\/justvape.nu\/wp-content\/uploads\/2023\/03\/Lost-Vape-Ursa-Baby-Pro-Pod-Kit.jpg",840,840,false],"woocommerce_thumbnail":["https:\/\/justvape.nu\/wp-content\/uploads\/2023\/03\/Lost-Vape-Ursa-Baby-Pro-Pod-Kit-300x300.jpg",300,300,true],"woocommerce_single":["https:\/\/justvape.nu\/wp-content\/uploads\/2023\/03\/Lost-Vape-Ursa-Baby-Pro-Pod-Kit-600x600.jpg",600,600,true],"woocommerce_gallery_thumbnail":["https:\/\/justvape.nu\/wp-content\/uploads\/2023\/03\/Lost-Vape-Ursa-Baby-Pro-Pod-Kit-100x100.jpg",100,100,true],"dgwt-wcas-product-suggestion":["https:\/\/justvape.nu\/wp-content\/uploads\/2023\/03\/Lost-Vape-Ursa-Baby-Pro-Pod-Kit-64x64.jpg",64,64,true]},"uagb_author_info":{"display_name":"Kenneth Merkur","author_link":"https:\/\/justvape.nu\/es\/author\/"},"uagb_comment_info":0,"uagb_excerpt":"LOST VAPE - URSA BABY PRO POD KIT","_links":{"self":[{"href":"https:\/\/justvape.nu\/es\/wp-json\/wp\/v2\/product\/577341","targetHints":{"allow":["GET"]}}],"collection":[{"href":"https:\/\/justvape.nu\/es\/wp-json\/wp\/v2\/product"}],"about":[{"href":"https:\/\/justvape.nu\/es\/wp-json\/wp\/v2\/types\/product"}],"replies":[{"embeddable":true,"href":"https:\/\/justvape.nu\/es\/wp-json\/wp\/v2\/comments?post=577341"}],"wp:featuredmedia":[{"embeddable":true,"href":"https:\/\/justvape.nu\/es\/wp-json\/wp\/v2\/media\/577167"}],"wp:attachment":[{"href":"https:\/\/justvape.nu\/es\/wp-json\/wp\/v2\/media?parent=577341"}],"wp:term":[{"taxonomy":"product_brand","embeddable":true,"href":"https:\/\/justvape.nu\/es\/wp-json\/wp\/v2\/product_brand?post=577341"},{"taxonomy":"product_cat","embeddable":true,"href":"https:\/\/justvape.nu\/es\/wp-json\/wp\/v2\/product_cat?post=577341"},{"taxonomy":"product_tag","embeddable":true,"href":"https:\/\/justvape.nu\/es\/wp-json\/wp\/v2\/product_tag?post=577341"}],"curies":[{"name":"wp","href":"https:\/\/api.w.org\/{rel}","templated":true}]}}