{"id":571159,"date":"2023-02-20T13:56:06","date_gmt":"2023-02-20T12:56:06","guid":{"rendered":"https:\/\/justvape.nu\/produkt\/aspire-gotek-x-pod-system\/"},"modified":"2024-04-09T14:38:19","modified_gmt":"2024-04-09T12:38:19","slug":"aspire-gotek-x-pod-system","status":"publish","type":"product","link":"https:\/\/justvape.nu\/es\/produkt\/aspire-gotek-x-pod-system\/","title":{"rendered":"ASPIRE &#8211; GOTEK X POD SYSTEM"},"content":{"rendered":"<h2>ASPIRE &#8211; GOTEK X POD SYSTEM<\/h2>\n<p>El kit de vapeo Aspire Gotek X es un dispositivo compacto tipo c\u00e1psula perfecto para vapear sobre la marcha. Tiene una bater\u00eda incorporada de 650mAh y un rango de salida de baja potencia de 10-13W, lo que lo hace adecuado tanto para estilos de vapeo MTL como RDTL. El kit incorpora el chipset ASP de Aspire, que proporciona m\u00faltiples funciones de protecci\u00f3n, como protecci\u00f3n contra sobrecargas y cortocircuitos. Tambi\u00e9n tiene tecnolog\u00eda de activaci\u00f3n de inhalaci\u00f3n, por lo que puede simplemente soplar en la boquilla para producir una cantidad discreta de vapor que se siente similar a un cigarrillo. El kit incluye un soporte de cord\u00f3n para facilitar el acceso cuando est\u00e1s fuera de casa. El kit Gotek X viene con vainas recargables de 2 ml, lo que le da la flexibilidad de probar una variedad de sabores y potencias de nicotina. Las c\u00e1psulas pueden rellenarse f\u00e1cilmente mediante un tap\u00f3n lateral, y el flujo de aire ajustable permite elegir entre una extracci\u00f3n m\u00e1s o menos apretada. La bobina incorporada tiene una resistencia de 0,8 ohmios y funciona mejor con e-l\u00edquidos que tienen una concentraci\u00f3n de PG del 50% o superior.<\/p>\n<p><a href=\"https:\/\/justvape.nu\/wp-content\/uploads\/2018\/05\/Color-Schemes.png\"><img loading=\"lazy\" decoding=\"async\" class=\"alignnone size-full wp-image-19187\" src=\"https:\/\/justvape.nu\/wp-content\/uploads\/2018\/05\/Color-Schemes.png\" alt=\"\" width=\"950\" height=\"64\" title=\"\" srcset=\"https:\/\/justvape.nu\/wp-content\/uploads\/2018\/05\/Color-Schemes.png 950w, https:\/\/justvape.nu\/wp-content\/uploads\/2018\/05\/Color-Schemes-555x37.png 555w, https:\/\/justvape.nu\/wp-content\/uploads\/2018\/05\/Color-Schemes-64x4.png 64w, https:\/\/justvape.nu\/wp-content\/uploads\/2018\/05\/Color-Schemes-300x20.png 300w, https:\/\/justvape.nu\/wp-content\/uploads\/2018\/05\/Color-Schemes-768x52.png 768w\" sizes=\"auto, (max-width: 950px) 100vw, 950px\" \/><\/a><\/p>\n<p class=\"description-img-center\"><a href=\"https:\/\/justvape.nu\/wp-content\/uploads\/2023\/02\/Aspire_GoTek_X_Pod_Kit_Colors.jpg\"><img loading=\"lazy\" decoding=\"async\" class=\"alignnone wp-image-571050\" src=\"https:\/\/justvape.nu\/wp-content\/uploads\/2023\/02\/Aspire_GoTek_X_Pod_Kit_Colors.jpg\" alt=\"\" width=\"900\" height=\"872\" title=\"\" srcset=\"https:\/\/justvape.nu\/wp-content\/uploads\/2023\/02\/Aspire_GoTek_X_Pod_Kit_Colors.jpg 700w, https:\/\/justvape.nu\/wp-content\/uploads\/2023\/02\/Aspire_GoTek_X_Pod_Kit_Colors-600x581.jpg 600w, https:\/\/justvape.nu\/wp-content\/uploads\/2023\/02\/Aspire_GoTek_X_Pod_Kit_Colors-64x62.jpg 64w, https:\/\/justvape.nu\/wp-content\/uploads\/2023\/02\/Aspire_GoTek_X_Pod_Kit_Colors-300x291.jpg 300w\" sizes=\"auto, (max-width: 900px) 100vw, 900px\" \/><\/a><\/p>\n<div class=\"shop-features \">\n<h2 class=\"shop-features-title \"><a href=\"https:\/\/justvape.nu\/wp-content\/uploads\/2018\/05\/Specifications.png\"><img loading=\"lazy\" decoding=\"async\" class=\"alignnone size-full wp-image-248449\" src=\"https:\/\/justvape.nu\/wp-content\/uploads\/2018\/05\/Specifications.png\" alt=\"\" width=\"950\" height=\"64\" title=\"\" srcset=\"https:\/\/justvape.nu\/wp-content\/uploads\/2018\/05\/Specifications.png 950w, https:\/\/justvape.nu\/wp-content\/uploads\/2018\/05\/Specifications-600x40.png 600w, https:\/\/justvape.nu\/wp-content\/uploads\/2018\/05\/Specifications-64x4.png 64w, https:\/\/justvape.nu\/wp-content\/uploads\/2018\/05\/Specifications-300x20.png 300w, https:\/\/justvape.nu\/wp-content\/uploads\/2018\/05\/Specifications-768x52.png 768w\" sizes=\"auto, (max-width: 950px) 100vw, 950px\" \/><\/a><\/h2>\n<\/div>\n<p><strong class=\"description-little-title\">Par\u00e1metros Aspire GoTek X:<\/strong><\/p>\n<table class=\"description-table\">\n<tbody>\n<tr>\n<td class=\"strong-title \">Marca<\/td>\n<td class=\"inline\">Aspire<\/td>\n<\/tr>\n<tr>\n<td class=\"strong-title \">Nombre del producto<\/td>\n<td class=\"inline\">Kit GoTek X<\/td>\n<\/tr>\n<tr>\n<td class=\"strong-title \">Tama\u00f1o<\/td>\n<td class=\"inline\">81,5*47,6*19,8 mm<\/td>\n<\/tr>\n<tr>\n<td class=\"strong-title \">Capacidad de la bater\u00eda<\/td>\n<td class=\"inline\">650 mAh integrados<\/td>\n<\/tr>\n<tr>\n<td class=\"strong-title \">Puerto de carga<\/td>\n<td class=\"inline\">Tipo-C<\/td>\n<\/tr>\n<tr>\n<td class=\"strong-title \">Tipo de vaina<\/td>\n<td class=\"inline\">Rellenable<\/td>\n<\/tr>\n<tr>\n<td class=\"strong-title \">Capacidad de la c\u00e1psula<\/td>\n<td class=\"inline\">2 ml (c\u00e1psula recargable)<\/td>\n<\/tr>\n<tr>\n<td class=\"strong-title \">Flujo de aire<\/td>\n<td class=\"inline\">Flujo de aire inferior ajustable<\/td>\n<\/tr>\n<tr>\n<td class=\"strong-title \">Tipo de relleno<\/td>\n<td class=\"inline\">F\u00e1cil llenado lateral (c\u00e1psula rellenable)<\/td>\n<\/tr>\n<tr>\n<td class=\"strong-title \">Bobina<\/td>\n<td class=\"inline\">Bobina de malla de 0,8ohm no sustituible<\/td>\n<\/tr>\n<tr>\n<td class=\"strong-title \">Color<\/td>\n<td class=\"inline\">Negro transl\u00facido, \u00c1mbar transl\u00facido, Azul real transl\u00facido, Transparente, Rosa transl\u00facido<\/td>\n<\/tr>\n<\/tbody>\n<\/table>\n<div class=\"shop-features \">\n<h2 class=\"shop-features-title \"><a href=\"https:\/\/justvape.nu\/wp-content\/uploads\/2018\/05\/Features.png\"><img loading=\"lazy\" decoding=\"async\" class=\"alignnone size-full wp-image-248459\" src=\"https:\/\/justvape.nu\/wp-content\/uploads\/2018\/05\/Features.png\" alt=\"\" width=\"950\" height=\"64\" title=\"\" srcset=\"https:\/\/justvape.nu\/wp-content\/uploads\/2018\/05\/Features.png 950w, https:\/\/justvape.nu\/wp-content\/uploads\/2018\/05\/Features-600x40.png 600w, https:\/\/justvape.nu\/wp-content\/uploads\/2018\/05\/Features-64x4.png 64w, https:\/\/justvape.nu\/wp-content\/uploads\/2018\/05\/Features-300x20.png 300w, https:\/\/justvape.nu\/wp-content\/uploads\/2018\/05\/Features-768x52.png 768w\" sizes=\"auto, (max-width: 950px) 100vw, 950px\" \/><\/a><\/h2>\n<\/div>\n<ul>\n<li style=\"list-style-type: none;\">\n<ul>\n<li>1. Ajuste preciso del flujo de aire<\/li>\n<li>2. Cuerpo transl\u00facido<\/li>\n<li>3. Gran capacidad de e-l\u00edquido de 2ml<\/li>\n<li>4. F\u00e1cil llenado lateral para la c\u00e1psula rellenable Gotek<\/li>\n<li>5. Bater\u00eda de 650 mAh de capacidad<\/li>\n<li>6. Sistema activado por sorteo<\/li>\n<li>7. Puerto de carga Tipo-C<\/li>\n<li>8. Soporte para cord\u00f3n<\/li>\n<li>9. Conexi\u00f3n de la vaina magn\u00e9tica<\/li>\n<li>10. Protecciones de seguridad: Vaping Protecci\u00f3n contra sobretiempo\/cortocircuito\/sobrecalentamiento\/bajo voltaje\/sobrecarga\/sobredescarga.<\/li>\n<\/ul>\n<\/li>\n<\/ul>\n<div class=\"img-show-more\">\n<div id=\"img_content_less\" class=\"img-content add-more\">\n<p class=\"description-img-center\"><a href=\"https:\/\/justvape.nu\/wp-content\/uploads\/2023\/02\/Aspire_GoTek_X_Kit_650mAh_battery.jpg\"><img loading=\"lazy\" decoding=\"async\" class=\"alignnone size-full wp-image-571059\" src=\"https:\/\/justvape.nu\/wp-content\/uploads\/2023\/02\/Aspire_GoTek_X_Kit_650mAh_battery.jpg\" alt=\"\" width=\"831\" height=\"430\" title=\"\" srcset=\"https:\/\/justvape.nu\/wp-content\/uploads\/2023\/02\/Aspire_GoTek_X_Kit_650mAh_battery.jpg 831w, https:\/\/justvape.nu\/wp-content\/uploads\/2023\/02\/Aspire_GoTek_X_Kit_650mAh_battery-600x310.jpg 600w, https:\/\/justvape.nu\/wp-content\/uploads\/2023\/02\/Aspire_GoTek_X_Kit_650mAh_battery-64x33.jpg 64w, https:\/\/justvape.nu\/wp-content\/uploads\/2023\/02\/Aspire_GoTek_X_Kit_650mAh_battery-300x155.jpg 300w, https:\/\/justvape.nu\/wp-content\/uploads\/2023\/02\/Aspire_GoTek_X_Kit_650mAh_battery-768x397.jpg 768w\" sizes=\"auto, (max-width: 831px) 100vw, 831px\" \/><\/a> <a href=\"https:\/\/justvape.nu\/wp-content\/uploads\/2023\/02\/Aspire_GoTek_X_Kit_Airflow_Adjustment.jpg\"><img loading=\"lazy\" decoding=\"async\" class=\"alignnone size-full wp-image-571068\" src=\"https:\/\/justvape.nu\/wp-content\/uploads\/2023\/02\/Aspire_GoTek_X_Kit_Airflow_Adjustment.jpg\" alt=\"\" width=\"831\" height=\"346\" title=\"\" srcset=\"https:\/\/justvape.nu\/wp-content\/uploads\/2023\/02\/Aspire_GoTek_X_Kit_Airflow_Adjustment.jpg 831w, https:\/\/justvape.nu\/wp-content\/uploads\/2023\/02\/Aspire_GoTek_X_Kit_Airflow_Adjustment-600x250.jpg 600w, https:\/\/justvape.nu\/wp-content\/uploads\/2023\/02\/Aspire_GoTek_X_Kit_Airflow_Adjustment-64x27.jpg 64w, https:\/\/justvape.nu\/wp-content\/uploads\/2023\/02\/Aspire_GoTek_X_Kit_Airflow_Adjustment-300x125.jpg 300w, https:\/\/justvape.nu\/wp-content\/uploads\/2023\/02\/Aspire_GoTek_X_Kit_Airflow_Adjustment-768x320.jpg 768w\" sizes=\"auto, (max-width: 831px) 100vw, 831px\" \/><\/a> <a href=\"https:\/\/justvape.nu\/wp-content\/uploads\/2023\/02\/Aspire_GoTek_X_Kit_Colors_Available.jpg\"><img loading=\"lazy\" decoding=\"async\" class=\"alignnone size-full wp-image-571077\" src=\"https:\/\/justvape.nu\/wp-content\/uploads\/2023\/02\/Aspire_GoTek_X_Kit_Colors_Available.jpg\" alt=\"\" width=\"831\" height=\"421\" title=\"\" srcset=\"https:\/\/justvape.nu\/wp-content\/uploads\/2023\/02\/Aspire_GoTek_X_Kit_Colors_Available.jpg 831w, https:\/\/justvape.nu\/wp-content\/uploads\/2023\/02\/Aspire_GoTek_X_Kit_Colors_Available-600x304.jpg 600w, https:\/\/justvape.nu\/wp-content\/uploads\/2023\/02\/Aspire_GoTek_X_Kit_Colors_Available-64x32.jpg 64w, https:\/\/justvape.nu\/wp-content\/uploads\/2023\/02\/Aspire_GoTek_X_Kit_Colors_Available-300x152.jpg 300w, https:\/\/justvape.nu\/wp-content\/uploads\/2023\/02\/Aspire_GoTek_X_Kit_Colors_Available-768x389.jpg 768w\" sizes=\"auto, (max-width: 831px) 100vw, 831px\" \/><\/a><\/p>\n<\/div>\n<\/div>\n<div class=\"shop-features \">\n<h2 class=\"shop-features-title \"><a href=\"https:\/\/justvape.nu\/wp-content\/uploads\/2018\/05\/Packing-List.png\"><img loading=\"lazy\" decoding=\"async\" class=\"alignnone size-full wp-image-248468\" src=\"https:\/\/justvape.nu\/wp-content\/uploads\/2018\/05\/Packing-List.png\" alt=\"\" width=\"950\" height=\"64\" title=\"\" srcset=\"https:\/\/justvape.nu\/wp-content\/uploads\/2018\/05\/Packing-List.png 950w, https:\/\/justvape.nu\/wp-content\/uploads\/2018\/05\/Packing-List-600x40.png 600w, https:\/\/justvape.nu\/wp-content\/uploads\/2018\/05\/Packing-List-64x4.png 64w, https:\/\/justvape.nu\/wp-content\/uploads\/2018\/05\/Packing-List-300x20.png 300w, https:\/\/justvape.nu\/wp-content\/uploads\/2018\/05\/Packing-List-768x52.png 768w\" sizes=\"auto, (max-width: 950px) 100vw, 950px\" \/><\/a><\/h2>\n<\/div>\n<p><strong class=\"description-little-title \">El paquete de Aspire GoTek X Pod Kit viene con:<\/strong><\/p>\n<p>1* Dispositivo Gotek X<br \/>\n1* Gotek Pod 0.8ohm (4.5ml, recargable)<br \/>\n1* Cable tipo C<br \/>\n1 * manual de usuario<\/p>\n","protected":false},"excerpt":{"rendered":"<p>ASPIRE &#8211; GOTEK X POD SYSTEM<\/p>\n","protected":false},"featured_media":571100,"comment_status":"open","ping_status":"closed","template":"","meta":{"_acf_changed":false,"_uag_custom_page_level_css":"","site-sidebar-layout":"default","site-content-layout":"default","ast-site-content-layout":"default","site-content-style":"default","site-sidebar-style":"default","ast-global-header-display":"","ast-banner-title-visibility":"","ast-main-header-display":"","ast-hfb-above-header-display":"","ast-hfb-below-header-display":"","ast-hfb-mobile-header-display":"","site-post-title":"","ast-breadcrumbs-content":"","ast-featured-img":"","footer-sml-layout":"","ast-disable-related-posts":"","theme-transparent-header-meta":"default","adv-header-id-meta":"","stick-header-meta":"default","header-above-stick-meta":"","header-main-stick-meta":"","header-below-stick-meta":"","astra-migrate-meta-layouts":"default","ast-page-background-enabled":"default","ast-page-background-meta":{"desktop":{"background-color":"","background-image":"","background-repeat":"repeat","background-position":"center center","background-size":"auto","background-attachment":"scroll","background-type":"","background-media":"","overlay-type":"","overlay-color":"","overlay-opacity":"","overlay-gradient":""},"tablet":{"background-color":"","background-image":"","background-repeat":"repeat","background-position":"center center","background-size":"auto","background-attachment":"scroll","background-type":"","background-media":"","overlay-type":"","overlay-color":"","overlay-opacity":"","overlay-gradient":""},"mobile":{"background-color":"","background-image":"","background-repeat":"repeat","background-position":"center center","background-size":"auto","background-attachment":"scroll","background-type":"","background-media":"","overlay-type":"","overlay-color":"","overlay-opacity":"","overlay-gradient":""}},"ast-content-background-meta":{"desktop":{"background-color":"var(--ast-global-color-5)","background-image":"","background-repeat":"repeat","background-position":"center center","background-size":"auto","background-attachment":"scroll","background-type":"","background-media":"","overlay-type":"","overlay-color":"","overlay-opacity":"","overlay-gradient":""},"tablet":{"background-color":"var(--ast-global-color-5)","background-image":"","background-repeat":"repeat","background-position":"center center","background-size":"auto","background-attachment":"scroll","background-type":"","background-media":"","overlay-type":"","overlay-color":"","overlay-opacity":"","overlay-gradient":""},"mobile":{"background-color":"var(--ast-global-color-5)","background-image":"","background-repeat":"repeat","background-position":"center center","background-size":"auto","background-attachment":"scroll","background-type":"","background-media":"","overlay-type":"","overlay-color":"","overlay-opacity":"","overlay-gradient":""}}},"product_brand":[],"product_cat":[3194,2073,2529,2083,2530],"product_tag":[],"class_list":{"0":"post-571159","1":"product","2":"type-product","3":"status-publish","4":"has-post-thumbnail","6":"product_cat-aspirar","7":"product_cat-cigarrillos-electronicos","8":"product_cat-hardware-es","9":"product_cat-kits-para-principiantes-y-pods","10":"product_cat-shop-by-brand-es","11":"desktop-align-center","12":"tablet-align-center","13":"mobile-align-center","14":"ast-product-gallery-layout-horizontal-slider","15":"ast-product-single-variable","16":"ast-product-tabs-layout-horizontal","18":"first","19":"instock","20":"sale","21":"taxable","22":"shipping-taxable","23":"purchasable","24":"product-type-variable"},"acf":[],"uagb_featured_image_src":{"full":["https:\/\/justvape.nu\/wp-content\/uploads\/2023\/02\/GoTek-X-Pod-Kits-cover.webp",512,512,false],"thumbnail":["https:\/\/justvape.nu\/wp-content\/uploads\/2023\/02\/GoTek-X-Pod-Kits-cover-150x150.webp",150,150,true],"medium":["https:\/\/justvape.nu\/wp-content\/uploads\/2023\/02\/GoTek-X-Pod-Kits-cover-300x300.webp",300,300,true],"medium_large":["https:\/\/justvape.nu\/wp-content\/uploads\/2023\/02\/GoTek-X-Pod-Kits-cover.webp",512,512,false],"large":["https:\/\/justvape.nu\/wp-content\/uploads\/2023\/02\/GoTek-X-Pod-Kits-cover.webp",512,512,false],"1536x1536":["https:\/\/justvape.nu\/wp-content\/uploads\/2023\/02\/GoTek-X-Pod-Kits-cover.webp",512,512,false],"2048x2048":["https:\/\/justvape.nu\/wp-content\/uploads\/2023\/02\/GoTek-X-Pod-Kits-cover.webp",512,512,false],"woocommerce_thumbnail":["https:\/\/justvape.nu\/wp-content\/uploads\/2023\/02\/GoTek-X-Pod-Kits-cover-300x300.webp",300,300,true],"woocommerce_single":["https:\/\/justvape.nu\/wp-content\/uploads\/2023\/02\/GoTek-X-Pod-Kits-cover.webp",512,512,false],"woocommerce_gallery_thumbnail":["https:\/\/justvape.nu\/wp-content\/uploads\/2023\/02\/GoTek-X-Pod-Kits-cover-100x100.webp",100,100,true],"dgwt-wcas-product-suggestion":["https:\/\/justvape.nu\/wp-content\/uploads\/2023\/02\/GoTek-X-Pod-Kits-cover-64x64.webp",64,64,true]},"uagb_author_info":{"display_name":"Kenneth Merkur","author_link":"https:\/\/justvape.nu\/es\/author\/"},"uagb_comment_info":0,"uagb_excerpt":"ASPIRE - GOTEK X POD SYSTEM","_links":{"self":[{"href":"https:\/\/justvape.nu\/es\/wp-json\/wp\/v2\/product\/571159","targetHints":{"allow":["GET"]}}],"collection":[{"href":"https:\/\/justvape.nu\/es\/wp-json\/wp\/v2\/product"}],"about":[{"href":"https:\/\/justvape.nu\/es\/wp-json\/wp\/v2\/types\/product"}],"replies":[{"embeddable":true,"href":"https:\/\/justvape.nu\/es\/wp-json\/wp\/v2\/comments?post=571159"}],"wp:featuredmedia":[{"embeddable":true,"href":"https:\/\/justvape.nu\/es\/wp-json\/wp\/v2\/media\/571100"}],"wp:attachment":[{"href":"https:\/\/justvape.nu\/es\/wp-json\/wp\/v2\/media?parent=571159"}],"wp:term":[{"taxonomy":"product_brand","embeddable":true,"href":"https:\/\/justvape.nu\/es\/wp-json\/wp\/v2\/product_brand?post=571159"},{"taxonomy":"product_cat","embeddable":true,"href":"https:\/\/justvape.nu\/es\/wp-json\/wp\/v2\/product_cat?post=571159"},{"taxonomy":"product_tag","embeddable":true,"href":"https:\/\/justvape.nu\/es\/wp-json\/wp\/v2\/product_tag?post=571159"}],"curies":[{"name":"wp","href":"https:\/\/api.w.org\/{rel}","templated":true}]}}