{"id":564189,"date":"2023-01-17T21:59:59","date_gmt":"2023-01-17T20:59:59","guid":{"rendered":"https:\/\/justvape.nu\/produkt\/voopoo-drag-4-mod\/"},"modified":"2023-01-17T21:59:59","modified_gmt":"2023-01-17T20:59:59","slug":"voopoo-drag-4-mod","status":"publish","type":"product","link":"https:\/\/justvape.nu\/es\/produkt\/voopoo-drag-4-mod\/","title":{"rendered":"VOOPOO &#8211; DRAG 4 MOD"},"content":{"rendered":"<h2>VOOPOO &#8211; DRAG 4 MOD<\/h2>\n<p>Echa un vistazo al nuevo Voopoo Drag 4 Box Mod, alimentado por dos bater\u00edas externas 18650 con 177W m\u00e1x. Con el modo ECO y la carga r\u00e1pida Type-C de 5V\/3A, ofrece menos tiempo de carga y m\u00e1s disfrute vaping. Utilizando el nuevo modo TC, puede adaptarse a los 4 materiales de calentamiento como Ni200, Ti, SS316, SS430 con mayor eficacia y satisface la necesidad espec\u00edfica de los usuarios de bricolaje. El interruptor multifunci\u00f3n facilita la definici\u00f3n de las funciones de la cerradura QS, como la potencia de la cerradura, el dispositivo de bloqueo y el apagado. El nuevo dise\u00f1o de la interfaz de usuario te permite definir tu estilo con 4 colores opcionales. Adem\u00e1s, tambi\u00e9n cuenta con una tapa de bater\u00eda magn\u00e9tica reemplazable y duradera.<\/p>\n<p><a href=\"https:\/\/justvape.nu\/wp-content\/uploads\/2018\/05\/Color-Schemes.png\"><img loading=\"lazy\" decoding=\"async\" class=\"alignnone size-full wp-image-19187\" src=\"https:\/\/justvape.nu\/wp-content\/uploads\/2018\/05\/Color-Schemes.png\" alt=\"\" width=\"950\" height=\"64\" title=\"\" srcset=\"https:\/\/justvape.nu\/wp-content\/uploads\/2018\/05\/Color-Schemes.png 950w, https:\/\/justvape.nu\/wp-content\/uploads\/2018\/05\/Color-Schemes-555x37.png 555w, https:\/\/justvape.nu\/wp-content\/uploads\/2018\/05\/Color-Schemes-64x4.png 64w, https:\/\/justvape.nu\/wp-content\/uploads\/2018\/05\/Color-Schemes-300x20.png 300w, https:\/\/justvape.nu\/wp-content\/uploads\/2018\/05\/Color-Schemes-768x52.png 768w\" sizes=\"auto, (max-width: 950px) 100vw, 950px\" \/><\/a><\/p>\n<p class=\"description-img-center\"><a href=\"https:\/\/justvape.nu\/wp-content\/uploads\/2023\/01\/VOOPOO_Drag_4_Mod_Full_Color.jpg\"><img loading=\"lazy\" decoding=\"async\" class=\"alignnone wp-image-563705\" src=\"https:\/\/justvape.nu\/wp-content\/uploads\/2023\/01\/VOOPOO_Drag_4_Mod_Full_Color.jpg\" alt=\"\" width=\"933\" height=\"312\" title=\"\" srcset=\"https:\/\/justvape.nu\/wp-content\/uploads\/2023\/01\/VOOPOO_Drag_4_Mod_Full_Color.jpg 742w, https:\/\/justvape.nu\/wp-content\/uploads\/2023\/01\/VOOPOO_Drag_4_Mod_Full_Color-600x201.jpg 600w, https:\/\/justvape.nu\/wp-content\/uploads\/2023\/01\/VOOPOO_Drag_4_Mod_Full_Color-64x21.jpg 64w, https:\/\/justvape.nu\/wp-content\/uploads\/2023\/01\/VOOPOO_Drag_4_Mod_Full_Color-300x100.jpg 300w\" sizes=\"auto, (max-width: 933px) 100vw, 933px\" \/><\/a><\/p>\n<div class=\"shop-features \">\n<h2 class=\"shop-features-title \"><a href=\"https:\/\/justvape.nu\/wp-content\/uploads\/2018\/05\/Specifications.png\"><img loading=\"lazy\" decoding=\"async\" class=\"alignnone size-full wp-image-248449\" src=\"https:\/\/justvape.nu\/wp-content\/uploads\/2018\/05\/Specifications.png\" alt=\"\" width=\"950\" height=\"64\" title=\"\" srcset=\"https:\/\/justvape.nu\/wp-content\/uploads\/2018\/05\/Specifications.png 950w, https:\/\/justvape.nu\/wp-content\/uploads\/2018\/05\/Specifications-600x40.png 600w, https:\/\/justvape.nu\/wp-content\/uploads\/2018\/05\/Specifications-64x4.png 64w, https:\/\/justvape.nu\/wp-content\/uploads\/2018\/05\/Specifications-300x20.png 300w, https:\/\/justvape.nu\/wp-content\/uploads\/2018\/05\/Specifications-768x52.png 768w\" sizes=\"auto, (max-width: 950px) 100vw, 950px\" \/><\/a><\/h2>\n<\/div>\n<p><strong class=\"description-little-title\">VOOPOO Drag 4 Mod Par\u00e1metros:<\/strong><\/p>\n<table class=\"description-table\">\n<tbody>\n<tr>\n<td class=\"strong-title \">Marca<\/td>\n<td class=\"inline\">VOOPOO<\/td>\n<\/tr>\n<tr>\n<td class=\"strong-title \">Nombre del producto<\/td>\n<td class=\"inline\">Arrastre 4 Mod<\/td>\n<\/tr>\n<tr>\n<td class=\"strong-title \">Bater\u00eda<\/td>\n<td class=\"inline\">Dos pilas externas 18650 (no incluidas)<\/td>\n<\/tr>\n<tr>\n<td class=\"strong-title \">Cargando<\/td>\n<td class=\"inline\">Carga r\u00e1pida Tipo-C de 5 V\/3 A<\/td>\n<\/tr>\n<tr>\n<td class=\"strong-title \">Rango de potencia<\/td>\n<td class=\"inline\">5-177W<\/td>\n<\/tr>\n<tr>\n<td class=\"strong-title \">Tensi\u00f3n de salida<\/td>\n<td class=\"inline\">3.2-8.4V<\/td>\n<\/tr>\n<tr>\n<td class=\"strong-title \">Rango de resistencia<\/td>\n<td class=\"inline\">0.5-3.0\u03a9<\/td>\n<\/tr>\n<tr>\n<td class=\"strong-title \">Tama\u00f1o del producto<\/td>\n<td class=\"inline\">52,4*25,4*89 mm<\/td>\n<\/tr>\n<tr>\n<td class=\"strong-title \">Tama\u00f1o del embalaje<\/td>\n<td class=\"inline\">121.5mm*131.9mm*52.5mm<\/td>\n<\/tr>\n<tr>\n<td class=\"strong-title \"><\/td>\n<td class=\"inline\"><\/td>\n<\/tr>\n<tr>\n<td class=\"strong-title \">Color<\/td>\n<td class=\"inline\">Serie de maderas (est\u00e1ndar): Negro+nuez, Oro p\u00e1lido+nuez, Bronce+palisandro<br \/>\nSerie de resina (est\u00e1ndar): Gunmetal+Naranja tropical, Gunmetal+Azul oc\u00e9ano, Gunmetal+Verde bosque<\/td>\n<\/tr>\n<\/tbody>\n<\/table>\n<div class=\"shop-features \">\n<h2 class=\"shop-features-title \"><a href=\"https:\/\/justvape.nu\/wp-content\/uploads\/2018\/05\/Features.png\"><img loading=\"lazy\" decoding=\"async\" class=\"alignnone size-full wp-image-248458\" src=\"https:\/\/justvape.nu\/wp-content\/uploads\/2018\/05\/Features.png\" alt=\"\" width=\"950\" height=\"64\" title=\"\" srcset=\"https:\/\/justvape.nu\/wp-content\/uploads\/2018\/05\/Features.png 950w, https:\/\/justvape.nu\/wp-content\/uploads\/2018\/05\/Features-600x40.png 600w, https:\/\/justvape.nu\/wp-content\/uploads\/2018\/05\/Features-64x4.png 64w, https:\/\/justvape.nu\/wp-content\/uploads\/2018\/05\/Features-300x20.png 300w, https:\/\/justvape.nu\/wp-content\/uploads\/2018\/05\/Features-768x52.png 768w\" sizes=\"auto, (max-width: 950px) 100vw, 950px\" \/><\/a><\/h2>\n<\/div>\n<p><strong class=\"description-little-title\">VOOPOO Drag 4 Detalles:<\/strong><\/p>\n<ul>\n<li style=\"list-style-type: none;\">\n<ul>\n<li>1. Bater\u00edas duales 18650 con 177W m\u00e1x.<\/li>\n<li>2. Modo ECO y carga 5V\/3A Tipo-C<\/li>\n<li>3. Nuevo modo TC para adaptarse mejor al cable calefactor<\/li>\n<li>4. Interruptor multifunci\u00f3n para definir el bloqueo QS<\/li>\n<li>5. Nuevo dise\u00f1o de interfaz de usuario DIY para definir tu estilo.<\/li>\n<li>6. Cubierta magn\u00e9tica de la pila reemplazable y duradera<\/li>\n<li>7. Apto para UFORCE-L Tank\/todas las bobinas PnP<\/li>\n<\/ul>\n<\/li>\n<\/ul>\n<p><a href=\"https:\/\/justvape.nu\/wp-content\/uploads\/2023\/01\/VOOPOO_Drag_4_Kit.jpg\"><img loading=\"lazy\" decoding=\"async\" class=\"alignnone size-full wp-image-563714\" src=\"https:\/\/justvape.nu\/wp-content\/uploads\/2023\/01\/VOOPOO_Drag_4_Kit.jpg\" alt=\"\" width=\"831\" height=\"522\" title=\"\" srcset=\"https:\/\/justvape.nu\/wp-content\/uploads\/2023\/01\/VOOPOO_Drag_4_Kit.jpg 831w, https:\/\/justvape.nu\/wp-content\/uploads\/2023\/01\/VOOPOO_Drag_4_Kit-600x377.jpg 600w, https:\/\/justvape.nu\/wp-content\/uploads\/2023\/01\/VOOPOO_Drag_4_Kit-64x40.jpg 64w, https:\/\/justvape.nu\/wp-content\/uploads\/2023\/01\/VOOPOO_Drag_4_Kit-300x188.jpg 300w, https:\/\/justvape.nu\/wp-content\/uploads\/2023\/01\/VOOPOO_Drag_4_Kit-768x482.jpg 768w\" sizes=\"auto, (max-width: 831px) 100vw, 831px\" \/><\/a> <a href=\"https:\/\/justvape.nu\/wp-content\/uploads\/2023\/01\/VOOPOO_Drag_4_Kit_Chip.jpg\"><img loading=\"lazy\" decoding=\"async\" class=\"alignnone size-full wp-image-563732\" src=\"https:\/\/justvape.nu\/wp-content\/uploads\/2023\/01\/VOOPOO_Drag_4_Kit_Chip.jpg\" alt=\"\" width=\"831\" height=\"464\" title=\"\" srcset=\"https:\/\/justvape.nu\/wp-content\/uploads\/2023\/01\/VOOPOO_Drag_4_Kit_Chip.jpg 831w, https:\/\/justvape.nu\/wp-content\/uploads\/2023\/01\/VOOPOO_Drag_4_Kit_Chip-600x335.jpg 600w, https:\/\/justvape.nu\/wp-content\/uploads\/2023\/01\/VOOPOO_Drag_4_Kit_Chip-64x36.jpg 64w, https:\/\/justvape.nu\/wp-content\/uploads\/2023\/01\/VOOPOO_Drag_4_Kit_Chip-300x168.jpg 300w, https:\/\/justvape.nu\/wp-content\/uploads\/2023\/01\/VOOPOO_Drag_4_Kit_Chip-768x429.jpg 768w\" sizes=\"auto, (max-width: 831px) 100vw, 831px\" \/><\/a> <a href=\"https:\/\/justvape.nu\/wp-content\/uploads\/2023\/01\/VOOPOO_Drag_4_Kit_Description.jpg\"><img loading=\"lazy\" decoding=\"async\" class=\"alignnone size-full wp-image-563741\" src=\"https:\/\/justvape.nu\/wp-content\/uploads\/2023\/01\/VOOPOO_Drag_4_Kit_Description.jpg\" alt=\"\" width=\"831\" height=\"354\" title=\"\" srcset=\"https:\/\/justvape.nu\/wp-content\/uploads\/2023\/01\/VOOPOO_Drag_4_Kit_Description.jpg 831w, https:\/\/justvape.nu\/wp-content\/uploads\/2023\/01\/VOOPOO_Drag_4_Kit_Description-600x256.jpg 600w, https:\/\/justvape.nu\/wp-content\/uploads\/2023\/01\/VOOPOO_Drag_4_Kit_Description-64x27.jpg 64w, https:\/\/justvape.nu\/wp-content\/uploads\/2023\/01\/VOOPOO_Drag_4_Kit_Description-300x128.jpg 300w, https:\/\/justvape.nu\/wp-content\/uploads\/2023\/01\/VOOPOO_Drag_4_Kit_Description-768x327.jpg 768w\" sizes=\"auto, (max-width: 831px) 100vw, 831px\" \/><\/a> <a href=\"https:\/\/justvape.nu\/wp-content\/uploads\/2023\/01\/VOOPOO_Drag_4_Kit_ECO_Mode.jpg\"><img loading=\"lazy\" decoding=\"async\" class=\"alignnone size-full wp-image-563750\" src=\"https:\/\/justvape.nu\/wp-content\/uploads\/2023\/01\/VOOPOO_Drag_4_Kit_ECO_Mode.jpg\" alt=\"\" width=\"831\" height=\"658\" title=\"\" srcset=\"https:\/\/justvape.nu\/wp-content\/uploads\/2023\/01\/VOOPOO_Drag_4_Kit_ECO_Mode.jpg 831w, https:\/\/justvape.nu\/wp-content\/uploads\/2023\/01\/VOOPOO_Drag_4_Kit_ECO_Mode-600x475.jpg 600w, https:\/\/justvape.nu\/wp-content\/uploads\/2023\/01\/VOOPOO_Drag_4_Kit_ECO_Mode-64x51.jpg 64w, https:\/\/justvape.nu\/wp-content\/uploads\/2023\/01\/VOOPOO_Drag_4_Kit_ECO_Mode-300x238.jpg 300w, https:\/\/justvape.nu\/wp-content\/uploads\/2023\/01\/VOOPOO_Drag_4_Kit_ECO_Mode-768x608.jpg 768w\" sizes=\"auto, (max-width: 831px) 100vw, 831px\" \/><\/a> <a href=\"https:\/\/justvape.nu\/wp-content\/uploads\/2023\/01\/VOOPOO_Drag_4_Kit_Fast_Charging.jpg\"><img loading=\"lazy\" decoding=\"async\" class=\"alignnone size-full wp-image-563759\" src=\"https:\/\/justvape.nu\/wp-content\/uploads\/2023\/01\/VOOPOO_Drag_4_Kit_Fast_Charging.jpg\" alt=\"\" width=\"831\" height=\"515\" title=\"\" srcset=\"https:\/\/justvape.nu\/wp-content\/uploads\/2023\/01\/VOOPOO_Drag_4_Kit_Fast_Charging.jpg 831w, https:\/\/justvape.nu\/wp-content\/uploads\/2023\/01\/VOOPOO_Drag_4_Kit_Fast_Charging-600x372.jpg 600w, https:\/\/justvape.nu\/wp-content\/uploads\/2023\/01\/VOOPOO_Drag_4_Kit_Fast_Charging-64x40.jpg 64w, https:\/\/justvape.nu\/wp-content\/uploads\/2023\/01\/VOOPOO_Drag_4_Kit_Fast_Charging-300x186.jpg 300w, https:\/\/justvape.nu\/wp-content\/uploads\/2023\/01\/VOOPOO_Drag_4_Kit_Fast_Charging-768x476.jpg 768w\" sizes=\"auto, (max-width: 831px) 100vw, 831px\" \/><\/a> <a href=\"https:\/\/justvape.nu\/wp-content\/uploads\/2023\/01\/VOOPOO_Drag_4_Kit_Features.jpg\"><img loading=\"lazy\" decoding=\"async\" class=\"alignnone size-full wp-image-563768\" src=\"https:\/\/justvape.nu\/wp-content\/uploads\/2023\/01\/VOOPOO_Drag_4_Kit_Features.jpg\" alt=\"\" width=\"831\" height=\"473\" title=\"\" srcset=\"https:\/\/justvape.nu\/wp-content\/uploads\/2023\/01\/VOOPOO_Drag_4_Kit_Features.jpg 831w, https:\/\/justvape.nu\/wp-content\/uploads\/2023\/01\/VOOPOO_Drag_4_Kit_Features-600x342.jpg 600w, https:\/\/justvape.nu\/wp-content\/uploads\/2023\/01\/VOOPOO_Drag_4_Kit_Features-64x36.jpg 64w, https:\/\/justvape.nu\/wp-content\/uploads\/2023\/01\/VOOPOO_Drag_4_Kit_Features-300x171.jpg 300w, https:\/\/justvape.nu\/wp-content\/uploads\/2023\/01\/VOOPOO_Drag_4_Kit_Features-768x437.jpg 768w\" sizes=\"auto, (max-width: 831px) 100vw, 831px\" \/><\/a> <a href=\"https:\/\/justvape.nu\/wp-content\/uploads\/2023\/01\/VOOPOO_Drag_4_Kit_Multi_Function_Switch.jpg\"><img loading=\"lazy\" decoding=\"async\" class=\"alignnone size-full wp-image-563777\" src=\"https:\/\/justvape.nu\/wp-content\/uploads\/2023\/01\/VOOPOO_Drag_4_Kit_Multi_Function_Switch.jpg\" alt=\"\" width=\"831\" height=\"572\" title=\"\" srcset=\"https:\/\/justvape.nu\/wp-content\/uploads\/2023\/01\/VOOPOO_Drag_4_Kit_Multi_Function_Switch.jpg 831w, https:\/\/justvape.nu\/wp-content\/uploads\/2023\/01\/VOOPOO_Drag_4_Kit_Multi_Function_Switch-600x413.jpg 600w, https:\/\/justvape.nu\/wp-content\/uploads\/2023\/01\/VOOPOO_Drag_4_Kit_Multi_Function_Switch-64x44.jpg 64w, https:\/\/justvape.nu\/wp-content\/uploads\/2023\/01\/VOOPOO_Drag_4_Kit_Multi_Function_Switch-300x206.jpg 300w, https:\/\/justvape.nu\/wp-content\/uploads\/2023\/01\/VOOPOO_Drag_4_Kit_Multi_Function_Switch-768x529.jpg 768w\" sizes=\"auto, (max-width: 831px) 100vw, 831px\" \/><\/a> <a href=\"https:\/\/justvape.nu\/wp-content\/uploads\/2023\/01\/VOOPOO_Drag_4_Kit_New_TC_Mode.jpg\"><img loading=\"lazy\" decoding=\"async\" class=\"alignnone size-full wp-image-563786\" src=\"https:\/\/justvape.nu\/wp-content\/uploads\/2023\/01\/VOOPOO_Drag_4_Kit_New_TC_Mode.jpg\" alt=\"\" width=\"831\" height=\"512\" title=\"\" srcset=\"https:\/\/justvape.nu\/wp-content\/uploads\/2023\/01\/VOOPOO_Drag_4_Kit_New_TC_Mode.jpg 831w, https:\/\/justvape.nu\/wp-content\/uploads\/2023\/01\/VOOPOO_Drag_4_Kit_New_TC_Mode-600x370.jpg 600w, https:\/\/justvape.nu\/wp-content\/uploads\/2023\/01\/VOOPOO_Drag_4_Kit_New_TC_Mode-64x39.jpg 64w, https:\/\/justvape.nu\/wp-content\/uploads\/2023\/01\/VOOPOO_Drag_4_Kit_New_TC_Mode-300x185.jpg 300w, https:\/\/justvape.nu\/wp-content\/uploads\/2023\/01\/VOOPOO_Drag_4_Kit_New_TC_Mode-768x473.jpg 768w\" sizes=\"auto, (max-width: 831px) 100vw, 831px\" \/><\/a> <a href=\"https:\/\/justvape.nu\/wp-content\/uploads\/2023\/01\/VOOPOO_Drag_4_Kit_New_UI_Design.jpg\"><img loading=\"lazy\" decoding=\"async\" class=\"alignnone size-full wp-image-563795\" src=\"https:\/\/justvape.nu\/wp-content\/uploads\/2023\/01\/VOOPOO_Drag_4_Kit_New_UI_Design.jpg\" alt=\"\" width=\"831\" height=\"446\" title=\"\" srcset=\"https:\/\/justvape.nu\/wp-content\/uploads\/2023\/01\/VOOPOO_Drag_4_Kit_New_UI_Design.jpg 831w, https:\/\/justvape.nu\/wp-content\/uploads\/2023\/01\/VOOPOO_Drag_4_Kit_New_UI_Design-600x322.jpg 600w, https:\/\/justvape.nu\/wp-content\/uploads\/2023\/01\/VOOPOO_Drag_4_Kit_New_UI_Design-64x34.jpg 64w, https:\/\/justvape.nu\/wp-content\/uploads\/2023\/01\/VOOPOO_Drag_4_Kit_New_UI_Design-300x161.jpg 300w, https:\/\/justvape.nu\/wp-content\/uploads\/2023\/01\/VOOPOO_Drag_4_Kit_New_UI_Design-768x412.jpg 768w\" sizes=\"auto, (max-width: 831px) 100vw, 831px\" \/><\/a><\/p>\n<p class=\"description-img-center \"><a href=\"https:\/\/justvape.nu\/wp-content\/uploads\/2018\/05\/Packing-List.png\"><img loading=\"lazy\" decoding=\"async\" class=\"alignnone size-full wp-image-18995\" src=\"https:\/\/justvape.nu\/wp-content\/uploads\/2018\/05\/Packing-List.png\" alt=\"\" width=\"950\" height=\"64\" title=\"\" srcset=\"https:\/\/justvape.nu\/wp-content\/uploads\/2018\/05\/Packing-List.png 950w, https:\/\/justvape.nu\/wp-content\/uploads\/2018\/05\/Packing-List-555x37.png 555w, https:\/\/justvape.nu\/wp-content\/uploads\/2018\/05\/Packing-List-64x4.png 64w, https:\/\/justvape.nu\/wp-content\/uploads\/2018\/05\/Packing-List-300x20.png 300w, https:\/\/justvape.nu\/wp-content\/uploads\/2018\/05\/Packing-List-768x52.png 768w\" sizes=\"auto, (max-width: 950px) 100vw, 950px\" \/><\/a><\/p>\n<p><strong class=\"description-little-title \">El paquete de VOOPOO Drag 4 177W Mod viene con:<\/strong><\/p>\n<p>1* Dispositivo VOOPOO Drag 4<br \/>\n1* Cable tipo C<br \/>\n1 * manual de usuario<\/p>\n","protected":false},"excerpt":{"rendered":"<p>VOOPOO &#8211; DRAG 4 MOD<\/p>\n","protected":false},"featured_media":563817,"comment_status":"open","ping_status":"closed","template":"","meta":{"_acf_changed":false,"_uag_custom_page_level_css":"","site-sidebar-layout":"default","site-content-layout":"default","ast-site-content-layout":"default","site-content-style":"default","site-sidebar-style":"default","ast-global-header-display":"","ast-banner-title-visibility":"","ast-main-header-display":"","ast-hfb-above-header-display":"","ast-hfb-below-header-display":"","ast-hfb-mobile-header-display":"","site-post-title":"","ast-breadcrumbs-content":"","ast-featured-img":"","footer-sml-layout":"","ast-disable-related-posts":"","theme-transparent-header-meta":"default","adv-header-id-meta":"","stick-header-meta":"default","header-above-stick-meta":"","header-main-stick-meta":"","header-below-stick-meta":"","astra-migrate-meta-layouts":"default","ast-page-background-enabled":"default","ast-page-background-meta":{"desktop":{"background-color":"","background-image":"","background-repeat":"repeat","background-position":"center center","background-size":"auto","background-attachment":"scroll","background-type":"","background-media":"","overlay-type":"","overlay-color":"","overlay-opacity":"","overlay-gradient":""},"tablet":{"background-color":"","background-image":"","background-repeat":"repeat","background-position":"center center","background-size":"auto","background-attachment":"scroll","background-type":"","background-media":"","overlay-type":"","overlay-color":"","overlay-opacity":"","overlay-gradient":""},"mobile":{"background-color":"","background-image":"","background-repeat":"repeat","background-position":"center center","background-size":"auto","background-attachment":"scroll","background-type":"","background-media":"","overlay-type":"","overlay-color":"","overlay-opacity":"","overlay-gradient":""}},"ast-content-background-meta":{"desktop":{"background-color":"var(--ast-global-color-5)","background-image":"","background-repeat":"repeat","background-position":"center center","background-size":"auto","background-attachment":"scroll","background-type":"","background-media":"","overlay-type":"","overlay-color":"","overlay-opacity":"","overlay-gradient":""},"tablet":{"background-color":"var(--ast-global-color-5)","background-image":"","background-repeat":"repeat","background-position":"center center","background-size":"auto","background-attachment":"scroll","background-type":"","background-media":"","overlay-type":"","overlay-color":"","overlay-opacity":"","overlay-gradient":""},"mobile":{"background-color":"var(--ast-global-color-5)","background-image":"","background-repeat":"repeat","background-position":"center center","background-size":"auto","background-attachment":"scroll","background-type":"","background-media":"","overlay-type":"","overlay-color":"","overlay-opacity":"","overlay-gradient":""}}},"product_brand":[],"product_cat":[2073,2529,2125,2530,2531],"product_tag":[],"class_list":{"0":"post-564189","1":"product","2":"type-product","3":"status-publish","4":"has-post-thumbnail","6":"product_cat-cigarrillos-electronicos","7":"product_cat-hardware-es","8":"product_cat-mods-es","9":"product_cat-shop-by-brand-es","10":"product_cat-voopoo-es","11":"desktop-align-center","12":"tablet-align-center","13":"mobile-align-center","14":"ast-product-gallery-layout-horizontal-slider","15":"ast-product-gallery-with-no-image","16":"ast-product-single-variable","17":"ast-product-tabs-layout-horizontal","19":"first","20":"instock","21":"sale","22":"taxable","23":"shipping-taxable","24":"purchasable","25":"product-type-variable"},"acf":[],"uagb_featured_image_src":{"full":["https:\/\/justvape.nu\/wp-content\/uploads\/2023\/01\/voopoo-drag-4-box-mod-177w.jpg",800,800,false],"thumbnail":["https:\/\/justvape.nu\/wp-content\/uploads\/2023\/01\/voopoo-drag-4-box-mod-177w-150x150.jpg",150,150,true],"medium":["https:\/\/justvape.nu\/wp-content\/uploads\/2023\/01\/voopoo-drag-4-box-mod-177w-300x300.jpg",300,300,true],"medium_large":["https:\/\/justvape.nu\/wp-content\/uploads\/2023\/01\/voopoo-drag-4-box-mod-177w-768x768.jpg",768,768,true],"large":["https:\/\/justvape.nu\/wp-content\/uploads\/2023\/01\/voopoo-drag-4-box-mod-177w.jpg",800,800,false],"1536x1536":["https:\/\/justvape.nu\/wp-content\/uploads\/2023\/01\/voopoo-drag-4-box-mod-177w.jpg",800,800,false],"2048x2048":["https:\/\/justvape.nu\/wp-content\/uploads\/2023\/01\/voopoo-drag-4-box-mod-177w.jpg",800,800,false],"woocommerce_thumbnail":["https:\/\/justvape.nu\/wp-content\/uploads\/2023\/01\/voopoo-drag-4-box-mod-177w-300x300.jpg",300,300,true],"woocommerce_single":["https:\/\/justvape.nu\/wp-content\/uploads\/2023\/01\/voopoo-drag-4-box-mod-177w-600x600.jpg",600,600,true],"woocommerce_gallery_thumbnail":["https:\/\/justvape.nu\/wp-content\/uploads\/2023\/01\/voopoo-drag-4-box-mod-177w-100x100.jpg",100,100,true],"dgwt-wcas-product-suggestion":["https:\/\/justvape.nu\/wp-content\/uploads\/2023\/01\/voopoo-drag-4-box-mod-177w-64x64.jpg",64,64,true]},"uagb_author_info":{"display_name":"Kenneth Merkur","author_link":"https:\/\/justvape.nu\/es\/author\/"},"uagb_comment_info":0,"uagb_excerpt":"VOOPOO - DRAG 4 MOD","_links":{"self":[{"href":"https:\/\/justvape.nu\/es\/wp-json\/wp\/v2\/product\/564189","targetHints":{"allow":["GET"]}}],"collection":[{"href":"https:\/\/justvape.nu\/es\/wp-json\/wp\/v2\/product"}],"about":[{"href":"https:\/\/justvape.nu\/es\/wp-json\/wp\/v2\/types\/product"}],"replies":[{"embeddable":true,"href":"https:\/\/justvape.nu\/es\/wp-json\/wp\/v2\/comments?post=564189"}],"wp:featuredmedia":[{"embeddable":true,"href":"https:\/\/justvape.nu\/es\/wp-json\/wp\/v2\/media\/563817"}],"wp:attachment":[{"href":"https:\/\/justvape.nu\/es\/wp-json\/wp\/v2\/media?parent=564189"}],"wp:term":[{"taxonomy":"product_brand","embeddable":true,"href":"https:\/\/justvape.nu\/es\/wp-json\/wp\/v2\/product_brand?post=564189"},{"taxonomy":"product_cat","embeddable":true,"href":"https:\/\/justvape.nu\/es\/wp-json\/wp\/v2\/product_cat?post=564189"},{"taxonomy":"product_tag","embeddable":true,"href":"https:\/\/justvape.nu\/es\/wp-json\/wp\/v2\/product_tag?post=564189"}],"curies":[{"name":"wp","href":"https:\/\/api.w.org\/{rel}","templated":true}]}}