{"id":555511,"date":"2022-12-12T14:15:52","date_gmt":"2022-12-12T13:15:52","guid":{"rendered":"https:\/\/justvape.nu\/produkt\/vaporesso-luxe-xr-vape-kit\/"},"modified":"2022-12-12T14:15:52","modified_gmt":"2022-12-12T13:15:52","slug":"vaporesso-luxe-xr-vape-kit-2","status":"publish","type":"product","link":"https:\/\/justvape.nu\/es\/produkt\/vaporesso-luxe-xr-vape-kit-2\/","title":{"rendered":"VAPORESSO &#8211; LUXE XR VAPE KIT"},"content":{"rendered":"<h2>VAPORESSO &#8211; LUXE XR VAPE KIT<\/h2>\n<p>Vaporesso Luze XR Vape Pod Kit es una fuerte alternativa sub ohm que cabr\u00e1 f\u00e1cilmente en su bolsillo. Su bater\u00eda interna de 1500mAh permite largas sesiones de vapeo entre cargas, y puedes seleccionar tu nivel preferido de vapor gracias a la salida variable de 5-40W. Adem\u00e1s, implica que el kit es compatible con las bobinas MTL (Mouth To Lung) de la misma gama, adem\u00e1s de los m\u00e9todos de vapeo DTL (Direct To Lung) y RDTL (Restricted Direct To Lung) soportados por las bobinas Luxe X incluidas.<\/p>\n<p>El dispositivo se activa con un solo bot\u00f3n de disparo, lo que elimina la necesidad de pulsar varios botones y explorar paneles de men\u00fas. Tambi\u00e9n cuenta con un procesador inteligente que elige autom\u00e1ticamente el vataje correcto para tu bobina en funci\u00f3n de su resistencia y del tipo de bobina que hayas colocado. Puedes ajustar manualmente la potencia de salida y encontrar un vape que se ajuste a tus preferencias si te gusta experimentar.<\/p>\n<p>Las c\u00e1psulas Luxe X combinan la capacidad de un tanque con la robustez de una c\u00e1psula. Las recargas son sencillas gracias al dise\u00f1o de llenado superior, y ni siquiera es necesario sacar la c\u00e1psula del kit. Adem\u00e1s, puedes elegir entre un tiro m\u00e1s apretado o m\u00e1s flojo gracias al flujo de aire ajustable. La malla incorporada en cada una de las bobinas reemplazables aumenta el sabor al tiempo que resulta en menos residuos y un m\u00e9todo m\u00e1s asequible para operar su kit. Tanto el 0,4 Ohm como el 0,8 Ohm crean m\u00e1s vapor cuando se utilizan con e-l\u00edquidos que tienen un contenido de VG de al menos el 70%.<\/p>\n<p><a href=\"https:\/\/justvape.nu\/wp-content\/uploads\/2018\/05\/Color-Schemes.png\"><img loading=\"lazy\" decoding=\"async\" class=\"alignnone size-full wp-image-19187\" src=\"https:\/\/justvape.nu\/wp-content\/uploads\/2018\/05\/Color-Schemes.png\" alt=\"\" width=\"950\" height=\"64\" title=\"\" srcset=\"https:\/\/justvape.nu\/wp-content\/uploads\/2018\/05\/Color-Schemes.png 950w, https:\/\/justvape.nu\/wp-content\/uploads\/2018\/05\/Color-Schemes-555x37.png 555w, https:\/\/justvape.nu\/wp-content\/uploads\/2018\/05\/Color-Schemes-64x4.png 64w, https:\/\/justvape.nu\/wp-content\/uploads\/2018\/05\/Color-Schemes-300x20.png 300w, https:\/\/justvape.nu\/wp-content\/uploads\/2018\/05\/Color-Schemes-768x52.png 768w\" sizes=\"auto, (max-width: 950px) 100vw, 950px\" \/><\/a><\/p>\n<p class=\"description-img-center\"><a href=\"https:\/\/justvape.nu\/wp-content\/uploads\/2022\/12\/Vaporesso_Luxe_XR_Kit_Colors.jpg\"><img loading=\"lazy\" decoding=\"async\" class=\"alignnone size-full wp-image-555223\" src=\"https:\/\/justvape.nu\/wp-content\/uploads\/2022\/12\/Vaporesso_Luxe_XR_Kit_Colors.jpg\" alt=\"\" width=\"831\" height=\"328\" title=\"\" srcset=\"https:\/\/justvape.nu\/wp-content\/uploads\/2022\/12\/Vaporesso_Luxe_XR_Kit_Colors.jpg 831w, https:\/\/justvape.nu\/wp-content\/uploads\/2022\/12\/Vaporesso_Luxe_XR_Kit_Colors-300x118.jpg 300w, https:\/\/justvape.nu\/wp-content\/uploads\/2022\/12\/Vaporesso_Luxe_XR_Kit_Colors-768x303.jpg 768w, https:\/\/justvape.nu\/wp-content\/uploads\/2022\/12\/Vaporesso_Luxe_XR_Kit_Colors-600x237.jpg 600w, https:\/\/justvape.nu\/wp-content\/uploads\/2022\/12\/Vaporesso_Luxe_XR_Kit_Colors-64x25.jpg 64w\" sizes=\"auto, (max-width: 831px) 100vw, 831px\" \/><\/a><\/p>\n<div class=\"shop-features \">\n<h2 class=\"shop-features-title \"><a href=\"https:\/\/justvape.nu\/wp-content\/uploads\/2018\/05\/Specifications.png\"><img loading=\"lazy\" decoding=\"async\" class=\"alignnone size-full wp-image-18993\" src=\"https:\/\/justvape.nu\/wp-content\/uploads\/2018\/05\/Specifications.png\" alt=\"\" width=\"950\" height=\"64\" title=\"\" srcset=\"https:\/\/justvape.nu\/wp-content\/uploads\/2018\/05\/Specifications.png 950w, https:\/\/justvape.nu\/wp-content\/uploads\/2018\/05\/Specifications-555x37.png 555w, https:\/\/justvape.nu\/wp-content\/uploads\/2018\/05\/Specifications-64x4.png 64w, https:\/\/justvape.nu\/wp-content\/uploads\/2018\/05\/Specifications-300x20.png 300w, https:\/\/justvape.nu\/wp-content\/uploads\/2018\/05\/Specifications-768x52.png 768w\" sizes=\"auto, (max-width: 950px) 100vw, 950px\" \/><\/a><\/h2>\n<\/div>\n<p><strong class=\"description-little-title\">Vaporesso Luxe XR Pod System Kit Par\u00e1metros:<\/strong><\/p>\n<table class=\"description-table\">\n<tbody>\n<tr>\n<td class=\"strong-title \">Marca<\/td>\n<td class=\"inline\">Vaporesso<\/td>\n<\/tr>\n<tr>\n<td class=\"strong-title \">Nombre del producto<\/td>\n<td class=\"inline\">Kit Luxe XR<\/td>\n<\/tr>\n<tr>\n<td class=\"strong-title \">Bater\u00eda<\/td>\n<td class=\"inline\">Bater\u00eda integrada de 1500 mAh<\/td>\n<\/tr>\n<tr>\n<td class=\"strong-title \">Potencia de salida<\/td>\n<td class=\"inline\">40W<\/td>\n<\/tr>\n<tr>\n<td class=\"strong-title \">Corriente de carga<\/td>\n<td class=\"inline\">DC 5V\/1.5A, Tipo-C<\/td>\n<\/tr>\n<tr>\n<td class=\"strong-title \">Capacidad de la c\u00e1psula<\/td>\n<td class=\"inline\">2ml (TPD)<\/td>\n<\/tr>\n<tr>\n<td class=\"strong-title \">Llenando<\/td>\n<td class=\"inline\">Relleno inferior<\/td>\n<\/tr>\n<tr>\n<td class=\"strong-title \">Coil Resistance<\/td>\n<td class=\"inline\">Bobina de malla GTX 0,4\u03a9, Bobina de malla GTX 0,8\u03a9<\/td>\n<\/tr>\n<tr>\n<td class=\"strong-title \">En forma de<\/td>\n<td class=\"inline\">Luxe X 0.4\u03a9\/0.8\u03a9 Pod, Luxe XR RDL\/MTL Pod, GTX 0.4\u03a9\/0.6\u03a9 Bobina (Apto para XR RDL Pod), GTX 0.8\u03a9\/1.2\u03a9 Bobina (Apto para XR MTL Pod)<\/td>\n<\/tr>\n<tr>\n<td class=\"strong-title \">Tama\u00f1o del producto<\/td>\n<td class=\"inline\">98*31,5*21,6 mm<\/td>\n<\/tr>\n<tr>\n<td class=\"strong-title \">Tama\u00f1o del embalaje<\/td>\n<td class=\"inline\">126*98*38mm<\/td>\n<\/tr>\n<tr>\n<td class=\"strong-title \"><\/td>\n<td class=\"inline\"><\/td>\n<\/tr>\n<tr>\n<td class=\"strong-title \">Color<\/td>\n<td class=\"inline\">Azul Galaxia, Rojo Galaxia, Morado Galaxia, Oro, Negro, Rosa, Plata<\/td>\n<\/tr>\n<\/tbody>\n<\/table>\n<div class=\"shop-features \">\n<h2 class=\"shop-features-title \"><a href=\"https:\/\/justvape.nu\/wp-content\/uploads\/2018\/05\/Features.png\"><img loading=\"lazy\" decoding=\"async\" class=\"alignnone size-full wp-image-248458\" src=\"https:\/\/justvape.nu\/wp-content\/uploads\/2018\/05\/Features.png\" alt=\"\" width=\"950\" height=\"64\" title=\"\" srcset=\"https:\/\/justvape.nu\/wp-content\/uploads\/2018\/05\/Features.png 950w, https:\/\/justvape.nu\/wp-content\/uploads\/2018\/05\/Features-600x40.png 600w, https:\/\/justvape.nu\/wp-content\/uploads\/2018\/05\/Features-64x4.png 64w, https:\/\/justvape.nu\/wp-content\/uploads\/2018\/05\/Features-300x20.png 300w, https:\/\/justvape.nu\/wp-content\/uploads\/2018\/05\/Features-768x52.png 768w\" sizes=\"auto, (max-width: 950px) 100vw, 950px\" \/><\/a><\/h2>\n<\/div>\n<p><strong class=\"description-little-title\">Vaporesso Luxe XR Detalles:<\/strong><\/p>\n<ul>\n<li style=\"list-style-type: none;\">\n<ul>\n<li>1. Bater\u00eda incorporada de 1500mAh con salida de 40W.<\/li>\n<li>2. Tecnolog\u00eda de calefacci\u00f3n COREX para un sabor preciso<\/li>\n<li>3. Adopta el chip AXON con control inteligente<\/li>\n<li>4. Revestimiento resistente a la abrasi\u00f3n\/manchas y tubo PCTG<\/li>\n<li>5. Bloqueo autom\u00e1tico del dispositivo despu\u00e9s de pulsar 8S<\/li>\n<li>6. Modo seguro para evitar fallos de encendido accidentales<\/li>\n<li>7. Dise\u00f1ado con 3 luces LED para mostrar<\/li>\n<li>8. Dise\u00f1o futurista, cristal y cuerpo s\u00f3lido<\/li>\n<li>9. Adopta tecnolog\u00eda SSS resistente a las fugas<\/li>\n<li>10. 2 ml de capacidad de e-jugo, f\u00e1cil de llenar la parte inferior<\/li>\n<li>11. Apto para Luxe X 0.4\u03a9\/0.8\u03a9 Pod, Luxe XR RDL\/MTL Pod, GTX 0.4\u03a9\/0.6\u03a9 Bobina (RDL), GTX 0.8\u03a9\/1.2\u03a9 Bobina (MTL).<\/li>\n<\/ul>\n<\/li>\n<\/ul>\n<p class=\"description-img-center \"><a href=\"https:\/\/justvape.nu\/wp-content\/uploads\/2022\/12\/Vaporesso_Luxe_XR_Kit.jpg\"><img loading=\"lazy\" decoding=\"async\" class=\"alignnone size-full wp-image-555232\" src=\"https:\/\/justvape.nu\/wp-content\/uploads\/2022\/12\/Vaporesso_Luxe_XR_Kit.jpg\" alt=\"\" width=\"831\" height=\"416\" title=\"\" srcset=\"https:\/\/justvape.nu\/wp-content\/uploads\/2022\/12\/Vaporesso_Luxe_XR_Kit.jpg 831w, https:\/\/justvape.nu\/wp-content\/uploads\/2022\/12\/Vaporesso_Luxe_XR_Kit-300x150.jpg 300w, https:\/\/justvape.nu\/wp-content\/uploads\/2022\/12\/Vaporesso_Luxe_XR_Kit-768x384.jpg 768w, https:\/\/justvape.nu\/wp-content\/uploads\/2022\/12\/Vaporesso_Luxe_XR_Kit-600x300.jpg 600w, https:\/\/justvape.nu\/wp-content\/uploads\/2022\/12\/Vaporesso_Luxe_XR_Kit-64x32.jpg 64w\" sizes=\"auto, (max-width: 831px) 100vw, 831px\" \/><\/a><a href=\"https:\/\/justvape.nu\/wp-content\/uploads\/2022\/12\/Vaporesso_Luxe_XR_Kit_1500mAh_Battery.jpg\"><img loading=\"lazy\" decoding=\"async\" class=\"alignnone size-full wp-image-555241\" src=\"https:\/\/justvape.nu\/wp-content\/uploads\/2022\/12\/Vaporesso_Luxe_XR_Kit_1500mAh_Battery.jpg\" alt=\"\" width=\"831\" height=\"416\" title=\"\" srcset=\"https:\/\/justvape.nu\/wp-content\/uploads\/2022\/12\/Vaporesso_Luxe_XR_Kit_1500mAh_Battery.jpg 831w, https:\/\/justvape.nu\/wp-content\/uploads\/2022\/12\/Vaporesso_Luxe_XR_Kit_1500mAh_Battery-300x150.jpg 300w, https:\/\/justvape.nu\/wp-content\/uploads\/2022\/12\/Vaporesso_Luxe_XR_Kit_1500mAh_Battery-768x384.jpg 768w, https:\/\/justvape.nu\/wp-content\/uploads\/2022\/12\/Vaporesso_Luxe_XR_Kit_1500mAh_Battery-600x300.jpg 600w, https:\/\/justvape.nu\/wp-content\/uploads\/2022\/12\/Vaporesso_Luxe_XR_Kit_1500mAh_Battery-64x32.jpg 64w\" sizes=\"auto, (max-width: 831px) 100vw, 831px\" \/><\/a> <a href=\"https:\/\/justvape.nu\/wp-content\/uploads\/2022\/12\/Vaporesso_Luxe_XR_Kit_Auto_Lock.jpg\"><img loading=\"lazy\" decoding=\"async\" class=\"alignnone size-full wp-image-555250\" src=\"https:\/\/justvape.nu\/wp-content\/uploads\/2022\/12\/Vaporesso_Luxe_XR_Kit_Auto_Lock.jpg\" alt=\"\" width=\"831\" height=\"331\" title=\"\" srcset=\"https:\/\/justvape.nu\/wp-content\/uploads\/2022\/12\/Vaporesso_Luxe_XR_Kit_Auto_Lock.jpg 831w, https:\/\/justvape.nu\/wp-content\/uploads\/2022\/12\/Vaporesso_Luxe_XR_Kit_Auto_Lock-300x119.jpg 300w, https:\/\/justvape.nu\/wp-content\/uploads\/2022\/12\/Vaporesso_Luxe_XR_Kit_Auto_Lock-768x306.jpg 768w, https:\/\/justvape.nu\/wp-content\/uploads\/2022\/12\/Vaporesso_Luxe_XR_Kit_Auto_Lock-600x239.jpg 600w, https:\/\/justvape.nu\/wp-content\/uploads\/2022\/12\/Vaporesso_Luxe_XR_Kit_Auto_Lock-64x25.jpg 64w\" sizes=\"auto, (max-width: 831px) 100vw, 831px\" \/><\/a> <a href=\"https:\/\/justvape.nu\/wp-content\/uploads\/2022\/12\/Vaporesso_Luxe_XR_Kit_Coating.jpg\"><img loading=\"lazy\" decoding=\"async\" class=\"alignnone size-full wp-image-555259\" src=\"https:\/\/justvape.nu\/wp-content\/uploads\/2022\/12\/Vaporesso_Luxe_XR_Kit_Coating.jpg\" alt=\"\" width=\"831\" height=\"460\" title=\"\" srcset=\"https:\/\/justvape.nu\/wp-content\/uploads\/2022\/12\/Vaporesso_Luxe_XR_Kit_Coating.jpg 831w, https:\/\/justvape.nu\/wp-content\/uploads\/2022\/12\/Vaporesso_Luxe_XR_Kit_Coating-300x166.jpg 300w, https:\/\/justvape.nu\/wp-content\/uploads\/2022\/12\/Vaporesso_Luxe_XR_Kit_Coating-768x425.jpg 768w, https:\/\/justvape.nu\/wp-content\/uploads\/2022\/12\/Vaporesso_Luxe_XR_Kit_Coating-600x332.jpg 600w, https:\/\/justvape.nu\/wp-content\/uploads\/2022\/12\/Vaporesso_Luxe_XR_Kit_Coating-64x35.jpg 64w\" sizes=\"auto, (max-width: 831px) 100vw, 831px\" \/><\/a> <a href=\"https:\/\/justvape.nu\/wp-content\/uploads\/2022\/12\/Vaporesso_Luxe_XR_Kit_COREX_Heating_Tech.jpg\"><img loading=\"lazy\" decoding=\"async\" class=\"alignnone size-full wp-image-555268\" src=\"https:\/\/justvape.nu\/wp-content\/uploads\/2022\/12\/Vaporesso_Luxe_XR_Kit_COREX_Heating_Tech.jpg\" alt=\"\" width=\"831\" height=\"374\" title=\"\" srcset=\"https:\/\/justvape.nu\/wp-content\/uploads\/2022\/12\/Vaporesso_Luxe_XR_Kit_COREX_Heating_Tech.jpg 831w, https:\/\/justvape.nu\/wp-content\/uploads\/2022\/12\/Vaporesso_Luxe_XR_Kit_COREX_Heating_Tech-300x135.jpg 300w, https:\/\/justvape.nu\/wp-content\/uploads\/2022\/12\/Vaporesso_Luxe_XR_Kit_COREX_Heating_Tech-768x346.jpg 768w, https:\/\/justvape.nu\/wp-content\/uploads\/2022\/12\/Vaporesso_Luxe_XR_Kit_COREX_Heating_Tech-600x270.jpg 600w, https:\/\/justvape.nu\/wp-content\/uploads\/2022\/12\/Vaporesso_Luxe_XR_Kit_COREX_Heating_Tech-64x29.jpg 64w\" sizes=\"auto, (max-width: 831px) 100vw, 831px\" \/><\/a> <a href=\"https:\/\/justvape.nu\/wp-content\/uploads\/2022\/12\/Vaporesso_Luxe_XR_Kit_Features.jpg\"><img loading=\"lazy\" decoding=\"async\" class=\"alignnone size-full wp-image-555277\" src=\"https:\/\/justvape.nu\/wp-content\/uploads\/2022\/12\/Vaporesso_Luxe_XR_Kit_Features.jpg\" alt=\"\" width=\"831\" height=\"245\" title=\"\" srcset=\"https:\/\/justvape.nu\/wp-content\/uploads\/2022\/12\/Vaporesso_Luxe_XR_Kit_Features.jpg 831w, https:\/\/justvape.nu\/wp-content\/uploads\/2022\/12\/Vaporesso_Luxe_XR_Kit_Features-300x88.jpg 300w, https:\/\/justvape.nu\/wp-content\/uploads\/2022\/12\/Vaporesso_Luxe_XR_Kit_Features-768x226.jpg 768w, https:\/\/justvape.nu\/wp-content\/uploads\/2022\/12\/Vaporesso_Luxe_XR_Kit_Features-600x177.jpg 600w, https:\/\/justvape.nu\/wp-content\/uploads\/2022\/12\/Vaporesso_Luxe_XR_Kit_Features-64x19.jpg 64w\" sizes=\"auto, (max-width: 831px) 100vw, 831px\" \/><\/a> <a href=\"https:\/\/justvape.nu\/wp-content\/uploads\/2022\/12\/Vaporesso_Luxe_XR_Kit_Futuristic_Design.jpg\"><img loading=\"lazy\" decoding=\"async\" class=\"alignnone size-full wp-image-555286\" src=\"https:\/\/justvape.nu\/wp-content\/uploads\/2022\/12\/Vaporesso_Luxe_XR_Kit_Futuristic_Design.jpg\" alt=\"\" width=\"831\" height=\"464\" title=\"\" srcset=\"https:\/\/justvape.nu\/wp-content\/uploads\/2022\/12\/Vaporesso_Luxe_XR_Kit_Futuristic_Design.jpg 831w, https:\/\/justvape.nu\/wp-content\/uploads\/2022\/12\/Vaporesso_Luxe_XR_Kit_Futuristic_Design-300x168.jpg 300w, https:\/\/justvape.nu\/wp-content\/uploads\/2022\/12\/Vaporesso_Luxe_XR_Kit_Futuristic_Design-768x429.jpg 768w, https:\/\/justvape.nu\/wp-content\/uploads\/2022\/12\/Vaporesso_Luxe_XR_Kit_Futuristic_Design-600x335.jpg 600w, https:\/\/justvape.nu\/wp-content\/uploads\/2022\/12\/Vaporesso_Luxe_XR_Kit_Futuristic_Design-64x36.jpg 64w\" sizes=\"auto, (max-width: 831px) 100vw, 831px\" \/><\/a> <a href=\"https:\/\/justvape.nu\/wp-content\/uploads\/2022\/12\/Vaporesso_Luxe_XR_Kit_Part.jpg\"><img loading=\"lazy\" decoding=\"async\" class=\"alignnone size-full wp-image-555295\" src=\"https:\/\/justvape.nu\/wp-content\/uploads\/2022\/12\/Vaporesso_Luxe_XR_Kit_Part.jpg\" alt=\"\" width=\"831\" height=\"509\" title=\"\" srcset=\"https:\/\/justvape.nu\/wp-content\/uploads\/2022\/12\/Vaporesso_Luxe_XR_Kit_Part.jpg 831w, https:\/\/justvape.nu\/wp-content\/uploads\/2022\/12\/Vaporesso_Luxe_XR_Kit_Part-300x184.jpg 300w, https:\/\/justvape.nu\/wp-content\/uploads\/2022\/12\/Vaporesso_Luxe_XR_Kit_Part-768x470.jpg 768w, https:\/\/justvape.nu\/wp-content\/uploads\/2022\/12\/Vaporesso_Luxe_XR_Kit_Part-600x368.jpg 600w, https:\/\/justvape.nu\/wp-content\/uploads\/2022\/12\/Vaporesso_Luxe_XR_Kit_Part-64x39.jpg 64w\" sizes=\"auto, (max-width: 831px) 100vw, 831px\" \/><\/a>  <a href=\"https:\/\/justvape.nu\/wp-content\/uploads\/2022\/12\/Vaporesso_Luxe_XR_Kit_SSS_Leaking_Tech.jpg\"><img loading=\"lazy\" decoding=\"async\" class=\"alignnone size-full wp-image-555313\" src=\"https:\/\/justvape.nu\/wp-content\/uploads\/2022\/12\/Vaporesso_Luxe_XR_Kit_SSS_Leaking_Tech.jpg\" alt=\"\" width=\"831\" height=\"283\" title=\"\" srcset=\"https:\/\/justvape.nu\/wp-content\/uploads\/2022\/12\/Vaporesso_Luxe_XR_Kit_SSS_Leaking_Tech.jpg 831w, https:\/\/justvape.nu\/wp-content\/uploads\/2022\/12\/Vaporesso_Luxe_XR_Kit_SSS_Leaking_Tech-300x102.jpg 300w, https:\/\/justvape.nu\/wp-content\/uploads\/2022\/12\/Vaporesso_Luxe_XR_Kit_SSS_Leaking_Tech-768x262.jpg 768w, https:\/\/justvape.nu\/wp-content\/uploads\/2022\/12\/Vaporesso_Luxe_XR_Kit_SSS_Leaking_Tech-600x204.jpg 600w, https:\/\/justvape.nu\/wp-content\/uploads\/2022\/12\/Vaporesso_Luxe_XR_Kit_SSS_Leaking_Tech-64x22.jpg 64w\" sizes=\"auto, (max-width: 831px) 100vw, 831px\" \/><\/a> <a href=\"https:\/\/justvape.nu\/wp-content\/uploads\/2022\/12\/Vaporesso_Luxe_XR_Pod.jpg\"><img loading=\"lazy\" decoding=\"async\" class=\"alignnone size-full wp-image-555322\" src=\"https:\/\/justvape.nu\/wp-content\/uploads\/2022\/12\/Vaporesso_Luxe_XR_Pod.jpg\" alt=\"\" width=\"831\" height=\"288\" title=\"\" srcset=\"https:\/\/justvape.nu\/wp-content\/uploads\/2022\/12\/Vaporesso_Luxe_XR_Pod.jpg 831w, https:\/\/justvape.nu\/wp-content\/uploads\/2022\/12\/Vaporesso_Luxe_XR_Pod-300x104.jpg 300w, https:\/\/justvape.nu\/wp-content\/uploads\/2022\/12\/Vaporesso_Luxe_XR_Pod-768x266.jpg 768w, https:\/\/justvape.nu\/wp-content\/uploads\/2022\/12\/Vaporesso_Luxe_XR_Pod-600x208.jpg 600w, https:\/\/justvape.nu\/wp-content\/uploads\/2022\/12\/Vaporesso_Luxe_XR_Pod-64x22.jpg 64w\" sizes=\"auto, (max-width: 831px) 100vw, 831px\" \/><\/a><\/p>\n<div class=\"shop-features \">\n<h2 class=\"shop-features-title \"><a href=\"https:\/\/justvape.nu\/wp-content\/uploads\/2018\/05\/Packing-List.png\"><img loading=\"lazy\" decoding=\"async\" class=\"alignnone size-full wp-image-18995\" src=\"https:\/\/justvape.nu\/wp-content\/uploads\/2018\/05\/Packing-List.png\" alt=\"\" width=\"950\" height=\"64\" title=\"\" srcset=\"https:\/\/justvape.nu\/wp-content\/uploads\/2018\/05\/Packing-List.png 950w, https:\/\/justvape.nu\/wp-content\/uploads\/2018\/05\/Packing-List-555x37.png 555w, https:\/\/justvape.nu\/wp-content\/uploads\/2018\/05\/Packing-List-64x4.png 64w, https:\/\/justvape.nu\/wp-content\/uploads\/2018\/05\/Packing-List-300x20.png 300w, https:\/\/justvape.nu\/wp-content\/uploads\/2018\/05\/Packing-List-768x52.png 768w\" sizes=\"auto, (max-width: 950px) 100vw, 950px\" \/><\/a><\/h2>\n<\/div>\n<p><strong class=\"description-little-title \">El paquete de Vaporesso Luxe XR 40W Kit viene con:<\/strong><\/p>\n<p>1* Bater\u00eda Vaporesso Luxe X<br \/>\n1* Vaporesso Luxe XR Pod (RDL)<br \/>\n1* Vaporesso Luxe XR Pod (MTL)<br \/>\n1* Vaporesso GTX 0.4\u03a9 Mesh Coil<br \/>\n1* Vaporesso GTX 0.8\u03a9 Mesh Coil<br \/>\n1* Cable tipo C<br \/>\n1* Manual de usuario y tarjeta de garant\u00eda<br \/>\n1* Tarjeta recordatoria<\/p>\n","protected":false},"excerpt":{"rendered":"<p>VAPORESSO &#8211; LUXE XR VAPE KIT<\/p>\n","protected":false},"featured_media":555345,"comment_status":"open","ping_status":"closed","template":"","meta":{"_acf_changed":false,"_uag_custom_page_level_css":"","site-sidebar-layout":"default","site-content-layout":"default","ast-site-content-layout":"default","site-content-style":"default","site-sidebar-style":"default","ast-global-header-display":"","ast-banner-title-visibility":"","ast-main-header-display":"","ast-hfb-above-header-display":"","ast-hfb-below-header-display":"","ast-hfb-mobile-header-display":"","site-post-title":"","ast-breadcrumbs-content":"","ast-featured-img":"","footer-sml-layout":"","ast-disable-related-posts":"","theme-transparent-header-meta":"default","adv-header-id-meta":"","stick-header-meta":"default","header-above-stick-meta":"","header-main-stick-meta":"","header-below-stick-meta":"","astra-migrate-meta-layouts":"default","ast-page-background-enabled":"default","ast-page-background-meta":{"desktop":{"background-color":"","background-image":"","background-repeat":"repeat","background-position":"center center","background-size":"auto","background-attachment":"scroll","background-type":"","background-media":"","overlay-type":"","overlay-color":"","overlay-opacity":"","overlay-gradient":""},"tablet":{"background-color":"","background-image":"","background-repeat":"repeat","background-position":"center center","background-size":"auto","background-attachment":"scroll","background-type":"","background-media":"","overlay-type":"","overlay-color":"","overlay-opacity":"","overlay-gradient":""},"mobile":{"background-color":"","background-image":"","background-repeat":"repeat","background-position":"center center","background-size":"auto","background-attachment":"scroll","background-type":"","background-media":"","overlay-type":"","overlay-color":"","overlay-opacity":"","overlay-gradient":""}},"ast-content-background-meta":{"desktop":{"background-color":"var(--ast-global-color-5)","background-image":"","background-repeat":"repeat","background-position":"center center","background-size":"auto","background-attachment":"scroll","background-type":"","background-media":"","overlay-type":"","overlay-color":"","overlay-opacity":"","overlay-gradient":""},"tablet":{"background-color":"var(--ast-global-color-5)","background-image":"","background-repeat":"repeat","background-position":"center center","background-size":"auto","background-attachment":"scroll","background-type":"","background-media":"","overlay-type":"","overlay-color":"","overlay-opacity":"","overlay-gradient":""},"mobile":{"background-color":"var(--ast-global-color-5)","background-image":"","background-repeat":"repeat","background-position":"center center","background-size":"auto","background-attachment":"scroll","background-type":"","background-media":"","overlay-type":"","overlay-color":"","overlay-opacity":"","overlay-gradient":""}}},"product_brand":[],"product_cat":[2073,2529,2083,2530,4267],"product_tag":[],"class_list":{"0":"post-555511","1":"product","2":"type-product","3":"status-publish","4":"has-post-thumbnail","6":"product_cat-cigarrillos-electronicos","7":"product_cat-hardware-es","8":"product_cat-kits-para-principiantes-y-pods","9":"product_cat-shop-by-brand-es","10":"product_cat-vaporesso-es","11":"desktop-align-center","12":"tablet-align-center","13":"mobile-align-center","14":"ast-product-gallery-layout-horizontal-slider","15":"ast-product-gallery-with-no-image","16":"ast-product-single-variable","17":"ast-product-tabs-layout-horizontal","19":"first","20":"instock","21":"sale","22":"taxable","23":"shipping-taxable","24":"purchasable","25":"product-type-variable"},"acf":[],"uagb_featured_image_src":{"full":["https:\/\/justvape.nu\/wp-content\/uploads\/2022\/12\/VLXRK20220930_2048x.webp",800,800,false],"thumbnail":["https:\/\/justvape.nu\/wp-content\/uploads\/2022\/12\/VLXRK20220930_2048x-150x150.webp",150,150,true],"medium":["https:\/\/justvape.nu\/wp-content\/uploads\/2022\/12\/VLXRK20220930_2048x-300x300.webp",300,300,true],"medium_large":["https:\/\/justvape.nu\/wp-content\/uploads\/2022\/12\/VLXRK20220930_2048x-768x768.webp",768,768,true],"large":["https:\/\/justvape.nu\/wp-content\/uploads\/2022\/12\/VLXRK20220930_2048x.webp",800,800,false],"1536x1536":["https:\/\/justvape.nu\/wp-content\/uploads\/2022\/12\/VLXRK20220930_2048x.webp",800,800,false],"2048x2048":["https:\/\/justvape.nu\/wp-content\/uploads\/2022\/12\/VLXRK20220930_2048x.webp",800,800,false],"woocommerce_thumbnail":["https:\/\/justvape.nu\/wp-content\/uploads\/2022\/12\/VLXRK20220930_2048x-300x300.webp",300,300,true],"woocommerce_single":["https:\/\/justvape.nu\/wp-content\/uploads\/2022\/12\/VLXRK20220930_2048x-600x600.webp",600,600,true],"woocommerce_gallery_thumbnail":["https:\/\/justvape.nu\/wp-content\/uploads\/2022\/12\/VLXRK20220930_2048x-100x100.webp",100,100,true],"dgwt-wcas-product-suggestion":["https:\/\/justvape.nu\/wp-content\/uploads\/2022\/12\/VLXRK20220930_2048x-64x64.webp",64,64,true]},"uagb_author_info":{"display_name":"Kenneth Merkur","author_link":"https:\/\/justvape.nu\/es\/author\/"},"uagb_comment_info":0,"uagb_excerpt":"VAPORESSO - LUXE XR VAPE KIT","_links":{"self":[{"href":"https:\/\/justvape.nu\/es\/wp-json\/wp\/v2\/product\/555511","targetHints":{"allow":["GET"]}}],"collection":[{"href":"https:\/\/justvape.nu\/es\/wp-json\/wp\/v2\/product"}],"about":[{"href":"https:\/\/justvape.nu\/es\/wp-json\/wp\/v2\/types\/product"}],"replies":[{"embeddable":true,"href":"https:\/\/justvape.nu\/es\/wp-json\/wp\/v2\/comments?post=555511"}],"wp:featuredmedia":[{"embeddable":true,"href":"https:\/\/justvape.nu\/es\/wp-json\/wp\/v2\/media\/555345"}],"wp:attachment":[{"href":"https:\/\/justvape.nu\/es\/wp-json\/wp\/v2\/media?parent=555511"}],"wp:term":[{"taxonomy":"product_brand","embeddable":true,"href":"https:\/\/justvape.nu\/es\/wp-json\/wp\/v2\/product_brand?post=555511"},{"taxonomy":"product_cat","embeddable":true,"href":"https:\/\/justvape.nu\/es\/wp-json\/wp\/v2\/product_cat?post=555511"},{"taxonomy":"product_tag","embeddable":true,"href":"https:\/\/justvape.nu\/es\/wp-json\/wp\/v2\/product_tag?post=555511"}],"curies":[{"name":"wp","href":"https:\/\/api.w.org\/{rel}","templated":true}]}}