{"id":546083,"date":"2022-11-09T20:54:23","date_gmt":"2022-11-09T19:54:23","guid":{"rendered":"https:\/\/justvape.nu\/produkt\/voopoo-drag-e60-kit\/"},"modified":"2022-11-09T20:54:23","modified_gmt":"2022-11-09T19:54:23","slug":"voopoo-drag-e60-kit-2","status":"publish","type":"product","link":"https:\/\/justvape.nu\/es\/produkt\/voopoo-drag-e60-kit-2\/","title":{"rendered":"VOOPOO &#8211; DRAG E60 KIT"},"content":{"rendered":"<h2>VOOPOO &#8211; DRAG E60 KIT<\/h2>\n<div class=\"description\">\n<p>Capaz de soportar hasta 60W de potencia, es la opci\u00f3n ideal para el vapeo DTL (Directo al Pulm\u00f3n), pero tambi\u00e9n se puede utilizar para el vapeo MTL (Boca a Pulm\u00f3n) y Restringido-DTL gracias a la amplia gama de bobinas PnP compatibles. Junto con un tanque pod de 2ml, se incluyen dos bobinas PnP con el kit para empezar. La bater\u00eda de 2550mAh integrada en el kit ha sido desarrollada para ofrecer m\u00e1s vaping entre cargas.<\/p>\n<p>La configuraci\u00f3n de tu kit es muy sencilla, gracias al modo Smart la E60 reconocer\u00e1 instant\u00e1neamente la bobina que has instalado en el pod y seleccionar\u00e1 el vataje correcto para ti. Esto significa que puedes concentrarte en vapulear sin preocuparte por las bobinas quemadas. Si te apetece personalizar, cambia al modo RBA y podr\u00e1s seleccionar un nivel de potencia entre 5-60W. Si tu bater\u00eda se est\u00e1 agotando o sabes que vas a estar lejos de tu cargador durante un tiempo, intenta poner tu vape en modo ECO.<\/p>\n<p>Capaz de contener hasta 2 ml de su e-l\u00edquido favorito, el PnP Pod 2 es f\u00e1cil de mantener gracias a su dise\u00f1o de f\u00e1cil llenado. Basta con dar un cuarto de vuelta a la punta de goteo para revelar los puertos de llenado. La rotaci\u00f3n de la vaina cuando est\u00e1 instalada aflojar\u00e1 o apretar\u00e1 el flujo de aire para una inhalaci\u00f3n que se sienta c\u00f3moda. Las bobinas de malla incluidas crear\u00e1n una gran cantidad de vapor y proporcionar\u00e1n un mejor sabor.<\/p>\n<\/div>\n<div id=\"shopify-product-reviews\" data-id=\"6815034376294\"><a href=\"https:\/\/justvape.nu\/wp-content\/uploads\/2018\/05\/Color-Schemes.png\"><img loading=\"lazy\" decoding=\"async\" class=\"alignnone size-full wp-image-19187\" src=\"https:\/\/justvape.nu\/wp-content\/uploads\/2018\/05\/Color-Schemes.png\" alt=\"\" width=\"950\" height=\"64\" title=\"\" srcset=\"https:\/\/justvape.nu\/wp-content\/uploads\/2018\/05\/Color-Schemes.png 950w, https:\/\/justvape.nu\/wp-content\/uploads\/2018\/05\/Color-Schemes-555x37.png 555w, https:\/\/justvape.nu\/wp-content\/uploads\/2018\/05\/Color-Schemes-64x4.png 64w, https:\/\/justvape.nu\/wp-content\/uploads\/2018\/05\/Color-Schemes-300x20.png 300w, https:\/\/justvape.nu\/wp-content\/uploads\/2018\/05\/Color-Schemes-768x52.png 768w\" sizes=\"auto, (max-width: 950px) 100vw, 950px\" \/><\/a><\/div>\n<div data-id=\"6815034376294\">\n<p class=\"description-img-center\"><a href=\"https:\/\/justvape.nu\/wp-content\/uploads\/2022\/11\/VOOPOO_Drag_E60_Kit_Full_Colors.jpg\"><img loading=\"lazy\" decoding=\"async\" class=\"alignnone size-full wp-image-545936\" src=\"https:\/\/justvape.nu\/wp-content\/uploads\/2022\/11\/VOOPOO_Drag_E60_Kit_Full_Colors.jpg\" alt=\"\" width=\"831\" height=\"265\" title=\"\" srcset=\"https:\/\/justvape.nu\/wp-content\/uploads\/2022\/11\/VOOPOO_Drag_E60_Kit_Full_Colors.jpg 831w, https:\/\/justvape.nu\/wp-content\/uploads\/2022\/11\/VOOPOO_Drag_E60_Kit_Full_Colors-300x96.jpg 300w, https:\/\/justvape.nu\/wp-content\/uploads\/2022\/11\/VOOPOO_Drag_E60_Kit_Full_Colors-768x245.jpg 768w, https:\/\/justvape.nu\/wp-content\/uploads\/2022\/11\/VOOPOO_Drag_E60_Kit_Full_Colors-600x191.jpg 600w, https:\/\/justvape.nu\/wp-content\/uploads\/2022\/11\/VOOPOO_Drag_E60_Kit_Full_Colors-64x20.jpg 64w\" sizes=\"auto, (max-width: 831px) 100vw, 831px\" \/><\/a><\/p>\n<div class=\"shop-features \">\n<h2 class=\"shop-features-title \"><a href=\"https:\/\/justvape.nu\/wp-content\/uploads\/2018\/05\/Specifications.png\"><img loading=\"lazy\" decoding=\"async\" class=\"alignnone size-full wp-image-248449\" src=\"https:\/\/justvape.nu\/wp-content\/uploads\/2018\/05\/Specifications.png\" alt=\"\" width=\"950\" height=\"64\" title=\"\" srcset=\"https:\/\/justvape.nu\/wp-content\/uploads\/2018\/05\/Specifications.png 950w, https:\/\/justvape.nu\/wp-content\/uploads\/2018\/05\/Specifications-600x40.png 600w, https:\/\/justvape.nu\/wp-content\/uploads\/2018\/05\/Specifications-64x4.png 64w, https:\/\/justvape.nu\/wp-content\/uploads\/2018\/05\/Specifications-300x20.png 300w, https:\/\/justvape.nu\/wp-content\/uploads\/2018\/05\/Specifications-768x52.png 768w\" sizes=\"auto, (max-width: 950px) 100vw, 950px\" \/><\/a><\/h2>\n<\/div>\n<p><strong class=\"description-little-title\">Par\u00e1metros del VOOPOO Drag E60 Pod Mod Kit:<\/strong><\/p>\n<table class=\"description-table\">\n<tbody>\n<tr>\n<td class=\"strong-title \">Marca<\/td>\n<td class=\"inline\">VOOPOO<\/td>\n<\/tr>\n<tr>\n<td class=\"strong-title \">Nombre del producto<\/td>\n<td class=\"inline\">Kit Drag E60<\/td>\n<\/tr>\n<tr>\n<td class=\"strong-title \">Tama\u00f1o<\/td>\n<td class=\"inline\">94*24,9*46mm<\/td>\n<\/tr>\n<tr>\n<td class=\"strong-title \">Bater\u00eda<\/td>\n<td class=\"inline\">Bater\u00eda integrada de 2550mAh<\/td>\n<\/tr>\n<tr>\n<td class=\"strong-title \">Rango de potencia<\/td>\n<td class=\"inline\">5-60W<\/td>\n<\/tr>\n<tr>\n<td class=\"strong-title \">Tensi\u00f3n de entrada<\/td>\n<td class=\"inline\">3,2V-4,2V<\/td>\n<\/tr>\n<tr>\n<td class=\"strong-title \">Tensi\u00f3n de carga<\/td>\n<td class=\"inline\">5V\/2A<\/td>\n<\/tr>\n<tr>\n<td class=\"strong-title \">Cargando<\/td>\n<td class=\"inline\">Carga tipo C<\/td>\n<\/tr>\n<tr>\n<td class=\"strong-title \">Modo<\/td>\n<td class=\"inline\">Modo Smart\/RBA\/ECO<\/td>\n<\/tr>\n<tr>\n<td class=\"strong-title \">Rango de resistencia<\/td>\n<td class=\"inline\">0.1~3.0\u03a9<\/td>\n<\/tr>\n<tr>\n<td class=\"strong-title \">Capacidad<\/td>\n<td class=\"inline\">2ml (Edici\u00f3n Est\u00e1ndar)<\/td>\n<\/tr>\n<tr>\n<td class=\"strong-title \">Llenando<\/td>\n<td class=\"inline\">Relleno superior<\/td>\n<\/tr>\n<tr>\n<td class=\"strong-title \">En forma de<\/td>\n<td class=\"inline\">PnP Pod II, todas las bobinas PnP<\/td>\n<\/tr>\n<tr>\n<td class=\"strong-title \">Color<\/td>\n<td class=\"inline\">Dorado, rosa, gris, negro, caf\u00e9, fibra de carbono<\/td>\n<\/tr>\n<\/tbody>\n<\/table>\n<div class=\"shop-features \">\n<h2 class=\"shop-features-title \"><a href=\"https:\/\/justvape.nu\/wp-content\/uploads\/2018\/05\/Features.png\"><img loading=\"lazy\" decoding=\"async\" class=\"alignnone size-full wp-image-18994\" src=\"https:\/\/justvape.nu\/wp-content\/uploads\/2018\/05\/Features.png\" alt=\"\" width=\"950\" height=\"64\" title=\"\" srcset=\"https:\/\/justvape.nu\/wp-content\/uploads\/2018\/05\/Features.png 950w, https:\/\/justvape.nu\/wp-content\/uploads\/2018\/05\/Features-555x37.png 555w, https:\/\/justvape.nu\/wp-content\/uploads\/2018\/05\/Features-64x4.png 64w, https:\/\/justvape.nu\/wp-content\/uploads\/2018\/05\/Features-300x20.png 300w, https:\/\/justvape.nu\/wp-content\/uploads\/2018\/05\/Features-768x52.png 768w\" sizes=\"auto, (max-width: 950px) 100vw, 950px\" \/><\/a><\/h2>\n<\/div>\n<p><strong class=\"description-little-title\">Detalles de VOOPOO Drag E60:<\/strong><\/p>\n<ul>\n<li>1. Alimentado por una bater\u00eda integrada de 2550mAh y un chip GENE.TT<\/li>\n<li>2. Modo Smart\/RBA\/ECO para satisfacer sus diferentes necesidades<\/li>\n<li>3. Apto para VOOPOO PnP Pod II y todas las bobinas PnP<\/li>\n<li>4. Capacidad de 2ml de e-juice, sistema de llenado superior f\u00e1cil<\/li>\n<li>5. M\u00faltiples protecciones para garantizar el uso seguro<\/li>\n<\/ul>\n<div class=\"shop-features \">\n<h2 class=\"shop-features-title \"><a href=\"https:\/\/justvape.nu\/wp-content\/uploads\/2018\/05\/Packing-List.png\"><img loading=\"lazy\" decoding=\"async\" class=\"alignnone size-full wp-image-248468\" src=\"https:\/\/justvape.nu\/wp-content\/uploads\/2018\/05\/Packing-List.png\" alt=\"\" width=\"950\" height=\"64\" title=\"\" srcset=\"https:\/\/justvape.nu\/wp-content\/uploads\/2018\/05\/Packing-List.png 950w, https:\/\/justvape.nu\/wp-content\/uploads\/2018\/05\/Packing-List-600x40.png 600w, https:\/\/justvape.nu\/wp-content\/uploads\/2018\/05\/Packing-List-64x4.png 64w, https:\/\/justvape.nu\/wp-content\/uploads\/2018\/05\/Packing-List-300x20.png 300w, https:\/\/justvape.nu\/wp-content\/uploads\/2018\/05\/Packing-List-768x52.png 768w\" sizes=\"auto, (max-width: 950px) 100vw, 950px\" \/><\/a><\/h2>\n<\/div>\n<p><strong class=\"description-little-title \">El paquete de VOOPOO Drag E60 Starter Kit viene con:<\/strong><\/p>\n<p>1* Dispositivo VOOPOO Drag E60<br \/>\n1* VOOPOO PnP Pod II (2ml)<br \/>\n1* Bobina VOOPOO PnP-TW30 (0.3\u03a9)<br \/>\n1* Bobina VOOPOO PnP-TW20 (0.2\u03a9)<br \/>\n1* Cable tipo C<br \/>\n1 * manual de usuario<\/p>\n<div class=\"shop-features \"><\/div>\n<\/div>\n","protected":false},"excerpt":{"rendered":"<p>VOOPOO &#8211; DRAG E60 KIT<\/p>\n","protected":false},"featured_media":545925,"comment_status":"open","ping_status":"closed","template":"","meta":{"_acf_changed":false,"_uag_custom_page_level_css":"","site-sidebar-layout":"default","site-content-layout":"default","ast-site-content-layout":"default","site-content-style":"default","site-sidebar-style":"default","ast-global-header-display":"","ast-banner-title-visibility":"","ast-main-header-display":"","ast-hfb-above-header-display":"","ast-hfb-below-header-display":"","ast-hfb-mobile-header-display":"","site-post-title":"","ast-breadcrumbs-content":"","ast-featured-img":"","footer-sml-layout":"","ast-disable-related-posts":"","theme-transparent-header-meta":"default","adv-header-id-meta":"","stick-header-meta":"default","header-above-stick-meta":"","header-main-stick-meta":"","header-below-stick-meta":"","astra-migrate-meta-layouts":"default","ast-page-background-enabled":"default","ast-page-background-meta":{"desktop":{"background-color":"","background-image":"","background-repeat":"repeat","background-position":"center center","background-size":"auto","background-attachment":"scroll","background-type":"","background-media":"","overlay-type":"","overlay-color":"","overlay-opacity":"","overlay-gradient":""},"tablet":{"background-color":"","background-image":"","background-repeat":"repeat","background-position":"center center","background-size":"auto","background-attachment":"scroll","background-type":"","background-media":"","overlay-type":"","overlay-color":"","overlay-opacity":"","overlay-gradient":""},"mobile":{"background-color":"","background-image":"","background-repeat":"repeat","background-position":"center center","background-size":"auto","background-attachment":"scroll","background-type":"","background-media":"","overlay-type":"","overlay-color":"","overlay-opacity":"","overlay-gradient":""}},"ast-content-background-meta":{"desktop":{"background-color":"var(--ast-global-color-5)","background-image":"","background-repeat":"repeat","background-position":"center center","background-size":"auto","background-attachment":"scroll","background-type":"","background-media":"","overlay-type":"","overlay-color":"","overlay-opacity":"","overlay-gradient":""},"tablet":{"background-color":"var(--ast-global-color-5)","background-image":"","background-repeat":"repeat","background-position":"center center","background-size":"auto","background-attachment":"scroll","background-type":"","background-media":"","overlay-type":"","overlay-color":"","overlay-opacity":"","overlay-gradient":""},"mobile":{"background-color":"var(--ast-global-color-5)","background-image":"","background-repeat":"repeat","background-position":"center center","background-size":"auto","background-attachment":"scroll","background-type":"","background-media":"","overlay-type":"","overlay-color":"","overlay-opacity":"","overlay-gradient":""}}},"product_brand":[],"product_cat":[2529,2530,2531],"product_tag":[],"class_list":{"0":"post-546083","1":"product","2":"type-product","3":"status-publish","4":"has-post-thumbnail","6":"product_cat-hardware-es","7":"product_cat-shop-by-brand-es","8":"product_cat-voopoo-es","9":"desktop-align-center","10":"tablet-align-center","11":"mobile-align-center","12":"ast-product-gallery-layout-horizontal-slider","13":"ast-product-gallery-with-no-image","14":"ast-product-single-variable","15":"ast-product-tabs-layout-horizontal","17":"first","18":"instock","19":"sale","20":"taxable","21":"shipping-taxable","22":"purchasable","23":"product-type-variable"},"acf":[],"uagb_featured_image_src":{"full":["https:\/\/justvape.nu\/wp-content\/uploads\/2022\/11\/VOOPOO-Drag-E60-Pod-Mod-Kit.jpg",800,800,false],"thumbnail":["https:\/\/justvape.nu\/wp-content\/uploads\/2022\/11\/VOOPOO-Drag-E60-Pod-Mod-Kit-150x150.jpg",150,150,true],"medium":["https:\/\/justvape.nu\/wp-content\/uploads\/2022\/11\/VOOPOO-Drag-E60-Pod-Mod-Kit-300x300.jpg",300,300,true],"medium_large":["https:\/\/justvape.nu\/wp-content\/uploads\/2022\/11\/VOOPOO-Drag-E60-Pod-Mod-Kit-768x768.jpg",768,768,true],"large":["https:\/\/justvape.nu\/wp-content\/uploads\/2022\/11\/VOOPOO-Drag-E60-Pod-Mod-Kit.jpg",800,800,false],"1536x1536":["https:\/\/justvape.nu\/wp-content\/uploads\/2022\/11\/VOOPOO-Drag-E60-Pod-Mod-Kit.jpg",800,800,false],"2048x2048":["https:\/\/justvape.nu\/wp-content\/uploads\/2022\/11\/VOOPOO-Drag-E60-Pod-Mod-Kit.jpg",800,800,false],"woocommerce_thumbnail":["https:\/\/justvape.nu\/wp-content\/uploads\/2022\/11\/VOOPOO-Drag-E60-Pod-Mod-Kit-300x300.jpg",300,300,true],"woocommerce_single":["https:\/\/justvape.nu\/wp-content\/uploads\/2022\/11\/VOOPOO-Drag-E60-Pod-Mod-Kit-600x600.jpg",600,600,true],"woocommerce_gallery_thumbnail":["https:\/\/justvape.nu\/wp-content\/uploads\/2022\/11\/VOOPOO-Drag-E60-Pod-Mod-Kit-100x100.jpg",100,100,true],"dgwt-wcas-product-suggestion":["https:\/\/justvape.nu\/wp-content\/uploads\/2022\/11\/VOOPOO-Drag-E60-Pod-Mod-Kit-64x64.jpg",64,64,true]},"uagb_author_info":{"display_name":"Kenneth Merkur","author_link":"https:\/\/justvape.nu\/es\/author\/"},"uagb_comment_info":0,"uagb_excerpt":"VOOPOO - DRAG E60 KIT","_links":{"self":[{"href":"https:\/\/justvape.nu\/es\/wp-json\/wp\/v2\/product\/546083","targetHints":{"allow":["GET"]}}],"collection":[{"href":"https:\/\/justvape.nu\/es\/wp-json\/wp\/v2\/product"}],"about":[{"href":"https:\/\/justvape.nu\/es\/wp-json\/wp\/v2\/types\/product"}],"replies":[{"embeddable":true,"href":"https:\/\/justvape.nu\/es\/wp-json\/wp\/v2\/comments?post=546083"}],"wp:featuredmedia":[{"embeddable":true,"href":"https:\/\/justvape.nu\/es\/wp-json\/wp\/v2\/media\/545925"}],"wp:attachment":[{"href":"https:\/\/justvape.nu\/es\/wp-json\/wp\/v2\/media?parent=546083"}],"wp:term":[{"taxonomy":"product_brand","embeddable":true,"href":"https:\/\/justvape.nu\/es\/wp-json\/wp\/v2\/product_brand?post=546083"},{"taxonomy":"product_cat","embeddable":true,"href":"https:\/\/justvape.nu\/es\/wp-json\/wp\/v2\/product_cat?post=546083"},{"taxonomy":"product_tag","embeddable":true,"href":"https:\/\/justvape.nu\/es\/wp-json\/wp\/v2\/product_tag?post=546083"}],"curies":[{"name":"wp","href":"https:\/\/api.w.org\/{rel}","templated":true}]}}