{"id":546026,"date":"2022-11-09T20:32:57","date_gmt":"2022-11-09T19:32:57","guid":{"rendered":"https:\/\/justvape.nu\/produkt\/voopoo-drag-h80s-kit\/"},"modified":"2022-11-09T20:32:57","modified_gmt":"2022-11-09T19:32:57","slug":"voopoo-drag-h80s-kit-2","status":"publish","type":"product","link":"https:\/\/justvape.nu\/es\/produkt\/voopoo-drag-h80s-kit-2\/","title":{"rendered":"VOOPOO &#8211; DRAG H80S KIT"},"content":{"rendered":"<h2>VOOPOO &#8211; DRAG H80S KIT<\/h2>\n<p>Alimentado por una sola bater\u00eda 18650 (vendida por separado), el Drag H80S ofrece una potencia m\u00e1xima de 80W. El PNP Pod II de 2ml incluido cuenta con fuertes imanes para sujetarlo y un flujo de aire \u00fanico. Compatible con las bobinas PNP, puedes adaptar tu vape a tu medida.<\/p>\n<p>La Drag H80S cuenta con tres modos de potencia diferentes: Eco, Smart y Wattage Variable. Si quieres que tu bater\u00eda dure m\u00e1s tiempo, utiliza el Modo Eco, para tener m\u00e1s control sobre la potencia de salida elige el Vatio Variable, o elige el modo Inteligente y el kit seleccionar\u00e1 autom\u00e1ticamente el vataje apropiado para tu bobina preferida. Este kit tambi\u00e9n tiene un innovador dise\u00f1o de flujo de aire, lo que significa que s\u00f3lo tiene que girar la vaina para ajustar lo apretado o flojo que se sentir\u00e1 la inhalaci\u00f3n.<\/p>\n<p>Este kit incluye el PNP Pod II, f\u00e1cil de rellenar, s\u00f3lo tienes que girar la boquilla para revelar los dos puertos de e-l\u00edquido. El kit VooPoo Drag H80S incluye dos bobinas PNP-TW y es compatible con la serie de bobinas PNP; incluyendo las variaciones VM, T y R, lo que significa que puedes elegir la bobina que mejor se adapte a tu estilo de vapeo.<\/p>\n<p><a href=\"https:\/\/justvape.nu\/wp-content\/uploads\/2021\/05\/Color-Scheme.png\"><img loading=\"lazy\" decoding=\"async\" class=\"alignnone size-full wp-image-383695\" src=\"https:\/\/justvape.nu\/wp-content\/uploads\/2021\/05\/Color-Scheme.png\" alt=\"\" width=\"950\" height=\"64\" title=\"\" srcset=\"https:\/\/justvape.nu\/wp-content\/uploads\/2021\/05\/Color-Scheme.png 950w, https:\/\/justvape.nu\/wp-content\/uploads\/2021\/05\/Color-Scheme-600x40.png 600w, https:\/\/justvape.nu\/wp-content\/uploads\/2021\/05\/Color-Scheme-64x4.png 64w, https:\/\/justvape.nu\/wp-content\/uploads\/2021\/05\/Color-Scheme-300x20.png 300w, https:\/\/justvape.nu\/wp-content\/uploads\/2021\/05\/Color-Scheme-768x52.png 768w\" sizes=\"auto, (max-width: 950px) 100vw, 950px\" \/><\/a><\/p>\n<p class=\"description-img-center\"><a href=\"https:\/\/justvape.nu\/wp-content\/uploads\/2022\/11\/VOOPOO_Drag_H80_S_Kit_Colors.jpg\"><img loading=\"lazy\" decoding=\"async\" class=\"alignnone wp-image-545796 size-full\" src=\"https:\/\/justvape.nu\/wp-content\/uploads\/2022\/11\/VOOPOO_Drag_H80_S_Kit_Colors.jpg\" alt=\"\" width=\"831\" height=\"359\" title=\"\" srcset=\"https:\/\/justvape.nu\/wp-content\/uploads\/2022\/11\/VOOPOO_Drag_H80_S_Kit_Colors.jpg 831w, https:\/\/justvape.nu\/wp-content\/uploads\/2022\/11\/VOOPOO_Drag_H80_S_Kit_Colors-300x130.jpg 300w, https:\/\/justvape.nu\/wp-content\/uploads\/2022\/11\/VOOPOO_Drag_H80_S_Kit_Colors-768x332.jpg 768w, https:\/\/justvape.nu\/wp-content\/uploads\/2022\/11\/VOOPOO_Drag_H80_S_Kit_Colors-600x259.jpg 600w, https:\/\/justvape.nu\/wp-content\/uploads\/2022\/11\/VOOPOO_Drag_H80_S_Kit_Colors-64x28.jpg 64w\" sizes=\"auto, (max-width: 831px) 100vw, 831px\" \/><\/a><\/p>\n<div class=\"shop-features \">\n<h2 class=\"shop-features-title \"><a href=\"https:\/\/justvape.nu\/wp-content\/uploads\/2021\/06\/Specifications1.png\"><img loading=\"lazy\" decoding=\"async\" class=\"alignnone size-full wp-image-390997\" src=\"https:\/\/justvape.nu\/wp-content\/uploads\/2021\/06\/Specifications1.png\" alt=\"\" width=\"950\" height=\"64\" title=\"\" srcset=\"https:\/\/justvape.nu\/wp-content\/uploads\/2021\/06\/Specifications1.png 950w, https:\/\/justvape.nu\/wp-content\/uploads\/2021\/06\/Specifications1-600x40.png 600w, https:\/\/justvape.nu\/wp-content\/uploads\/2021\/06\/Specifications1-64x4.png 64w, https:\/\/justvape.nu\/wp-content\/uploads\/2021\/06\/Specifications1-300x20.png 300w, https:\/\/justvape.nu\/wp-content\/uploads\/2021\/06\/Specifications1-768x52.png 768w\" sizes=\"auto, (max-width: 950px) 100vw, 950px\" \/><\/a><\/h2>\n<\/div>\n<p><strong class=\"description-little-title\">Arrastre H80S Par\u00e1metros:<\/strong><\/p>\n<table class=\"description-table\">\n<tbody>\n<tr>\n<td class=\"strong-title \">Marca<\/td>\n<td class=\"inline\">VOOPOO<\/td>\n<\/tr>\n<tr>\n<td class=\"strong-title \">Nombre del producto<\/td>\n<td class=\"inline\">Kit Drag H80 S<\/td>\n<\/tr>\n<tr>\n<td class=\"strong-title \">Tama\u00f1o<\/td>\n<td class=\"inline\">123*26*32mm<\/td>\n<\/tr>\n<tr>\n<td class=\"strong-title \">Bater\u00eda<\/td>\n<td class=\"inline\">Un solo 18650 (no incluido)<\/td>\n<\/tr>\n<tr>\n<td class=\"strong-title \">Tensi\u00f3n de entrada<\/td>\n<td class=\"inline\">3,2V-4,2V<\/td>\n<\/tr>\n<tr>\n<td class=\"strong-title \">Rango de potencia<\/td>\n<td class=\"inline\">5-80W<\/td>\n<\/tr>\n<tr>\n<td class=\"strong-title \">Tensi\u00f3n de carga<\/td>\n<td class=\"inline\">5V\/2A<\/td>\n<\/tr>\n<tr>\n<td class=\"strong-title \">Rango de resistencia<\/td>\n<td class=\"inline\">0,1ohm-3,0ohm<\/td>\n<\/tr>\n<tr>\n<td class=\"strong-title \">Capacidad<\/td>\n<td class=\"inline\">2ml(versi\u00f3n TPD)<\/td>\n<\/tr>\n<tr>\n<td class=\"strong-title \">Bobina incluida<\/td>\n<td class=\"inline\">PNP-TW30 0,3ohm, PNP-TW15 0,15ohm<\/td>\n<\/tr>\n<tr>\n<td class=\"strong-title \">Color<\/td>\n<td class=\"inline\">Negro, Fibra de Carbono Gris, Rojo, Marr\u00f3n, Dorado, Rojo Ciruela<\/td>\n<\/tr>\n<\/tbody>\n<\/table>\n<div class=\"shop-features \">\n<h2><a href=\"https:\/\/justvape.nu\/wp-content\/uploads\/2022\/11\/VOOPOO_Drag_H80S_Kit_Specifications.jpg\"><img loading=\"lazy\" decoding=\"async\" class=\"alignnone size-full wp-image-545815\" src=\"https:\/\/justvape.nu\/wp-content\/uploads\/2022\/11\/VOOPOO_Drag_H80S_Kit_Specifications.jpg\" alt=\"\" width=\"831\" height=\"487\" title=\"\" srcset=\"https:\/\/justvape.nu\/wp-content\/uploads\/2022\/11\/VOOPOO_Drag_H80S_Kit_Specifications.jpg 831w, https:\/\/justvape.nu\/wp-content\/uploads\/2022\/11\/VOOPOO_Drag_H80S_Kit_Specifications-300x176.jpg 300w, https:\/\/justvape.nu\/wp-content\/uploads\/2022\/11\/VOOPOO_Drag_H80S_Kit_Specifications-768x450.jpg 768w, https:\/\/justvape.nu\/wp-content\/uploads\/2022\/11\/VOOPOO_Drag_H80S_Kit_Specifications-600x352.jpg 600w, https:\/\/justvape.nu\/wp-content\/uploads\/2022\/11\/VOOPOO_Drag_H80S_Kit_Specifications-64x38.jpg 64w\" sizes=\"auto, (max-width: 831px) 100vw, 831px\" \/><\/a><\/h2>\n<h2 class=\"shop-features-title \"><a href=\"https:\/\/justvape.nu\/wp-content\/uploads\/2018\/05\/Features.png\"><img loading=\"lazy\" decoding=\"async\" class=\"alignnone size-full wp-image-248459\" src=\"https:\/\/justvape.nu\/wp-content\/uploads\/2018\/05\/Features.png\" alt=\"\" width=\"950\" height=\"64\" title=\"\" srcset=\"https:\/\/justvape.nu\/wp-content\/uploads\/2018\/05\/Features.png 950w, https:\/\/justvape.nu\/wp-content\/uploads\/2018\/05\/Features-600x40.png 600w, https:\/\/justvape.nu\/wp-content\/uploads\/2018\/05\/Features-64x4.png 64w, https:\/\/justvape.nu\/wp-content\/uploads\/2018\/05\/Features-300x20.png 300w, https:\/\/justvape.nu\/wp-content\/uploads\/2018\/05\/Features-768x52.png 768w\" sizes=\"auto, (max-width: 950px) 100vw, 950px\" \/><\/a><\/h2>\n<\/div>\n<p><strong class=\"description-little-title\">Detalles de VOOPOO Drag H80S:<\/strong><\/p>\n<ul>\n<li style=\"list-style-type: none;\">\n<ul>\n<li>1. Tecnolog\u00eda Dual In One<\/li>\n<li>2. Modo ECO de larga duraci\u00f3n<\/li>\n<li>3. Ajuste del flujo de aire de la vaina<\/li>\n<li>4. F\u00e1cil llenado de la parte superior<\/li>\n<li>5. Tapa magn\u00e9tica de la bater\u00eda<\/li>\n<li>6. Dise\u00f1ado en metal cl\u00e1sico y textura de cuero<\/li>\n<li>7. Arrastre integrado y compacto<\/li>\n<li>8. Carga r\u00e1pida de 5V\/2A tipo C<\/li>\n<li>9. Chip GENE.TT 2.0<\/li>\n<li>10. Equipado con dos nuevas bobinas PnP de PnP-TW15 0,15ohm y PnP-TW30 0,3ohm<\/li>\n<li>11. Compatible con todas las bobinas PnP, incluidas las bobinas RBA<\/li>\n<li>12. Protecciones de seguridad: Sobretiempo\/sobrecalentamiento\/sobrecorriente de salida\/sobrecarga\/baja bater\u00eda\/protecci\u00f3n contra cortocircuitos del atomizador<\/li>\n<\/ul>\n<\/li>\n<\/ul>\n<p class=\"description-img-center \">\n<p class=\"description-img-center \">\n<p class=\"description-img-center \"><a href=\"https:\/\/justvape.nu\/wp-content\/uploads\/2022\/11\/VOOPOO_Drag_H80S_Kit_New_Halo.jpg\"><img loading=\"lazy\" decoding=\"async\" class=\"alignnone size-full wp-image-545806\" src=\"https:\/\/justvape.nu\/wp-content\/uploads\/2022\/11\/VOOPOO_Drag_H80S_Kit_New_Halo.jpg\" alt=\"\" width=\"831\" height=\"491\" title=\"\" srcset=\"https:\/\/justvape.nu\/wp-content\/uploads\/2022\/11\/VOOPOO_Drag_H80S_Kit_New_Halo.jpg 831w, https:\/\/justvape.nu\/wp-content\/uploads\/2022\/11\/VOOPOO_Drag_H80S_Kit_New_Halo-300x177.jpg 300w, https:\/\/justvape.nu\/wp-content\/uploads\/2022\/11\/VOOPOO_Drag_H80S_Kit_New_Halo-768x454.jpg 768w, https:\/\/justvape.nu\/wp-content\/uploads\/2022\/11\/VOOPOO_Drag_H80S_Kit_New_Halo-600x355.jpg 600w, https:\/\/justvape.nu\/wp-content\/uploads\/2022\/11\/VOOPOO_Drag_H80S_Kit_New_Halo-64x38.jpg 64w\" sizes=\"auto, (max-width: 831px) 100vw, 831px\" \/><\/a>  <a href=\"https:\/\/justvape.nu\/wp-content\/uploads\/2022\/11\/VOOPOO_Drag_H80S_Kit_Compatible_with_PnP_Coil_1.jpg\"><img loading=\"lazy\" decoding=\"async\" class=\"alignnone size-full wp-image-545824\" src=\"https:\/\/justvape.nu\/wp-content\/uploads\/2022\/11\/VOOPOO_Drag_H80S_Kit_Compatible_with_PnP_Coil_1.jpg\" alt=\"\" width=\"831\" height=\"437\" title=\"\" srcset=\"https:\/\/justvape.nu\/wp-content\/uploads\/2022\/11\/VOOPOO_Drag_H80S_Kit_Compatible_with_PnP_Coil_1.jpg 831w, https:\/\/justvape.nu\/wp-content\/uploads\/2022\/11\/VOOPOO_Drag_H80S_Kit_Compatible_with_PnP_Coil_1-300x158.jpg 300w, https:\/\/justvape.nu\/wp-content\/uploads\/2022\/11\/VOOPOO_Drag_H80S_Kit_Compatible_with_PnP_Coil_1-768x404.jpg 768w, https:\/\/justvape.nu\/wp-content\/uploads\/2022\/11\/VOOPOO_Drag_H80S_Kit_Compatible_with_PnP_Coil_1-600x316.jpg 600w, https:\/\/justvape.nu\/wp-content\/uploads\/2022\/11\/VOOPOO_Drag_H80S_Kit_Compatible_with_PnP_Coil_1-64x34.jpg 64w\" sizes=\"auto, (max-width: 831px) 100vw, 831px\" \/><\/a> <a href=\"https:\/\/justvape.nu\/wp-content\/uploads\/2022\/11\/VOOPOO_Drag_H80S_Kit_Compatible_with_PnP_coil_2.jpg\"><img loading=\"lazy\" decoding=\"async\" class=\"alignnone size-full wp-image-545833\" src=\"https:\/\/justvape.nu\/wp-content\/uploads\/2022\/11\/VOOPOO_Drag_H80S_Kit_Compatible_with_PnP_coil_2.jpg\" alt=\"\" width=\"831\" height=\"434\" title=\"\" srcset=\"https:\/\/justvape.nu\/wp-content\/uploads\/2022\/11\/VOOPOO_Drag_H80S_Kit_Compatible_with_PnP_coil_2.jpg 831w, https:\/\/justvape.nu\/wp-content\/uploads\/2022\/11\/VOOPOO_Drag_H80S_Kit_Compatible_with_PnP_coil_2-300x157.jpg 300w, https:\/\/justvape.nu\/wp-content\/uploads\/2022\/11\/VOOPOO_Drag_H80S_Kit_Compatible_with_PnP_coil_2-768x401.jpg 768w, https:\/\/justvape.nu\/wp-content\/uploads\/2022\/11\/VOOPOO_Drag_H80S_Kit_Compatible_with_PnP_coil_2-600x313.jpg 600w, https:\/\/justvape.nu\/wp-content\/uploads\/2022\/11\/VOOPOO_Drag_H80S_Kit_Compatible_with_PnP_coil_2-64x33.jpg 64w\" sizes=\"auto, (max-width: 831px) 100vw, 831px\" \/><\/a> <a href=\"https:\/\/justvape.nu\/wp-content\/uploads\/2022\/11\/VOOPOO_Drag_H80S_Kit_Dual_In_One_Tech.jpg\"><img loading=\"lazy\" decoding=\"async\" class=\"alignnone size-full wp-image-545842\" src=\"https:\/\/justvape.nu\/wp-content\/uploads\/2022\/11\/VOOPOO_Drag_H80S_Kit_Dual_In_One_Tech.jpg\" alt=\"\" width=\"831\" height=\"634\" title=\"\" srcset=\"https:\/\/justvape.nu\/wp-content\/uploads\/2022\/11\/VOOPOO_Drag_H80S_Kit_Dual_In_One_Tech.jpg 831w, https:\/\/justvape.nu\/wp-content\/uploads\/2022\/11\/VOOPOO_Drag_H80S_Kit_Dual_In_One_Tech-300x229.jpg 300w, https:\/\/justvape.nu\/wp-content\/uploads\/2022\/11\/VOOPOO_Drag_H80S_Kit_Dual_In_One_Tech-768x586.jpg 768w, https:\/\/justvape.nu\/wp-content\/uploads\/2022\/11\/VOOPOO_Drag_H80S_Kit_Dual_In_One_Tech-600x458.jpg 600w, https:\/\/justvape.nu\/wp-content\/uploads\/2022\/11\/VOOPOO_Drag_H80S_Kit_Dual_In_One_Tech-64x49.jpg 64w\" sizes=\"auto, (max-width: 831px) 100vw, 831px\" \/><\/a> <a href=\"https:\/\/justvape.nu\/wp-content\/uploads\/2022\/11\/VOOPOO_Drag_H80S_Kit_Features.jpg\"><img loading=\"lazy\" decoding=\"async\" class=\"alignnone size-full wp-image-545851\" src=\"https:\/\/justvape.nu\/wp-content\/uploads\/2022\/11\/VOOPOO_Drag_H80S_Kit_Features.jpg\" alt=\"\" width=\"831\" height=\"577\" title=\"\" srcset=\"https:\/\/justvape.nu\/wp-content\/uploads\/2022\/11\/VOOPOO_Drag_H80S_Kit_Features.jpg 831w, https:\/\/justvape.nu\/wp-content\/uploads\/2022\/11\/VOOPOO_Drag_H80S_Kit_Features-300x208.jpg 300w, https:\/\/justvape.nu\/wp-content\/uploads\/2022\/11\/VOOPOO_Drag_H80S_Kit_Features-768x533.jpg 768w, https:\/\/justvape.nu\/wp-content\/uploads\/2022\/11\/VOOPOO_Drag_H80S_Kit_Features-600x417.jpg 600w, https:\/\/justvape.nu\/wp-content\/uploads\/2022\/11\/VOOPOO_Drag_H80S_Kit_Features-64x44.jpg 64w\" sizes=\"auto, (max-width: 831px) 100vw, 831px\" \/><\/a> <a href=\"https:\/\/justvape.nu\/wp-content\/uploads\/2022\/11\/VOOPOO_Drag_H80S_Kit_GENE_Chip.jpg\"><img loading=\"lazy\" decoding=\"async\" class=\"alignnone size-full wp-image-545860\" src=\"https:\/\/justvape.nu\/wp-content\/uploads\/2022\/11\/VOOPOO_Drag_H80S_Kit_GENE_Chip.jpg\" alt=\"\" width=\"831\" height=\"613\" title=\"\" srcset=\"https:\/\/justvape.nu\/wp-content\/uploads\/2022\/11\/VOOPOO_Drag_H80S_Kit_GENE_Chip.jpg 831w, https:\/\/justvape.nu\/wp-content\/uploads\/2022\/11\/VOOPOO_Drag_H80S_Kit_GENE_Chip-300x221.jpg 300w, https:\/\/justvape.nu\/wp-content\/uploads\/2022\/11\/VOOPOO_Drag_H80S_Kit_GENE_Chip-768x567.jpg 768w, https:\/\/justvape.nu\/wp-content\/uploads\/2022\/11\/VOOPOO_Drag_H80S_Kit_GENE_Chip-600x443.jpg 600w, https:\/\/justvape.nu\/wp-content\/uploads\/2022\/11\/VOOPOO_Drag_H80S_Kit_GENE_Chip-64x47.jpg 64w\" sizes=\"auto, (max-width: 831px) 100vw, 831px\" \/><\/a> <a href=\"https:\/\/justvape.nu\/wp-content\/uploads\/2022\/11\/VOOPOO_Drag_H80S_Kit_New_PnP_Coils.jpg\"><img loading=\"lazy\" decoding=\"async\" class=\"alignnone size-full wp-image-545869\" src=\"https:\/\/justvape.nu\/wp-content\/uploads\/2022\/11\/VOOPOO_Drag_H80S_Kit_New_PnP_Coils.jpg\" alt=\"\" width=\"831\" height=\"587\" title=\"\" srcset=\"https:\/\/justvape.nu\/wp-content\/uploads\/2022\/11\/VOOPOO_Drag_H80S_Kit_New_PnP_Coils.jpg 831w, https:\/\/justvape.nu\/wp-content\/uploads\/2022\/11\/VOOPOO_Drag_H80S_Kit_New_PnP_Coils-300x212.jpg 300w, https:\/\/justvape.nu\/wp-content\/uploads\/2022\/11\/VOOPOO_Drag_H80S_Kit_New_PnP_Coils-768x542.jpg 768w, https:\/\/justvape.nu\/wp-content\/uploads\/2022\/11\/VOOPOO_Drag_H80S_Kit_New_PnP_Coils-600x424.jpg 600w, https:\/\/justvape.nu\/wp-content\/uploads\/2022\/11\/VOOPOO_Drag_H80S_Kit_New_PnP_Coils-64x45.jpg 64w\" sizes=\"auto, (max-width: 831px) 100vw, 831px\" \/><\/a> <a href=\"https:\/\/justvape.nu\/wp-content\/uploads\/2022\/11\/VOOPOO_Drag_H80S_Kit_New_UI.jpg\"><img loading=\"lazy\" decoding=\"async\" class=\"alignnone size-full wp-image-545878\" src=\"https:\/\/justvape.nu\/wp-content\/uploads\/2022\/11\/VOOPOO_Drag_H80S_Kit_New_UI.jpg\" alt=\"\" width=\"831\" height=\"655\" title=\"\" srcset=\"https:\/\/justvape.nu\/wp-content\/uploads\/2022\/11\/VOOPOO_Drag_H80S_Kit_New_UI.jpg 831w, https:\/\/justvape.nu\/wp-content\/uploads\/2022\/11\/VOOPOO_Drag_H80S_Kit_New_UI-300x236.jpg 300w, https:\/\/justvape.nu\/wp-content\/uploads\/2022\/11\/VOOPOO_Drag_H80S_Kit_New_UI-768x605.jpg 768w, https:\/\/justvape.nu\/wp-content\/uploads\/2022\/11\/VOOPOO_Drag_H80S_Kit_New_UI-600x473.jpg 600w, https:\/\/justvape.nu\/wp-content\/uploads\/2022\/11\/VOOPOO_Drag_H80S_Kit_New_UI-64x50.jpg 64w\" sizes=\"auto, (max-width: 831px) 100vw, 831px\" \/><\/a> <a href=\"https:\/\/justvape.nu\/wp-content\/uploads\/2022\/11\/VOOPOO_Drag_H80S_Kit_Safety_Protections.jpg\"><img loading=\"lazy\" decoding=\"async\" class=\"alignnone size-full wp-image-545888\" src=\"https:\/\/justvape.nu\/wp-content\/uploads\/2022\/11\/VOOPOO_Drag_H80S_Kit_Safety_Protections.jpg\" alt=\"\" width=\"831\" height=\"567\" title=\"\" srcset=\"https:\/\/justvape.nu\/wp-content\/uploads\/2022\/11\/VOOPOO_Drag_H80S_Kit_Safety_Protections.jpg 831w, https:\/\/justvape.nu\/wp-content\/uploads\/2022\/11\/VOOPOO_Drag_H80S_Kit_Safety_Protections-300x205.jpg 300w, https:\/\/justvape.nu\/wp-content\/uploads\/2022\/11\/VOOPOO_Drag_H80S_Kit_Safety_Protections-768x524.jpg 768w, https:\/\/justvape.nu\/wp-content\/uploads\/2022\/11\/VOOPOO_Drag_H80S_Kit_Safety_Protections-600x409.jpg 600w, https:\/\/justvape.nu\/wp-content\/uploads\/2022\/11\/VOOPOO_Drag_H80S_Kit_Safety_Protections-64x44.jpg 64w\" sizes=\"auto, (max-width: 831px) 100vw, 831px\" \/><\/a><\/p>\n<p class=\"description-img-center \">\n<div class=\"shop-features \">\n<h2 class=\"shop-features-title \"><a href=\"https:\/\/justvape.nu\/wp-content\/uploads\/2018\/04\/Packing-List.png\"><img loading=\"lazy\" decoding=\"async\" class=\"alignnone size-full wp-image-229153\" src=\"https:\/\/justvape.nu\/wp-content\/uploads\/2018\/04\/Packing-List.png\" alt=\"\" width=\"950\" height=\"64\" title=\"\" srcset=\"https:\/\/justvape.nu\/wp-content\/uploads\/2018\/04\/Packing-List.png 950w, https:\/\/justvape.nu\/wp-content\/uploads\/2018\/04\/Packing-List-600x40.png 600w, https:\/\/justvape.nu\/wp-content\/uploads\/2018\/04\/Packing-List-64x4.png 64w, https:\/\/justvape.nu\/wp-content\/uploads\/2018\/04\/Packing-List-300x20.png 300w, https:\/\/justvape.nu\/wp-content\/uploads\/2018\/04\/Packing-List-768x52.png 768w\" sizes=\"auto, (max-width: 950px) 100vw, 950px\" \/><\/a><\/h2>\n<\/div>\n<p><strong class=\"description-little-title \">El paquete de Drag H80S Pod Mod Kit viene con:<\/strong><\/p>\n<p>1* Dispositivo Drag H80 S<br \/>\n1* PNP Pod II 2ml<br \/>\n1* Bobina PNP-TW30 de 0,3ohm<br \/>\n1* Bobina PNP-TW15 de 0,15ohm<br \/>\n1* Cable tipo C<br \/>\n1 * manual de usuario<\/p>\n<p>&nbsp;<\/p>\n","protected":false},"excerpt":{"rendered":"<p>VOOPOO &#8211; DRAG H80S KIT<\/p>\n","protected":false},"featured_media":545904,"comment_status":"open","ping_status":"closed","template":"","meta":{"_acf_changed":false,"_uag_custom_page_level_css":"","site-sidebar-layout":"default","site-content-layout":"default","ast-site-content-layout":"default","site-content-style":"default","site-sidebar-style":"default","ast-global-header-display":"","ast-banner-title-visibility":"","ast-main-header-display":"","ast-hfb-above-header-display":"","ast-hfb-below-header-display":"","ast-hfb-mobile-header-display":"","site-post-title":"","ast-breadcrumbs-content":"","ast-featured-img":"","footer-sml-layout":"","ast-disable-related-posts":"","theme-transparent-header-meta":"default","adv-header-id-meta":"","stick-header-meta":"default","header-above-stick-meta":"","header-main-stick-meta":"","header-below-stick-meta":"","astra-migrate-meta-layouts":"default","ast-page-background-enabled":"default","ast-page-background-meta":{"desktop":{"background-color":"","background-image":"","background-repeat":"repeat","background-position":"center center","background-size":"auto","background-attachment":"scroll","background-type":"","background-media":"","overlay-type":"","overlay-color":"","overlay-opacity":"","overlay-gradient":""},"tablet":{"background-color":"","background-image":"","background-repeat":"repeat","background-position":"center center","background-size":"auto","background-attachment":"scroll","background-type":"","background-media":"","overlay-type":"","overlay-color":"","overlay-opacity":"","overlay-gradient":""},"mobile":{"background-color":"","background-image":"","background-repeat":"repeat","background-position":"center center","background-size":"auto","background-attachment":"scroll","background-type":"","background-media":"","overlay-type":"","overlay-color":"","overlay-opacity":"","overlay-gradient":""}},"ast-content-background-meta":{"desktop":{"background-color":"var(--ast-global-color-5)","background-image":"","background-repeat":"repeat","background-position":"center center","background-size":"auto","background-attachment":"scroll","background-type":"","background-media":"","overlay-type":"","overlay-color":"","overlay-opacity":"","overlay-gradient":""},"tablet":{"background-color":"var(--ast-global-color-5)","background-image":"","background-repeat":"repeat","background-position":"center center","background-size":"auto","background-attachment":"scroll","background-type":"","background-media":"","overlay-type":"","overlay-color":"","overlay-opacity":"","overlay-gradient":""},"mobile":{"background-color":"var(--ast-global-color-5)","background-image":"","background-repeat":"repeat","background-position":"center center","background-size":"auto","background-attachment":"scroll","background-type":"","background-media":"","overlay-type":"","overlay-color":"","overlay-opacity":"","overlay-gradient":""}}},"product_brand":[],"product_cat":[2529,2530,2531],"product_tag":[],"class_list":{"0":"post-546026","1":"product","2":"type-product","3":"status-publish","4":"has-post-thumbnail","6":"product_cat-hardware-es","7":"product_cat-shop-by-brand-es","8":"product_cat-voopoo-es","9":"desktop-align-center","10":"tablet-align-center","11":"mobile-align-center","12":"ast-product-gallery-layout-horizontal-slider","13":"ast-product-gallery-with-no-image","14":"ast-product-single-variable","15":"ast-product-tabs-layout-horizontal","17":"first","18":"instock","19":"sale","20":"taxable","21":"shipping-taxable","22":"purchasable","23":"product-type-variable"},"acf":[],"uagb_featured_image_src":{"full":["https:\/\/justvape.nu\/wp-content\/uploads\/2022\/11\/VOOPOO-Drag-H80S-Pod-Kit.jpg",800,800,false],"thumbnail":["https:\/\/justvape.nu\/wp-content\/uploads\/2022\/11\/VOOPOO-Drag-H80S-Pod-Kit-150x150.jpg",150,150,true],"medium":["https:\/\/justvape.nu\/wp-content\/uploads\/2022\/11\/VOOPOO-Drag-H80S-Pod-Kit-300x300.jpg",300,300,true],"medium_large":["https:\/\/justvape.nu\/wp-content\/uploads\/2022\/11\/VOOPOO-Drag-H80S-Pod-Kit-768x768.jpg",768,768,true],"large":["https:\/\/justvape.nu\/wp-content\/uploads\/2022\/11\/VOOPOO-Drag-H80S-Pod-Kit.jpg",800,800,false],"1536x1536":["https:\/\/justvape.nu\/wp-content\/uploads\/2022\/11\/VOOPOO-Drag-H80S-Pod-Kit.jpg",800,800,false],"2048x2048":["https:\/\/justvape.nu\/wp-content\/uploads\/2022\/11\/VOOPOO-Drag-H80S-Pod-Kit.jpg",800,800,false],"woocommerce_thumbnail":["https:\/\/justvape.nu\/wp-content\/uploads\/2022\/11\/VOOPOO-Drag-H80S-Pod-Kit-300x300.jpg",300,300,true],"woocommerce_single":["https:\/\/justvape.nu\/wp-content\/uploads\/2022\/11\/VOOPOO-Drag-H80S-Pod-Kit-600x600.jpg",600,600,true],"woocommerce_gallery_thumbnail":["https:\/\/justvape.nu\/wp-content\/uploads\/2022\/11\/VOOPOO-Drag-H80S-Pod-Kit-100x100.jpg",100,100,true],"dgwt-wcas-product-suggestion":["https:\/\/justvape.nu\/wp-content\/uploads\/2022\/11\/VOOPOO-Drag-H80S-Pod-Kit-64x64.jpg",64,64,true]},"uagb_author_info":{"display_name":"Kenneth Merkur","author_link":"https:\/\/justvape.nu\/es\/author\/"},"uagb_comment_info":0,"uagb_excerpt":"VOOPOO - DRAG H80S KIT","_links":{"self":[{"href":"https:\/\/justvape.nu\/es\/wp-json\/wp\/v2\/product\/546026","targetHints":{"allow":["GET"]}}],"collection":[{"href":"https:\/\/justvape.nu\/es\/wp-json\/wp\/v2\/product"}],"about":[{"href":"https:\/\/justvape.nu\/es\/wp-json\/wp\/v2\/types\/product"}],"replies":[{"embeddable":true,"href":"https:\/\/justvape.nu\/es\/wp-json\/wp\/v2\/comments?post=546026"}],"wp:featuredmedia":[{"embeddable":true,"href":"https:\/\/justvape.nu\/es\/wp-json\/wp\/v2\/media\/545904"}],"wp:attachment":[{"href":"https:\/\/justvape.nu\/es\/wp-json\/wp\/v2\/media?parent=546026"}],"wp:term":[{"taxonomy":"product_brand","embeddable":true,"href":"https:\/\/justvape.nu\/es\/wp-json\/wp\/v2\/product_brand?post=546026"},{"taxonomy":"product_cat","embeddable":true,"href":"https:\/\/justvape.nu\/es\/wp-json\/wp\/v2\/product_cat?post=546026"},{"taxonomy":"product_tag","embeddable":true,"href":"https:\/\/justvape.nu\/es\/wp-json\/wp\/v2\/product_tag?post=546026"}],"curies":[{"name":"wp","href":"https:\/\/api.w.org\/{rel}","templated":true}]}}