{"id":544052,"date":"2022-11-01T14:29:11","date_gmt":"2022-11-01T13:29:11","guid":{"rendered":"https:\/\/justvape.nu\/produkt\/uwell-crown-d-pod-mod\/"},"modified":"2024-04-09T14:41:00","modified_gmt":"2024-04-09T12:41:00","slug":"uwell-crown-d-pod-mod-2","status":"publish","type":"product","link":"https:\/\/justvape.nu\/es\/produkt\/uwell-crown-d-pod-mod-2\/","title":{"rendered":"UWELL &#8211; CROWN D POD MOD"},"content":{"rendered":"<h2>UWELL &#8211; CROWN D POD MOD<\/h2>\n<p>El Uwell Crown D Pod Mod es el \u00faltimo de la serie Uwell Crown, que ofrece una tecnolog\u00eda de mejora del sabor y una selecci\u00f3n de 5 modos diferentes de vaping, que van desde el bypass y los modos de voltaje.<\/p>\n<p>Su bater\u00eda de mayor duraci\u00f3n, de 1100mAh, lo convierte en el competidor perfecto para vaping sobre la marcha, ya que la mayor\u00eda de los vapers pueden esperar un d\u00eda completo de vaping sin tener que recargar.<\/p>\n<p>Con un dise\u00f1o delgado y port\u00e1til, el kit Uwell Crown D es perfecto para vapear sobre la marcha sin perder ninguna caracter\u00edstica avanzada.<\/p>\n<p>Utilizando una c\u00e1psula de 2ml y un sistema de llenado superior, la reposici\u00f3n del e-l\u00edquido es f\u00e1cil y sin complicaciones. Las vainas son compatibles con la serie de bobinas PA de Uwell, y \u00e9stas est\u00e1n disponibles en resistencia de 0,3ohm o 0,8ohm, as\u00ed que tanto si eres un vapeador de sub-ohm como si prefieres una experiencia boca a pulm\u00f3n, este kit puede adaptarse a ambos estilos.<\/p>\n<p><img loading=\"lazy\" decoding=\"async\" class=\"alignnone size-full wp-image-383695\" src=\"https:\/\/justvape.nu\/wp-content\/uploads\/2021\/05\/Color-Scheme.png\" alt=\"\" width=\"950\" height=\"64\" title=\"\" srcset=\"https:\/\/justvape.nu\/wp-content\/uploads\/2021\/05\/Color-Scheme.png 950w, https:\/\/justvape.nu\/wp-content\/uploads\/2021\/05\/Color-Scheme-600x40.png 600w, https:\/\/justvape.nu\/wp-content\/uploads\/2021\/05\/Color-Scheme-64x4.png 64w, https:\/\/justvape.nu\/wp-content\/uploads\/2021\/05\/Color-Scheme-300x20.png 300w, https:\/\/justvape.nu\/wp-content\/uploads\/2021\/05\/Color-Scheme-768x52.png 768w\" sizes=\"auto, (max-width: 950px) 100vw, 950px\" \/><\/p>\n<p class=\"description-img-center\"><img decoding=\"async\" src=\"https:\/\/www.sourcemore.com\/media\/wysiwyg\/Uwell\/Uwell_Crown_D_Pod_Mod_Kit_Colors.jpg\" alt=\"Uwell Crown D Pod Mod Kit Colores\" width=\"75%\" height=\"100%\" title=\"\"><\/p>\n<div class=\"shop-features \">\n<h2 class=\"shop-features-title \"><img loading=\"lazy\" decoding=\"async\" class=\"alignnone size-full wp-image-390997\" src=\"https:\/\/justvape.nu\/wp-content\/uploads\/2021\/06\/Specifications1.png\" alt=\"\" width=\"950\" height=\"64\" title=\"\" srcset=\"https:\/\/justvape.nu\/wp-content\/uploads\/2021\/06\/Specifications1.png 950w, https:\/\/justvape.nu\/wp-content\/uploads\/2021\/06\/Specifications1-600x40.png 600w, https:\/\/justvape.nu\/wp-content\/uploads\/2021\/06\/Specifications1-64x4.png 64w, https:\/\/justvape.nu\/wp-content\/uploads\/2021\/06\/Specifications1-300x20.png 300w, https:\/\/justvape.nu\/wp-content\/uploads\/2021\/06\/Specifications1-768x52.png 768w\" sizes=\"auto, (max-width: 950px) 100vw, 950px\" \/><\/h2>\n<\/div>\n<p><strong class=\"description-little-title\">Par\u00e1metros del kit Uwell Crown D:<\/strong><\/p>\n<table class=\"description-table\">\n<tbody>\n<tr>\n<td class=\"strong-title \">Marca<\/td>\n<td class=\"inline\">Uwell<\/td>\n<\/tr>\n<tr>\n<td class=\"strong-title \">Nombre del producto<\/td>\n<td class=\"inline\">Kit Crown D Pod Mod<\/td>\n<\/tr>\n<tr>\n<td class=\"strong-title \">Material<\/td>\n<td class=\"inline\">Aleaci\u00f3n de aluminio, PCTG<\/td>\n<\/tr>\n<tr>\n<td class=\"strong-title \">Dimensiones<\/td>\n<td class=\"inline\">106*28*18,5mm<\/td>\n<\/tr>\n<tr>\n<td class=\"strong-title \">Capacidad de e-l\u00edquido<\/td>\n<td class=\"inline\">2ml<\/td>\n<\/tr>\n<tr>\n<td class=\"strong-title \">Rango de salida<\/td>\n<td class=\"inline\">5-35W<\/td>\n<\/tr>\n<tr>\n<td class=\"strong-title \">Capacidad de la bater\u00eda<\/td>\n<td class=\"inline\">1100mAh<\/td>\n<\/tr>\n<tr>\n<td class=\"strong-title \">Especificaci\u00f3n de la bobina<\/td>\n<td class=\"inline\">Bobina FeCrAI Meshed 0.3ohm Uwell PA: 25W-35W(Pre-instalada, DTL)<br \/>\nBobina FeCrAI Meshed 0.8ohm Uwell PA: 15W-18W(Recambio, RDL+MTL)<\/td>\n<\/tr>\n<tr>\n<td class=\"strong-title \">Tipo de relleno<\/td>\n<td class=\"inline\">Relleno superior<\/td>\n<\/tr>\n<tr>\n<td class=\"strong-title \">Modos de salida<\/td>\n<td class=\"inline\">POW, VOLT, CURVAS, BYPASS, PERSONALIZAR<\/td>\n<\/tr>\n<tr>\n<td class=\"strong-title \">Pantalla de visualizaci\u00f3n<\/td>\n<td class=\"inline\">Pantalla TFT de 0,96 pulgadas<\/td>\n<\/tr>\n<tr>\n<td class=\"strong-title \">Flujo de aire<\/td>\n<td class=\"inline\">Ajuste del flujo de aire lateral<\/td>\n<\/tr>\n<tr>\n<td class=\"strong-title \">Color<\/td>\n<td class=\"inline\">Rojo, Gris, Verde, Azul, Morado, Negro<\/td>\n<\/tr>\n<\/tbody>\n<\/table>\n<div class=\"shop-features \">\n<h2><img loading=\"lazy\" decoding=\"async\" class=\"alignnone size-full wp-image-543490\" style=\"font-weight: inherit;\" src=\"https:\/\/justvape.nu\/wp-content\/uploads\/2022\/11\/Uwell_Crown_D_Kit_Specifications.jpg\" alt=\"\" width=\"831\" height=\"507\" title=\"\" srcset=\"https:\/\/justvape.nu\/wp-content\/uploads\/2022\/11\/Uwell_Crown_D_Kit_Specifications.jpg 831w, https:\/\/justvape.nu\/wp-content\/uploads\/2022\/11\/Uwell_Crown_D_Kit_Specifications-300x183.jpg 300w, https:\/\/justvape.nu\/wp-content\/uploads\/2022\/11\/Uwell_Crown_D_Kit_Specifications-768x469.jpg 768w, https:\/\/justvape.nu\/wp-content\/uploads\/2022\/11\/Uwell_Crown_D_Kit_Specifications-600x366.jpg 600w, https:\/\/justvape.nu\/wp-content\/uploads\/2022\/11\/Uwell_Crown_D_Kit_Specifications-64x39.jpg 64w\" sizes=\"auto, (max-width: 831px) 100vw, 831px\" \/><\/h2>\n<h2 class=\"shop-features-title \"><img loading=\"lazy\" decoding=\"async\" class=\"alignnone size-full wp-image-248459\" src=\"https:\/\/justvape.nu\/wp-content\/uploads\/2018\/05\/Features.png\" alt=\"\" width=\"950\" height=\"64\" title=\"\" srcset=\"https:\/\/justvape.nu\/wp-content\/uploads\/2018\/05\/Features.png 950w, https:\/\/justvape.nu\/wp-content\/uploads\/2018\/05\/Features-600x40.png 600w, https:\/\/justvape.nu\/wp-content\/uploads\/2018\/05\/Features-64x4.png 64w, https:\/\/justvape.nu\/wp-content\/uploads\/2018\/05\/Features-300x20.png 300w, https:\/\/justvape.nu\/wp-content\/uploads\/2018\/05\/Features-768x52.png 768w\" sizes=\"auto, (max-width: 950px) 100vw, 950px\" \/><\/h2>\n<\/div>\n<p><strong class=\"description-little-title\">Detalles de Uwell Crown D:<\/strong><\/p>\n<ul>\n<li style=\"list-style-type: none;\">\n<ul>\n<li>1. 5 modos de salida: POW, VOLT, CURVES, BYPASS, CUSTOMIZE<\/li>\n<li>2. Ajustes de par\u00e1metros individuales<\/li>\n<li>3. Ajuste de potencia sin escalas<\/li>\n<li>4. Bater\u00eda de gran capacidad de 1100mAh<\/li>\n<li>5. Pantalla TFT de 0,96 pulgadas<\/li>\n<li>6. Auto-draw &amp; button firing dual ignition way<\/li>\n<li>7. C\u00f3modo sistema de llenado superior<\/li>\n<li>8. Fuerte conexi\u00f3n magn\u00e9tica de la vaina<\/li>\n<li>9. Tecnolog\u00eda de ajuste de sabor Pro-FOCS<\/li>\n<li>10. C\u00f3modo ajuste del flujo de aire lateral<\/li>\n<\/ul>\n<\/li>\n<\/ul>\n<p><img loading=\"lazy\" decoding=\"async\" class=\"alignnone size-full wp-image-543472\" src=\"https:\/\/justvape.nu\/wp-content\/uploads\/2022\/11\/Uwell_Crown_D_Kit_Features.jpg\" alt=\"\" width=\"831\" height=\"421\" title=\"\" srcset=\"https:\/\/justvape.nu\/wp-content\/uploads\/2022\/11\/Uwell_Crown_D_Kit_Features.jpg 831w, https:\/\/justvape.nu\/wp-content\/uploads\/2022\/11\/Uwell_Crown_D_Kit_Features-300x152.jpg 300w, https:\/\/justvape.nu\/wp-content\/uploads\/2022\/11\/Uwell_Crown_D_Kit_Features-768x389.jpg 768w, https:\/\/justvape.nu\/wp-content\/uploads\/2022\/11\/Uwell_Crown_D_Kit_Features-600x304.jpg 600w, https:\/\/justvape.nu\/wp-content\/uploads\/2022\/11\/Uwell_Crown_D_Kit_Features-64x32.jpg 64w\" sizes=\"auto, (max-width: 831px) 100vw, 831px\" \/><img loading=\"lazy\" decoding=\"async\" class=\"alignnone size-full wp-image-543481\" style=\"font-style: inherit; font-weight: inherit;\" src=\"https:\/\/justvape.nu\/wp-content\/uploads\/2022\/11\/Uwell_Crown_D_Kit_Structure.jpg\" alt=\"\" width=\"831\" height=\"486\" title=\"\" srcset=\"https:\/\/justvape.nu\/wp-content\/uploads\/2022\/11\/Uwell_Crown_D_Kit_Structure.jpg 831w, https:\/\/justvape.nu\/wp-content\/uploads\/2022\/11\/Uwell_Crown_D_Kit_Structure-300x175.jpg 300w, https:\/\/justvape.nu\/wp-content\/uploads\/2022\/11\/Uwell_Crown_D_Kit_Structure-768x449.jpg 768w, https:\/\/justvape.nu\/wp-content\/uploads\/2022\/11\/Uwell_Crown_D_Kit_Structure-600x351.jpg 600w, https:\/\/justvape.nu\/wp-content\/uploads\/2022\/11\/Uwell_Crown_D_Kit_Structure-64x37.jpg 64w\" sizes=\"auto, (max-width: 831px) 100vw, 831px\" \/> <span style=\"font-size: 16px;\"> <\/span><img loading=\"lazy\" decoding=\"async\" class=\"alignnone size-full wp-image-543499\" style=\"font-style: inherit; font-weight: inherit;\" src=\"https:\/\/justvape.nu\/wp-content\/uploads\/2022\/11\/Uwell_Crown_D_Kit_Dual_Ignition_Ways.jpg\" alt=\"\" width=\"831\" height=\"442\" title=\"\" srcset=\"https:\/\/justvape.nu\/wp-content\/uploads\/2022\/11\/Uwell_Crown_D_Kit_Dual_Ignition_Ways.jpg 831w, https:\/\/justvape.nu\/wp-content\/uploads\/2022\/11\/Uwell_Crown_D_Kit_Dual_Ignition_Ways-300x160.jpg 300w, https:\/\/justvape.nu\/wp-content\/uploads\/2022\/11\/Uwell_Crown_D_Kit_Dual_Ignition_Ways-768x408.jpg 768w, https:\/\/justvape.nu\/wp-content\/uploads\/2022\/11\/Uwell_Crown_D_Kit_Dual_Ignition_Ways-600x319.jpg 600w, https:\/\/justvape.nu\/wp-content\/uploads\/2022\/11\/Uwell_Crown_D_Kit_Dual_Ignition_Ways-64x34.jpg 64w\" sizes=\"auto, (max-width: 831px) 100vw, 831px\" \/> <img loading=\"lazy\" decoding=\"async\" class=\"alignnone size-full wp-image-543508\" style=\"font-style: inherit; font-weight: inherit;\" src=\"https:\/\/justvape.nu\/wp-content\/uploads\/2022\/11\/Uwell_Crown_D_Kit_Advanced_Settings.jpg\" alt=\"\" width=\"831\" height=\"454\" title=\"\" srcset=\"https:\/\/justvape.nu\/wp-content\/uploads\/2022\/11\/Uwell_Crown_D_Kit_Advanced_Settings.jpg 831w, https:\/\/justvape.nu\/wp-content\/uploads\/2022\/11\/Uwell_Crown_D_Kit_Advanced_Settings-300x164.jpg 300w, https:\/\/justvape.nu\/wp-content\/uploads\/2022\/11\/Uwell_Crown_D_Kit_Advanced_Settings-768x420.jpg 768w, https:\/\/justvape.nu\/wp-content\/uploads\/2022\/11\/Uwell_Crown_D_Kit_Advanced_Settings-600x328.jpg 600w, https:\/\/justvape.nu\/wp-content\/uploads\/2022\/11\/Uwell_Crown_D_Kit_Advanced_Settings-64x35.jpg 64w\" sizes=\"auto, (max-width: 831px) 100vw, 831px\" \/> <img loading=\"lazy\" decoding=\"async\" class=\"alignnone size-full wp-image-543517\" style=\"font-style: inherit; font-weight: inherit;\" src=\"https:\/\/justvape.nu\/wp-content\/uploads\/2022\/11\/Uwell_Crown_D_Kit_Screen.jpg\" alt=\"\" width=\"831\" height=\"485\" title=\"\" srcset=\"https:\/\/justvape.nu\/wp-content\/uploads\/2022\/11\/Uwell_Crown_D_Kit_Screen.jpg 831w, https:\/\/justvape.nu\/wp-content\/uploads\/2022\/11\/Uwell_Crown_D_Kit_Screen-300x175.jpg 300w, https:\/\/justvape.nu\/wp-content\/uploads\/2022\/11\/Uwell_Crown_D_Kit_Screen-768x448.jpg 768w, https:\/\/justvape.nu\/wp-content\/uploads\/2022\/11\/Uwell_Crown_D_Kit_Screen-600x350.jpg 600w, https:\/\/justvape.nu\/wp-content\/uploads\/2022\/11\/Uwell_Crown_D_Kit_Screen-64x37.jpg 64w\" sizes=\"auto, (max-width: 831px) 100vw, 831px\" \/> <img loading=\"lazy\" decoding=\"async\" class=\"alignnone size-full wp-image-543526\" style=\"font-style: inherit; font-weight: inherit;\" src=\"https:\/\/justvape.nu\/wp-content\/uploads\/2022\/11\/Uwell_Crown_D_Kit_Meshed_Coils.jpg\" alt=\"\" width=\"831\" height=\"475\" title=\"\" srcset=\"https:\/\/justvape.nu\/wp-content\/uploads\/2022\/11\/Uwell_Crown_D_Kit_Meshed_Coils.jpg 831w, https:\/\/justvape.nu\/wp-content\/uploads\/2022\/11\/Uwell_Crown_D_Kit_Meshed_Coils-300x171.jpg 300w, https:\/\/justvape.nu\/wp-content\/uploads\/2022\/11\/Uwell_Crown_D_Kit_Meshed_Coils-768x439.jpg 768w, https:\/\/justvape.nu\/wp-content\/uploads\/2022\/11\/Uwell_Crown_D_Kit_Meshed_Coils-600x343.jpg 600w, https:\/\/justvape.nu\/wp-content\/uploads\/2022\/11\/Uwell_Crown_D_Kit_Meshed_Coils-64x37.jpg 64w\" sizes=\"auto, (max-width: 831px) 100vw, 831px\" \/> <img loading=\"lazy\" decoding=\"async\" class=\"alignnone size-full wp-image-543535\" style=\"font-style: inherit; font-weight: inherit;\" src=\"https:\/\/justvape.nu\/wp-content\/uploads\/2022\/11\/Uwell_Crown_D_Kit_Battery_Capacity.jpg\" alt=\"\" width=\"831\" height=\"416\" title=\"\" srcset=\"https:\/\/justvape.nu\/wp-content\/uploads\/2022\/11\/Uwell_Crown_D_Kit_Battery_Capacity.jpg 831w, https:\/\/justvape.nu\/wp-content\/uploads\/2022\/11\/Uwell_Crown_D_Kit_Battery_Capacity-300x150.jpg 300w, https:\/\/justvape.nu\/wp-content\/uploads\/2022\/11\/Uwell_Crown_D_Kit_Battery_Capacity-768x384.jpg 768w, https:\/\/justvape.nu\/wp-content\/uploads\/2022\/11\/Uwell_Crown_D_Kit_Battery_Capacity-600x300.jpg 600w, https:\/\/justvape.nu\/wp-content\/uploads\/2022\/11\/Uwell_Crown_D_Kit_Battery_Capacity-64x32.jpg 64w\" sizes=\"auto, (max-width: 831px) 100vw, 831px\" \/> <img loading=\"lazy\" decoding=\"async\" class=\"alignnone size-full wp-image-543544\" style=\"font-style: inherit; font-weight: inherit;\" src=\"https:\/\/justvape.nu\/wp-content\/uploads\/2022\/11\/Uwell_Crown_D_Kit_Airflow_Adjustment.jpg\" alt=\"\" width=\"831\" height=\"410\" title=\"\" srcset=\"https:\/\/justvape.nu\/wp-content\/uploads\/2022\/11\/Uwell_Crown_D_Kit_Airflow_Adjustment.jpg 831w, https:\/\/justvape.nu\/wp-content\/uploads\/2022\/11\/Uwell_Crown_D_Kit_Airflow_Adjustment-300x148.jpg 300w, https:\/\/justvape.nu\/wp-content\/uploads\/2022\/11\/Uwell_Crown_D_Kit_Airflow_Adjustment-768x379.jpg 768w, https:\/\/justvape.nu\/wp-content\/uploads\/2022\/11\/Uwell_Crown_D_Kit_Airflow_Adjustment-600x296.jpg 600w, https:\/\/justvape.nu\/wp-content\/uploads\/2022\/11\/Uwell_Crown_D_Kit_Airflow_Adjustment-64x32.jpg 64w\" sizes=\"auto, (max-width: 831px) 100vw, 831px\" \/> <img loading=\"lazy\" decoding=\"async\" class=\"alignnone size-full wp-image-543553\" style=\"font-style: inherit; font-weight: inherit;\" src=\"https:\/\/justvape.nu\/wp-content\/uploads\/2022\/11\/Uwell_Crown_D_Kit_Power_Adjustment.jpg\" alt=\"\" width=\"831\" height=\"451\" title=\"\" srcset=\"https:\/\/justvape.nu\/wp-content\/uploads\/2022\/11\/Uwell_Crown_D_Kit_Power_Adjustment.jpg 831w, https:\/\/justvape.nu\/wp-content\/uploads\/2022\/11\/Uwell_Crown_D_Kit_Power_Adjustment-300x163.jpg 300w, https:\/\/justvape.nu\/wp-content\/uploads\/2022\/11\/Uwell_Crown_D_Kit_Power_Adjustment-768x417.jpg 768w, https:\/\/justvape.nu\/wp-content\/uploads\/2022\/11\/Uwell_Crown_D_Kit_Power_Adjustment-600x326.jpg 600w, https:\/\/justvape.nu\/wp-content\/uploads\/2022\/11\/Uwell_Crown_D_Kit_Power_Adjustment-64x35.jpg 64w\" sizes=\"auto, (max-width: 831px) 100vw, 831px\" \/> <img loading=\"lazy\" decoding=\"async\" class=\"alignnone size-full wp-image-543562\" style=\"font-style: inherit; font-weight: inherit;\" src=\"https:\/\/justvape.nu\/wp-content\/uploads\/2022\/11\/Uwell_Crown_D_Kit_Setting.jpg\" alt=\"\" width=\"831\" height=\"399\" title=\"\" srcset=\"https:\/\/justvape.nu\/wp-content\/uploads\/2022\/11\/Uwell_Crown_D_Kit_Setting.jpg 831w, https:\/\/justvape.nu\/wp-content\/uploads\/2022\/11\/Uwell_Crown_D_Kit_Setting-300x144.jpg 300w, https:\/\/justvape.nu\/wp-content\/uploads\/2022\/11\/Uwell_Crown_D_Kit_Setting-768x369.jpg 768w, https:\/\/justvape.nu\/wp-content\/uploads\/2022\/11\/Uwell_Crown_D_Kit_Setting-600x288.jpg 600w, https:\/\/justvape.nu\/wp-content\/uploads\/2022\/11\/Uwell_Crown_D_Kit_Setting-64x31.jpg 64w\" sizes=\"auto, (max-width: 831px) 100vw, 831px\" \/> <img loading=\"lazy\" decoding=\"async\" class=\"alignnone size-full wp-image-543571\" style=\"font-style: inherit; font-weight: inherit;\" src=\"https:\/\/justvape.nu\/wp-content\/uploads\/2022\/11\/Uwell_Crown_D_Kit_5_Output_Modes.jpg\" alt=\"\" width=\"831\" height=\"473\" title=\"\" srcset=\"https:\/\/justvape.nu\/wp-content\/uploads\/2022\/11\/Uwell_Crown_D_Kit_5_Output_Modes.jpg 831w, https:\/\/justvape.nu\/wp-content\/uploads\/2022\/11\/Uwell_Crown_D_Kit_5_Output_Modes-300x171.jpg 300w, https:\/\/justvape.nu\/wp-content\/uploads\/2022\/11\/Uwell_Crown_D_Kit_5_Output_Modes-768x437.jpg 768w, https:\/\/justvape.nu\/wp-content\/uploads\/2022\/11\/Uwell_Crown_D_Kit_5_Output_Modes-600x342.jpg 600w, https:\/\/justvape.nu\/wp-content\/uploads\/2022\/11\/Uwell_Crown_D_Kit_5_Output_Modes-64x36.jpg 64w\" sizes=\"auto, (max-width: 831px) 100vw, 831px\" \/> <img loading=\"lazy\" decoding=\"async\" class=\"alignnone size-full wp-image-543580\" style=\"font-style: inherit; font-weight: inherit;\" src=\"https:\/\/justvape.nu\/wp-content\/uploads\/2022\/11\/Uwell_Crown_D_Kit_Powerful.jpg\" alt=\"\" width=\"831\" height=\"425\" title=\"\" srcset=\"https:\/\/justvape.nu\/wp-content\/uploads\/2022\/11\/Uwell_Crown_D_Kit_Powerful.jpg 831w, https:\/\/justvape.nu\/wp-content\/uploads\/2022\/11\/Uwell_Crown_D_Kit_Powerful-300x153.jpg 300w, https:\/\/justvape.nu\/wp-content\/uploads\/2022\/11\/Uwell_Crown_D_Kit_Powerful-768x393.jpg 768w, https:\/\/justvape.nu\/wp-content\/uploads\/2022\/11\/Uwell_Crown_D_Kit_Powerful-600x307.jpg 600w, https:\/\/justvape.nu\/wp-content\/uploads\/2022\/11\/Uwell_Crown_D_Kit_Powerful-64x33.jpg 64w\" sizes=\"auto, (max-width: 831px) 100vw, 831px\" \/><\/p>\n<div class=\"shop-features \">\n<h2 class=\"shop-features-title \"><img loading=\"lazy\" decoding=\"async\" class=\"alignnone size-full wp-image-229154\" src=\"https:\/\/justvape.nu\/wp-content\/uploads\/2018\/04\/Packing-List.png\" alt=\"\" width=\"950\" height=\"64\" title=\"\" srcset=\"https:\/\/justvape.nu\/wp-content\/uploads\/2018\/04\/Packing-List.png 950w, https:\/\/justvape.nu\/wp-content\/uploads\/2018\/04\/Packing-List-600x40.png 600w, https:\/\/justvape.nu\/wp-content\/uploads\/2018\/04\/Packing-List-64x4.png 64w, https:\/\/justvape.nu\/wp-content\/uploads\/2018\/04\/Packing-List-300x20.png 300w, https:\/\/justvape.nu\/wp-content\/uploads\/2018\/04\/Packing-List-768x52.png 768w\" sizes=\"auto, (max-width: 950px) 100vw, 950px\" \/><\/h2>\n<\/div>\n<p><strong class=\"description-little-title \">El paquete de Crown D Pod Mod Kit viene con:<\/strong><\/p>\n<p>1* Dispositivo Crow D<br \/>\n1* Cartucho vac\u00edo Crow D<br \/>\n1* Uwell PA Coil 0.3ohm M Coil(Pre-instalado, DTL)<br \/>\n1* Uwell PA Coil 0.8ohm M Coil(Spare, RDL+MTL)<br \/>\n1* Cable de carga tipo C<br \/>\n1 * manual de usuario<\/p>\n<p class=\"description-img-center \"><img loading=\"lazy\" decoding=\"async\" class=\"alignnone size-full wp-image-543454\" src=\"https:\/\/justvape.nu\/wp-content\/uploads\/2022\/11\/Uwell_Crown_D_Kit_Package_List.jpg\" alt=\"\" width=\"831\" height=\"325\" title=\"\" srcset=\"https:\/\/justvape.nu\/wp-content\/uploads\/2022\/11\/Uwell_Crown_D_Kit_Package_List.jpg 831w, https:\/\/justvape.nu\/wp-content\/uploads\/2022\/11\/Uwell_Crown_D_Kit_Package_List-300x117.jpg 300w, https:\/\/justvape.nu\/wp-content\/uploads\/2022\/11\/Uwell_Crown_D_Kit_Package_List-768x300.jpg 768w, https:\/\/justvape.nu\/wp-content\/uploads\/2022\/11\/Uwell_Crown_D_Kit_Package_List-600x235.jpg 600w, https:\/\/justvape.nu\/wp-content\/uploads\/2022\/11\/Uwell_Crown_D_Kit_Package_List-64x25.jpg 64w\" sizes=\"auto, (max-width: 831px) 100vw, 831px\" \/><\/p>\n<div class=\"ast-oembed-container \" style=\"height: 100%;\"><iframe loading=\"lazy\" title=\"Crown D Pod Mod by Uwell!\" width=\"500\" height=\"281\" src=\"https:\/\/www.youtube.com\/embed\/Akmp8gvFEBs?feature=oembed\" frameborder=\"0\" allow=\"accelerometer; autoplay; clipboard-write; encrypted-media; gyroscope; picture-in-picture; web-share\" referrerpolicy=\"strict-origin-when-cross-origin\" allowfullscreen><\/iframe><\/div>\n","protected":false},"excerpt":{"rendered":"<p>UWELL &#8211; CROWN D POD MOD<\/p>\n","protected":false},"featured_media":543450,"comment_status":"open","ping_status":"closed","template":"","meta":{"_acf_changed":false,"_uag_custom_page_level_css":"","site-sidebar-layout":"default","site-content-layout":"default","ast-site-content-layout":"default","site-content-style":"default","site-sidebar-style":"default","ast-global-header-display":"","ast-banner-title-visibility":"","ast-main-header-display":"","ast-hfb-above-header-display":"","ast-hfb-below-header-display":"","ast-hfb-mobile-header-display":"","site-post-title":"","ast-breadcrumbs-content":"","ast-featured-img":"","footer-sml-layout":"","ast-disable-related-posts":"","theme-transparent-header-meta":"default","adv-header-id-meta":"","stick-header-meta":"default","header-above-stick-meta":"","header-main-stick-meta":"","header-below-stick-meta":"","astra-migrate-meta-layouts":"default","ast-page-background-enabled":"default","ast-page-background-meta":{"desktop":{"background-color":"","background-image":"","background-repeat":"repeat","background-position":"center center","background-size":"auto","background-attachment":"scroll","background-type":"","background-media":"","overlay-type":"","overlay-color":"","overlay-opacity":"","overlay-gradient":""},"tablet":{"background-color":"","background-image":"","background-repeat":"repeat","background-position":"center center","background-size":"auto","background-attachment":"scroll","background-type":"","background-media":"","overlay-type":"","overlay-color":"","overlay-opacity":"","overlay-gradient":""},"mobile":{"background-color":"","background-image":"","background-repeat":"repeat","background-position":"center center","background-size":"auto","background-attachment":"scroll","background-type":"","background-media":"","overlay-type":"","overlay-color":"","overlay-opacity":"","overlay-gradient":""}},"ast-content-background-meta":{"desktop":{"background-color":"var(--ast-global-color-5)","background-image":"","background-repeat":"repeat","background-position":"center center","background-size":"auto","background-attachment":"scroll","background-type":"","background-media":"","overlay-type":"","overlay-color":"","overlay-opacity":"","overlay-gradient":""},"tablet":{"background-color":"var(--ast-global-color-5)","background-image":"","background-repeat":"repeat","background-position":"center center","background-size":"auto","background-attachment":"scroll","background-type":"","background-media":"","overlay-type":"","overlay-color":"","overlay-opacity":"","overlay-gradient":""},"mobile":{"background-color":"var(--ast-global-color-5)","background-image":"","background-repeat":"repeat","background-position":"center center","background-size":"auto","background-attachment":"scroll","background-type":"","background-media":"","overlay-type":"","overlay-color":"","overlay-opacity":"","overlay-gradient":""}}},"product_brand":[],"product_cat":[2073,2529,2083,2530,3431],"product_tag":[],"class_list":{"0":"post-544052","1":"product","2":"type-product","3":"status-publish","4":"has-post-thumbnail","6":"product_cat-cigarrillos-electronicos","7":"product_cat-hardware-es","8":"product_cat-kits-para-principiantes-y-pods","9":"product_cat-shop-by-brand-es","10":"product_cat-uwell-es","11":"desktop-align-center","12":"tablet-align-center","13":"mobile-align-center","14":"ast-product-gallery-layout-horizontal-slider","15":"ast-product-gallery-with-no-image","16":"ast-product-single-variable","17":"ast-product-tabs-layout-horizontal","19":"first","20":"instock","21":"sale","22":"featured","23":"taxable","24":"shipping-taxable","25":"purchasable","26":"product-type-variable"},"acf":[],"uagb_featured_image_src":{"full":["https:\/\/justvape.nu\/wp-content\/uploads\/2022\/11\/group-uwell-crown-d-pod-mod-kit.webp",500,500,false],"thumbnail":["https:\/\/justvape.nu\/wp-content\/uploads\/2022\/11\/group-uwell-crown-d-pod-mod-kit-150x150.webp",150,150,true],"medium":["https:\/\/justvape.nu\/wp-content\/uploads\/2022\/11\/group-uwell-crown-d-pod-mod-kit-300x300.webp",300,300,true],"medium_large":["https:\/\/justvape.nu\/wp-content\/uploads\/2022\/11\/group-uwell-crown-d-pod-mod-kit.webp",500,500,false],"large":["https:\/\/justvape.nu\/wp-content\/uploads\/2022\/11\/group-uwell-crown-d-pod-mod-kit.webp",500,500,false],"1536x1536":["https:\/\/justvape.nu\/wp-content\/uploads\/2022\/11\/group-uwell-crown-d-pod-mod-kit.webp",500,500,false],"2048x2048":["https:\/\/justvape.nu\/wp-content\/uploads\/2022\/11\/group-uwell-crown-d-pod-mod-kit.webp",500,500,false],"woocommerce_thumbnail":["https:\/\/justvape.nu\/wp-content\/uploads\/2022\/11\/group-uwell-crown-d-pod-mod-kit-300x300.webp",300,300,true],"woocommerce_single":["https:\/\/justvape.nu\/wp-content\/uploads\/2022\/11\/group-uwell-crown-d-pod-mod-kit.webp",500,500,false],"woocommerce_gallery_thumbnail":["https:\/\/justvape.nu\/wp-content\/uploads\/2022\/11\/group-uwell-crown-d-pod-mod-kit-100x100.webp",100,100,true],"dgwt-wcas-product-suggestion":["https:\/\/justvape.nu\/wp-content\/uploads\/2022\/11\/group-uwell-crown-d-pod-mod-kit-64x64.webp",64,64,true]},"uagb_author_info":{"display_name":"JustVape.nu","author_link":"https:\/\/justvape.nu\/es\/author\/"},"uagb_comment_info":0,"uagb_excerpt":"UWELL - CROWN D POD MOD","_links":{"self":[{"href":"https:\/\/justvape.nu\/es\/wp-json\/wp\/v2\/product\/544052","targetHints":{"allow":["GET"]}}],"collection":[{"href":"https:\/\/justvape.nu\/es\/wp-json\/wp\/v2\/product"}],"about":[{"href":"https:\/\/justvape.nu\/es\/wp-json\/wp\/v2\/types\/product"}],"replies":[{"embeddable":true,"href":"https:\/\/justvape.nu\/es\/wp-json\/wp\/v2\/comments?post=544052"}],"wp:featuredmedia":[{"embeddable":true,"href":"https:\/\/justvape.nu\/es\/wp-json\/wp\/v2\/media\/543450"}],"wp:attachment":[{"href":"https:\/\/justvape.nu\/es\/wp-json\/wp\/v2\/media?parent=544052"}],"wp:term":[{"taxonomy":"product_brand","embeddable":true,"href":"https:\/\/justvape.nu\/es\/wp-json\/wp\/v2\/product_brand?post=544052"},{"taxonomy":"product_cat","embeddable":true,"href":"https:\/\/justvape.nu\/es\/wp-json\/wp\/v2\/product_cat?post=544052"},{"taxonomy":"product_tag","embeddable":true,"href":"https:\/\/justvape.nu\/es\/wp-json\/wp\/v2\/product_tag?post=544052"}],"curies":[{"name":"wp","href":"https:\/\/api.w.org\/{rel}","templated":true}]}}