{"id":538781,"date":"2022-10-06T17:38:59","date_gmt":"2022-10-06T15:38:59","guid":{"rendered":"https:\/\/justvape.nu\/produkt\/lost-vape-ursa-nano-pro-pod-kit\/"},"modified":"2024-11-21T18:05:36","modified_gmt":"2024-11-21T17:05:36","slug":"lost-vape-ursa-nano-pro-pod-kit-2","status":"publish","type":"product","link":"https:\/\/justvape.nu\/es\/produkt\/lost-vape-ursa-nano-pro-pod-kit-2\/","title":{"rendered":"LOST VAPE &#8211; URSA NANO PRO POD KIT"},"content":{"rendered":"<h2>LOST VAPE &#8211; URSA NANO PRO POD KIT<\/h2>\n<p>Lost Vape Ursa Nano Pro Pod System Kit, cuenta con una bater\u00eda integrada de 900mAh, Quest Chipset, y puede utilizar vainas de bobina reemplazables o integradas. Dise\u00f1ado para los principiantes y los vapers avanzados por igual, el Lost Vape URSA Nano Pro puede utilizar bobinas UB en una vaina recargable de 2mL para aquellos que disfrutan de las bobinas reemplazables o llamar a una vaina de bobina integrada de 0,6ohm para ofrecer un sabor excepcional y el vapor de su e-jugo favorito, lleno de lado detr\u00e1s de un tap\u00f3n de silicona. Impulsado por el chipset Quest, el Ursa Nano Pro Pod Kit utiliza una bater\u00eda interna de 900mAh para rendir durante todo el d\u00eda, produciendo entre 5-25W con facilidad. Equipado con un interruptor de control de flujo de aire ajustable, el Lost Vape Ursa Nano Pro es el sistema de vapeo vers\u00e1til que se necesita en su colecci\u00f3n.<\/p>\n<p><img loading=\"lazy\" decoding=\"async\" class=\"alignnone size-full wp-image-383695\" src=\"https:\/\/justvape.nu\/wp-content\/uploads\/2021\/05\/Color-Scheme.png\" alt=\"\" width=\"950\" height=\"64\" title=\"\" srcset=\"https:\/\/justvape.nu\/wp-content\/uploads\/2021\/05\/Color-Scheme.png 950w, https:\/\/justvape.nu\/wp-content\/uploads\/2021\/05\/Color-Scheme-600x40.png 600w, https:\/\/justvape.nu\/wp-content\/uploads\/2021\/05\/Color-Scheme-64x4.png 64w, https:\/\/justvape.nu\/wp-content\/uploads\/2021\/05\/Color-Scheme-300x20.png 300w, https:\/\/justvape.nu\/wp-content\/uploads\/2021\/05\/Color-Scheme-768x52.png 768w\" sizes=\"auto, (max-width: 950px) 100vw, 950px\" \/><\/p>\n<p><img loading=\"lazy\" decoding=\"async\" class=\"alignnone wp-image-538682\" src=\"https:\/\/justvape.nu\/wp-content\/uploads\/2022\/10\/P30A_13.jpg\" alt=\"\" width=\"940\" height=\"490\" title=\"\" srcset=\"https:\/\/justvape.nu\/wp-content\/uploads\/2022\/10\/P30A_13.jpg 1920w, https:\/\/justvape.nu\/wp-content\/uploads\/2022\/10\/P30A_13-300x156.jpg 300w, https:\/\/justvape.nu\/wp-content\/uploads\/2022\/10\/P30A_13-1024x533.jpg 1024w, https:\/\/justvape.nu\/wp-content\/uploads\/2022\/10\/P30A_13-768x400.jpg 768w, https:\/\/justvape.nu\/wp-content\/uploads\/2022\/10\/P30A_13-1536x800.jpg 1536w, https:\/\/justvape.nu\/wp-content\/uploads\/2022\/10\/P30A_13-600x313.jpg 600w, https:\/\/justvape.nu\/wp-content\/uploads\/2022\/10\/P30A_13-64x33.jpg 64w\" sizes=\"auto, (max-width: 940px) 100vw, 940px\" \/> <img loading=\"lazy\" decoding=\"async\" class=\"alignnone wp-image-538691\" src=\"https:\/\/justvape.nu\/wp-content\/uploads\/2022\/10\/P30A_11.jpg\" alt=\"\" width=\"940\" height=\"490\" title=\"\" srcset=\"https:\/\/justvape.nu\/wp-content\/uploads\/2022\/10\/P30A_11.jpg 1920w, https:\/\/justvape.nu\/wp-content\/uploads\/2022\/10\/P30A_11-300x156.jpg 300w, https:\/\/justvape.nu\/wp-content\/uploads\/2022\/10\/P30A_11-1024x533.jpg 1024w, https:\/\/justvape.nu\/wp-content\/uploads\/2022\/10\/P30A_11-768x400.jpg 768w, https:\/\/justvape.nu\/wp-content\/uploads\/2022\/10\/P30A_11-1536x800.jpg 1536w, https:\/\/justvape.nu\/wp-content\/uploads\/2022\/10\/P30A_11-600x313.jpg 600w, https:\/\/justvape.nu\/wp-content\/uploads\/2022\/10\/P30A_11-64x33.jpg 64w\" sizes=\"auto, (max-width: 940px) 100vw, 940px\" \/> <img loading=\"lazy\" decoding=\"async\" class=\"alignnone wp-image-538700\" src=\"https:\/\/justvape.nu\/wp-content\/uploads\/2022\/10\/P30A_12.jpg\" alt=\"\" width=\"939\" height=\"491\" title=\"\" srcset=\"https:\/\/justvape.nu\/wp-content\/uploads\/2022\/10\/P30A_12.jpg 1920w, https:\/\/justvape.nu\/wp-content\/uploads\/2022\/10\/P30A_12-300x157.jpg 300w, https:\/\/justvape.nu\/wp-content\/uploads\/2022\/10\/P30A_12-1024x535.jpg 1024w, https:\/\/justvape.nu\/wp-content\/uploads\/2022\/10\/P30A_12-768x402.jpg 768w, https:\/\/justvape.nu\/wp-content\/uploads\/2022\/10\/P30A_12-1536x803.jpg 1536w, https:\/\/justvape.nu\/wp-content\/uploads\/2022\/10\/P30A_12-600x314.jpg 600w, https:\/\/justvape.nu\/wp-content\/uploads\/2022\/10\/P30A_12-64x33.jpg 64w\" sizes=\"auto, (max-width: 939px) 100vw, 939px\" \/><\/p>\n<p><img loading=\"lazy\" decoding=\"async\" class=\"alignnone size-full wp-image-248459\" src=\"https:\/\/justvape.nu\/wp-content\/uploads\/2018\/05\/Features.png\" alt=\"\" width=\"950\" height=\"64\" title=\"\" srcset=\"https:\/\/justvape.nu\/wp-content\/uploads\/2018\/05\/Features.png 950w, https:\/\/justvape.nu\/wp-content\/uploads\/2018\/05\/Features-600x40.png 600w, https:\/\/justvape.nu\/wp-content\/uploads\/2018\/05\/Features-64x4.png 64w, https:\/\/justvape.nu\/wp-content\/uploads\/2018\/05\/Features-300x20.png 300w, https:\/\/justvape.nu\/wp-content\/uploads\/2018\/05\/Features-768x52.png 768w\" sizes=\"auto, (max-width: 950px) 100vw, 950px\" \/><br \/>\nChip QUEST de Lost Vape<br \/>\nDimensiones: 94,4 mm por 24 mm por 14 mm<br \/>\nBater\u00eda: Interna de 900mAh<br \/>\nRango de potencia: 9-25W<br \/>\nRango de voltaje: 1.7-3.9V<br \/>\nConstrucci\u00f3n de chasis de aleaci\u00f3n de aluminio<br \/>\nBot\u00f3n de disparo intuitivo<br \/>\nPantalla OLED de 0,42\u2033.<br \/>\nInterruptor de flujo de aire dedicado<br \/>\nCapacidad del pod de 2mL &#8211; Reemplazable e integrado<br \/>\nSistema de llenado lateral &#8211; Con tap\u00f3n de silicona<br \/>\nVaina de bobina de 0,6ohm integrada<br \/>\nBobina UB Mini S1 de 0,8ohm<br \/>\nInstalaci\u00f3n de bobina de ajuste a presi\u00f3n<br \/>\nConexi\u00f3n de vaina magn\u00e9tica<br \/>\nProtecci\u00f3n contra cortocircuitos<br \/>\nProtecci\u00f3n de la bater\u00eda d\u00e9bil<br \/>\nProtecci\u00f3n contra el sobrecalentamiento<br \/>\nVelocidad de carga: 2A<br \/>\nCarga: Puerto Tipo-C<\/p>\n<p><img loading=\"lazy\" decoding=\"async\" class=\"alignnone size-full wp-image-229154\" src=\"https:\/\/justvape.nu\/wp-content\/uploads\/2018\/04\/Packing-List.png\" alt=\"\" width=\"950\" height=\"64\" title=\"\" srcset=\"https:\/\/justvape.nu\/wp-content\/uploads\/2018\/04\/Packing-List.png 950w, https:\/\/justvape.nu\/wp-content\/uploads\/2018\/04\/Packing-List-600x40.png 600w, https:\/\/justvape.nu\/wp-content\/uploads\/2018\/04\/Packing-List-64x4.png 64w, https:\/\/justvape.nu\/wp-content\/uploads\/2018\/04\/Packing-List-300x20.png 300w, https:\/\/justvape.nu\/wp-content\/uploads\/2018\/04\/Packing-List-768x52.png 768w\" sizes=\"auto, (max-width: 950px) 100vw, 950px\" \/><br \/>\n1 Sistema URSA Nano Pro Pod<br \/>\n1 vaina vac\u00eda URSA<br \/>\n1 cartucho URSA de 0,6ohm<br \/>\n1 bobina UB Mini S1 de 0,8ohm<br \/>\n1 cable de carga tipo C<br \/>\n1 Tarjeta de garant\u00eda<br \/>\n1 manual de usuario<br \/>\n1 cord\u00f3n de seguridad<br \/>\n1 junta t\u00f3rica<\/p>\n","protected":false},"excerpt":{"rendered":"<p>LOST VAPE &#8211; URSA NANO PRO POD KIT<\/p>\n","protected":false},"featured_media":538679,"comment_status":"open","ping_status":"closed","template":"","meta":{"_acf_changed":false,"_uag_custom_page_level_css":"","site-sidebar-layout":"default","site-content-layout":"default","ast-site-content-layout":"default","site-content-style":"default","site-sidebar-style":"default","ast-global-header-display":"","ast-banner-title-visibility":"","ast-main-header-display":"","ast-hfb-above-header-display":"","ast-hfb-below-header-display":"","ast-hfb-mobile-header-display":"","site-post-title":"","ast-breadcrumbs-content":"","ast-featured-img":"","footer-sml-layout":"","ast-disable-related-posts":"","theme-transparent-header-meta":"default","adv-header-id-meta":"","stick-header-meta":"default","header-above-stick-meta":"","header-main-stick-meta":"","header-below-stick-meta":"","astra-migrate-meta-layouts":"default","ast-page-background-enabled":"default","ast-page-background-meta":{"desktop":{"background-color":"","background-image":"","background-repeat":"repeat","background-position":"center center","background-size":"auto","background-attachment":"scroll","background-type":"","background-media":"","overlay-type":"","overlay-color":"","overlay-opacity":"","overlay-gradient":""},"tablet":{"background-color":"","background-image":"","background-repeat":"repeat","background-position":"center center","background-size":"auto","background-attachment":"scroll","background-type":"","background-media":"","overlay-type":"","overlay-color":"","overlay-opacity":"","overlay-gradient":""},"mobile":{"background-color":"","background-image":"","background-repeat":"repeat","background-position":"center center","background-size":"auto","background-attachment":"scroll","background-type":"","background-media":"","overlay-type":"","overlay-color":"","overlay-opacity":"","overlay-gradient":""}},"ast-content-background-meta":{"desktop":{"background-color":"var(--ast-global-color-5)","background-image":"","background-repeat":"repeat","background-position":"center center","background-size":"auto","background-attachment":"scroll","background-type":"","background-media":"","overlay-type":"","overlay-color":"","overlay-opacity":"","overlay-gradient":""},"tablet":{"background-color":"var(--ast-global-color-5)","background-image":"","background-repeat":"repeat","background-position":"center center","background-size":"auto","background-attachment":"scroll","background-type":"","background-media":"","overlay-type":"","overlay-color":"","overlay-opacity":"","overlay-gradient":""},"mobile":{"background-color":"var(--ast-global-color-5)","background-image":"","background-repeat":"repeat","background-position":"center center","background-size":"auto","background-attachment":"scroll","background-type":"","background-media":"","overlay-type":"","overlay-color":"","overlay-opacity":"","overlay-gradient":""}}},"product_brand":[],"product_cat":[2073,4692,2529,2083,4808,2530],"product_tag":[],"class_list":{"0":"post-538781","1":"product","2":"type-product","3":"status-publish","4":"has-post-thumbnail","6":"product_cat-cigarrillos-electronicos","7":"product_cat-featured-e-cigarettes-es","8":"product_cat-hardware-es","9":"product_cat-kits-para-principiantes-y-pods","10":"product_cat-lost-vape-es","11":"product_cat-shop-by-brand-es","12":"desktop-align-center","13":"tablet-align-center","14":"mobile-align-center","15":"ast-product-gallery-layout-horizontal-slider","16":"ast-product-single-variable","17":"ast-product-tabs-layout-horizontal","19":"first","20":"instock","21":"sale","22":"featured","23":"taxable","24":"shipping-taxable","25":"purchasable","26":"product-type-variable"},"acf":[],"uagb_featured_image_src":{"full":["https:\/\/justvape.nu\/wp-content\/uploads\/2022\/10\/ursa-nano-pro-razem.jpg",1500,1500,false],"thumbnail":["https:\/\/justvape.nu\/wp-content\/uploads\/2022\/10\/ursa-nano-pro-razem-150x150.jpg",150,150,true],"medium":["https:\/\/justvape.nu\/wp-content\/uploads\/2022\/10\/ursa-nano-pro-razem-300x300.jpg",300,300,true],"medium_large":["https:\/\/justvape.nu\/wp-content\/uploads\/2022\/10\/ursa-nano-pro-razem-768x768.jpg",768,768,true],"large":["https:\/\/justvape.nu\/wp-content\/uploads\/2022\/10\/ursa-nano-pro-razem-1024x1024.jpg",1024,1024,true],"1536x1536":["https:\/\/justvape.nu\/wp-content\/uploads\/2022\/10\/ursa-nano-pro-razem.jpg",1500,1500,false],"2048x2048":["https:\/\/justvape.nu\/wp-content\/uploads\/2022\/10\/ursa-nano-pro-razem.jpg",1500,1500,false],"woocommerce_thumbnail":["https:\/\/justvape.nu\/wp-content\/uploads\/2022\/10\/ursa-nano-pro-razem-300x300.jpg",300,300,true],"woocommerce_single":["https:\/\/justvape.nu\/wp-content\/uploads\/2022\/10\/ursa-nano-pro-razem-600x600.jpg",600,600,true],"woocommerce_gallery_thumbnail":["https:\/\/justvape.nu\/wp-content\/uploads\/2022\/10\/ursa-nano-pro-razem-100x100.jpg",100,100,true],"dgwt-wcas-product-suggestion":["https:\/\/justvape.nu\/wp-content\/uploads\/2022\/10\/ursa-nano-pro-razem-64x64.jpg",64,64,true]},"uagb_author_info":{"display_name":"JustVape.nu","author_link":"https:\/\/justvape.nu\/es\/author\/"},"uagb_comment_info":0,"uagb_excerpt":"LOST VAPE - URSA NANO PRO POD KIT","_links":{"self":[{"href":"https:\/\/justvape.nu\/es\/wp-json\/wp\/v2\/product\/538781","targetHints":{"allow":["GET"]}}],"collection":[{"href":"https:\/\/justvape.nu\/es\/wp-json\/wp\/v2\/product"}],"about":[{"href":"https:\/\/justvape.nu\/es\/wp-json\/wp\/v2\/types\/product"}],"replies":[{"embeddable":true,"href":"https:\/\/justvape.nu\/es\/wp-json\/wp\/v2\/comments?post=538781"}],"wp:featuredmedia":[{"embeddable":true,"href":"https:\/\/justvape.nu\/es\/wp-json\/wp\/v2\/media\/538679"}],"wp:attachment":[{"href":"https:\/\/justvape.nu\/es\/wp-json\/wp\/v2\/media?parent=538781"}],"wp:term":[{"taxonomy":"product_brand","embeddable":true,"href":"https:\/\/justvape.nu\/es\/wp-json\/wp\/v2\/product_brand?post=538781"},{"taxonomy":"product_cat","embeddable":true,"href":"https:\/\/justvape.nu\/es\/wp-json\/wp\/v2\/product_cat?post=538781"},{"taxonomy":"product_tag","embeddable":true,"href":"https:\/\/justvape.nu\/es\/wp-json\/wp\/v2\/product_tag?post=538781"}],"curies":[{"name":"wp","href":"https:\/\/api.w.org\/{rel}","templated":true}]}}