{"id":535963,"date":"2022-09-19T12:30:23","date_gmt":"2022-09-19T10:30:23","guid":{"rendered":"https:\/\/justvape.nu\/produkt\/vaporesso-kit-luxe-x\/"},"modified":"2022-09-19T12:30:23","modified_gmt":"2022-09-19T10:30:23","slug":"vaporesso-luxe-x-kit-2","status":"publish","type":"product","link":"https:\/\/justvape.nu\/es\/produkt\/vaporesso-luxe-x-kit-2\/","title":{"rendered":"VAPORESSO &#8211; KIT LUXE X"},"content":{"rendered":"<h2>VAPORESSO &#8211; KIT LUXE X<\/h2>\n<p><b>Vaporesso LUXE X Kit<\/b>  viene con una bater\u00eda interna de 1500mAh en el cuerpo compacto y ligero, y puede alcanzar hasta la salida m\u00e1xima de 40w, la vaina de malla de 0,4ohm ofrece el vaping DL con nubes gruesas y grandes, mientras que la vaina de malla de 0,9ohm es un vaping MTL con un sorteo apretado. Conseguir\u00e1 el pod LUXE X que est\u00e1 equipado con la tecnolog\u00eda SSS a prueba de fugas para evitar que se ensucie la mano y reducir el desperdicio de e-l\u00edquido. Adem\u00e1s, la tecnolog\u00eda COREX es tan fuerte que permite que la bobina se caliente de manera uniforme y potencia el sabor en un 30% aproximadamente, definitivamente disfrutar\u00e1s de las maravillosas y densas nubes. Adem\u00e1s, LUXE X cuenta con un aeropuerto lateral, puede lograr la transformaci\u00f3n de MTL a DL cambiando la vaina.<\/p>\n<p><img loading=\"lazy\" decoding=\"async\" class=\"alignnone size-full wp-image-383695\" src=\"https:\/\/justvape.nu\/wp-content\/uploads\/2021\/05\/Color-Scheme.png\" alt=\"\" width=\"950\" height=\"64\" title=\"\" srcset=\"https:\/\/justvape.nu\/wp-content\/uploads\/2021\/05\/Color-Scheme.png 950w, https:\/\/justvape.nu\/wp-content\/uploads\/2021\/05\/Color-Scheme-600x40.png 600w, https:\/\/justvape.nu\/wp-content\/uploads\/2021\/05\/Color-Scheme-64x4.png 64w, https:\/\/justvape.nu\/wp-content\/uploads\/2021\/05\/Color-Scheme-300x20.png 300w, https:\/\/justvape.nu\/wp-content\/uploads\/2021\/05\/Color-Scheme-768x52.png 768w\" sizes=\"auto, (max-width: 950px) 100vw, 950px\" \/><\/p>\n<p><img loading=\"lazy\" decoding=\"async\" class=\"alignnone size-full wp-image-534428\" src=\"https:\/\/justvape.nu\/wp-content\/uploads\/2022\/09\/Vaporesso_Luxe_X_Kit_Full_Color.jpg\" alt=\"\" width=\"800\" height=\"346\" title=\"\" srcset=\"https:\/\/justvape.nu\/wp-content\/uploads\/2022\/09\/Vaporesso_Luxe_X_Kit_Full_Color.jpg 800w, https:\/\/justvape.nu\/wp-content\/uploads\/2022\/09\/Vaporesso_Luxe_X_Kit_Full_Color-300x130.jpg 300w, https:\/\/justvape.nu\/wp-content\/uploads\/2022\/09\/Vaporesso_Luxe_X_Kit_Full_Color-768x332.jpg 768w, https:\/\/justvape.nu\/wp-content\/uploads\/2022\/09\/Vaporesso_Luxe_X_Kit_Full_Color-600x260.jpg 600w, https:\/\/justvape.nu\/wp-content\/uploads\/2022\/09\/Vaporesso_Luxe_X_Kit_Full_Color-64x28.jpg 64w\" sizes=\"auto, (max-width: 800px) 100vw, 800px\" \/><\/p>\n<p><img loading=\"lazy\" decoding=\"async\" class=\"alignnone size-full wp-image-248459\" src=\"https:\/\/justvape.nu\/wp-content\/uploads\/2018\/05\/Features.png\" alt=\"\" width=\"950\" height=\"64\" title=\"\" srcset=\"https:\/\/justvape.nu\/wp-content\/uploads\/2018\/05\/Features.png 950w, https:\/\/justvape.nu\/wp-content\/uploads\/2018\/05\/Features-600x40.png 600w, https:\/\/justvape.nu\/wp-content\/uploads\/2018\/05\/Features-64x4.png 64w, https:\/\/justvape.nu\/wp-content\/uploads\/2018\/05\/Features-300x20.png 300w, https:\/\/justvape.nu\/wp-content\/uploads\/2018\/05\/Features-768x52.png 768w\" sizes=\"auto, (max-width: 950px) 100vw, 950px\" \/><\/p>\n<div>\n<ul>\n<li>Alimentado por una bater\u00eda interna de 1500mah<\/li>\n<li>40W de salida m\u00e1xima<\/li>\n<li>Bobina LUXE X 0,4ohm y LUXE X 0,8ohm<\/li>\n<li>Tecnolog\u00eda SSS a prueba de fugas<\/li>\n<li>Tecnolog\u00eda de refuerzo del sabor<\/li>\n<li>Carga r\u00e1pida tipo C<\/li>\n<li>Chip AXON<\/li>\n<\/ul>\n<\/div>\n<div><img loading=\"lazy\" decoding=\"async\" class=\"alignnone size-full wp-image-229154\" src=\"https:\/\/justvape.nu\/wp-content\/uploads\/2018\/04\/Packing-List.png\" alt=\"\" width=\"950\" height=\"64\" title=\"\" srcset=\"https:\/\/justvape.nu\/wp-content\/uploads\/2018\/04\/Packing-List.png 950w, https:\/\/justvape.nu\/wp-content\/uploads\/2018\/04\/Packing-List-600x40.png 600w, https:\/\/justvape.nu\/wp-content\/uploads\/2018\/04\/Packing-List-64x4.png 64w, https:\/\/justvape.nu\/wp-content\/uploads\/2018\/04\/Packing-List-300x20.png 300w, https:\/\/justvape.nu\/wp-content\/uploads\/2018\/04\/Packing-List-768x52.png 768w\" sizes=\"auto, (max-width: 950px) 100vw, 950px\" \/><\/div>\n<div>1x Bater\u00eda Vaporesso Luxe X<\/div>\n<div>1x Vaporesso Luxe X 0.4ohm Mesh Pod<\/div>\n<div>1x Vaporesso Luxe X 0.8ohm Mesh Pod<\/div>\n<div>1 cable tipo C<\/div>\n<div>1x manual de usuario<\/div>\n<div>1x tarjeta de garant\u00eda<\/div>\n","protected":false},"excerpt":{"rendered":"<p>VAPORESSO &#8211; KIT LUXE X<\/p>\n","protected":false},"featured_media":534444,"comment_status":"open","ping_status":"closed","template":"","meta":{"_acf_changed":false,"_uag_custom_page_level_css":"","site-sidebar-layout":"default","site-content-layout":"default","ast-site-content-layout":"default","site-content-style":"default","site-sidebar-style":"default","ast-global-header-display":"","ast-banner-title-visibility":"","ast-main-header-display":"","ast-hfb-above-header-display":"","ast-hfb-below-header-display":"","ast-hfb-mobile-header-display":"","site-post-title":"","ast-breadcrumbs-content":"","ast-featured-img":"","footer-sml-layout":"","ast-disable-related-posts":"","theme-transparent-header-meta":"default","adv-header-id-meta":"","stick-header-meta":"default","header-above-stick-meta":"","header-main-stick-meta":"","header-below-stick-meta":"","astra-migrate-meta-layouts":"default","ast-page-background-enabled":"default","ast-page-background-meta":{"desktop":{"background-color":"","background-image":"","background-repeat":"repeat","background-position":"center center","background-size":"auto","background-attachment":"scroll","background-type":"","background-media":"","overlay-type":"","overlay-color":"","overlay-opacity":"","overlay-gradient":""},"tablet":{"background-color":"","background-image":"","background-repeat":"repeat","background-position":"center center","background-size":"auto","background-attachment":"scroll","background-type":"","background-media":"","overlay-type":"","overlay-color":"","overlay-opacity":"","overlay-gradient":""},"mobile":{"background-color":"","background-image":"","background-repeat":"repeat","background-position":"center center","background-size":"auto","background-attachment":"scroll","background-type":"","background-media":"","overlay-type":"","overlay-color":"","overlay-opacity":"","overlay-gradient":""}},"ast-content-background-meta":{"desktop":{"background-color":"var(--ast-global-color-5)","background-image":"","background-repeat":"repeat","background-position":"center center","background-size":"auto","background-attachment":"scroll","background-type":"","background-media":"","overlay-type":"","overlay-color":"","overlay-opacity":"","overlay-gradient":""},"tablet":{"background-color":"var(--ast-global-color-5)","background-image":"","background-repeat":"repeat","background-position":"center center","background-size":"auto","background-attachment":"scroll","background-type":"","background-media":"","overlay-type":"","overlay-color":"","overlay-opacity":"","overlay-gradient":""},"mobile":{"background-color":"var(--ast-global-color-5)","background-image":"","background-repeat":"repeat","background-position":"center center","background-size":"auto","background-attachment":"scroll","background-type":"","background-media":"","overlay-type":"","overlay-color":"","overlay-opacity":"","overlay-gradient":""}}},"product_brand":[],"product_cat":[2073,4692,2529,2083,2530,4267],"product_tag":[],"class_list":{"0":"post-535963","1":"product","2":"type-product","3":"status-publish","4":"has-post-thumbnail","6":"product_cat-cigarrillos-electronicos","7":"product_cat-featured-e-cigarettes-es","8":"product_cat-hardware-es","9":"product_cat-kits-para-principiantes-y-pods","10":"product_cat-shop-by-brand-es","11":"product_cat-vaporesso-es","12":"desktop-align-center","13":"tablet-align-center","14":"mobile-align-center","15":"ast-product-gallery-layout-horizontal-slider","16":"ast-product-gallery-with-no-image","17":"ast-product-single-variable","18":"ast-product-tabs-layout-horizontal","20":"first","21":"instock","22":"sale","23":"featured","24":"taxable","25":"shipping-taxable","26":"purchasable","27":"product-type-variable"},"acf":[],"uagb_featured_image_src":{"full":["https:\/\/justvape.nu\/wp-content\/uploads\/2022\/09\/vaporesso-luxe-x-pod-kit.jpg",800,800,false],"thumbnail":["https:\/\/justvape.nu\/wp-content\/uploads\/2022\/09\/vaporesso-luxe-x-pod-kit-150x150.jpg",150,150,true],"medium":["https:\/\/justvape.nu\/wp-content\/uploads\/2022\/09\/vaporesso-luxe-x-pod-kit-300x300.jpg",300,300,true],"medium_large":["https:\/\/justvape.nu\/wp-content\/uploads\/2022\/09\/vaporesso-luxe-x-pod-kit-768x768.jpg",768,768,true],"large":["https:\/\/justvape.nu\/wp-content\/uploads\/2022\/09\/vaporesso-luxe-x-pod-kit.jpg",800,800,false],"1536x1536":["https:\/\/justvape.nu\/wp-content\/uploads\/2022\/09\/vaporesso-luxe-x-pod-kit.jpg",800,800,false],"2048x2048":["https:\/\/justvape.nu\/wp-content\/uploads\/2022\/09\/vaporesso-luxe-x-pod-kit.jpg",800,800,false],"woocommerce_thumbnail":["https:\/\/justvape.nu\/wp-content\/uploads\/2022\/09\/vaporesso-luxe-x-pod-kit-300x300.jpg",300,300,true],"woocommerce_single":["https:\/\/justvape.nu\/wp-content\/uploads\/2022\/09\/vaporesso-luxe-x-pod-kit-600x600.jpg",600,600,true],"woocommerce_gallery_thumbnail":["https:\/\/justvape.nu\/wp-content\/uploads\/2022\/09\/vaporesso-luxe-x-pod-kit-100x100.jpg",100,100,true],"dgwt-wcas-product-suggestion":["https:\/\/justvape.nu\/wp-content\/uploads\/2022\/09\/vaporesso-luxe-x-pod-kit-64x64.jpg",64,64,true]},"uagb_author_info":{"display_name":"JustVape.nu","author_link":"https:\/\/justvape.nu\/es\/author\/"},"uagb_comment_info":0,"uagb_excerpt":"VAPORESSO - KIT LUXE X","_links":{"self":[{"href":"https:\/\/justvape.nu\/es\/wp-json\/wp\/v2\/product\/535963","targetHints":{"allow":["GET"]}}],"collection":[{"href":"https:\/\/justvape.nu\/es\/wp-json\/wp\/v2\/product"}],"about":[{"href":"https:\/\/justvape.nu\/es\/wp-json\/wp\/v2\/types\/product"}],"replies":[{"embeddable":true,"href":"https:\/\/justvape.nu\/es\/wp-json\/wp\/v2\/comments?post=535963"}],"wp:featuredmedia":[{"embeddable":true,"href":"https:\/\/justvape.nu\/es\/wp-json\/wp\/v2\/media\/534444"}],"wp:attachment":[{"href":"https:\/\/justvape.nu\/es\/wp-json\/wp\/v2\/media?parent=535963"}],"wp:term":[{"taxonomy":"product_brand","embeddable":true,"href":"https:\/\/justvape.nu\/es\/wp-json\/wp\/v2\/product_brand?post=535963"},{"taxonomy":"product_cat","embeddable":true,"href":"https:\/\/justvape.nu\/es\/wp-json\/wp\/v2\/product_cat?post=535963"},{"taxonomy":"product_tag","embeddable":true,"href":"https:\/\/justvape.nu\/es\/wp-json\/wp\/v2\/product_tag?post=535963"}],"curies":[{"name":"wp","href":"https:\/\/api.w.org\/{rel}","templated":true}]}}