{"id":453517,"date":"2022-08-01T20:33:20","date_gmt":"2022-08-01T18:33:20","guid":{"rendered":"https:\/\/justvape.nu\/produkt\/geekvape-b60-boost-2-vape-kit\/"},"modified":"2022-08-01T20:33:20","modified_gmt":"2022-08-01T18:33:20","slug":"geekvape-b60-boost-2-vape-kit-2","status":"publish","type":"product","link":"https:\/\/justvape.nu\/es\/produkt\/geekvape-b60-boost-2-vape-kit-2\/","title":{"rendered":"GEEKVAPE &#8211; B60 (BOOST 2) VAPE KIT"},"content":{"rendered":"<h2>GEEKVAPE &#8211; B60 (BOOST 2) VAPE KIT<\/h2>\n<p>El Geekvape B60 Aegis Boost 2 es un dispositivo compacto con una potente bater\u00eda incorporada de 2000mAh que te mantendr\u00e1 vapeando durante m\u00e1s tiempo. Con un rango de potencia de salida de 5 a 60W, este kit es ideal para crear una inhalaci\u00f3n estilo DTL (Direct To Lung). La clasificaci\u00f3n IP68 y la construcci\u00f3n de aleaci\u00f3n de zinc hacen que pueda soportar el agua y el polvo, por lo que es menos probable que se vea afectado por factores ambientales.<\/p>\n<p>El dispositivo cuenta con un \u00fanico bot\u00f3n de disparo, junto con dos botones de ajuste y una llamativa pantalla LED curva de 0,96&#8243; para facilitar la navegaci\u00f3n. Su chip AS ofrece ventajas como un r\u00e1pido tiempo de arranque. Con el modo de vataje variable por defecto, tienes el control de la cantidad de vapor que crea tu kit. Sin embargo, el modo inteligente detecta qu\u00e9 bobina se ha insertado y establece el vataje ideal para usted. Por otro lado, el modo Boost proporciona el vapeo m\u00e1s potente posible para una inhalaci\u00f3n intensa.<br \/>\nEl rellenado de la B60 es sencillo y, gracias a su dise\u00f1o de llenado superior, basta con desenroscar la tapa del dep\u00f3sito para encontrar el puerto de llenado. Puedes elegir entre bobinas de 0,2 Ohm y 0,6 Ohm, pero te sugerimos que combines el Geekvape Aegis Boost 2 con e-liquids de alto VG independientemente de la bobina que elijas.<br \/>\n<img loading=\"lazy\" decoding=\"async\" class=\"alignnone size-full wp-image-383695\" src=\"https:\/\/justvape.nu\/wp-content\/uploads\/2021\/05\/Color-Scheme.png\" alt=\"\" width=\"950\" height=\"64\" title=\"\" srcset=\"https:\/\/justvape.nu\/wp-content\/uploads\/2021\/05\/Color-Scheme.png 950w, https:\/\/justvape.nu\/wp-content\/uploads\/2021\/05\/Color-Scheme-600x40.png 600w, https:\/\/justvape.nu\/wp-content\/uploads\/2021\/05\/Color-Scheme-64x4.png 64w, https:\/\/justvape.nu\/wp-content\/uploads\/2021\/05\/Color-Scheme-300x20.png 300w, https:\/\/justvape.nu\/wp-content\/uploads\/2021\/05\/Color-Scheme-768x52.png 768w\" sizes=\"auto, (max-width: 950px) 100vw, 950px\" \/><\/p>\n<p class=\"description-img-center\"><img loading=\"lazy\" decoding=\"async\" class=\"alignnone size-full wp-image-452574\" src=\"https:\/\/justvape.nu\/wp-content\/uploads\/2022\/08\/GeekVape_B60_Pod_Mod_Kit_Full_Color.jpg\" alt=\"\" width=\"800\" height=\"286\" title=\"\" srcset=\"https:\/\/justvape.nu\/wp-content\/uploads\/2022\/08\/GeekVape_B60_Pod_Mod_Kit_Full_Color.jpg 800w, https:\/\/justvape.nu\/wp-content\/uploads\/2022\/08\/GeekVape_B60_Pod_Mod_Kit_Full_Color-300x107.jpg 300w, https:\/\/justvape.nu\/wp-content\/uploads\/2022\/08\/GeekVape_B60_Pod_Mod_Kit_Full_Color-768x275.jpg 768w, https:\/\/justvape.nu\/wp-content\/uploads\/2022\/08\/GeekVape_B60_Pod_Mod_Kit_Full_Color-600x215.jpg 600w, https:\/\/justvape.nu\/wp-content\/uploads\/2022\/08\/GeekVape_B60_Pod_Mod_Kit_Full_Color-64x23.jpg 64w\" sizes=\"auto, (max-width: 800px) 100vw, 800px\" \/><\/p>\n<div class=\"shop-features \">\n<h2 class=\"shop-features-title \"><img loading=\"lazy\" decoding=\"async\" class=\"alignnone size-full wp-image-390997\" src=\"https:\/\/justvape.nu\/wp-content\/uploads\/2021\/06\/Specifications1.png\" alt=\"\" width=\"950\" height=\"64\" title=\"\" srcset=\"https:\/\/justvape.nu\/wp-content\/uploads\/2021\/06\/Specifications1.png 950w, https:\/\/justvape.nu\/wp-content\/uploads\/2021\/06\/Specifications1-600x40.png 600w, https:\/\/justvape.nu\/wp-content\/uploads\/2021\/06\/Specifications1-64x4.png 64w, https:\/\/justvape.nu\/wp-content\/uploads\/2021\/06\/Specifications1-300x20.png 300w, https:\/\/justvape.nu\/wp-content\/uploads\/2021\/06\/Specifications1-768x52.png 768w\" sizes=\"auto, (max-width: 950px) 100vw, 950px\" \/><\/h2>\n<\/div>\n<p><strong class=\"description-little-title\">Par\u00e1metros del Kit GeekVape B60 60W:<\/strong><\/p>\n<table class=\"description-table\">\n<tbody>\n<tr>\n<td class=\"strong-title \">Marca<\/td>\n<td class=\"inline\">GeekVape<\/td>\n<\/tr>\n<tr>\n<td class=\"strong-title \">Nombre del producto<\/td>\n<td class=\"inline\">Kit B60 (Aegis Boost 2)<\/td>\n<\/tr>\n<tr>\n<td class=\"strong-title \">Capacidad de la bater\u00eda<\/td>\n<td class=\"inline\">Bater\u00eda integrada de 2000mAh<\/td>\n<\/tr>\n<tr>\n<td class=\"strong-title \">Potencia de salida<\/td>\n<td class=\"inline\">5W-60W<\/td>\n<\/tr>\n<tr>\n<td class=\"strong-title \">Corriente de salida m\u00e1xima<\/td>\n<td class=\"inline\">20A<\/td>\n<\/tr>\n<tr>\n<td class=\"strong-title \">Tensi\u00f3n m\u00e1xima de salida<\/td>\n<td class=\"inline\">7.5V<\/td>\n<\/tr>\n<tr>\n<td class=\"strong-title \">Cargando<\/td>\n<td class=\"inline\">Carga tipo C<\/td>\n<\/tr>\n<tr>\n<td class=\"strong-title \">Pantalla de visualizaci\u00f3n<\/td>\n<td class=\"inline\">Pantalla TFT en color de 0,96 pulgadas<\/td>\n<\/tr>\n<tr>\n<td class=\"strong-title \">Capacidad<\/td>\n<td class=\"inline\">2ml<\/td>\n<\/tr>\n<tr>\n<td class=\"strong-title \">Flujo de aire<\/td>\n<td class=\"inline\">Flujo de aire superior<\/td>\n<\/tr>\n<tr>\n<td class=\"strong-title \">En forma de<\/td>\n<td class=\"inline\">Geekvape B60 (Aegis Boost 2) Cartucho Pod vac\u00edo, GeekVape B Series Coil<\/td>\n<\/tr>\n<tr>\n<td class=\"strong-title \">Color<\/td>\n<td class=\"inline\">Rojo azul, plata, verde botella, rojo dorado, negro, azul menta, arco iris<\/td>\n<\/tr>\n<\/tbody>\n<\/table>\n<div class=\"shop-features \">\n<h2 class=\"shop-features-title \"><img loading=\"lazy\" decoding=\"async\" class=\"alignnone size-full wp-image-18994\" src=\"https:\/\/justvape.nu\/wp-content\/uploads\/2018\/05\/Features.png\" alt=\"\" width=\"950\" height=\"64\" title=\"\" srcset=\"https:\/\/justvape.nu\/wp-content\/uploads\/2018\/05\/Features.png 950w, https:\/\/justvape.nu\/wp-content\/uploads\/2018\/05\/Features-555x37.png 555w, https:\/\/justvape.nu\/wp-content\/uploads\/2018\/05\/Features-64x4.png 64w, https:\/\/justvape.nu\/wp-content\/uploads\/2018\/05\/Features-300x20.png 300w, https:\/\/justvape.nu\/wp-content\/uploads\/2018\/05\/Features-768x52.png 768w\" sizes=\"auto, (max-width: 950px) 100vw, 950px\" \/><\/h2>\n<\/div>\n<p><strong class=\"description-little-title\">Detalles del GeekVape B60:<\/strong><\/p>\n<ul>\n<li style=\"list-style-type: none;\">\n<ul>\n<li>1. Nuevo impulso con la nueva tecnolog\u00eda tri-proof<\/li>\n<li>2. Bater\u00eda incorporada de 2000mAh con salida estable de 60W<\/li>\n<li>3. Tecnolog\u00eda buck-boost de salida estable para un sabor consistente<\/li>\n<li>4. Pantalla LED curva de 0,96 pulgadas y una interfaz de usuario totalmente nueva<\/li>\n<li>5. AS chip 3.0 con modos de trabajo inteligentes<\/li>\n<li>6. Modo Boost\/smart para seleccionar autom\u00e1ticamente la salida m\u00e1xima para las nubes m\u00e1ximas<\/li>\n<li>7. Presenta una resistencia al agua y al polvo de grado IP68 y un nivel superior de resistencia a los golpes<\/li>\n<li>8. Equipado con un bloqueo de protecci\u00f3n contra la presi\u00f3n accidental, seguro de llevar<\/li>\n<li>9. Capacidad de 5ml, flujo de aire superior y cartucho a prueba de fugas<\/li>\n<li>10. Apto para B60 (Aegis Boost 2) Pod vac\u00edo y todas las bobinas de la serie B<\/li>\n<\/ul>\n<\/li>\n<\/ul>\n<p><img loading=\"lazy\" decoding=\"async\" class=\"alignnone size-full wp-image-452585\" src=\"https:\/\/justvape.nu\/wp-content\/uploads\/2022\/08\/GeekVape_B60_Pod_Mod_Kit.jpg\" alt=\"\" width=\"831\" height=\"389\" title=\"\" srcset=\"https:\/\/justvape.nu\/wp-content\/uploads\/2022\/08\/GeekVape_B60_Pod_Mod_Kit.jpg 831w, https:\/\/justvape.nu\/wp-content\/uploads\/2022\/08\/GeekVape_B60_Pod_Mod_Kit-300x140.jpg 300w, https:\/\/justvape.nu\/wp-content\/uploads\/2022\/08\/GeekVape_B60_Pod_Mod_Kit-768x360.jpg 768w, https:\/\/justvape.nu\/wp-content\/uploads\/2022\/08\/GeekVape_B60_Pod_Mod_Kit-600x281.jpg 600w, https:\/\/justvape.nu\/wp-content\/uploads\/2022\/08\/GeekVape_B60_Pod_Mod_Kit-64x30.jpg 64w\" sizes=\"auto, (max-width: 831px) 100vw, 831px\" \/> <img loading=\"lazy\" decoding=\"async\" class=\"alignnone size-full wp-image-452595\" src=\"https:\/\/justvape.nu\/wp-content\/uploads\/2022\/08\/GeekVape_B60_Pod_Mod_Kit_IP68_Rating.jpg\" alt=\"\" width=\"831\" height=\"414\" title=\"\" srcset=\"https:\/\/justvape.nu\/wp-content\/uploads\/2022\/08\/GeekVape_B60_Pod_Mod_Kit_IP68_Rating.jpg 831w, https:\/\/justvape.nu\/wp-content\/uploads\/2022\/08\/GeekVape_B60_Pod_Mod_Kit_IP68_Rating-300x149.jpg 300w, https:\/\/justvape.nu\/wp-content\/uploads\/2022\/08\/GeekVape_B60_Pod_Mod_Kit_IP68_Rating-768x383.jpg 768w, https:\/\/justvape.nu\/wp-content\/uploads\/2022\/08\/GeekVape_B60_Pod_Mod_Kit_IP68_Rating-600x299.jpg 600w, https:\/\/justvape.nu\/wp-content\/uploads\/2022\/08\/GeekVape_B60_Pod_Mod_Kit_IP68_Rating-64x32.jpg 64w\" sizes=\"auto, (max-width: 831px) 100vw, 831px\" \/> <img loading=\"lazy\" decoding=\"async\" class=\"alignnone size-full wp-image-452605\" src=\"https:\/\/justvape.nu\/wp-content\/uploads\/2022\/08\/GeekVape_B60_Pod_Mod_Kit_Boosting.jpg\" alt=\"\" width=\"831\" height=\"431\" title=\"\" srcset=\"https:\/\/justvape.nu\/wp-content\/uploads\/2022\/08\/GeekVape_B60_Pod_Mod_Kit_Boosting.jpg 831w, https:\/\/justvape.nu\/wp-content\/uploads\/2022\/08\/GeekVape_B60_Pod_Mod_Kit_Boosting-300x156.jpg 300w, https:\/\/justvape.nu\/wp-content\/uploads\/2022\/08\/GeekVape_B60_Pod_Mod_Kit_Boosting-768x398.jpg 768w, https:\/\/justvape.nu\/wp-content\/uploads\/2022\/08\/GeekVape_B60_Pod_Mod_Kit_Boosting-600x311.jpg 600w, https:\/\/justvape.nu\/wp-content\/uploads\/2022\/08\/GeekVape_B60_Pod_Mod_Kit_Boosting-64x33.jpg 64w\" sizes=\"auto, (max-width: 831px) 100vw, 831px\" \/> <img loading=\"lazy\" decoding=\"async\" class=\"alignnone size-full wp-image-452615\" src=\"https:\/\/justvape.nu\/wp-content\/uploads\/2022\/08\/GeekVape_B60_Pod_Mod_Kit_Features.jpg\" alt=\"\" width=\"831\" height=\"329\" title=\"\" srcset=\"https:\/\/justvape.nu\/wp-content\/uploads\/2022\/08\/GeekVape_B60_Pod_Mod_Kit_Features.jpg 831w, https:\/\/justvape.nu\/wp-content\/uploads\/2022\/08\/GeekVape_B60_Pod_Mod_Kit_Features-300x119.jpg 300w, https:\/\/justvape.nu\/wp-content\/uploads\/2022\/08\/GeekVape_B60_Pod_Mod_Kit_Features-768x304.jpg 768w, https:\/\/justvape.nu\/wp-content\/uploads\/2022\/08\/GeekVape_B60_Pod_Mod_Kit_Features-600x238.jpg 600w, https:\/\/justvape.nu\/wp-content\/uploads\/2022\/08\/GeekVape_B60_Pod_Mod_Kit_Features-64x25.jpg 64w\" sizes=\"auto, (max-width: 831px) 100vw, 831px\" \/> <img loading=\"lazy\" decoding=\"async\" class=\"alignnone size-full wp-image-452625\" src=\"https:\/\/justvape.nu\/wp-content\/uploads\/2022\/08\/GeekVape_B60_Pod_Mod_Kit_Safe_Lock.jpg\" alt=\"\" width=\"831\" height=\"429\" title=\"\" srcset=\"https:\/\/justvape.nu\/wp-content\/uploads\/2022\/08\/GeekVape_B60_Pod_Mod_Kit_Safe_Lock.jpg 831w, https:\/\/justvape.nu\/wp-content\/uploads\/2022\/08\/GeekVape_B60_Pod_Mod_Kit_Safe_Lock-300x155.jpg 300w, https:\/\/justvape.nu\/wp-content\/uploads\/2022\/08\/GeekVape_B60_Pod_Mod_Kit_Safe_Lock-768x396.jpg 768w, https:\/\/justvape.nu\/wp-content\/uploads\/2022\/08\/GeekVape_B60_Pod_Mod_Kit_Safe_Lock-600x310.jpg 600w, https:\/\/justvape.nu\/wp-content\/uploads\/2022\/08\/GeekVape_B60_Pod_Mod_Kit_Safe_Lock-64x33.jpg 64w\" sizes=\"auto, (max-width: 831px) 100vw, 831px\" \/> <img loading=\"lazy\" decoding=\"async\" class=\"alignnone size-full wp-image-452635\" src=\"https:\/\/justvape.nu\/wp-content\/uploads\/2022\/08\/GeekVape_B60_Kit_AS_Chip.jpg\" alt=\"\" width=\"831\" height=\"366\" title=\"\" srcset=\"https:\/\/justvape.nu\/wp-content\/uploads\/2022\/08\/GeekVape_B60_Kit_AS_Chip.jpg 831w, https:\/\/justvape.nu\/wp-content\/uploads\/2022\/08\/GeekVape_B60_Kit_AS_Chip-300x132.jpg 300w, https:\/\/justvape.nu\/wp-content\/uploads\/2022\/08\/GeekVape_B60_Kit_AS_Chip-768x338.jpg 768w, https:\/\/justvape.nu\/wp-content\/uploads\/2022\/08\/GeekVape_B60_Kit_AS_Chip-600x264.jpg 600w, https:\/\/justvape.nu\/wp-content\/uploads\/2022\/08\/GeekVape_B60_Kit_AS_Chip-64x28.jpg 64w\" sizes=\"auto, (max-width: 831px) 100vw, 831px\" \/> <img loading=\"lazy\" decoding=\"async\" class=\"alignnone size-full wp-image-452645\" src=\"https:\/\/justvape.nu\/wp-content\/uploads\/2022\/08\/GeekVape_B60_Pod_Mod_Kit_Screen.jpg\" alt=\"\" width=\"831\" height=\"406\" title=\"\" srcset=\"https:\/\/justvape.nu\/wp-content\/uploads\/2022\/08\/GeekVape_B60_Pod_Mod_Kit_Screen.jpg 831w, https:\/\/justvape.nu\/wp-content\/uploads\/2022\/08\/GeekVape_B60_Pod_Mod_Kit_Screen-300x147.jpg 300w, https:\/\/justvape.nu\/wp-content\/uploads\/2022\/08\/GeekVape_B60_Pod_Mod_Kit_Screen-768x375.jpg 768w, https:\/\/justvape.nu\/wp-content\/uploads\/2022\/08\/GeekVape_B60_Pod_Mod_Kit_Screen-600x293.jpg 600w, https:\/\/justvape.nu\/wp-content\/uploads\/2022\/08\/GeekVape_B60_Pod_Mod_Kit_Screen-64x31.jpg 64w\" sizes=\"auto, (max-width: 831px) 100vw, 831px\" \/> <img loading=\"lazy\" decoding=\"async\" class=\"alignnone size-full wp-image-452655\" src=\"https:\/\/justvape.nu\/wp-content\/uploads\/2022\/08\/GeekVape_B60_Pod_Mod_Kit_Leakproof.jpg\" alt=\"\" width=\"831\" height=\"326\" title=\"\" srcset=\"https:\/\/justvape.nu\/wp-content\/uploads\/2022\/08\/GeekVape_B60_Pod_Mod_Kit_Leakproof.jpg 831w, https:\/\/justvape.nu\/wp-content\/uploads\/2022\/08\/GeekVape_B60_Pod_Mod_Kit_Leakproof-300x118.jpg 300w, https:\/\/justvape.nu\/wp-content\/uploads\/2022\/08\/GeekVape_B60_Pod_Mod_Kit_Leakproof-768x301.jpg 768w, https:\/\/justvape.nu\/wp-content\/uploads\/2022\/08\/GeekVape_B60_Pod_Mod_Kit_Leakproof-600x235.jpg 600w, https:\/\/justvape.nu\/wp-content\/uploads\/2022\/08\/GeekVape_B60_Pod_Mod_Kit_Leakproof-64x25.jpg 64w\" sizes=\"auto, (max-width: 831px) 100vw, 831px\" \/> <img loading=\"lazy\" decoding=\"async\" class=\"alignnone size-full wp-image-452665\" src=\"https:\/\/justvape.nu\/wp-content\/uploads\/2022\/08\/GeekVape_B60_Pod_Mod_Kit_Battery.jpg\" alt=\"\" width=\"831\" height=\"435\" title=\"\" srcset=\"https:\/\/justvape.nu\/wp-content\/uploads\/2022\/08\/GeekVape_B60_Pod_Mod_Kit_Battery.jpg 831w, https:\/\/justvape.nu\/wp-content\/uploads\/2022\/08\/GeekVape_B60_Pod_Mod_Kit_Battery-300x157.jpg 300w, https:\/\/justvape.nu\/wp-content\/uploads\/2022\/08\/GeekVape_B60_Pod_Mod_Kit_Battery-768x402.jpg 768w, https:\/\/justvape.nu\/wp-content\/uploads\/2022\/08\/GeekVape_B60_Pod_Mod_Kit_Battery-600x314.jpg 600w, https:\/\/justvape.nu\/wp-content\/uploads\/2022\/08\/GeekVape_B60_Pod_Mod_Kit_Battery-64x34.jpg 64w\" sizes=\"auto, (max-width: 831px) 100vw, 831px\" \/><\/p>\n<div class=\"shop-features \">\n<h2 class=\"shop-features-title \"><img loading=\"lazy\" decoding=\"async\" class=\"alignnone size-full wp-image-229154\" src=\"https:\/\/justvape.nu\/wp-content\/uploads\/2018\/04\/Packing-List.png\" alt=\"\" width=\"950\" height=\"64\" title=\"\" srcset=\"https:\/\/justvape.nu\/wp-content\/uploads\/2018\/04\/Packing-List.png 950w, https:\/\/justvape.nu\/wp-content\/uploads\/2018\/04\/Packing-List-600x40.png 600w, https:\/\/justvape.nu\/wp-content\/uploads\/2018\/04\/Packing-List-64x4.png 64w, https:\/\/justvape.nu\/wp-content\/uploads\/2018\/04\/Packing-List-300x20.png 300w, https:\/\/justvape.nu\/wp-content\/uploads\/2018\/04\/Packing-List-768x52.png 768w\" sizes=\"auto, (max-width: 950px) 100vw, 950px\" \/><\/h2>\n<\/div>\n<p><strong class=\"description-little-title \">El paquete de GeekVape Aegis Boost 2 Kit viene con:<\/strong><\/p>\n<p>1* Mod GeekVape B60 (Aegis Boost 2)<br \/>\n1* GeekVape B60 (Aegis Boost 2) Pod (2ml)<br \/>\n2* GeekVape B Series Coil (Preinstalada: 0.2\u03a9, 50-58W, Bobina de repuesto: 0.6\u03a9 15-25W)<br \/>\n1* Herramienta de bobina<br \/>\n1* Cable USB Tipo-C<\/p>\n<p>&nbsp;<\/p>\n","protected":false},"excerpt":{"rendered":"<p>GEEKVAPE &#8211; B60 (BOOST 2) VAPE KIT<\/p>\n","protected":false},"featured_media":664920,"comment_status":"open","ping_status":"closed","template":"","meta":{"_acf_changed":false,"_uag_custom_page_level_css":"","site-sidebar-layout":"default","site-content-layout":"default","ast-site-content-layout":"default","site-content-style":"default","site-sidebar-style":"default","ast-global-header-display":"","ast-banner-title-visibility":"","ast-main-header-display":"","ast-hfb-above-header-display":"","ast-hfb-below-header-display":"","ast-hfb-mobile-header-display":"","site-post-title":"","ast-breadcrumbs-content":"","ast-featured-img":"","footer-sml-layout":"","ast-disable-related-posts":"","theme-transparent-header-meta":"default","adv-header-id-meta":"","stick-header-meta":"default","header-above-stick-meta":"","header-main-stick-meta":"","header-below-stick-meta":"","astra-migrate-meta-layouts":"default","ast-page-background-enabled":"default","ast-page-background-meta":{"desktop":{"background-color":"","background-image":"","background-repeat":"repeat","background-position":"center center","background-size":"auto","background-attachment":"scroll","background-type":"","background-media":"","overlay-type":"","overlay-color":"","overlay-opacity":"","overlay-gradient":""},"tablet":{"background-color":"","background-image":"","background-repeat":"repeat","background-position":"center center","background-size":"auto","background-attachment":"scroll","background-type":"","background-media":"","overlay-type":"","overlay-color":"","overlay-opacity":"","overlay-gradient":""},"mobile":{"background-color":"","background-image":"","background-repeat":"repeat","background-position":"center center","background-size":"auto","background-attachment":"scroll","background-type":"","background-media":"","overlay-type":"","overlay-color":"","overlay-opacity":"","overlay-gradient":""}},"ast-content-background-meta":{"desktop":{"background-color":"var(--ast-global-color-5)","background-image":"","background-repeat":"repeat","background-position":"center center","background-size":"auto","background-attachment":"scroll","background-type":"","background-media":"","overlay-type":"","overlay-color":"","overlay-opacity":"","overlay-gradient":""},"tablet":{"background-color":"var(--ast-global-color-5)","background-image":"","background-repeat":"repeat","background-position":"center center","background-size":"auto","background-attachment":"scroll","background-type":"","background-media":"","overlay-type":"","overlay-color":"","overlay-opacity":"","overlay-gradient":""},"mobile":{"background-color":"var(--ast-global-color-5)","background-image":"","background-repeat":"repeat","background-position":"center center","background-size":"auto","background-attachment":"scroll","background-type":"","background-media":"","overlay-type":"","overlay-color":"","overlay-opacity":"","overlay-gradient":""}}},"product_brand":[],"product_cat":[2073,4692,3244,2529,2083,2530],"product_tag":[],"class_list":{"0":"post-453517","1":"product","2":"type-product","3":"status-publish","4":"has-post-thumbnail","6":"product_cat-cigarrillos-electronicos","7":"product_cat-featured-e-cigarettes-es","8":"product_cat-geekvape-es-2","9":"product_cat-hardware-es","10":"product_cat-kits-para-principiantes-y-pods","11":"product_cat-shop-by-brand-es","12":"desktop-align-center","13":"tablet-align-center","14":"mobile-align-center","15":"ast-product-gallery-layout-horizontal-slider","16":"ast-product-gallery-with-no-image","17":"ast-product-single-variable","18":"ast-product-tabs-layout-horizontal","20":"first","21":"instock","22":"sale","23":"featured","24":"taxable","25":"shipping-taxable","26":"purchasable","27":"product-type-variable"},"acf":[],"uagb_featured_image_src":{"full":["https:\/\/justvape.nu\/wp-content\/uploads\/2022\/08\/GeekVape_B60_AegisBoost2__GROUP_2048x2048_db0ffffa-ca57-4830-8347-2b02fb214ed4.webp",2048,2048,false],"thumbnail":["https:\/\/justvape.nu\/wp-content\/uploads\/2022\/08\/GeekVape_B60_AegisBoost2__GROUP_2048x2048_db0ffffa-ca57-4830-8347-2b02fb214ed4.webp",150,150,false],"medium":["https:\/\/justvape.nu\/wp-content\/uploads\/2022\/08\/GeekVape_B60_AegisBoost2__GROUP_2048x2048_db0ffffa-ca57-4830-8347-2b02fb214ed4.webp",300,300,false],"medium_large":["https:\/\/justvape.nu\/wp-content\/uploads\/2022\/08\/GeekVape_B60_AegisBoost2__GROUP_2048x2048_db0ffffa-ca57-4830-8347-2b02fb214ed4.webp",768,768,false],"large":["https:\/\/justvape.nu\/wp-content\/uploads\/2022\/08\/GeekVape_B60_AegisBoost2__GROUP_2048x2048_db0ffffa-ca57-4830-8347-2b02fb214ed4.webp",1024,1024,false],"1536x1536":["https:\/\/justvape.nu\/wp-content\/uploads\/2022\/08\/GeekVape_B60_AegisBoost2__GROUP_2048x2048_db0ffffa-ca57-4830-8347-2b02fb214ed4.webp",1536,1536,false],"2048x2048":["https:\/\/justvape.nu\/wp-content\/uploads\/2022\/08\/GeekVape_B60_AegisBoost2__GROUP_2048x2048_db0ffffa-ca57-4830-8347-2b02fb214ed4.webp",2048,2048,false],"woocommerce_thumbnail":["https:\/\/justvape.nu\/wp-content\/uploads\/2022\/08\/GeekVape_B60_AegisBoost2__GROUP_2048x2048_db0ffffa-ca57-4830-8347-2b02fb214ed4-300x300.webp",300,300,true],"woocommerce_single":["https:\/\/justvape.nu\/wp-content\/uploads\/2022\/08\/GeekVape_B60_AegisBoost2__GROUP_2048x2048_db0ffffa-ca57-4830-8347-2b02fb214ed4-600x600.webp",600,600,true],"woocommerce_gallery_thumbnail":["https:\/\/justvape.nu\/wp-content\/uploads\/2022\/08\/GeekVape_B60_AegisBoost2__GROUP_2048x2048_db0ffffa-ca57-4830-8347-2b02fb214ed4-100x100.webp",100,100,true],"dgwt-wcas-product-suggestion":["https:\/\/justvape.nu\/wp-content\/uploads\/2022\/08\/GeekVape_B60_AegisBoost2__GROUP_2048x2048_db0ffffa-ca57-4830-8347-2b02fb214ed4-64x64.webp",64,64,true]},"uagb_author_info":{"display_name":"JustVape.nu","author_link":"https:\/\/justvape.nu\/es\/author\/"},"uagb_comment_info":0,"uagb_excerpt":"GEEKVAPE - B60 (BOOST 2) VAPE KIT","_links":{"self":[{"href":"https:\/\/justvape.nu\/es\/wp-json\/wp\/v2\/product\/453517","targetHints":{"allow":["GET"]}}],"collection":[{"href":"https:\/\/justvape.nu\/es\/wp-json\/wp\/v2\/product"}],"about":[{"href":"https:\/\/justvape.nu\/es\/wp-json\/wp\/v2\/types\/product"}],"replies":[{"embeddable":true,"href":"https:\/\/justvape.nu\/es\/wp-json\/wp\/v2\/comments?post=453517"}],"wp:featuredmedia":[{"embeddable":true,"href":"https:\/\/justvape.nu\/es\/wp-json\/wp\/v2\/media\/664920"}],"wp:attachment":[{"href":"https:\/\/justvape.nu\/es\/wp-json\/wp\/v2\/media?parent=453517"}],"wp:term":[{"taxonomy":"product_brand","embeddable":true,"href":"https:\/\/justvape.nu\/es\/wp-json\/wp\/v2\/product_brand?post=453517"},{"taxonomy":"product_cat","embeddable":true,"href":"https:\/\/justvape.nu\/es\/wp-json\/wp\/v2\/product_cat?post=453517"},{"taxonomy":"product_tag","embeddable":true,"href":"https:\/\/justvape.nu\/es\/wp-json\/wp\/v2\/product_tag?post=453517"}],"curies":[{"name":"wp","href":"https:\/\/api.w.org\/{rel}","templated":true}]}}