{"id":453231,"date":"2022-08-01T22:26:40","date_gmt":"2022-08-01T20:26:40","guid":{"rendered":"https:\/\/justvape.nu\/produkt\/uwell-caliburn-a2s-pod-system\/"},"modified":"2022-08-01T22:26:40","modified_gmt":"2022-08-01T20:26:40","slug":"uwell-caliburn-a2s-pod-system-2","status":"publish","type":"product","link":"https:\/\/justvape.nu\/es\/produkt\/uwell-caliburn-a2s-pod-system-2\/","title":{"rendered":"UWELL &#8211; CALIBURN A2S POD SYSTEM"},"content":{"rendered":"<h2>UWELL &#8211; SISTEMA DE PODS CALIBURN A2S &#8211; A2 TIENE NUEVO Y MEJORADO<\/h2>\n<p>El kit de pods Uwell Caliburn A2S es elegante y con estilo. Esta es una gran elecci\u00f3n de kit para los vapers menos experimentados ya que es f\u00e1cil de usar, ofrece un vapeo MTL (boca a pulm\u00f3n). Alimentado por una bater\u00eda integrada de 520mAh, puedes vapear m\u00e1s tiempo entre cargas. Cada kit incluye dos vainas recargables Caliburn A2 de 1,2 Ohm, que cuentan con una bobina de malla incorporada que crea un mejor sabor.<\/p>\n<p>Gracias al dise\u00f1o sin botones de este kit y a la activaci\u00f3n de la inhalaci\u00f3n, puedes vapear dando una calada a la boquilla. Este kit tambi\u00e9n utiliza un vataje fijo para ofrecer un sabor y una producci\u00f3n de vapor consistentes desde la primera hasta la \u00faltima calada. Tambi\u00e9n hay una peque\u00f1a ventana en este kit, para que pueda ver mejor la cantidad de e-l\u00edquido que queda en el tanque.<\/p>\n<p>Las vainas Caliburn A2 de 1,2 Ohm que se incluyen con este kit permiten recargas r\u00e1pidas y menos desorden. Este kit cuenta con un puerto de llenado lateral que puede extraerse f\u00e1cilmente para rellenar el pod con tus e-l\u00edquidos favoritos. La bobina est\u00e1 incorporada en esta vaina, lo que significa que no hay cambios de bobina desordenados tampoco, cuando uno se termina se puede reemplazar con uno fresco. Recomendamos combinar estas c\u00e1psulas con e-l\u00edquidos de 50\/50 y alto PG.<\/p>\n<p><strong>Nota: Este kit no se vende con un cable de carga USB-C y se vende por separado.<\/strong><\/p>\n<p><img loading=\"lazy\" decoding=\"async\" class=\"alignnone size-full wp-image-383695\" src=\"https:\/\/justvape.nu\/wp-content\/uploads\/2021\/05\/Color-Scheme.png\" alt=\"\" width=\"950\" height=\"64\" title=\"\" srcset=\"https:\/\/justvape.nu\/wp-content\/uploads\/2021\/05\/Color-Scheme.png 950w, https:\/\/justvape.nu\/wp-content\/uploads\/2021\/05\/Color-Scheme-600x40.png 600w, https:\/\/justvape.nu\/wp-content\/uploads\/2021\/05\/Color-Scheme-64x4.png 64w, https:\/\/justvape.nu\/wp-content\/uploads\/2021\/05\/Color-Scheme-300x20.png 300w, https:\/\/justvape.nu\/wp-content\/uploads\/2021\/05\/Color-Scheme-768x52.png 768w\" sizes=\"auto, (max-width: 950px) 100vw, 950px\" \/><\/p>\n<p><img loading=\"lazy\" decoding=\"async\" class=\"alignnone size-full wp-image-452937\" src=\"https:\/\/justvape.nu\/wp-content\/uploads\/2022\/08\/Uwell-CALIBURN-A2S-Pod-System-Kit_500x.jpg\" alt=\"\" width=\"757\" height=\"319\" title=\"\" srcset=\"https:\/\/justvape.nu\/wp-content\/uploads\/2022\/08\/Uwell-CALIBURN-A2S-Pod-System-Kit_500x.jpg 757w, https:\/\/justvape.nu\/wp-content\/uploads\/2022\/08\/Uwell-CALIBURN-A2S-Pod-System-Kit_500x-300x126.jpg 300w, https:\/\/justvape.nu\/wp-content\/uploads\/2022\/08\/Uwell-CALIBURN-A2S-Pod-System-Kit_500x-600x253.jpg 600w, https:\/\/justvape.nu\/wp-content\/uploads\/2022\/08\/Uwell-CALIBURN-A2S-Pod-System-Kit_500x-64x27.jpg 64w\" sizes=\"auto, (max-width: 757px) 100vw, 757px\" \/><\/p>\n<p><img loading=\"lazy\" decoding=\"async\" class=\"alignnone size-full wp-image-229154\" src=\"https:\/\/justvape.nu\/wp-content\/uploads\/2018\/04\/Packing-List.png\" alt=\"\" width=\"950\" height=\"64\" title=\"\" srcset=\"https:\/\/justvape.nu\/wp-content\/uploads\/2018\/04\/Packing-List.png 950w, https:\/\/justvape.nu\/wp-content\/uploads\/2018\/04\/Packing-List-600x40.png 600w, https:\/\/justvape.nu\/wp-content\/uploads\/2018\/04\/Packing-List-64x4.png 64w, https:\/\/justvape.nu\/wp-content\/uploads\/2018\/04\/Packing-List-300x20.png 300w, https:\/\/justvape.nu\/wp-content\/uploads\/2018\/04\/Packing-List-768x52.png 768w\" sizes=\"auto, (max-width: 950px) 100vw, 950px\" \/><\/p>\n<ul>\n<li>Dispositivo Caliburn A2S<\/li>\n<li>2 x 1.2 Ohm Uwell Caliburn A2 Side Refilling Pod y con 1.2 Ohm Uwell Caliburn A2S Side Refilling Pod<\/li>\n<li>Manual de usuario<\/li>\n<\/ul>\n","protected":false},"excerpt":{"rendered":"<p>UWELL &#8211; CALIBURN A2S POD SYSTEM<\/p>\n","protected":false},"featured_media":452955,"comment_status":"open","ping_status":"closed","template":"","meta":{"_acf_changed":false,"_uag_custom_page_level_css":"","site-sidebar-layout":"default","site-content-layout":"default","ast-site-content-layout":"default","site-content-style":"default","site-sidebar-style":"default","ast-global-header-display":"","ast-banner-title-visibility":"","ast-main-header-display":"","ast-hfb-above-header-display":"","ast-hfb-below-header-display":"","ast-hfb-mobile-header-display":"","site-post-title":"","ast-breadcrumbs-content":"","ast-featured-img":"","footer-sml-layout":"","ast-disable-related-posts":"","theme-transparent-header-meta":"default","adv-header-id-meta":"","stick-header-meta":"default","header-above-stick-meta":"","header-main-stick-meta":"","header-below-stick-meta":"","astra-migrate-meta-layouts":"default","ast-page-background-enabled":"default","ast-page-background-meta":{"desktop":{"background-color":"","background-image":"","background-repeat":"repeat","background-position":"center center","background-size":"auto","background-attachment":"scroll","background-type":"","background-media":"","overlay-type":"","overlay-color":"","overlay-opacity":"","overlay-gradient":""},"tablet":{"background-color":"","background-image":"","background-repeat":"repeat","background-position":"center center","background-size":"auto","background-attachment":"scroll","background-type":"","background-media":"","overlay-type":"","overlay-color":"","overlay-opacity":"","overlay-gradient":""},"mobile":{"background-color":"","background-image":"","background-repeat":"repeat","background-position":"center center","background-size":"auto","background-attachment":"scroll","background-type":"","background-media":"","overlay-type":"","overlay-color":"","overlay-opacity":"","overlay-gradient":""}},"ast-content-background-meta":{"desktop":{"background-color":"var(--ast-global-color-5)","background-image":"","background-repeat":"repeat","background-position":"center center","background-size":"auto","background-attachment":"scroll","background-type":"","background-media":"","overlay-type":"","overlay-color":"","overlay-opacity":"","overlay-gradient":""},"tablet":{"background-color":"var(--ast-global-color-5)","background-image":"","background-repeat":"repeat","background-position":"center center","background-size":"auto","background-attachment":"scroll","background-type":"","background-media":"","overlay-type":"","overlay-color":"","overlay-opacity":"","overlay-gradient":""},"mobile":{"background-color":"var(--ast-global-color-5)","background-image":"","background-repeat":"repeat","background-position":"center center","background-size":"auto","background-attachment":"scroll","background-type":"","background-media":"","overlay-type":"","overlay-color":"","overlay-opacity":"","overlay-gradient":""}}},"product_brand":[],"product_cat":[2073,4692,2529,2083,1973,2530,3431],"product_tag":[],"class_list":{"0":"post-453231","1":"product","2":"type-product","3":"status-publish","4":"has-post-thumbnail","6":"product_cat-cigarrillos-electronicos","7":"product_cat-featured-e-cigarettes-es","8":"product_cat-hardware-es","9":"product_cat-kits-para-principiantes-y-pods","10":"product_cat-ofertas","11":"product_cat-shop-by-brand-es","12":"product_cat-uwell-es","13":"desktop-align-center","14":"tablet-align-center","15":"mobile-align-center","16":"ast-product-gallery-layout-horizontal-slider","17":"ast-product-gallery-with-no-image","18":"ast-product-single-variable","19":"ast-product-tabs-layout-horizontal","21":"first","22":"instock","23":"sale","24":"featured","25":"taxable","26":"shipping-taxable","27":"purchasable","28":"product-type-variable"},"acf":[],"uagb_featured_image_src":{"full":["https:\/\/justvape.nu\/wp-content\/uploads\/2022\/08\/uwell-caliburn-a2s-pod-kit-e-zigaretten-set.jpg",600,600,false],"thumbnail":["https:\/\/justvape.nu\/wp-content\/uploads\/2022\/08\/uwell-caliburn-a2s-pod-kit-e-zigaretten-set-150x150.jpg",150,150,true],"medium":["https:\/\/justvape.nu\/wp-content\/uploads\/2022\/08\/uwell-caliburn-a2s-pod-kit-e-zigaretten-set-300x300.jpg",300,300,true],"medium_large":["https:\/\/justvape.nu\/wp-content\/uploads\/2022\/08\/uwell-caliburn-a2s-pod-kit-e-zigaretten-set.jpg",600,600,false],"large":["https:\/\/justvape.nu\/wp-content\/uploads\/2022\/08\/uwell-caliburn-a2s-pod-kit-e-zigaretten-set.jpg",600,600,false],"1536x1536":["https:\/\/justvape.nu\/wp-content\/uploads\/2022\/08\/uwell-caliburn-a2s-pod-kit-e-zigaretten-set.jpg",600,600,false],"2048x2048":["https:\/\/justvape.nu\/wp-content\/uploads\/2022\/08\/uwell-caliburn-a2s-pod-kit-e-zigaretten-set.jpg",600,600,false],"woocommerce_thumbnail":["https:\/\/justvape.nu\/wp-content\/uploads\/2022\/08\/uwell-caliburn-a2s-pod-kit-e-zigaretten-set-300x300.jpg",300,300,true],"woocommerce_single":["https:\/\/justvape.nu\/wp-content\/uploads\/2022\/08\/uwell-caliburn-a2s-pod-kit-e-zigaretten-set.jpg",600,600,false],"woocommerce_gallery_thumbnail":["https:\/\/justvape.nu\/wp-content\/uploads\/2022\/08\/uwell-caliburn-a2s-pod-kit-e-zigaretten-set-100x100.jpg",100,100,true],"dgwt-wcas-product-suggestion":["https:\/\/justvape.nu\/wp-content\/uploads\/2022\/08\/uwell-caliburn-a2s-pod-kit-e-zigaretten-set-64x64.jpg",64,64,true]},"uagb_author_info":{"display_name":"JustVape.nu","author_link":"https:\/\/justvape.nu\/es\/author\/"},"uagb_comment_info":0,"uagb_excerpt":"UWELL - CALIBURN A2S POD SYSTEM","_links":{"self":[{"href":"https:\/\/justvape.nu\/es\/wp-json\/wp\/v2\/product\/453231","targetHints":{"allow":["GET"]}}],"collection":[{"href":"https:\/\/justvape.nu\/es\/wp-json\/wp\/v2\/product"}],"about":[{"href":"https:\/\/justvape.nu\/es\/wp-json\/wp\/v2\/types\/product"}],"replies":[{"embeddable":true,"href":"https:\/\/justvape.nu\/es\/wp-json\/wp\/v2\/comments?post=453231"}],"wp:featuredmedia":[{"embeddable":true,"href":"https:\/\/justvape.nu\/es\/wp-json\/wp\/v2\/media\/452955"}],"wp:attachment":[{"href":"https:\/\/justvape.nu\/es\/wp-json\/wp\/v2\/media?parent=453231"}],"wp:term":[{"taxonomy":"product_brand","embeddable":true,"href":"https:\/\/justvape.nu\/es\/wp-json\/wp\/v2\/product_brand?post=453231"},{"taxonomy":"product_cat","embeddable":true,"href":"https:\/\/justvape.nu\/es\/wp-json\/wp\/v2\/product_cat?post=453231"},{"taxonomy":"product_tag","embeddable":true,"href":"https:\/\/justvape.nu\/es\/wp-json\/wp\/v2\/product_tag?post=453231"}],"curies":[{"name":"wp","href":"https:\/\/api.w.org\/{rel}","templated":true}]}}