{"id":450164,"date":"2022-07-19T11:36:56","date_gmt":"2022-07-19T09:36:56","guid":{"rendered":"https:\/\/justvape.nu\/produkt\/aspire-riil-x-pod\/"},"modified":"2022-07-19T11:36:56","modified_gmt":"2022-07-19T09:36:56","slug":"aspire-riil-x-pod-2","status":"publish","type":"product","link":"https:\/\/justvape.nu\/es\/produkt\/aspire-riil-x-pod-2\/","title":{"rendered":"ASPIRE &#8211; RIIL X POD"},"content":{"rendered":"<h2>ASPIRE &#8211; RIIL X POD<\/h2>\n<p>La vaina de repuesto Aspire RiiL X tiene una capacidad de 2ml de e-l\u00edquido y ha sido especialmente dise\u00f1ada para su uso con el kit de vapeo Aspire RiiL X. Admiten el vaping MTL (Mouth To Lung), para una cantidad de vapor m\u00e1s discreta que reproduce la sensaci\u00f3n de un cigarrillo, lo que puede ser muy \u00fatil para quienes pasan de fumar a vaping. El control de flujo de aire tambi\u00e9n permite una inhalaci\u00f3n de estilo restringido directo al pulm\u00f3n (RDTL), por lo que tiene a\u00fan m\u00e1s opciones.<\/p>\n<p><strong>Caracter\u00edsticas:<\/strong><\/p>\n<ul>\n<li>Vainas recargables de 2ml<\/li>\n<li>Vaping MTL y RDTL<\/li>\n<li>Relleno lateral<\/li>\n<li>Compatible con bobinas de malla<\/li>\n<\/ul>\n<p>Las c\u00e1psulas tienen una capacidad de 2 ml y su recarga es sencilla gracias a su funci\u00f3n de llenado lateral. La bobina de 0,6 Ohm crear\u00e1 nubes ligeramente m\u00e1s grandes que la versi\u00f3n de 1,0 Ohm, pero ambas son de la gama de bobinas Aspire AF y est\u00e1n dise\u00f1adas para producir cantidades discretas de vapor. Recomendamos emparejar las bobinas con e-l\u00edquidos de 50% PG o m\u00e1s para obtener los mejores resultados. Tambi\u00e9n experimentar\u00e1 un sabor m\u00e1s completo debido a que la bobina de malla calienta el e-l\u00edquido m\u00e1s r\u00e1pidamente. Adem\u00e1s, el flujo de aire ajustable le permite establecer una sensaci\u00f3n de inhalaci\u00f3n m\u00e1s ajustada o m\u00e1s floja.<\/p>\n<p><strong>Contiene<\/strong><\/p>\n<ul>\n<li>1 x Aspire RiiL X Pod<\/li>\n<\/ul>\n","protected":false},"excerpt":{"rendered":"<p>ASPIRE &#8211; RIIL X POD<\/p>\n","protected":false},"featured_media":449777,"comment_status":"open","ping_status":"closed","template":"","meta":{"_acf_changed":false,"_uag_custom_page_level_css":"","site-sidebar-layout":"default","site-content-layout":"default","ast-site-content-layout":"default","site-content-style":"default","site-sidebar-style":"default","ast-global-header-display":"","ast-banner-title-visibility":"","ast-main-header-display":"","ast-hfb-above-header-display":"","ast-hfb-below-header-display":"","ast-hfb-mobile-header-display":"","site-post-title":"","ast-breadcrumbs-content":"","ast-featured-img":"","footer-sml-layout":"","ast-disable-related-posts":"","theme-transparent-header-meta":"default","adv-header-id-meta":"","stick-header-meta":"default","header-above-stick-meta":"","header-main-stick-meta":"","header-below-stick-meta":"","astra-migrate-meta-layouts":"default","ast-page-background-enabled":"default","ast-page-background-meta":{"desktop":{"background-color":"","background-image":"","background-repeat":"repeat","background-position":"center center","background-size":"auto","background-attachment":"scroll","background-type":"","background-media":"","overlay-type":"","overlay-color":"","overlay-opacity":"","overlay-gradient":""},"tablet":{"background-color":"","background-image":"","background-repeat":"repeat","background-position":"center center","background-size":"auto","background-attachment":"scroll","background-type":"","background-media":"","overlay-type":"","overlay-color":"","overlay-opacity":"","overlay-gradient":""},"mobile":{"background-color":"","background-image":"","background-repeat":"repeat","background-position":"center center","background-size":"auto","background-attachment":"scroll","background-type":"","background-media":"","overlay-type":"","overlay-color":"","overlay-opacity":"","overlay-gradient":""}},"ast-content-background-meta":{"desktop":{"background-color":"var(--ast-global-color-5)","background-image":"","background-repeat":"repeat","background-position":"center center","background-size":"auto","background-attachment":"scroll","background-type":"","background-media":"","overlay-type":"","overlay-color":"","overlay-opacity":"","overlay-gradient":""},"tablet":{"background-color":"var(--ast-global-color-5)","background-image":"","background-repeat":"repeat","background-position":"center center","background-size":"auto","background-attachment":"scroll","background-type":"","background-media":"","overlay-type":"","overlay-color":"","overlay-opacity":"","overlay-gradient":""},"mobile":{"background-color":"var(--ast-global-color-5)","background-image":"","background-repeat":"repeat","background-position":"center center","background-size":"auto","background-attachment":"scroll","background-type":"","background-media":"","overlay-type":"","overlay-color":"","overlay-opacity":"","overlay-gradient":""}}},"product_brand":[],"product_cat":[2063,1983],"product_tag":[],"class_list":{"0":"post-450164","1":"product","2":"type-product","3":"status-publish","4":"has-post-thumbnail","6":"product_cat-bobinas-vainas","7":"product_cat-tanques-y-bobinas","8":"desktop-align-center","9":"tablet-align-center","10":"mobile-align-center","11":"ast-product-gallery-layout-horizontal-slider","12":"ast-product-gallery-with-no-image","13":"ast-product-tabs-layout-horizontal","15":"first","16":"instock","17":"sale","18":"taxable","19":"shipping-taxable","20":"purchasable","21":"product-type-simple"},"acf":[],"uagb_featured_image_src":{"full":["https:\/\/justvape.nu\/wp-content\/uploads\/2022\/07\/Riil-X-Replacement-Pod.webp",700,700,false],"thumbnail":["https:\/\/justvape.nu\/wp-content\/uploads\/2022\/07\/Riil-X-Replacement-Pod-150x150.webp",150,150,true],"medium":["https:\/\/justvape.nu\/wp-content\/uploads\/2022\/07\/Riil-X-Replacement-Pod-300x300.webp",300,300,true],"medium_large":["https:\/\/justvape.nu\/wp-content\/uploads\/2022\/07\/Riil-X-Replacement-Pod.webp",700,700,false],"large":["https:\/\/justvape.nu\/wp-content\/uploads\/2022\/07\/Riil-X-Replacement-Pod.webp",700,700,false],"1536x1536":["https:\/\/justvape.nu\/wp-content\/uploads\/2022\/07\/Riil-X-Replacement-Pod.webp",700,700,false],"2048x2048":["https:\/\/justvape.nu\/wp-content\/uploads\/2022\/07\/Riil-X-Replacement-Pod.webp",700,700,false],"woocommerce_thumbnail":["https:\/\/justvape.nu\/wp-content\/uploads\/2022\/07\/Riil-X-Replacement-Pod-300x300.webp",300,300,true],"woocommerce_single":["https:\/\/justvape.nu\/wp-content\/uploads\/2022\/07\/Riil-X-Replacement-Pod-600x600.webp",600,600,true],"woocommerce_gallery_thumbnail":["https:\/\/justvape.nu\/wp-content\/uploads\/2022\/07\/Riil-X-Replacement-Pod-100x100.webp",100,100,true],"dgwt-wcas-product-suggestion":["https:\/\/justvape.nu\/wp-content\/uploads\/2022\/07\/Riil-X-Replacement-Pod-64x64.webp",64,64,true]},"uagb_author_info":{"display_name":"JustVape.nu","author_link":"https:\/\/justvape.nu\/es\/author\/"},"uagb_comment_info":0,"uagb_excerpt":"ASPIRE - RIIL X POD","_links":{"self":[{"href":"https:\/\/justvape.nu\/es\/wp-json\/wp\/v2\/product\/450164","targetHints":{"allow":["GET"]}}],"collection":[{"href":"https:\/\/justvape.nu\/es\/wp-json\/wp\/v2\/product"}],"about":[{"href":"https:\/\/justvape.nu\/es\/wp-json\/wp\/v2\/types\/product"}],"replies":[{"embeddable":true,"href":"https:\/\/justvape.nu\/es\/wp-json\/wp\/v2\/comments?post=450164"}],"wp:featuredmedia":[{"embeddable":true,"href":"https:\/\/justvape.nu\/es\/wp-json\/wp\/v2\/media\/449777"}],"wp:attachment":[{"href":"https:\/\/justvape.nu\/es\/wp-json\/wp\/v2\/media?parent=450164"}],"wp:term":[{"taxonomy":"product_brand","embeddable":true,"href":"https:\/\/justvape.nu\/es\/wp-json\/wp\/v2\/product_brand?post=450164"},{"taxonomy":"product_cat","embeddable":true,"href":"https:\/\/justvape.nu\/es\/wp-json\/wp\/v2\/product_cat?post=450164"},{"taxonomy":"product_tag","embeddable":true,"href":"https:\/\/justvape.nu\/es\/wp-json\/wp\/v2\/product_tag?post=450164"}],"curies":[{"name":"wp","href":"https:\/\/api.w.org\/{rel}","templated":true}]}}