{"id":447137,"date":"2022-07-03T11:59:16","date_gmt":"2022-07-03T09:59:16","guid":{"rendered":"https:\/\/justvape.nu\/produkt\/innokin-go-z-tank\/"},"modified":"2025-07-04T19:43:55","modified_gmt":"2025-07-04T17:43:55","slug":"innokin-go-z-tank-2","status":"publish","type":"product","link":"https:\/\/justvape.nu\/es\/produkt\/innokin-go-z-tank-2\/","title":{"rendered":"INNOKIN &#8211; GO Z TANK"},"content":{"rendered":"<h2>INNOKIN &#8211; GO Z TANK<\/h2>\n<p>El Innokin GO Z Tank est\u00e1 convenientemente dise\u00f1ado para ofrecer un vapeo MTL de calidad. Dise\u00f1ado para ser utilizado con el kit del bol\u00edgrafo Innokin GO Z, se atornilla a la parte superior de la bater\u00eda. El sistema de llenado ofrece una forma sencilla y sin complicaciones de rellenar el tanque con e-l\u00edquido. Simplemente deslice la parte superior para revelar la entrada de e-l\u00edquido. Empuje la punta de la botella de e-l\u00edquido a trav\u00e9s del sello de silicona y ll\u00e9nela. Esto a\u00f1ade una protecci\u00f3n adicional contra las fugas. El sistema de llenado superior tambi\u00e9n significa que no necesita ser retirado del kit para a\u00f1adir l\u00edquido de vapeo. El flujo de aire se puede ajustar girando el anillo en la base del tanque para aumentar o disminuir el tama\u00f1o de la entrada de aire. Los precisos orificios de ventilaci\u00f3n proporcionan una extracci\u00f3n restringida adecuada para el vapeo MTL. Adem\u00e1s, la bobina Innokin Z de 1,6ohm proporciona un gran sabor con un 50\/50 de e-l\u00edquido y sales de nic.<\/p>\n<p><img loading=\"lazy\" decoding=\"async\" class=\"alignnone size-full wp-image-446973\" src=\"https:\/\/justvape.nu\/wp-content\/uploads\/2022\/07\/Innokin-GO-Z-2ml-%CE%91%CF%84%CE%BC%CE%BF%CF%80%CE%BF%CE%B9%CE%B7%CF%84%CE%AE%CF%82-banner-10.jpg\" alt=\"\" width=\"950\" height=\"384\" title=\"\"><\/p>\n<h3>CONTENIDO DEL KIT<\/h3>\n<ul>\n<li>1 x Innokin GO Z Tank<\/li>\n<li>1 x bobina Innokin Z<\/li>\n<\/ul>\n","protected":false},"excerpt":{"rendered":"<p>INNOKIN &#8211; GO Z TANK<\/p>\n","protected":false},"featured_media":446991,"comment_status":"open","ping_status":"closed","template":"","meta":{"_acf_changed":false,"_uag_custom_page_level_css":"","site-sidebar-layout":"default","site-content-layout":"default","ast-site-content-layout":"default","site-content-style":"default","site-sidebar-style":"default","ast-global-header-display":"","ast-banner-title-visibility":"","ast-main-header-display":"","ast-hfb-above-header-display":"","ast-hfb-below-header-display":"","ast-hfb-mobile-header-display":"","site-post-title":"","ast-breadcrumbs-content":"","ast-featured-img":"","footer-sml-layout":"","ast-disable-related-posts":"","theme-transparent-header-meta":"default","adv-header-id-meta":"","stick-header-meta":"default","header-above-stick-meta":"","header-main-stick-meta":"","header-below-stick-meta":"","astra-migrate-meta-layouts":"default","ast-page-background-enabled":"default","ast-page-background-meta":{"desktop":{"background-color":"","background-image":"","background-repeat":"repeat","background-position":"center center","background-size":"auto","background-attachment":"scroll","background-type":"","background-media":"","overlay-type":"","overlay-color":"","overlay-opacity":"","overlay-gradient":""},"tablet":{"background-color":"","background-image":"","background-repeat":"repeat","background-position":"center center","background-size":"auto","background-attachment":"scroll","background-type":"","background-media":"","overlay-type":"","overlay-color":"","overlay-opacity":"","overlay-gradient":""},"mobile":{"background-color":"","background-image":"","background-repeat":"repeat","background-position":"center center","background-size":"auto","background-attachment":"scroll","background-type":"","background-media":"","overlay-type":"","overlay-color":"","overlay-opacity":"","overlay-gradient":""}},"ast-content-background-meta":{"desktop":{"background-color":"var(--ast-global-color-5)","background-image":"","background-repeat":"repeat","background-position":"center center","background-size":"auto","background-attachment":"scroll","background-type":"","background-media":"","overlay-type":"","overlay-color":"","overlay-opacity":"","overlay-gradient":""},"tablet":{"background-color":"var(--ast-global-color-5)","background-image":"","background-repeat":"repeat","background-position":"center center","background-size":"auto","background-attachment":"scroll","background-type":"","background-media":"","overlay-type":"","overlay-color":"","overlay-opacity":"","overlay-gradient":""},"mobile":{"background-color":"var(--ast-global-color-5)","background-image":"","background-repeat":"repeat","background-position":"center center","background-size":"auto","background-attachment":"scroll","background-type":"","background-media":"","overlay-type":"","overlay-color":"","overlay-opacity":"","overlay-gradient":""}}},"product_brand":[],"product_cat":[2529,2543,2530,2043,1983],"product_tag":[],"class_list":{"0":"post-447137","1":"product","2":"type-product","3":"status-publish","4":"has-post-thumbnail","6":"product_cat-hardware-es","7":"product_cat-innokin-es","8":"product_cat-shop-by-brand-es","9":"product_cat-tanques","10":"product_cat-tanques-y-bobinas","11":"desktop-align-center","12":"tablet-align-center","13":"mobile-align-center","14":"ast-product-gallery-layout-horizontal-slider","15":"ast-product-gallery-with-no-image","16":"ast-product-single-variable","17":"ast-product-tabs-layout-horizontal","19":"first","20":"instock","21":"sale","22":"taxable","23":"shipping-taxable","24":"purchasable","25":"product-type-variable"},"acf":[],"uagb_featured_image_src":{"full":["https:\/\/justvape.nu\/wp-content\/uploads\/2022\/07\/innokin-go-z-atomizer-2ml-vb030242-786x786-1.jpg",786,786,false],"thumbnail":["https:\/\/justvape.nu\/wp-content\/uploads\/2022\/07\/innokin-go-z-atomizer-2ml-vb030242-786x786-1-150x150.jpg",150,150,true],"medium":["https:\/\/justvape.nu\/wp-content\/uploads\/2022\/07\/innokin-go-z-atomizer-2ml-vb030242-786x786-1-300x300.jpg",300,300,true],"medium_large":["https:\/\/justvape.nu\/wp-content\/uploads\/2022\/07\/innokin-go-z-atomizer-2ml-vb030242-786x786-1-768x768.jpg",768,768,true],"large":["https:\/\/justvape.nu\/wp-content\/uploads\/2022\/07\/innokin-go-z-atomizer-2ml-vb030242-786x786-1.jpg",786,786,false],"1536x1536":["https:\/\/justvape.nu\/wp-content\/uploads\/2022\/07\/innokin-go-z-atomizer-2ml-vb030242-786x786-1.jpg",786,786,false],"2048x2048":["https:\/\/justvape.nu\/wp-content\/uploads\/2022\/07\/innokin-go-z-atomizer-2ml-vb030242-786x786-1.jpg",786,786,false],"woocommerce_thumbnail":["https:\/\/justvape.nu\/wp-content\/uploads\/2022\/07\/innokin-go-z-atomizer-2ml-vb030242-786x786-1-300x300.jpg",300,300,true],"woocommerce_single":["https:\/\/justvape.nu\/wp-content\/uploads\/2022\/07\/innokin-go-z-atomizer-2ml-vb030242-786x786-1-600x600.jpg",600,600,true],"woocommerce_gallery_thumbnail":["https:\/\/justvape.nu\/wp-content\/uploads\/2022\/07\/innokin-go-z-atomizer-2ml-vb030242-786x786-1-100x100.jpg",100,100,true],"dgwt-wcas-product-suggestion":["https:\/\/justvape.nu\/wp-content\/uploads\/2022\/07\/innokin-go-z-atomizer-2ml-vb030242-786x786-1-64x64.jpg",64,64,true]},"uagb_author_info":{"display_name":"JustVape.nu","author_link":"https:\/\/justvape.nu\/es\/author\/"},"uagb_comment_info":0,"uagb_excerpt":"INNOKIN - GO Z TANK","_links":{"self":[{"href":"https:\/\/justvape.nu\/es\/wp-json\/wp\/v2\/product\/447137","targetHints":{"allow":["GET"]}}],"collection":[{"href":"https:\/\/justvape.nu\/es\/wp-json\/wp\/v2\/product"}],"about":[{"href":"https:\/\/justvape.nu\/es\/wp-json\/wp\/v2\/types\/product"}],"replies":[{"embeddable":true,"href":"https:\/\/justvape.nu\/es\/wp-json\/wp\/v2\/comments?post=447137"}],"wp:featuredmedia":[{"embeddable":true,"href":"https:\/\/justvape.nu\/es\/wp-json\/wp\/v2\/media\/446991"}],"wp:attachment":[{"href":"https:\/\/justvape.nu\/es\/wp-json\/wp\/v2\/media?parent=447137"}],"wp:term":[{"taxonomy":"product_brand","embeddable":true,"href":"https:\/\/justvape.nu\/es\/wp-json\/wp\/v2\/product_brand?post=447137"},{"taxonomy":"product_cat","embeddable":true,"href":"https:\/\/justvape.nu\/es\/wp-json\/wp\/v2\/product_cat?post=447137"},{"taxonomy":"product_tag","embeddable":true,"href":"https:\/\/justvape.nu\/es\/wp-json\/wp\/v2\/product_tag?post=447137"}],"curies":[{"name":"wp","href":"https:\/\/api.w.org\/{rel}","templated":true}]}}