{"id":445240,"date":"2022-06-28T12:32:22","date_gmt":"2022-06-28T10:32:22","guid":{"rendered":"https:\/\/justvape.nu\/produkt\/aspire-flexus-stik-replacement-pod\/"},"modified":"2022-06-28T12:32:22","modified_gmt":"2022-06-28T10:32:22","slug":"aspire-flexus-stik-replacement-pod-2","status":"publish","type":"product","link":"https:\/\/justvape.nu\/es\/produkt\/aspire-flexus-stik-replacement-pod-2\/","title":{"rendered":"ASPIRE &#8211; FLEXUS STIK REPLACEMENT POD"},"content":{"rendered":"<h2>ASPIRE &#8211; FLEXUS STIK REPLACEMENT POD<\/h2>\n<p>El Pod de reemplazo Aspire Flexus Stik es para uso con el dispositivo Aspire Flexus Stik Pod solamente. Este pod cuenta con un sistema de instalaci\u00f3n de bobina a presi\u00f3n y un tap\u00f3n de silicona de llenado lateral &#8211; estas son s\u00f3lo dos de las muchas caracter\u00edsticas que hacen que este pod sea f\u00e1cil de usar y conveniente para el vapeo en movimiento.<\/p>\n<table class=\"description-table\">\n<tbody>\n<tr>\n<td class=\"strong-title \">Marca<\/td>\n<td class=\"inline\">Aspire<\/td>\n<\/tr>\n<tr>\n<td class=\"strong-title \">Nombre del producto<\/td>\n<td class=\"inline\">Flexus Stik Pod<\/td>\n<\/tr>\n<tr>\n<td class=\"strong-title \">Material<\/td>\n<td class=\"inline\">PCTG<\/td>\n<\/tr>\n<tr>\n<td class=\"strong-title \">Capacidad<\/td>\n<td class=\"inline\">3ml<\/td>\n<\/tr>\n<tr>\n<td class=\"strong-title \">Llenando<\/td>\n<td class=\"inline\">Relleno inferior<\/td>\n<\/tr>\n<tr>\n<td class=\"strong-title \">Flujo de aire<\/td>\n<td class=\"inline\">Flujo de aire inferior ajustable<\/td>\n<\/tr>\n<tr>\n<td class=\"strong-title \">En forma de<\/td>\n<td class=\"inline\">Kit Aspire Flexus Stik, bobina AF Mesh 0.6\u03a9\/1.0\u03a9 y bobina AF 0.6\u03a9<\/td>\n<\/tr>\n<tr>\n<td class=\"strong-title \">Cantidad<\/td>\n<td class=\"inline\">1 unidad\/paquete<\/td>\n<\/tr>\n<\/tbody>\n<\/table>\n<p><strong>Contenidos del paquete:<\/strong><br \/>\n1 x Pod de reemplazo Aspire Flexus Stik<\/p>\n","protected":false},"excerpt":{"rendered":"<p>ASPIRE &#8211; FLEXUS STIK REPLACEMENT POD<\/p>\n","protected":false},"featured_media":444817,"comment_status":"open","ping_status":"closed","template":"","meta":{"_acf_changed":false,"_uag_custom_page_level_css":"","site-sidebar-layout":"default","site-content-layout":"default","ast-site-content-layout":"default","site-content-style":"default","site-sidebar-style":"default","ast-global-header-display":"","ast-banner-title-visibility":"","ast-main-header-display":"","ast-hfb-above-header-display":"","ast-hfb-below-header-display":"","ast-hfb-mobile-header-display":"","site-post-title":"","ast-breadcrumbs-content":"","ast-featured-img":"","footer-sml-layout":"","ast-disable-related-posts":"","theme-transparent-header-meta":"default","adv-header-id-meta":"","stick-header-meta":"default","header-above-stick-meta":"","header-main-stick-meta":"","header-below-stick-meta":"","astra-migrate-meta-layouts":"default","ast-page-background-enabled":"default","ast-page-background-meta":{"desktop":{"background-color":"","background-image":"","background-repeat":"repeat","background-position":"center center","background-size":"auto","background-attachment":"scroll","background-type":"","background-media":"","overlay-type":"","overlay-color":"","overlay-opacity":"","overlay-gradient":""},"tablet":{"background-color":"","background-image":"","background-repeat":"repeat","background-position":"center center","background-size":"auto","background-attachment":"scroll","background-type":"","background-media":"","overlay-type":"","overlay-color":"","overlay-opacity":"","overlay-gradient":""},"mobile":{"background-color":"","background-image":"","background-repeat":"repeat","background-position":"center center","background-size":"auto","background-attachment":"scroll","background-type":"","background-media":"","overlay-type":"","overlay-color":"","overlay-opacity":"","overlay-gradient":""}},"ast-content-background-meta":{"desktop":{"background-color":"var(--ast-global-color-5)","background-image":"","background-repeat":"repeat","background-position":"center center","background-size":"auto","background-attachment":"scroll","background-type":"","background-media":"","overlay-type":"","overlay-color":"","overlay-opacity":"","overlay-gradient":""},"tablet":{"background-color":"var(--ast-global-color-5)","background-image":"","background-repeat":"repeat","background-position":"center center","background-size":"auto","background-attachment":"scroll","background-type":"","background-media":"","overlay-type":"","overlay-color":"","overlay-opacity":"","overlay-gradient":""},"mobile":{"background-color":"var(--ast-global-color-5)","background-image":"","background-repeat":"repeat","background-position":"center center","background-size":"auto","background-attachment":"scroll","background-type":"","background-media":"","overlay-type":"","overlay-color":"","overlay-opacity":"","overlay-gradient":""}}},"product_brand":[],"product_cat":[2063,1983],"product_tag":[],"class_list":{"0":"post-445240","1":"product","2":"type-product","3":"status-publish","4":"has-post-thumbnail","6":"product_cat-bobinas-vainas","7":"product_cat-tanques-y-bobinas","8":"desktop-align-center","9":"tablet-align-center","10":"mobile-align-center","11":"ast-product-gallery-layout-horizontal-slider","12":"ast-product-gallery-with-no-image","13":"ast-product-tabs-layout-horizontal","15":"first","16":"instock","17":"sale","18":"taxable","19":"shipping-taxable","20":"purchasable","21":"product-type-simple"},"acf":[],"uagb_featured_image_src":{"full":["https:\/\/justvape.nu\/wp-content\/uploads\/2022\/06\/0005502_aspire-flexus-stick-replacement-pod-3ml_600.png",600,600,false],"thumbnail":["https:\/\/justvape.nu\/wp-content\/uploads\/2022\/06\/0005502_aspire-flexus-stick-replacement-pod-3ml_600-150x150.png",150,150,true],"medium":["https:\/\/justvape.nu\/wp-content\/uploads\/2022\/06\/0005502_aspire-flexus-stick-replacement-pod-3ml_600-300x300.png",300,300,true],"medium_large":["https:\/\/justvape.nu\/wp-content\/uploads\/2022\/06\/0005502_aspire-flexus-stick-replacement-pod-3ml_600.png",600,600,false],"large":["https:\/\/justvape.nu\/wp-content\/uploads\/2022\/06\/0005502_aspire-flexus-stick-replacement-pod-3ml_600.png",600,600,false],"1536x1536":["https:\/\/justvape.nu\/wp-content\/uploads\/2022\/06\/0005502_aspire-flexus-stick-replacement-pod-3ml_600.png",600,600,false],"2048x2048":["https:\/\/justvape.nu\/wp-content\/uploads\/2022\/06\/0005502_aspire-flexus-stick-replacement-pod-3ml_600.png",600,600,false],"woocommerce_thumbnail":["https:\/\/justvape.nu\/wp-content\/uploads\/2022\/06\/0005502_aspire-flexus-stick-replacement-pod-3ml_600-300x300.png",300,300,true],"woocommerce_single":["https:\/\/justvape.nu\/wp-content\/uploads\/2022\/06\/0005502_aspire-flexus-stick-replacement-pod-3ml_600.png",600,600,false],"woocommerce_gallery_thumbnail":["https:\/\/justvape.nu\/wp-content\/uploads\/2022\/06\/0005502_aspire-flexus-stick-replacement-pod-3ml_600-100x100.png",100,100,true],"dgwt-wcas-product-suggestion":["https:\/\/justvape.nu\/wp-content\/uploads\/2022\/06\/0005502_aspire-flexus-stick-replacement-pod-3ml_600-64x64.png",64,64,true]},"uagb_author_info":{"display_name":"JustVape.nu","author_link":"https:\/\/justvape.nu\/es\/author\/"},"uagb_comment_info":0,"uagb_excerpt":"ASPIRE - FLEXUS STIK REPLACEMENT POD","_links":{"self":[{"href":"https:\/\/justvape.nu\/es\/wp-json\/wp\/v2\/product\/445240","targetHints":{"allow":["GET"]}}],"collection":[{"href":"https:\/\/justvape.nu\/es\/wp-json\/wp\/v2\/product"}],"about":[{"href":"https:\/\/justvape.nu\/es\/wp-json\/wp\/v2\/types\/product"}],"replies":[{"embeddable":true,"href":"https:\/\/justvape.nu\/es\/wp-json\/wp\/v2\/comments?post=445240"}],"wp:featuredmedia":[{"embeddable":true,"href":"https:\/\/justvape.nu\/es\/wp-json\/wp\/v2\/media\/444817"}],"wp:attachment":[{"href":"https:\/\/justvape.nu\/es\/wp-json\/wp\/v2\/media?parent=445240"}],"wp:term":[{"taxonomy":"product_brand","embeddable":true,"href":"https:\/\/justvape.nu\/es\/wp-json\/wp\/v2\/product_brand?post=445240"},{"taxonomy":"product_cat","embeddable":true,"href":"https:\/\/justvape.nu\/es\/wp-json\/wp\/v2\/product_cat?post=445240"},{"taxonomy":"product_tag","embeddable":true,"href":"https:\/\/justvape.nu\/es\/wp-json\/wp\/v2\/product_tag?post=445240"}],"curies":[{"name":"wp","href":"https:\/\/api.w.org\/{rel}","templated":true}]}}