{"id":445219,"date":"2022-06-27T23:35:26","date_gmt":"2022-06-27T21:35:26","guid":{"rendered":"https:\/\/justvape.nu\/produkt\/voopoo-argus-pod-kit\/"},"modified":"2022-06-27T23:35:26","modified_gmt":"2022-06-27T21:35:26","slug":"voopoo-argus-pod-kit-2","status":"publish","type":"product","link":"https:\/\/justvape.nu\/es\/produkt\/voopoo-argus-pod-kit-2\/","title":{"rendered":"VOOPOO &#8211; ARGUS POD KIT"},"content":{"rendered":"<h2>VOOPOO &#8211; ARGUS POD KIT<\/h2>\n<p>El refinado material de aleaci\u00f3n de zinc y cuero del Argus Pod aporta una sensaci\u00f3n de comodidad y ergonom\u00eda en la mano, a la vez que es compacto y duradero, perfecto para el uso diario. Voopoo ha vuelto a la mesa de dibujo con la vaina reemplazable con la nueva forma de la boquilla que est\u00e1 dise\u00f1ado para adaptarse perfectamente a sus labios para una experiencia a\u00fan mejor vaping.<\/p>\n<p>Tras miles de pruebas, VooPoo ha dise\u00f1ado con precisi\u00f3n el flujo de aire m\u00e1s adecuado. La entrada de aire de 4 orificios ampl\u00eda el flujo de aire y la sala de amortiguaci\u00f3n del flujo de aire garantiza un vapeo y un sabor suaves y consistentes en todo momento. El Argus Pod es alimentado por el chipset GENE.AI 1.2 que proporcionar\u00e1 con precisi\u00f3n una salida de 20w mientras que tambi\u00e9n registra y proporciona todos los datos necesarios en la pantalla OLED de 0,69&#8243; como la capacidad de la bater\u00eda en tiempo real, Puffs, tiempo de vaping, resistencia de la bobina, y el vataje.<\/p>\n<p>Las vainas de Argus tienen una fuerte conexi\u00f3n magn\u00e9tica para asegurar una perfecta conectividad todo el tiempo, mientras que tambi\u00e9n hace que sea f\u00e1cil de quitar e insertar la vaina en s\u00ed del dispositivo, a diferencia de una gran cantidad de dispositivos en el mercado hoy en d\u00eda VooPoo ha creado un cartucho de vista completa simplificada que hace que sea m\u00e1s f\u00e1cil de ver el nivel de e-l\u00edquido sin tener que quitar la vaina cuando su l\u00edquido es baja simplemente retire la vaina de darle la vuelta y llenar a trav\u00e9s del tap\u00f3n de llenado lateral.<\/p>\n<p><img loading=\"lazy\" decoding=\"async\" class=\"alignnone size-full wp-image-383695\" src=\"https:\/\/justvape.nu\/wp-content\/uploads\/2021\/05\/Color-Scheme.png\" alt=\"\" width=\"950\" height=\"64\" title=\"\" srcset=\"https:\/\/justvape.nu\/wp-content\/uploads\/2021\/05\/Color-Scheme.png 950w, https:\/\/justvape.nu\/wp-content\/uploads\/2021\/05\/Color-Scheme-600x40.png 600w, https:\/\/justvape.nu\/wp-content\/uploads\/2021\/05\/Color-Scheme-64x4.png 64w, https:\/\/justvape.nu\/wp-content\/uploads\/2021\/05\/Color-Scheme-300x20.png 300w, https:\/\/justvape.nu\/wp-content\/uploads\/2021\/05\/Color-Scheme-768x52.png 768w\" sizes=\"auto, (max-width: 950px) 100vw, 950px\" \/><\/p>\n<p class=\"description-img-center\"><img loading=\"lazy\" decoding=\"async\" class=\"alignnone size-full wp-image-444722\" src=\"https:\/\/justvape.nu\/wp-content\/uploads\/2022\/06\/VOOPOO_Argus_Pod_Kit_Colors.jpg\" alt=\"\" width=\"831\" height=\"323\" title=\"\" srcset=\"https:\/\/justvape.nu\/wp-content\/uploads\/2022\/06\/VOOPOO_Argus_Pod_Kit_Colors.jpg 831w, https:\/\/justvape.nu\/wp-content\/uploads\/2022\/06\/VOOPOO_Argus_Pod_Kit_Colors-300x117.jpg 300w, https:\/\/justvape.nu\/wp-content\/uploads\/2022\/06\/VOOPOO_Argus_Pod_Kit_Colors-768x299.jpg 768w, https:\/\/justvape.nu\/wp-content\/uploads\/2022\/06\/VOOPOO_Argus_Pod_Kit_Colors-600x233.jpg 600w, https:\/\/justvape.nu\/wp-content\/uploads\/2022\/06\/VOOPOO_Argus_Pod_Kit_Colors-64x25.jpg 64w\" sizes=\"auto, (max-width: 831px) 100vw, 831px\" \/><\/p>\n<div class=\"shop-features \">\n<h2 class=\"shop-features-title \"><img loading=\"lazy\" decoding=\"async\" class=\"alignnone size-full wp-image-390997\" src=\"https:\/\/justvape.nu\/wp-content\/uploads\/2021\/06\/Specifications1.png\" alt=\"\" width=\"950\" height=\"64\" title=\"\" srcset=\"https:\/\/justvape.nu\/wp-content\/uploads\/2021\/06\/Specifications1.png 950w, https:\/\/justvape.nu\/wp-content\/uploads\/2021\/06\/Specifications1-600x40.png 600w, https:\/\/justvape.nu\/wp-content\/uploads\/2021\/06\/Specifications1-64x4.png 64w, https:\/\/justvape.nu\/wp-content\/uploads\/2021\/06\/Specifications1-300x20.png 300w, https:\/\/justvape.nu\/wp-content\/uploads\/2021\/06\/Specifications1-768x52.png 768w\" sizes=\"auto, (max-width: 950px) 100vw, 950px\" \/><\/h2>\n<\/div>\n<p><strong class=\"description-little-title\">Par\u00e1metros de VOOPOO Argus Pod:<\/strong><\/p>\n<table class=\"description-table\">\n<tbody>\n<tr>\n<td class=\"strong-title \">Marca<\/td>\n<td class=\"inline\">VOOPOO<\/td>\n<\/tr>\n<tr>\n<td class=\"strong-title \">Nombre del producto<\/td>\n<td class=\"inline\">Kit Argus Pod<\/td>\n<\/tr>\n<tr>\n<td class=\"strong-title \">Capacidad de la c\u00e1psula<\/td>\n<td class=\"inline\">2.0ml<\/td>\n<\/tr>\n<tr>\n<td class=\"strong-title \">Material de la vaina<\/td>\n<td class=\"inline\">PCTG<\/td>\n<\/tr>\n<tr>\n<td class=\"strong-title \">Resistencia de la vaina<\/td>\n<td class=\"inline\">0,7ohm\/1,2ohm<\/td>\n<\/tr>\n<tr>\n<td class=\"strong-title \">E-l\u00edquido recomendado<\/td>\n<td class=\"inline\">Nicotina\u226450mg<\/td>\n<\/tr>\n<tr>\n<td class=\"strong-title \">Material del dispositivo<\/td>\n<td class=\"inline\">Aleaci\u00f3n de zinc + cuero\/PC<\/td>\n<\/tr>\n<tr>\n<td class=\"strong-title \">Potencia de salida<\/td>\n<td class=\"inline\">5-20W<\/td>\n<\/tr>\n<tr>\n<td class=\"strong-title \">Tensi\u00f3n de salida<\/td>\n<td class=\"inline\">3,2V-4,2V<\/td>\n<\/tr>\n<tr>\n<td class=\"strong-title \">Resistencia del dispositivo<\/td>\n<td class=\"inline\">0,5-3,0ohm<\/td>\n<\/tr>\n<tr>\n<td class=\"strong-title \">Capacidad de la bater\u00eda<\/td>\n<td class=\"inline\">Bater\u00eda integrada de 800mAh<\/td>\n<\/tr>\n<tr>\n<td class=\"strong-title \">Pantalla<\/td>\n<td class=\"inline\">Pantalla OLED de 0,69 pulgadas<\/td>\n<\/tr>\n<tr>\n<td class=\"strong-title \">Color<\/td>\n<td class=\"inline\">Fibra de carbono, negro, gris, marr\u00f3n, rojo, azul cielo<\/td>\n<\/tr>\n<\/tbody>\n<\/table>\n<p><img loading=\"lazy\" decoding=\"async\" class=\"alignnone size-full wp-image-229154\" src=\"https:\/\/justvape.nu\/wp-content\/uploads\/2018\/04\/Packing-List.png\" alt=\"\" width=\"950\" height=\"64\" title=\"\" srcset=\"https:\/\/justvape.nu\/wp-content\/uploads\/2018\/04\/Packing-List.png 950w, https:\/\/justvape.nu\/wp-content\/uploads\/2018\/04\/Packing-List-600x40.png 600w, https:\/\/justvape.nu\/wp-content\/uploads\/2018\/04\/Packing-List-64x4.png 64w, https:\/\/justvape.nu\/wp-content\/uploads\/2018\/04\/Packing-List-300x20.png 300w, https:\/\/justvape.nu\/wp-content\/uploads\/2018\/04\/Packing-List-768x52.png 768w\" sizes=\"auto, (max-width: 950px) 100vw, 950px\" \/><\/p>\n<p>1* Dispositivo Argus Pod<br \/>\n1* Cartucho Argus Pod 0.7ohm (llenado lateral)<br \/>\n1* Cartucho Argus Pod 1.2ohm (llenado lateral)<br \/>\n1 * manual de usuario<br \/>\n1* Cable tipo C<\/p>\n","protected":false},"excerpt":{"rendered":"<p>VOOPOO &#8211; ARGUS POD KIT<\/p>\n","protected":false},"featured_media":444740,"comment_status":"open","ping_status":"closed","template":"","meta":{"_acf_changed":false,"_uag_custom_page_level_css":"","site-sidebar-layout":"default","site-content-layout":"default","ast-site-content-layout":"default","site-content-style":"default","site-sidebar-style":"default","ast-global-header-display":"","ast-banner-title-visibility":"","ast-main-header-display":"","ast-hfb-above-header-display":"","ast-hfb-below-header-display":"","ast-hfb-mobile-header-display":"","site-post-title":"","ast-breadcrumbs-content":"","ast-featured-img":"","footer-sml-layout":"","ast-disable-related-posts":"","theme-transparent-header-meta":"default","adv-header-id-meta":"","stick-header-meta":"default","header-above-stick-meta":"","header-main-stick-meta":"","header-below-stick-meta":"","astra-migrate-meta-layouts":"default","ast-page-background-enabled":"default","ast-page-background-meta":{"desktop":{"background-color":"","background-image":"","background-repeat":"repeat","background-position":"center center","background-size":"auto","background-attachment":"scroll","background-type":"","background-media":"","overlay-type":"","overlay-color":"","overlay-opacity":"","overlay-gradient":""},"tablet":{"background-color":"","background-image":"","background-repeat":"repeat","background-position":"center center","background-size":"auto","background-attachment":"scroll","background-type":"","background-media":"","overlay-type":"","overlay-color":"","overlay-opacity":"","overlay-gradient":""},"mobile":{"background-color":"","background-image":"","background-repeat":"repeat","background-position":"center center","background-size":"auto","background-attachment":"scroll","background-type":"","background-media":"","overlay-type":"","overlay-color":"","overlay-opacity":"","overlay-gradient":""}},"ast-content-background-meta":{"desktop":{"background-color":"var(--ast-global-color-5)","background-image":"","background-repeat":"repeat","background-position":"center center","background-size":"auto","background-attachment":"scroll","background-type":"","background-media":"","overlay-type":"","overlay-color":"","overlay-opacity":"","overlay-gradient":""},"tablet":{"background-color":"var(--ast-global-color-5)","background-image":"","background-repeat":"repeat","background-position":"center center","background-size":"auto","background-attachment":"scroll","background-type":"","background-media":"","overlay-type":"","overlay-color":"","overlay-opacity":"","overlay-gradient":""},"mobile":{"background-color":"var(--ast-global-color-5)","background-image":"","background-repeat":"repeat","background-position":"center center","background-size":"auto","background-attachment":"scroll","background-type":"","background-media":"","overlay-type":"","overlay-color":"","overlay-opacity":"","overlay-gradient":""}}},"product_brand":[],"product_cat":[2073,2529,2083,2530,2531],"product_tag":[],"class_list":{"0":"post-445219","1":"product","2":"type-product","3":"status-publish","4":"has-post-thumbnail","6":"product_cat-cigarrillos-electronicos","7":"product_cat-hardware-es","8":"product_cat-kits-para-principiantes-y-pods","9":"product_cat-shop-by-brand-es","10":"product_cat-voopoo-es","11":"desktop-align-center","12":"tablet-align-center","13":"mobile-align-center","14":"ast-product-gallery-layout-horizontal-slider","15":"ast-product-gallery-with-no-image","16":"ast-product-single-variable","17":"ast-product-tabs-layout-horizontal","19":"first","20":"instock","21":"sale","22":"taxable","23":"shipping-taxable","24":"purchasable","25":"product-type-variable"},"acf":[],"uagb_featured_image_src":{"full":["https:\/\/justvape.nu\/wp-content\/uploads\/2022\/06\/voopoo-argus-pod-colours.jpg",700,700,false],"thumbnail":["https:\/\/justvape.nu\/wp-content\/uploads\/2022\/06\/voopoo-argus-pod-colours-150x150.jpg",150,150,true],"medium":["https:\/\/justvape.nu\/wp-content\/uploads\/2022\/06\/voopoo-argus-pod-colours-300x300.jpg",300,300,true],"medium_large":["https:\/\/justvape.nu\/wp-content\/uploads\/2022\/06\/voopoo-argus-pod-colours.jpg",700,700,false],"large":["https:\/\/justvape.nu\/wp-content\/uploads\/2022\/06\/voopoo-argus-pod-colours.jpg",700,700,false],"1536x1536":["https:\/\/justvape.nu\/wp-content\/uploads\/2022\/06\/voopoo-argus-pod-colours.jpg",700,700,false],"2048x2048":["https:\/\/justvape.nu\/wp-content\/uploads\/2022\/06\/voopoo-argus-pod-colours.jpg",700,700,false],"woocommerce_thumbnail":["https:\/\/justvape.nu\/wp-content\/uploads\/2022\/06\/voopoo-argus-pod-colours-300x300.jpg",300,300,true],"woocommerce_single":["https:\/\/justvape.nu\/wp-content\/uploads\/2022\/06\/voopoo-argus-pod-colours-600x600.jpg",600,600,true],"woocommerce_gallery_thumbnail":["https:\/\/justvape.nu\/wp-content\/uploads\/2022\/06\/voopoo-argus-pod-colours-100x100.jpg",100,100,true],"dgwt-wcas-product-suggestion":["https:\/\/justvape.nu\/wp-content\/uploads\/2022\/06\/voopoo-argus-pod-colours-64x64.jpg",64,64,true]},"uagb_author_info":{"display_name":"JustVape.nu","author_link":"https:\/\/justvape.nu\/es\/author\/"},"uagb_comment_info":0,"uagb_excerpt":"VOOPOO - ARGUS POD KIT","_links":{"self":[{"href":"https:\/\/justvape.nu\/es\/wp-json\/wp\/v2\/product\/445219","targetHints":{"allow":["GET"]}}],"collection":[{"href":"https:\/\/justvape.nu\/es\/wp-json\/wp\/v2\/product"}],"about":[{"href":"https:\/\/justvape.nu\/es\/wp-json\/wp\/v2\/types\/product"}],"replies":[{"embeddable":true,"href":"https:\/\/justvape.nu\/es\/wp-json\/wp\/v2\/comments?post=445219"}],"wp:featuredmedia":[{"embeddable":true,"href":"https:\/\/justvape.nu\/es\/wp-json\/wp\/v2\/media\/444740"}],"wp:attachment":[{"href":"https:\/\/justvape.nu\/es\/wp-json\/wp\/v2\/media?parent=445219"}],"wp:term":[{"taxonomy":"product_brand","embeddable":true,"href":"https:\/\/justvape.nu\/es\/wp-json\/wp\/v2\/product_brand?post=445219"},{"taxonomy":"product_cat","embeddable":true,"href":"https:\/\/justvape.nu\/es\/wp-json\/wp\/v2\/product_cat?post=445219"},{"taxonomy":"product_tag","embeddable":true,"href":"https:\/\/justvape.nu\/es\/wp-json\/wp\/v2\/product_tag?post=445219"}],"curies":[{"name":"wp","href":"https:\/\/api.w.org\/{rel}","templated":true}]}}