{"id":445065,"date":"2022-06-27T22:58:45","date_gmt":"2022-06-27T20:58:45","guid":{"rendered":"https:\/\/justvape.nu\/produkt\/lost-vape-ursa-baby-pod-kit\/"},"modified":"2022-06-27T22:58:45","modified_gmt":"2022-06-27T20:58:45","slug":"lost-vape-ursa-baby-pod-kit-2","status":"publish","type":"product","link":"https:\/\/justvape.nu\/es\/produkt\/lost-vape-ursa-baby-pod-kit-2\/","title":{"rendered":"LOST VAPE &#8211; URSA BABY POD KIT"},"content":{"rendered":"<h2>LOST VAPE &#8211; URSA BABY POD KIT<\/h2>\n<p>El kit de vainas Ursa Baby utiliza el chipset Quest, es compatible con las vainas Ursa Nano, y cuenta con un dise\u00f1o de fachada transparente de moda, el mismo que Ursa Nano sacando el tiro perfecto y suelto de MTL. Con la funci\u00f3n de interruptor de flujo de aire activada por la extracci\u00f3n y \u00fanica, \u00a1simplemente inhala en la boquilla para vapear! Ll\u00e9velo con el cord\u00f3n alrededor del cuello como un elemento de estilo indispensable y sienta lo brillante y ligero que es.<\/p>\n<p>Fascinado por la forma del dise\u00f1o de la fachada transparente con incluso un dise\u00f1o de la carcasa de la bater\u00eda a juego, usted es capaz de ver todas las partes internas en el kit de la vaina Ursa Baby, que se ve encantador y milagroso. Impresionado por la potencia del modesto Ursa Baby, mucho m\u00e1s all\u00e1 de lo que se espera, se puede degustar f\u00e1cilmente el sabor popping, el vapor suave y el golpe de pulm\u00f3n restrictivo de la misma.<\/p>\n<p>El kit de vaina Ursa Baby detectar\u00e1 autom\u00e1ticamente la resistencia de la bobina y regular\u00e1 la salida dependiendo de la resistencia de la bobina, el flujo de aire se controla a trav\u00e9s del control deslizante que le permitir\u00e1 ajustar perfectamente su flujo de aire a su gusto para un estilo de vapeo MTL o RDL.<\/p>\n<p><img loading=\"lazy\" decoding=\"async\" class=\"alignnone size-full wp-image-383695\" src=\"https:\/\/justvape.nu\/wp-content\/uploads\/2021\/05\/Color-Scheme.png\" alt=\"\" width=\"950\" height=\"64\" title=\"\" srcset=\"https:\/\/justvape.nu\/wp-content\/uploads\/2021\/05\/Color-Scheme.png 950w, https:\/\/justvape.nu\/wp-content\/uploads\/2021\/05\/Color-Scheme-600x40.png 600w, https:\/\/justvape.nu\/wp-content\/uploads\/2021\/05\/Color-Scheme-64x4.png 64w, https:\/\/justvape.nu\/wp-content\/uploads\/2021\/05\/Color-Scheme-300x20.png 300w, https:\/\/justvape.nu\/wp-content\/uploads\/2021\/05\/Color-Scheme-768x52.png 768w\" sizes=\"auto, (max-width: 950px) 100vw, 950px\" \/><\/p>\n<p><img loading=\"lazy\" decoding=\"async\" class=\"alignnone size-full wp-image-444648\" src=\"https:\/\/justvape.nu\/wp-content\/uploads\/2022\/06\/Lost_Vape_Ursa_Baby_Pod_Kit_Colors.jpg\" alt=\"\" width=\"831\" height=\"213\" title=\"\" srcset=\"https:\/\/justvape.nu\/wp-content\/uploads\/2022\/06\/Lost_Vape_Ursa_Baby_Pod_Kit_Colors.jpg 831w, https:\/\/justvape.nu\/wp-content\/uploads\/2022\/06\/Lost_Vape_Ursa_Baby_Pod_Kit_Colors-300x77.jpg 300w, https:\/\/justvape.nu\/wp-content\/uploads\/2022\/06\/Lost_Vape_Ursa_Baby_Pod_Kit_Colors-768x197.jpg 768w, https:\/\/justvape.nu\/wp-content\/uploads\/2022\/06\/Lost_Vape_Ursa_Baby_Pod_Kit_Colors-600x154.jpg 600w, https:\/\/justvape.nu\/wp-content\/uploads\/2022\/06\/Lost_Vape_Ursa_Baby_Pod_Kit_Colors-64x16.jpg 64w\" sizes=\"auto, (max-width: 831px) 100vw, 831px\" \/><\/p>\n<p><img loading=\"lazy\" decoding=\"async\" class=\"alignnone size-full wp-image-390997\" src=\"https:\/\/justvape.nu\/wp-content\/uploads\/2021\/06\/Specifications1.png\" alt=\"\" width=\"950\" height=\"64\" title=\"\" srcset=\"https:\/\/justvape.nu\/wp-content\/uploads\/2021\/06\/Specifications1.png 950w, https:\/\/justvape.nu\/wp-content\/uploads\/2021\/06\/Specifications1-600x40.png 600w, https:\/\/justvape.nu\/wp-content\/uploads\/2021\/06\/Specifications1-64x4.png 64w, https:\/\/justvape.nu\/wp-content\/uploads\/2021\/06\/Specifications1-300x20.png 300w, https:\/\/justvape.nu\/wp-content\/uploads\/2021\/06\/Specifications1-768x52.png 768w\" sizes=\"auto, (max-width: 950px) 100vw, 950px\" \/><\/p>\n<table class=\"description-table\">\n<tbody>\n<tr>\n<td class=\"strong-title \">Marca<\/td>\n<td class=\"inline\">Lost Vape<\/td>\n<\/tr>\n<tr>\n<td class=\"strong-title \">Nombre del producto<\/td>\n<td class=\"inline\">Kit Ursa Baby Pod<\/td>\n<\/tr>\n<tr>\n<td class=\"strong-title \">Dimensi\u00f3n<\/td>\n<td class=\"inline\">47*16*68,5mm<\/td>\n<\/tr>\n<tr>\n<td class=\"strong-title \">Capacidad del dep\u00f3sito<\/td>\n<td class=\"inline\">2ml<\/td>\n<\/tr>\n<tr>\n<td class=\"strong-title \">Capacidad de la bater\u00eda<\/td>\n<td class=\"inline\">Bater\u00eda integrada de 800mAh<\/td>\n<\/tr>\n<tr>\n<td class=\"strong-title \">Tensi\u00f3n de la bater\u00eda<\/td>\n<td class=\"inline\">3,0V-4,2V<\/td>\n<\/tr>\n<tr>\n<td class=\"strong-title \">Rango de potencia<\/td>\n<td class=\"inline\">9-18W<\/td>\n<\/tr>\n<tr>\n<td class=\"strong-title \">Corriente de salida<\/td>\n<td class=\"inline\">2,5A-5,0A<\/td>\n<\/tr>\n<tr>\n<td class=\"strong-title \">Material del cuerpo<\/td>\n<td class=\"inline\">PC transparente<\/td>\n<\/tr>\n<tr>\n<td class=\"strong-title \">Color<\/td>\n<td class=\"inline\">Rojo claro, completo claro, negro claro, \u00e1mbar claro, azul claro, p\u00farpura claro<\/td>\n<\/tr>\n<\/tbody>\n<\/table>\n<div class=\"shop-features \">\n<h2 class=\"shop-features-title \"><img loading=\"lazy\" decoding=\"async\" class=\"alignnone size-full wp-image-248459\" src=\"https:\/\/justvape.nu\/wp-content\/uploads\/2018\/05\/Features.png\" alt=\"\" width=\"950\" height=\"64\" title=\"\" srcset=\"https:\/\/justvape.nu\/wp-content\/uploads\/2018\/05\/Features.png 950w, https:\/\/justvape.nu\/wp-content\/uploads\/2018\/05\/Features-600x40.png 600w, https:\/\/justvape.nu\/wp-content\/uploads\/2018\/05\/Features-64x4.png 64w, https:\/\/justvape.nu\/wp-content\/uploads\/2018\/05\/Features-300x20.png 300w, https:\/\/justvape.nu\/wp-content\/uploads\/2018\/05\/Features-768x52.png 768w\" sizes=\"auto, (max-width: 950px) 100vw, 950px\" \/><\/h2>\n<\/div>\n<p><strong class=\"description-little-title\">Detalles del beb\u00e9 Ursa:<\/strong><\/p>\n<ul>\n<li>1. Bater\u00eda incorporada de 800mAh<\/li>\n<li>2. Capacidad de 2,5 ml, dise\u00f1o a prueba de fugas<\/li>\n<li>3. Flujo de aire ajustable<\/li>\n<li>4. Carga r\u00e1pida tipo C<\/li>\n<li>5. Compatible con Ursa Nano Pod<\/li>\n<li>6. Ofrece un tiro MTL perfecto y suelto<\/li>\n<li>7. Estilo visualmente atractivo<\/li>\n<li>8. Detecta autom\u00e1ticamente la resistencia de la bobina<\/li>\n<li>9. Salida m\u00e1xima de 18W<\/li>\n<li>10. Indicaci\u00f3n de carga inteligente<\/li>\n<li>11. El paquete incluye un bonito cord\u00f3n de seguridad<\/li>\n<li>12. Conexi\u00f3n magn\u00e9tica suave<\/li>\n<li>13. M\u00faltiples protecciones: Cortocircuito\/Bater\u00eda d\u00e9bil\/Protecci\u00f3n contra sobrecalentamiento\/10S<\/li>\n<\/ul>\n<p><img loading=\"lazy\" decoding=\"async\" class=\"alignnone size-full wp-image-229154\" src=\"https:\/\/justvape.nu\/wp-content\/uploads\/2018\/04\/Packing-List.png\" alt=\"\" width=\"950\" height=\"64\" title=\"\" srcset=\"https:\/\/justvape.nu\/wp-content\/uploads\/2018\/04\/Packing-List.png 950w, https:\/\/justvape.nu\/wp-content\/uploads\/2018\/04\/Packing-List-600x40.png 600w, https:\/\/justvape.nu\/wp-content\/uploads\/2018\/04\/Packing-List-64x4.png 64w, https:\/\/justvape.nu\/wp-content\/uploads\/2018\/04\/Packing-List-300x20.png 300w, https:\/\/justvape.nu\/wp-content\/uploads\/2018\/04\/Packing-List-768x52.png 768w\" sizes=\"auto, (max-width: 950px) 100vw, 950px\" \/><\/p>\n<p>1* Dispositivo Ursa Baby Pod<br \/>\n1* 0.8ohm Ursa Nano Pod 2ml<br \/>\n1* Cable de carga tipo C<br \/>\n1* Cord\u00f3n de seguridad<br \/>\n1 * manual de usuario<br \/>\n1* Tarjeta de garant\u00eda<\/p>\n","protected":false},"excerpt":{"rendered":"<p>LOST VAPE &#8211; URSA BABY POD KIT<\/p>\n","protected":false},"featured_media":444666,"comment_status":"open","ping_status":"closed","template":"","meta":{"_acf_changed":false,"_uag_custom_page_level_css":"","site-sidebar-layout":"default","site-content-layout":"default","ast-site-content-layout":"default","site-content-style":"default","site-sidebar-style":"default","ast-global-header-display":"","ast-banner-title-visibility":"","ast-main-header-display":"","ast-hfb-above-header-display":"","ast-hfb-below-header-display":"","ast-hfb-mobile-header-display":"","site-post-title":"","ast-breadcrumbs-content":"","ast-featured-img":"","footer-sml-layout":"","ast-disable-related-posts":"","theme-transparent-header-meta":"default","adv-header-id-meta":"","stick-header-meta":"default","header-above-stick-meta":"","header-main-stick-meta":"","header-below-stick-meta":"","astra-migrate-meta-layouts":"default","ast-page-background-enabled":"default","ast-page-background-meta":{"desktop":{"background-color":"","background-image":"","background-repeat":"repeat","background-position":"center center","background-size":"auto","background-attachment":"scroll","background-type":"","background-media":"","overlay-type":"","overlay-color":"","overlay-opacity":"","overlay-gradient":""},"tablet":{"background-color":"","background-image":"","background-repeat":"repeat","background-position":"center center","background-size":"auto","background-attachment":"scroll","background-type":"","background-media":"","overlay-type":"","overlay-color":"","overlay-opacity":"","overlay-gradient":""},"mobile":{"background-color":"","background-image":"","background-repeat":"repeat","background-position":"center center","background-size":"auto","background-attachment":"scroll","background-type":"","background-media":"","overlay-type":"","overlay-color":"","overlay-opacity":"","overlay-gradient":""}},"ast-content-background-meta":{"desktop":{"background-color":"var(--ast-global-color-5)","background-image":"","background-repeat":"repeat","background-position":"center center","background-size":"auto","background-attachment":"scroll","background-type":"","background-media":"","overlay-type":"","overlay-color":"","overlay-opacity":"","overlay-gradient":""},"tablet":{"background-color":"var(--ast-global-color-5)","background-image":"","background-repeat":"repeat","background-position":"center center","background-size":"auto","background-attachment":"scroll","background-type":"","background-media":"","overlay-type":"","overlay-color":"","overlay-opacity":"","overlay-gradient":""},"mobile":{"background-color":"var(--ast-global-color-5)","background-image":"","background-repeat":"repeat","background-position":"center center","background-size":"auto","background-attachment":"scroll","background-type":"","background-media":"","overlay-type":"","overlay-color":"","overlay-opacity":"","overlay-gradient":""}}},"product_brand":[],"product_cat":[2073,2529,2083,4808,2530],"product_tag":[],"class_list":{"0":"post-445065","1":"product","2":"type-product","3":"status-publish","4":"has-post-thumbnail","6":"product_cat-cigarrillos-electronicos","7":"product_cat-hardware-es","8":"product_cat-kits-para-principiantes-y-pods","9":"product_cat-lost-vape-es","10":"product_cat-shop-by-brand-es","11":"desktop-align-center","12":"tablet-align-center","13":"mobile-align-center","14":"ast-product-gallery-layout-horizontal-slider","15":"ast-product-gallery-with-no-image","16":"ast-product-single-variable","17":"ast-product-tabs-layout-horizontal","19":"first","20":"instock","21":"sale","22":"taxable","23":"shipping-taxable","24":"purchasable","25":"product-type-variable"},"acf":[],"uagb_featured_image_src":{"full":["https:\/\/justvape.nu\/wp-content\/uploads\/2022\/06\/Untitled-3-2__13666.webp",500,500,false],"thumbnail":["https:\/\/justvape.nu\/wp-content\/uploads\/2022\/06\/Untitled-3-2__13666-150x150.webp",150,150,true],"medium":["https:\/\/justvape.nu\/wp-content\/uploads\/2022\/06\/Untitled-3-2__13666-300x300.webp",300,300,true],"medium_large":["https:\/\/justvape.nu\/wp-content\/uploads\/2022\/06\/Untitled-3-2__13666.webp",500,500,false],"large":["https:\/\/justvape.nu\/wp-content\/uploads\/2022\/06\/Untitled-3-2__13666.webp",500,500,false],"1536x1536":["https:\/\/justvape.nu\/wp-content\/uploads\/2022\/06\/Untitled-3-2__13666.webp",500,500,false],"2048x2048":["https:\/\/justvape.nu\/wp-content\/uploads\/2022\/06\/Untitled-3-2__13666.webp",500,500,false],"woocommerce_thumbnail":["https:\/\/justvape.nu\/wp-content\/uploads\/2022\/06\/Untitled-3-2__13666-300x300.webp",300,300,true],"woocommerce_single":["https:\/\/justvape.nu\/wp-content\/uploads\/2022\/06\/Untitled-3-2__13666.webp",500,500,false],"woocommerce_gallery_thumbnail":["https:\/\/justvape.nu\/wp-content\/uploads\/2022\/06\/Untitled-3-2__13666-100x100.webp",100,100,true],"dgwt-wcas-product-suggestion":["https:\/\/justvape.nu\/wp-content\/uploads\/2022\/06\/Untitled-3-2__13666-64x64.webp",64,64,true]},"uagb_author_info":{"display_name":"JustVape.nu","author_link":"https:\/\/justvape.nu\/es\/author\/"},"uagb_comment_info":0,"uagb_excerpt":"LOST VAPE - URSA BABY POD KIT","_links":{"self":[{"href":"https:\/\/justvape.nu\/es\/wp-json\/wp\/v2\/product\/445065","targetHints":{"allow":["GET"]}}],"collection":[{"href":"https:\/\/justvape.nu\/es\/wp-json\/wp\/v2\/product"}],"about":[{"href":"https:\/\/justvape.nu\/es\/wp-json\/wp\/v2\/types\/product"}],"replies":[{"embeddable":true,"href":"https:\/\/justvape.nu\/es\/wp-json\/wp\/v2\/comments?post=445065"}],"wp:featuredmedia":[{"embeddable":true,"href":"https:\/\/justvape.nu\/es\/wp-json\/wp\/v2\/media\/444666"}],"wp:attachment":[{"href":"https:\/\/justvape.nu\/es\/wp-json\/wp\/v2\/media?parent=445065"}],"wp:term":[{"taxonomy":"product_brand","embeddable":true,"href":"https:\/\/justvape.nu\/es\/wp-json\/wp\/v2\/product_brand?post=445065"},{"taxonomy":"product_cat","embeddable":true,"href":"https:\/\/justvape.nu\/es\/wp-json\/wp\/v2\/product_cat?post=445065"},{"taxonomy":"product_tag","embeddable":true,"href":"https:\/\/justvape.nu\/es\/wp-json\/wp\/v2\/product_tag?post=445065"}],"curies":[{"name":"wp","href":"https:\/\/api.w.org\/{rel}","templated":true}]}}