{"id":431117,"date":"2022-04-12T11:40:10","date_gmt":"2022-04-12T09:40:10","guid":{"rendered":"https:\/\/justvape.nu\/produkt\/uwell-popreel-n1-pods\/"},"modified":"2023-05-24T09:26:07","modified_gmt":"2023-05-24T07:26:07","slug":"uwell-popreel-n1-pods","status":"publish","type":"product","link":"https:\/\/justvape.nu\/es\/produkt\/uwell-popreel-n1-pods\/","title":{"rendered":"UWELL POPREEL N1\/ YEARN NEAT 2 REPLACEMENT PODS"},"content":{"rendered":"<h2>UWELL POPREEL N1\/ YEARN NEAT 2 REPLACEMENT PODS<\/h2>\n<p>Las vainas de reemplazo Popreel de Uwell vienen con la tecnolog\u00eda de prueba de sabor Uwell Pro-FOCS para asegurar un sabor perfecto en cada calada, las vainas de 1,2ohm son las que vienen de serie con el sistema Popreel Pod mientras que las de 0,8ohm son las que vienen con el kit de vainas Neat 2, ambas vainas funcionar\u00e1n con ambos dispositivos.<br \/>\nUna base magn\u00e9tica permite un cambio r\u00e1pido y f\u00e1cil de las vainas y cuenta con relleno lateral para facilitar a\u00fan m\u00e1s el llenado.<\/p>\n<p><strong class=\"description-little-title\">Par\u00e1metros del cartucho Uwell Popreel N1:<\/strong><\/p>\n<table class=\"description-table\">\n<tbody>\n<tr>\n<td class=\"strong-title \">Marca<\/td>\n<td class=\"inline\">Uwell<\/td>\n<\/tr>\n<tr>\n<td class=\"strong-title \">Nombre del producto<\/td>\n<td class=\"inline\">Cartucho Popreel N1 Pod<\/td>\n<\/tr>\n<tr>\n<td class=\"strong-title \">Capacidad<\/td>\n<td class=\"inline\">2ml<\/td>\n<\/tr>\n<tr>\n<td class=\"strong-title \">Llenando<\/td>\n<td class=\"inline\">Relleno lateral<\/td>\n<\/tr>\n<tr>\n<td class=\"strong-title \">Coil Type<\/td>\n<td class=\"inline\">Bobina FeCrAI UN2 Meshed-H 1.2\u03a9<\/td>\n<\/tr>\n<tr>\n<td class=\"strong-title \">En forma de<\/td>\n<td class=\"inline\">Kit de sistema de vainas Uwell Popreel N1<\/td>\n<\/tr>\n<tr>\n<td class=\"strong-title \">Cantidad<\/td>\n<td class=\"inline\">2 piezas\/paquete<\/td>\n<\/tr>\n<\/tbody>\n<\/table>\n<p><strong class=\"description-little-title \">El paquete de Popreel N1 Pod viene con:<\/strong><\/p>\n<p>1* Uwell Popreel N1 Pod Cartridge 2pcs\/pack<\/p>\n","protected":false},"excerpt":{"rendered":"<p>UWELL POPREEL N1\/ YEARN NEAT 2 REPLACEMENT PODS<\/p>\n","protected":false},"featured_media":431092,"comment_status":"open","ping_status":"closed","template":"","meta":{"_acf_changed":false,"_uag_custom_page_level_css":"","site-sidebar-layout":"default","site-content-layout":"default","ast-site-content-layout":"default","site-content-style":"default","site-sidebar-style":"default","ast-global-header-display":"","ast-banner-title-visibility":"","ast-main-header-display":"","ast-hfb-above-header-display":"","ast-hfb-below-header-display":"","ast-hfb-mobile-header-display":"","site-post-title":"","ast-breadcrumbs-content":"","ast-featured-img":"","footer-sml-layout":"","ast-disable-related-posts":"","theme-transparent-header-meta":"default","adv-header-id-meta":"","stick-header-meta":"default","header-above-stick-meta":"","header-main-stick-meta":"","header-below-stick-meta":"","astra-migrate-meta-layouts":"default","ast-page-background-enabled":"default","ast-page-background-meta":{"desktop":{"background-color":"","background-image":"","background-repeat":"repeat","background-position":"center center","background-size":"auto","background-attachment":"scroll","background-type":"","background-media":"","overlay-type":"","overlay-color":"","overlay-opacity":"","overlay-gradient":""},"tablet":{"background-color":"","background-image":"","background-repeat":"repeat","background-position":"center center","background-size":"auto","background-attachment":"scroll","background-type":"","background-media":"","overlay-type":"","overlay-color":"","overlay-opacity":"","overlay-gradient":""},"mobile":{"background-color":"","background-image":"","background-repeat":"repeat","background-position":"center center","background-size":"auto","background-attachment":"scroll","background-type":"","background-media":"","overlay-type":"","overlay-color":"","overlay-opacity":"","overlay-gradient":""}},"ast-content-background-meta":{"desktop":{"background-color":"var(--ast-global-color-5)","background-image":"","background-repeat":"repeat","background-position":"center center","background-size":"auto","background-attachment":"scroll","background-type":"","background-media":"","overlay-type":"","overlay-color":"","overlay-opacity":"","overlay-gradient":""},"tablet":{"background-color":"var(--ast-global-color-5)","background-image":"","background-repeat":"repeat","background-position":"center center","background-size":"auto","background-attachment":"scroll","background-type":"","background-media":"","overlay-type":"","overlay-color":"","overlay-opacity":"","overlay-gradient":""},"mobile":{"background-color":"var(--ast-global-color-5)","background-image":"","background-repeat":"repeat","background-position":"center center","background-size":"auto","background-attachment":"scroll","background-type":"","background-media":"","overlay-type":"","overlay-color":"","overlay-opacity":"","overlay-gradient":""}}},"product_brand":[],"product_cat":[2063,1983],"product_tag":[],"class_list":{"0":"post-431117","1":"product","2":"type-product","3":"status-publish","4":"has-post-thumbnail","6":"product_cat-bobinas-vainas","7":"product_cat-tanques-y-bobinas","8":"desktop-align-center","9":"tablet-align-center","10":"mobile-align-center","11":"ast-product-gallery-layout-horizontal-slider","12":"ast-product-gallery-with-no-image","13":"ast-product-single-variable","14":"ast-product-tabs-layout-horizontal","16":"first","17":"instock","18":"sale","19":"taxable","20":"shipping-taxable","21":"purchasable","22":"product-type-variable"},"acf":[],"uagb_featured_image_src":{"full":["https:\/\/justvape.nu\/wp-content\/uploads\/2022\/04\/authentic-uwell-popreel-n1-replacement-pod-cartridge-2ml-un2-meshed-h-12ohm-coil-2-pcs-1.jpg",800,800,false],"thumbnail":["https:\/\/justvape.nu\/wp-content\/uploads\/2022\/04\/authentic-uwell-popreel-n1-replacement-pod-cartridge-2ml-un2-meshed-h-12ohm-coil-2-pcs-1-150x150.jpg",150,150,true],"medium":["https:\/\/justvape.nu\/wp-content\/uploads\/2022\/04\/authentic-uwell-popreel-n1-replacement-pod-cartridge-2ml-un2-meshed-h-12ohm-coil-2-pcs-1-300x300.jpg",300,300,true],"medium_large":["https:\/\/justvape.nu\/wp-content\/uploads\/2022\/04\/authentic-uwell-popreel-n1-replacement-pod-cartridge-2ml-un2-meshed-h-12ohm-coil-2-pcs-1-768x768.jpg",768,768,true],"large":["https:\/\/justvape.nu\/wp-content\/uploads\/2022\/04\/authentic-uwell-popreel-n1-replacement-pod-cartridge-2ml-un2-meshed-h-12ohm-coil-2-pcs-1.jpg",800,800,false],"1536x1536":["https:\/\/justvape.nu\/wp-content\/uploads\/2022\/04\/authentic-uwell-popreel-n1-replacement-pod-cartridge-2ml-un2-meshed-h-12ohm-coil-2-pcs-1.jpg",800,800,false],"2048x2048":["https:\/\/justvape.nu\/wp-content\/uploads\/2022\/04\/authentic-uwell-popreel-n1-replacement-pod-cartridge-2ml-un2-meshed-h-12ohm-coil-2-pcs-1.jpg",800,800,false],"woocommerce_thumbnail":["https:\/\/justvape.nu\/wp-content\/uploads\/2022\/04\/authentic-uwell-popreel-n1-replacement-pod-cartridge-2ml-un2-meshed-h-12ohm-coil-2-pcs-1-300x300.jpg",300,300,true],"woocommerce_single":["https:\/\/justvape.nu\/wp-content\/uploads\/2022\/04\/authentic-uwell-popreel-n1-replacement-pod-cartridge-2ml-un2-meshed-h-12ohm-coil-2-pcs-1-600x600.jpg",600,600,true],"woocommerce_gallery_thumbnail":["https:\/\/justvape.nu\/wp-content\/uploads\/2022\/04\/authentic-uwell-popreel-n1-replacement-pod-cartridge-2ml-un2-meshed-h-12ohm-coil-2-pcs-1-100x100.jpg",100,100,true],"dgwt-wcas-product-suggestion":["https:\/\/justvape.nu\/wp-content\/uploads\/2022\/04\/authentic-uwell-popreel-n1-replacement-pod-cartridge-2ml-un2-meshed-h-12ohm-coil-2-pcs-1-64x64.jpg",64,64,true]},"uagb_author_info":{"display_name":"JustVape.nu","author_link":"https:\/\/justvape.nu\/es\/author\/"},"uagb_comment_info":0,"uagb_excerpt":"UWELL POPREEL N1\/ YEARN NEAT 2 REPLACEMENT PODS","_links":{"self":[{"href":"https:\/\/justvape.nu\/es\/wp-json\/wp\/v2\/product\/431117","targetHints":{"allow":["GET"]}}],"collection":[{"href":"https:\/\/justvape.nu\/es\/wp-json\/wp\/v2\/product"}],"about":[{"href":"https:\/\/justvape.nu\/es\/wp-json\/wp\/v2\/types\/product"}],"replies":[{"embeddable":true,"href":"https:\/\/justvape.nu\/es\/wp-json\/wp\/v2\/comments?post=431117"}],"wp:featuredmedia":[{"embeddable":true,"href":"https:\/\/justvape.nu\/es\/wp-json\/wp\/v2\/media\/431092"}],"wp:attachment":[{"href":"https:\/\/justvape.nu\/es\/wp-json\/wp\/v2\/media?parent=431117"}],"wp:term":[{"taxonomy":"product_brand","embeddable":true,"href":"https:\/\/justvape.nu\/es\/wp-json\/wp\/v2\/product_brand?post=431117"},{"taxonomy":"product_cat","embeddable":true,"href":"https:\/\/justvape.nu\/es\/wp-json\/wp\/v2\/product_cat?post=431117"},{"taxonomy":"product_tag","embeddable":true,"href":"https:\/\/justvape.nu\/es\/wp-json\/wp\/v2\/product_tag?post=431117"}],"curies":[{"name":"wp","href":"https:\/\/api.w.org\/{rel}","templated":true}]}}