{"id":423928,"date":"2022-03-08T15:01:22","date_gmt":"2022-03-08T14:01:22","guid":{"rendered":"https:\/\/justvape.nu\/produkt\/eleaf-gx-coils\/"},"modified":"2022-06-05T15:14:55","modified_gmt":"2022-06-05T13:14:55","slug":"eleaf-gx-coils-2","status":"publish","type":"product","link":"https:\/\/justvape.nu\/es\/produkt\/eleaf-gx-coils-2\/","title":{"rendered":"ELEAF &#8211; GX COILS"},"content":{"rendered":"<h2>ELEAF &#8211; GX COILS<\/h2>\n<p>El <strong>atomizador Eleaf GX <\/strong>est\u00e1 disponible en una gama de resistencias. Tienen una estructura de malla que calienta su e-l\u00edquido de manera m\u00e1s uniforme y r\u00e1pida. Cuando se combinan con el tanque GX, estas bobinas pueden calentar su e-l\u00edquido en s\u00f3lo 0,001 segundos. Estas bobinas han sido mejoradas para ofrecer un sabor intenso y un vapor denso.<\/p>\n<ul>\n<li>4 x bobinas<\/li>\n<li>Compatible con el tanque GX<\/li>\n<li>Dise\u00f1o de encaje a presi\u00f3n<\/li>\n<\/ul>\n<p>La bobina de 0,2Ohm funciona mejor a 50-80W y la de 0,5Ohm alcanza su m\u00e1ximo potencial a 25-45W.<\/p>\n<p>Ambas bobinas han sido fabricadas con malla para calentar su e-l\u00edquido de forma r\u00e1pida y uniforme y son excelentes con e-l\u00edquidos de llenado corto para producir grandes nubes de vapor. Tambi\u00e9n se pueden utilizar con e-liquid 50\/50 para obtener un equilibrio de sabor, vapor y golpe de garganta.<\/p>\n","protected":false},"excerpt":{"rendered":"<p>ELEAF &#8211; GX COILS<\/p>\n","protected":false},"featured_media":423899,"comment_status":"open","ping_status":"closed","template":"","meta":{"_acf_changed":false,"_uag_custom_page_level_css":"","site-sidebar-layout":"default","site-content-layout":"default","ast-site-content-layout":"default","site-content-style":"default","site-sidebar-style":"default","ast-global-header-display":"","ast-banner-title-visibility":"","ast-main-header-display":"","ast-hfb-above-header-display":"","ast-hfb-below-header-display":"","ast-hfb-mobile-header-display":"","site-post-title":"","ast-breadcrumbs-content":"","ast-featured-img":"","footer-sml-layout":"","ast-disable-related-posts":"","theme-transparent-header-meta":"default","adv-header-id-meta":"","stick-header-meta":"default","header-above-stick-meta":"","header-main-stick-meta":"","header-below-stick-meta":"","astra-migrate-meta-layouts":"default","ast-page-background-enabled":"default","ast-page-background-meta":{"desktop":{"background-color":"","background-image":"","background-repeat":"repeat","background-position":"center center","background-size":"auto","background-attachment":"scroll","background-type":"","background-media":"","overlay-type":"","overlay-color":"","overlay-opacity":"","overlay-gradient":""},"tablet":{"background-color":"","background-image":"","background-repeat":"repeat","background-position":"center center","background-size":"auto","background-attachment":"scroll","background-type":"","background-media":"","overlay-type":"","overlay-color":"","overlay-opacity":"","overlay-gradient":""},"mobile":{"background-color":"","background-image":"","background-repeat":"repeat","background-position":"center center","background-size":"auto","background-attachment":"scroll","background-type":"","background-media":"","overlay-type":"","overlay-color":"","overlay-opacity":"","overlay-gradient":""}},"ast-content-background-meta":{"desktop":{"background-color":"var(--ast-global-color-5)","background-image":"","background-repeat":"repeat","background-position":"center center","background-size":"auto","background-attachment":"scroll","background-type":"","background-media":"","overlay-type":"","overlay-color":"","overlay-opacity":"","overlay-gradient":""},"tablet":{"background-color":"var(--ast-global-color-5)","background-image":"","background-repeat":"repeat","background-position":"center center","background-size":"auto","background-attachment":"scroll","background-type":"","background-media":"","overlay-type":"","overlay-color":"","overlay-opacity":"","overlay-gradient":""},"mobile":{"background-color":"var(--ast-global-color-5)","background-image":"","background-repeat":"repeat","background-position":"center center","background-size":"auto","background-attachment":"scroll","background-type":"","background-media":"","overlay-type":"","overlay-color":"","overlay-opacity":"","overlay-gradient":""}}},"product_brand":[],"product_cat":[2063,1983],"product_tag":[],"class_list":{"0":"post-423928","1":"product","2":"type-product","3":"status-publish","4":"has-post-thumbnail","6":"product_cat-bobinas-vainas","7":"product_cat-tanques-y-bobinas","8":"desktop-align-center","9":"tablet-align-center","10":"mobile-align-center","11":"ast-product-gallery-layout-horizontal-slider","12":"ast-product-gallery-with-no-image","13":"ast-product-single-variable","14":"ast-product-tabs-layout-horizontal","16":"first","17":"instock","18":"sale","19":"taxable","20":"shipping-taxable","21":"purchasable","22":"product-type-variable"},"acf":[],"uagb_featured_image_src":{"full":["https:\/\/justvape.nu\/wp-content\/uploads\/2022\/03\/p_7W3Uew.jpeg",1000,1000,false],"thumbnail":["https:\/\/justvape.nu\/wp-content\/uploads\/2022\/03\/p_7W3Uew-150x150.jpeg",150,150,true],"medium":["https:\/\/justvape.nu\/wp-content\/uploads\/2022\/03\/p_7W3Uew-300x300.jpeg",300,300,true],"medium_large":["https:\/\/justvape.nu\/wp-content\/uploads\/2022\/03\/p_7W3Uew-768x768.jpeg",768,768,true],"large":["https:\/\/justvape.nu\/wp-content\/uploads\/2022\/03\/p_7W3Uew.jpeg",1000,1000,false],"1536x1536":["https:\/\/justvape.nu\/wp-content\/uploads\/2022\/03\/p_7W3Uew.jpeg",1000,1000,false],"2048x2048":["https:\/\/justvape.nu\/wp-content\/uploads\/2022\/03\/p_7W3Uew.jpeg",1000,1000,false],"woocommerce_thumbnail":["https:\/\/justvape.nu\/wp-content\/uploads\/2022\/03\/p_7W3Uew-300x300.jpeg",300,300,true],"woocommerce_single":["https:\/\/justvape.nu\/wp-content\/uploads\/2022\/03\/p_7W3Uew-600x600.jpeg",600,600,true],"woocommerce_gallery_thumbnail":["https:\/\/justvape.nu\/wp-content\/uploads\/2022\/03\/p_7W3Uew-100x100.jpeg",100,100,true],"dgwt-wcas-product-suggestion":["https:\/\/justvape.nu\/wp-content\/uploads\/2022\/03\/p_7W3Uew-64x64.jpeg",64,64,true]},"uagb_author_info":{"display_name":"JustVape.nu","author_link":"https:\/\/justvape.nu\/es\/author\/"},"uagb_comment_info":0,"uagb_excerpt":"ELEAF - GX COILS","_links":{"self":[{"href":"https:\/\/justvape.nu\/es\/wp-json\/wp\/v2\/product\/423928","targetHints":{"allow":["GET"]}}],"collection":[{"href":"https:\/\/justvape.nu\/es\/wp-json\/wp\/v2\/product"}],"about":[{"href":"https:\/\/justvape.nu\/es\/wp-json\/wp\/v2\/types\/product"}],"replies":[{"embeddable":true,"href":"https:\/\/justvape.nu\/es\/wp-json\/wp\/v2\/comments?post=423928"}],"wp:featuredmedia":[{"embeddable":true,"href":"https:\/\/justvape.nu\/es\/wp-json\/wp\/v2\/media\/423899"}],"wp:attachment":[{"href":"https:\/\/justvape.nu\/es\/wp-json\/wp\/v2\/media?parent=423928"}],"wp:term":[{"taxonomy":"product_brand","embeddable":true,"href":"https:\/\/justvape.nu\/es\/wp-json\/wp\/v2\/product_brand?post=423928"},{"taxonomy":"product_cat","embeddable":true,"href":"https:\/\/justvape.nu\/es\/wp-json\/wp\/v2\/product_cat?post=423928"},{"taxonomy":"product_tag","embeddable":true,"href":"https:\/\/justvape.nu\/es\/wp-json\/wp\/v2\/product_tag?post=423928"}],"curies":[{"name":"wp","href":"https:\/\/api.w.org\/{rel}","templated":true}]}}