{"id":412806,"date":"2021-12-05T16:34:23","date_gmt":"2021-12-05T15:34:23","guid":{"rendered":"https:\/\/justvape.nu\/produkt\/aspire-flexus-q-pod-cartridge\/"},"modified":"2021-12-06T11:22:42","modified_gmt":"2021-12-06T10:22:42","slug":"aspire-flexus-q-pod-cartridge","status":"publish","type":"product","link":"https:\/\/justvape.nu\/es\/produkt\/aspire-flexus-q-pod-cartridge\/","title":{"rendered":"Aspire &#8211; Flexus Q Pod Cartridge"},"content":{"rendered":"<h2>Aspire &#8211; Flexus Q Pod Cartridge<\/h2>\n<div class=\"description\">\n<p>La vaina Aspire Flexus Q es el reemplazo f\u00e1cil de usar que se adapta a su kit de vapeo Flexus Q. Puede contener hasta 2ml de e-l\u00edquido y como es compatible con las dos bobinas de la gama Aspire Flexus, experimentar\u00e1s un estilo de vapeo MTL (Mouth To Lung). Ambas bobinas se venden por separado e imitan la inhalaci\u00f3n de un cigarrillo, creando una cantidad de vapor m\u00e1s discreta.<\/p>\n<p><strong>Caracter\u00edsticas:<\/strong><\/p>\n<ul>\n<li>Pod recargable de 2ml<\/li>\n<li>MTL Vaping<\/li>\n<li>Aspire Flexus Coil Compatible<\/li>\n<li>Relleno lateral<\/li>\n<li>Soporta 50\/50 y High PG E-Liquid<\/li>\n<\/ul>\n<p>Para rellenar tu Flexus Q pod, simplemente retira el tap\u00f3n de silicona del lateral y podr\u00e1s rellenar hasta 2ml de e-liquid. La bobina de 0,6 Ohm crea un poco m\u00e1s de vapor que la versi\u00f3n de 1,0 Ohm, pero ambas ofrecer\u00e1n un sabor mejorado gracias a su construcci\u00f3n de malla. Para obtener los mejores resultados, recomendamos utilizar un e-l\u00edquido con una concentraci\u00f3n de 50\/50 o alta de PG, independientemente de la bobina que elija.<\/p>\n<\/div>\n<div id=\"shopify-product-reviews\" data-id=\"6665109471334\"><\/div>\n","protected":false},"excerpt":{"rendered":"<p>Aspire &#8211; Flexus Q Pod Cartridge<\/p>\n","protected":false},"featured_media":411769,"comment_status":"open","ping_status":"closed","template":"","meta":{"_acf_changed":false,"_uag_custom_page_level_css":"","site-sidebar-layout":"default","site-content-layout":"default","ast-site-content-layout":"default","site-content-style":"default","site-sidebar-style":"default","ast-global-header-display":"","ast-banner-title-visibility":"","ast-main-header-display":"","ast-hfb-above-header-display":"","ast-hfb-below-header-display":"","ast-hfb-mobile-header-display":"","site-post-title":"","ast-breadcrumbs-content":"","ast-featured-img":"","footer-sml-layout":"","ast-disable-related-posts":"","theme-transparent-header-meta":"default","adv-header-id-meta":"","stick-header-meta":"default","header-above-stick-meta":"","header-main-stick-meta":"","header-below-stick-meta":"","astra-migrate-meta-layouts":"default","ast-page-background-enabled":"default","ast-page-background-meta":{"desktop":{"background-color":"","background-image":"","background-repeat":"repeat","background-position":"center center","background-size":"auto","background-attachment":"scroll","background-type":"","background-media":"","overlay-type":"","overlay-color":"","overlay-opacity":"","overlay-gradient":""},"tablet":{"background-color":"","background-image":"","background-repeat":"repeat","background-position":"center center","background-size":"auto","background-attachment":"scroll","background-type":"","background-media":"","overlay-type":"","overlay-color":"","overlay-opacity":"","overlay-gradient":""},"mobile":{"background-color":"","background-image":"","background-repeat":"repeat","background-position":"center center","background-size":"auto","background-attachment":"scroll","background-type":"","background-media":"","overlay-type":"","overlay-color":"","overlay-opacity":"","overlay-gradient":""}},"ast-content-background-meta":{"desktop":{"background-color":"var(--ast-global-color-5)","background-image":"","background-repeat":"repeat","background-position":"center center","background-size":"auto","background-attachment":"scroll","background-type":"","background-media":"","overlay-type":"","overlay-color":"","overlay-opacity":"","overlay-gradient":""},"tablet":{"background-color":"var(--ast-global-color-5)","background-image":"","background-repeat":"repeat","background-position":"center center","background-size":"auto","background-attachment":"scroll","background-type":"","background-media":"","overlay-type":"","overlay-color":"","overlay-opacity":"","overlay-gradient":""},"mobile":{"background-color":"var(--ast-global-color-5)","background-image":"","background-repeat":"repeat","background-position":"center center","background-size":"auto","background-attachment":"scroll","background-type":"","background-media":"","overlay-type":"","overlay-color":"","overlay-opacity":"","overlay-gradient":""}}},"product_brand":[],"product_cat":[2063,1983],"product_tag":[],"class_list":{"0":"post-412806","1":"product","2":"type-product","3":"status-publish","4":"has-post-thumbnail","6":"product_cat-bobinas-vainas","7":"product_cat-tanques-y-bobinas","8":"desktop-align-center","9":"tablet-align-center","10":"mobile-align-center","11":"ast-product-gallery-layout-horizontal-slider","12":"ast-product-gallery-with-no-image","13":"ast-product-tabs-layout-horizontal","15":"first","16":"instock","17":"sale","18":"taxable","19":"shipping-taxable","20":"purchasable","21":"product-type-simple"},"acf":[],"uagb_featured_image_src":{"full":["https:\/\/justvape.nu\/wp-content\/uploads\/2021\/12\/0001_1_2_1024x.jpg",800,800,false],"thumbnail":["https:\/\/justvape.nu\/wp-content\/uploads\/2021\/12\/0001_1_2_1024x-150x150.jpg",150,150,true],"medium":["https:\/\/justvape.nu\/wp-content\/uploads\/2021\/12\/0001_1_2_1024x-300x300.jpg",300,300,true],"medium_large":["https:\/\/justvape.nu\/wp-content\/uploads\/2021\/12\/0001_1_2_1024x-768x768.jpg",768,768,true],"large":["https:\/\/justvape.nu\/wp-content\/uploads\/2021\/12\/0001_1_2_1024x.jpg",800,800,false],"1536x1536":["https:\/\/justvape.nu\/wp-content\/uploads\/2021\/12\/0001_1_2_1024x.jpg",800,800,false],"2048x2048":["https:\/\/justvape.nu\/wp-content\/uploads\/2021\/12\/0001_1_2_1024x.jpg",800,800,false],"woocommerce_thumbnail":["https:\/\/justvape.nu\/wp-content\/uploads\/2021\/12\/0001_1_2_1024x-300x300.jpg",300,300,true],"woocommerce_single":["https:\/\/justvape.nu\/wp-content\/uploads\/2021\/12\/0001_1_2_1024x-600x600.jpg",600,600,true],"woocommerce_gallery_thumbnail":["https:\/\/justvape.nu\/wp-content\/uploads\/2021\/12\/0001_1_2_1024x-100x100.jpg",100,100,true],"dgwt-wcas-product-suggestion":["https:\/\/justvape.nu\/wp-content\/uploads\/2021\/12\/0001_1_2_1024x-64x64.jpg",64,64,true]},"uagb_author_info":{"display_name":"JustVape.nu","author_link":"https:\/\/justvape.nu\/es\/author\/"},"uagb_comment_info":0,"uagb_excerpt":"Aspire - Flexus Q Pod Cartridge","_links":{"self":[{"href":"https:\/\/justvape.nu\/es\/wp-json\/wp\/v2\/product\/412806","targetHints":{"allow":["GET"]}}],"collection":[{"href":"https:\/\/justvape.nu\/es\/wp-json\/wp\/v2\/product"}],"about":[{"href":"https:\/\/justvape.nu\/es\/wp-json\/wp\/v2\/types\/product"}],"replies":[{"embeddable":true,"href":"https:\/\/justvape.nu\/es\/wp-json\/wp\/v2\/comments?post=412806"}],"wp:featuredmedia":[{"embeddable":true,"href":"https:\/\/justvape.nu\/es\/wp-json\/wp\/v2\/media\/411769"}],"wp:attachment":[{"href":"https:\/\/justvape.nu\/es\/wp-json\/wp\/v2\/media?parent=412806"}],"wp:term":[{"taxonomy":"product_brand","embeddable":true,"href":"https:\/\/justvape.nu\/es\/wp-json\/wp\/v2\/product_brand?post=412806"},{"taxonomy":"product_cat","embeddable":true,"href":"https:\/\/justvape.nu\/es\/wp-json\/wp\/v2\/product_cat?post=412806"},{"taxonomy":"product_tag","embeddable":true,"href":"https:\/\/justvape.nu\/es\/wp-json\/wp\/v2\/product_tag?post=412806"}],"curies":[{"name":"wp","href":"https:\/\/api.w.org\/{rel}","templated":true}]}}