{"id":397268,"date":"2021-09-01T18:24:37","date_gmt":"2021-09-01T16:24:37","guid":{"rendered":"https:\/\/www.justvape.nu\/produkt\/lost-vape-ursa-series-xl-pods\/"},"modified":"2021-09-01T20:21:42","modified_gmt":"2021-09-01T18:21:42","slug":"lost-vape-ursa-series-xl-pods","status":"publish","type":"product","link":"https:\/\/justvape.nu\/es\/produkt\/lost-vape-ursa-series-xl-pods\/","title":{"rendered":"LOST VAPE URSA SERIES XL PODS"},"content":{"rendered":"<h2>LOST VAPE URSA SERIES XL PODS<\/h2>\n<p>Vainas vac\u00edas de repuesto para el Ursa Multi Kit, son compatibles con las bobinas Ultra Boost y cuentan con un llenado lateral s\u00faper f\u00e1cil, s\u00f3lo tienes que quitar el tap\u00f3n, a\u00f1adir tu e-l\u00edquido, y volver a colocar el tap\u00f3n. Nota: Estas vainas no vienen con el controlador de flujo de aire, estos se pueden comprar por separado.<\/p>\n<p><strong>Caracter\u00edsticas:<\/strong><\/p>\n<p>Capacidad est\u00e1ndar de 6 ml<\/p>\n<p>Pro 7ml de capacidad<\/p>\n<p><strong>Contenido:<\/strong><\/p>\n<p>1 x C\u00e1psula est\u00e1ndar<\/p>\n<p>O<\/p>\n<p>1 x Pro Pod<\/p>\n","protected":false},"excerpt":{"rendered":"<p>LOST VAPE URSA SERIES XL PODS<\/p>\n","protected":false},"featured_media":397005,"comment_status":"open","ping_status":"closed","template":"","meta":{"_acf_changed":false,"_uag_custom_page_level_css":"","site-sidebar-layout":"default","site-content-layout":"default","ast-site-content-layout":"default","site-content-style":"default","site-sidebar-style":"default","ast-global-header-display":"","ast-banner-title-visibility":"","ast-main-header-display":"","ast-hfb-above-header-display":"","ast-hfb-below-header-display":"","ast-hfb-mobile-header-display":"","site-post-title":"","ast-breadcrumbs-content":"","ast-featured-img":"","footer-sml-layout":"","ast-disable-related-posts":"","theme-transparent-header-meta":"default","adv-header-id-meta":"","stick-header-meta":"default","header-above-stick-meta":"","header-main-stick-meta":"","header-below-stick-meta":"","astra-migrate-meta-layouts":"default","ast-page-background-enabled":"default","ast-page-background-meta":{"desktop":{"background-color":"","background-image":"","background-repeat":"repeat","background-position":"center center","background-size":"auto","background-attachment":"scroll","background-type":"","background-media":"","overlay-type":"","overlay-color":"","overlay-opacity":"","overlay-gradient":""},"tablet":{"background-color":"","background-image":"","background-repeat":"repeat","background-position":"center center","background-size":"auto","background-attachment":"scroll","background-type":"","background-media":"","overlay-type":"","overlay-color":"","overlay-opacity":"","overlay-gradient":""},"mobile":{"background-color":"","background-image":"","background-repeat":"repeat","background-position":"center center","background-size":"auto","background-attachment":"scroll","background-type":"","background-media":"","overlay-type":"","overlay-color":"","overlay-opacity":"","overlay-gradient":""}},"ast-content-background-meta":{"desktop":{"background-color":"var(--ast-global-color-5)","background-image":"","background-repeat":"repeat","background-position":"center center","background-size":"auto","background-attachment":"scroll","background-type":"","background-media":"","overlay-type":"","overlay-color":"","overlay-opacity":"","overlay-gradient":""},"tablet":{"background-color":"var(--ast-global-color-5)","background-image":"","background-repeat":"repeat","background-position":"center center","background-size":"auto","background-attachment":"scroll","background-type":"","background-media":"","overlay-type":"","overlay-color":"","overlay-opacity":"","overlay-gradient":""},"mobile":{"background-color":"var(--ast-global-color-5)","background-image":"","background-repeat":"repeat","background-position":"center center","background-size":"auto","background-attachment":"scroll","background-type":"","background-media":"","overlay-type":"","overlay-color":"","overlay-opacity":"","overlay-gradient":""}}},"product_brand":[],"product_cat":[2063,1983],"product_tag":[],"class_list":{"0":"post-397268","1":"product","2":"type-product","3":"status-publish","4":"has-post-thumbnail","6":"product_cat-bobinas-vainas","7":"product_cat-tanques-y-bobinas","8":"desktop-align-center","9":"tablet-align-center","10":"mobile-align-center","11":"ast-product-gallery-layout-horizontal-slider","12":"ast-product-gallery-with-no-image","13":"ast-product-single-variable","14":"ast-product-tabs-layout-horizontal","16":"first","17":"instock","18":"sale","19":"taxable","20":"shipping-taxable","21":"purchasable","22":"product-type-variable"},"acf":[],"uagb_featured_image_src":{"full":["https:\/\/justvape.nu\/wp-content\/uploads\/2021\/09\/Lost-Vape-URSA-POD-cartridge.jpg",800,800,false],"thumbnail":["https:\/\/justvape.nu\/wp-content\/uploads\/2021\/09\/Lost-Vape-URSA-POD-cartridge-150x150.jpg",150,150,true],"medium":["https:\/\/justvape.nu\/wp-content\/uploads\/2021\/09\/Lost-Vape-URSA-POD-cartridge-300x300.jpg",300,300,true],"medium_large":["https:\/\/justvape.nu\/wp-content\/uploads\/2021\/09\/Lost-Vape-URSA-POD-cartridge-768x768.jpg",768,768,true],"large":["https:\/\/justvape.nu\/wp-content\/uploads\/2021\/09\/Lost-Vape-URSA-POD-cartridge.jpg",800,800,false],"1536x1536":["https:\/\/justvape.nu\/wp-content\/uploads\/2021\/09\/Lost-Vape-URSA-POD-cartridge.jpg",800,800,false],"2048x2048":["https:\/\/justvape.nu\/wp-content\/uploads\/2021\/09\/Lost-Vape-URSA-POD-cartridge.jpg",800,800,false],"woocommerce_thumbnail":["https:\/\/justvape.nu\/wp-content\/uploads\/2021\/09\/Lost-Vape-URSA-POD-cartridge-300x300.jpg",300,300,true],"woocommerce_single":["https:\/\/justvape.nu\/wp-content\/uploads\/2021\/09\/Lost-Vape-URSA-POD-cartridge-600x600.jpg",600,600,true],"woocommerce_gallery_thumbnail":["https:\/\/justvape.nu\/wp-content\/uploads\/2021\/09\/Lost-Vape-URSA-POD-cartridge-100x100.jpg",100,100,true],"dgwt-wcas-product-suggestion":["https:\/\/justvape.nu\/wp-content\/uploads\/2021\/09\/Lost-Vape-URSA-POD-cartridge-64x64.jpg",64,64,true]},"uagb_author_info":{"display_name":"JustVape.nu","author_link":"https:\/\/justvape.nu\/es\/author\/"},"uagb_comment_info":0,"uagb_excerpt":"LOST VAPE URSA SERIES XL PODS","_links":{"self":[{"href":"https:\/\/justvape.nu\/es\/wp-json\/wp\/v2\/product\/397268","targetHints":{"allow":["GET"]}}],"collection":[{"href":"https:\/\/justvape.nu\/es\/wp-json\/wp\/v2\/product"}],"about":[{"href":"https:\/\/justvape.nu\/es\/wp-json\/wp\/v2\/types\/product"}],"replies":[{"embeddable":true,"href":"https:\/\/justvape.nu\/es\/wp-json\/wp\/v2\/comments?post=397268"}],"wp:featuredmedia":[{"embeddable":true,"href":"https:\/\/justvape.nu\/es\/wp-json\/wp\/v2\/media\/397005"}],"wp:attachment":[{"href":"https:\/\/justvape.nu\/es\/wp-json\/wp\/v2\/media?parent=397268"}],"wp:term":[{"taxonomy":"product_brand","embeddable":true,"href":"https:\/\/justvape.nu\/es\/wp-json\/wp\/v2\/product_brand?post=397268"},{"taxonomy":"product_cat","embeddable":true,"href":"https:\/\/justvape.nu\/es\/wp-json\/wp\/v2\/product_cat?post=397268"},{"taxonomy":"product_tag","embeddable":true,"href":"https:\/\/justvape.nu\/es\/wp-json\/wp\/v2\/product_tag?post=397268"}],"curies":[{"name":"wp","href":"https:\/\/api.w.org\/{rel}","templated":true}]}}