{"id":395496,"date":"2021-08-11T17:25:14","date_gmt":"2021-08-11T15:25:14","guid":{"rendered":"https:\/\/www.justvape.nu\/produkt\/geekvape-obelisk-60-pod-kit-2200mah\/"},"modified":"2024-04-09T15:32:26","modified_gmt":"2024-04-09T13:32:26","slug":"geekvape-obelisk-60-pod-kit-2200mah","status":"publish","type":"product","link":"https:\/\/justvape.nu\/es\/produkt\/geekvape-obelisk-60-pod-kit-2200mah\/","title":{"rendered":"GEEKVAPE &#8211; OBELISK 60 POD KIT 2200mAh"},"content":{"rendered":"<h2>GEEKVAPE &#8211; OBELISK 60 POD KIT 2200mAh<\/h2>\n<p>El obelisco 60 ha sido dise\u00f1ado para ofrecer hasta un d\u00eda completo de vapeo con una sola carga. El rango de salida de 5 &#8211; 60W significa que soportar\u00e1 el vapeo DTL (Directo al Pulm\u00f3n), mientras que al mismo tiempo le ofrece la opci\u00f3n de alterar la salida de potencia para descubrir su nivel ideal de producci\u00f3n de vapor. Cada kit viene completo con una vaina Obelisk de 2ml as\u00ed como dos bobinas para empezar.<\/p>\n<p>Dise\u00f1ado pensando en la discreci\u00f3n, el Obelisk cabe en la palma de la mano y ofrece un enfoque m\u00e1s sencillo del vapeo sub-ohm. Una pantalla de men\u00fa clara facilita la configuraci\u00f3n de este kit y muestra informaci\u00f3n clave sobre la duraci\u00f3n de la bater\u00eda, la resistencia de la bobina y el nivel de potencia. Adem\u00e1s del modo de vataje variable, tambi\u00e9n puede utilizar el control de temperatura para establecer una temperatura m\u00e1xima fija y el chip de control inteligente regular\u00e1 la potencia para mantener la temperatura en el nivel elegido.<\/p>\n<p>La c\u00e1psula recargable Obelisk de 2 ml se encuentra dentro del propio dispositivo y se fija mediante una conexi\u00f3n magn\u00e9tica, lo que significa que no hay cierres ni mecanismos molestos. F\u00e1cil de rellenar, cada vaina tambi\u00e9n cuenta con un flujo de aire superior ajustable que le da m\u00e1s control sobre su inhalaci\u00f3n para un sorteo m\u00e1s apretado o m\u00e1s flojo. Las bobinas GeekVape P cuentan con una construcci\u00f3n de malla que significa que calientan m\u00e1s e-l\u00edquido a un ritmo m\u00e1s r\u00e1pido para aumentar tanto el sabor como la producci\u00f3n de vapor. A la hora de elegir un e-l\u00edquido, recomendamos un e-l\u00edquido 70% VG o superior.<\/p>\n<p><img loading=\"lazy\" decoding=\"async\" class=\"alignnone size-full wp-image-383695\" src=\"https:\/\/www.justvape.nu\/wp-content\/uploads\/2021\/05\/Color-Scheme.png\" alt=\"\" width=\"950\" height=\"64\" title=\"\" srcset=\"https:\/\/justvape.nu\/wp-content\/uploads\/2021\/05\/Color-Scheme.png 950w, https:\/\/justvape.nu\/wp-content\/uploads\/2021\/05\/Color-Scheme-600x40.png 600w, https:\/\/justvape.nu\/wp-content\/uploads\/2021\/05\/Color-Scheme-64x4.png 64w, https:\/\/justvape.nu\/wp-content\/uploads\/2021\/05\/Color-Scheme-300x20.png 300w, https:\/\/justvape.nu\/wp-content\/uploads\/2021\/05\/Color-Scheme-768x52.png 768w\" sizes=\"auto, (max-width: 950px) 100vw, 950px\" \/><br \/>\n<img loading=\"lazy\" decoding=\"async\" class=\"alignnone size-full wp-image-394846\" src=\"https:\/\/www.justvape.nu\/wp-content\/uploads\/2021\/08\/11_0c2669.jpg\" alt=\"\" width=\"950\" height=\"594\" title=\"\" srcset=\"https:\/\/justvape.nu\/wp-content\/uploads\/2021\/08\/11_0c2669.jpg 950w, https:\/\/justvape.nu\/wp-content\/uploads\/2021\/08\/11_0c2669-600x375.jpg 600w, https:\/\/justvape.nu\/wp-content\/uploads\/2021\/08\/11_0c2669-64x40.jpg 64w, https:\/\/justvape.nu\/wp-content\/uploads\/2021\/08\/11_0c2669-300x188.jpg 300w, https:\/\/justvape.nu\/wp-content\/uploads\/2021\/08\/11_0c2669-768x480.jpg 768w\" sizes=\"auto, (max-width: 950px) 100vw, 950px\" \/><\/p>\n<p><img loading=\"lazy\" decoding=\"async\" class=\"alignnone size-full wp-image-390997\" src=\"https:\/\/www.justvape.nu\/wp-content\/uploads\/2021\/06\/Specifications1.png\" alt=\"\" width=\"950\" height=\"64\" title=\"\" srcset=\"https:\/\/justvape.nu\/wp-content\/uploads\/2021\/06\/Specifications1.png 950w, https:\/\/justvape.nu\/wp-content\/uploads\/2021\/06\/Specifications1-600x40.png 600w, https:\/\/justvape.nu\/wp-content\/uploads\/2021\/06\/Specifications1-64x4.png 64w, https:\/\/justvape.nu\/wp-content\/uploads\/2021\/06\/Specifications1-300x20.png 300w, https:\/\/justvape.nu\/wp-content\/uploads\/2021\/06\/Specifications1-768x52.png 768w\" sizes=\"auto, (max-width: 950px) 100vw, 950px\" \/><\/p>\n<p><strong>Par\u00e1metros<\/strong><\/p>\n<p>Tama\u00f1o: 97 x 47,5 mm<br \/>\nCapacidad del tanque: 2 ml<br \/>\nRango de potencia de salida: 5-60W<br \/>\nRango de resistencia: 0.1-3.0ohm<br \/>\nBobinas incluidas: Bobina P0.4 (0.4ohm, 50-60W)Bobina P0.5 (0.5ohm, 40-50W)<br \/>\nTiempo de salida\/vaporizaci\u00f3n m\u00e1s largo: 10S<br \/>\nControl de temperatura: 200-600\u00b0F\/100-315\u2103<br \/>\nCapacidad de la bater\u00eda: 2200mAh<br \/>\nTensi\u00f3n de carga: USB Tipo-C 5V\/2A<br \/>\nPantalla de visualizaci\u00f3n: Pantalla TFT en color de 0,96 pulgadas<br \/>\nTama\u00f1o del paquete: 81(L) x 60(W) x 135(H)mm<br \/>\n<img loading=\"lazy\" decoding=\"async\" class=\"alignnone size-full wp-image-394856\" src=\"https:\/\/www.justvape.nu\/wp-content\/uploads\/2021\/08\/12_8ddbe5.jpg\" alt=\"\" width=\"950\" height=\"677\" title=\"\" srcset=\"https:\/\/justvape.nu\/wp-content\/uploads\/2021\/08\/12_8ddbe5.jpg 950w, https:\/\/justvape.nu\/wp-content\/uploads\/2021\/08\/12_8ddbe5-600x428.jpg 600w, https:\/\/justvape.nu\/wp-content\/uploads\/2021\/08\/12_8ddbe5-64x46.jpg 64w, https:\/\/justvape.nu\/wp-content\/uploads\/2021\/08\/12_8ddbe5-300x214.jpg 300w, https:\/\/justvape.nu\/wp-content\/uploads\/2021\/08\/12_8ddbe5-768x547.jpg 768w\" sizes=\"auto, (max-width: 950px) 100vw, 950px\" \/><\/p>\n<p><img loading=\"lazy\" decoding=\"async\" class=\"alignnone size-full wp-image-18994\" src=\"https:\/\/www.justvape.nu\/wp-content\/uploads\/2018\/05\/Features.png\" alt=\"\" width=\"950\" height=\"64\" title=\"\" srcset=\"https:\/\/justvape.nu\/wp-content\/uploads\/2018\/05\/Features.png 950w, https:\/\/justvape.nu\/wp-content\/uploads\/2018\/05\/Features-555x37.png 555w, https:\/\/justvape.nu\/wp-content\/uploads\/2018\/05\/Features-64x4.png 64w, https:\/\/justvape.nu\/wp-content\/uploads\/2018\/05\/Features-300x20.png 300w, https:\/\/justvape.nu\/wp-content\/uploads\/2018\/05\/Features-768x52.png 768w\" sizes=\"auto, (max-width: 950px) 100vw, 950px\" \/><br \/>\nBater\u00eda de incre\u00edble duraci\u00f3n con una capacidad de 2200mAh<br \/>\nGran capacidad de zumo de 2ml con la bobina Geekvape P Series<br \/>\n60W de potencia m\u00e1xima para un vaping maravilloso<br \/>\nCarga r\u00e1pida USB Tipo-C 5V\/2A<br \/>\nChip inteligente de control de potencia<br \/>\n100-315\u2103 temperatura ajustable<br \/>\nClic magn\u00e9tico sin problemas adicionales<br \/>\n<img loading=\"lazy\" decoding=\"async\" class=\"alignnone wp-image-394867\" src=\"https:\/\/www.justvape.nu\/wp-content\/uploads\/2021\/08\/13_6707e3-scaled.jpg\" alt=\"\" width=\"950\" height=\"2598\" title=\"\" srcset=\"https:\/\/justvape.nu\/wp-content\/uploads\/2021\/08\/13_6707e3-scaled.jpg 749w, https:\/\/justvape.nu\/wp-content\/uploads\/2021\/08\/13_6707e3-scaled-600x1641.jpg 600w, https:\/\/justvape.nu\/wp-content\/uploads\/2021\/08\/13_6707e3-scaled-64x175.jpg 64w, https:\/\/justvape.nu\/wp-content\/uploads\/2021\/08\/13_6707e3-110x300.jpg 110w, https:\/\/justvape.nu\/wp-content\/uploads\/2021\/08\/13_6707e3-374x1024.jpg 374w, https:\/\/justvape.nu\/wp-content\/uploads\/2021\/08\/13_6707e3-768x2101.jpg 768w\" sizes=\"auto, (max-width: 950px) 100vw, 950px\" \/><\/p>\n<p><img loading=\"lazy\" decoding=\"async\" class=\"alignnone size-full wp-image-229153\" src=\"https:\/\/www.justvape.nu\/wp-content\/uploads\/2018\/04\/Packing-List.png\" alt=\"\" width=\"950\" height=\"64\" title=\"\" srcset=\"https:\/\/justvape.nu\/wp-content\/uploads\/2018\/04\/Packing-List.png 950w, https:\/\/justvape.nu\/wp-content\/uploads\/2018\/04\/Packing-List-600x40.png 600w, https:\/\/justvape.nu\/wp-content\/uploads\/2018\/04\/Packing-List-64x4.png 64w, https:\/\/justvape.nu\/wp-content\/uploads\/2018\/04\/Packing-List-300x20.png 300w, https:\/\/justvape.nu\/wp-content\/uploads\/2018\/04\/Packing-List-768x52.png 768w\" sizes=\"auto, (max-width: 950px) 100vw, 950px\" \/><\/p>\n<p><strong>Edici\u00f3n TPD<\/strong><\/p>\n<ul>\n<li>1 x Kit (2ml)<\/li>\n<li>1 x Herramienta de bobina<\/li>\n<li>1 cable USB (tipo C)<\/li>\n<li>2\u00d7 Geekvape P Series Coil(Preinstalado: 0.4ohm, 50-60W, Coil de repuesto: 0.5ohm, 40-50W)<\/li>\n<\/ul>\n<p><img loading=\"lazy\" decoding=\"async\" class=\"alignnone size-full wp-image-394877\" src=\"https:\/\/www.justvape.nu\/wp-content\/uploads\/2021\/08\/14_2f8456.jpg\" alt=\"\" width=\"950\" height=\"458\" title=\"\" srcset=\"https:\/\/justvape.nu\/wp-content\/uploads\/2021\/08\/14_2f8456.jpg 950w, https:\/\/justvape.nu\/wp-content\/uploads\/2021\/08\/14_2f8456-600x289.jpg 600w, https:\/\/justvape.nu\/wp-content\/uploads\/2021\/08\/14_2f8456-64x31.jpg 64w, https:\/\/justvape.nu\/wp-content\/uploads\/2021\/08\/14_2f8456-300x145.jpg 300w, https:\/\/justvape.nu\/wp-content\/uploads\/2021\/08\/14_2f8456-768x370.jpg 768w\" sizes=\"auto, (max-width: 950px) 100vw, 950px\" \/><\/p>\n<div class=\"ast-oembed-container \" style=\"height: 100%;\"><iframe loading=\"lazy\" title=\"GeekVape Obelisk AIO60 Kit!\" width=\"500\" height=\"281\" src=\"https:\/\/www.youtube.com\/embed\/SsOyi_6zHZ0?feature=oembed\" frameborder=\"0\" allow=\"accelerometer; autoplay; clipboard-write; encrypted-media; gyroscope; picture-in-picture; web-share\" referrerpolicy=\"strict-origin-when-cross-origin\" allowfullscreen><\/iframe><\/div>\n","protected":false},"excerpt":{"rendered":"<p>GEEKVAPE &#8211; OBELISK 60 POD KIT 2200mAh<\/p>\n","protected":false},"featured_media":394895,"comment_status":"open","ping_status":"closed","template":"","meta":{"_acf_changed":false,"_uag_custom_page_level_css":"","site-sidebar-layout":"default","site-content-layout":"default","ast-site-content-layout":"default","site-content-style":"default","site-sidebar-style":"default","ast-global-header-display":"","ast-banner-title-visibility":"","ast-main-header-display":"","ast-hfb-above-header-display":"","ast-hfb-below-header-display":"","ast-hfb-mobile-header-display":"","site-post-title":"","ast-breadcrumbs-content":"","ast-featured-img":"","footer-sml-layout":"","ast-disable-related-posts":"","theme-transparent-header-meta":"default","adv-header-id-meta":"","stick-header-meta":"default","header-above-stick-meta":"","header-main-stick-meta":"","header-below-stick-meta":"","astra-migrate-meta-layouts":"default","ast-page-background-enabled":"default","ast-page-background-meta":{"desktop":{"background-color":"","background-image":"","background-repeat":"repeat","background-position":"center center","background-size":"auto","background-attachment":"scroll","background-type":"","background-media":"","overlay-type":"","overlay-color":"","overlay-opacity":"","overlay-gradient":""},"tablet":{"background-color":"","background-image":"","background-repeat":"repeat","background-position":"center center","background-size":"auto","background-attachment":"scroll","background-type":"","background-media":"","overlay-type":"","overlay-color":"","overlay-opacity":"","overlay-gradient":""},"mobile":{"background-color":"","background-image":"","background-repeat":"repeat","background-position":"center center","background-size":"auto","background-attachment":"scroll","background-type":"","background-media":"","overlay-type":"","overlay-color":"","overlay-opacity":"","overlay-gradient":""}},"ast-content-background-meta":{"desktop":{"background-color":"var(--ast-global-color-5)","background-image":"","background-repeat":"repeat","background-position":"center center","background-size":"auto","background-attachment":"scroll","background-type":"","background-media":"","overlay-type":"","overlay-color":"","overlay-opacity":"","overlay-gradient":""},"tablet":{"background-color":"var(--ast-global-color-5)","background-image":"","background-repeat":"repeat","background-position":"center center","background-size":"auto","background-attachment":"scroll","background-type":"","background-media":"","overlay-type":"","overlay-color":"","overlay-opacity":"","overlay-gradient":""},"mobile":{"background-color":"var(--ast-global-color-5)","background-image":"","background-repeat":"repeat","background-position":"center center","background-size":"auto","background-attachment":"scroll","background-type":"","background-media":"","overlay-type":"","overlay-color":"","overlay-opacity":"","overlay-gradient":""}}},"product_brand":[],"product_cat":[2073,3244,2529,2083,2530],"product_tag":[],"class_list":{"0":"post-395496","1":"product","2":"type-product","3":"status-publish","4":"has-post-thumbnail","6":"product_cat-cigarrillos-electronicos","7":"product_cat-geekvape-es-2","8":"product_cat-hardware-es","9":"product_cat-kits-para-principiantes-y-pods","10":"product_cat-shop-by-brand-es","11":"desktop-align-center","12":"tablet-align-center","13":"mobile-align-center","14":"ast-product-gallery-layout-horizontal-slider","15":"ast-product-gallery-with-no-image","16":"ast-product-single-variable","17":"ast-product-tabs-layout-horizontal","19":"first","20":"instock","21":"sale","22":"taxable","23":"shipping-taxable","24":"purchasable","25":"product-type-variable"},"acf":[],"uagb_featured_image_src":{"full":["https:\/\/justvape.nu\/wp-content\/uploads\/2021\/08\/0_4892e9.jpg",600,600,false],"thumbnail":["https:\/\/justvape.nu\/wp-content\/uploads\/2021\/08\/0_4892e9-150x150.jpg",150,150,true],"medium":["https:\/\/justvape.nu\/wp-content\/uploads\/2021\/08\/0_4892e9-300x300.jpg",300,300,true],"medium_large":["https:\/\/justvape.nu\/wp-content\/uploads\/2021\/08\/0_4892e9.jpg",600,600,false],"large":["https:\/\/justvape.nu\/wp-content\/uploads\/2021\/08\/0_4892e9.jpg",600,600,false],"1536x1536":["https:\/\/justvape.nu\/wp-content\/uploads\/2021\/08\/0_4892e9.jpg",600,600,false],"2048x2048":["https:\/\/justvape.nu\/wp-content\/uploads\/2021\/08\/0_4892e9.jpg",600,600,false],"woocommerce_thumbnail":["https:\/\/justvape.nu\/wp-content\/uploads\/2021\/08\/0_4892e9-300x300.jpg",300,300,true],"woocommerce_single":["https:\/\/justvape.nu\/wp-content\/uploads\/2021\/08\/0_4892e9.jpg",600,600,false],"woocommerce_gallery_thumbnail":["https:\/\/justvape.nu\/wp-content\/uploads\/2021\/08\/0_4892e9-100x100.jpg",100,100,true],"dgwt-wcas-product-suggestion":["https:\/\/justvape.nu\/wp-content\/uploads\/2021\/08\/0_4892e9-64x64.jpg",64,64,true]},"uagb_author_info":{"display_name":"JustVape.nu","author_link":"https:\/\/justvape.nu\/es\/author\/"},"uagb_comment_info":0,"uagb_excerpt":"GEEKVAPE - OBELISK 60 POD KIT 2200mAh","_links":{"self":[{"href":"https:\/\/justvape.nu\/es\/wp-json\/wp\/v2\/product\/395496","targetHints":{"allow":["GET"]}}],"collection":[{"href":"https:\/\/justvape.nu\/es\/wp-json\/wp\/v2\/product"}],"about":[{"href":"https:\/\/justvape.nu\/es\/wp-json\/wp\/v2\/types\/product"}],"replies":[{"embeddable":true,"href":"https:\/\/justvape.nu\/es\/wp-json\/wp\/v2\/comments?post=395496"}],"wp:featuredmedia":[{"embeddable":true,"href":"https:\/\/justvape.nu\/es\/wp-json\/wp\/v2\/media\/394895"}],"wp:attachment":[{"href":"https:\/\/justvape.nu\/es\/wp-json\/wp\/v2\/media?parent=395496"}],"wp:term":[{"taxonomy":"product_brand","embeddable":true,"href":"https:\/\/justvape.nu\/es\/wp-json\/wp\/v2\/product_brand?post=395496"},{"taxonomy":"product_cat","embeddable":true,"href":"https:\/\/justvape.nu\/es\/wp-json\/wp\/v2\/product_cat?post=395496"},{"taxonomy":"product_tag","embeddable":true,"href":"https:\/\/justvape.nu\/es\/wp-json\/wp\/v2\/product_tag?post=395496"}],"curies":[{"name":"wp","href":"https:\/\/api.w.org\/{rel}","templated":true}]}}