{"id":381919,"date":"2018-09-26T20:58:35","date_gmt":"2018-09-26T18:58:35","guid":{"rendered":"https:\/\/www.justvape.nu\/produkt\/wotofo-algodon-prefabricado\/"},"modified":"2024-04-09T16:40:23","modified_gmt":"2024-04-09T14:40:23","slug":"wotofo-pre-construido-algodon","status":"publish","type":"product","link":"https:\/\/justvape.nu\/es\/produkt\/wotofo-pre-construido-algodon\/","title":{"rendered":"Wotofo &#8211; Pre-Built Cotton"},"content":{"rendered":"<h2>Wotofo &#8211; Pre-Built Cotton<\/h2>\n<p>Wotofo Agleted Organic Cotton est\u00e1 inspirado en las crecientes necesidades de preparaci\u00f3n r\u00e1pida del algod\u00f3n para su conveniencia de reconstrucci\u00f3n. El algod\u00f3n que seleccionamos es de fibras largas para que se absorba suavemente y no sea f\u00e1cil de separar. Sin embargo, esa no es la mejor parte, la mejor parte es que colocamos una funda en un extremo de la tira de algod\u00f3n para que funcione como el herrete en el cord\u00f3n de su zapato, entonces es mucho m\u00e1s f\u00e1cil pasar el algod\u00f3n a trav\u00e9s de las bobinas. Cada tira de algod\u00f3n est\u00e1 lista para usar con la cantidad adecuada de algod\u00f3n que se prueba para adaptarse mejor a las bobinas de ID de 3 mm dominantes en el mercado y las bobinas de malla de perfil Wotofo de 6 mm de ID. El algod\u00f3n presenta una gran capacidad de absorci\u00f3n y una mejor capacidad de retenci\u00f3n, reci\u00e9n empacado para brindar el sabor m\u00e1s puro. Hay 10 piezas de tiras de algod\u00f3n aglomeradas en una peque\u00f1a caja, c\u00f3modas de llevar y almacenadas de forma limpia.<\/p>\n<p><strong>Caracter\u00edsticas:<\/strong><\/p>\n<p>1. 100% algod\u00f3n org\u00e1nico<\/p>\n<p>2. Listo para usar con aglet en un extremo<\/p>\n<p>3. Ajuste adecuado de la cantidad de algod\u00f3n para las bobinas de ID de 3 mm dominantes \/ Justvape recomienda las bobinas de ID de 3,5 mm con estos algodones o con ID de 6 mm a las bobinas de malla<\/p>\n<p>4. Fibras largas especialmente seleccionadas para vapear<\/p>\n<p>5. Gran capacidad de absorci\u00f3n<\/p>\n<p>6. Mejor capacidad de retenci\u00f3n<\/p>\n<p>7. Sabor fresco y limpio<\/p>\n<p>8. Ahora en caja de 10 piezas y caja de 30 piezas (30 piezas solo en \u00d83)<\/p>\n<p><img loading=\"lazy\" decoding=\"async\" class=\"alignnone size-full wp-image-112105\" src=\"https:\/\/www.justvape.nu\/wp-content\/uploads\/2018\/09\/2018082216.png\" alt=\"\" width=\"950\" height=\"383\" title=\"\" srcset=\"https:\/\/justvape.nu\/wp-content\/uploads\/2018\/09\/2018082216.png 950w, https:\/\/justvape.nu\/wp-content\/uploads\/2018\/09\/2018082216-555x224.png 555w, https:\/\/justvape.nu\/wp-content\/uploads\/2018\/09\/2018082216-64x26.png 64w, https:\/\/justvape.nu\/wp-content\/uploads\/2018\/09\/2018082216-300x121.png 300w, https:\/\/justvape.nu\/wp-content\/uploads\/2018\/09\/2018082216-768x310.png 768w, https:\/\/justvape.nu\/wp-content\/uploads\/2018\/09\/2018082216-24x10.png 24w, https:\/\/justvape.nu\/wp-content\/uploads\/2018\/09\/2018082216-36x15.png 36w, https:\/\/justvape.nu\/wp-content\/uploads\/2018\/09\/2018082216-48x19.png 48w\" sizes=\"auto, (max-width: 950px) 100vw, 950px\" \/><\/p>\n<p><img loading=\"lazy\" decoding=\"async\" class=\"alignnone size-full wp-image-23091\" src=\"https:\/\/www.justvape.nu\/wp-content\/uploads\/2018\/09\/QQjietu201-1.png\" alt=\"\" width=\"1031\" height=\"386\" title=\"\" srcset=\"https:\/\/justvape.nu\/wp-content\/uploads\/2018\/09\/QQjietu201-1.png 1031w, https:\/\/justvape.nu\/wp-content\/uploads\/2018\/09\/QQjietu201-1-555x208.png 555w, https:\/\/justvape.nu\/wp-content\/uploads\/2018\/09\/QQjietu201-1-64x24.png 64w, https:\/\/justvape.nu\/wp-content\/uploads\/2018\/09\/QQjietu201-1-300x112.png 300w, https:\/\/justvape.nu\/wp-content\/uploads\/2018\/09\/QQjietu201-1-768x288.png 768w, https:\/\/justvape.nu\/wp-content\/uploads\/2018\/09\/QQjietu201-1-1024x383.png 1024w\" sizes=\"auto, (max-width: 1031px) 100vw, 1031px\" \/><\/p>\n","protected":false},"excerpt":{"rendered":"<p>Wotofo &#8211; Pre-Built Cotton<\/p>\n","protected":false},"featured_media":255681,"comment_status":"open","ping_status":"closed","template":"","meta":{"_acf_changed":false,"_uag_custom_page_level_css":"","site-sidebar-layout":"default","site-content-layout":"default","ast-site-content-layout":"default","site-content-style":"default","site-sidebar-style":"default","ast-global-header-display":"","ast-banner-title-visibility":"","ast-main-header-display":"","ast-hfb-above-header-display":"","ast-hfb-below-header-display":"","ast-hfb-mobile-header-display":"","site-post-title":"","ast-breadcrumbs-content":"","ast-featured-img":"","footer-sml-layout":"","ast-disable-related-posts":"","theme-transparent-header-meta":"default","adv-header-id-meta":"","stick-header-meta":"default","header-above-stick-meta":"","header-main-stick-meta":"","header-below-stick-meta":"","astra-migrate-meta-layouts":"default","ast-page-background-enabled":"default","ast-page-background-meta":{"desktop":{"background-color":"","background-image":"","background-repeat":"repeat","background-position":"center center","background-size":"auto","background-attachment":"scroll","background-type":"","background-media":"","overlay-type":"","overlay-color":"","overlay-opacity":"","overlay-gradient":""},"tablet":{"background-color":"","background-image":"","background-repeat":"repeat","background-position":"center center","background-size":"auto","background-attachment":"scroll","background-type":"","background-media":"","overlay-type":"","overlay-color":"","overlay-opacity":"","overlay-gradient":""},"mobile":{"background-color":"","background-image":"","background-repeat":"repeat","background-position":"center center","background-size":"auto","background-attachment":"scroll","background-type":"","background-media":"","overlay-type":"","overlay-color":"","overlay-opacity":"","overlay-gradient":""}},"ast-content-background-meta":{"desktop":{"background-color":"var(--ast-global-color-5)","background-image":"","background-repeat":"repeat","background-position":"center center","background-size":"auto","background-attachment":"scroll","background-type":"","background-media":"","overlay-type":"","overlay-color":"","overlay-opacity":"","overlay-gradient":""},"tablet":{"background-color":"var(--ast-global-color-5)","background-image":"","background-repeat":"repeat","background-position":"center center","background-size":"auto","background-attachment":"scroll","background-type":"","background-media":"","overlay-type":"","overlay-color":"","overlay-opacity":"","overlay-gradient":""},"mobile":{"background-color":"var(--ast-global-color-5)","background-image":"","background-repeat":"repeat","background-position":"center center","background-size":"auto","background-attachment":"scroll","background-type":"","background-media":"","overlay-type":"","overlay-color":"","overlay-opacity":"","overlay-gradient":""}}},"product_brand":[],"product_cat":[2217,1923],"product_tag":[],"class_list":{"0":"post-381919","1":"product","2":"type-product","3":"status-publish","4":"has-post-thumbnail","6":"product_cat-algodon","7":"product_cat-diy-es","8":"desktop-align-center","9":"tablet-align-center","10":"mobile-align-center","11":"ast-product-gallery-layout-horizontal-slider","12":"ast-product-single-variable","13":"ast-product-tabs-layout-horizontal","15":"first","16":"instock","17":"sale","18":"taxable","19":"shipping-taxable","20":"purchasable","21":"product-type-variable"},"acf":[],"uagb_featured_image_src":{"full":["https:\/\/justvape.nu\/wp-content\/uploads\/2018\/09\/Wotofo-Pre-Built-Agleted-Organic-Cotton.jpg",800,800,false],"thumbnail":["https:\/\/justvape.nu\/wp-content\/uploads\/2018\/09\/Wotofo-Pre-Built-Agleted-Organic-Cotton-150x150.jpg",150,150,true],"medium":["https:\/\/justvape.nu\/wp-content\/uploads\/2018\/09\/Wotofo-Pre-Built-Agleted-Organic-Cotton-300x300.jpg",300,300,true],"medium_large":["https:\/\/justvape.nu\/wp-content\/uploads\/2018\/09\/Wotofo-Pre-Built-Agleted-Organic-Cotton-768x768.jpg",768,768,true],"large":["https:\/\/justvape.nu\/wp-content\/uploads\/2018\/09\/Wotofo-Pre-Built-Agleted-Organic-Cotton.jpg",800,800,false],"1536x1536":["https:\/\/justvape.nu\/wp-content\/uploads\/2018\/09\/Wotofo-Pre-Built-Agleted-Organic-Cotton.jpg",800,800,false],"2048x2048":["https:\/\/justvape.nu\/wp-content\/uploads\/2018\/09\/Wotofo-Pre-Built-Agleted-Organic-Cotton.jpg",800,800,false],"woocommerce_thumbnail":["https:\/\/justvape.nu\/wp-content\/uploads\/2018\/09\/Wotofo-Pre-Built-Agleted-Organic-Cotton-300x300.jpg",300,300,true],"woocommerce_single":["https:\/\/justvape.nu\/wp-content\/uploads\/2018\/09\/Wotofo-Pre-Built-Agleted-Organic-Cotton-600x600.jpg",600,600,true],"woocommerce_gallery_thumbnail":["https:\/\/justvape.nu\/wp-content\/uploads\/2018\/09\/Wotofo-Pre-Built-Agleted-Organic-Cotton-100x100.jpg",100,100,true],"dgwt-wcas-product-suggestion":["https:\/\/justvape.nu\/wp-content\/uploads\/2018\/09\/Wotofo-Pre-Built-Agleted-Organic-Cotton-64x64.jpg",64,64,true]},"uagb_author_info":{"display_name":"JustVape.nu","author_link":"https:\/\/justvape.nu\/es\/author\/"},"uagb_comment_info":0,"uagb_excerpt":"Wotofo - Pre-Built Cotton","_links":{"self":[{"href":"https:\/\/justvape.nu\/es\/wp-json\/wp\/v2\/product\/381919","targetHints":{"allow":["GET"]}}],"collection":[{"href":"https:\/\/justvape.nu\/es\/wp-json\/wp\/v2\/product"}],"about":[{"href":"https:\/\/justvape.nu\/es\/wp-json\/wp\/v2\/types\/product"}],"replies":[{"embeddable":true,"href":"https:\/\/justvape.nu\/es\/wp-json\/wp\/v2\/comments?post=381919"}],"wp:featuredmedia":[{"embeddable":true,"href":"https:\/\/justvape.nu\/es\/wp-json\/wp\/v2\/media\/255681"}],"wp:attachment":[{"href":"https:\/\/justvape.nu\/es\/wp-json\/wp\/v2\/media?parent=381919"}],"wp:term":[{"taxonomy":"product_brand","embeddable":true,"href":"https:\/\/justvape.nu\/es\/wp-json\/wp\/v2\/product_brand?post=381919"},{"taxonomy":"product_cat","embeddable":true,"href":"https:\/\/justvape.nu\/es\/wp-json\/wp\/v2\/product_cat?post=381919"},{"taxonomy":"product_tag","embeddable":true,"href":"https:\/\/justvape.nu\/es\/wp-json\/wp\/v2\/product_tag?post=381919"}],"curies":[{"name":"wp","href":"https:\/\/api.w.org\/{rel}","templated":true}]}}