{"id":381845,"date":"2018-09-12T12:23:42","date_gmt":"2018-09-12T10:23:42","guid":{"rendered":"https:\/\/www.justvape.nu\/produkt\/bateria-samsung-30t-21700-3000mah-35a-inr21700-30t\/"},"modified":"2024-04-09T16:41:07","modified_gmt":"2024-04-09T14:41:07","slug":"samsung-30t-21700-35a-bateria-superior-plana-3000mah","status":"publish","type":"product","link":"https:\/\/justvape.nu\/es\/produkt\/samsung-30t-21700-35a-bateria-superior-plana-3000mah\/","title":{"rendered":"Bater\u00eda Samsung 30T 21700 3000mAh 35A &#8211; INR21700-30T"},"content":{"rendered":"<h2>Bater\u00eda Samsung 30T 21700 3000mAh 35A &#8211; INR21700-30T<\/h2>\n<div>\n<p>Aqu\u00ed est\u00e1 el &#8220;Rey actual&#8221;, juego de palabras. Este es actualmente el rey de todos los dispositivos de drenaje ultraalto. Ninguna otra celda en el mercado puede igualar la potencia de corriente que esta celda entrega. Esta celda bombea una capacidad de 3.000 mAh de energ\u00eda y lo hace con una verdadera clasificaci\u00f3n de descarga \/ drenaje continuo de 35 amperios sin un corte de temperatura involucrado. Incluso a 30 amperios de descarga \/ drenaje continuo, solo se calienta hasta 67 grados Celsius o 153 grados Fahrenheit. Eso le muestra el ingenio y la I + D necesarios para desarrollar esta c\u00e9lula. Sin embargo, esta celda no ofrece ning\u00fan beneficio real a menos que la est\u00e9 utilizando en un dispositivo de descarga \/ drenaje ultraalta de m\u00e1s de 20 amperios y solo entonces, esta celda muestra sus verdaderas capacidades. Esta celda pr\u00e1cticamente no tiene ca\u00edda de voltaje, hasta que se empuja a la clasificaci\u00f3n l\u00edmite de su fabricante.<\/p>\n<\/div>\n<h4>Especificaciones:<\/h4>\n<ul>\n<li>Modelo: INR21700-30T<\/li>\n<li>Tama\u00f1o: 21700<\/li>\n<li>Estilo: tapa plana<\/li>\n<li>Capacidad nominal: 3000 mAh<\/li>\n<li>Clasificaci\u00f3n de descarga continua: 35A<\/li>\n<li>Voltaje nominal: 3.6v<\/li>\n<li>Protegido: No<\/li>\n<li>Recargable: si<\/li>\n<li>Dimensiones aproximadas: 21,1 mm x 70,2 mm<\/li>\n<li>Peso aproximado: 68,2 g<\/li>\n<\/ul>\n<div>\n<hr>\n<\/div>\n<h4>Informaci\u00f3n de seguridad de Samsung SDI<br \/>\n<a href=\"https:\/\/www.samsungsdi.com\/lithium-ion-battery\/safe-information.html\" target=\"_blank\" rel=\"noopener noreferrer\">&#8220;Carga, uso y manipulaci\u00f3n de bater\u00edas de iones de litio de tama\u00f1o peque\u00f1o&#8221;<\/a><\/h4>\n<h4><\/h4>\n<h4>ADVERTENCIA:<\/h4>\n<div>El usuario debe tener un conocimiento adecuado de las bater\u00edas de iones de litio antes de comprarlas. Tenga cuidado al trabajar y utilizar bater\u00edas de iones de litio, ya que son muy sensibles a las caracter\u00edsticas de carga y pueden explotar, quemarse o provocar un incendio si se utilizan o manipulan incorrectamente. Cargue siempre en o sobre una superficie a prueba de fuego. Nunca deje las bater\u00edas cargando sin supervisi\u00f3n. Esta bater\u00eda se vende para el uso de integraciones de sistemas con circuitos de protecci\u00f3n adecuados o paquetes de bater\u00edas con un sistema de gesti\u00f3n de bater\u00edas o PCB (placa de circuito \/ m\u00f3dulo). El comprador es responsable de cualquier da\u00f1o o lesi\u00f3n causada por el mal uso o el mal manejo de las bater\u00edas y cargadores de iones de litio. Cargue solo con un cargador inteligente dise\u00f1ado para este tipo espec\u00edfico de bater\u00eda de iones de litio.<\/div>\n<ul>\n<li>EL USO INCORRECTO O EL MANEJO INCORRECTO DE LAS BATER\u00cdAS DE IONES DE LITIO PUEDE PRESENTAR UN RIESGO GRAVE DE LESIONES PERSONALES, DA\u00d1OS A LA PROPIEDAD O LA MUERTE<\/li>\n<li>LAS BATER\u00cdAS PUEDEN EXPLOTAR, QUEMAR O PROVOCAR UN INCENDIO SI SE UTILIZAN O SE MANEJAN DE FORMA INCORRECTA<\/li>\n<li>UTILICE \u00daNICAMENTE CON LOS CIRCUITOS ADECUADOS EN UN PAQUETE DE BATER\u00cdA PROTEGIDO<\/li>\n<li>UTILICE \u00daNICAMENTE DENTRO DE LAS ESPECIFICACIONES INDICADAS POR EL FABRICANTE<\/li>\n<li>NO GUARDE LA BATER\u00cdA SUELTA EN UN BOLSILLO, MONEDERO, ETC. &#8211; UTILICE SIEMPRE UNA FUNDA O CAJA DE PROTECCI\u00d3N<\/li>\n<li>MANTENER ALEJADO de objetos met\u00e1licos para evitar cortocircuitos<\/li>\n<li>No haga cortocircuito<\/li>\n<li>NO lo use si la envoltura o el aislante est\u00e1n da\u00f1ados o rasgados<\/li>\n<li>NO lo use si est\u00e1 da\u00f1ado de alguna manera<\/li>\n<li>NO sobrecargue ni descargue demasiado<\/li>\n<li>NO modifique, desmonte, perfore, corte, aplaste ni incinere<\/li>\n<li>NO lo exponga a l\u00edquidos ni a altas temperaturas<\/li>\n<li>NO suelde, solo por puntos<\/li>\n<li>El usuario debe estar familiarizado con el manejo de bater\u00edas de iones de litio antes de comprar<\/li>\n<li>El uso de bater\u00edas es BAJO SU PROPIO RIESGO<\/li>\n<li>SIEMPRE cargue en o sobre una superficie a prueba de fuego y nunca deje las bater\u00edas de carga desatendidas<\/li>\n<li>LOS DISTRIBUIDORES DEBEN ENVIAR TODAS LAS ADVERTENCIAS A TODOS LOS CLIENTES PARA SU REFERENCIA Y SEGURIDAD<\/li>\n<\/ul>\n","protected":false},"excerpt":{"rendered":"<p>Bater\u00eda Samsung 30T 21700 3000mAh 35A &#8211; INR21700-30T<\/p>\n","protected":false},"featured_media":254911,"comment_status":"open","ping_status":"closed","template":"","meta":{"_acf_changed":false,"_uag_custom_page_level_css":"","site-sidebar-layout":"default","site-content-layout":"default","ast-site-content-layout":"default","site-content-style":"default","site-sidebar-style":"default","ast-global-header-display":"","ast-banner-title-visibility":"","ast-main-header-display":"","ast-hfb-above-header-display":"","ast-hfb-below-header-display":"","ast-hfb-mobile-header-display":"","site-post-title":"","ast-breadcrumbs-content":"","ast-featured-img":"","footer-sml-layout":"","ast-disable-related-posts":"","theme-transparent-header-meta":"default","adv-header-id-meta":"","stick-header-meta":"default","header-above-stick-meta":"","header-main-stick-meta":"","header-below-stick-meta":"","astra-migrate-meta-layouts":"default","ast-page-background-enabled":"default","ast-page-background-meta":{"desktop":{"background-color":"","background-image":"","background-repeat":"repeat","background-position":"center center","background-size":"auto","background-attachment":"scroll","background-type":"","background-media":"","overlay-type":"","overlay-color":"","overlay-opacity":"","overlay-gradient":""},"tablet":{"background-color":"","background-image":"","background-repeat":"repeat","background-position":"center center","background-size":"auto","background-attachment":"scroll","background-type":"","background-media":"","overlay-type":"","overlay-color":"","overlay-opacity":"","overlay-gradient":""},"mobile":{"background-color":"","background-image":"","background-repeat":"repeat","background-position":"center center","background-size":"auto","background-attachment":"scroll","background-type":"","background-media":"","overlay-type":"","overlay-color":"","overlay-opacity":"","overlay-gradient":""}},"ast-content-background-meta":{"desktop":{"background-color":"var(--ast-global-color-5)","background-image":"","background-repeat":"repeat","background-position":"center center","background-size":"auto","background-attachment":"scroll","background-type":"","background-media":"","overlay-type":"","overlay-color":"","overlay-opacity":"","overlay-gradient":""},"tablet":{"background-color":"var(--ast-global-color-5)","background-image":"","background-repeat":"repeat","background-position":"center center","background-size":"auto","background-attachment":"scroll","background-type":"","background-media":"","overlay-type":"","overlay-color":"","overlay-opacity":"","overlay-gradient":""},"mobile":{"background-color":"var(--ast-global-color-5)","background-image":"","background-repeat":"repeat","background-position":"center center","background-size":"auto","background-attachment":"scroll","background-type":"","background-media":"","overlay-type":"","overlay-color":"","overlay-opacity":"","overlay-gradient":""}}},"product_brand":[],"product_cat":[2386,2177,3352,2530],"product_tag":[],"class_list":{"0":"post-381845","1":"product","2":"type-product","3":"status-publish","4":"has-post-thumbnail","6":"product_cat-21700-es","7":"product_cat-celdas-de-la-bateria","8":"product_cat-samsung-es-2","9":"product_cat-shop-by-brand-es","10":"product_shipping_class-batteries-es","11":"desktop-align-center","12":"tablet-align-center","13":"mobile-align-center","14":"ast-product-gallery-layout-horizontal-slider","15":"ast-product-gallery-with-no-image","16":"ast-product-tabs-layout-horizontal","18":"first","19":"instock","20":"sale","21":"taxable","22":"shipping-taxable","23":"purchasable","24":"product-type-simple"},"acf":[],"uagb_featured_image_src":{"full":["https:\/\/justvape.nu\/wp-content\/uploads\/2018\/09\/1_175.jpg",800,800,false],"thumbnail":["https:\/\/justvape.nu\/wp-content\/uploads\/2018\/09\/1_175-150x150.jpg",150,150,true],"medium":["https:\/\/justvape.nu\/wp-content\/uploads\/2018\/09\/1_175-300x300.jpg",300,300,true],"medium_large":["https:\/\/justvape.nu\/wp-content\/uploads\/2018\/09\/1_175-768x768.jpg",768,768,true],"large":["https:\/\/justvape.nu\/wp-content\/uploads\/2018\/09\/1_175.jpg",800,800,false],"1536x1536":["https:\/\/justvape.nu\/wp-content\/uploads\/2018\/09\/1_175.jpg",800,800,false],"2048x2048":["https:\/\/justvape.nu\/wp-content\/uploads\/2018\/09\/1_175.jpg",800,800,false],"woocommerce_thumbnail":["https:\/\/justvape.nu\/wp-content\/uploads\/2018\/09\/1_175-300x300.jpg",300,300,true],"woocommerce_single":["https:\/\/justvape.nu\/wp-content\/uploads\/2018\/09\/1_175-600x600.jpg",600,600,true],"woocommerce_gallery_thumbnail":["https:\/\/justvape.nu\/wp-content\/uploads\/2018\/09\/1_175-100x100.jpg",100,100,true],"dgwt-wcas-product-suggestion":["https:\/\/justvape.nu\/wp-content\/uploads\/2018\/09\/1_175-64x64.jpg",64,64,true]},"uagb_author_info":{"display_name":"JustVape.nu","author_link":"https:\/\/justvape.nu\/es\/author\/"},"uagb_comment_info":0,"uagb_excerpt":"Bater\u00eda Samsung 30T 21700 3000mAh 35A - INR21700-30T","_links":{"self":[{"href":"https:\/\/justvape.nu\/es\/wp-json\/wp\/v2\/product\/381845","targetHints":{"allow":["GET"]}}],"collection":[{"href":"https:\/\/justvape.nu\/es\/wp-json\/wp\/v2\/product"}],"about":[{"href":"https:\/\/justvape.nu\/es\/wp-json\/wp\/v2\/types\/product"}],"replies":[{"embeddable":true,"href":"https:\/\/justvape.nu\/es\/wp-json\/wp\/v2\/comments?post=381845"}],"wp:featuredmedia":[{"embeddable":true,"href":"https:\/\/justvape.nu\/es\/wp-json\/wp\/v2\/media\/254911"}],"wp:attachment":[{"href":"https:\/\/justvape.nu\/es\/wp-json\/wp\/v2\/media?parent=381845"}],"wp:term":[{"taxonomy":"product_brand","embeddable":true,"href":"https:\/\/justvape.nu\/es\/wp-json\/wp\/v2\/product_brand?post=381845"},{"taxonomy":"product_cat","embeddable":true,"href":"https:\/\/justvape.nu\/es\/wp-json\/wp\/v2\/product_cat?post=381845"},{"taxonomy":"product_tag","embeddable":true,"href":"https:\/\/justvape.nu\/es\/wp-json\/wp\/v2\/product_tag?post=381845"}],"curies":[{"name":"wp","href":"https:\/\/api.w.org\/{rel}","templated":true}]}}