{"id":381725,"date":"2018-08-29T20:44:37","date_gmt":"2018-08-29T18:44:37","guid":{"rendered":"https:\/\/www.justvape.nu\/produkt\/uwell-corona-3-bobinas-4-piezas\/"},"modified":"2024-12-17T20:34:31","modified_gmt":"2024-12-17T19:34:31","slug":"uwell-corona-3-bobinas-4-stk","status":"publish","type":"product","link":"https:\/\/justvape.nu\/es\/produkt\/uwell-corona-3-bobinas-4-stk\/","title":{"rendered":"UWELL Crown 3 Coils 4 Pcs"},"content":{"rendered":"<h2>UWELL Crown 3 Coils 4 Pcs<\/h2>\n<p>S\u00faper bobinas hasta Crown III Tanken.<\/p>\n<p>El sistema de serpent\u00edn Crown 3 se ha optimizado para lograr el equilibrio perfecto entre la producci\u00f3n de vapor y sabor. Adoptando una estructura de bobina paralela junto con un conveniente mecanismo de enchufe y extracci\u00f3n para un proceso de reemplazo r\u00e1pido y f\u00e1cil.<\/p>\n<p>La bobina de malla UN2 de resistencia de 0.23ohm, admite una potencia de 65-75W, brindando un sabor agradable y nubes masivas.<\/p>\n<p>Las bobinas paralelas Crown 3 SUS316 de 0,25 ohmios presentan un rango de potencia de 80 a 90 vatios.<\/p>\n<p>La bobina Crown 3 de 0.4 ohmios todav\u00eda usa la misma carcasa SUS316 pero usa un n\u00facleo A1 Kanthal para el cable. La bobina Crown 3 de 0,4 ohmios presenta un rango de potencia de 55 a 65 vatios.<\/p>\n<p>Las bobinas Crown 3 SUS316 de 0,5 ohmios tienen un rango de potencia de 70 a 80 vatios.<\/p>\n<p>&nbsp;<\/p>\n<p class=\"p1\"><span class=\"s1\"><b>Especificaciones de la bobina:<\/b><\/span><\/p>\n<ul class=\"ul1\">\n<li>4 bobinas en cada paquete<\/li>\n<li>\n \t<\/li>\n<li>Bobina de 0,25 ohmios<\/li>\n<li><span class=\"s1\">80 a 90W<\/span><\/li>\n<li><span class=\"s1\">Bobina paralela SUS316<\/span><\/li>\n<li>\n \t<\/li>\n<li><span class=\"s1\">Bobina de 0,4 ohmios<\/span><\/li>\n<li><span class=\"s1\">Bobina Kanthal A1<\/span><\/li>\n<li><span class=\"s1\">55 a 65 W<\/span><\/li>\n<li>\n \t<\/li>\n<li><span class=\"s1\">Bobina de 0,5 ohmios<\/span><\/li>\n<li><span class=\"s1\">70 a 80W<\/span><\/li>\n<li><span class=\"s1\">Bobina paralela SUS316<\/span><\/li>\n<\/ul>\n","protected":false},"excerpt":{"rendered":"<p>UWELL Crown 3 Coils 4 Stk<\/p>\n","protected":false},"featured_media":666479,"comment_status":"open","ping_status":"closed","template":"","meta":{"_acf_changed":false,"_uag_custom_page_level_css":"","site-sidebar-layout":"default","site-content-layout":"default","ast-site-content-layout":"default","site-content-style":"default","site-sidebar-style":"default","ast-global-header-display":"","ast-banner-title-visibility":"","ast-main-header-display":"","ast-hfb-above-header-display":"","ast-hfb-below-header-display":"","ast-hfb-mobile-header-display":"","site-post-title":"","ast-breadcrumbs-content":"","ast-featured-img":"","footer-sml-layout":"","ast-disable-related-posts":"","theme-transparent-header-meta":"default","adv-header-id-meta":"","stick-header-meta":"default","header-above-stick-meta":"","header-main-stick-meta":"","header-below-stick-meta":"","astra-migrate-meta-layouts":"default","ast-page-background-enabled":"default","ast-page-background-meta":{"desktop":{"background-color":"","background-image":"","background-repeat":"repeat","background-position":"center center","background-size":"auto","background-attachment":"scroll","background-type":"","background-media":"","overlay-type":"","overlay-color":"","overlay-opacity":"","overlay-gradient":""},"tablet":{"background-color":"","background-image":"","background-repeat":"repeat","background-position":"center center","background-size":"auto","background-attachment":"scroll","background-type":"","background-media":"","overlay-type":"","overlay-color":"","overlay-opacity":"","overlay-gradient":""},"mobile":{"background-color":"","background-image":"","background-repeat":"repeat","background-position":"center center","background-size":"auto","background-attachment":"scroll","background-type":"","background-media":"","overlay-type":"","overlay-color":"","overlay-opacity":"","overlay-gradient":""}},"ast-content-background-meta":{"desktop":{"background-color":"var(--ast-global-color-5)","background-image":"","background-repeat":"repeat","background-position":"center center","background-size":"auto","background-attachment":"scroll","background-type":"","background-media":"","overlay-type":"","overlay-color":"","overlay-opacity":"","overlay-gradient":""},"tablet":{"background-color":"var(--ast-global-color-5)","background-image":"","background-repeat":"repeat","background-position":"center center","background-size":"auto","background-attachment":"scroll","background-type":"","background-media":"","overlay-type":"","overlay-color":"","overlay-opacity":"","overlay-gradient":""},"mobile":{"background-color":"var(--ast-global-color-5)","background-image":"","background-repeat":"repeat","background-position":"center center","background-size":"auto","background-attachment":"scroll","background-type":"","background-media":"","overlay-type":"","overlay-color":"","overlay-opacity":"","overlay-gradient":""}}},"product_brand":[],"product_cat":[2063,1983,3431],"product_tag":[],"class_list":{"0":"post-381725","1":"product","2":"type-product","3":"status-publish","4":"has-post-thumbnail","6":"product_cat-bobinas-vainas","7":"product_cat-tanques-y-bobinas","8":"product_cat-uwell-es","9":"desktop-align-center","10":"tablet-align-center","11":"mobile-align-center","12":"ast-product-gallery-layout-horizontal-slider","13":"ast-product-gallery-with-no-image","14":"ast-product-single-variable","15":"ast-product-tabs-layout-horizontal","17":"first","18":"instock","19":"sale","20":"taxable","21":"shipping-taxable","22":"purchasable","23":"product-type-variable"},"acf":[],"uagb_featured_image_src":{"full":["https:\/\/justvape.nu\/wp-content\/uploads\/2018\/08\/uwell_crown_iii_sub_ohm_tank_replacement_coil.webp",600,600,false],"thumbnail":["https:\/\/justvape.nu\/wp-content\/uploads\/2018\/08\/uwell_crown_iii_sub_ohm_tank_replacement_coil-150x150.webp",150,150,true],"medium":["https:\/\/justvape.nu\/wp-content\/uploads\/2018\/08\/uwell_crown_iii_sub_ohm_tank_replacement_coil-300x300.webp",300,300,true],"medium_large":["https:\/\/justvape.nu\/wp-content\/uploads\/2018\/08\/uwell_crown_iii_sub_ohm_tank_replacement_coil.webp",600,600,false],"large":["https:\/\/justvape.nu\/wp-content\/uploads\/2018\/08\/uwell_crown_iii_sub_ohm_tank_replacement_coil.webp",600,600,false],"1536x1536":["https:\/\/justvape.nu\/wp-content\/uploads\/2018\/08\/uwell_crown_iii_sub_ohm_tank_replacement_coil.webp",600,600,false],"2048x2048":["https:\/\/justvape.nu\/wp-content\/uploads\/2018\/08\/uwell_crown_iii_sub_ohm_tank_replacement_coil.webp",600,600,false],"woocommerce_thumbnail":["https:\/\/justvape.nu\/wp-content\/uploads\/2018\/08\/uwell_crown_iii_sub_ohm_tank_replacement_coil-300x300.webp",300,300,true],"woocommerce_single":["https:\/\/justvape.nu\/wp-content\/uploads\/2018\/08\/uwell_crown_iii_sub_ohm_tank_replacement_coil.webp",600,600,false],"woocommerce_gallery_thumbnail":["https:\/\/justvape.nu\/wp-content\/uploads\/2018\/08\/uwell_crown_iii_sub_ohm_tank_replacement_coil-100x100.webp",100,100,true],"dgwt-wcas-product-suggestion":["https:\/\/justvape.nu\/wp-content\/uploads\/2018\/08\/uwell_crown_iii_sub_ohm_tank_replacement_coil-64x64.webp",64,64,true]},"uagb_author_info":{"display_name":"JustVape.nu","author_link":"https:\/\/justvape.nu\/es\/author\/"},"uagb_comment_info":0,"uagb_excerpt":"UWELL Crown 3 Coils 4 Stk","_links":{"self":[{"href":"https:\/\/justvape.nu\/es\/wp-json\/wp\/v2\/product\/381725","targetHints":{"allow":["GET"]}}],"collection":[{"href":"https:\/\/justvape.nu\/es\/wp-json\/wp\/v2\/product"}],"about":[{"href":"https:\/\/justvape.nu\/es\/wp-json\/wp\/v2\/types\/product"}],"replies":[{"embeddable":true,"href":"https:\/\/justvape.nu\/es\/wp-json\/wp\/v2\/comments?post=381725"}],"wp:featuredmedia":[{"embeddable":true,"href":"https:\/\/justvape.nu\/es\/wp-json\/wp\/v2\/media\/666479"}],"wp:attachment":[{"href":"https:\/\/justvape.nu\/es\/wp-json\/wp\/v2\/media?parent=381725"}],"wp:term":[{"taxonomy":"product_brand","embeddable":true,"href":"https:\/\/justvape.nu\/es\/wp-json\/wp\/v2\/product_brand?post=381725"},{"taxonomy":"product_cat","embeddable":true,"href":"https:\/\/justvape.nu\/es\/wp-json\/wp\/v2\/product_cat?post=381725"},{"taxonomy":"product_tag","embeddable":true,"href":"https:\/\/justvape.nu\/es\/wp-json\/wp\/v2\/product_tag?post=381725"}],"curies":[{"name":"wp","href":"https:\/\/api.w.org\/{rel}","templated":true}]}}